{"id":50952,"date":"2024-10-15T06:44:19","date_gmt":"2024-10-15T06:44:19","guid":{"rendered":"https:\/\/e-mazzoni.it\/prodotto\/ph2000-semiprofessional\/"},"modified":"2026-05-02T02:02:38","modified_gmt":"2026-05-02T02:02:38","slug":"ph2000-semiprofessional","status":"publish","type":"product","link":"https:\/\/e-mazzoni.it\/ru\/\u043f\u0440\u043e\u0434\u0443\u043a\u0442\/ph2000-semiprofessional\/","title":{"rendered":"PH2000 SEMIPROFESSIONAL"},"content":{"rendered":"<p>P\u00f3\u0142profesjonalny myjka wysokoci\u015bnieniowa. Kompaktowy, \u0142atwy w obs\u0142udze, idealny na ka\u017cd\u0105 potrzeb\u0119 czyszczenia na zewn\u0105trz, wszechstronny i o wysokiej wydajno\u015bci.<\/p>\n<p>CHARAKTERYSTYKA TECHNICZNA<\/p>\n<p>Bezobs\u0142ugowy asynchroniczny silnik elektryczny (bezszczotkowy) Ci\u0105g\u0142a obs\u0142uga serii MEC, S1 ze zintegrowan\u0105 ochron\u0105 termiczn\u0105 na uzwojeniach<br \/>\nP\u00f3\u0142profesjonalna pompa osiowa z mosi\u0119\u017cn\u0105 g\u0142owic\u0105 i trzema stalowymi t\u0142okami z ceramicznym wype\u0142nieniem<br \/>\nKabel elektryczny 5 mt.<br \/>\nAutomatyczny zaw\u00f3r obej\u015bciowy<br \/>\nW\u0105\u017c wysokoci\u015bnieniowy 8 m<br \/>\nLanca ze stali nierdzewnej atermica z automatycznym pistoletem i szybkim mocowaniem do akcesori\u00f3w<br \/>\nRegulowana g\u0142owica z hartowan\u0105 dysz\u0105 stalow\u0105 i zasysaniem do czyszczenia pod niskim ci\u015bnieniem<br \/>\nTermostat do kontroli temperatury wody<br \/>\nKocio\u0142 z cewk\u0105 w rurze stalowej i palnikiem bezpiecze\u0144stwa na wypadek braku wody<br \/>\nOlej nap\u0119dowy z kontrol\u0105 poziomu p\u0142ywaka<br \/>\nPompa wysokopr\u0119\u017cna przeciwdrgawkowa<br \/>\nSystem TSD<br \/>\nZbiornik czyszcz\u0105cy 8 l<br \/>\nZbiornik oleju nap\u0119dowego 18 l<\/p>\n<div>\n<table style=\"width: 100%\" border=\"1\" id=\"table_options\">\n<tbody>\n<tr>\n<th style=\"color: #fff\" bgcolor=\"#ea2833\">PART NUMBER<\/th>\n<th style=\"color: #fff\" bgcolor=\"#ea2833\">MODEL<\/th>\n<th style=\"color: #fff\" bgcolor=\"#ea2833\">L\/MIN &#8211; 1450 RPM<\/th>\n<th style=\"color: #fff\" bgcolor=\"#ea2833\">GPM &#8211; 1450 RPM<\/th>\n<th style=\"color: #fff\" bgcolor=\"#ea2833\">BAR<\/th>\n<th style=\"color: #fff\" bgcolor=\"#ea2833\">PSI<\/th>\n<th style=\"color: #fff\" bgcolor=\"#ea2833\">RPM 50 HZ<\/th>\n<th style=\"color: #fff\" bgcolor=\"#ea2833\">HP<\/th>\n<th style=\"color: #fff\" bgcolor=\"#ea2833\">KW<\/th>\n<th style=\"color: #fff\" bgcolor=\"#ea2833\">VOLTS<\/th>\n<th style=\"color: #fff\" bgcolor=\"#ea2833\">Hz<\/th>\n<th style=\"color: #fff\" bgcolor=\"#ea2833\">PHASE<\/th>\n<th style=\"color: #fff\" bgcolor=\"#ea2833\">A 50 HZ<\/th>\n<th style=\"color: #fff\" bgcolor=\"#ea2833\">WATER NOZZLE<\/th>\n<th style=\"color: #fff\" bgcolor=\"#ea2833\">KCAL\/H<\/th>\n<th style=\"color: #fff\" bgcolor=\"#ea2833\">DIESEL TANK<\/th>\n<th style=\"color: #fff\" bgcolor=\"#ea2833\">DIESEL TANK (GAL)<\/th>\n<th style=\"color: #fff\" bgcolor=\"#ea2833\">ANTI-LIMESCALE TANK<\/th>\n<th style=\"color: #fff\" bgcolor=\"#ea2833\">ANTI-LIMESCALE TANK (GAL)<\/th>\n<th style=\"color: #fff\" bgcolor=\"#ea2833\">DETERGENT TANK<\/th>\n<th style=\"color: #fff\" bgcolor=\"#ea2833\">DETERGENT TANK (GAL)<\/th>\n<th style=\"color: #fff\" bgcolor=\"#ea2833\">MAX OUTPUT TEMPERATURE<\/th>\n<th style=\"color: #fff\" bgcolor=\"#ea2833\">MAX OUTPUT TEMPERATURE (F)<\/th>\n<\/tr>\n<tr>\n<td align=\"center !important\">3.023.24.003N<\/td>\n<td align=\"center !important\">PH2000<\/td>\n<td align=\"center !important\">10<\/td>\n<td align=\"center !important\">2.64<\/td>\n<td align=\"center !important\">140<\/td>\n<td align=\"center !important\">2031<\/td>\n<td align=\"center !important\">2800<\/td>\n<td align=\"center !important\">3<\/td>\n<td align=\"center !important\">2,2<\/td>\n<td align=\"center !important\">230<\/td>\n<td align=\"center !important\">50<\/td>\n<td align=\"center !important\">1<\/td>\n<td align=\"center !important\">11,4<\/td>\n<td align=\"center !important\">1504<\/td>\n<td align=\"center !important\">37.000<\/td>\n<td align=\"center !important\">18L<\/td>\n<td align=\"center !important\">4,7 gal<\/td>\n<td align=\"center !important\">&#8212;<\/td>\n<td align=\"center !important\">&#8212;<\/td>\n<td align=\"center !important\">8L<\/td>\n<td align=\"center !important\">2 gal<\/td>\n<td align=\"center !important\">90\u00b0C<\/td>\n<td align=\"center !important\">194\u00b0F<\/td>\n<\/tr>\n<\/tbody>\n<\/table>\n<\/div>\n","protected":false},"excerpt":{"rendered":"<p>Jest to najmocniejszy model w\u015br\u00f3d \u015brodk\u00f3w do czyszczenia ciep\u0142ej wody z zakresu podstawowego; zaprojektowany do codziennego u\u017cytku, nawet je\u015bli nie jest intensywny, ma p\u00f3\u0142profesjonaln\u0105 pomp\u0119 z mosi\u0119\u017cn\u0105 g\u0142owic\u0105 i trzy stalowe t\u0142oki z pow\u0142ok\u0105 ceramiczn\u0105.<\/p>\n<p>Idealne do czyszczenia chrupi\u0105cego i upartego brudu, dzi\u0119ki ich ci\u015bnieniu i przep\u0142ywowi, wysokoci\u015bnieniowe \u015brodki czyszcz\u0105ce Mazzoni umo\u017cliwiaj\u0105 mycie du\u017cych powierzchni przy zmniejszonym zu\u017cyciu energii elektrycznej.<\/p>\n<p>Zalecane u\u017cycie: dom, na zewn\u0105trz, k\u0105pieliska, hotele, kluby, baseny, warsztaty samochodowe, warsztaty, malarze, instalatorzy, przemys\u0142 spo\u017cywczy, firmy sprz\u0105taj\u0105ce, ryby itp.<\/p>\n","protected":false},"featured_media":67753,"template":"","meta":{"zakra_page_container_layout":"customizer","zakra_page_sidebar_layout":"customizer","zakra_remove_content_margin":false,"zakra_sidebar":"customizer","zakra_transparent_header":"customizer","zakra_logo":0,"zakra_main_header_style":"default","zakra_menu_item_color":"","zakra_menu_item_hover_color":"","zakra_menu_item_active_color":"","zakra_menu_active_style":"","zakra_page_header":true},"product_brand":[],"product_cat":[3799],"product_tag":[3646],"class_list":{"0":"post-50952","1":"product","2":"type-product","3":"status-publish","4":"has-post-thumbnail","6":"product_cat-3799","7":"product_tag-3646","9":"first","10":"instock","11":"shipping-taxable","12":"product-type-simple"},"yoast_head":"<!-- This site is optimized with the Yoast SEO plugin v27.5 - https:\/\/yoast.com\/product\/yoast-seo-wordpress\/ -->\n<title>PH2000 SEMIPROFESSIONAL - Mazzoni<\/title>\n<meta name=\"robots\" content=\"index, follow, max-snippet:-1, max-image-preview:large, max-video-preview:-1\" \/>\n<link rel=\"canonical\" href=\"https:\/\/e-mazzoni.it\/ru\/\u043f\u0440\u043e\u0434\u0443\u043a\u0442\/ph2000-semiprofessional\/\" \/>\n<meta property=\"og:locale\" content=\"ru_RU\" \/>\n<meta property=\"og:type\" content=\"article\" \/>\n<meta property=\"og:title\" content=\"PH2000 SEMIPROFESSIONAL - Mazzoni\" \/>\n<meta property=\"og:description\" content=\"Jest to najmocniejszy model w\u015br\u00f3d \u015brodk\u00f3w do czyszczenia ciep\u0142ej wody z zakresu podstawowego; zaprojektowany do codziennego u\u017cytku, nawet je\u015bli nie jest intensywny, ma p\u00f3\u0142profesjonaln\u0105 pomp\u0119 z mosi\u0119\u017cn\u0105 g\u0142owic\u0105 i trzy stalowe t\u0142oki z pow\u0142ok\u0105 ceramiczn\u0105. Idealne do czyszczenia chrupi\u0105cego i upartego brudu, dzi\u0119ki ich ci\u015bnieniu i przep\u0142ywowi, wysokoci\u015bnieniowe \u015brodki czyszcz\u0105ce Mazzoni umo\u017cliwiaj\u0105 mycie du\u017cych powierzchni przy zmniejszonym zu\u017cyciu energii elektrycznej.   Zalecane u\u017cycie: dom, na zewn\u0105trz, k\u0105pieliska, hotele, kluby, baseny, warsztaty samochodowe, warsztaty, malarze, instalatorzy, przemys\u0142 spo\u017cywczy, firmy sprz\u0105taj\u0105ce, ryby itp.\" \/>\n<meta property=\"og:url\" content=\"https:\/\/e-mazzoni.it\/ru\/\u043f\u0440\u043e\u0434\u0443\u043a\u0442\/ph2000-semiprofessional\/\" \/>\n<meta property=\"og:site_name\" content=\"Mazzoni\" \/>\n<meta property=\"article:modified_time\" content=\"2026-05-02T02:02:38+00:00\" \/>\n<meta property=\"og:image\" content=\"https:\/\/e-mazzoni.it\/wp-content\/uploads\/2026\/04\/DOC4709177894.jpg\" \/>\n\t<meta property=\"og:image:width\" content=\"800\" \/>\n\t<meta property=\"og:image:height\" content=\"800\" \/>\n\t<meta property=\"og:image:type\" content=\"image\/jpeg\" \/>\n<meta name=\"twitter:card\" content=\"summary_large_image\" \/>\n<meta name=\"twitter:label1\" content=\"\u041f\u0440\u0438\u043c\u0435\u0440\u043d\u043e\u0435 \u0432\u0440\u0435\u043c\u044f \u0434\u043b\u044f \u0447\u0442\u0435\u043d\u0438\u044f\" \/>\n\t<meta name=\"twitter:data1\" content=\"1 \u043c\u0438\u043d\u0443\u0442\u0430\" \/>\n<!-- \/ Yoast SEO plugin. -->","yoast_head_json":{"title":"PH2000 SEMIPROFESSIONAL - Mazzoni","robots":{"index":"index","follow":"follow","max-snippet":"max-snippet:-1","max-image-preview":"max-image-preview:large","max-video-preview":"max-video-preview:-1"},"canonical":"https:\/\/e-mazzoni.it\/ru\/\u043f\u0440\u043e\u0434\u0443\u043a\u0442\/ph2000-semiprofessional\/","og_locale":"ru_RU","og_type":"article","og_title":"PH2000 SEMIPROFESSIONAL - Mazzoni","og_description":"Jest to najmocniejszy model w\u015br\u00f3d \u015brodk\u00f3w do czyszczenia ciep\u0142ej wody z zakresu podstawowego; zaprojektowany do codziennego u\u017cytku, nawet je\u015bli nie jest intensywny, ma p\u00f3\u0142profesjonaln\u0105 pomp\u0119 z mosi\u0119\u017cn\u0105 g\u0142owic\u0105 i trzy stalowe t\u0142oki z pow\u0142ok\u0105 ceramiczn\u0105. Idealne do czyszczenia chrupi\u0105cego i upartego brudu, dzi\u0119ki ich ci\u015bnieniu i przep\u0142ywowi, wysokoci\u015bnieniowe \u015brodki czyszcz\u0105ce Mazzoni umo\u017cliwiaj\u0105 mycie du\u017cych powierzchni przy zmniejszonym zu\u017cyciu energii elektrycznej.   Zalecane u\u017cycie: dom, na zewn\u0105trz, k\u0105pieliska, hotele, kluby, baseny, warsztaty samochodowe, warsztaty, malarze, instalatorzy, przemys\u0142 spo\u017cywczy, firmy sprz\u0105taj\u0105ce, ryby itp.","og_url":"https:\/\/e-mazzoni.it\/ru\/\u043f\u0440\u043e\u0434\u0443\u043a\u0442\/ph2000-semiprofessional\/","og_site_name":"Mazzoni","article_modified_time":"2026-05-02T02:02:38+00:00","og_image":[{"width":800,"height":800,"url":"https:\/\/e-mazzoni.it\/wp-content\/uploads\/2026\/04\/DOC4709177894.jpg","type":"image\/jpeg"}],"twitter_card":"summary_large_image","twitter_misc":{"\u041f\u0440\u0438\u043c\u0435\u0440\u043d\u043e\u0435 \u0432\u0440\u0435\u043c\u044f \u0434\u043b\u044f \u0447\u0442\u0435\u043d\u0438\u044f":"1 \u043c\u0438\u043d\u0443\u0442\u0430"},"schema":{"@context":"https:\/\/schema.org","@graph":[{"@type":"WebPage","@id":"https:\/\/e-mazzoni.it\/ru\/\u043f\u0440\u043e\u0434\u0443\u043a\u0442\/ph2000-semiprofessional\/","url":"https:\/\/e-mazzoni.it\/ru\/\u043f\u0440\u043e\u0434\u0443\u043a\u0442\/ph2000-semiprofessional\/","name":"PH2000 SEMIPROFESSIONAL - Mazzoni","isPartOf":{"@id":"https:\/\/e-mazzoni.it\/ru\/#website"},"primaryImageOfPage":{"@id":"https:\/\/e-mazzoni.it\/ru\/\u043f\u0440\u043e\u0434\u0443\u043a\u0442\/ph2000-semiprofessional\/#primaryimage"},"image":{"@id":"https:\/\/e-mazzoni.it\/ru\/\u043f\u0440\u043e\u0434\u0443\u043a\u0442\/ph2000-semiprofessional\/#primaryimage"},"thumbnailUrl":"https:\/\/e-mazzoni.it\/wp-content\/uploads\/2026\/04\/DOC4709177894.jpg","datePublished":"2024-10-15T06:44:19+00:00","dateModified":"2026-05-02T02:02:38+00:00","breadcrumb":{"@id":"https:\/\/e-mazzoni.it\/ru\/\u043f\u0440\u043e\u0434\u0443\u043a\u0442\/ph2000-semiprofessional\/#breadcrumb"},"inLanguage":"ru-RU","potentialAction":[{"@type":"ReadAction","target":["https:\/\/e-mazzoni.it\/ru\/\u043f\u0440\u043e\u0434\u0443\u043a\u0442\/ph2000-semiprofessional\/"]}]},{"@type":"ImageObject","inLanguage":"ru-RU","@id":"https:\/\/e-mazzoni.it\/ru\/\u043f\u0440\u043e\u0434\u0443\u043a\u0442\/ph2000-semiprofessional\/#primaryimage","url":"https:\/\/e-mazzoni.it\/wp-content\/uploads\/2026\/04\/DOC4709177894.jpg","contentUrl":"https:\/\/e-mazzoni.it\/wp-content\/uploads\/2026\/04\/DOC4709177894.jpg","width":800,"height":800},{"@type":"BreadcrumbList","@id":"https:\/\/e-mazzoni.it\/ru\/\u043f\u0440\u043e\u0434\u0443\u043a\u0442\/ph2000-semiprofessional\/#breadcrumb","itemListElement":[{"@type":"ListItem","position":1,"name":"Home","item":"https:\/\/e-mazzoni.it\/ru\/"},{"@type":"ListItem","position":2,"name":"\u041f\u0440\u043e\u0434\u0443\u043a\u0442\u044b","item":"https:\/\/e-mazzoni.it\/ru\/%d0%bf%d1%80%d0%be%d0%b4%d1%83%d0%ba%d1%82%d1%8b\/"},{"@type":"ListItem","position":3,"name":"PH2000 SEMIPROFESSIONAL"}]},{"@type":"WebSite","@id":"https:\/\/e-mazzoni.it\/ru\/#website","url":"https:\/\/e-mazzoni.it\/ru\/","name":"Mazzoni","description":"Mazzoni","publisher":{"@id":"https:\/\/e-mazzoni.it\/ru\/#organization"},"potentialAction":[{"@type":"SearchAction","target":{"@type":"EntryPoint","urlTemplate":"https:\/\/e-mazzoni.it\/ru\/?s={search_term_string}"},"query-input":{"@type":"PropertyValueSpecification","valueRequired":true,"valueName":"search_term_string"}}],"inLanguage":"ru-RU"},{"@type":"Organization","@id":"https:\/\/e-mazzoni.it\/ru\/#organization","name":"Mazzoni","url":"https:\/\/e-mazzoni.it\/ru\/","logo":{"@type":"ImageObject","inLanguage":"ru-RU","@id":"https:\/\/e-mazzoni.it\/ru\/#\/schema\/logo\/image\/","url":"https:\/\/e-mazzoni.it\/wp-content\/uploads\/2023\/07\/logo.png","contentUrl":"https:\/\/e-mazzoni.it\/wp-content\/uploads\/2023\/07\/logo.png","width":250,"height":109,"caption":"Mazzoni"},"image":{"@id":"https:\/\/e-mazzoni.it\/ru\/#\/schema\/logo\/image\/"}}]}},"_links":{"self":[{"href":"https:\/\/e-mazzoni.it\/ru\/wp-json\/wp\/v2\/product\/50952","targetHints":{"allow":["GET"]}}],"collection":[{"href":"https:\/\/e-mazzoni.it\/ru\/wp-json\/wp\/v2\/product"}],"about":[{"href":"https:\/\/e-mazzoni.it\/ru\/wp-json\/wp\/v2\/types\/product"}],"wp:featuredmedia":[{"embeddable":true,"href":"https:\/\/e-mazzoni.it\/ru\/wp-json\/wp\/v2\/media\/67753"}],"wp:attachment":[{"href":"https:\/\/e-mazzoni.it\/ru\/wp-json\/wp\/v2\/media?parent=50952"}],"wp:term":[{"taxonomy":"product_brand","embeddable":true,"href":"https:\/\/e-mazzoni.it\/ru\/wp-json\/wp\/v2\/product_brand?post=50952"},{"taxonomy":"product_cat","embeddable":true,"href":"https:\/\/e-mazzoni.it\/ru\/wp-json\/wp\/v2\/product_cat?post=50952"},{"taxonomy":"product_tag","embeddable":true,"href":"https:\/\/e-mazzoni.it\/ru\/wp-json\/wp\/v2\/product_tag?post=50952"}],"curies":[{"name":"wp","href":"https:\/\/api.w.org\/{rel}","templated":true}]}}