{"id":50926,"date":"2024-10-15T06:58:25","date_gmt":"2024-10-15T06:58:25","guid":{"rendered":"https:\/\/e-mazzoni.it\/prodotto\/%d0%ba%d0%be%d0%bc%d0%bf%d0%bb%d0%b5%d0%ba%d1%82-%d0%bf%d0%be%d1%80%d1%88%d0%bd%d0%b5%d0%b9\/"},"modified":"2026-04-27T03:14:25","modified_gmt":"2026-04-27T03:14:25","slug":"%d0%ba%d0%be%d0%bc%d0%bf%d0%bb%d0%b5%d0%ba%d1%82-%d0%bf%d0%be%d1%80%d1%88%d0%bd%d0%b5%d0%b9","status":"publish","type":"product","link":"https:\/\/e-mazzoni.it\/ru\/\u043f\u0440\u043e\u0434\u0443\u043a\u0442\/%d0%ba%d0%be%d0%bc%d0%bf%d0%bb%d0%b5%d0%ba%d1%82-%d0%bf%d0%be%d1%80%d1%88%d0%bd%d0%b5%d0%b9\/","title":{"rendered":"\u041a\u041e\u041c\u041f\u041b\u0415\u041a\u0422 \u041f\u041e\u0420\u0428\u041d\u0415\u0419"},"content":{"rendered":"<div>\n<table style=\"width: 100%\" border=\"1\" id=\"table_options\">\n<tbody>\n<tr>\n<th style=\"color: #fff\" bgcolor=\"#ea2833\">PART NUMBER<\/th>\n<th style=\"color: #fff\" bgcolor=\"#ea2833\">MODEL<\/th>\n<\/tr>\n<tr>\n<td>P9.004.002<\/td>\n<td>PISTON D.8 PUMP PM\/TPM\/PM CW\/PM-HY<\/td>\n<\/tr>\n<tr>\n<td>P9.004.021<\/td>\n<td>PISTONE \u00f814 POMPA PM &#8211; EDM<\/td>\n<\/tr>\n<tr>\n<td>P9.004.020<\/td>\n<td>KIT PISTONE \u00f815 POMPA MMD &#8211; EDM<\/td>\n<\/tr>\n<tr>\n<td>P9.004.023<\/td>\n<td>KIT PISTON FOR PMD<\/td>\n<\/tr>\n<tr>\n<td>P9.004.015<\/td>\n<td>PISTON KIT D.20 MMX PUMP<\/td>\n<\/tr>\n<tr>\n<td>P9.004.013<\/td>\n<td>PISTON \u00f8 20 PUMP MMD<\/td>\n<\/tr>\n<tr>\n<td>P9.004.009<\/td>\n<td>PLUNGER KIT FOR D.20 POMP GM-1<\/td>\n<\/tr>\n<tr>\n<td>P9.004.010<\/td>\n<td>PISTON D.22 PUMP GM-1<\/td>\n<\/tr>\n<tr>\n<td>P9.004.011<\/td>\n<td>PISTON D.25 PUMP GM-1<\/td>\n<\/tr>\n<tr>\n<td>P9.004.012<\/td>\n<td>PISTON D. 28 PUMP GM-1<\/td>\n<\/tr>\n<tr>\n<td>P9.004.016<\/td>\n<td>PISTONE \u00f820 POMPA GMX<\/td>\n<\/tr>\n<tr>\n<td>P9.004.017<\/td>\n<td>PISTON \u00f822 PUMP GMX<\/td>\n<\/tr>\n<tr>\n<td>P9.004.018<\/td>\n<td>PISTONE \u00f825 POMPA GMX<\/td>\n<\/tr>\n<tr>\n<td>P9.004.019<\/td>\n<td>PLUNGER FOR GMX DIAM. 28<\/td>\n<\/tr>\n<tr>\n<td>P9.004.014<\/td>\n<td>KIT PISTON \u00f816 PUMP XM-1<\/td>\n<\/tr>\n<tr>\n<td>P9.004.024<\/td>\n<td>KIT PISTON FOR LM PUMP  D.20 h70<\/td>\n<\/tr>\n<tr>\n<td>P9.004.025<\/td>\n<td>KIT PISTON  FOR LM PUMP D.30 h70<\/td>\n<\/tr>\n<tr>\n<td>P9.004.026<\/td>\n<td>KIT PISTON FOR LM PUMP D.40 h70<\/td>\n<\/tr>\n<\/tbody>\n<\/table>\n<\/div>\n","protected":false},"excerpt":{"rendered":"<p>PART NUMBER MODEL P9.004.002 PISTON D.8 PUMP PM\/TPM\/PM CW\/PM-HY P9.004.021 PISTONE \u00f814 POMPA PM &#8211; EDM P9.004.020 KIT PISTONE \u00f815 POMPA MMD &#8211; EDM P9.004.023 KIT PISTON FOR PMD P9.004.015 PISTON KIT D.20 MMX PUMP P9.004.013 PISTON \u00f8 20 PUMP MMD P9.004.009 PLUNGER KIT FOR D.20 POMP GM-1 P9.004.010 PISTON D.22 PUMP GM-1 P9.004.011 PISTON [&hellip;]<\/p>\n","protected":false},"featured_media":68693,"template":"","meta":{"zakra_page_container_layout":"customizer","zakra_page_sidebar_layout":"customizer","zakra_remove_content_margin":false,"zakra_sidebar":"customizer","zakra_transparent_header":"customizer","zakra_logo":0,"zakra_main_header_style":"default","zakra_menu_item_color":"","zakra_menu_item_hover_color":"","zakra_menu_item_active_color":"","zakra_menu_active_style":"","zakra_page_header":true},"product_brand":[],"product_cat":[3789],"product_tag":[],"class_list":{"0":"post-50926","1":"product","2":"type-product","3":"status-publish","4":"has-post-thumbnail","6":"product_cat-3789","8":"first","9":"instock","10":"shipping-taxable","11":"product-type-simple"},"yoast_head":"<!-- This site is optimized with the Yoast SEO plugin v27.5 - https:\/\/yoast.com\/product\/yoast-seo-wordpress\/ -->\n<title>\u041a\u041e\u041c\u041f\u041b\u0415\u041a\u0422 \u041f\u041e\u0420\u0428\u041d\u0415\u0419 - Mazzoni<\/title>\n<meta name=\"robots\" content=\"index, follow, max-snippet:-1, max-image-preview:large, max-video-preview:-1\" \/>\n<link rel=\"canonical\" href=\"https:\/\/e-mazzoni.it\/ru\/\u043f\u0440\u043e\u0434\u0443\u043a\u0442\/%d0%ba%d0%be%d0%bc%d0%bf%d0%bb%d0%b5%d0%ba%d1%82-%d0%bf%d0%be%d1%80%d1%88%d0%bd%d0%b5%d0%b9\/\" \/>\n<meta property=\"og:locale\" content=\"ru_RU\" \/>\n<meta property=\"og:type\" content=\"article\" \/>\n<meta property=\"og:title\" content=\"\u041a\u041e\u041c\u041f\u041b\u0415\u041a\u0422 \u041f\u041e\u0420\u0428\u041d\u0415\u0419 - Mazzoni\" \/>\n<meta property=\"og:description\" content=\"PART NUMBER MODEL P9.004.002 PISTON D.8 PUMP PM\/TPM\/PM CW\/PM-HY P9.004.021 PISTONE \u00f814 POMPA PM &#8211; EDM P9.004.020 KIT PISTONE \u00f815 POMPA MMD &#8211; EDM P9.004.023 KIT PISTON FOR PMD P9.004.015 PISTON KIT D.20 MMX PUMP P9.004.013 PISTON \u00f8 20 PUMP MMD P9.004.009 PLUNGER KIT FOR D.20 POMP GM-1 P9.004.010 PISTON D.22 PUMP GM-1 P9.004.011 PISTON [&hellip;]\" \/>\n<meta property=\"og:url\" content=\"https:\/\/e-mazzoni.it\/ru\/\u043f\u0440\u043e\u0434\u0443\u043a\u0442\/%d0%ba%d0%be%d0%bc%d0%bf%d0%bb%d0%b5%d0%ba%d1%82-%d0%bf%d0%be%d1%80%d1%88%d0%bd%d0%b5%d0%b9\/\" \/>\n<meta property=\"og:site_name\" content=\"Mazzoni\" \/>\n<meta property=\"article:modified_time\" content=\"2026-04-27T03:14:25+00:00\" \/>\n<meta property=\"og:image\" content=\"https:\/\/e-mazzoni.it\/wp-content\/uploads\/2026\/04\/DOC3382728669.jpg\" \/>\n\t<meta property=\"og:image:width\" content=\"262\" \/>\n\t<meta property=\"og:image:height\" content=\"289\" \/>\n\t<meta property=\"og:image:type\" content=\"image\/jpeg\" \/>\n<meta name=\"twitter:card\" content=\"summary_large_image\" \/>\n<meta name=\"twitter:label1\" content=\"\u041f\u0440\u0438\u043c\u0435\u0440\u043d\u043e\u0435 \u0432\u0440\u0435\u043c\u044f \u0434\u043b\u044f \u0447\u0442\u0435\u043d\u0438\u044f\" \/>\n\t<meta name=\"twitter:data1\" content=\"1 \u043c\u0438\u043d\u0443\u0442\u0430\" \/>\n<!-- \/ Yoast SEO plugin. -->","yoast_head_json":{"title":"\u041a\u041e\u041c\u041f\u041b\u0415\u041a\u0422 \u041f\u041e\u0420\u0428\u041d\u0415\u0419 - Mazzoni","robots":{"index":"index","follow":"follow","max-snippet":"max-snippet:-1","max-image-preview":"max-image-preview:large","max-video-preview":"max-video-preview:-1"},"canonical":"https:\/\/e-mazzoni.it\/ru\/\u043f\u0440\u043e\u0434\u0443\u043a\u0442\/%d0%ba%d0%be%d0%bc%d0%bf%d0%bb%d0%b5%d0%ba%d1%82-%d0%bf%d0%be%d1%80%d1%88%d0%bd%d0%b5%d0%b9\/","og_locale":"ru_RU","og_type":"article","og_title":"\u041a\u041e\u041c\u041f\u041b\u0415\u041a\u0422 \u041f\u041e\u0420\u0428\u041d\u0415\u0419 - Mazzoni","og_description":"PART NUMBER MODEL P9.004.002 PISTON D.8 PUMP PM\/TPM\/PM CW\/PM-HY P9.004.021 PISTONE \u00f814 POMPA PM &#8211; EDM P9.004.020 KIT PISTONE \u00f815 POMPA MMD &#8211; EDM P9.004.023 KIT PISTON FOR PMD P9.004.015 PISTON KIT D.20 MMX PUMP P9.004.013 PISTON \u00f8 20 PUMP MMD P9.004.009 PLUNGER KIT FOR D.20 POMP GM-1 P9.004.010 PISTON D.22 PUMP GM-1 P9.004.011 PISTON [&hellip;]","og_url":"https:\/\/e-mazzoni.it\/ru\/\u043f\u0440\u043e\u0434\u0443\u043a\u0442\/%d0%ba%d0%be%d0%bc%d0%bf%d0%bb%d0%b5%d0%ba%d1%82-%d0%bf%d0%be%d1%80%d1%88%d0%bd%d0%b5%d0%b9\/","og_site_name":"Mazzoni","article_modified_time":"2026-04-27T03:14:25+00:00","og_image":[{"width":262,"height":289,"url":"https:\/\/e-mazzoni.it\/wp-content\/uploads\/2026\/04\/DOC3382728669.jpg","type":"image\/jpeg"}],"twitter_card":"summary_large_image","twitter_misc":{"\u041f\u0440\u0438\u043c\u0435\u0440\u043d\u043e\u0435 \u0432\u0440\u0435\u043c\u044f \u0434\u043b\u044f \u0447\u0442\u0435\u043d\u0438\u044f":"1 \u043c\u0438\u043d\u0443\u0442\u0430"},"schema":{"@context":"https:\/\/schema.org","@graph":[{"@type":"WebPage","@id":"https:\/\/e-mazzoni.it\/ru\/\u043f\u0440\u043e\u0434\u0443\u043a\u0442\/%d0%ba%d0%be%d0%bc%d0%bf%d0%bb%d0%b5%d0%ba%d1%82-%d0%bf%d0%be%d1%80%d1%88%d0%bd%d0%b5%d0%b9\/","url":"https:\/\/e-mazzoni.it\/ru\/\u043f\u0440\u043e\u0434\u0443\u043a\u0442\/%d0%ba%d0%be%d0%bc%d0%bf%d0%bb%d0%b5%d0%ba%d1%82-%d0%bf%d0%be%d1%80%d1%88%d0%bd%d0%b5%d0%b9\/","name":"\u041a\u041e\u041c\u041f\u041b\u0415\u041a\u0422 \u041f\u041e\u0420\u0428\u041d\u0415\u0419 - Mazzoni","isPartOf":{"@id":"https:\/\/e-mazzoni.it\/ru\/#website"},"primaryImageOfPage":{"@id":"https:\/\/e-mazzoni.it\/ru\/\u043f\u0440\u043e\u0434\u0443\u043a\u0442\/%d0%ba%d0%be%d0%bc%d0%bf%d0%bb%d0%b5%d0%ba%d1%82-%d0%bf%d0%be%d1%80%d1%88%d0%bd%d0%b5%d0%b9\/#primaryimage"},"image":{"@id":"https:\/\/e-mazzoni.it\/ru\/\u043f\u0440\u043e\u0434\u0443\u043a\u0442\/%d0%ba%d0%be%d0%bc%d0%bf%d0%bb%d0%b5%d0%ba%d1%82-%d0%bf%d0%be%d1%80%d1%88%d0%bd%d0%b5%d0%b9\/#primaryimage"},"thumbnailUrl":"https:\/\/e-mazzoni.it\/wp-content\/uploads\/2026\/04\/DOC3382728669.jpg","datePublished":"2024-10-15T06:58:25+00:00","dateModified":"2026-04-27T03:14:25+00:00","breadcrumb":{"@id":"https:\/\/e-mazzoni.it\/ru\/\u043f\u0440\u043e\u0434\u0443\u043a\u0442\/%d0%ba%d0%be%d0%bc%d0%bf%d0%bb%d0%b5%d0%ba%d1%82-%d0%bf%d0%be%d1%80%d1%88%d0%bd%d0%b5%d0%b9\/#breadcrumb"},"inLanguage":"ru-RU","potentialAction":[{"@type":"ReadAction","target":["https:\/\/e-mazzoni.it\/ru\/\u043f\u0440\u043e\u0434\u0443\u043a\u0442\/%d0%ba%d0%be%d0%bc%d0%bf%d0%bb%d0%b5%d0%ba%d1%82-%d0%bf%d0%be%d1%80%d1%88%d0%bd%d0%b5%d0%b9\/"]}]},{"@type":"ImageObject","inLanguage":"ru-RU","@id":"https:\/\/e-mazzoni.it\/ru\/\u043f\u0440\u043e\u0434\u0443\u043a\u0442\/%d0%ba%d0%be%d0%bc%d0%bf%d0%bb%d0%b5%d0%ba%d1%82-%d0%bf%d0%be%d1%80%d1%88%d0%bd%d0%b5%d0%b9\/#primaryimage","url":"https:\/\/e-mazzoni.it\/wp-content\/uploads\/2026\/04\/DOC3382728669.jpg","contentUrl":"https:\/\/e-mazzoni.it\/wp-content\/uploads\/2026\/04\/DOC3382728669.jpg","width":262,"height":289},{"@type":"BreadcrumbList","@id":"https:\/\/e-mazzoni.it\/ru\/\u043f\u0440\u043e\u0434\u0443\u043a\u0442\/%d0%ba%d0%be%d0%bc%d0%bf%d0%bb%d0%b5%d0%ba%d1%82-%d0%bf%d0%be%d1%80%d1%88%d0%bd%d0%b5%d0%b9\/#breadcrumb","itemListElement":[{"@type":"ListItem","position":1,"name":"Home","item":"https:\/\/e-mazzoni.it\/ru\/"},{"@type":"ListItem","position":2,"name":"\u041f\u0440\u043e\u0434\u0443\u043a\u0442\u044b","item":"https:\/\/e-mazzoni.it\/ru\/%d0%bf%d1%80%d0%be%d0%b4%d1%83%d0%ba%d1%82%d1%8b\/"},{"@type":"ListItem","position":3,"name":"\u041a\u041e\u041c\u041f\u041b\u0415\u041a\u0422 \u041f\u041e\u0420\u0428\u041d\u0415\u0419"}]},{"@type":"WebSite","@id":"https:\/\/e-mazzoni.it\/ru\/#website","url":"https:\/\/e-mazzoni.it\/ru\/","name":"Mazzoni","description":"Mazzoni","publisher":{"@id":"https:\/\/e-mazzoni.it\/ru\/#organization"},"potentialAction":[{"@type":"SearchAction","target":{"@type":"EntryPoint","urlTemplate":"https:\/\/e-mazzoni.it\/ru\/?s={search_term_string}"},"query-input":{"@type":"PropertyValueSpecification","valueRequired":true,"valueName":"search_term_string"}}],"inLanguage":"ru-RU"},{"@type":"Organization","@id":"https:\/\/e-mazzoni.it\/ru\/#organization","name":"Mazzoni","url":"https:\/\/e-mazzoni.it\/ru\/","logo":{"@type":"ImageObject","inLanguage":"ru-RU","@id":"https:\/\/e-mazzoni.it\/ru\/#\/schema\/logo\/image\/","url":"https:\/\/e-mazzoni.it\/wp-content\/uploads\/2023\/07\/logo.png","contentUrl":"https:\/\/e-mazzoni.it\/wp-content\/uploads\/2023\/07\/logo.png","width":250,"height":109,"caption":"Mazzoni"},"image":{"@id":"https:\/\/e-mazzoni.it\/ru\/#\/schema\/logo\/image\/"}}]}},"_links":{"self":[{"href":"https:\/\/e-mazzoni.it\/ru\/wp-json\/wp\/v2\/product\/50926","targetHints":{"allow":["GET"]}}],"collection":[{"href":"https:\/\/e-mazzoni.it\/ru\/wp-json\/wp\/v2\/product"}],"about":[{"href":"https:\/\/e-mazzoni.it\/ru\/wp-json\/wp\/v2\/types\/product"}],"wp:featuredmedia":[{"embeddable":true,"href":"https:\/\/e-mazzoni.it\/ru\/wp-json\/wp\/v2\/media\/68693"}],"wp:attachment":[{"href":"https:\/\/e-mazzoni.it\/ru\/wp-json\/wp\/v2\/media?parent=50926"}],"wp:term":[{"taxonomy":"product_brand","embeddable":true,"href":"https:\/\/e-mazzoni.it\/ru\/wp-json\/wp\/v2\/product_brand?post=50926"},{"taxonomy":"product_cat","embeddable":true,"href":"https:\/\/e-mazzoni.it\/ru\/wp-json\/wp\/v2\/product_cat?post=50926"},{"taxonomy":"product_tag","embeddable":true,"href":"https:\/\/e-mazzoni.it\/ru\/wp-json\/wp\/v2\/product_tag?post=50926"}],"curies":[{"name":"wp","href":"https:\/\/api.w.org\/{rel}","templated":true}]}}