{"id":50922,"date":"2024-10-15T06:58:13","date_gmt":"2024-10-15T06:58:13","guid":{"rendered":"https:\/\/e-mazzoni.it\/prodotto\/%d0%ba%d0%be%d0%bc%d0%bf%d0%bb%d0%b5%d0%ba%d1%82-%d0%b4%d0%bb%d1%8f-%d1%83%d0%bf%d0%bb%d0%be%d1%82%d0%bd%d0%b5%d0%bd%d0%b8%d1%8f-%d0%b2%d0%be%d0%b4%d1%8b\/"},"modified":"2026-04-27T03:12:53","modified_gmt":"2026-04-27T03:12:53","slug":"%d0%ba%d0%be%d0%bc%d0%bf%d0%bb%d0%b5%d0%ba%d1%82-%d0%b4%d0%bb%d1%8f-%d1%83%d0%bf%d0%bb%d0%be%d1%82%d0%bd%d0%b5%d0%bd%d0%b8%d1%8f-%d0%b2%d0%be%d0%b4%d1%8b","status":"publish","type":"product","link":"https:\/\/e-mazzoni.it\/ru\/\u043f\u0440\u043e\u0434\u0443\u043a\u0442\/%d0%ba%d0%be%d0%bc%d0%bf%d0%bb%d0%b5%d0%ba%d1%82-%d0%b4%d0%bb%d1%8f-%d1%83%d0%bf%d0%bb%d0%be%d1%82%d0%bd%d0%b5%d0%bd%d0%b8%d1%8f-%d0%b2%d0%be%d0%b4%d1%8b\/","title":{"rendered":"\u041a\u041e\u041c\u041f\u041b\u0415\u041a\u0422 \u0414\u041b\u042f \u0423\u041f\u041b\u041e\u0422\u041d\u0415\u041d\u0418\u042f \u0412\u041e\u0414\u042b"},"content":{"rendered":"<div>\n<table style=\"width: 100%\" border=\"1\" id=\"table_options\">\n<tbody>\n<tr>\n<th style=\"color: #fff\" bgcolor=\"#ea2833\">PART NUMBER<\/th>\n<th style=\"color: #fff\" bgcolor=\"#ea2833\">MODEL<\/th>\n<\/tr>\n<tr>\n<td>P9.003.003<\/td>\n<td>KIT SEALS FOR PM\/PMD  PUMP PISTONS<\/td>\n<\/tr>\n<tr>\n<td>P9.003.050<\/td>\n<td>PISTON GASKETS \u00f814 PM-EDM PUMP<\/td>\n<\/tr>\n<tr>\n<td>P9.003.015<\/td>\n<td>KIT PISTON SEALS  \u00f818  TPM &#8211; HT  PUMP<\/td>\n<\/tr>\n<tr>\n<td>P9.003.055<\/td>\n<td>GUARNIZIONE PISTONE \u00f818 POMPA PM CW<\/td>\n<\/tr>\n<tr>\n<td>P9.003.025<\/td>\n<td>KIT PISTON SEALS D.20 PUMP MMD STANDARD<\/td>\n<\/tr>\n<tr>\n<td>P9.003.053<\/td>\n<td>PISTON WASHER FOR MMD CW PUMP<\/td>\n<\/tr>\n<tr>\n<td>P9.003.049<\/td>\n<td>KIT SEAL PISTONS \u00f815 MMD &#8211; EDM PUMP<\/td>\n<\/tr>\n<tr>\n<td>P9.003.017<\/td>\n<td>KIT PISTON SEALS  \u00f820  TMM PUMP<\/td>\n<\/tr>\n<tr>\n<td>P9.003.005<\/td>\n<td>SEALS KIT D.20 GM \/ GM-1 PUMP<\/td>\n<\/tr>\n<tr>\n<td>P9.003.007<\/td>\n<td>KIT COMPLETE SEALS  \u00f8 22  GM \/ GM-1 PUMP<\/td>\n<\/tr>\n<tr>\n<td>P9.003.009<\/td>\n<td>KIT PISTON SEALS  \u00f825  GM\/GM-1  PUMP<\/td>\n<\/tr>\n<tr>\n<td>P9.003.011<\/td>\n<td>KIT PISTON SEALS  \u00f828  GM + GM-1<\/td>\n<\/tr>\n<tr>\n<td>P9.003.032<\/td>\n<td>KIT PISTON SEALS D. 20 PUMP  GM HT<\/td>\n<\/tr>\n<tr>\n<td>P9.003.033<\/td>\n<td>KIT PLUNGER SEALS TGM DIM. 22<\/td>\n<\/tr>\n<tr>\n<td>P9.003.034<\/td>\n<td>KIT PISTON SEALS D.25 PUMP GM-1 HT<\/td>\n<\/tr>\n<tr>\n<td>P9.003.046<\/td>\n<td>KIT PISTON SEALS  D. 16 FOR XM PUMP<\/td>\n<\/tr>\n<tr>\n<td>P9.003.057<\/td>\n<td>KIT SEALS FOR LM  \u00f820<\/td>\n<\/tr>\n<tr>\n<td>P9.003.058<\/td>\n<td>KIT SEALS FOR LM PUMP   \u00d830<\/td>\n<\/tr>\n<tr>\n<td>P9.003.059<\/td>\n<td>KIT SEALS FOR LM PUMP  \u00d840<\/td>\n<\/tr>\n<\/tbody>\n<\/table>\n<\/div>\n","protected":false},"excerpt":{"rendered":"<p>PART NUMBER MODEL P9.003.003 KIT SEALS FOR PM\/PMD PUMP PISTONS P9.003.050 PISTON GASKETS \u00f814 PM-EDM PUMP P9.003.015 KIT PISTON SEALS \u00f818 TPM &#8211; HT PUMP P9.003.055 GUARNIZIONE PISTONE \u00f818 POMPA PM CW P9.003.025 KIT PISTON SEALS D.20 PUMP MMD STANDARD P9.003.053 PISTON WASHER FOR MMD CW PUMP P9.003.049 KIT SEAL PISTONS \u00f815 MMD &#8211; EDM [&hellip;]<\/p>\n","protected":false},"featured_media":68673,"template":"","meta":{"zakra_page_container_layout":"customizer","zakra_page_sidebar_layout":"customizer","zakra_remove_content_margin":false,"zakra_sidebar":"customizer","zakra_transparent_header":"customizer","zakra_logo":0,"zakra_main_header_style":"default","zakra_menu_item_color":"","zakra_menu_item_hover_color":"","zakra_menu_item_active_color":"","zakra_menu_active_style":"","zakra_page_header":true},"product_brand":[],"product_cat":[3789],"product_tag":[],"class_list":{"0":"post-50922","1":"product","2":"type-product","3":"status-publish","4":"has-post-thumbnail","6":"product_cat-3789","8":"first","9":"instock","10":"shipping-taxable","11":"product-type-simple"},"yoast_head":"<!-- This site is optimized with the Yoast SEO plugin v27.5 - https:\/\/yoast.com\/product\/yoast-seo-wordpress\/ -->\n<title>\u041a\u041e\u041c\u041f\u041b\u0415\u041a\u0422 \u0414\u041b\u042f \u0423\u041f\u041b\u041e\u0422\u041d\u0415\u041d\u0418\u042f \u0412\u041e\u0414\u042b - Mazzoni<\/title>\n<meta name=\"robots\" content=\"index, follow, max-snippet:-1, max-image-preview:large, max-video-preview:-1\" \/>\n<link rel=\"canonical\" href=\"https:\/\/e-mazzoni.it\/ru\/\u043f\u0440\u043e\u0434\u0443\u043a\u0442\/%d0%ba%d0%be%d0%bc%d0%bf%d0%bb%d0%b5%d0%ba%d1%82-%d0%b4%d0%bb%d1%8f-%d1%83%d0%bf%d0%bb%d0%be%d1%82%d0%bd%d0%b5%d0%bd%d0%b8%d1%8f-%d0%b2%d0%be%d0%b4%d1%8b\/\" \/>\n<meta property=\"og:locale\" content=\"ru_RU\" \/>\n<meta property=\"og:type\" content=\"article\" \/>\n<meta property=\"og:title\" content=\"\u041a\u041e\u041c\u041f\u041b\u0415\u041a\u0422 \u0414\u041b\u042f \u0423\u041f\u041b\u041e\u0422\u041d\u0415\u041d\u0418\u042f \u0412\u041e\u0414\u042b - Mazzoni\" \/>\n<meta property=\"og:description\" content=\"PART NUMBER MODEL P9.003.003 KIT SEALS FOR PM\/PMD PUMP PISTONS P9.003.050 PISTON GASKETS \u00f814 PM-EDM PUMP P9.003.015 KIT PISTON SEALS \u00f818 TPM &#8211; HT PUMP P9.003.055 GUARNIZIONE PISTONE \u00f818 POMPA PM CW P9.003.025 KIT PISTON SEALS D.20 PUMP MMD STANDARD P9.003.053 PISTON WASHER FOR MMD CW PUMP P9.003.049 KIT SEAL PISTONS \u00f815 MMD &#8211; EDM [&hellip;]\" \/>\n<meta property=\"og:url\" content=\"https:\/\/e-mazzoni.it\/ru\/\u043f\u0440\u043e\u0434\u0443\u043a\u0442\/%d0%ba%d0%be%d0%bc%d0%bf%d0%bb%d0%b5%d0%ba%d1%82-%d0%b4%d0%bb%d1%8f-%d1%83%d0%bf%d0%bb%d0%be%d1%82%d0%bd%d0%b5%d0%bd%d0%b8%d1%8f-%d0%b2%d0%be%d0%b4%d1%8b\/\" \/>\n<meta property=\"og:site_name\" content=\"Mazzoni\" \/>\n<meta property=\"article:modified_time\" content=\"2026-04-27T03:12:53+00:00\" \/>\n<meta property=\"og:image\" content=\"https:\/\/e-mazzoni.it\/wp-content\/uploads\/2026\/04\/DOC6392983003.jpg\" \/>\n\t<meta property=\"og:image:width\" content=\"217\" \/>\n\t<meta property=\"og:image:height\" content=\"242\" \/>\n\t<meta property=\"og:image:type\" content=\"image\/jpeg\" \/>\n<meta name=\"twitter:card\" content=\"summary_large_image\" \/>\n<meta name=\"twitter:label1\" content=\"\u041f\u0440\u0438\u043c\u0435\u0440\u043d\u043e\u0435 \u0432\u0440\u0435\u043c\u044f \u0434\u043b\u044f \u0447\u0442\u0435\u043d\u0438\u044f\" \/>\n\t<meta name=\"twitter:data1\" content=\"1 \u043c\u0438\u043d\u0443\u0442\u0430\" \/>\n<!-- \/ Yoast SEO plugin. -->","yoast_head_json":{"title":"\u041a\u041e\u041c\u041f\u041b\u0415\u041a\u0422 \u0414\u041b\u042f \u0423\u041f\u041b\u041e\u0422\u041d\u0415\u041d\u0418\u042f \u0412\u041e\u0414\u042b - Mazzoni","robots":{"index":"index","follow":"follow","max-snippet":"max-snippet:-1","max-image-preview":"max-image-preview:large","max-video-preview":"max-video-preview:-1"},"canonical":"https:\/\/e-mazzoni.it\/ru\/\u043f\u0440\u043e\u0434\u0443\u043a\u0442\/%d0%ba%d0%be%d0%bc%d0%bf%d0%bb%d0%b5%d0%ba%d1%82-%d0%b4%d0%bb%d1%8f-%d1%83%d0%bf%d0%bb%d0%be%d1%82%d0%bd%d0%b5%d0%bd%d0%b8%d1%8f-%d0%b2%d0%be%d0%b4%d1%8b\/","og_locale":"ru_RU","og_type":"article","og_title":"\u041a\u041e\u041c\u041f\u041b\u0415\u041a\u0422 \u0414\u041b\u042f \u0423\u041f\u041b\u041e\u0422\u041d\u0415\u041d\u0418\u042f \u0412\u041e\u0414\u042b - Mazzoni","og_description":"PART NUMBER MODEL P9.003.003 KIT SEALS FOR PM\/PMD PUMP PISTONS P9.003.050 PISTON GASKETS \u00f814 PM-EDM PUMP P9.003.015 KIT PISTON SEALS \u00f818 TPM &#8211; HT PUMP P9.003.055 GUARNIZIONE PISTONE \u00f818 POMPA PM CW P9.003.025 KIT PISTON SEALS D.20 PUMP MMD STANDARD P9.003.053 PISTON WASHER FOR MMD CW PUMP P9.003.049 KIT SEAL PISTONS \u00f815 MMD &#8211; EDM [&hellip;]","og_url":"https:\/\/e-mazzoni.it\/ru\/\u043f\u0440\u043e\u0434\u0443\u043a\u0442\/%d0%ba%d0%be%d0%bc%d0%bf%d0%bb%d0%b5%d0%ba%d1%82-%d0%b4%d0%bb%d1%8f-%d1%83%d0%bf%d0%bb%d0%be%d1%82%d0%bd%d0%b5%d0%bd%d0%b8%d1%8f-%d0%b2%d0%be%d0%b4%d1%8b\/","og_site_name":"Mazzoni","article_modified_time":"2026-04-27T03:12:53+00:00","og_image":[{"width":217,"height":242,"url":"https:\/\/e-mazzoni.it\/wp-content\/uploads\/2026\/04\/DOC6392983003.jpg","type":"image\/jpeg"}],"twitter_card":"summary_large_image","twitter_misc":{"\u041f\u0440\u0438\u043c\u0435\u0440\u043d\u043e\u0435 \u0432\u0440\u0435\u043c\u044f \u0434\u043b\u044f \u0447\u0442\u0435\u043d\u0438\u044f":"1 \u043c\u0438\u043d\u0443\u0442\u0430"},"schema":{"@context":"https:\/\/schema.org","@graph":[{"@type":"WebPage","@id":"https:\/\/e-mazzoni.it\/ru\/\u043f\u0440\u043e\u0434\u0443\u043a\u0442\/%d0%ba%d0%be%d0%bc%d0%bf%d0%bb%d0%b5%d0%ba%d1%82-%d0%b4%d0%bb%d1%8f-%d1%83%d0%bf%d0%bb%d0%be%d1%82%d0%bd%d0%b5%d0%bd%d0%b8%d1%8f-%d0%b2%d0%be%d0%b4%d1%8b\/","url":"https:\/\/e-mazzoni.it\/ru\/\u043f\u0440\u043e\u0434\u0443\u043a\u0442\/%d0%ba%d0%be%d0%bc%d0%bf%d0%bb%d0%b5%d0%ba%d1%82-%d0%b4%d0%bb%d1%8f-%d1%83%d0%bf%d0%bb%d0%be%d1%82%d0%bd%d0%b5%d0%bd%d0%b8%d1%8f-%d0%b2%d0%be%d0%b4%d1%8b\/","name":"\u041a\u041e\u041c\u041f\u041b\u0415\u041a\u0422 \u0414\u041b\u042f \u0423\u041f\u041b\u041e\u0422\u041d\u0415\u041d\u0418\u042f \u0412\u041e\u0414\u042b - Mazzoni","isPartOf":{"@id":"https:\/\/e-mazzoni.it\/ru\/#website"},"primaryImageOfPage":{"@id":"https:\/\/e-mazzoni.it\/ru\/\u043f\u0440\u043e\u0434\u0443\u043a\u0442\/%d0%ba%d0%be%d0%bc%d0%bf%d0%bb%d0%b5%d0%ba%d1%82-%d0%b4%d0%bb%d1%8f-%d1%83%d0%bf%d0%bb%d0%be%d1%82%d0%bd%d0%b5%d0%bd%d0%b8%d1%8f-%d0%b2%d0%be%d0%b4%d1%8b\/#primaryimage"},"image":{"@id":"https:\/\/e-mazzoni.it\/ru\/\u043f\u0440\u043e\u0434\u0443\u043a\u0442\/%d0%ba%d0%be%d0%bc%d0%bf%d0%bb%d0%b5%d0%ba%d1%82-%d0%b4%d0%bb%d1%8f-%d1%83%d0%bf%d0%bb%d0%be%d1%82%d0%bd%d0%b5%d0%bd%d0%b8%d1%8f-%d0%b2%d0%be%d0%b4%d1%8b\/#primaryimage"},"thumbnailUrl":"https:\/\/e-mazzoni.it\/wp-content\/uploads\/2026\/04\/DOC6392983003.jpg","datePublished":"2024-10-15T06:58:13+00:00","dateModified":"2026-04-27T03:12:53+00:00","breadcrumb":{"@id":"https:\/\/e-mazzoni.it\/ru\/\u043f\u0440\u043e\u0434\u0443\u043a\u0442\/%d0%ba%d0%be%d0%bc%d0%bf%d0%bb%d0%b5%d0%ba%d1%82-%d0%b4%d0%bb%d1%8f-%d1%83%d0%bf%d0%bb%d0%be%d1%82%d0%bd%d0%b5%d0%bd%d0%b8%d1%8f-%d0%b2%d0%be%d0%b4%d1%8b\/#breadcrumb"},"inLanguage":"ru-RU","potentialAction":[{"@type":"ReadAction","target":["https:\/\/e-mazzoni.it\/ru\/\u043f\u0440\u043e\u0434\u0443\u043a\u0442\/%d0%ba%d0%be%d0%bc%d0%bf%d0%bb%d0%b5%d0%ba%d1%82-%d0%b4%d0%bb%d1%8f-%d1%83%d0%bf%d0%bb%d0%be%d1%82%d0%bd%d0%b5%d0%bd%d0%b8%d1%8f-%d0%b2%d0%be%d0%b4%d1%8b\/"]}]},{"@type":"ImageObject","inLanguage":"ru-RU","@id":"https:\/\/e-mazzoni.it\/ru\/\u043f\u0440\u043e\u0434\u0443\u043a\u0442\/%d0%ba%d0%be%d0%bc%d0%bf%d0%bb%d0%b5%d0%ba%d1%82-%d0%b4%d0%bb%d1%8f-%d1%83%d0%bf%d0%bb%d0%be%d1%82%d0%bd%d0%b5%d0%bd%d0%b8%d1%8f-%d0%b2%d0%be%d0%b4%d1%8b\/#primaryimage","url":"https:\/\/e-mazzoni.it\/wp-content\/uploads\/2026\/04\/DOC6392983003.jpg","contentUrl":"https:\/\/e-mazzoni.it\/wp-content\/uploads\/2026\/04\/DOC6392983003.jpg","width":217,"height":242},{"@type":"BreadcrumbList","@id":"https:\/\/e-mazzoni.it\/ru\/\u043f\u0440\u043e\u0434\u0443\u043a\u0442\/%d0%ba%d0%be%d0%bc%d0%bf%d0%bb%d0%b5%d0%ba%d1%82-%d0%b4%d0%bb%d1%8f-%d1%83%d0%bf%d0%bb%d0%be%d1%82%d0%bd%d0%b5%d0%bd%d0%b8%d1%8f-%d0%b2%d0%be%d0%b4%d1%8b\/#breadcrumb","itemListElement":[{"@type":"ListItem","position":1,"name":"Home","item":"https:\/\/e-mazzoni.it\/ru\/"},{"@type":"ListItem","position":2,"name":"\u041f\u0440\u043e\u0434\u0443\u043a\u0442\u044b","item":"https:\/\/e-mazzoni.it\/ru\/%d0%bf%d1%80%d0%be%d0%b4%d1%83%d0%ba%d1%82%d1%8b\/"},{"@type":"ListItem","position":3,"name":"\u041a\u041e\u041c\u041f\u041b\u0415\u041a\u0422 \u0414\u041b\u042f \u0423\u041f\u041b\u041e\u0422\u041d\u0415\u041d\u0418\u042f \u0412\u041e\u0414\u042b"}]},{"@type":"WebSite","@id":"https:\/\/e-mazzoni.it\/ru\/#website","url":"https:\/\/e-mazzoni.it\/ru\/","name":"Mazzoni","description":"Mazzoni","publisher":{"@id":"https:\/\/e-mazzoni.it\/ru\/#organization"},"potentialAction":[{"@type":"SearchAction","target":{"@type":"EntryPoint","urlTemplate":"https:\/\/e-mazzoni.it\/ru\/?s={search_term_string}"},"query-input":{"@type":"PropertyValueSpecification","valueRequired":true,"valueName":"search_term_string"}}],"inLanguage":"ru-RU"},{"@type":"Organization","@id":"https:\/\/e-mazzoni.it\/ru\/#organization","name":"Mazzoni","url":"https:\/\/e-mazzoni.it\/ru\/","logo":{"@type":"ImageObject","inLanguage":"ru-RU","@id":"https:\/\/e-mazzoni.it\/ru\/#\/schema\/logo\/image\/","url":"https:\/\/e-mazzoni.it\/wp-content\/uploads\/2023\/07\/logo.png","contentUrl":"https:\/\/e-mazzoni.it\/wp-content\/uploads\/2023\/07\/logo.png","width":250,"height":109,"caption":"Mazzoni"},"image":{"@id":"https:\/\/e-mazzoni.it\/ru\/#\/schema\/logo\/image\/"}}]}},"_links":{"self":[{"href":"https:\/\/e-mazzoni.it\/ru\/wp-json\/wp\/v2\/product\/50922","targetHints":{"allow":["GET"]}}],"collection":[{"href":"https:\/\/e-mazzoni.it\/ru\/wp-json\/wp\/v2\/product"}],"about":[{"href":"https:\/\/e-mazzoni.it\/ru\/wp-json\/wp\/v2\/types\/product"}],"wp:featuredmedia":[{"embeddable":true,"href":"https:\/\/e-mazzoni.it\/ru\/wp-json\/wp\/v2\/media\/68673"}],"wp:attachment":[{"href":"https:\/\/e-mazzoni.it\/ru\/wp-json\/wp\/v2\/media?parent=50922"}],"wp:term":[{"taxonomy":"product_brand","embeddable":true,"href":"https:\/\/e-mazzoni.it\/ru\/wp-json\/wp\/v2\/product_brand?post=50922"},{"taxonomy":"product_cat","embeddable":true,"href":"https:\/\/e-mazzoni.it\/ru\/wp-json\/wp\/v2\/product_cat?post=50922"},{"taxonomy":"product_tag","embeddable":true,"href":"https:\/\/e-mazzoni.it\/ru\/wp-json\/wp\/v2\/product_tag?post=50922"}],"curies":[{"name":"wp","href":"https:\/\/api.w.org\/{rel}","templated":true}]}}