{"id":54883,"date":"2024-10-15T06:58:59","date_gmt":"2024-10-15T06:58:59","guid":{"rendered":"https:\/\/e-mazzoni.it\/prodotto\/valvula-de-reposicao\/"},"modified":"2026-04-27T03:17:48","modified_gmt":"2026-04-27T03:17:48","slug":"valvula-de-reposicao","status":"publish","type":"product","link":"https:\/\/e-mazzoni.it\/pt-br\/produto\/valvula-de-reposicao\/","title":{"rendered":"V\u00c1LVULA DE REPOSI\u00c7\u00c3O"},"content":{"rendered":"<div>\n<table style=\"width: 100%\" border=\"1\" id=\"table_options\">\n<tbody>\n<tr>\n<th style=\"color: #fff\" bgcolor=\"#ea2833\">PART NUMBER<\/th>\n<th style=\"color: #fff\" bgcolor=\"#ea2833\">MODEL<\/th>\n<\/tr>\n<tr>\n<td>9.001.04.011<\/td>\n<td>KIT DE SUBSTITUI\u00c7\u00c3O V\u00c1LVULA VRB **KSF**<\/td>\n<\/tr>\n<tr>\n<td>9.001.04.022<\/td>\n<td>KIT DE SUBSTITUI\u00c7\u00c3O V\u00c1LVULA VRB *KC4000\/4005*NEW<\/td>\n<\/tr>\n<tr>\n<td>9.001.04.010<\/td>\n<td>KIT DE SUBSTITUI\u00c7\u00c3O V\u00c1LVULA VRB**MH3001\/3061**<\/td>\n<\/tr>\n<tr>\n<td>9.001.04.023<\/td>\n<td>KIT DE SUBSTITUI\u00c7\u00c3O V\u00c1LVULA VRB*KC3000\/3055*NEW<\/td>\n<\/tr>\n<tr>\n<td>9.001.04.002<\/td>\n<td>KIT DE SUBSTITUI\u00c7\u00c3O V\u00c1LVULA VRB **W\/WSF* TST<\/td>\n<\/tr>\n<tr>\n<td>9.001.04.026<\/td>\n<td>KIT SUBSTITUI\u00c7\u00c3O DE V\u00c1LVULA VRB *PH3060\/4000*NEW<\/td>\n<\/tr>\n<tr>\n<td>9.001.04.024<\/td>\n<td> KIT SUBSTITUI\u00c7\u00c3O DE V\u00c1LVULA  VRB *MH3001\/3061 NEW<\/td>\n<\/tr>\n<tr>\n<td>9.001.04.029<\/td>\n<td>V\u00c1LVULA DE BYPASS *KC5000\/6000* NEW<\/td>\n<\/tr>\n<tr>\n<td>9.001.04.030<\/td>\n<td>KIT RICAMBIO VALVOLA VRB KC4000-4005 HT<\/td>\n<\/tr>\n<tr>\n<td>9.001.04.032<\/td>\n<td>KIT RICAMBIO VALVOLA VRB KM4000<\/td>\n<\/tr>\n<tr>\n<td>9.001.04.027<\/td>\n<td>KIT SUBSTITUI\u00c7\u00c3O DE V\u00c1LVULA  VRB  *W* NEW<\/td>\n<\/tr>\n<tr>\n<td>9.001.04.031<\/td>\n<td>KIT RICAMBIO VALVOLA VRB KM3000<\/td>\n<\/tr>\n<\/tbody>\n<\/table>\n<\/div>\n","protected":false},"excerpt":{"rendered":"<p>PART NUMBER MODEL 9.001.04.011 KIT DE SUBSTITUI\u00c7\u00c3O V\u00c1LVULA VRB **KSF** 9.001.04.022 KIT DE SUBSTITUI\u00c7\u00c3O V\u00c1LVULA VRB *KC4000\/4005*NEW 9.001.04.010 KIT DE SUBSTITUI\u00c7\u00c3O V\u00c1LVULA VRB**MH3001\/3061** 9.001.04.023 KIT DE SUBSTITUI\u00c7\u00c3O V\u00c1LVULA VRB*KC3000\/3055*NEW 9.001.04.002 KIT DE SUBSTITUI\u00c7\u00c3O V\u00c1LVULA VRB **W\/WSF* TST 9.001.04.026 KIT SUBSTITUI\u00c7\u00c3O DE V\u00c1LVULA VRB *PH3060\/4000*NEW 9.001.04.024 KIT SUBSTITUI\u00c7\u00c3O DE V\u00c1LVULA VRB *MH3001\/3061 NEW 9.001.04.029 V\u00c1LVULA DE [&hellip;]<\/p>\n","protected":false},"featured_media":68742,"template":"","meta":{"zakra_page_container_layout":"customizer","zakra_page_sidebar_layout":"customizer","zakra_remove_content_margin":false,"zakra_sidebar":"customizer","zakra_transparent_header":"customizer","zakra_logo":0,"zakra_main_header_style":"default","zakra_menu_item_color":"","zakra_menu_item_hover_color":"","zakra_menu_item_active_color":"","zakra_menu_active_style":"","zakra_page_header":true},"product_brand":[],"product_cat":[4054],"product_tag":[],"class_list":{"0":"post-54883","1":"product","2":"type-product","3":"status-publish","4":"has-post-thumbnail","6":"product_cat-acessorios-para-lavadoras-de-pressao","8":"first","9":"instock","10":"shipping-taxable","11":"product-type-simple"},"yoast_head":"<!-- This site is optimized with the Yoast SEO plugin v27.5 - https:\/\/yoast.com\/product\/yoast-seo-wordpress\/ -->\n<title>V\u00c1LVULA DE REPOSI\u00c7\u00c3O - Mazzoni<\/title>\n<meta name=\"robots\" content=\"index, follow, max-snippet:-1, max-image-preview:large, max-video-preview:-1\" \/>\n<link rel=\"canonical\" href=\"https:\/\/e-mazzoni.it\/pt-br\/produto\/valvula-de-reposicao\/\" \/>\n<meta property=\"og:locale\" content=\"pt_BR\" \/>\n<meta property=\"og:type\" content=\"article\" \/>\n<meta property=\"og:title\" content=\"V\u00c1LVULA DE REPOSI\u00c7\u00c3O - Mazzoni\" \/>\n<meta property=\"og:description\" content=\"PART NUMBER MODEL 9.001.04.011 KIT DE SUBSTITUI\u00c7\u00c3O V\u00c1LVULA VRB **KSF** 9.001.04.022 KIT DE SUBSTITUI\u00c7\u00c3O V\u00c1LVULA VRB *KC4000\/4005*NEW 9.001.04.010 KIT DE SUBSTITUI\u00c7\u00c3O V\u00c1LVULA VRB**MH3001\/3061** 9.001.04.023 KIT DE SUBSTITUI\u00c7\u00c3O V\u00c1LVULA VRB*KC3000\/3055*NEW 9.001.04.002 KIT DE SUBSTITUI\u00c7\u00c3O V\u00c1LVULA VRB **W\/WSF* TST 9.001.04.026 KIT SUBSTITUI\u00c7\u00c3O DE V\u00c1LVULA VRB *PH3060\/4000*NEW 9.001.04.024 KIT SUBSTITUI\u00c7\u00c3O DE V\u00c1LVULA VRB *MH3001\/3061 NEW 9.001.04.029 V\u00c1LVULA DE [&hellip;]\" \/>\n<meta property=\"og:url\" content=\"https:\/\/e-mazzoni.it\/pt-br\/produto\/valvula-de-reposicao\/\" \/>\n<meta property=\"og:site_name\" content=\"Mazzoni\" \/>\n<meta property=\"article:modified_time\" content=\"2026-04-27T03:17:48+00:00\" \/>\n<meta property=\"og:image\" content=\"https:\/\/e-mazzoni.it\/wp-content\/uploads\/2026\/04\/DOC1601486421.jpg\" \/>\n\t<meta property=\"og:image:width\" content=\"226\" \/>\n\t<meta property=\"og:image:height\" content=\"185\" \/>\n\t<meta property=\"og:image:type\" content=\"image\/jpeg\" \/>\n<meta name=\"twitter:card\" content=\"summary_large_image\" \/>\n<!-- \/ Yoast SEO plugin. -->","yoast_head_json":{"title":"V\u00c1LVULA DE REPOSI\u00c7\u00c3O - Mazzoni","robots":{"index":"index","follow":"follow","max-snippet":"max-snippet:-1","max-image-preview":"max-image-preview:large","max-video-preview":"max-video-preview:-1"},"canonical":"https:\/\/e-mazzoni.it\/pt-br\/produto\/valvula-de-reposicao\/","og_locale":"pt_BR","og_type":"article","og_title":"V\u00c1LVULA DE REPOSI\u00c7\u00c3O - Mazzoni","og_description":"PART NUMBER MODEL 9.001.04.011 KIT DE SUBSTITUI\u00c7\u00c3O V\u00c1LVULA VRB **KSF** 9.001.04.022 KIT DE SUBSTITUI\u00c7\u00c3O V\u00c1LVULA VRB *KC4000\/4005*NEW 9.001.04.010 KIT DE SUBSTITUI\u00c7\u00c3O V\u00c1LVULA VRB**MH3001\/3061** 9.001.04.023 KIT DE SUBSTITUI\u00c7\u00c3O V\u00c1LVULA VRB*KC3000\/3055*NEW 9.001.04.002 KIT DE SUBSTITUI\u00c7\u00c3O V\u00c1LVULA VRB **W\/WSF* TST 9.001.04.026 KIT SUBSTITUI\u00c7\u00c3O DE V\u00c1LVULA VRB *PH3060\/4000*NEW 9.001.04.024 KIT SUBSTITUI\u00c7\u00c3O DE V\u00c1LVULA VRB *MH3001\/3061 NEW 9.001.04.029 V\u00c1LVULA DE [&hellip;]","og_url":"https:\/\/e-mazzoni.it\/pt-br\/produto\/valvula-de-reposicao\/","og_site_name":"Mazzoni","article_modified_time":"2026-04-27T03:17:48+00:00","og_image":[{"width":226,"height":185,"url":"https:\/\/e-mazzoni.it\/wp-content\/uploads\/2026\/04\/DOC1601486421.jpg","type":"image\/jpeg"}],"twitter_card":"summary_large_image","schema":{"@context":"https:\/\/schema.org","@graph":[{"@type":"WebPage","@id":"https:\/\/e-mazzoni.it\/pt-br\/produto\/valvula-de-reposicao\/","url":"https:\/\/e-mazzoni.it\/pt-br\/produto\/valvula-de-reposicao\/","name":"V\u00c1LVULA DE REPOSI\u00c7\u00c3O - Mazzoni","isPartOf":{"@id":"https:\/\/e-mazzoni.it\/pt-br\/#website"},"primaryImageOfPage":{"@id":"https:\/\/e-mazzoni.it\/pt-br\/produto\/valvula-de-reposicao\/#primaryimage"},"image":{"@id":"https:\/\/e-mazzoni.it\/pt-br\/produto\/valvula-de-reposicao\/#primaryimage"},"thumbnailUrl":"https:\/\/e-mazzoni.it\/wp-content\/uploads\/2026\/04\/DOC1601486421.jpg","datePublished":"2024-10-15T06:58:59+00:00","dateModified":"2026-04-27T03:17:48+00:00","breadcrumb":{"@id":"https:\/\/e-mazzoni.it\/pt-br\/produto\/valvula-de-reposicao\/#breadcrumb"},"inLanguage":"pt-BR","potentialAction":[{"@type":"ReadAction","target":["https:\/\/e-mazzoni.it\/pt-br\/produto\/valvula-de-reposicao\/"]}]},{"@type":"ImageObject","inLanguage":"pt-BR","@id":"https:\/\/e-mazzoni.it\/pt-br\/produto\/valvula-de-reposicao\/#primaryimage","url":"https:\/\/e-mazzoni.it\/wp-content\/uploads\/2026\/04\/DOC1601486421.jpg","contentUrl":"https:\/\/e-mazzoni.it\/wp-content\/uploads\/2026\/04\/DOC1601486421.jpg","width":226,"height":185},{"@type":"BreadcrumbList","@id":"https:\/\/e-mazzoni.it\/pt-br\/produto\/valvula-de-reposicao\/#breadcrumb","itemListElement":[{"@type":"ListItem","position":1,"name":"Home","item":"https:\/\/e-mazzoni.it\/pt-br\/"},{"@type":"ListItem","position":2,"name":"Produtos","item":"https:\/\/e-mazzoni.it\/pt-br\/produtos\/"},{"@type":"ListItem","position":3,"name":"V\u00c1LVULA DE REPOSI\u00c7\u00c3O"}]},{"@type":"WebSite","@id":"https:\/\/e-mazzoni.it\/pt-br\/#website","url":"https:\/\/e-mazzoni.it\/pt-br\/","name":"Mazzoni","description":"Mazzoni","publisher":{"@id":"https:\/\/e-mazzoni.it\/pt-br\/#organization"},"potentialAction":[{"@type":"SearchAction","target":{"@type":"EntryPoint","urlTemplate":"https:\/\/e-mazzoni.it\/pt-br\/?s={search_term_string}"},"query-input":{"@type":"PropertyValueSpecification","valueRequired":true,"valueName":"search_term_string"}}],"inLanguage":"pt-BR"},{"@type":"Organization","@id":"https:\/\/e-mazzoni.it\/pt-br\/#organization","name":"Mazzoni","url":"https:\/\/e-mazzoni.it\/pt-br\/","logo":{"@type":"ImageObject","inLanguage":"pt-BR","@id":"https:\/\/e-mazzoni.it\/pt-br\/#\/schema\/logo\/image\/","url":"https:\/\/e-mazzoni.it\/wp-content\/uploads\/2023\/07\/logo.png","contentUrl":"https:\/\/e-mazzoni.it\/wp-content\/uploads\/2023\/07\/logo.png","width":250,"height":109,"caption":"Mazzoni"},"image":{"@id":"https:\/\/e-mazzoni.it\/pt-br\/#\/schema\/logo\/image\/"}}]}},"_links":{"self":[{"href":"https:\/\/e-mazzoni.it\/pt-br\/wp-json\/wp\/v2\/product\/54883","targetHints":{"allow":["GET"]}}],"collection":[{"href":"https:\/\/e-mazzoni.it\/pt-br\/wp-json\/wp\/v2\/product"}],"about":[{"href":"https:\/\/e-mazzoni.it\/pt-br\/wp-json\/wp\/v2\/types\/product"}],"wp:featuredmedia":[{"embeddable":true,"href":"https:\/\/e-mazzoni.it\/pt-br\/wp-json\/wp\/v2\/media\/68742"}],"wp:attachment":[{"href":"https:\/\/e-mazzoni.it\/pt-br\/wp-json\/wp\/v2\/media?parent=54883"}],"wp:term":[{"taxonomy":"product_brand","embeddable":true,"href":"https:\/\/e-mazzoni.it\/pt-br\/wp-json\/wp\/v2\/product_brand?post=54883"},{"taxonomy":"product_cat","embeddable":true,"href":"https:\/\/e-mazzoni.it\/pt-br\/wp-json\/wp\/v2\/product_cat?post=54883"},{"taxonomy":"product_tag","embeddable":true,"href":"https:\/\/e-mazzoni.it\/pt-br\/wp-json\/wp\/v2\/product_tag?post=54883"}],"curies":[{"name":"wp","href":"https:\/\/api.w.org\/{rel}","templated":true}]}}