{"id":54880,"date":"2024-10-15T06:58:52","date_gmt":"2024-10-15T06:58:52","guid":{"rendered":"https:\/\/e-mazzoni.it\/prodotto\/ferramentas-de-manutencao-da-bomba\/"},"modified":"2026-04-27T03:17:06","modified_gmt":"2026-04-27T03:17:06","slug":"ferramentas-de-manutencao-da-bomba","status":"publish","type":"product","link":"https:\/\/e-mazzoni.it\/pt-br\/produto\/ferramentas-de-manutencao-da-bomba\/","title":{"rendered":"FERRAMENTAS DE MANUTEN\u00c7\u00c3O DA BOMBA"},"content":{"rendered":"<div>\n<table style=\"width: 100%\" border=\"1\" id=\"table_options\">\n<tbody>\n<tr>\n<th style=\"color: #fff\" bgcolor=\"#ea2833\">PART NUMBER<\/th>\n<th style=\"color: #fff\" bgcolor=\"#ea2833\">MODEL<\/th>\n<\/tr>\n<tr>\n<td>P3.200.001<\/td>\n<td>TAMPONE PER GUARNIZIONE PISTONE \u00f818 POMPA PM-PMD<\/td>\n<\/tr>\n<tr>\n<td>P3.200.003<\/td>\n<td>TAMPONE PER GUARNIZIONE PISTONE \u00f820-22 POMPA GM<\/td>\n<\/tr>\n<tr>\n<td>P3.200.004<\/td>\n<td>TAMPONE PER GUARNIZIONE PISTONE \u00f825-28 POMPA GM<\/td>\n<\/tr>\n<tr>\n<td>P3.200.005<\/td>\n<td>TAMPONE PER GUARNIZIONE PISTONE \u00f816 POMPA XM<\/td>\n<\/tr>\n<tr>\n<td>1.061.02.001<\/td>\n<td>EXTRATOR MARTELO PARA PRESSAO<\/td>\n<\/tr>\n<tr>\n<td>1.038.02.002<\/td>\n<td>PIN\u00c7A 20-30  EXTRA\u00c7\u00c3O  PRESS\u00c3O  BOMBAS (MMD\/GM\/LM)<\/td>\n<\/tr>\n<tr>\n<td>1.038.02.001<\/td>\n<td>PIN\u00c7A 14-20  EXTRA\u00c7\u00c3O  PRESS\u00c3O  BOMBAS (PMD\/MMD\/XM\/LMX)<\/td>\n<\/tr>\n<tr>\n<td>P3.201.001<\/td>\n<td>ESTRATTORE CORTECO POMPA PM-MM<\/td>\n<\/tr>\n<tr>\n<td>P3.201.002<\/td>\n<td>ESTRATTORE CORTECO POMPA GM-XM<\/td>\n<\/tr>\n<tr>\n<td>P3.200.008<\/td>\n<td>TAMPONE PER INSERIMENTO ANELLO DI TENUTA OLIO D.20 PM &#8211; PMD -MM -MMD<\/td>\n<\/tr>\n<tr>\n<td>P3.200.009<\/td>\n<td>TAMPONE PER INSERIMENTO ANELLO DI TENUTA OLIO GM &#8211; XM<\/td>\n<\/tr>\n<tr>\n<td>P3.201.003<\/td>\n<td>ESTRATTORE VAM XM-1<\/td>\n<\/tr>\n<tr>\n<td>9.034.02.001<\/td>\n<td>LUBRIFICANTE OLIO MOBIL DTE HY MED CONF.DA LITRO<\/td>\n<\/tr>\n<tr>\n<td>9.034.02.002<\/td>\n<td>LUBRIF. OLIO MOBIL DELVAC MX 15W40 CONF.DA LITRO<\/td>\n<\/tr>\n<tr>\n<td>9.034.02.003<\/td>\n<td>OLIO RIDUTTORE PA *1LT*<\/td>\n<\/tr>\n<\/tbody>\n<\/table>\n<\/div>\n","protected":false},"excerpt":{"rendered":"<p>PART NUMBER MODEL P3.200.001 TAMPONE PER GUARNIZIONE PISTONE \u00f818 POMPA PM-PMD P3.200.003 TAMPONE PER GUARNIZIONE PISTONE \u00f820-22 POMPA GM P3.200.004 TAMPONE PER GUARNIZIONE PISTONE \u00f825-28 POMPA GM P3.200.005 TAMPONE PER GUARNIZIONE PISTONE \u00f816 POMPA XM 1.061.02.001 EXTRATOR MARTELO PARA PRESSAO 1.038.02.002 PIN\u00c7A 20-30 EXTRA\u00c7\u00c3O PRESS\u00c3O BOMBAS (MMD\/GM\/LM) 1.038.02.001 PIN\u00c7A 14-20 EXTRA\u00c7\u00c3O PRESS\u00c3O BOMBAS (PMD\/MMD\/XM\/LMX) P3.201.001 [&hellip;]<\/p>\n","protected":false},"featured_media":68732,"template":"","meta":{"zakra_page_container_layout":"customizer","zakra_page_sidebar_layout":"customizer","zakra_remove_content_margin":false,"zakra_sidebar":"customizer","zakra_transparent_header":"customizer","zakra_logo":0,"zakra_main_header_style":"default","zakra_menu_item_color":"","zakra_menu_item_hover_color":"","zakra_menu_item_active_color":"","zakra_menu_active_style":"","zakra_page_header":true},"product_brand":[],"product_cat":[4062],"product_tag":[],"class_list":{"0":"post-54880","1":"product","2":"type-product","3":"status-publish","4":"has-post-thumbnail","6":"product_cat-bombas-de-pecas-sobressalentes","8":"first","9":"instock","10":"shipping-taxable","11":"product-type-simple"},"yoast_head":"<!-- This site is optimized with the Yoast SEO plugin v27.5 - https:\/\/yoast.com\/product\/yoast-seo-wordpress\/ -->\n<title>FERRAMENTAS DE MANUTEN\u00c7\u00c3O DA BOMBA - Mazzoni<\/title>\n<meta name=\"robots\" content=\"index, follow, max-snippet:-1, max-image-preview:large, max-video-preview:-1\" \/>\n<link rel=\"canonical\" href=\"https:\/\/e-mazzoni.it\/pt-br\/produto\/ferramentas-de-manutencao-da-bomba\/\" \/>\n<meta property=\"og:locale\" content=\"pt_BR\" \/>\n<meta property=\"og:type\" content=\"article\" \/>\n<meta property=\"og:title\" content=\"FERRAMENTAS DE MANUTEN\u00c7\u00c3O DA BOMBA - Mazzoni\" \/>\n<meta property=\"og:description\" content=\"PART NUMBER MODEL P3.200.001 TAMPONE PER GUARNIZIONE PISTONE \u00f818 POMPA PM-PMD P3.200.003 TAMPONE PER GUARNIZIONE PISTONE \u00f820-22 POMPA GM P3.200.004 TAMPONE PER GUARNIZIONE PISTONE \u00f825-28 POMPA GM P3.200.005 TAMPONE PER GUARNIZIONE PISTONE \u00f816 POMPA XM 1.061.02.001 EXTRATOR MARTELO PARA PRESSAO 1.038.02.002 PIN\u00c7A 20-30 EXTRA\u00c7\u00c3O PRESS\u00c3O BOMBAS (MMD\/GM\/LM) 1.038.02.001 PIN\u00c7A 14-20 EXTRA\u00c7\u00c3O PRESS\u00c3O BOMBAS (PMD\/MMD\/XM\/LMX) P3.201.001 [&hellip;]\" \/>\n<meta property=\"og:url\" content=\"https:\/\/e-mazzoni.it\/pt-br\/produto\/ferramentas-de-manutencao-da-bomba\/\" \/>\n<meta property=\"og:site_name\" content=\"Mazzoni\" \/>\n<meta property=\"article:modified_time\" content=\"2026-04-27T03:17:06+00:00\" \/>\n<meta property=\"og:image\" content=\"https:\/\/e-mazzoni.it\/wp-content\/uploads\/2026\/04\/DOC6641664328.jpg\" \/>\n\t<meta property=\"og:image:width\" content=\"492\" \/>\n\t<meta property=\"og:image:height\" content=\"188\" \/>\n\t<meta property=\"og:image:type\" content=\"image\/jpeg\" \/>\n<meta name=\"twitter:card\" content=\"summary_large_image\" \/>\n<meta name=\"twitter:label1\" content=\"Est. tempo de leitura\" \/>\n\t<meta name=\"twitter:data1\" content=\"1 minuto\" \/>\n<!-- \/ Yoast SEO plugin. -->","yoast_head_json":{"title":"FERRAMENTAS DE MANUTEN\u00c7\u00c3O DA BOMBA - Mazzoni","robots":{"index":"index","follow":"follow","max-snippet":"max-snippet:-1","max-image-preview":"max-image-preview:large","max-video-preview":"max-video-preview:-1"},"canonical":"https:\/\/e-mazzoni.it\/pt-br\/produto\/ferramentas-de-manutencao-da-bomba\/","og_locale":"pt_BR","og_type":"article","og_title":"FERRAMENTAS DE MANUTEN\u00c7\u00c3O DA BOMBA - Mazzoni","og_description":"PART NUMBER MODEL P3.200.001 TAMPONE PER GUARNIZIONE PISTONE \u00f818 POMPA PM-PMD P3.200.003 TAMPONE PER GUARNIZIONE PISTONE \u00f820-22 POMPA GM P3.200.004 TAMPONE PER GUARNIZIONE PISTONE \u00f825-28 POMPA GM P3.200.005 TAMPONE PER GUARNIZIONE PISTONE \u00f816 POMPA XM 1.061.02.001 EXTRATOR MARTELO PARA PRESSAO 1.038.02.002 PIN\u00c7A 20-30 EXTRA\u00c7\u00c3O PRESS\u00c3O BOMBAS (MMD\/GM\/LM) 1.038.02.001 PIN\u00c7A 14-20 EXTRA\u00c7\u00c3O PRESS\u00c3O BOMBAS (PMD\/MMD\/XM\/LMX) P3.201.001 [&hellip;]","og_url":"https:\/\/e-mazzoni.it\/pt-br\/produto\/ferramentas-de-manutencao-da-bomba\/","og_site_name":"Mazzoni","article_modified_time":"2026-04-27T03:17:06+00:00","og_image":[{"width":492,"height":188,"url":"https:\/\/e-mazzoni.it\/wp-content\/uploads\/2026\/04\/DOC6641664328.jpg","type":"image\/jpeg"}],"twitter_card":"summary_large_image","twitter_misc":{"Est. tempo de leitura":"1 minuto"},"schema":{"@context":"https:\/\/schema.org","@graph":[{"@type":"WebPage","@id":"https:\/\/e-mazzoni.it\/pt-br\/produto\/ferramentas-de-manutencao-da-bomba\/","url":"https:\/\/e-mazzoni.it\/pt-br\/produto\/ferramentas-de-manutencao-da-bomba\/","name":"FERRAMENTAS DE MANUTEN\u00c7\u00c3O DA BOMBA - Mazzoni","isPartOf":{"@id":"https:\/\/e-mazzoni.it\/pt-br\/#website"},"primaryImageOfPage":{"@id":"https:\/\/e-mazzoni.it\/pt-br\/produto\/ferramentas-de-manutencao-da-bomba\/#primaryimage"},"image":{"@id":"https:\/\/e-mazzoni.it\/pt-br\/produto\/ferramentas-de-manutencao-da-bomba\/#primaryimage"},"thumbnailUrl":"https:\/\/e-mazzoni.it\/wp-content\/uploads\/2026\/04\/DOC6641664328.jpg","datePublished":"2024-10-15T06:58:52+00:00","dateModified":"2026-04-27T03:17:06+00:00","breadcrumb":{"@id":"https:\/\/e-mazzoni.it\/pt-br\/produto\/ferramentas-de-manutencao-da-bomba\/#breadcrumb"},"inLanguage":"pt-BR","potentialAction":[{"@type":"ReadAction","target":["https:\/\/e-mazzoni.it\/pt-br\/produto\/ferramentas-de-manutencao-da-bomba\/"]}]},{"@type":"ImageObject","inLanguage":"pt-BR","@id":"https:\/\/e-mazzoni.it\/pt-br\/produto\/ferramentas-de-manutencao-da-bomba\/#primaryimage","url":"https:\/\/e-mazzoni.it\/wp-content\/uploads\/2026\/04\/DOC6641664328.jpg","contentUrl":"https:\/\/e-mazzoni.it\/wp-content\/uploads\/2026\/04\/DOC6641664328.jpg","width":492,"height":188},{"@type":"BreadcrumbList","@id":"https:\/\/e-mazzoni.it\/pt-br\/produto\/ferramentas-de-manutencao-da-bomba\/#breadcrumb","itemListElement":[{"@type":"ListItem","position":1,"name":"Home","item":"https:\/\/e-mazzoni.it\/pt-br\/"},{"@type":"ListItem","position":2,"name":"Produtos","item":"https:\/\/e-mazzoni.it\/pt-br\/produtos\/"},{"@type":"ListItem","position":3,"name":"FERRAMENTAS DE MANUTEN\u00c7\u00c3O DA BOMBA"}]},{"@type":"WebSite","@id":"https:\/\/e-mazzoni.it\/pt-br\/#website","url":"https:\/\/e-mazzoni.it\/pt-br\/","name":"Mazzoni","description":"Mazzoni","publisher":{"@id":"https:\/\/e-mazzoni.it\/pt-br\/#organization"},"potentialAction":[{"@type":"SearchAction","target":{"@type":"EntryPoint","urlTemplate":"https:\/\/e-mazzoni.it\/pt-br\/?s={search_term_string}"},"query-input":{"@type":"PropertyValueSpecification","valueRequired":true,"valueName":"search_term_string"}}],"inLanguage":"pt-BR"},{"@type":"Organization","@id":"https:\/\/e-mazzoni.it\/pt-br\/#organization","name":"Mazzoni","url":"https:\/\/e-mazzoni.it\/pt-br\/","logo":{"@type":"ImageObject","inLanguage":"pt-BR","@id":"https:\/\/e-mazzoni.it\/pt-br\/#\/schema\/logo\/image\/","url":"https:\/\/e-mazzoni.it\/wp-content\/uploads\/2023\/07\/logo.png","contentUrl":"https:\/\/e-mazzoni.it\/wp-content\/uploads\/2023\/07\/logo.png","width":250,"height":109,"caption":"Mazzoni"},"image":{"@id":"https:\/\/e-mazzoni.it\/pt-br\/#\/schema\/logo\/image\/"}}]}},"_links":{"self":[{"href":"https:\/\/e-mazzoni.it\/pt-br\/wp-json\/wp\/v2\/product\/54880","targetHints":{"allow":["GET"]}}],"collection":[{"href":"https:\/\/e-mazzoni.it\/pt-br\/wp-json\/wp\/v2\/product"}],"about":[{"href":"https:\/\/e-mazzoni.it\/pt-br\/wp-json\/wp\/v2\/types\/product"}],"wp:featuredmedia":[{"embeddable":true,"href":"https:\/\/e-mazzoni.it\/pt-br\/wp-json\/wp\/v2\/media\/68732"}],"wp:attachment":[{"href":"https:\/\/e-mazzoni.it\/pt-br\/wp-json\/wp\/v2\/media?parent=54880"}],"wp:term":[{"taxonomy":"product_brand","embeddable":true,"href":"https:\/\/e-mazzoni.it\/pt-br\/wp-json\/wp\/v2\/product_brand?post=54880"},{"taxonomy":"product_cat","embeddable":true,"href":"https:\/\/e-mazzoni.it\/pt-br\/wp-json\/wp\/v2\/product_cat?post=54880"},{"taxonomy":"product_tag","embeddable":true,"href":"https:\/\/e-mazzoni.it\/pt-br\/wp-json\/wp\/v2\/product_tag?post=54880"}],"curies":[{"name":"wp","href":"https:\/\/api.w.org\/{rel}","templated":true}]}}