{"id":54873,"date":"2024-10-15T06:58:20","date_gmt":"2024-10-15T06:58:20","guid":{"rendered":"https:\/\/e-mazzoni.it\/prodotto\/kit-completo-de-juntas-de-agua-1-3\/"},"modified":"2026-04-27T03:13:32","modified_gmt":"2026-04-27T03:13:32","slug":"kit-completo-de-juntas-de-agua-1-3","status":"publish","type":"product","link":"https:\/\/e-mazzoni.it\/pt-br\/produto\/kit-completo-de-juntas-de-agua-1-3\/","title":{"rendered":"KIT COMPLETO DE JUNTAS DE \u00c1GUA 1\/3"},"content":{"rendered":"<div>\n<table style=\"width: 100%\" border=\"1\" id=\"table_options\">\n<tbody>\n<tr>\n<th style=\"color: #fff\" bgcolor=\"#ea2833\">PART NUMBER<\/th>\n<th style=\"color: #fff\" bgcolor=\"#ea2833\">MODEL<\/th>\n<\/tr>\n<tr>\n<td>P9.003.004<\/td>\n<td>KIT PISTON COMPLETO SELOS D.18  (1\/3) PM\/PM CW\/PM-HY<\/td>\n<\/tr>\n<tr>\n<td>P9.003.051<\/td>\n<td>GUARNIZIONE PISTONE \u00f814 POMPA PM &#8211; EDM PACCO COMPLETO<\/td>\n<\/tr>\n<tr>\n<td>P9.003.016<\/td>\n<td>KIT PISTON COMPLETO SELOS D.18 PARA TPM-HT (1\/3)<\/td>\n<\/tr>\n<tr>\n<td>P9.003.026<\/td>\n<td>GUARNIZIONE PISTONE \u00f820 POMPA MMD PACCO COMPLETO<\/td>\n<\/tr>\n<tr>\n<td>P9.003.054<\/td>\n<td>GUARNIZIONE PISTONE \u00f820 POMPA MMD CW PACCO COMPLETO<\/td>\n<\/tr>\n<tr>\n<td>P9.003.048<\/td>\n<td>KIT GUARNIZIONE PISTONE \u00f815 POMPA MMD &#8211; EDM PACCO COMPLETO<\/td>\n<\/tr>\n<tr>\n<td>P9.003.045<\/td>\n<td>GUARNIZIONE PISTONE \u00f820 POMPA MMX PACCO COMPLETO<\/td>\n<\/tr>\n<tr>\n<td>P9.003.056<\/td>\n<td>GUARNIZIONE PISTONE \u00f818 POMPA PM CW PACCO COMPLETO<\/td>\n<\/tr>\n<tr>\n<td>P9.003.060<\/td>\n<td>GUARNIZIONE PISTONE \u00d840 POMPA LM PACCO COMPLETO<\/td>\n<\/tr>\n<tr>\n<td>P9.003.020<\/td>\n<td>KIT SELOS COMPLETOS PARA GM-1 D. 22 COM BRONZE (1\/3)<\/td>\n<\/tr>\n<tr>\n<td>P9.003.027<\/td>\n<td>GUARN. PISTONE \u00f820 POMPA TMMD PACCO COMPLETO<\/td>\n<\/tr>\n<tr>\n<td>P9.003.019<\/td>\n<td>KIT SELOS COMPLETOS PARA GM-1 D. 20 COM BRONZE (1\/3)<\/td>\n<\/tr>\n<tr>\n<td>P9.003.021<\/td>\n<td>KIT SELOS COMPLETOS PARA GM-1 D. 25 COM BRONZE (1\/3)<\/td>\n<\/tr>\n<tr>\n<td>P9.003.022<\/td>\n<td>KIT SELOS COMPLETOS PARA GM-1 D. 28 COM BRONZE (1\/3)<\/td>\n<\/tr>\n<tr>\n<td>P9.003.040<\/td>\n<td>GUARNIZIONE PISTONE \u00f820 POMPA GMX PACCO COMPLETO<\/td>\n<\/tr>\n<tr>\n<td>P9.003.041<\/td>\n<td>GUARNIZIONE PISTONE \u00f822 POMPA GMX PACCO COMPLETO<\/td>\n<\/tr>\n<tr>\n<td>P9.003.042<\/td>\n<td>GUARNIZIONE PISTONE \u00f825 POMPA GMX PACCO COMPLETO<\/td>\n<\/tr>\n<tr>\n<td>P9.003.043<\/td>\n<td>GUARNIZIONE PISTONE \u00f828 POMPA GMX PACCO COMPLETO<\/td>\n<\/tr>\n<tr>\n<td>P9.003.029<\/td>\n<td>GUARNIZIONE PISTONE \u00f820 POMPA GM-1 HT PACCO COMPLETO<\/td>\n<\/tr>\n<tr>\n<td>P9.003.024<\/td>\n<td>GUARNIZIONE PISTONE \u00f822 POMPA GM-1 HT PACCO COMPLETO<\/td>\n<\/tr>\n<tr>\n<td>P9.003.030<\/td>\n<td>GUARNIZIONE PISTONE \u00f825 POMPA GM-1 HT PACCO COMPLETO<\/td>\n<\/tr>\n<tr>\n<td>P9.003.031<\/td>\n<td>GUARNIZIONE PISTONE \u00f828 POMPA GM-1 HT PACCO COMPLETO<\/td>\n<\/tr>\n<tr>\n<td>P9.003.047<\/td>\n<td>GUARNIZIONE PISTONE \u00f816 POMPA XM-1 PACCO COMPLETO<\/td>\n<\/tr>\n<tr>\n<td>P9.003.061<\/td>\n<td>GUARNIZIONE PISTONE \u00d830 POMPA LM PACCO COMPLETO<\/td>\n<\/tr>\n<tr>\n<td>P9.003.062<\/td>\n<td>GUARNIZIONE PISTONE \u00d820 POMPA LM PACCO COMPLETO<\/td>\n<\/tr>\n<\/tbody>\n<\/table>\n<\/div>\n","protected":false},"excerpt":{"rendered":"<p>PART NUMBER MODEL P9.003.004 KIT PISTON COMPLETO SELOS D.18 (1\/3) PM\/PM CW\/PM-HY P9.003.051 GUARNIZIONE PISTONE \u00f814 POMPA PM &#8211; EDM PACCO COMPLETO P9.003.016 KIT PISTON COMPLETO SELOS D.18 PARA TPM-HT (1\/3) P9.003.026 GUARNIZIONE PISTONE \u00f820 POMPA MMD PACCO COMPLETO P9.003.054 GUARNIZIONE PISTONE \u00f820 POMPA MMD CW PACCO COMPLETO P9.003.048 KIT GUARNIZIONE PISTONE \u00f815 POMPA MMD [&hellip;]<\/p>\n","protected":false},"featured_media":68682,"template":"","meta":{"zakra_page_container_layout":"customizer","zakra_page_sidebar_layout":"customizer","zakra_remove_content_margin":false,"zakra_sidebar":"customizer","zakra_transparent_header":"customizer","zakra_logo":0,"zakra_main_header_style":"default","zakra_menu_item_color":"","zakra_menu_item_hover_color":"","zakra_menu_item_active_color":"","zakra_menu_active_style":"","zakra_page_header":true},"product_brand":[],"product_cat":[4062],"product_tag":[],"class_list":{"0":"post-54873","1":"product","2":"type-product","3":"status-publish","4":"has-post-thumbnail","6":"product_cat-bombas-de-pecas-sobressalentes","8":"first","9":"instock","10":"shipping-taxable","11":"product-type-simple"},"yoast_head":"<!-- This site is optimized with the Yoast SEO plugin v27.5 - https:\/\/yoast.com\/product\/yoast-seo-wordpress\/ -->\n<title>KIT COMPLETO DE JUNTAS DE \u00c1GUA 1\/3 - Mazzoni<\/title>\n<meta name=\"robots\" content=\"index, follow, max-snippet:-1, max-image-preview:large, max-video-preview:-1\" \/>\n<link rel=\"canonical\" href=\"https:\/\/e-mazzoni.it\/pt-br\/produto\/kit-completo-de-juntas-de-agua-1-3\/\" \/>\n<meta property=\"og:locale\" content=\"pt_BR\" \/>\n<meta property=\"og:type\" content=\"article\" \/>\n<meta property=\"og:title\" content=\"KIT COMPLETO DE JUNTAS DE \u00c1GUA 1\/3 - Mazzoni\" \/>\n<meta property=\"og:description\" content=\"PART NUMBER MODEL P9.003.004 KIT PISTON COMPLETO SELOS D.18 (1\/3) PM\/PM CW\/PM-HY P9.003.051 GUARNIZIONE PISTONE \u00f814 POMPA PM &#8211; EDM PACCO COMPLETO P9.003.016 KIT PISTON COMPLETO SELOS D.18 PARA TPM-HT (1\/3) P9.003.026 GUARNIZIONE PISTONE \u00f820 POMPA MMD PACCO COMPLETO P9.003.054 GUARNIZIONE PISTONE \u00f820 POMPA MMD CW PACCO COMPLETO P9.003.048 KIT GUARNIZIONE PISTONE \u00f815 POMPA MMD [&hellip;]\" \/>\n<meta property=\"og:url\" content=\"https:\/\/e-mazzoni.it\/pt-br\/produto\/kit-completo-de-juntas-de-agua-1-3\/\" \/>\n<meta property=\"og:site_name\" content=\"Mazzoni\" \/>\n<meta property=\"article:modified_time\" content=\"2026-04-27T03:13:32+00:00\" \/>\n<meta property=\"og:image\" content=\"https:\/\/e-mazzoni.it\/wp-content\/uploads\/2026\/04\/DOC9883990600.jpg\" \/>\n\t<meta property=\"og:image:width\" content=\"240\" \/>\n\t<meta property=\"og:image:height\" content=\"281\" \/>\n\t<meta property=\"og:image:type\" content=\"image\/jpeg\" \/>\n<meta name=\"twitter:card\" content=\"summary_large_image\" \/>\n<meta name=\"twitter:label1\" content=\"Est. tempo de leitura\" \/>\n\t<meta name=\"twitter:data1\" content=\"1 minuto\" \/>\n<!-- \/ Yoast SEO plugin. -->","yoast_head_json":{"title":"KIT COMPLETO DE JUNTAS DE \u00c1GUA 1\/3 - Mazzoni","robots":{"index":"index","follow":"follow","max-snippet":"max-snippet:-1","max-image-preview":"max-image-preview:large","max-video-preview":"max-video-preview:-1"},"canonical":"https:\/\/e-mazzoni.it\/pt-br\/produto\/kit-completo-de-juntas-de-agua-1-3\/","og_locale":"pt_BR","og_type":"article","og_title":"KIT COMPLETO DE JUNTAS DE \u00c1GUA 1\/3 - Mazzoni","og_description":"PART NUMBER MODEL P9.003.004 KIT PISTON COMPLETO SELOS D.18 (1\/3) PM\/PM CW\/PM-HY P9.003.051 GUARNIZIONE PISTONE \u00f814 POMPA PM &#8211; EDM PACCO COMPLETO P9.003.016 KIT PISTON COMPLETO SELOS D.18 PARA TPM-HT (1\/3) P9.003.026 GUARNIZIONE PISTONE \u00f820 POMPA MMD PACCO COMPLETO P9.003.054 GUARNIZIONE PISTONE \u00f820 POMPA MMD CW PACCO COMPLETO P9.003.048 KIT GUARNIZIONE PISTONE \u00f815 POMPA MMD [&hellip;]","og_url":"https:\/\/e-mazzoni.it\/pt-br\/produto\/kit-completo-de-juntas-de-agua-1-3\/","og_site_name":"Mazzoni","article_modified_time":"2026-04-27T03:13:32+00:00","og_image":[{"width":240,"height":281,"url":"https:\/\/e-mazzoni.it\/wp-content\/uploads\/2026\/04\/DOC9883990600.jpg","type":"image\/jpeg"}],"twitter_card":"summary_large_image","twitter_misc":{"Est. tempo de leitura":"1 minuto"},"schema":{"@context":"https:\/\/schema.org","@graph":[{"@type":"WebPage","@id":"https:\/\/e-mazzoni.it\/pt-br\/produto\/kit-completo-de-juntas-de-agua-1-3\/","url":"https:\/\/e-mazzoni.it\/pt-br\/produto\/kit-completo-de-juntas-de-agua-1-3\/","name":"KIT COMPLETO DE JUNTAS DE \u00c1GUA 1\/3 - Mazzoni","isPartOf":{"@id":"https:\/\/e-mazzoni.it\/pt-br\/#website"},"primaryImageOfPage":{"@id":"https:\/\/e-mazzoni.it\/pt-br\/produto\/kit-completo-de-juntas-de-agua-1-3\/#primaryimage"},"image":{"@id":"https:\/\/e-mazzoni.it\/pt-br\/produto\/kit-completo-de-juntas-de-agua-1-3\/#primaryimage"},"thumbnailUrl":"https:\/\/e-mazzoni.it\/wp-content\/uploads\/2026\/04\/DOC9883990600.jpg","datePublished":"2024-10-15T06:58:20+00:00","dateModified":"2026-04-27T03:13:32+00:00","breadcrumb":{"@id":"https:\/\/e-mazzoni.it\/pt-br\/produto\/kit-completo-de-juntas-de-agua-1-3\/#breadcrumb"},"inLanguage":"pt-BR","potentialAction":[{"@type":"ReadAction","target":["https:\/\/e-mazzoni.it\/pt-br\/produto\/kit-completo-de-juntas-de-agua-1-3\/"]}]},{"@type":"ImageObject","inLanguage":"pt-BR","@id":"https:\/\/e-mazzoni.it\/pt-br\/produto\/kit-completo-de-juntas-de-agua-1-3\/#primaryimage","url":"https:\/\/e-mazzoni.it\/wp-content\/uploads\/2026\/04\/DOC9883990600.jpg","contentUrl":"https:\/\/e-mazzoni.it\/wp-content\/uploads\/2026\/04\/DOC9883990600.jpg","width":240,"height":281},{"@type":"BreadcrumbList","@id":"https:\/\/e-mazzoni.it\/pt-br\/produto\/kit-completo-de-juntas-de-agua-1-3\/#breadcrumb","itemListElement":[{"@type":"ListItem","position":1,"name":"Home","item":"https:\/\/e-mazzoni.it\/pt-br\/"},{"@type":"ListItem","position":2,"name":"Produtos","item":"https:\/\/e-mazzoni.it\/pt-br\/produtos\/"},{"@type":"ListItem","position":3,"name":"KIT COMPLETO DE JUNTAS DE \u00c1GUA 1\/3"}]},{"@type":"WebSite","@id":"https:\/\/e-mazzoni.it\/pt-br\/#website","url":"https:\/\/e-mazzoni.it\/pt-br\/","name":"Mazzoni","description":"Mazzoni","publisher":{"@id":"https:\/\/e-mazzoni.it\/pt-br\/#organization"},"potentialAction":[{"@type":"SearchAction","target":{"@type":"EntryPoint","urlTemplate":"https:\/\/e-mazzoni.it\/pt-br\/?s={search_term_string}"},"query-input":{"@type":"PropertyValueSpecification","valueRequired":true,"valueName":"search_term_string"}}],"inLanguage":"pt-BR"},{"@type":"Organization","@id":"https:\/\/e-mazzoni.it\/pt-br\/#organization","name":"Mazzoni","url":"https:\/\/e-mazzoni.it\/pt-br\/","logo":{"@type":"ImageObject","inLanguage":"pt-BR","@id":"https:\/\/e-mazzoni.it\/pt-br\/#\/schema\/logo\/image\/","url":"https:\/\/e-mazzoni.it\/wp-content\/uploads\/2023\/07\/logo.png","contentUrl":"https:\/\/e-mazzoni.it\/wp-content\/uploads\/2023\/07\/logo.png","width":250,"height":109,"caption":"Mazzoni"},"image":{"@id":"https:\/\/e-mazzoni.it\/pt-br\/#\/schema\/logo\/image\/"}}]}},"_links":{"self":[{"href":"https:\/\/e-mazzoni.it\/pt-br\/wp-json\/wp\/v2\/product\/54873","targetHints":{"allow":["GET"]}}],"collection":[{"href":"https:\/\/e-mazzoni.it\/pt-br\/wp-json\/wp\/v2\/product"}],"about":[{"href":"https:\/\/e-mazzoni.it\/pt-br\/wp-json\/wp\/v2\/types\/product"}],"wp:featuredmedia":[{"embeddable":true,"href":"https:\/\/e-mazzoni.it\/pt-br\/wp-json\/wp\/v2\/media\/68682"}],"wp:attachment":[{"href":"https:\/\/e-mazzoni.it\/pt-br\/wp-json\/wp\/v2\/media?parent=54873"}],"wp:term":[{"taxonomy":"product_brand","embeddable":true,"href":"https:\/\/e-mazzoni.it\/pt-br\/wp-json\/wp\/v2\/product_brand?post=54873"},{"taxonomy":"product_cat","embeddable":true,"href":"https:\/\/e-mazzoni.it\/pt-br\/wp-json\/wp\/v2\/product_cat?post=54873"},{"taxonomy":"product_tag","embeddable":true,"href":"https:\/\/e-mazzoni.it\/pt-br\/wp-json\/wp\/v2\/product_tag?post=54873"}],"curies":[{"name":"wp","href":"https:\/\/api.w.org\/{rel}","templated":true}]}}