{"id":54870,"date":"2024-10-15T06:58:00","date_gmt":"2024-10-15T06:58:00","guid":{"rendered":"https:\/\/e-mazzoni.it\/prodotto\/placas-eletronicas\/"},"modified":"2026-04-27T03:11:14","modified_gmt":"2026-04-27T03:11:14","slug":"placas-eletronicas","status":"publish","type":"product","link":"https:\/\/e-mazzoni.it\/pt-br\/produto\/placas-eletronicas\/","title":{"rendered":"PLACAS ELETR\u00f4NICAS"},"content":{"rendered":"<div>\n<table style=\"width: 100%\" border=\"1\" id=\"table_options\">\n<tbody>\n<tr>\n<th style=\"color: #fff\" bgcolor=\"#ea2833\">PART NUMBER<\/th>\n<th style=\"color: #fff\" bgcolor=\"#ea2833\">MODEL<\/th>\n<\/tr>\n<tr>\n<td>3.024.02.043<\/td>\n<td>SCHEDA MCC30-RM TIMER+TST+SSD+CF+AC<\/td>\n<\/tr>\n<tr>\n<td>3.024.02.049<\/td>\n<td>cart\u00e3o eletr\u00f4nico TST+SSD+CF+AC+CO MCC110-RM 40A<\/td>\n<\/tr>\n<tr>\n<td>3.024.02.055<\/td>\n<td>CART\u00c3O ELETR\u00d4NICO **MCC13RM** 40A<\/td>\n<\/tr>\n<tr>\n<td>3.024.02.054<\/td>\n<td>CART\u00c3O ELETR\u00d4NICO *MCC3RM** 110\/220V 40A<\/td>\n<\/tr>\n<tr>\n<td>3.024.02.050<\/td>\n<td>CART\u00c3O ELETR\u00d4NICO  TST MCC2-RM-40A 230-400V 2RELE-40A CO<\/td>\n<\/tr>\n<tr>\n<td>3.024.02.056<\/td>\n<td>SCHEDA TST MCC2-RM-40A-(HT) 230-400V 2RELE-40A CO (TST-5sec)<\/td>\n<\/tr>\n<tr>\n<td>3.024.02.032<\/td>\n<td>CART\u00c3O LED MCC30RM<\/td>\n<\/tr>\n<tr>\n<td>2.020.32.002<\/td>\n<td>CABO PARA O CART\u00c3O LED<\/td>\n<\/tr>\n<tr>\n<td>3.061.04.002<\/td>\n<td>CONTADOR DE ORA MCC110\/115<\/td>\n<\/tr>\n<\/tbody>\n<\/table>\n<\/div>\n","protected":false},"excerpt":{"rendered":"<p>PART NUMBER MODEL 3.024.02.043 SCHEDA MCC30-RM TIMER+TST+SSD+CF+AC 3.024.02.049 cart\u00e3o eletr\u00f4nico TST+SSD+CF+AC+CO MCC110-RM 40A 3.024.02.055 CART\u00c3O ELETR\u00d4NICO **MCC13RM** 40A 3.024.02.054 CART\u00c3O ELETR\u00d4NICO *MCC3RM** 110\/220V 40A 3.024.02.050 CART\u00c3O ELETR\u00d4NICO TST MCC2-RM-40A 230-400V 2RELE-40A CO 3.024.02.056 SCHEDA TST MCC2-RM-40A-(HT) 230-400V 2RELE-40A CO (TST-5sec) 3.024.02.032 CART\u00c3O LED MCC30RM 2.020.32.002 CABO PARA O CART\u00c3O LED 3.061.04.002 CONTADOR DE ORA MCC110\/115<\/p>\n","protected":false},"featured_media":68652,"template":"","meta":{"zakra_page_container_layout":"customizer","zakra_page_sidebar_layout":"customizer","zakra_remove_content_margin":false,"zakra_sidebar":"customizer","zakra_transparent_header":"customizer","zakra_logo":0,"zakra_main_header_style":"default","zakra_menu_item_color":"","zakra_menu_item_hover_color":"","zakra_menu_item_active_color":"","zakra_menu_active_style":"","zakra_page_header":true},"product_brand":[],"product_cat":[4053],"product_tag":[],"class_list":{"0":"post-54870","1":"product","2":"type-product","3":"status-publish","4":"has-post-thumbnail","6":"product_cat-placas-eletronicas","8":"first","9":"instock","10":"shipping-taxable","11":"product-type-simple"},"yoast_head":"<!-- This site is optimized with the Yoast SEO plugin v27.5 - https:\/\/yoast.com\/product\/yoast-seo-wordpress\/ -->\n<title>PLACAS ELETR\u00f4NICAS - Mazzoni<\/title>\n<meta name=\"robots\" content=\"index, follow, max-snippet:-1, max-image-preview:large, max-video-preview:-1\" \/>\n<link rel=\"canonical\" href=\"https:\/\/e-mazzoni.it\/pt-br\/produto\/placas-eletronicas\/\" \/>\n<meta property=\"og:locale\" content=\"pt_BR\" \/>\n<meta property=\"og:type\" content=\"article\" \/>\n<meta property=\"og:title\" content=\"PLACAS ELETR\u00f4NICAS - Mazzoni\" \/>\n<meta property=\"og:description\" content=\"PART NUMBER MODEL 3.024.02.043 SCHEDA MCC30-RM TIMER+TST+SSD+CF+AC 3.024.02.049 cart\u00e3o eletr\u00f4nico TST+SSD+CF+AC+CO MCC110-RM 40A 3.024.02.055 CART\u00c3O ELETR\u00d4NICO **MCC13RM** 40A 3.024.02.054 CART\u00c3O ELETR\u00d4NICO *MCC3RM** 110\/220V 40A 3.024.02.050 CART\u00c3O ELETR\u00d4NICO TST MCC2-RM-40A 230-400V 2RELE-40A CO 3.024.02.056 SCHEDA TST MCC2-RM-40A-(HT) 230-400V 2RELE-40A CO (TST-5sec) 3.024.02.032 CART\u00c3O LED MCC30RM 2.020.32.002 CABO PARA O CART\u00c3O LED 3.061.04.002 CONTADOR DE ORA MCC110\/115\" \/>\n<meta property=\"og:url\" content=\"https:\/\/e-mazzoni.it\/pt-br\/produto\/placas-eletronicas\/\" \/>\n<meta property=\"og:site_name\" content=\"Mazzoni\" \/>\n<meta property=\"article:modified_time\" content=\"2026-04-27T03:11:14+00:00\" \/>\n<meta property=\"og:image\" content=\"https:\/\/e-mazzoni.it\/wp-content\/uploads\/2026\/04\/DOC2255158226.jpg\" \/>\n\t<meta property=\"og:image:width\" content=\"226\" \/>\n\t<meta property=\"og:image:height\" content=\"177\" \/>\n\t<meta property=\"og:image:type\" content=\"image\/jpeg\" \/>\n<meta name=\"twitter:card\" content=\"summary_large_image\" \/>\n<!-- \/ Yoast SEO plugin. -->","yoast_head_json":{"title":"PLACAS ELETR\u00f4NICAS - Mazzoni","robots":{"index":"index","follow":"follow","max-snippet":"max-snippet:-1","max-image-preview":"max-image-preview:large","max-video-preview":"max-video-preview:-1"},"canonical":"https:\/\/e-mazzoni.it\/pt-br\/produto\/placas-eletronicas\/","og_locale":"pt_BR","og_type":"article","og_title":"PLACAS ELETR\u00f4NICAS - Mazzoni","og_description":"PART NUMBER MODEL 3.024.02.043 SCHEDA MCC30-RM TIMER+TST+SSD+CF+AC 3.024.02.049 cart\u00e3o eletr\u00f4nico TST+SSD+CF+AC+CO MCC110-RM 40A 3.024.02.055 CART\u00c3O ELETR\u00d4NICO **MCC13RM** 40A 3.024.02.054 CART\u00c3O ELETR\u00d4NICO *MCC3RM** 110\/220V 40A 3.024.02.050 CART\u00c3O ELETR\u00d4NICO TST MCC2-RM-40A 230-400V 2RELE-40A CO 3.024.02.056 SCHEDA TST MCC2-RM-40A-(HT) 230-400V 2RELE-40A CO (TST-5sec) 3.024.02.032 CART\u00c3O LED MCC30RM 2.020.32.002 CABO PARA O CART\u00c3O LED 3.061.04.002 CONTADOR DE ORA MCC110\/115","og_url":"https:\/\/e-mazzoni.it\/pt-br\/produto\/placas-eletronicas\/","og_site_name":"Mazzoni","article_modified_time":"2026-04-27T03:11:14+00:00","og_image":[{"width":226,"height":177,"url":"https:\/\/e-mazzoni.it\/wp-content\/uploads\/2026\/04\/DOC2255158226.jpg","type":"image\/jpeg"}],"twitter_card":"summary_large_image","schema":{"@context":"https:\/\/schema.org","@graph":[{"@type":"WebPage","@id":"https:\/\/e-mazzoni.it\/pt-br\/produto\/placas-eletronicas\/","url":"https:\/\/e-mazzoni.it\/pt-br\/produto\/placas-eletronicas\/","name":"PLACAS ELETR\u00f4NICAS - Mazzoni","isPartOf":{"@id":"https:\/\/e-mazzoni.it\/pt-br\/#website"},"primaryImageOfPage":{"@id":"https:\/\/e-mazzoni.it\/pt-br\/produto\/placas-eletronicas\/#primaryimage"},"image":{"@id":"https:\/\/e-mazzoni.it\/pt-br\/produto\/placas-eletronicas\/#primaryimage"},"thumbnailUrl":"https:\/\/e-mazzoni.it\/wp-content\/uploads\/2026\/04\/DOC2255158226.jpg","datePublished":"2024-10-15T06:58:00+00:00","dateModified":"2026-04-27T03:11:14+00:00","breadcrumb":{"@id":"https:\/\/e-mazzoni.it\/pt-br\/produto\/placas-eletronicas\/#breadcrumb"},"inLanguage":"pt-BR","potentialAction":[{"@type":"ReadAction","target":["https:\/\/e-mazzoni.it\/pt-br\/produto\/placas-eletronicas\/"]}]},{"@type":"ImageObject","inLanguage":"pt-BR","@id":"https:\/\/e-mazzoni.it\/pt-br\/produto\/placas-eletronicas\/#primaryimage","url":"https:\/\/e-mazzoni.it\/wp-content\/uploads\/2026\/04\/DOC2255158226.jpg","contentUrl":"https:\/\/e-mazzoni.it\/wp-content\/uploads\/2026\/04\/DOC2255158226.jpg","width":226,"height":177},{"@type":"BreadcrumbList","@id":"https:\/\/e-mazzoni.it\/pt-br\/produto\/placas-eletronicas\/#breadcrumb","itemListElement":[{"@type":"ListItem","position":1,"name":"Home","item":"https:\/\/e-mazzoni.it\/pt-br\/"},{"@type":"ListItem","position":2,"name":"Produtos","item":"https:\/\/e-mazzoni.it\/pt-br\/produtos\/"},{"@type":"ListItem","position":3,"name":"PLACAS ELETR\u00f4NICAS"}]},{"@type":"WebSite","@id":"https:\/\/e-mazzoni.it\/pt-br\/#website","url":"https:\/\/e-mazzoni.it\/pt-br\/","name":"Mazzoni","description":"Mazzoni","publisher":{"@id":"https:\/\/e-mazzoni.it\/pt-br\/#organization"},"potentialAction":[{"@type":"SearchAction","target":{"@type":"EntryPoint","urlTemplate":"https:\/\/e-mazzoni.it\/pt-br\/?s={search_term_string}"},"query-input":{"@type":"PropertyValueSpecification","valueRequired":true,"valueName":"search_term_string"}}],"inLanguage":"pt-BR"},{"@type":"Organization","@id":"https:\/\/e-mazzoni.it\/pt-br\/#organization","name":"Mazzoni","url":"https:\/\/e-mazzoni.it\/pt-br\/","logo":{"@type":"ImageObject","inLanguage":"pt-BR","@id":"https:\/\/e-mazzoni.it\/pt-br\/#\/schema\/logo\/image\/","url":"https:\/\/e-mazzoni.it\/wp-content\/uploads\/2023\/07\/logo.png","contentUrl":"https:\/\/e-mazzoni.it\/wp-content\/uploads\/2023\/07\/logo.png","width":250,"height":109,"caption":"Mazzoni"},"image":{"@id":"https:\/\/e-mazzoni.it\/pt-br\/#\/schema\/logo\/image\/"}}]}},"_links":{"self":[{"href":"https:\/\/e-mazzoni.it\/pt-br\/wp-json\/wp\/v2\/product\/54870","targetHints":{"allow":["GET"]}}],"collection":[{"href":"https:\/\/e-mazzoni.it\/pt-br\/wp-json\/wp\/v2\/product"}],"about":[{"href":"https:\/\/e-mazzoni.it\/pt-br\/wp-json\/wp\/v2\/types\/product"}],"wp:featuredmedia":[{"embeddable":true,"href":"https:\/\/e-mazzoni.it\/pt-br\/wp-json\/wp\/v2\/media\/68652"}],"wp:attachment":[{"href":"https:\/\/e-mazzoni.it\/pt-br\/wp-json\/wp\/v2\/media?parent=54870"}],"wp:term":[{"taxonomy":"product_brand","embeddable":true,"href":"https:\/\/e-mazzoni.it\/pt-br\/wp-json\/wp\/v2\/product_brand?post=54870"},{"taxonomy":"product_cat","embeddable":true,"href":"https:\/\/e-mazzoni.it\/pt-br\/wp-json\/wp\/v2\/product_cat?post=54870"},{"taxonomy":"product_tag","embeddable":true,"href":"https:\/\/e-mazzoni.it\/pt-br\/wp-json\/wp\/v2\/product_tag?post=54870"}],"curies":[{"name":"wp","href":"https:\/\/api.w.org\/{rel}","templated":true}]}}