{"id":54845,"date":"2024-10-15T06:55:52","date_gmt":"2024-10-15T06:55:52","guid":{"rendered":"https:\/\/e-mazzoni.it\/prodotto\/manometros\/"},"modified":"2026-05-02T03:01:32","modified_gmt":"2026-05-02T03:01:32","slug":"manometros","status":"publish","type":"product","link":"https:\/\/e-mazzoni.it\/pt-br\/produto\/manometros\/","title":{"rendered":"MANOMETROS"},"content":{"rendered":"<div>\n<table style=\"width: 100%\" border=\"1\" id=\"table_options\">\n<tbody>\n<tr>\n<th style=\"color: #fff\" bgcolor=\"#ea2833\">PART NUMBER<\/th>\n<th style=\"color: #fff\" bgcolor=\"#ea2833\">MODEL<\/th>\n<\/tr>\n<tr>\n<td>4.020.04.001<\/td>\n<td>Man\u00f4metro RADIALE 0-400bar G1\\4B MG1 +10%<\/td>\n<\/tr>\n<tr>\n<td>4.020.04.005<\/td>\n<td>CALIBRE  0-600 BAR 1\/4&#8243;<\/td>\n<\/tr>\n<tr>\n<td>4.020.04.006<\/td>\n<td>CALIBRE \u00f840 INOX T:10% 0-300bar G1\\4M<\/td>\n<\/tr>\n<tr>\n<td>4.020.14.002<\/td>\n<td>Man\u00f4metro  \u00d850 Fs400 INOX G1\\4 T10%+STROZ<\/td>\n<\/tr>\n<\/tbody>\n<\/table>\n<\/div>\n","protected":false},"excerpt":{"rendered":"<p>PART NUMBER MODEL 4.020.04.001 Man\u00f4metro RADIALE 0-400bar G1\\4B MG1 +10% 4.020.04.005 CALIBRE 0-600 BAR 1\/4&#8243; 4.020.04.006 CALIBRE \u00f840 INOX T:10% 0-300bar G1\\4M 4.020.14.002 Man\u00f4metro \u00d850 Fs400 INOX G1\\4 T10%+STROZ<\/p>\n","protected":false},"featured_media":68462,"template":"","meta":{"zakra_page_container_layout":"customizer","zakra_page_sidebar_layout":"customizer","zakra_remove_content_margin":false,"zakra_sidebar":"customizer","zakra_transparent_header":"customizer","zakra_logo":0,"zakra_main_header_style":"default","zakra_menu_item_color":"","zakra_menu_item_hover_color":"","zakra_menu_item_active_color":"","zakra_menu_active_style":"","zakra_page_header":true},"product_brand":[],"product_cat":[4051],"product_tag":[],"class_list":{"0":"post-54845","1":"product","2":"type-product","3":"status-publish","4":"has-post-thumbnail","6":"product_cat-acessorios-filtros-manometros","8":"first","9":"instock","10":"shipping-taxable","11":"product-type-simple"},"yoast_head":"<!-- This site is optimized with the Yoast SEO plugin v27.5 - https:\/\/yoast.com\/product\/yoast-seo-wordpress\/ -->\n<title>MANOMETROS - Mazzoni<\/title>\n<meta name=\"robots\" content=\"index, follow, max-snippet:-1, max-image-preview:large, max-video-preview:-1\" \/>\n<link rel=\"canonical\" href=\"https:\/\/e-mazzoni.it\/pt-br\/produto\/manometros\/\" \/>\n<meta property=\"og:locale\" content=\"pt_BR\" \/>\n<meta property=\"og:type\" content=\"article\" \/>\n<meta property=\"og:title\" content=\"MANOMETROS - Mazzoni\" \/>\n<meta property=\"og:description\" content=\"PART NUMBER MODEL 4.020.04.001 Man\u00f4metro RADIALE 0-400bar G14B MG1 +10% 4.020.04.005 CALIBRE 0-600 BAR 1\/4&#8243; 4.020.04.006 CALIBRE \u00f840 INOX T:10% 0-300bar G14M 4.020.14.002 Man\u00f4metro \u00d850 Fs400 INOX G14 T10%+STROZ\" \/>\n<meta property=\"og:url\" content=\"https:\/\/e-mazzoni.it\/pt-br\/produto\/manometros\/\" \/>\n<meta property=\"og:site_name\" content=\"Mazzoni\" \/>\n<meta property=\"article:modified_time\" content=\"2026-05-02T03:01:32+00:00\" \/>\n<meta property=\"og:image\" content=\"https:\/\/e-mazzoni.it\/wp-content\/uploads\/2026\/04\/DOC9757428513.jpg\" \/>\n\t<meta property=\"og:image:width\" content=\"226\" \/>\n\t<meta property=\"og:image:height\" content=\"179\" \/>\n\t<meta property=\"og:image:type\" content=\"image\/jpeg\" \/>\n<meta name=\"twitter:card\" content=\"summary_large_image\" \/>\n<!-- \/ Yoast SEO plugin. -->","yoast_head_json":{"title":"MANOMETROS - Mazzoni","robots":{"index":"index","follow":"follow","max-snippet":"max-snippet:-1","max-image-preview":"max-image-preview:large","max-video-preview":"max-video-preview:-1"},"canonical":"https:\/\/e-mazzoni.it\/pt-br\/produto\/manometros\/","og_locale":"pt_BR","og_type":"article","og_title":"MANOMETROS - Mazzoni","og_description":"PART NUMBER MODEL 4.020.04.001 Man\u00f4metro RADIALE 0-400bar G14B MG1 +10% 4.020.04.005 CALIBRE 0-600 BAR 1\/4&#8243; 4.020.04.006 CALIBRE \u00f840 INOX T:10% 0-300bar G14M 4.020.14.002 Man\u00f4metro \u00d850 Fs400 INOX G14 T10%+STROZ","og_url":"https:\/\/e-mazzoni.it\/pt-br\/produto\/manometros\/","og_site_name":"Mazzoni","article_modified_time":"2026-05-02T03:01:32+00:00","og_image":[{"width":226,"height":179,"url":"https:\/\/e-mazzoni.it\/wp-content\/uploads\/2026\/04\/DOC9757428513.jpg","type":"image\/jpeg"}],"twitter_card":"summary_large_image","schema":{"@context":"https:\/\/schema.org","@graph":[{"@type":"WebPage","@id":"https:\/\/e-mazzoni.it\/pt-br\/produto\/manometros\/","url":"https:\/\/e-mazzoni.it\/pt-br\/produto\/manometros\/","name":"MANOMETROS - Mazzoni","isPartOf":{"@id":"https:\/\/e-mazzoni.it\/pt-br\/#website"},"primaryImageOfPage":{"@id":"https:\/\/e-mazzoni.it\/pt-br\/produto\/manometros\/#primaryimage"},"image":{"@id":"https:\/\/e-mazzoni.it\/pt-br\/produto\/manometros\/#primaryimage"},"thumbnailUrl":"https:\/\/e-mazzoni.it\/wp-content\/uploads\/2026\/04\/DOC9757428513.jpg","datePublished":"2024-10-15T06:55:52+00:00","dateModified":"2026-05-02T03:01:32+00:00","breadcrumb":{"@id":"https:\/\/e-mazzoni.it\/pt-br\/produto\/manometros\/#breadcrumb"},"inLanguage":"pt-BR","potentialAction":[{"@type":"ReadAction","target":["https:\/\/e-mazzoni.it\/pt-br\/produto\/manometros\/"]}]},{"@type":"ImageObject","inLanguage":"pt-BR","@id":"https:\/\/e-mazzoni.it\/pt-br\/produto\/manometros\/#primaryimage","url":"https:\/\/e-mazzoni.it\/wp-content\/uploads\/2026\/04\/DOC9757428513.jpg","contentUrl":"https:\/\/e-mazzoni.it\/wp-content\/uploads\/2026\/04\/DOC9757428513.jpg","width":226,"height":179},{"@type":"BreadcrumbList","@id":"https:\/\/e-mazzoni.it\/pt-br\/produto\/manometros\/#breadcrumb","itemListElement":[{"@type":"ListItem","position":1,"name":"Home","item":"https:\/\/e-mazzoni.it\/pt-br\/"},{"@type":"ListItem","position":2,"name":"Produtos","item":"https:\/\/e-mazzoni.it\/pt-br\/produtos\/"},{"@type":"ListItem","position":3,"name":"MANOMETROS"}]},{"@type":"WebSite","@id":"https:\/\/e-mazzoni.it\/pt-br\/#website","url":"https:\/\/e-mazzoni.it\/pt-br\/","name":"Mazzoni","description":"Mazzoni","publisher":{"@id":"https:\/\/e-mazzoni.it\/pt-br\/#organization"},"potentialAction":[{"@type":"SearchAction","target":{"@type":"EntryPoint","urlTemplate":"https:\/\/e-mazzoni.it\/pt-br\/?s={search_term_string}"},"query-input":{"@type":"PropertyValueSpecification","valueRequired":true,"valueName":"search_term_string"}}],"inLanguage":"pt-BR"},{"@type":"Organization","@id":"https:\/\/e-mazzoni.it\/pt-br\/#organization","name":"Mazzoni","url":"https:\/\/e-mazzoni.it\/pt-br\/","logo":{"@type":"ImageObject","inLanguage":"pt-BR","@id":"https:\/\/e-mazzoni.it\/pt-br\/#\/schema\/logo\/image\/","url":"https:\/\/e-mazzoni.it\/wp-content\/uploads\/2023\/07\/logo.png","contentUrl":"https:\/\/e-mazzoni.it\/wp-content\/uploads\/2023\/07\/logo.png","width":250,"height":109,"caption":"Mazzoni"},"image":{"@id":"https:\/\/e-mazzoni.it\/pt-br\/#\/schema\/logo\/image\/"}}]}},"_links":{"self":[{"href":"https:\/\/e-mazzoni.it\/pt-br\/wp-json\/wp\/v2\/product\/54845","targetHints":{"allow":["GET"]}}],"collection":[{"href":"https:\/\/e-mazzoni.it\/pt-br\/wp-json\/wp\/v2\/product"}],"about":[{"href":"https:\/\/e-mazzoni.it\/pt-br\/wp-json\/wp\/v2\/types\/product"}],"wp:featuredmedia":[{"embeddable":true,"href":"https:\/\/e-mazzoni.it\/pt-br\/wp-json\/wp\/v2\/media\/68462"}],"wp:attachment":[{"href":"https:\/\/e-mazzoni.it\/pt-br\/wp-json\/wp\/v2\/media?parent=54845"}],"wp:term":[{"taxonomy":"product_brand","embeddable":true,"href":"https:\/\/e-mazzoni.it\/pt-br\/wp-json\/wp\/v2\/product_brand?post=54845"},{"taxonomy":"product_cat","embeddable":true,"href":"https:\/\/e-mazzoni.it\/pt-br\/wp-json\/wp\/v2\/product_cat?post=54845"},{"taxonomy":"product_tag","embeddable":true,"href":"https:\/\/e-mazzoni.it\/pt-br\/wp-json\/wp\/v2\/product_tag?post=54845"}],"curies":[{"name":"wp","href":"https:\/\/api.w.org\/{rel}","templated":true}]}}