{"id":54840,"date":"2024-10-15T06:55:22","date_gmt":"2024-10-15T06:55:22","guid":{"rendered":"https:\/\/e-mazzoni.it\/prodotto\/cabecas-e-protetores\/"},"modified":"2026-05-02T02:57:44","modified_gmt":"2026-05-02T02:57:44","slug":"cabecas-e-protetores","status":"publish","type":"product","link":"https:\/\/e-mazzoni.it\/pt-br\/produto\/cabecas-e-protetores\/","title":{"rendered":"CABE\u00c7AS E PROTETORES"},"content":{"rendered":"<div>\n<table style=\"width: 100%\" border=\"1\" id=\"table_options\">\n<tbody>\n<tr>\n<th style=\"color: #fff\" bgcolor=\"#ea2833\">PART NUMBER<\/th>\n<th style=\"color: #fff\" bgcolor=\"#ea2833\">MODEL<\/th>\n<\/tr>\n<tr>\n<td>3.005.02.050<\/td>\n<td>CABE\u00c7A ESPUMA COMPLETA<\/td>\n<\/tr>\n<tr>\n<td>3.005.02.002<\/td>\n<td>CABE\u00c7A 4F FAST -4 SEM BICO<\/td>\n<\/tr>\n<tr>\n<td>3.005.02.012<\/td>\n<td>CABE\u00c7A REGOLAVEL 1\\4&#8243;NPT<\/td>\n<\/tr>\n<tr>\n<td>1.046.02.005<\/td>\n<td>PROTE\u00c7\u00c3O BICO<\/td>\n<\/tr>\n<tr>\n<td>1.046.02.015<\/td>\n<td>PROTE\u00c7\u00c3O LAN\u00c7A 300MM<\/td>\n<\/tr>\n<tr>\n<td>3.005.02.021<\/td>\n<td>CABE\u00c7A ROTOJET 170 BAR OT &#8211; 035<\/td>\n<\/tr>\n<tr>\n<td>3.005.02.033<\/td>\n<td>CABE\u00c7A ROTOJET 250 BAR &#8211; 030<\/td>\n<\/tr>\n<tr>\n<td>3.005.02.023<\/td>\n<td>LAN\u00c7A ROTOJET 250 BAR &#8211; 040<\/td>\n<\/tr>\n<tr>\n<td>3.005.02.026<\/td>\n<td>CABE\u00c7A ROOTOJET 250 BAR &#8211; 045<\/td>\n<\/tr>\n<tr>\n<td>3.005.02.025<\/td>\n<td>CABE\u00c7A ROTOJET 250 BAR &#8211; 050<\/td>\n<\/tr>\n<tr>\n<td>3.005.02.042<\/td>\n<td>CABE\u00c7A ROTOJET 250 BAR &#8211; 055<\/td>\n<\/tr>\n<tr>\n<td>3.005.02.032<\/td>\n<td>CABE\u00c7A ROTOJET 250 BAR &#8211; 060<\/td>\n<\/tr>\n<tr>\n<td>3.005.02.037<\/td>\n<td>CABE\u00c7A ROTOJET 250 BAR &#8211; 065<\/td>\n<\/tr>\n<tr>\n<td>3.005.02.043<\/td>\n<td>CABE\u00c7A ROTOJET 250 BAR 070<\/td>\n<\/tr>\n<tr>\n<td>3.005.02.036<\/td>\n<td>CABE\u00c7A ROTOJET 250 BAR &#8211; 080<\/td>\n<\/tr>\n<tr>\n<td>3.005.02.055<\/td>\n<td>TESTINA ROTOJET UGELLO 03 400bar<\/td>\n<\/tr>\n<tr>\n<td>3.005.02.053<\/td>\n<td>TESTINA ROTANTE 500BAR UG.030 COD:0204006800<\/td>\n<\/tr>\n<tr>\n<td>3.005.02.047<\/td>\n<td>TESTINA ROTOJET 500 BAR UG_040 1\/4&#8243;G<\/td>\n<\/tr>\n<\/tbody>\n<\/table>\n<\/div>\n","protected":false},"excerpt":{"rendered":"<p>PART NUMBER MODEL 3.005.02.050 CABE\u00c7A ESPUMA COMPLETA 3.005.02.002 CABE\u00c7A 4F FAST -4 SEM BICO 3.005.02.012 CABE\u00c7A REGOLAVEL 1\\4&#8243;NPT 1.046.02.005 PROTE\u00c7\u00c3O BICO 1.046.02.015 PROTE\u00c7\u00c3O LAN\u00c7A 300MM 3.005.02.021 CABE\u00c7A ROTOJET 170 BAR OT &#8211; 035 3.005.02.033 CABE\u00c7A ROTOJET 250 BAR &#8211; 030 3.005.02.023 LAN\u00c7A ROTOJET 250 BAR &#8211; 040 3.005.02.026 CABE\u00c7A ROOTOJET 250 BAR &#8211; 045 3.005.02.025 [&hellip;]<\/p>\n","protected":false},"featured_media":68425,"template":"","meta":{"zakra_page_container_layout":"customizer","zakra_page_sidebar_layout":"customizer","zakra_remove_content_margin":false,"zakra_sidebar":"customizer","zakra_transparent_header":"customizer","zakra_logo":0,"zakra_main_header_style":"default","zakra_menu_item_color":"","zakra_menu_item_hover_color":"","zakra_menu_item_active_color":"","zakra_menu_active_style":"","zakra_page_header":true},"product_brand":[],"product_cat":[4040],"product_tag":[],"class_list":{"0":"post-54840","1":"product","2":"type-product","3":"status-publish","4":"has-post-thumbnail","6":"product_cat-armas-lancas-bicos","8":"first","9":"instock","10":"shipping-taxable","11":"product-type-simple"},"yoast_head":"<!-- This site is optimized with the Yoast SEO plugin v27.5 - https:\/\/yoast.com\/product\/yoast-seo-wordpress\/ -->\n<title>CABE\u00c7AS E PROTETORES - Mazzoni<\/title>\n<meta name=\"robots\" content=\"index, follow, max-snippet:-1, max-image-preview:large, max-video-preview:-1\" \/>\n<link rel=\"canonical\" href=\"https:\/\/e-mazzoni.it\/pt-br\/produto\/cabecas-e-protetores\/\" \/>\n<meta property=\"og:locale\" content=\"pt_BR\" \/>\n<meta property=\"og:type\" content=\"article\" \/>\n<meta property=\"og:title\" content=\"CABE\u00c7AS E PROTETORES - Mazzoni\" \/>\n<meta property=\"og:description\" content=\"PART NUMBER MODEL 3.005.02.050 CABE\u00c7A ESPUMA COMPLETA 3.005.02.002 CABE\u00c7A 4F FAST -4 SEM BICO 3.005.02.012 CABE\u00c7A REGOLAVEL 14&#8243;NPT 1.046.02.005 PROTE\u00c7\u00c3O BICO 1.046.02.015 PROTE\u00c7\u00c3O LAN\u00c7A 300MM 3.005.02.021 CABE\u00c7A ROTOJET 170 BAR OT &#8211; 035 3.005.02.033 CABE\u00c7A ROTOJET 250 BAR &#8211; 030 3.005.02.023 LAN\u00c7A ROTOJET 250 BAR &#8211; 040 3.005.02.026 CABE\u00c7A ROOTOJET 250 BAR &#8211; 045 3.005.02.025 [&hellip;]\" \/>\n<meta property=\"og:url\" content=\"https:\/\/e-mazzoni.it\/pt-br\/produto\/cabecas-e-protetores\/\" \/>\n<meta property=\"og:site_name\" content=\"Mazzoni\" \/>\n<meta property=\"article:modified_time\" content=\"2026-05-02T02:57:44+00:00\" \/>\n<meta property=\"og:image\" content=\"https:\/\/e-mazzoni.it\/wp-content\/uploads\/2026\/04\/DOC6545220042.jpg\" \/>\n\t<meta property=\"og:image:width\" content=\"226\" \/>\n\t<meta property=\"og:image:height\" content=\"178\" \/>\n\t<meta property=\"og:image:type\" content=\"image\/jpeg\" \/>\n<meta name=\"twitter:card\" content=\"summary_large_image\" \/>\n<!-- \/ Yoast SEO plugin. -->","yoast_head_json":{"title":"CABE\u00c7AS E PROTETORES - Mazzoni","robots":{"index":"index","follow":"follow","max-snippet":"max-snippet:-1","max-image-preview":"max-image-preview:large","max-video-preview":"max-video-preview:-1"},"canonical":"https:\/\/e-mazzoni.it\/pt-br\/produto\/cabecas-e-protetores\/","og_locale":"pt_BR","og_type":"article","og_title":"CABE\u00c7AS E PROTETORES - Mazzoni","og_description":"PART NUMBER MODEL 3.005.02.050 CABE\u00c7A ESPUMA COMPLETA 3.005.02.002 CABE\u00c7A 4F FAST -4 SEM BICO 3.005.02.012 CABE\u00c7A REGOLAVEL 14&#8243;NPT 1.046.02.005 PROTE\u00c7\u00c3O BICO 1.046.02.015 PROTE\u00c7\u00c3O LAN\u00c7A 300MM 3.005.02.021 CABE\u00c7A ROTOJET 170 BAR OT &#8211; 035 3.005.02.033 CABE\u00c7A ROTOJET 250 BAR &#8211; 030 3.005.02.023 LAN\u00c7A ROTOJET 250 BAR &#8211; 040 3.005.02.026 CABE\u00c7A ROOTOJET 250 BAR &#8211; 045 3.005.02.025 [&hellip;]","og_url":"https:\/\/e-mazzoni.it\/pt-br\/produto\/cabecas-e-protetores\/","og_site_name":"Mazzoni","article_modified_time":"2026-05-02T02:57:44+00:00","og_image":[{"width":226,"height":178,"url":"https:\/\/e-mazzoni.it\/wp-content\/uploads\/2026\/04\/DOC6545220042.jpg","type":"image\/jpeg"}],"twitter_card":"summary_large_image","schema":{"@context":"https:\/\/schema.org","@graph":[{"@type":"WebPage","@id":"https:\/\/e-mazzoni.it\/pt-br\/produto\/cabecas-e-protetores\/","url":"https:\/\/e-mazzoni.it\/pt-br\/produto\/cabecas-e-protetores\/","name":"CABE\u00c7AS E PROTETORES - Mazzoni","isPartOf":{"@id":"https:\/\/e-mazzoni.it\/pt-br\/#website"},"primaryImageOfPage":{"@id":"https:\/\/e-mazzoni.it\/pt-br\/produto\/cabecas-e-protetores\/#primaryimage"},"image":{"@id":"https:\/\/e-mazzoni.it\/pt-br\/produto\/cabecas-e-protetores\/#primaryimage"},"thumbnailUrl":"https:\/\/e-mazzoni.it\/wp-content\/uploads\/2026\/04\/DOC6545220042.jpg","datePublished":"2024-10-15T06:55:22+00:00","dateModified":"2026-05-02T02:57:44+00:00","breadcrumb":{"@id":"https:\/\/e-mazzoni.it\/pt-br\/produto\/cabecas-e-protetores\/#breadcrumb"},"inLanguage":"pt-BR","potentialAction":[{"@type":"ReadAction","target":["https:\/\/e-mazzoni.it\/pt-br\/produto\/cabecas-e-protetores\/"]}]},{"@type":"ImageObject","inLanguage":"pt-BR","@id":"https:\/\/e-mazzoni.it\/pt-br\/produto\/cabecas-e-protetores\/#primaryimage","url":"https:\/\/e-mazzoni.it\/wp-content\/uploads\/2026\/04\/DOC6545220042.jpg","contentUrl":"https:\/\/e-mazzoni.it\/wp-content\/uploads\/2026\/04\/DOC6545220042.jpg","width":226,"height":178},{"@type":"BreadcrumbList","@id":"https:\/\/e-mazzoni.it\/pt-br\/produto\/cabecas-e-protetores\/#breadcrumb","itemListElement":[{"@type":"ListItem","position":1,"name":"Home","item":"https:\/\/e-mazzoni.it\/pt-br\/"},{"@type":"ListItem","position":2,"name":"Produtos","item":"https:\/\/e-mazzoni.it\/pt-br\/produtos\/"},{"@type":"ListItem","position":3,"name":"CABE\u00c7AS E PROTETORES"}]},{"@type":"WebSite","@id":"https:\/\/e-mazzoni.it\/pt-br\/#website","url":"https:\/\/e-mazzoni.it\/pt-br\/","name":"Mazzoni","description":"Mazzoni","publisher":{"@id":"https:\/\/e-mazzoni.it\/pt-br\/#organization"},"potentialAction":[{"@type":"SearchAction","target":{"@type":"EntryPoint","urlTemplate":"https:\/\/e-mazzoni.it\/pt-br\/?s={search_term_string}"},"query-input":{"@type":"PropertyValueSpecification","valueRequired":true,"valueName":"search_term_string"}}],"inLanguage":"pt-BR"},{"@type":"Organization","@id":"https:\/\/e-mazzoni.it\/pt-br\/#organization","name":"Mazzoni","url":"https:\/\/e-mazzoni.it\/pt-br\/","logo":{"@type":"ImageObject","inLanguage":"pt-BR","@id":"https:\/\/e-mazzoni.it\/pt-br\/#\/schema\/logo\/image\/","url":"https:\/\/e-mazzoni.it\/wp-content\/uploads\/2023\/07\/logo.png","contentUrl":"https:\/\/e-mazzoni.it\/wp-content\/uploads\/2023\/07\/logo.png","width":250,"height":109,"caption":"Mazzoni"},"image":{"@id":"https:\/\/e-mazzoni.it\/pt-br\/#\/schema\/logo\/image\/"}}]}},"_links":{"self":[{"href":"https:\/\/e-mazzoni.it\/pt-br\/wp-json\/wp\/v2\/product\/54840","targetHints":{"allow":["GET"]}}],"collection":[{"href":"https:\/\/e-mazzoni.it\/pt-br\/wp-json\/wp\/v2\/product"}],"about":[{"href":"https:\/\/e-mazzoni.it\/pt-br\/wp-json\/wp\/v2\/types\/product"}],"wp:featuredmedia":[{"embeddable":true,"href":"https:\/\/e-mazzoni.it\/pt-br\/wp-json\/wp\/v2\/media\/68425"}],"wp:attachment":[{"href":"https:\/\/e-mazzoni.it\/pt-br\/wp-json\/wp\/v2\/media?parent=54840"}],"wp:term":[{"taxonomy":"product_brand","embeddable":true,"href":"https:\/\/e-mazzoni.it\/pt-br\/wp-json\/wp\/v2\/product_brand?post=54840"},{"taxonomy":"product_cat","embeddable":true,"href":"https:\/\/e-mazzoni.it\/pt-br\/wp-json\/wp\/v2\/product_cat?post=54840"},{"taxonomy":"product_tag","embeddable":true,"href":"https:\/\/e-mazzoni.it\/pt-br\/wp-json\/wp\/v2\/product_tag?post=54840"}],"curies":[{"name":"wp","href":"https:\/\/api.w.org\/{rel}","templated":true}]}}