{"id":54838,"date":"2024-10-15T06:55:10","date_gmt":"2024-10-15T06:55:10","guid":{"rendered":"https:\/\/e-mazzoni.it\/prodotto\/valvulas-de-seguranca\/"},"modified":"2026-05-02T02:56:13","modified_gmt":"2026-05-02T02:56:13","slug":"valvulas-de-seguranca","status":"publish","type":"product","link":"https:\/\/e-mazzoni.it\/pt-br\/produto\/valvulas-de-seguranca\/","title":{"rendered":"V\u00e1LVULAS DE SEGURAN\u00e7A"},"content":{"rendered":"<div>\n<table style=\"width: 100%\" border=\"1\" id=\"table_options\">\n<tbody>\n<tr>\n<th style=\"color: #fff\" bgcolor=\"#ea2833\">PART NUMBER<\/th>\n<th style=\"color: #fff\" bgcolor=\"#ea2833\">MODEL<\/th>\n<\/tr>\n<tr>\n<td>3.003.22.002<\/td>\n<td>V\u00c1LVULA DE SEGURAN\u00c7A 200BAR 3\/8FF<\/td>\n<\/tr>\n<tr>\n<td>3.003.22.005<\/td>\n<td>V\u00c1LVULA DE SEGURAN\u00c7A 200 BAR G3\/8 MM<\/td>\n<\/tr>\n<tr>\n<td>3.003.22.006<\/td>\n<td>V\u00c1LVULA DE SEGURAN\u00c7A 250 BAR G3\/8 FF<\/td>\n<\/tr>\n<tr>\n<td>3.003.22.007<\/td>\n<td>V\u00c1LVULA DE SEGURAN\u00c7A 250BAR 3\/8 GM<\/td>\n<\/tr>\n<tr>\n<td>3.003.24.002<\/td>\n<td>VALVOLA SICUREZZA SVL50 &#8211; 200\/560 BAR 100L 90\u00b0C<\/td>\n<\/tr>\n<\/tbody>\n<\/table>\n<\/div>\n","protected":false},"excerpt":{"rendered":"<p>PART NUMBER MODEL 3.003.22.002 V\u00c1LVULA DE SEGURAN\u00c7A 200BAR 3\/8FF 3.003.22.005 V\u00c1LVULA DE SEGURAN\u00c7A 200 BAR G3\/8 MM 3.003.22.006 V\u00c1LVULA DE SEGURAN\u00c7A 250 BAR G3\/8 FF 3.003.22.007 V\u00c1LVULA DE SEGURAN\u00c7A 250BAR 3\/8 GM 3.003.24.002 VALVOLA SICUREZZA SVL50 &#8211; 200\/560 BAR 100L 90\u00b0C<\/p>\n","protected":false},"featured_media":68412,"template":"","meta":{"zakra_page_container_layout":"customizer","zakra_page_sidebar_layout":"customizer","zakra_remove_content_margin":false,"zakra_sidebar":"customizer","zakra_transparent_header":"customizer","zakra_logo":0,"zakra_main_header_style":"default","zakra_menu_item_color":"","zakra_menu_item_hover_color":"","zakra_menu_item_active_color":"","zakra_menu_active_style":"","zakra_page_header":true},"product_brand":[],"product_cat":[4050],"product_tag":[],"class_list":{"0":"post-54838","1":"product","2":"type-product","3":"status-publish","4":"has-post-thumbnail","6":"product_cat-valvulas-2","8":"first","9":"instock","10":"shipping-taxable","11":"product-type-simple"},"yoast_head":"<!-- This site is optimized with the Yoast SEO plugin v27.5 - https:\/\/yoast.com\/product\/yoast-seo-wordpress\/ -->\n<title>V\u00e1LVULAS DE SEGURAN\u00e7A - Mazzoni<\/title>\n<meta name=\"robots\" content=\"index, follow, max-snippet:-1, max-image-preview:large, max-video-preview:-1\" \/>\n<link rel=\"canonical\" href=\"https:\/\/e-mazzoni.it\/pt-br\/produto\/valvulas-de-seguranca\/\" \/>\n<meta property=\"og:locale\" content=\"pt_BR\" \/>\n<meta property=\"og:type\" content=\"article\" \/>\n<meta property=\"og:title\" content=\"V\u00e1LVULAS DE SEGURAN\u00e7A - Mazzoni\" \/>\n<meta property=\"og:description\" content=\"PART NUMBER MODEL 3.003.22.002 V\u00c1LVULA DE SEGURAN\u00c7A 200BAR 3\/8FF 3.003.22.005 V\u00c1LVULA DE SEGURAN\u00c7A 200 BAR G3\/8 MM 3.003.22.006 V\u00c1LVULA DE SEGURAN\u00c7A 250 BAR G3\/8 FF 3.003.22.007 V\u00c1LVULA DE SEGURAN\u00c7A 250BAR 3\/8 GM 3.003.24.002 VALVOLA SICUREZZA SVL50 &#8211; 200\/560 BAR 100L 90\u00b0C\" \/>\n<meta property=\"og:url\" content=\"https:\/\/e-mazzoni.it\/pt-br\/produto\/valvulas-de-seguranca\/\" \/>\n<meta property=\"og:site_name\" content=\"Mazzoni\" \/>\n<meta property=\"article:modified_time\" content=\"2026-05-02T02:56:13+00:00\" \/>\n<meta property=\"og:image\" content=\"https:\/\/e-mazzoni.it\/wp-content\/uploads\/2026\/04\/DOC3315559944.jpg\" \/>\n\t<meta property=\"og:image:width\" content=\"226\" \/>\n\t<meta property=\"og:image:height\" content=\"213\" \/>\n\t<meta property=\"og:image:type\" content=\"image\/jpeg\" \/>\n<meta name=\"twitter:card\" content=\"summary_large_image\" \/>\n<!-- \/ Yoast SEO plugin. -->","yoast_head_json":{"title":"V\u00e1LVULAS DE SEGURAN\u00e7A - Mazzoni","robots":{"index":"index","follow":"follow","max-snippet":"max-snippet:-1","max-image-preview":"max-image-preview:large","max-video-preview":"max-video-preview:-1"},"canonical":"https:\/\/e-mazzoni.it\/pt-br\/produto\/valvulas-de-seguranca\/","og_locale":"pt_BR","og_type":"article","og_title":"V\u00e1LVULAS DE SEGURAN\u00e7A - Mazzoni","og_description":"PART NUMBER MODEL 3.003.22.002 V\u00c1LVULA DE SEGURAN\u00c7A 200BAR 3\/8FF 3.003.22.005 V\u00c1LVULA DE SEGURAN\u00c7A 200 BAR G3\/8 MM 3.003.22.006 V\u00c1LVULA DE SEGURAN\u00c7A 250 BAR G3\/8 FF 3.003.22.007 V\u00c1LVULA DE SEGURAN\u00c7A 250BAR 3\/8 GM 3.003.24.002 VALVOLA SICUREZZA SVL50 &#8211; 200\/560 BAR 100L 90\u00b0C","og_url":"https:\/\/e-mazzoni.it\/pt-br\/produto\/valvulas-de-seguranca\/","og_site_name":"Mazzoni","article_modified_time":"2026-05-02T02:56:13+00:00","og_image":[{"width":226,"height":213,"url":"https:\/\/e-mazzoni.it\/wp-content\/uploads\/2026\/04\/DOC3315559944.jpg","type":"image\/jpeg"}],"twitter_card":"summary_large_image","schema":{"@context":"https:\/\/schema.org","@graph":[{"@type":"WebPage","@id":"https:\/\/e-mazzoni.it\/pt-br\/produto\/valvulas-de-seguranca\/","url":"https:\/\/e-mazzoni.it\/pt-br\/produto\/valvulas-de-seguranca\/","name":"V\u00e1LVULAS DE SEGURAN\u00e7A - Mazzoni","isPartOf":{"@id":"https:\/\/e-mazzoni.it\/pt-br\/#website"},"primaryImageOfPage":{"@id":"https:\/\/e-mazzoni.it\/pt-br\/produto\/valvulas-de-seguranca\/#primaryimage"},"image":{"@id":"https:\/\/e-mazzoni.it\/pt-br\/produto\/valvulas-de-seguranca\/#primaryimage"},"thumbnailUrl":"https:\/\/e-mazzoni.it\/wp-content\/uploads\/2026\/04\/DOC3315559944.jpg","datePublished":"2024-10-15T06:55:10+00:00","dateModified":"2026-05-02T02:56:13+00:00","breadcrumb":{"@id":"https:\/\/e-mazzoni.it\/pt-br\/produto\/valvulas-de-seguranca\/#breadcrumb"},"inLanguage":"pt-BR","potentialAction":[{"@type":"ReadAction","target":["https:\/\/e-mazzoni.it\/pt-br\/produto\/valvulas-de-seguranca\/"]}]},{"@type":"ImageObject","inLanguage":"pt-BR","@id":"https:\/\/e-mazzoni.it\/pt-br\/produto\/valvulas-de-seguranca\/#primaryimage","url":"https:\/\/e-mazzoni.it\/wp-content\/uploads\/2026\/04\/DOC3315559944.jpg","contentUrl":"https:\/\/e-mazzoni.it\/wp-content\/uploads\/2026\/04\/DOC3315559944.jpg","width":226,"height":213},{"@type":"BreadcrumbList","@id":"https:\/\/e-mazzoni.it\/pt-br\/produto\/valvulas-de-seguranca\/#breadcrumb","itemListElement":[{"@type":"ListItem","position":1,"name":"Home","item":"https:\/\/e-mazzoni.it\/pt-br\/"},{"@type":"ListItem","position":2,"name":"Produtos","item":"https:\/\/e-mazzoni.it\/pt-br\/produtos\/"},{"@type":"ListItem","position":3,"name":"V\u00e1LVULAS DE SEGURAN\u00e7A"}]},{"@type":"WebSite","@id":"https:\/\/e-mazzoni.it\/pt-br\/#website","url":"https:\/\/e-mazzoni.it\/pt-br\/","name":"Mazzoni","description":"Mazzoni","publisher":{"@id":"https:\/\/e-mazzoni.it\/pt-br\/#organization"},"potentialAction":[{"@type":"SearchAction","target":{"@type":"EntryPoint","urlTemplate":"https:\/\/e-mazzoni.it\/pt-br\/?s={search_term_string}"},"query-input":{"@type":"PropertyValueSpecification","valueRequired":true,"valueName":"search_term_string"}}],"inLanguage":"pt-BR"},{"@type":"Organization","@id":"https:\/\/e-mazzoni.it\/pt-br\/#organization","name":"Mazzoni","url":"https:\/\/e-mazzoni.it\/pt-br\/","logo":{"@type":"ImageObject","inLanguage":"pt-BR","@id":"https:\/\/e-mazzoni.it\/pt-br\/#\/schema\/logo\/image\/","url":"https:\/\/e-mazzoni.it\/wp-content\/uploads\/2023\/07\/logo.png","contentUrl":"https:\/\/e-mazzoni.it\/wp-content\/uploads\/2023\/07\/logo.png","width":250,"height":109,"caption":"Mazzoni"},"image":{"@id":"https:\/\/e-mazzoni.it\/pt-br\/#\/schema\/logo\/image\/"}}]}},"_links":{"self":[{"href":"https:\/\/e-mazzoni.it\/pt-br\/wp-json\/wp\/v2\/product\/54838","targetHints":{"allow":["GET"]}}],"collection":[{"href":"https:\/\/e-mazzoni.it\/pt-br\/wp-json\/wp\/v2\/product"}],"about":[{"href":"https:\/\/e-mazzoni.it\/pt-br\/wp-json\/wp\/v2\/types\/product"}],"wp:featuredmedia":[{"embeddable":true,"href":"https:\/\/e-mazzoni.it\/pt-br\/wp-json\/wp\/v2\/media\/68412"}],"wp:attachment":[{"href":"https:\/\/e-mazzoni.it\/pt-br\/wp-json\/wp\/v2\/media?parent=54838"}],"wp:term":[{"taxonomy":"product_brand","embeddable":true,"href":"https:\/\/e-mazzoni.it\/pt-br\/wp-json\/wp\/v2\/product_brand?post=54838"},{"taxonomy":"product_cat","embeddable":true,"href":"https:\/\/e-mazzoni.it\/pt-br\/wp-json\/wp\/v2\/product_cat?post=54838"},{"taxonomy":"product_tag","embeddable":true,"href":"https:\/\/e-mazzoni.it\/pt-br\/wp-json\/wp\/v2\/product_tag?post=54838"}],"curies":[{"name":"wp","href":"https:\/\/api.w.org\/{rel}","templated":true}]}}