{"id":54823,"date":"2024-10-15T06:52:47","date_gmt":"2024-10-15T06:52:47","guid":{"rendered":"https:\/\/e-mazzoni.it\/prodotto\/mmd-car-wash-1000-rpm\/"},"modified":"2026-05-02T02:44:09","modified_gmt":"2026-05-02T02:44:09","slug":"mmd-car-wash-1000-rpm","status":"publish","type":"product","link":"https:\/\/e-mazzoni.it\/pt-br\/produto\/mmd-car-wash-1000-rpm\/","title":{"rendered":"MMD-CAR WASH &#8211; 1000 RPM"},"content":{"rendered":"<p>MMD-CAR WASH-1000RPM SERIES: bombas industriais de alta press\u00e3o em linha de 3 pist\u00f5es com sistema de biela\/manivela. Press\u00e3o m\u00e1xima 250BAR (3625,95psi).<br \/>\nAlto desempenho, manuten\u00e7\u00e3o m\u00ednima e confiabilidade s\u00e3o garantidos por materiais de qualidade que garantem uma longa vida \u00fatil. Produ\u00e7\u00e3o 100% italiana nas nossas f\u00e1bricas em Reggio Emilia.<\/p>\n<div>\n<table style=\"width: 100%\" border=\"1\" id=\"table_options\">\n<tbody>\n<tr>\n<th style=\"color: #fff\" bgcolor=\"#ea2833\">CODICE<\/th>\n<th style=\"color: #fff\" bgcolor=\"#ea2833\">DESCRIZIONE<\/th>\n<th style=\"color: #fff\" bgcolor=\"#ea2833\">PRESSIONE BAR<\/th>\n<th style=\"color: #fff\" bgcolor=\"#ea2833\">PRESSIONE PSI<\/th>\n<th style=\"color: #fff\" bgcolor=\"#ea2833\">PORTATA LT RPM1<\/th>\n<th style=\"color: #fff\" bgcolor=\"#ea2833\">PORTATA GPM RPM1<\/th>\n<th style=\"color: #fff\" bgcolor=\"#ea2833\">GIRI RPM 1<\/th>\n<th style=\"color: #fff\" bgcolor=\"#ea2833\">POTENZA HP RPM1<\/th>\n<th style=\"color: #fff\" bgcolor=\"#ea2833\">POTENZA KW RPM1<\/th>\n<th style=\"color: #fff\" bgcolor=\"#ea2833\">PORTATA LT RPM2<\/th>\n<th style=\"color: #fff\" bgcolor=\"#ea2833\">PORTATA GPM RPM2<\/th>\n<th style=\"color: #fff\" bgcolor=\"#ea2833\">GIRI RPM 2<\/th>\n<th style=\"color: #fff\" bgcolor=\"#ea2833\">POTENZA HP RPM2<\/th>\n<th style=\"color: #fff\" bgcolor=\"#ea2833\">POTENZA KW RPM2<\/th>\n<th style=\"color: #fff\" bgcolor=\"#ea2833\">DIAMETRO<\/th>\n<th style=\"color: #fff\" bgcolor=\"#ea2833\">DIAMETRO INCH<\/th>\n<th style=\"color: #fff\" bgcolor=\"#ea2833\">ALBERO LUNG<\/th>\n<th style=\"color: #fff\" bgcolor=\"#ea2833\">ALBERO LUNG INCH<\/th>\n<th style=\"color: #fff\" bgcolor=\"#ea2833\">ALBERO<\/th>\n<th style=\"color: #fff\" bgcolor=\"#ea2833\">PISTONE De<\/th>\n<th style=\"color: #fff\" bgcolor=\"#ea2833\">PISTONE De INCH<\/th>\n<th style=\"color: #fff\" bgcolor=\"#ea2833\">T ACQUA INLET MAX<\/th>\n<th style=\"color: #fff\" bgcolor=\"#ea2833\">PRESSIONE MIN IN BAR<\/th>\n<th style=\"color: #fff\" bgcolor=\"#ea2833\">PRESSIONE MIN IN PSI<\/th>\n<th style=\"color: #fff\" bgcolor=\"#ea2833\">CAPACITA OLIO LT<\/th>\n<th style=\"color: #fff\" bgcolor=\"#ea2833\">CAPACITA OLIO GAL<\/th>\n<th style=\"color: #fff\" bgcolor=\"#ea2833\">INLET<\/th>\n<th style=\"color: #fff\" bgcolor=\"#ea2833\">OUTLET<\/th>\n<th style=\"color: #fff\" bgcolor=\"#ea2833\">PESO NETTO<\/th>\n<th style=\"color: #fff\" bgcolor=\"#ea2833\">PESO NETTO LBS<\/th>\n<\/tr>\n<tr>\n<td align=\"center !important\">P3.022.009-2<\/td>\n<td align=\"center !important\">MMD CW 15250R<\/td>\n<td align=\"center !important\">250<\/td>\n<td align=\"center !important\">3625<\/td>\n<td align=\"center !important\">15<\/td>\n<td align=\"center !important\">3,96<\/td>\n<td align=\"center !important\">1000<\/td>\n<td align=\"center !important\">9,74<\/td>\n<td align=\"center !important\">7,27<\/td>\n<td align=\"center !important\">18<\/td>\n<td align=\"center !important\">4,75<\/td>\n<td align=\"center !important\">1200<\/td>\n<td align=\"center !important\">11,69<\/td>\n<td align=\"center !important\">8,72<\/td>\n<td align=\"center !important\">24mm<\/td>\n<td align=\"center !important\">0.9 in.<\/td>\n<td align=\"center !important\">40mm<\/td>\n<td align=\"center !important\">1.6 in.<\/td>\n<td align=\"center !important\">Destro\/Right<\/td>\n<td align=\"center !important\">20mm<\/td>\n<td align=\"center !important\">0.8 in.<\/td>\n<td align=\"center !important\">65\u00b0C &#8211; 149\u00b0F<\/td>\n<td align=\"center !important\">0,2<\/td>\n<td align=\"center !important\">2,9<\/td>\n<td align=\"center !important\">0,7<\/td>\n<td align=\"center !important\">0,18<\/td>\n<td align=\"center !important\">G 1\/2&#8243;<\/td>\n<td align=\"center !important\">G 3\/8&#8243;<\/td>\n<td align=\"center !important\">10,4<\/td>\n<td align=\"center !important\">23<\/td>\n<\/tr>\n<tr>\n<td align=\"center !important\">P3.022.010-2<\/td>\n<td align=\"center !important\">MMD CW 15250L<\/td>\n<td align=\"center !important\">250<\/td>\n<td align=\"center !important\">3625<\/td>\n<td align=\"center !important\">15<\/td>\n<td align=\"center !important\">3,96<\/td>\n<td align=\"center !important\">1000<\/td>\n<td align=\"center !important\">9,74<\/td>\n<td align=\"center !important\">7,27<\/td>\n<td align=\"center !important\">18<\/td>\n<td align=\"center !important\">4,75<\/td>\n<td align=\"center !important\">1200<\/td>\n<td align=\"center !important\">11,69<\/td>\n<td align=\"center !important\">8,72<\/td>\n<td align=\"center !important\">24mm<\/td>\n<td align=\"center !important\">0.9 in.<\/td>\n<td align=\"center !important\">40mm<\/td>\n<td align=\"center !important\">1.6 in.<\/td>\n<td align=\"center !important\">Sinistro\/Left<\/td>\n<td align=\"center !important\">20mm<\/td>\n<td align=\"center !important\">0.8 in.<\/td>\n<td align=\"center !important\">65\u00b0C &#8211; 149\u00b0F<\/td>\n<td align=\"center !important\">0,2<\/td>\n<td align=\"center !important\">2,9<\/td>\n<td align=\"center !important\">0,7<\/td>\n<td align=\"center !important\">018<\/td>\n<td align=\"center !important\">G 1\/2&#8243;<\/td>\n<td align=\"center !important\">G 3\/8&#8243;<\/td>\n<td align=\"center !important\">10,7<\/td>\n<td align=\"center !important\">23<\/td>\n<\/tr>\n<\/tbody>\n<\/table>\n<\/div>\n","protected":false},"excerpt":{"rendered":"<p>BOMBAS DE ALTA PRESS\u00c3O MAZZONI<\/p>\n<p>Hastes de pist\u00e3o de guia retificadas e superdimensionadas para redu\u00e7\u00e3o do atrito durante o fluxo e veda\u00e7\u00e3o aprimorada do \u00f3leo.<br \/>\nEixo oversized com terminal para melhor transmiss\u00e3o de torque.<br \/>\nPist\u00f5es cer\u00e2micos grossos para maior durabilidade.<br \/>\nV\u00e1lvulas de entrada e sa\u00edda com passagens de \u00e1gua aumentadas.<br \/>\nBielas oversized feitas com uma liga especial anti-fric\u00e7\u00e3o.<br \/>\nForjado NIQUELADO cabe\u00e7a da bomba de lat\u00e3o com design para alta resist\u00eancia.<br \/>\nSistema de veda\u00e7\u00e3o dupla.<br \/>\nRolamentos de rolos c\u00f4nicos de alta resist\u00eancia.<br \/>\nCorpo da bomba robusto projetado para durar ao longo do tempo.<br \/>\nJuntas com \\&#8221;U\\&#8221;<\/p>\n","protected":false},"featured_media":68255,"template":"","meta":{"zakra_page_container_layout":"customizer","zakra_page_sidebar_layout":"customizer","zakra_remove_content_margin":false,"zakra_sidebar":"customizer","zakra_transparent_header":"customizer","zakra_logo":0,"zakra_main_header_style":"default","zakra_menu_item_color":"","zakra_menu_item_hover_color":"","zakra_menu_item_active_color":"","zakra_menu_active_style":"","zakra_page_header":true},"product_brand":[],"product_cat":[4061],"product_tag":[4066,4067,4065],"class_list":{"0":"post-54823","1":"product","2":"type-product","3":"status-publish","4":"has-post-thumbnail","6":"product_cat-bombas-mazzoni","7":"product_tag-agricultura_pt_br","8":"product_tag-lavagem_de_carros_pt_br","9":"product_tag-limpeza_pt_br","11":"first","12":"instock","13":"shipping-taxable","14":"product-type-simple"},"yoast_head":"<!-- This site is optimized with the Yoast SEO plugin v27.5 - https:\/\/yoast.com\/product\/yoast-seo-wordpress\/ -->\n<title>MMD-CAR WASH - 1000 RPM - Mazzoni<\/title>\n<meta name=\"robots\" content=\"index, follow, max-snippet:-1, max-image-preview:large, max-video-preview:-1\" \/>\n<link rel=\"canonical\" href=\"https:\/\/e-mazzoni.it\/pt-br\/produto\/mmd-car-wash-1000-rpm\/\" \/>\n<meta property=\"og:locale\" content=\"pt_BR\" \/>\n<meta property=\"og:type\" content=\"article\" \/>\n<meta property=\"og:title\" content=\"MMD-CAR WASH - 1000 RPM - Mazzoni\" \/>\n<meta property=\"og:description\" content=\"BOMBAS DE ALTA PRESS\u00c3O MAZZONI Hastes de pist\u00e3o de guia retificadas e superdimensionadas para redu\u00e7\u00e3o do atrito durante o fluxo e veda\u00e7\u00e3o aprimorada do \u00f3leo. Eixo oversized com terminal para melhor transmiss\u00e3o de torque. Pist\u00f5es cer\u00e2micos grossos para maior durabilidade. V\u00e1lvulas de entrada e sa\u00edda com passagens de \u00e1gua aumentadas. Bielas oversized feitas com uma liga especial anti-fric\u00e7\u00e3o. Forjado NIQUELADO cabe\u00e7a da bomba de lat\u00e3o com design para alta resist\u00eancia. Sistema de veda\u00e7\u00e3o dupla. Rolamentos de rolos c\u00f4nicos de alta resist\u00eancia. Corpo da bomba robusto projetado para durar ao longo do tempo. Juntas com &quot;U&quot;\" \/>\n<meta property=\"og:url\" content=\"https:\/\/e-mazzoni.it\/pt-br\/produto\/mmd-car-wash-1000-rpm\/\" \/>\n<meta property=\"og:site_name\" content=\"Mazzoni\" \/>\n<meta property=\"article:modified_time\" content=\"2026-05-02T02:44:09+00:00\" \/>\n<meta property=\"og:image\" content=\"https:\/\/e-mazzoni.it\/wp-content\/uploads\/2026\/04\/DOC1614537843.jpg\" \/>\n\t<meta property=\"og:image:width\" content=\"800\" \/>\n\t<meta property=\"og:image:height\" content=\"800\" \/>\n\t<meta property=\"og:image:type\" content=\"image\/jpeg\" \/>\n<meta name=\"twitter:card\" content=\"summary_large_image\" \/>\n<meta name=\"twitter:label1\" content=\"Est. tempo de leitura\" \/>\n\t<meta name=\"twitter:data1\" content=\"1 minuto\" \/>\n<!-- \/ Yoast SEO plugin. -->","yoast_head_json":{"title":"MMD-CAR WASH - 1000 RPM - Mazzoni","robots":{"index":"index","follow":"follow","max-snippet":"max-snippet:-1","max-image-preview":"max-image-preview:large","max-video-preview":"max-video-preview:-1"},"canonical":"https:\/\/e-mazzoni.it\/pt-br\/produto\/mmd-car-wash-1000-rpm\/","og_locale":"pt_BR","og_type":"article","og_title":"MMD-CAR WASH - 1000 RPM - Mazzoni","og_description":"BOMBAS DE ALTA PRESS\u00c3O MAZZONI Hastes de pist\u00e3o de guia retificadas e superdimensionadas para redu\u00e7\u00e3o do atrito durante o fluxo e veda\u00e7\u00e3o aprimorada do \u00f3leo. Eixo oversized com terminal para melhor transmiss\u00e3o de torque. Pist\u00f5es cer\u00e2micos grossos para maior durabilidade. V\u00e1lvulas de entrada e sa\u00edda com passagens de \u00e1gua aumentadas. Bielas oversized feitas com uma liga especial anti-fric\u00e7\u00e3o. Forjado NIQUELADO cabe\u00e7a da bomba de lat\u00e3o com design para alta resist\u00eancia. Sistema de veda\u00e7\u00e3o dupla. Rolamentos de rolos c\u00f4nicos de alta resist\u00eancia. Corpo da bomba robusto projetado para durar ao longo do tempo. Juntas com \"U\"","og_url":"https:\/\/e-mazzoni.it\/pt-br\/produto\/mmd-car-wash-1000-rpm\/","og_site_name":"Mazzoni","article_modified_time":"2026-05-02T02:44:09+00:00","og_image":[{"width":800,"height":800,"url":"https:\/\/e-mazzoni.it\/wp-content\/uploads\/2026\/04\/DOC1614537843.jpg","type":"image\/jpeg"}],"twitter_card":"summary_large_image","twitter_misc":{"Est. tempo de leitura":"1 minuto"},"schema":{"@context":"https:\/\/schema.org","@graph":[{"@type":"WebPage","@id":"https:\/\/e-mazzoni.it\/pt-br\/produto\/mmd-car-wash-1000-rpm\/","url":"https:\/\/e-mazzoni.it\/pt-br\/produto\/mmd-car-wash-1000-rpm\/","name":"MMD-CAR WASH - 1000 RPM - Mazzoni","isPartOf":{"@id":"https:\/\/e-mazzoni.it\/pt-br\/#website"},"primaryImageOfPage":{"@id":"https:\/\/e-mazzoni.it\/pt-br\/produto\/mmd-car-wash-1000-rpm\/#primaryimage"},"image":{"@id":"https:\/\/e-mazzoni.it\/pt-br\/produto\/mmd-car-wash-1000-rpm\/#primaryimage"},"thumbnailUrl":"https:\/\/e-mazzoni.it\/wp-content\/uploads\/2026\/04\/DOC1614537843.jpg","datePublished":"2024-10-15T06:52:47+00:00","dateModified":"2026-05-02T02:44:09+00:00","breadcrumb":{"@id":"https:\/\/e-mazzoni.it\/pt-br\/produto\/mmd-car-wash-1000-rpm\/#breadcrumb"},"inLanguage":"pt-BR","potentialAction":[{"@type":"ReadAction","target":["https:\/\/e-mazzoni.it\/pt-br\/produto\/mmd-car-wash-1000-rpm\/"]}]},{"@type":"ImageObject","inLanguage":"pt-BR","@id":"https:\/\/e-mazzoni.it\/pt-br\/produto\/mmd-car-wash-1000-rpm\/#primaryimage","url":"https:\/\/e-mazzoni.it\/wp-content\/uploads\/2026\/04\/DOC1614537843.jpg","contentUrl":"https:\/\/e-mazzoni.it\/wp-content\/uploads\/2026\/04\/DOC1614537843.jpg","width":800,"height":800},{"@type":"BreadcrumbList","@id":"https:\/\/e-mazzoni.it\/pt-br\/produto\/mmd-car-wash-1000-rpm\/#breadcrumb","itemListElement":[{"@type":"ListItem","position":1,"name":"Home","item":"https:\/\/e-mazzoni.it\/pt-br\/"},{"@type":"ListItem","position":2,"name":"Produtos","item":"https:\/\/e-mazzoni.it\/pt-br\/produtos\/"},{"@type":"ListItem","position":3,"name":"MMD-CAR WASH &#8211; 1000 RPM"}]},{"@type":"WebSite","@id":"https:\/\/e-mazzoni.it\/pt-br\/#website","url":"https:\/\/e-mazzoni.it\/pt-br\/","name":"Mazzoni","description":"Mazzoni","publisher":{"@id":"https:\/\/e-mazzoni.it\/pt-br\/#organization"},"potentialAction":[{"@type":"SearchAction","target":{"@type":"EntryPoint","urlTemplate":"https:\/\/e-mazzoni.it\/pt-br\/?s={search_term_string}"},"query-input":{"@type":"PropertyValueSpecification","valueRequired":true,"valueName":"search_term_string"}}],"inLanguage":"pt-BR"},{"@type":"Organization","@id":"https:\/\/e-mazzoni.it\/pt-br\/#organization","name":"Mazzoni","url":"https:\/\/e-mazzoni.it\/pt-br\/","logo":{"@type":"ImageObject","inLanguage":"pt-BR","@id":"https:\/\/e-mazzoni.it\/pt-br\/#\/schema\/logo\/image\/","url":"https:\/\/e-mazzoni.it\/wp-content\/uploads\/2023\/07\/logo.png","contentUrl":"https:\/\/e-mazzoni.it\/wp-content\/uploads\/2023\/07\/logo.png","width":250,"height":109,"caption":"Mazzoni"},"image":{"@id":"https:\/\/e-mazzoni.it\/pt-br\/#\/schema\/logo\/image\/"}}]}},"_links":{"self":[{"href":"https:\/\/e-mazzoni.it\/pt-br\/wp-json\/wp\/v2\/product\/54823","targetHints":{"allow":["GET"]}}],"collection":[{"href":"https:\/\/e-mazzoni.it\/pt-br\/wp-json\/wp\/v2\/product"}],"about":[{"href":"https:\/\/e-mazzoni.it\/pt-br\/wp-json\/wp\/v2\/types\/product"}],"wp:featuredmedia":[{"embeddable":true,"href":"https:\/\/e-mazzoni.it\/pt-br\/wp-json\/wp\/v2\/media\/68255"}],"wp:attachment":[{"href":"https:\/\/e-mazzoni.it\/pt-br\/wp-json\/wp\/v2\/media?parent=54823"}],"wp:term":[{"taxonomy":"product_brand","embeddable":true,"href":"https:\/\/e-mazzoni.it\/pt-br\/wp-json\/wp\/v2\/product_brand?post=54823"},{"taxonomy":"product_cat","embeddable":true,"href":"https:\/\/e-mazzoni.it\/pt-br\/wp-json\/wp\/v2\/product_cat?post=54823"},{"taxonomy":"product_tag","embeddable":true,"href":"https:\/\/e-mazzoni.it\/pt-br\/wp-json\/wp\/v2\/product_tag?post=54823"}],"curies":[{"name":"wp","href":"https:\/\/api.w.org\/{rel}","templated":true}]}}