{"id":54816,"date":"2024-10-15T06:51:38","date_gmt":"2024-10-15T06:51:38","guid":{"rendered":"https:\/\/e-mazzoni.it\/prodotto\/grandes-caldeiras-2\/"},"modified":"2026-05-02T02:38:36","modified_gmt":"2026-05-02T02:38:36","slug":"grandes-caldeiras-2","status":"publish","type":"product","link":"https:\/\/e-mazzoni.it\/pt-br\/produto\/grandes-caldeiras-2\/","title":{"rendered":"GRANDES CALDEIRAS COM PAINEL EL\u00c9TRICO"},"content":{"rendered":"<p>Nas caldeiras Mazzoni a bobina tem uma espessura e um comprimento concebidos para permitir a m\u00e1xima efici\u00eancia em termos de aquecimento da \u00e1gua, minimizando o consumo de combust\u00edvel e maximizando a resist\u00eancia. A carca\u00e7a e o queimador s\u00e3o feitos de a\u00e7o inoxid\u00e1vel, um caso para tr\u00e1s isola perfeitamente a c\u00e2mara de combust\u00e3o do exterior da caldeira, tornando-o seguro e confi\u00e1vel. CALDEIRA 15 &#8211; 21 &#8211; 25 &#8211; 30 &#8211; 40 L<\/p>\n<p>Estrutura de a\u00e7o inoxid\u00e1vel<br \/>\nFundo de fibra cer\u00e2mica cozido e comprimido sob v\u00e1cuo<\/p>\n<p>FIAMMA GROUP<\/p>\n<p>Bocal diesel<br \/>\nEletrodos de igni\u00e7\u00e3o<br \/>\nTubo de combust\u00edvel de cobre<br \/>\nSuporte para controle de chama<\/p>\n<p>BOMBA DIESEL<\/p>\n<p>V\u00e1lvula solen\u00f3ide incorporada<\/p>\n<p>Transformer<\/p>\n<p>2X5000V completo com cabos de conex\u00e3o (400V)<br \/>\n\u00a02X14000V completo com cabos de conex\u00e3o (220V)<\/p>\n<p>F\u00c3<\/p>\n<p>Feito de alum\u00ednio<\/p>\n<p>MOTOR FAN<\/p>\n<p>\u00a0IP 44, 230-400V, 50-60Hz, 2800-3200 rpm<\/p>\n<div>\n<table style=\"width: 100%\" border=\"1\" id=\"table_options\">\n<tbody>\n<tr>\n<th style=\"color: #fff\" bgcolor=\"#ea2833\">CODICE<\/th>\n<th style=\"color: #fff\" bgcolor=\"#ea2833\">PORTATA LT RPM1<\/th>\n<th style=\"color: #fff\" bgcolor=\"#ea2833\">PORTATA GPM RPM1<\/th>\n<th style=\"color: #fff\" bgcolor=\"#ea2833\">PRESSIONE BAR<\/th>\n<th style=\"color: #fff\" bgcolor=\"#ea2833\">PRESSIONE PSI<\/th>\n<th style=\"color: #fff\" bgcolor=\"#ea2833\">VOLT<\/th>\n<th style=\"color: #fff\" bgcolor=\"#ea2833\">Hz<\/th>\n<th style=\"color: #fff\" bgcolor=\"#ea2833\">RENDIMENTO KW<\/th>\n<th style=\"color: #fff\" bgcolor=\"#ea2833\">RENDIMENTO BTU<\/th>\n<th style=\"color: #fff\" bgcolor=\"#ea2833\">TUBO M<\/th>\n<th style=\"color: #fff\" bgcolor=\"#ea2833\">TUBO FT<\/th>\n<th style=\"color: #fff\" bgcolor=\"#ea2833\">TUBO SPESSORE<\/th>\n<th style=\"color: #fff\" bgcolor=\"#ea2833\">TUBO SPESSORE INCH<\/th>\n<th style=\"color: #fff\" bgcolor=\"#ea2833\">UGELLO GASOLIO<\/th>\n<th style=\"color: #fff\" bgcolor=\"#ea2833\">A<\/th>\n<th style=\"color: #fff\" bgcolor=\"#ea2833\">CONSUMO CARBURANTE LT H<\/th>\n<th style=\"color: #fff\" bgcolor=\"#ea2833\">CONSUMO CARBURANTE GAL H<\/th>\n<th style=\"color: #fff\" bgcolor=\"#ea2833\">KCAL H<\/th>\n<th style=\"color: #fff\" bgcolor=\"#ea2833\">PRESSIONE MIN BAR<\/th>\n<th style=\"color: #fff\" bgcolor=\"#ea2833\">PRESSIONE MIN PSI<\/th>\n<th style=\"color: #fff\" bgcolor=\"#ea2833\">INLET<\/th>\n<th style=\"color: #fff\" bgcolor=\"#ea2833\">OUTLET<\/th>\n<th style=\"color: #fff\" bgcolor=\"#ea2833\">PESO NETTO<\/th>\n<th style=\"color: #fff\" bgcolor=\"#ea2833\">PESO NETTO LBS<\/th>\n<th style=\"color: #fff\" bgcolor=\"#ea2833\">T MAX C<\/th>\n<th style=\"color: #fff\" bgcolor=\"#ea2833\">T MAX F<\/th>\n<\/tr>\n<tr>\n<td align=\"center !important\">3.026.02.042<\/td>\n<td align=\"center !important\">30<\/td>\n<td align=\"center !important\">7,9<\/td>\n<td align=\"center !important\">350<\/td>\n<td align=\"center !important\">5076<\/td>\n<td align=\"center !important\">12<\/td>\n<td align=\"center !important\">DC<\/td>\n<td align=\"center !important\">128<\/td>\n<td align=\"center !important\">436.000<\/td>\n<td align=\"center !important\">38.5<\/td>\n<td align=\"center !important\">126<\/td>\n<td align=\"center !important\">3<\/td>\n<td align=\"center !important\">0.1 in.<\/td>\n<td align=\"center !important\">2,5<\/td>\n<td align=\"center !important\">61<\/td>\n<td align=\"center !important\">9,45<\/td>\n<td align=\"center !important\">2,5<\/td>\n<td align=\"center !important\">110.000<\/td>\n<td align=\"center !important\">20<\/td>\n<td align=\"center !important\">290<\/td>\n<td align=\"center !important\">M 22&#215;1,5<\/td>\n<td align=\"center !important\">M 22&#215;1,5<\/td>\n<td align=\"center !important\">85<\/td>\n<td align=\"center !important\">187<\/td>\n<td align=\"center !important\">150\u00b0C<\/td>\n<td align=\"center !important\">302\u00b0F<\/td>\n<\/tr>\n<tr>\n<td align=\"center !important\">3.026.02.043<\/td>\n<td align=\"center !important\">30<\/td>\n<td align=\"center !important\">7,9<\/td>\n<td align=\"center !important\">350<\/td>\n<td align=\"center !important\">5076<\/td>\n<td align=\"center !important\">24<\/td>\n<td align=\"center !important\">DC<\/td>\n<td align=\"center !important\">128<\/td>\n<td align=\"center !important\">436.000<\/td>\n<td align=\"center !important\">38,5<\/td>\n<td align=\"center !important\">126<\/td>\n<td align=\"center !important\">3<\/td>\n<td align=\"center !important\">0.1 in.<\/td>\n<td align=\"center !important\">2,5<\/td>\n<td align=\"center !important\">30<\/td>\n<td align=\"center !important\">9,45<\/td>\n<td align=\"center !important\">2,5<\/td>\n<td align=\"center !important\">110.000<\/td>\n<td align=\"center !important\">20<\/td>\n<td align=\"center !important\">290<\/td>\n<td align=\"center !important\">M 22&#215;1,5<\/td>\n<td align=\"center !important\">M 22&#215;1,5<\/td>\n<td align=\"center !important\">85<\/td>\n<td align=\"center !important\">187<\/td>\n<td align=\"center !important\">150\u00b0C<\/td>\n<td align=\"center !important\">302\u00b0F<\/td>\n<\/tr>\n<tr>\n<td align=\"center !important\">3.026.02.046<\/td>\n<td align=\"center !important\">30<\/td>\n<td align=\"center !important\">7,9<\/td>\n<td align=\"center !important\">350<\/td>\n<td align=\"center !important\">5076<\/td>\n<td align=\"center !important\">230<\/td>\n<td align=\"center !important\">50<\/td>\n<td align=\"center !important\">128<\/td>\n<td align=\"center !important\">436.000<\/td>\n<td align=\"center !important\">38,5<\/td>\n<td align=\"center !important\">126<\/td>\n<td align=\"center !important\">3<\/td>\n<td align=\"center !important\">0.1 in.<\/td>\n<td align=\"center !important\">2,5<\/td>\n<td align=\"center !important\">2,4<\/td>\n<td align=\"center !important\">9,45<\/td>\n<td align=\"center !important\">2,5<\/td>\n<td align=\"center !important\">110.000<\/td>\n<td align=\"center !important\">20<\/td>\n<td align=\"center !important\">290<\/td>\n<td align=\"center !important\">M 22&#215;1,5<\/td>\n<td align=\"center !important\">M 22&#215;1,5<\/td>\n<td align=\"center !important\">84<\/td>\n<td align=\"center !important\">185<\/td>\n<td align=\"center !important\">150\u00b0C<\/td>\n<td align=\"center !important\">302\u00b0F<\/td>\n<\/tr>\n<tr>\n<td align=\"center !important\">3.026.02.049<\/td>\n<td align=\"center !important\">30<\/td>\n<td align=\"center !important\">7.9<\/td>\n<td align=\"center !important\">500<\/td>\n<td align=\"center !important\">7251<\/td>\n<td align=\"center !important\">12<\/td>\n<td align=\"center !important\">DC<\/td>\n<td align=\"center !important\">128<\/td>\n<td align=\"center !important\">436.000<\/td>\n<td align=\"center !important\">38.5<\/td>\n<td align=\"center !important\">126<\/td>\n<td align=\"center !important\">3<\/td>\n<td align=\"center !important\">0.1 in.<\/td>\n<td align=\"center !important\">2,5<\/td>\n<td align=\"center !important\">61<\/td>\n<td align=\"center !important\">9,45<\/td>\n<td align=\"center !important\">2,5<\/td>\n<td align=\"center !important\">110.000<\/td>\n<td align=\"center !important\">20<\/td>\n<td align=\"center !important\">290<\/td>\n<td align=\"center !important\">G 1\/2&#8243;<\/td>\n<td align=\"center !important\">G 1\/2&#8243;<\/td>\n<td align=\"center !important\">85<\/td>\n<td align=\"center !important\">187<\/td>\n<td align=\"center !important\">150\u00b0C<\/td>\n<td align=\"center !important\">302\u00b0F<\/td>\n<\/tr>\n<tr>\n<td align=\"center !important\">3.026.02.050<\/td>\n<td align=\"center !important\">30<\/td>\n<td align=\"center !important\">7,9<\/td>\n<td align=\"center !important\">500<\/td>\n<td align=\"center !important\">7251<\/td>\n<td align=\"center !important\">24<\/td>\n<td align=\"center !important\">DC<\/td>\n<td align=\"center !important\">128<\/td>\n<td align=\"center !important\">436.000<\/td>\n<td align=\"center !important\">38,5<\/td>\n<td align=\"center !important\">126<\/td>\n<td align=\"center !important\">3<\/td>\n<td align=\"center !important\">0.1 in.<\/td>\n<td align=\"center !important\">2,5<\/td>\n<td align=\"center !important\">30<\/td>\n<td align=\"center !important\">9,45<\/td>\n<td align=\"center !important\">2,5<\/td>\n<td align=\"center !important\">110.000<\/td>\n<td align=\"center !important\">20<\/td>\n<td align=\"center !important\">290<\/td>\n<td align=\"center !important\">G 1\/2&#8243;<\/td>\n<td align=\"center !important\">G 1\/2&#8243;<\/td>\n<td align=\"center !important\">85<\/td>\n<td align=\"center !important\">187<\/td>\n<td align=\"center !important\">150\u00b0C<\/td>\n<td align=\"center !important\">302\u00b0F<\/td>\n<\/tr>\n<tr>\n<td align=\"center !important\">3.026.02.073<\/td>\n<td align=\"center !important\">30<\/td>\n<td align=\"center !important\">7,9<\/td>\n<td align=\"center !important\">500<\/td>\n<td align=\"center !important\">7251<\/td>\n<td align=\"center !important\">230<\/td>\n<td align=\"center !important\">50<\/td>\n<td align=\"center !important\">128<\/td>\n<td align=\"center !important\">436.000<\/td>\n<td align=\"center !important\">38,5<\/td>\n<td align=\"center !important\">126<\/td>\n<td align=\"center !important\">3<\/td>\n<td align=\"center !important\">0.1 in.<\/td>\n<td align=\"center !important\">2,5<\/td>\n<td align=\"center !important\">4<\/td>\n<td align=\"center !important\">9,45<\/td>\n<td align=\"center !important\">2,5<\/td>\n<td align=\"center !important\">110.000<\/td>\n<td align=\"center !important\">20<\/td>\n<td align=\"center !important\">290<\/td>\n<td align=\"center !important\">M 22&#215;1,5<\/td>\n<td align=\"center !important\">M 22&#215;1,5<\/td>\n<td align=\"center !important\">85<\/td>\n<td align=\"center !important\">187<\/td>\n<td align=\"center !important\">150\u00b0C<\/td>\n<td align=\"center !important\">302\u00b0F<\/td>\n<\/tr>\n<\/tbody>\n<\/table>\n<\/div>\n","protected":false},"excerpt":{"rendered":"<p>Aquecimento m\u00e1ximo e n\u00edvel m\u00ednimo de emiss\u00f5es de poluentes de \u00f3xido de azoto no ambiente. As caldeiras Mazzoni s\u00e3o sin\u00f4nimo de seguran\u00e7a e qualidade garantida por materiais de primeira escolha e dimensionamento projetado para obter o m\u00e1ximo rendimento calor\u00edfico, com um olhar cuidadoso sobre a economia de energia e novos regulamentos ambientais e de seguran\u00e7a. \u00a0 *** Para instala\u00e7\u00e3o de caldeiras em ve\u00edculos sujeitos a vibra\u00e7\u00f5es e oscila\u00e7\u00f5es, recomendamos a caldeira com anel de centraliza\u00e7\u00e3o para bloqueio da bobina<\/p>\n","protected":false},"featured_media":68185,"template":"","meta":{"zakra_page_container_layout":"customizer","zakra_page_sidebar_layout":"customizer","zakra_remove_content_margin":false,"zakra_sidebar":"customizer","zakra_transparent_header":"customizer","zakra_logo":0,"zakra_main_header_style":"default","zakra_menu_item_color":"","zakra_menu_item_hover_color":"","zakra_menu_item_active_color":"","zakra_menu_active_style":"","zakra_page_header":true},"product_brand":[],"product_cat":[4063],"product_tag":[4066,4068,4070,4072,4073,4067,4065],"class_list":{"0":"post-54816","1":"product","2":"type-product","3":"status-publish","4":"has-post-thumbnail","6":"product_cat-caldeiras-diesel-com-painel-eletrico","7":"product_tag-agricultura_pt_br","8":"product_tag-alimenticio","9":"product_tag-construcao","10":"product_tag-industria-naval","11":"product_tag-industria-pesada","12":"product_tag-lavagem_de_carros_pt_br","13":"product_tag-limpeza_pt_br","15":"first","16":"instock","17":"shipping-taxable","18":"product-type-simple"},"yoast_head":"<!-- This site is optimized with the Yoast SEO plugin v27.5 - https:\/\/yoast.com\/product\/yoast-seo-wordpress\/ -->\n<title>GRANDES CALDEIRAS COM PAINEL EL\u00c9TRICO - Mazzoni<\/title>\n<meta name=\"robots\" content=\"index, follow, max-snippet:-1, max-image-preview:large, max-video-preview:-1\" \/>\n<link rel=\"canonical\" href=\"https:\/\/e-mazzoni.it\/pt-br\/produto\/grandes-caldeiras-2\/\" \/>\n<meta property=\"og:locale\" content=\"pt_BR\" \/>\n<meta property=\"og:type\" content=\"article\" \/>\n<meta property=\"og:title\" content=\"GRANDES CALDEIRAS COM PAINEL EL\u00c9TRICO - Mazzoni\" \/>\n<meta property=\"og:description\" content=\"Aquecimento m\u00e1ximo e n\u00edvel m\u00ednimo de emiss\u00f5es de poluentes de \u00f3xido de azoto no ambiente. As caldeiras Mazzoni s\u00e3o sin\u00f4nimo de seguran\u00e7a e qualidade garantida por materiais de primeira escolha e dimensionamento projetado para obter o m\u00e1ximo rendimento calor\u00edfico, com um olhar cuidadoso sobre a economia de energia e novos regulamentos ambientais e de seguran\u00e7a. \u00a0 *** Para instala\u00e7\u00e3o de caldeiras em ve\u00edculos sujeitos a vibra\u00e7\u00f5es e oscila\u00e7\u00f5es, recomendamos a caldeira com anel de centraliza\u00e7\u00e3o para bloqueio da bobina\" \/>\n<meta property=\"og:url\" content=\"https:\/\/e-mazzoni.it\/pt-br\/produto\/grandes-caldeiras-2\/\" \/>\n<meta property=\"og:site_name\" content=\"Mazzoni\" \/>\n<meta property=\"article:modified_time\" content=\"2026-05-02T02:38:36+00:00\" \/>\n<meta property=\"og:image\" content=\"https:\/\/e-mazzoni.it\/wp-content\/uploads\/2026\/04\/DOC3014373008.jpg\" \/>\n\t<meta property=\"og:image:width\" content=\"800\" \/>\n\t<meta property=\"og:image:height\" content=\"800\" \/>\n\t<meta property=\"og:image:type\" content=\"image\/jpeg\" \/>\n<meta name=\"twitter:card\" content=\"summary_large_image\" \/>\n<meta name=\"twitter:label1\" content=\"Est. tempo de leitura\" \/>\n\t<meta name=\"twitter:data1\" content=\"1 minuto\" \/>\n<!-- \/ Yoast SEO plugin. -->","yoast_head_json":{"title":"GRANDES CALDEIRAS COM PAINEL EL\u00c9TRICO - Mazzoni","robots":{"index":"index","follow":"follow","max-snippet":"max-snippet:-1","max-image-preview":"max-image-preview:large","max-video-preview":"max-video-preview:-1"},"canonical":"https:\/\/e-mazzoni.it\/pt-br\/produto\/grandes-caldeiras-2\/","og_locale":"pt_BR","og_type":"article","og_title":"GRANDES CALDEIRAS COM PAINEL EL\u00c9TRICO - Mazzoni","og_description":"Aquecimento m\u00e1ximo e n\u00edvel m\u00ednimo de emiss\u00f5es de poluentes de \u00f3xido de azoto no ambiente. As caldeiras Mazzoni s\u00e3o sin\u00f4nimo de seguran\u00e7a e qualidade garantida por materiais de primeira escolha e dimensionamento projetado para obter o m\u00e1ximo rendimento calor\u00edfico, com um olhar cuidadoso sobre a economia de energia e novos regulamentos ambientais e de seguran\u00e7a. \u00a0 *** Para instala\u00e7\u00e3o de caldeiras em ve\u00edculos sujeitos a vibra\u00e7\u00f5es e oscila\u00e7\u00f5es, recomendamos a caldeira com anel de centraliza\u00e7\u00e3o para bloqueio da bobina","og_url":"https:\/\/e-mazzoni.it\/pt-br\/produto\/grandes-caldeiras-2\/","og_site_name":"Mazzoni","article_modified_time":"2026-05-02T02:38:36+00:00","og_image":[{"width":800,"height":800,"url":"https:\/\/e-mazzoni.it\/wp-content\/uploads\/2026\/04\/DOC3014373008.jpg","type":"image\/jpeg"}],"twitter_card":"summary_large_image","twitter_misc":{"Est. tempo de leitura":"1 minuto"},"schema":{"@context":"https:\/\/schema.org","@graph":[{"@type":"WebPage","@id":"https:\/\/e-mazzoni.it\/pt-br\/produto\/grandes-caldeiras-2\/","url":"https:\/\/e-mazzoni.it\/pt-br\/produto\/grandes-caldeiras-2\/","name":"GRANDES CALDEIRAS COM PAINEL EL\u00c9TRICO - Mazzoni","isPartOf":{"@id":"https:\/\/e-mazzoni.it\/pt-br\/#website"},"primaryImageOfPage":{"@id":"https:\/\/e-mazzoni.it\/pt-br\/produto\/grandes-caldeiras-2\/#primaryimage"},"image":{"@id":"https:\/\/e-mazzoni.it\/pt-br\/produto\/grandes-caldeiras-2\/#primaryimage"},"thumbnailUrl":"https:\/\/e-mazzoni.it\/wp-content\/uploads\/2026\/04\/DOC3014373008.jpg","datePublished":"2024-10-15T06:51:38+00:00","dateModified":"2026-05-02T02:38:36+00:00","breadcrumb":{"@id":"https:\/\/e-mazzoni.it\/pt-br\/produto\/grandes-caldeiras-2\/#breadcrumb"},"inLanguage":"pt-BR","potentialAction":[{"@type":"ReadAction","target":["https:\/\/e-mazzoni.it\/pt-br\/produto\/grandes-caldeiras-2\/"]}]},{"@type":"ImageObject","inLanguage":"pt-BR","@id":"https:\/\/e-mazzoni.it\/pt-br\/produto\/grandes-caldeiras-2\/#primaryimage","url":"https:\/\/e-mazzoni.it\/wp-content\/uploads\/2026\/04\/DOC3014373008.jpg","contentUrl":"https:\/\/e-mazzoni.it\/wp-content\/uploads\/2026\/04\/DOC3014373008.jpg","width":800,"height":800},{"@type":"BreadcrumbList","@id":"https:\/\/e-mazzoni.it\/pt-br\/produto\/grandes-caldeiras-2\/#breadcrumb","itemListElement":[{"@type":"ListItem","position":1,"name":"Home","item":"https:\/\/e-mazzoni.it\/pt-br\/"},{"@type":"ListItem","position":2,"name":"Produtos","item":"https:\/\/e-mazzoni.it\/pt-br\/produtos\/"},{"@type":"ListItem","position":3,"name":"GRANDES CALDEIRAS COM PAINEL EL\u00c9TRICO"}]},{"@type":"WebSite","@id":"https:\/\/e-mazzoni.it\/pt-br\/#website","url":"https:\/\/e-mazzoni.it\/pt-br\/","name":"Mazzoni","description":"Mazzoni","publisher":{"@id":"https:\/\/e-mazzoni.it\/pt-br\/#organization"},"potentialAction":[{"@type":"SearchAction","target":{"@type":"EntryPoint","urlTemplate":"https:\/\/e-mazzoni.it\/pt-br\/?s={search_term_string}"},"query-input":{"@type":"PropertyValueSpecification","valueRequired":true,"valueName":"search_term_string"}}],"inLanguage":"pt-BR"},{"@type":"Organization","@id":"https:\/\/e-mazzoni.it\/pt-br\/#organization","name":"Mazzoni","url":"https:\/\/e-mazzoni.it\/pt-br\/","logo":{"@type":"ImageObject","inLanguage":"pt-BR","@id":"https:\/\/e-mazzoni.it\/pt-br\/#\/schema\/logo\/image\/","url":"https:\/\/e-mazzoni.it\/wp-content\/uploads\/2023\/07\/logo.png","contentUrl":"https:\/\/e-mazzoni.it\/wp-content\/uploads\/2023\/07\/logo.png","width":250,"height":109,"caption":"Mazzoni"},"image":{"@id":"https:\/\/e-mazzoni.it\/pt-br\/#\/schema\/logo\/image\/"}}]}},"_links":{"self":[{"href":"https:\/\/e-mazzoni.it\/pt-br\/wp-json\/wp\/v2\/product\/54816","targetHints":{"allow":["GET"]}}],"collection":[{"href":"https:\/\/e-mazzoni.it\/pt-br\/wp-json\/wp\/v2\/product"}],"about":[{"href":"https:\/\/e-mazzoni.it\/pt-br\/wp-json\/wp\/v2\/types\/product"}],"wp:featuredmedia":[{"embeddable":true,"href":"https:\/\/e-mazzoni.it\/pt-br\/wp-json\/wp\/v2\/media\/68185"}],"wp:attachment":[{"href":"https:\/\/e-mazzoni.it\/pt-br\/wp-json\/wp\/v2\/media?parent=54816"}],"wp:term":[{"taxonomy":"product_brand","embeddable":true,"href":"https:\/\/e-mazzoni.it\/pt-br\/wp-json\/wp\/v2\/product_brand?post=54816"},{"taxonomy":"product_cat","embeddable":true,"href":"https:\/\/e-mazzoni.it\/pt-br\/wp-json\/wp\/v2\/product_cat?post=54816"},{"taxonomy":"product_tag","embeddable":true,"href":"https:\/\/e-mazzoni.it\/pt-br\/wp-json\/wp\/v2\/product_tag?post=54816"}],"curies":[{"name":"wp","href":"https:\/\/api.w.org\/{rel}","templated":true}]}}