{"id":54810,"date":"2024-10-15T06:50:49","date_gmt":"2024-10-15T06:50:49","guid":{"rendered":"https:\/\/e-mazzoni.it\/prodotto\/kxs-heavy-duty\/"},"modified":"2026-05-02T02:33:02","modified_gmt":"2026-05-02T02:33:02","slug":"kxs-heavy-duty","status":"publish","type":"product","link":"https:\/\/e-mazzoni.it\/pt-br\/produto\/kxs-heavy-duty\/","title":{"rendered":"KXS HEAVY DUTY"},"content":{"rendered":"<p>v\u00e1lvula de seguran\u00e7a<br \/>\nv\u00e1lvula de desvio<br \/>\nEstrutura em a\u00e7o pintado<br \/>\nFreio de estacionamento<br \/>\nContador interno (excluindo KXSB)<br \/>\nPartida el\u00e9trica (KXSB somente)<\/p>\n<div>\n<table style=\"width: 100%\" border=\"1\" id=\"table_options\">\n<tbody>\n<tr>\n<th style=\"color: #fff\" bgcolor=\"#ea2833\">CODICE<\/th>\n<th style=\"color: #fff\" bgcolor=\"#ea2833\">MODELLO<\/th>\n<th style=\"color: #fff\" bgcolor=\"#ea2833\">PORTATA LT RPM1<\/th>\n<th style=\"color: #fff\" bgcolor=\"#ea2833\">PORTATA GPM RPM1<\/th>\n<th style=\"color: #fff\" bgcolor=\"#ea2833\">PRESSIONE BAR<\/th>\n<th style=\"color: #fff\" bgcolor=\"#ea2833\">PRESSIONE PSI<\/th>\n<th style=\"color: #fff\" bgcolor=\"#ea2833\">GIRI RPM 1<\/th>\n<th style=\"color: #fff\" bgcolor=\"#ea2833\">POTENZA HP<\/th>\n<th style=\"color: #fff\" bgcolor=\"#ea2833\">POTENZA KW<\/th>\n<th style=\"color: #fff\" bgcolor=\"#ea2833\">VOLT<\/th>\n<th style=\"color: #fff\" bgcolor=\"#ea2833\">Hz<\/th>\n<th style=\"color: #fff\" bgcolor=\"#ea2833\">FASE<\/th>\n<th style=\"color: #fff\" bgcolor=\"#ea2833\">A<\/th>\n<th style=\"color: #fff\" bgcolor=\"#ea2833\">UGELLO ACQUA<\/th>\n<th style=\"color: #fff\" bgcolor=\"#ea2833\">SERBATOIO DETERGENTE<\/th>\n<th style=\"color: #fff\" bgcolor=\"#ea2833\">SERBATOIO DETERGENTE USG<\/th>\n<th style=\"color: #fff\" bgcolor=\"#ea2833\">T ACQUA OUTLET MAX<\/th>\n<th style=\"color: #fff\" bgcolor=\"#ea2833\">T ACQUA OUTLET MAX F<\/th>\n<\/tr>\n<tr>\n<td align=\"center !important\">3.023.14.452<\/td>\n<td align=\"center !important\">KXS 15500<\/td>\n<td align=\"center !important\">15<\/td>\n<td align=\"center !important\">3,9<\/td>\n<td align=\"center !important\">500<\/td>\n<td align=\"center !important\">7252<\/td>\n<td align=\"center !important\">1450<\/td>\n<td align=\"center !important\">20<\/td>\n<td align=\"center !important\">15<\/td>\n<td align=\"center !important\">400<\/td>\n<td align=\"center !important\">50<\/td>\n<td align=\"center !important\">3<\/td>\n<td align=\"center !important\">28<\/td>\n<td align=\"center !important\">15025<\/td>\n<td align=\"center !important\">&#8212;<\/td>\n<td align=\"center !important\">&#8212;<\/td>\n<td align=\"center !important\">65\u00b0C<\/td>\n<td align=\"center !important\">149\u00b0F<\/td>\n<\/tr>\n<tr>\n<td align=\"center !important\">3.023.14.446<\/td>\n<td align=\"center !important\">KXS 21500<\/td>\n<td align=\"center !important\">21<\/td>\n<td align=\"center !important\">5,5<\/td>\n<td align=\"center !important\">500<\/td>\n<td align=\"center !important\">7252<\/td>\n<td align=\"center !important\">1450<\/td>\n<td align=\"center !important\">30<\/td>\n<td align=\"center !important\">22<\/td>\n<td align=\"center !important\">400<\/td>\n<td align=\"center !important\">50<\/td>\n<td align=\"center !important\">3<\/td>\n<td align=\"center !important\">39,5<\/td>\n<td align=\"center !important\">1504<\/td>\n<td align=\"center !important\">&#8212;<\/td>\n<td align=\"center !important\">&#8212;<\/td>\n<td align=\"center !important\">65\u00b0C<\/td>\n<td align=\"center !important\">149\u00b0F<\/td>\n<\/tr>\n<tr>\n<td align=\"center !important\">3.023.14.437<\/td>\n<td align=\"center !important\">KXS 43\/190<\/td>\n<td align=\"center !important\">43<\/td>\n<td align=\"center !important\">11,4<\/td>\n<td align=\"center !important\">190<\/td>\n<td align=\"center !important\">2756<\/td>\n<td align=\"center !important\">1450<\/td>\n<td align=\"center !important\">20<\/td>\n<td align=\"center !important\">15<\/td>\n<td align=\"center !important\">400<\/td>\n<td align=\"center !important\">50<\/td>\n<td align=\"center !important\">3<\/td>\n<td align=\"center !important\">28<\/td>\n<td align=\"center !important\">1514<\/td>\n<td align=\"center !important\">&#8212;<\/td>\n<td align=\"center !important\">&#8212;<\/td>\n<td align=\"center !important\">65\u00b0C<\/td>\n<td align=\"center !important\">149\u00b0F<\/td>\n<\/tr>\n<\/tbody>\n<\/table>\n<\/div>\n","protected":false},"excerpt":{"rendered":"<p>Adequado para uso na limpeza di\u00e1ria de edif\u00edcios, m\u00e1quinas, ve\u00edculos e aparelhos. Excelente para a limpeza de incrusta\u00e7\u00f5es e sujidade persistente, com sua press\u00e3o e vaz\u00e3o, as lavadoras de alta press\u00e3o Mazzoni promovem a lavagem de grandes superf\u00edcies com um consumo el\u00e9trico reduzido. Lavadora de press\u00e3o de \u00e1gua fria com motor el\u00e9trico ou gasolina at\u00e9 500 bar. \u00a0 Uso recomendado: Agricultura, artesanato, ind\u00fastria alimentar, ind\u00fastria metal\u00fargica, autoridades municipais, transporte, mercados, constru\u00e7\u00e3o naval etc. \u00a0<\/p>\n","protected":false},"featured_media":68115,"template":"","meta":{"zakra_page_container_layout":"customizer","zakra_page_sidebar_layout":"customizer","zakra_remove_content_margin":false,"zakra_sidebar":"customizer","zakra_transparent_header":"customizer","zakra_logo":0,"zakra_main_header_style":"default","zakra_menu_item_color":"","zakra_menu_item_hover_color":"","zakra_menu_item_active_color":"","zakra_menu_active_style":"","zakra_page_header":true},"product_brand":[],"product_cat":[4044],"product_tag":[4073],"class_list":{"0":"post-54810","1":"product","2":"type-product","3":"status-publish","4":"has-post-thumbnail","6":"product_cat-lavadoras-de-pressao-a-frio","7":"product_tag-industria-pesada","9":"first","10":"instock","11":"shipping-taxable","12":"product-type-simple"},"yoast_head":"<!-- This site is optimized with the Yoast SEO plugin v27.5 - https:\/\/yoast.com\/product\/yoast-seo-wordpress\/ -->\n<title>KXS HEAVY DUTY - Mazzoni<\/title>\n<meta name=\"robots\" content=\"index, follow, max-snippet:-1, max-image-preview:large, max-video-preview:-1\" \/>\n<link rel=\"canonical\" href=\"https:\/\/e-mazzoni.it\/pt-br\/produto\/kxs-heavy-duty\/\" \/>\n<meta property=\"og:locale\" content=\"pt_BR\" \/>\n<meta property=\"og:type\" content=\"article\" \/>\n<meta property=\"og:title\" content=\"KXS HEAVY DUTY - Mazzoni\" \/>\n<meta property=\"og:description\" content=\"Adequado para uso na limpeza di\u00e1ria de edif\u00edcios, m\u00e1quinas, ve\u00edculos e aparelhos. Excelente para a limpeza de incrusta\u00e7\u00f5es e sujidade persistente, com sua press\u00e3o e vaz\u00e3o, as lavadoras de alta press\u00e3o Mazzoni promovem a lavagem de grandes superf\u00edcies com um consumo el\u00e9trico reduzido. Lavadora de press\u00e3o de \u00e1gua fria com motor el\u00e9trico ou gasolina at\u00e9 500 bar. \u00a0 Uso recomendado: Agricultura, artesanato, ind\u00fastria alimentar, ind\u00fastria metal\u00fargica, autoridades municipais, transporte, mercados, constru\u00e7\u00e3o naval etc. \u00a0\" \/>\n<meta property=\"og:url\" content=\"https:\/\/e-mazzoni.it\/pt-br\/produto\/kxs-heavy-duty\/\" \/>\n<meta property=\"og:site_name\" content=\"Mazzoni\" \/>\n<meta property=\"article:modified_time\" content=\"2026-05-02T02:33:02+00:00\" \/>\n<meta property=\"og:image\" content=\"https:\/\/e-mazzoni.it\/wp-content\/uploads\/2026\/04\/DOC0159361294.jpg\" \/>\n\t<meta property=\"og:image:width\" content=\"800\" \/>\n\t<meta property=\"og:image:height\" content=\"800\" \/>\n\t<meta property=\"og:image:type\" content=\"image\/jpeg\" \/>\n<meta name=\"twitter:card\" content=\"summary_large_image\" \/>\n<!-- \/ Yoast SEO plugin. -->","yoast_head_json":{"title":"KXS HEAVY DUTY - Mazzoni","robots":{"index":"index","follow":"follow","max-snippet":"max-snippet:-1","max-image-preview":"max-image-preview:large","max-video-preview":"max-video-preview:-1"},"canonical":"https:\/\/e-mazzoni.it\/pt-br\/produto\/kxs-heavy-duty\/","og_locale":"pt_BR","og_type":"article","og_title":"KXS HEAVY DUTY - Mazzoni","og_description":"Adequado para uso na limpeza di\u00e1ria de edif\u00edcios, m\u00e1quinas, ve\u00edculos e aparelhos. Excelente para a limpeza de incrusta\u00e7\u00f5es e sujidade persistente, com sua press\u00e3o e vaz\u00e3o, as lavadoras de alta press\u00e3o Mazzoni promovem a lavagem de grandes superf\u00edcies com um consumo el\u00e9trico reduzido. Lavadora de press\u00e3o de \u00e1gua fria com motor el\u00e9trico ou gasolina at\u00e9 500 bar. \u00a0 Uso recomendado: Agricultura, artesanato, ind\u00fastria alimentar, ind\u00fastria metal\u00fargica, autoridades municipais, transporte, mercados, constru\u00e7\u00e3o naval etc. \u00a0","og_url":"https:\/\/e-mazzoni.it\/pt-br\/produto\/kxs-heavy-duty\/","og_site_name":"Mazzoni","article_modified_time":"2026-05-02T02:33:02+00:00","og_image":[{"width":800,"height":800,"url":"https:\/\/e-mazzoni.it\/wp-content\/uploads\/2026\/04\/DOC0159361294.jpg","type":"image\/jpeg"}],"twitter_card":"summary_large_image","schema":{"@context":"https:\/\/schema.org","@graph":[{"@type":"WebPage","@id":"https:\/\/e-mazzoni.it\/pt-br\/produto\/kxs-heavy-duty\/","url":"https:\/\/e-mazzoni.it\/pt-br\/produto\/kxs-heavy-duty\/","name":"KXS HEAVY DUTY - Mazzoni","isPartOf":{"@id":"https:\/\/e-mazzoni.it\/pt-br\/#website"},"primaryImageOfPage":{"@id":"https:\/\/e-mazzoni.it\/pt-br\/produto\/kxs-heavy-duty\/#primaryimage"},"image":{"@id":"https:\/\/e-mazzoni.it\/pt-br\/produto\/kxs-heavy-duty\/#primaryimage"},"thumbnailUrl":"https:\/\/e-mazzoni.it\/wp-content\/uploads\/2026\/04\/DOC0159361294.jpg","datePublished":"2024-10-15T06:50:49+00:00","dateModified":"2026-05-02T02:33:02+00:00","breadcrumb":{"@id":"https:\/\/e-mazzoni.it\/pt-br\/produto\/kxs-heavy-duty\/#breadcrumb"},"inLanguage":"pt-BR","potentialAction":[{"@type":"ReadAction","target":["https:\/\/e-mazzoni.it\/pt-br\/produto\/kxs-heavy-duty\/"]}]},{"@type":"ImageObject","inLanguage":"pt-BR","@id":"https:\/\/e-mazzoni.it\/pt-br\/produto\/kxs-heavy-duty\/#primaryimage","url":"https:\/\/e-mazzoni.it\/wp-content\/uploads\/2026\/04\/DOC0159361294.jpg","contentUrl":"https:\/\/e-mazzoni.it\/wp-content\/uploads\/2026\/04\/DOC0159361294.jpg","width":800,"height":800},{"@type":"BreadcrumbList","@id":"https:\/\/e-mazzoni.it\/pt-br\/produto\/kxs-heavy-duty\/#breadcrumb","itemListElement":[{"@type":"ListItem","position":1,"name":"Home","item":"https:\/\/e-mazzoni.it\/pt-br\/"},{"@type":"ListItem","position":2,"name":"Produtos","item":"https:\/\/e-mazzoni.it\/pt-br\/produtos\/"},{"@type":"ListItem","position":3,"name":"KXS HEAVY DUTY"}]},{"@type":"WebSite","@id":"https:\/\/e-mazzoni.it\/pt-br\/#website","url":"https:\/\/e-mazzoni.it\/pt-br\/","name":"Mazzoni","description":"Mazzoni","publisher":{"@id":"https:\/\/e-mazzoni.it\/pt-br\/#organization"},"potentialAction":[{"@type":"SearchAction","target":{"@type":"EntryPoint","urlTemplate":"https:\/\/e-mazzoni.it\/pt-br\/?s={search_term_string}"},"query-input":{"@type":"PropertyValueSpecification","valueRequired":true,"valueName":"search_term_string"}}],"inLanguage":"pt-BR"},{"@type":"Organization","@id":"https:\/\/e-mazzoni.it\/pt-br\/#organization","name":"Mazzoni","url":"https:\/\/e-mazzoni.it\/pt-br\/","logo":{"@type":"ImageObject","inLanguage":"pt-BR","@id":"https:\/\/e-mazzoni.it\/pt-br\/#\/schema\/logo\/image\/","url":"https:\/\/e-mazzoni.it\/wp-content\/uploads\/2023\/07\/logo.png","contentUrl":"https:\/\/e-mazzoni.it\/wp-content\/uploads\/2023\/07\/logo.png","width":250,"height":109,"caption":"Mazzoni"},"image":{"@id":"https:\/\/e-mazzoni.it\/pt-br\/#\/schema\/logo\/image\/"}}]}},"_links":{"self":[{"href":"https:\/\/e-mazzoni.it\/pt-br\/wp-json\/wp\/v2\/product\/54810","targetHints":{"allow":["GET"]}}],"collection":[{"href":"https:\/\/e-mazzoni.it\/pt-br\/wp-json\/wp\/v2\/product"}],"about":[{"href":"https:\/\/e-mazzoni.it\/pt-br\/wp-json\/wp\/v2\/types\/product"}],"wp:featuredmedia":[{"embeddable":true,"href":"https:\/\/e-mazzoni.it\/pt-br\/wp-json\/wp\/v2\/media\/68115"}],"wp:attachment":[{"href":"https:\/\/e-mazzoni.it\/pt-br\/wp-json\/wp\/v2\/media?parent=54810"}],"wp:term":[{"taxonomy":"product_brand","embeddable":true,"href":"https:\/\/e-mazzoni.it\/pt-br\/wp-json\/wp\/v2\/product_brand?post=54810"},{"taxonomy":"product_cat","embeddable":true,"href":"https:\/\/e-mazzoni.it\/pt-br\/wp-json\/wp\/v2\/product_cat?post=54810"},{"taxonomy":"product_tag","embeddable":true,"href":"https:\/\/e-mazzoni.it\/pt-br\/wp-json\/wp\/v2\/product_tag?post=54810"}],"curies":[{"name":"wp","href":"https:\/\/api.w.org\/{rel}","templated":true}]}}