{"id":54805,"date":"2024-10-15T06:50:18","date_gmt":"2024-10-15T06:50:18","guid":{"rendered":"https:\/\/e-mazzoni.it\/prodotto\/ksf-heavy-duty\/"},"modified":"2026-05-02T02:30:10","modified_gmt":"2026-05-02T02:30:10","slug":"ksf-heavy-duty","status":"publish","type":"product","link":"https:\/\/e-mazzoni.it\/pt-br\/produto\/ksf-heavy-duty\/","title":{"rendered":"KSF HEAVY DUTY"},"content":{"rendered":"<p>Esta\u00e7\u00e3o fixa com estrutura completamente em a\u00e7o inoxid\u00e1vel. Limpador de alta press\u00e3o profissional tamb\u00e9m adequado para a ind\u00fastria alimentar, dispon\u00edvel em v\u00e1rias motoriza\u00e7\u00f5es.<\/p>\n<p>Motor el\u00e9trico ass\u00edncrono s\u00e9rie MEC servi\u00e7o cont\u00ednuo S1 com prote\u00e7\u00e3o t\u00e9rmica integrada nos enrolamentos.\u00a0 Motor com maior efici\u00eancia, portanto, com alto desempenho e menor consumo de corrente. Junta el\u00e1stica.<br \/>\nMazzoni bomba profissional em linha (bielas), com cabe\u00e7a de lat\u00e3o e tr\u00eas pist\u00f5es cer\u00e2micos<br \/>\nCabo el\u00e9trico mt. 5<br \/>\nV\u00e1lvula bypass autom\u00e1tica com regula\u00e7\u00e3o de press\u00e3o<br \/>\nTubo de alta press\u00e3o 10 metros<br \/>\nLan\u00e7a INOX com pistola autom\u00e1tica e fixa\u00e7\u00e3o r\u00e1pida para acess\u00f3rios<br \/>\nCabe\u00e7a de press\u00e3o profissional com bico de a\u00e7o temperado<br \/>\nEstrutura de a\u00e7o inoxid\u00e1vel.<br \/>\nSistema DSS que impede a reinicializa\u00e7\u00e3o do motor em caso de vazamento<br \/>\nTanque de \u00e1gua em a\u00e7o inoxid\u00e1vel de 5 litros<br \/>\nSistema de suc\u00e7\u00e3o de limpeza de alta press\u00e3o.<br \/>\nTST (Time Stop) sistema<br \/>\nContador interno<br \/>\nA pedido \u00e9 poss\u00edvel instalar o sistema de seguran\u00e7a por falta de \u00e1gua e controle remoto em baixa tens\u00e3o 24 V<\/p>\n<div>\n<table style=\"width: 100%\" border=\"1\" id=\"table_options\">\n<tbody>\n<tr>\n<th style=\"color: #fff\" bgcolor=\"#ea2833\">CODICE<\/th>\n<th style=\"color: #fff\" bgcolor=\"#ea2833\">MODELLO<\/th>\n<th style=\"color: #fff\" bgcolor=\"#ea2833\">PORTATA LT RPM1<\/th>\n<th style=\"color: #fff\" bgcolor=\"#ea2833\">PORTATA GPM RPM1<\/th>\n<th style=\"color: #fff\" bgcolor=\"#ea2833\">PRESSIONE BAR<\/th>\n<th style=\"color: #fff\" bgcolor=\"#ea2833\">PRESSIONE PSI<\/th>\n<th style=\"color: #fff\" bgcolor=\"#ea2833\">GIRI RPM 1<\/th>\n<th style=\"color: #fff\" bgcolor=\"#ea2833\">POTENZA HP<\/th>\n<th style=\"color: #fff\" bgcolor=\"#ea2833\">POTENZA KW<\/th>\n<th style=\"color: #fff\" bgcolor=\"#ea2833\">VOLT<\/th>\n<th style=\"color: #fff\" bgcolor=\"#ea2833\">Hz<\/th>\n<th style=\"color: #fff\" bgcolor=\"#ea2833\">FASE<\/th>\n<th style=\"color: #fff\" bgcolor=\"#ea2833\">A<\/th>\n<th style=\"color: #fff\" bgcolor=\"#ea2833\">UGELLO ACQUA<\/th>\n<th style=\"color: #fff\" bgcolor=\"#ea2833\">SERBATOIO DETERGENTE<\/th>\n<th style=\"color: #fff\" bgcolor=\"#ea2833\">SERBATOIO DETERGENTE USG<\/th>\n<th style=\"color: #fff\" bgcolor=\"#ea2833\">T ACQUA OUTLET MAX<\/th>\n<th style=\"color: #fff\" bgcolor=\"#ea2833\">T ACQUA OUTLET MAX F<\/th>\n<\/tr>\n<tr>\n<td align=\"center !important\">3.023.14.345<\/td>\n<td align=\"center !important\">KSF400<\/td>\n<td align=\"center !important\">15<\/td>\n<td align=\"center !important\">3,9<\/td>\n<td align=\"center !important\">200<\/td>\n<td align=\"center !important\">2900<\/td>\n<td align=\"center !important\">1450<\/td>\n<td align=\"center !important\">7,5<\/td>\n<td align=\"center !important\">5.5<\/td>\n<td align=\"center !important\">400<\/td>\n<td align=\"center !important\">50<\/td>\n<td align=\"center !important\">3<\/td>\n<td align=\"center !important\">11<\/td>\n<td align=\"center !important\">15045<\/td>\n<td align=\"center !important\">&#8212;<\/td>\n<td align=\"center !important\">&#8212;<\/td>\n<td align=\"center !important\">65\u00b0C<\/td>\n<td align=\"center !important\">149\u00b0F<\/td>\n<\/tr>\n<tr>\n<td align=\"center !important\">3.023.14.347<\/td>\n<td align=\"center !important\">KSF500<\/td>\n<td align=\"center !important\">21<\/td>\n<td align=\"center !important\">5,5<\/td>\n<td align=\"center !important\">200<\/td>\n<td align=\"center !important\">2900<\/td>\n<td align=\"center !important\">1450<\/td>\n<td align=\"center !important\">10<\/td>\n<td align=\"center !important\">7.5<\/td>\n<td align=\"center !important\">400<\/td>\n<td align=\"center !important\">50<\/td>\n<td align=\"center !important\">3<\/td>\n<td align=\"center !important\">14.7<\/td>\n<td align=\"center !important\">15065<\/td>\n<td align=\"center !important\">&#8212;<\/td>\n<td align=\"center !important\">&#8212;<\/td>\n<td align=\"center !important\">65\u00b0C<\/td>\n<td align=\"center !important\">149\u00b0F<\/td>\n<\/tr>\n<tr>\n<td align=\"center !important\">3.023.14.384<\/td>\n<td align=\"center !important\">KSF600<\/td>\n<td align=\"center !important\">30<\/td>\n<td align=\"center !important\">7,9<\/td>\n<td align=\"center !important\">200<\/td>\n<td align=\"center !important\">2900<\/td>\n<td align=\"center !important\">1450<\/td>\n<td align=\"center !important\">15<\/td>\n<td align=\"center !important\">11<\/td>\n<td align=\"center !important\">400<\/td>\n<td align=\"center !important\">50<\/td>\n<td align=\"center !important\">3<\/td>\n<td align=\"center !important\">21<\/td>\n<td align=\"center !important\">1510<\/td>\n<td align=\"center !important\">&#8212;<\/td>\n<td align=\"center !important\">&#8212;<\/td>\n<td align=\"center !important\">65\u00b0C<\/td>\n<td align=\"center !important\">149\u00b0F<\/td>\n<\/tr>\n<\/tbody>\n<\/table>\n<\/div>\n","protected":false},"excerpt":{"rendered":"<p>Pegada m\u00ednima, rendimento m\u00e1ximo. As lavadoras de press\u00e3o a frio da s\u00e9rie KSF s\u00e3o o produto certo se procura um resultado profissional de alto n\u00edvel. Sua estrutura de a\u00e7o o torna adequado para qualquer ambiente, mesmo os mais corrosivos. Os componentes, feitos inteiramente por Mazzoni, s\u00e3o uma garantia de qualidade e servi\u00e7o. A pedido, o suporte m\u00f3vel dedicado garante uma grande capacidade de movimento da m\u00e1quina. \u00a0 Uso recomendado: Lojas e atividades comerciais, ind\u00fastria alimentar, lavagens de carros, a\u00e7ougues, peixarias, piscinas, banheiros e \u00f3rg\u00e3os municipais etc.<\/p>\n","protected":false},"featured_media":68085,"template":"","meta":{"zakra_page_container_layout":"customizer","zakra_page_sidebar_layout":"customizer","zakra_remove_content_margin":false,"zakra_sidebar":"customizer","zakra_transparent_header":"customizer","zakra_logo":0,"zakra_main_header_style":"default","zakra_menu_item_color":"","zakra_menu_item_hover_color":"","zakra_menu_item_active_color":"","zakra_menu_active_style":"","zakra_page_header":true},"product_brand":[],"product_cat":[4044],"product_tag":[4067,4065],"class_list":{"0":"post-54805","1":"product","2":"type-product","3":"status-publish","4":"has-post-thumbnail","6":"product_cat-lavadoras-de-pressao-a-frio","7":"product_tag-lavagem_de_carros_pt_br","8":"product_tag-limpeza_pt_br","10":"first","11":"instock","12":"shipping-taxable","13":"product-type-simple"},"yoast_head":"<!-- This site is optimized with the Yoast SEO plugin v27.5 - https:\/\/yoast.com\/product\/yoast-seo-wordpress\/ -->\n<title>KSF HEAVY DUTY - Mazzoni<\/title>\n<meta name=\"robots\" content=\"index, follow, max-snippet:-1, max-image-preview:large, max-video-preview:-1\" \/>\n<link rel=\"canonical\" href=\"https:\/\/e-mazzoni.it\/pt-br\/produto\/ksf-heavy-duty\/\" \/>\n<meta property=\"og:locale\" content=\"pt_BR\" \/>\n<meta property=\"og:type\" content=\"article\" \/>\n<meta property=\"og:title\" content=\"KSF HEAVY DUTY - Mazzoni\" \/>\n<meta property=\"og:description\" content=\"Pegada m\u00ednima, rendimento m\u00e1ximo. As lavadoras de press\u00e3o a frio da s\u00e9rie KSF s\u00e3o o produto certo se procura um resultado profissional de alto n\u00edvel. Sua estrutura de a\u00e7o o torna adequado para qualquer ambiente, mesmo os mais corrosivos. Os componentes, feitos inteiramente por Mazzoni, s\u00e3o uma garantia de qualidade e servi\u00e7o. A pedido, o suporte m\u00f3vel dedicado garante uma grande capacidade de movimento da m\u00e1quina. \u00a0 Uso recomendado: Lojas e atividades comerciais, ind\u00fastria alimentar, lavagens de carros, a\u00e7ougues, peixarias, piscinas, banheiros e \u00f3rg\u00e3os municipais etc.\" \/>\n<meta property=\"og:url\" content=\"https:\/\/e-mazzoni.it\/pt-br\/produto\/ksf-heavy-duty\/\" \/>\n<meta property=\"og:site_name\" content=\"Mazzoni\" \/>\n<meta property=\"article:modified_time\" content=\"2026-05-02T02:30:10+00:00\" \/>\n<meta property=\"og:image\" content=\"https:\/\/e-mazzoni.it\/wp-content\/uploads\/2026\/04\/DOC5451650179.jpg\" \/>\n\t<meta property=\"og:image:width\" content=\"800\" \/>\n\t<meta property=\"og:image:height\" content=\"800\" \/>\n\t<meta property=\"og:image:type\" content=\"image\/jpeg\" \/>\n<meta name=\"twitter:card\" content=\"summary_large_image\" \/>\n<meta name=\"twitter:label1\" content=\"Est. tempo de leitura\" \/>\n\t<meta name=\"twitter:data1\" content=\"1 minuto\" \/>\n<!-- \/ Yoast SEO plugin. -->","yoast_head_json":{"title":"KSF HEAVY DUTY - Mazzoni","robots":{"index":"index","follow":"follow","max-snippet":"max-snippet:-1","max-image-preview":"max-image-preview:large","max-video-preview":"max-video-preview:-1"},"canonical":"https:\/\/e-mazzoni.it\/pt-br\/produto\/ksf-heavy-duty\/","og_locale":"pt_BR","og_type":"article","og_title":"KSF HEAVY DUTY - Mazzoni","og_description":"Pegada m\u00ednima, rendimento m\u00e1ximo. As lavadoras de press\u00e3o a frio da s\u00e9rie KSF s\u00e3o o produto certo se procura um resultado profissional de alto n\u00edvel. Sua estrutura de a\u00e7o o torna adequado para qualquer ambiente, mesmo os mais corrosivos. Os componentes, feitos inteiramente por Mazzoni, s\u00e3o uma garantia de qualidade e servi\u00e7o. A pedido, o suporte m\u00f3vel dedicado garante uma grande capacidade de movimento da m\u00e1quina. \u00a0 Uso recomendado: Lojas e atividades comerciais, ind\u00fastria alimentar, lavagens de carros, a\u00e7ougues, peixarias, piscinas, banheiros e \u00f3rg\u00e3os municipais etc.","og_url":"https:\/\/e-mazzoni.it\/pt-br\/produto\/ksf-heavy-duty\/","og_site_name":"Mazzoni","article_modified_time":"2026-05-02T02:30:10+00:00","og_image":[{"width":800,"height":800,"url":"https:\/\/e-mazzoni.it\/wp-content\/uploads\/2026\/04\/DOC5451650179.jpg","type":"image\/jpeg"}],"twitter_card":"summary_large_image","twitter_misc":{"Est. tempo de leitura":"1 minuto"},"schema":{"@context":"https:\/\/schema.org","@graph":[{"@type":"WebPage","@id":"https:\/\/e-mazzoni.it\/pt-br\/produto\/ksf-heavy-duty\/","url":"https:\/\/e-mazzoni.it\/pt-br\/produto\/ksf-heavy-duty\/","name":"KSF HEAVY DUTY - Mazzoni","isPartOf":{"@id":"https:\/\/e-mazzoni.it\/pt-br\/#website"},"primaryImageOfPage":{"@id":"https:\/\/e-mazzoni.it\/pt-br\/produto\/ksf-heavy-duty\/#primaryimage"},"image":{"@id":"https:\/\/e-mazzoni.it\/pt-br\/produto\/ksf-heavy-duty\/#primaryimage"},"thumbnailUrl":"https:\/\/e-mazzoni.it\/wp-content\/uploads\/2026\/04\/DOC5451650179.jpg","datePublished":"2024-10-15T06:50:18+00:00","dateModified":"2026-05-02T02:30:10+00:00","breadcrumb":{"@id":"https:\/\/e-mazzoni.it\/pt-br\/produto\/ksf-heavy-duty\/#breadcrumb"},"inLanguage":"pt-BR","potentialAction":[{"@type":"ReadAction","target":["https:\/\/e-mazzoni.it\/pt-br\/produto\/ksf-heavy-duty\/"]}]},{"@type":"ImageObject","inLanguage":"pt-BR","@id":"https:\/\/e-mazzoni.it\/pt-br\/produto\/ksf-heavy-duty\/#primaryimage","url":"https:\/\/e-mazzoni.it\/wp-content\/uploads\/2026\/04\/DOC5451650179.jpg","contentUrl":"https:\/\/e-mazzoni.it\/wp-content\/uploads\/2026\/04\/DOC5451650179.jpg","width":800,"height":800},{"@type":"BreadcrumbList","@id":"https:\/\/e-mazzoni.it\/pt-br\/produto\/ksf-heavy-duty\/#breadcrumb","itemListElement":[{"@type":"ListItem","position":1,"name":"Home","item":"https:\/\/e-mazzoni.it\/pt-br\/"},{"@type":"ListItem","position":2,"name":"Produtos","item":"https:\/\/e-mazzoni.it\/pt-br\/produtos\/"},{"@type":"ListItem","position":3,"name":"KSF HEAVY DUTY"}]},{"@type":"WebSite","@id":"https:\/\/e-mazzoni.it\/pt-br\/#website","url":"https:\/\/e-mazzoni.it\/pt-br\/","name":"Mazzoni","description":"Mazzoni","publisher":{"@id":"https:\/\/e-mazzoni.it\/pt-br\/#organization"},"potentialAction":[{"@type":"SearchAction","target":{"@type":"EntryPoint","urlTemplate":"https:\/\/e-mazzoni.it\/pt-br\/?s={search_term_string}"},"query-input":{"@type":"PropertyValueSpecification","valueRequired":true,"valueName":"search_term_string"}}],"inLanguage":"pt-BR"},{"@type":"Organization","@id":"https:\/\/e-mazzoni.it\/pt-br\/#organization","name":"Mazzoni","url":"https:\/\/e-mazzoni.it\/pt-br\/","logo":{"@type":"ImageObject","inLanguage":"pt-BR","@id":"https:\/\/e-mazzoni.it\/pt-br\/#\/schema\/logo\/image\/","url":"https:\/\/e-mazzoni.it\/wp-content\/uploads\/2023\/07\/logo.png","contentUrl":"https:\/\/e-mazzoni.it\/wp-content\/uploads\/2023\/07\/logo.png","width":250,"height":109,"caption":"Mazzoni"},"image":{"@id":"https:\/\/e-mazzoni.it\/pt-br\/#\/schema\/logo\/image\/"}}]}},"_links":{"self":[{"href":"https:\/\/e-mazzoni.it\/pt-br\/wp-json\/wp\/v2\/product\/54805","targetHints":{"allow":["GET"]}}],"collection":[{"href":"https:\/\/e-mazzoni.it\/pt-br\/wp-json\/wp\/v2\/product"}],"about":[{"href":"https:\/\/e-mazzoni.it\/pt-br\/wp-json\/wp\/v2\/types\/product"}],"wp:featuredmedia":[{"embeddable":true,"href":"https:\/\/e-mazzoni.it\/pt-br\/wp-json\/wp\/v2\/media\/68085"}],"wp:attachment":[{"href":"https:\/\/e-mazzoni.it\/pt-br\/wp-json\/wp\/v2\/media?parent=54805"}],"wp:term":[{"taxonomy":"product_brand","embeddable":true,"href":"https:\/\/e-mazzoni.it\/pt-br\/wp-json\/wp\/v2\/product_brand?post=54805"},{"taxonomy":"product_cat","embeddable":true,"href":"https:\/\/e-mazzoni.it\/pt-br\/wp-json\/wp\/v2\/product_cat?post=54805"},{"taxonomy":"product_tag","embeddable":true,"href":"https:\/\/e-mazzoni.it\/pt-br\/wp-json\/wp\/v2\/product_tag?post=54805"}],"curies":[{"name":"wp","href":"https:\/\/api.w.org\/{rel}","templated":true}]}}