{"id":54788,"date":"2024-10-15T06:47:58","date_gmt":"2024-10-15T06:47:58","guid":{"rendered":"https:\/\/e-mazzoni.it\/prodotto\/bombas-eletricas\/"},"modified":"2026-05-02T02:20:11","modified_gmt":"2026-05-02T02:20:11","slug":"bombas-eletricas","status":"publish","type":"product","link":"https:\/\/e-mazzoni.it\/pt-br\/produto\/bombas-eletricas\/","title":{"rendered":"BOMBAS ELETRICAS"},"content":{"rendered":"<p>Motores el\u00e9tricos, bombas el\u00e9tricas e bombas altamente profissionais fazem parte da ampla gama de produtos da Mazzoni s.r.l. Feitos com materiais robustos e de alta qualidade, os motores el\u00e9tricos, classe IE2, t\u00eam modelos de grande pot\u00eancia e efici\u00eancia. Bombas el\u00e9tricas e motores para lavadoras de alta press\u00e3o profissionais que atendem \u00e0s v\u00e1rias necessidades do cliente e s\u00e3o projetados para serem usados com bombas de alta press\u00e3o.<\/p>\n<div>\n<table style=\"width: 100%\" border=\"1\" id=\"table_options\">\n<tbody>\n<tr>\n<th style=\"color: #fff\" bgcolor=\"#ea2833\">CODICE<\/th>\n<th style=\"color: #fff\" bgcolor=\"#ea2833\">PORTATA LT RPM1<\/th>\n<th style=\"color: #fff\" bgcolor=\"#ea2833\">PORTATA GPM RPM1<\/th>\n<th style=\"color: #fff\" bgcolor=\"#ea2833\">PRESSIONE BAR<\/th>\n<th style=\"color: #fff\" bgcolor=\"#ea2833\">PRESSIONE PSI<\/th>\n<th style=\"color: #fff\" bgcolor=\"#ea2833\">VOLT<\/th>\n<th style=\"color: #fff\" bgcolor=\"#ea2833\">FASE<\/th>\n<th style=\"color: #fff\" bgcolor=\"#ea2833\">POTENZA KW<\/th>\n<th style=\"color: #fff\" bgcolor=\"#ea2833\">Hz<\/th>\n<th style=\"color: #fff\" bgcolor=\"#ea2833\">GIRI RPM 1<\/th>\n<th style=\"color: #fff\" bgcolor=\"#ea2833\">PESO NETTO<\/th>\n<th style=\"color: #fff\" bgcolor=\"#ea2833\">PESO NETTO LBS<\/th>\n<\/tr>\n<tr>\n<td align=\"center !important\">3.071.02.014<\/td>\n<td align=\"center !important\">10<\/td>\n<td align=\"center !important\">2,6<\/td>\n<td align=\"center !important\">125<\/td>\n<td align=\"center !important\">1810<\/td>\n<td align=\"center !important\">230<\/td>\n<td align=\"center !important\">1<\/td>\n<td align=\"center !important\">2,2<\/td>\n<td align=\"center !important\">50<\/td>\n<td align=\"center !important\">1450<\/td>\n<td align=\"center !important\">25<\/td>\n<td align=\"center !important\">55<\/td>\n<\/tr>\n<tr>\n<td align=\"center !important\">3.071.02.015<\/td>\n<td align=\"center !important\">13<\/td>\n<td align=\"center !important\">3.4<\/td>\n<td align=\"center !important\">160<\/td>\n<td align=\"center !important\">2300<\/td>\n<td align=\"center !important\">230\/400<\/td>\n<td align=\"center !important\">3<\/td>\n<td align=\"center !important\">4<\/td>\n<td align=\"center !important\">50<\/td>\n<td align=\"center !important\">1450<\/td>\n<td align=\"center !important\">25<\/td>\n<td align=\"center !important\">55<\/td>\n<\/tr>\n<tr>\n<td align=\"center !important\">3.071.02.010<\/td>\n<td align=\"center !important\">15<\/td>\n<td align=\"center !important\">3,9<\/td>\n<td align=\"center !important\">190<\/td>\n<td align=\"center !important\">2740<\/td>\n<td align=\"center !important\">230\/400V<\/td>\n<td align=\"center !important\">3<\/td>\n<td align=\"center !important\">5.5<\/td>\n<td align=\"center !important\">50<\/td>\n<td align=\"center !important\">1450<\/td>\n<td align=\"center !important\">32<\/td>\n<td align=\"center !important\">70<\/td>\n<\/tr>\n<tr>\n<td align=\"center !important\">3.071.02.009<\/td>\n<td align=\"center !important\">21<\/td>\n<td align=\"center !important\">5,5<\/td>\n<td align=\"center !important\">135<\/td>\n<td align=\"center !important\">1960<\/td>\n<td align=\"center !important\">230\/400V<\/td>\n<td align=\"center !important\">3<\/td>\n<td align=\"center !important\">5.5<\/td>\n<td align=\"center !important\">50<\/td>\n<td align=\"center !important\">1450<\/td>\n<td align=\"center !important\">32<\/td>\n<td align=\"center !important\">70<\/td>\n<\/tr>\n<tr>\n<td align=\"center !important\">3.071.02.011<\/td>\n<td align=\"center !important\">21<\/td>\n<td align=\"center !important\">5,5<\/td>\n<td align=\"center !important\">185<\/td>\n<td align=\"center !important\">2670<\/td>\n<td align=\"center !important\">230\/400V<\/td>\n<td align=\"center !important\">3<\/td>\n<td align=\"center !important\">7.5<\/td>\n<td align=\"center !important\">50<\/td>\n<td align=\"center !important\">1450<\/td>\n<td align=\"center !important\">54<\/td>\n<td align=\"center !important\">119<\/td>\n<\/tr>\n<tr>\n<td align=\"center !important\">3.071.02.012<\/td>\n<td align=\"center !important\">25<\/td>\n<td align=\"center !important\">6,6<\/td>\n<td align=\"center !important\">225<\/td>\n<td align=\"center !important\">3300<\/td>\n<td align=\"center !important\">400<\/td>\n<td align=\"center !important\">3<\/td>\n<td align=\"center !important\">11<\/td>\n<td align=\"center !important\">50<\/td>\n<td align=\"center !important\">1450<\/td>\n<td align=\"center !important\">65<\/td>\n<td align=\"center !important\">143<\/td>\n<\/tr>\n<tr>\n<td align=\"center !important\">3.071.02.013<\/td>\n<td align=\"center !important\">30<\/td>\n<td align=\"center !important\">7,9<\/td>\n<td align=\"center !important\">190<\/td>\n<td align=\"center !important\">2750<\/td>\n<td align=\"center !important\">230\/400V<\/td>\n<td align=\"center !important\">3<\/td>\n<td align=\"center !important\">11<\/td>\n<td align=\"center !important\">50<\/td>\n<td align=\"center !important\">1450<\/td>\n<td align=\"center !important\">65<\/td>\n<td align=\"center !important\">143<\/td>\n<\/tr>\n<tr>\n<td align=\"center !important\">3.071.02.149<\/td>\n<td align=\"center !important\">15<\/td>\n<td align=\"center !important\">3,9<\/td>\n<td align=\"center !important\">500<\/td>\n<td align=\"center !important\">7500<\/td>\n<td align=\"center !important\">400\/700<\/td>\n<td align=\"center !important\">3<\/td>\n<td align=\"center !important\">15<\/td>\n<td align=\"center !important\">50<\/td>\n<td align=\"center !important\">1450<\/td>\n<td align=\"center !important\">132<\/td>\n<td align=\"center !important\">291<\/td>\n<\/tr>\n<tr>\n<td align=\"center !important\">3.071.02.150<\/td>\n<td align=\"center !important\">21<\/td>\n<td align=\"center !important\">5,5<\/td>\n<td align=\"center !important\">500<\/td>\n<td align=\"center !important\">7250<\/td>\n<td align=\"center !important\">400\/700<\/td>\n<td align=\"center !important\">3<\/td>\n<td align=\"center !important\">22<\/td>\n<td align=\"center !important\">50<\/td>\n<td align=\"center !important\">1450<\/td>\n<td align=\"center !important\">172<\/td>\n<td align=\"center !important\">380<\/td>\n<\/tr>\n<tr>\n<td align=\"center !important\">3.071.02.151<\/td>\n<td align=\"center !important\">43<\/td>\n<td align=\"center !important\">11,2<\/td>\n<td align=\"center !important\">170<\/td>\n<td align=\"center !important\">2465<\/td>\n<td align=\"center !important\">400\/700<\/td>\n<td align=\"center !important\">3<\/td>\n<td align=\"center !important\">15<\/td>\n<td align=\"center !important\">50<\/td>\n<td align=\"center !important\">1450<\/td>\n<td align=\"center !important\">134<\/td>\n<td align=\"center !important\">295<\/td>\n<\/tr>\n<tr>\n<td align=\"center !important\">3.071.02.153<\/td>\n<td align=\"center !important\">90<\/td>\n<td align=\"center !important\">23,8<\/td>\n<td align=\"center !important\">125<\/td>\n<td align=\"center !important\">1830<\/td>\n<td align=\"center !important\">400<\/td>\n<td align=\"center !important\">3<\/td>\n<td align=\"center !important\">22<\/td>\n<td align=\"center !important\">50<\/td>\n<td align=\"center !important\">1450<\/td>\n<td align=\"center !important\">172<\/td>\n<td align=\"center !important\">380<\/td>\n<\/tr>\n<\/tbody>\n<\/table>\n<\/div>\n","protected":false},"excerpt":{"rendered":"<p>Bomba el\u00e9trica Mazzoni com junta el\u00e1stica.<\/p>\n","protected":false},"featured_media":67965,"template":"","meta":{"zakra_page_container_layout":"customizer","zakra_page_sidebar_layout":"customizer","zakra_remove_content_margin":false,"zakra_sidebar":"customizer","zakra_transparent_header":"customizer","zakra_logo":0,"zakra_main_header_style":"default","zakra_menu_item_color":"","zakra_menu_item_hover_color":"","zakra_menu_item_active_color":"","zakra_menu_active_style":"","zakra_page_header":true},"product_brand":[],"product_cat":[4059],"product_tag":[4066,4065],"class_list":{"0":"post-54788","1":"product","2":"type-product","3":"status-publish","4":"has-post-thumbnail","6":"product_cat-bombas-eletricas","7":"product_tag-agricultura_pt_br","8":"product_tag-limpeza_pt_br","10":"first","11":"instock","12":"shipping-taxable","13":"product-type-simple"},"yoast_head":"<!-- This site is optimized with the Yoast SEO plugin v27.5 - https:\/\/yoast.com\/product\/yoast-seo-wordpress\/ -->\n<title>BOMBAS ELETRICAS - Mazzoni<\/title>\n<meta name=\"robots\" content=\"index, follow, max-snippet:-1, max-image-preview:large, max-video-preview:-1\" \/>\n<link rel=\"canonical\" href=\"https:\/\/e-mazzoni.it\/pt-br\/produto\/bombas-eletricas\/\" \/>\n<meta property=\"og:locale\" content=\"pt_BR\" \/>\n<meta property=\"og:type\" content=\"article\" \/>\n<meta property=\"og:title\" content=\"BOMBAS ELETRICAS - Mazzoni\" \/>\n<meta property=\"og:description\" content=\"Bomba el\u00e9trica Mazzoni com junta el\u00e1stica.\" \/>\n<meta property=\"og:url\" content=\"https:\/\/e-mazzoni.it\/pt-br\/produto\/bombas-eletricas\/\" \/>\n<meta property=\"og:site_name\" content=\"Mazzoni\" \/>\n<meta property=\"article:modified_time\" content=\"2026-05-02T02:20:11+00:00\" \/>\n<meta property=\"og:image\" content=\"https:\/\/e-mazzoni.it\/wp-content\/uploads\/2026\/04\/DOC1496172943.jpg\" \/>\n\t<meta property=\"og:image:width\" content=\"800\" \/>\n\t<meta property=\"og:image:height\" content=\"800\" \/>\n\t<meta property=\"og:image:type\" content=\"image\/jpeg\" \/>\n<meta name=\"twitter:card\" content=\"summary_large_image\" \/>\n<!-- \/ Yoast SEO plugin. -->","yoast_head_json":{"title":"BOMBAS ELETRICAS - Mazzoni","robots":{"index":"index","follow":"follow","max-snippet":"max-snippet:-1","max-image-preview":"max-image-preview:large","max-video-preview":"max-video-preview:-1"},"canonical":"https:\/\/e-mazzoni.it\/pt-br\/produto\/bombas-eletricas\/","og_locale":"pt_BR","og_type":"article","og_title":"BOMBAS ELETRICAS - Mazzoni","og_description":"Bomba el\u00e9trica Mazzoni com junta el\u00e1stica.","og_url":"https:\/\/e-mazzoni.it\/pt-br\/produto\/bombas-eletricas\/","og_site_name":"Mazzoni","article_modified_time":"2026-05-02T02:20:11+00:00","og_image":[{"width":800,"height":800,"url":"https:\/\/e-mazzoni.it\/wp-content\/uploads\/2026\/04\/DOC1496172943.jpg","type":"image\/jpeg"}],"twitter_card":"summary_large_image","schema":{"@context":"https:\/\/schema.org","@graph":[{"@type":"WebPage","@id":"https:\/\/e-mazzoni.it\/pt-br\/produto\/bombas-eletricas\/","url":"https:\/\/e-mazzoni.it\/pt-br\/produto\/bombas-eletricas\/","name":"BOMBAS ELETRICAS - Mazzoni","isPartOf":{"@id":"https:\/\/e-mazzoni.it\/pt-br\/#website"},"primaryImageOfPage":{"@id":"https:\/\/e-mazzoni.it\/pt-br\/produto\/bombas-eletricas\/#primaryimage"},"image":{"@id":"https:\/\/e-mazzoni.it\/pt-br\/produto\/bombas-eletricas\/#primaryimage"},"thumbnailUrl":"https:\/\/e-mazzoni.it\/wp-content\/uploads\/2026\/04\/DOC1496172943.jpg","datePublished":"2024-10-15T06:47:58+00:00","dateModified":"2026-05-02T02:20:11+00:00","breadcrumb":{"@id":"https:\/\/e-mazzoni.it\/pt-br\/produto\/bombas-eletricas\/#breadcrumb"},"inLanguage":"pt-BR","potentialAction":[{"@type":"ReadAction","target":["https:\/\/e-mazzoni.it\/pt-br\/produto\/bombas-eletricas\/"]}]},{"@type":"ImageObject","inLanguage":"pt-BR","@id":"https:\/\/e-mazzoni.it\/pt-br\/produto\/bombas-eletricas\/#primaryimage","url":"https:\/\/e-mazzoni.it\/wp-content\/uploads\/2026\/04\/DOC1496172943.jpg","contentUrl":"https:\/\/e-mazzoni.it\/wp-content\/uploads\/2026\/04\/DOC1496172943.jpg","width":800,"height":800},{"@type":"BreadcrumbList","@id":"https:\/\/e-mazzoni.it\/pt-br\/produto\/bombas-eletricas\/#breadcrumb","itemListElement":[{"@type":"ListItem","position":1,"name":"Home","item":"https:\/\/e-mazzoni.it\/pt-br\/"},{"@type":"ListItem","position":2,"name":"Produtos","item":"https:\/\/e-mazzoni.it\/pt-br\/produtos\/"},{"@type":"ListItem","position":3,"name":"BOMBAS ELETRICAS"}]},{"@type":"WebSite","@id":"https:\/\/e-mazzoni.it\/pt-br\/#website","url":"https:\/\/e-mazzoni.it\/pt-br\/","name":"Mazzoni","description":"Mazzoni","publisher":{"@id":"https:\/\/e-mazzoni.it\/pt-br\/#organization"},"potentialAction":[{"@type":"SearchAction","target":{"@type":"EntryPoint","urlTemplate":"https:\/\/e-mazzoni.it\/pt-br\/?s={search_term_string}"},"query-input":{"@type":"PropertyValueSpecification","valueRequired":true,"valueName":"search_term_string"}}],"inLanguage":"pt-BR"},{"@type":"Organization","@id":"https:\/\/e-mazzoni.it\/pt-br\/#organization","name":"Mazzoni","url":"https:\/\/e-mazzoni.it\/pt-br\/","logo":{"@type":"ImageObject","inLanguage":"pt-BR","@id":"https:\/\/e-mazzoni.it\/pt-br\/#\/schema\/logo\/image\/","url":"https:\/\/e-mazzoni.it\/wp-content\/uploads\/2023\/07\/logo.png","contentUrl":"https:\/\/e-mazzoni.it\/wp-content\/uploads\/2023\/07\/logo.png","width":250,"height":109,"caption":"Mazzoni"},"image":{"@id":"https:\/\/e-mazzoni.it\/pt-br\/#\/schema\/logo\/image\/"}}]}},"_links":{"self":[{"href":"https:\/\/e-mazzoni.it\/pt-br\/wp-json\/wp\/v2\/product\/54788","targetHints":{"allow":["GET"]}}],"collection":[{"href":"https:\/\/e-mazzoni.it\/pt-br\/wp-json\/wp\/v2\/product"}],"about":[{"href":"https:\/\/e-mazzoni.it\/pt-br\/wp-json\/wp\/v2\/types\/product"}],"wp:featuredmedia":[{"embeddable":true,"href":"https:\/\/e-mazzoni.it\/pt-br\/wp-json\/wp\/v2\/media\/67965"}],"wp:attachment":[{"href":"https:\/\/e-mazzoni.it\/pt-br\/wp-json\/wp\/v2\/media?parent=54788"}],"wp:term":[{"taxonomy":"product_brand","embeddable":true,"href":"https:\/\/e-mazzoni.it\/pt-br\/wp-json\/wp\/v2\/product_brand?post=54788"},{"taxonomy":"product_cat","embeddable":true,"href":"https:\/\/e-mazzoni.it\/pt-br\/wp-json\/wp\/v2\/product_cat?post=54788"},{"taxonomy":"product_tag","embeddable":true,"href":"https:\/\/e-mazzoni.it\/pt-br\/wp-json\/wp\/v2\/product_tag?post=54788"}],"curies":[{"name":"wp","href":"https:\/\/api.w.org\/{rel}","templated":true}]}}