{"id":54785,"date":"2024-10-15T06:47:34","date_gmt":"2024-10-15T06:47:34","guid":{"rendered":"https:\/\/e-mazzoni.it\/prodotto\/mec160\/"},"modified":"2026-05-02T02:17:48","modified_gmt":"2026-05-02T02:17:48","slug":"mec160","status":"publish","type":"product","link":"https:\/\/e-mazzoni.it\/pt-br\/produto\/mec160\/","title":{"rendered":"MEC160"},"content":{"rendered":"<p>GARANTIA 24 MESES &#8211; Cada detalhe dos novos motores Mazzoni \u00e9 projetado para garantir um desempenho superior e satisfazer um mercado cada vez mais exigente. Isso nos permite, ao contr\u00e1rio de todos os outros fabricantes, garantir 2 anos de nossos motores se devidamente instalado com enrolamentos t\u00e9rmicos conectados no circuito el\u00e9trico.<\/p>\n<p>ROLAMENTO Tipo de esfera de coroa \u00fanica.  Os rolamentos s\u00e3o selados e pr\u00e9-lubrificados com graxa \u00e0 base de l\u00edtio, com uma temperatura de trabalho de -25\u00b0 a +150\u00b0C.<br \/>\nPROTE\u00c7\u00c3O T\u00c9RMICA NOS ENROLAMENTOS &#8211; A prote\u00e7\u00e3o el\u00e9trica presente na linha de alimenta\u00e7\u00e3o do motor pode ser insuficiente para fornecer prote\u00e7\u00e3o contra sobrecargas.\u00a0 Na verdade, se as condi\u00e7\u00f5es de ventila\u00e7\u00e3o piorarem, o motor sobreaquece, mas as condi\u00e7\u00f5es el\u00e9tricas n\u00e3o mudam e isso inibe as prote\u00e7\u00f5es na linha. Isso pode ser evitado instalando prote\u00e7\u00e3o nos enrolamentos<\/p>\n<div>\n<table style=\"width: 100%\" border=\"1\" id=\"table_options\">\n<tbody>\n<tr>\n<th style=\"color: #fff\" bgcolor=\"#ea2833\">CODICE<\/th>\n<th style=\"color: #fff\" bgcolor=\"#ea2833\">VOLT<\/th>\n<th style=\"color: #fff\" bgcolor=\"#ea2833\">FASE<\/th>\n<th style=\"color: #fff\" bgcolor=\"#ea2833\">Hz<\/th>\n<th style=\"color: #fff\" bgcolor=\"#ea2833\">Hz 60<\/th>\n<th style=\"color: #fff\" bgcolor=\"#ea2833\">GIRI RPM 1<\/th>\n<th style=\"color: #fff\" bgcolor=\"#ea2833\">GIRI RPM 2<\/th>\n<th style=\"color: #fff\" bgcolor=\"#ea2833\">POTENZA KW<\/th>\n<th style=\"color: #fff\" bgcolor=\"#ea2833\">A<\/th>\n<th style=\"color: #fff\" bgcolor=\"#ea2833\">A 60Hz<\/th>\n<th style=\"color: #fff\" bgcolor=\"#ea2833\">Attributo libero 2<\/th>\n<th style=\"color: #fff\" bgcolor=\"#ea2833\">IP<\/th>\n<th style=\"color: #fff\" bgcolor=\"#ea2833\">POLI<\/th>\n<\/tr>\n<tr>\n<td align=\"center !important\">2.081.12.030<\/td>\n<td align=\"center !important\">400\/700<\/td>\n<td align=\"center !important\">3<\/td>\n<td align=\"center !important\">50<\/td>\n<td align=\"center !important\">60<\/td>\n<td align=\"center !important\">1450<\/td>\n<td align=\"center !important\">1740<\/td>\n<td align=\"center !important\">15<\/td>\n<td align=\"center !important\">28<\/td>\n<td align=\"center !important\">16,2<\/td>\n<td align=\"center !important\">GM \/ XM &#8211; L. 45 \/ 55<\/td>\n<td align=\"center !important\">44<\/td>\n<td align=\"center !important\">4<\/td>\n<\/tr>\n<tr>\n<td align=\"center !important\">2.081.12.041<\/td>\n<td align=\"center !important\">400\/700<\/td>\n<td align=\"center !important\">3<\/td>\n<td align=\"center !important\">50<\/td>\n<td align=\"center !important\">60<\/td>\n<td align=\"center !important\">1450<\/td>\n<td align=\"center !important\">1740<\/td>\n<td align=\"center !important\">15<\/td>\n<td align=\"center !important\">28<\/td>\n<td align=\"center !important\">16,2<\/td>\n<td align=\"center !important\">GM \/ XM &#8211; L. 45 \/ 55<\/td>\n<td align=\"center !important\">44<\/td>\n<td align=\"center !important\">4<\/td>\n<\/tr>\n<\/tbody>\n<\/table>\n<\/div>\n","protected":false},"excerpt":{"rendered":"<p>Os nossos motores el\u00e9tricos, estruturalmente e eletricamente customizados, s\u00e3o projetados de acordo com as diretrizes EU ECODESIGN e padr\u00f5es internacionais de refer\u00eancia.\u00a0 Construtivamente dispon\u00edvel na vers\u00e3o com p\u00e9s (B3) e equipado com flanges . A prote\u00e7\u00e3o t\u00e9rmica, devidamente concebida, garante o funcionamento em qualquer tipo de servi\u00e7o e contra usos indevidos ou casos acidentais.<\/p>\n","protected":false},"featured_media":67945,"template":"","meta":{"zakra_page_container_layout":"customizer","zakra_page_sidebar_layout":"customizer","zakra_remove_content_margin":false,"zakra_sidebar":"customizer","zakra_transparent_header":"customizer","zakra_logo":0,"zakra_main_header_style":"default","zakra_menu_item_color":"","zakra_menu_item_hover_color":"","zakra_menu_item_active_color":"","zakra_menu_active_style":"","zakra_page_header":true},"product_brand":[],"product_cat":[4058],"product_tag":[4066,4068,4070,4072,4073,4067,4065,4071],"class_list":{"0":"post-54785","1":"product","2":"type-product","3":"status-publish","4":"has-post-thumbnail","6":"product_cat-motores-eletricos-ie2-ie3-4-pole","7":"product_tag-agricultura_pt_br","8":"product_tag-alimenticio","9":"product_tag-construcao","10":"product_tag-industria-naval","11":"product_tag-industria-pesada","12":"product_tag-lavagem_de_carros_pt_br","13":"product_tag-limpeza_pt_br","14":"product_tag-quimica","16":"first","17":"instock","18":"shipping-taxable","19":"product-type-simple"},"yoast_head":"<!-- This site is optimized with the Yoast SEO plugin v27.5 - https:\/\/yoast.com\/product\/yoast-seo-wordpress\/ -->\n<title>MEC160 - Mazzoni<\/title>\n<meta name=\"robots\" content=\"index, follow, max-snippet:-1, max-image-preview:large, max-video-preview:-1\" \/>\n<link rel=\"canonical\" href=\"https:\/\/e-mazzoni.it\/pt-br\/produto\/mec160\/\" \/>\n<meta property=\"og:locale\" content=\"pt_BR\" \/>\n<meta property=\"og:type\" content=\"article\" \/>\n<meta property=\"og:title\" content=\"MEC160 - Mazzoni\" \/>\n<meta property=\"og:description\" content=\"Os nossos motores el\u00e9tricos, estruturalmente e eletricamente customizados, s\u00e3o projetados de acordo com as diretrizes EU ECODESIGN e padr\u00f5es internacionais de refer\u00eancia.\u00a0 Construtivamente dispon\u00edvel na vers\u00e3o com p\u00e9s (B3) e equipado com flanges . A prote\u00e7\u00e3o t\u00e9rmica, devidamente concebida, garante o funcionamento em qualquer tipo de servi\u00e7o e contra usos indevidos ou casos acidentais.\" \/>\n<meta property=\"og:url\" content=\"https:\/\/e-mazzoni.it\/pt-br\/produto\/mec160\/\" \/>\n<meta property=\"og:site_name\" content=\"Mazzoni\" \/>\n<meta property=\"article:modified_time\" content=\"2026-05-02T02:17:48+00:00\" \/>\n<meta property=\"og:image\" content=\"https:\/\/e-mazzoni.it\/wp-content\/uploads\/2026\/04\/DOC2574869101.jpg\" \/>\n\t<meta property=\"og:image:width\" content=\"800\" \/>\n\t<meta property=\"og:image:height\" content=\"800\" \/>\n\t<meta property=\"og:image:type\" content=\"image\/jpeg\" \/>\n<meta name=\"twitter:card\" content=\"summary_large_image\" \/>\n<meta name=\"twitter:label1\" content=\"Est. tempo de leitura\" \/>\n\t<meta name=\"twitter:data1\" content=\"1 minuto\" \/>\n<!-- \/ Yoast SEO plugin. -->","yoast_head_json":{"title":"MEC160 - Mazzoni","robots":{"index":"index","follow":"follow","max-snippet":"max-snippet:-1","max-image-preview":"max-image-preview:large","max-video-preview":"max-video-preview:-1"},"canonical":"https:\/\/e-mazzoni.it\/pt-br\/produto\/mec160\/","og_locale":"pt_BR","og_type":"article","og_title":"MEC160 - Mazzoni","og_description":"Os nossos motores el\u00e9tricos, estruturalmente e eletricamente customizados, s\u00e3o projetados de acordo com as diretrizes EU ECODESIGN e padr\u00f5es internacionais de refer\u00eancia.\u00a0 Construtivamente dispon\u00edvel na vers\u00e3o com p\u00e9s (B3) e equipado com flanges . A prote\u00e7\u00e3o t\u00e9rmica, devidamente concebida, garante o funcionamento em qualquer tipo de servi\u00e7o e contra usos indevidos ou casos acidentais.","og_url":"https:\/\/e-mazzoni.it\/pt-br\/produto\/mec160\/","og_site_name":"Mazzoni","article_modified_time":"2026-05-02T02:17:48+00:00","og_image":[{"width":800,"height":800,"url":"https:\/\/e-mazzoni.it\/wp-content\/uploads\/2026\/04\/DOC2574869101.jpg","type":"image\/jpeg"}],"twitter_card":"summary_large_image","twitter_misc":{"Est. tempo de leitura":"1 minuto"},"schema":{"@context":"https:\/\/schema.org","@graph":[{"@type":"WebPage","@id":"https:\/\/e-mazzoni.it\/pt-br\/produto\/mec160\/","url":"https:\/\/e-mazzoni.it\/pt-br\/produto\/mec160\/","name":"MEC160 - Mazzoni","isPartOf":{"@id":"https:\/\/e-mazzoni.it\/pt-br\/#website"},"primaryImageOfPage":{"@id":"https:\/\/e-mazzoni.it\/pt-br\/produto\/mec160\/#primaryimage"},"image":{"@id":"https:\/\/e-mazzoni.it\/pt-br\/produto\/mec160\/#primaryimage"},"thumbnailUrl":"https:\/\/e-mazzoni.it\/wp-content\/uploads\/2026\/04\/DOC2574869101.jpg","datePublished":"2024-10-15T06:47:34+00:00","dateModified":"2026-05-02T02:17:48+00:00","breadcrumb":{"@id":"https:\/\/e-mazzoni.it\/pt-br\/produto\/mec160\/#breadcrumb"},"inLanguage":"pt-BR","potentialAction":[{"@type":"ReadAction","target":["https:\/\/e-mazzoni.it\/pt-br\/produto\/mec160\/"]}]},{"@type":"ImageObject","inLanguage":"pt-BR","@id":"https:\/\/e-mazzoni.it\/pt-br\/produto\/mec160\/#primaryimage","url":"https:\/\/e-mazzoni.it\/wp-content\/uploads\/2026\/04\/DOC2574869101.jpg","contentUrl":"https:\/\/e-mazzoni.it\/wp-content\/uploads\/2026\/04\/DOC2574869101.jpg","width":800,"height":800},{"@type":"BreadcrumbList","@id":"https:\/\/e-mazzoni.it\/pt-br\/produto\/mec160\/#breadcrumb","itemListElement":[{"@type":"ListItem","position":1,"name":"Home","item":"https:\/\/e-mazzoni.it\/pt-br\/"},{"@type":"ListItem","position":2,"name":"Produtos","item":"https:\/\/e-mazzoni.it\/pt-br\/produtos\/"},{"@type":"ListItem","position":3,"name":"MEC160"}]},{"@type":"WebSite","@id":"https:\/\/e-mazzoni.it\/pt-br\/#website","url":"https:\/\/e-mazzoni.it\/pt-br\/","name":"Mazzoni","description":"Mazzoni","publisher":{"@id":"https:\/\/e-mazzoni.it\/pt-br\/#organization"},"potentialAction":[{"@type":"SearchAction","target":{"@type":"EntryPoint","urlTemplate":"https:\/\/e-mazzoni.it\/pt-br\/?s={search_term_string}"},"query-input":{"@type":"PropertyValueSpecification","valueRequired":true,"valueName":"search_term_string"}}],"inLanguage":"pt-BR"},{"@type":"Organization","@id":"https:\/\/e-mazzoni.it\/pt-br\/#organization","name":"Mazzoni","url":"https:\/\/e-mazzoni.it\/pt-br\/","logo":{"@type":"ImageObject","inLanguage":"pt-BR","@id":"https:\/\/e-mazzoni.it\/pt-br\/#\/schema\/logo\/image\/","url":"https:\/\/e-mazzoni.it\/wp-content\/uploads\/2023\/07\/logo.png","contentUrl":"https:\/\/e-mazzoni.it\/wp-content\/uploads\/2023\/07\/logo.png","width":250,"height":109,"caption":"Mazzoni"},"image":{"@id":"https:\/\/e-mazzoni.it\/pt-br\/#\/schema\/logo\/image\/"}}]}},"_links":{"self":[{"href":"https:\/\/e-mazzoni.it\/pt-br\/wp-json\/wp\/v2\/product\/54785","targetHints":{"allow":["GET"]}}],"collection":[{"href":"https:\/\/e-mazzoni.it\/pt-br\/wp-json\/wp\/v2\/product"}],"about":[{"href":"https:\/\/e-mazzoni.it\/pt-br\/wp-json\/wp\/v2\/types\/product"}],"wp:featuredmedia":[{"embeddable":true,"href":"https:\/\/e-mazzoni.it\/pt-br\/wp-json\/wp\/v2\/media\/67945"}],"wp:attachment":[{"href":"https:\/\/e-mazzoni.it\/pt-br\/wp-json\/wp\/v2\/media?parent=54785"}],"wp:term":[{"taxonomy":"product_brand","embeddable":true,"href":"https:\/\/e-mazzoni.it\/pt-br\/wp-json\/wp\/v2\/product_brand?post=54785"},{"taxonomy":"product_cat","embeddable":true,"href":"https:\/\/e-mazzoni.it\/pt-br\/wp-json\/wp\/v2\/product_cat?post=54785"},{"taxonomy":"product_tag","embeddable":true,"href":"https:\/\/e-mazzoni.it\/pt-br\/wp-json\/wp\/v2\/product_tag?post=54785"}],"curies":[{"name":"wp","href":"https:\/\/api.w.org\/{rel}","templated":true}]}}