{"id":54782,"date":"2024-10-15T06:47:13","date_gmt":"2024-10-15T06:47:13","guid":{"rendered":"https:\/\/e-mazzoni.it\/prodotto\/grupo-de-aquecimento-21-25-l-medium\/"},"modified":"2026-05-02T02:15:23","modified_gmt":"2026-05-02T02:15:23","slug":"grupo-de-aquecimento-21-25-l-medium","status":"publish","type":"product","link":"https:\/\/e-mazzoni.it\/pt-br\/produto\/grupo-de-aquecimento-21-25-l-medium\/","title":{"rendered":"GRUPO DE AQUECIMENTO 21 \/ 25 L MEDIUM"},"content":{"rendered":"<p>Controle de chama<br \/>\nFluxo, n\u00edvel, press\u00e3o<br \/>\nA bomba diesel \u00e9 acoplada diretamente ao ventilador atrav\u00e9s de uma junta<br \/>\nCaldeiras Mazzoni com alta efici\u00eancia e baixo consumo<br \/>\nPress\u00e3o m\u00ednima de abastecimento de \u00e1gua 15 bar<br \/>\nContador de exibi\u00e7\u00e3o e luzes de alarme<br \/>\nV\u00e1lvula de seguran\u00e7a<br \/>\nPainel el\u00e9trico com interruptor e termostato de controle de temperatura<br \/>\nTampa de a\u00e7o inoxid\u00e1vel e base de a\u00e7o pintado<\/p>\n<div>\n<table style=\"width: 100%\" border=\"1\" id=\"table_options\">\n<tbody>\n<tr>\n<th style=\"color: #fff\" bgcolor=\"#ea2833\">CODICE<\/th>\n<th style=\"color: #fff\" bgcolor=\"#ea2833\">PORTATA LT RPM1<\/th>\n<th style=\"color: #fff\" bgcolor=\"#ea2833\">PORTATA GPM RPM1<\/th>\n<th style=\"color: #fff\" bgcolor=\"#ea2833\">PRESSIONE BAR<\/th>\n<th style=\"color: #fff\" bgcolor=\"#ea2833\">PRESSIONE PSI<\/th>\n<th style=\"color: #fff\" bgcolor=\"#ea2833\">VOLT<\/th>\n<th style=\"color: #fff\" bgcolor=\"#ea2833\">Hz<\/th>\n<th style=\"color: #fff\" bgcolor=\"#ea2833\">RENDIMENTO KW<\/th>\n<th style=\"color: #fff\" bgcolor=\"#ea2833\">RENDIMENTO BTU<\/th>\n<th style=\"color: #fff\" bgcolor=\"#ea2833\">TUBO M<\/th>\n<th style=\"color: #fff\" bgcolor=\"#ea2833\">TUBO FT<\/th>\n<th style=\"color: #fff\" bgcolor=\"#ea2833\">TUBO SPESSORE<\/th>\n<th style=\"color: #fff\" bgcolor=\"#ea2833\">TUBO SPESSORE INCH<\/th>\n<th style=\"color: #fff\" bgcolor=\"#ea2833\">UGELLO GASOLIO<\/th>\n<th style=\"color: #fff\" bgcolor=\"#ea2833\">A<\/th>\n<th style=\"color: #fff\" bgcolor=\"#ea2833\">CONSUMO CARBURANTE LT H<\/th>\n<th style=\"color: #fff\" bgcolor=\"#ea2833\">CONSUMO CARBURANTE GAL H<\/th>\n<th style=\"color: #fff\" bgcolor=\"#ea2833\">SERBATOIO CAPACITA<\/th>\n<th style=\"color: #fff\" bgcolor=\"#ea2833\">SERBATOIO CAPACITA USG<\/th>\n<th style=\"color: #fff\" bgcolor=\"#ea2833\">KCAL H<\/th>\n<th style=\"color: #fff\" bgcolor=\"#ea2833\">PRESSIONE MIN BAR<\/th>\n<th style=\"color: #fff\" bgcolor=\"#ea2833\">PRESSIONE MIN PSI<\/th>\n<th style=\"color: #fff\" bgcolor=\"#ea2833\">INLET<\/th>\n<th style=\"color: #fff\" bgcolor=\"#ea2833\">OUTLET<\/th>\n<th style=\"color: #fff\" bgcolor=\"#ea2833\">PESO NETTO<\/th>\n<th style=\"color: #fff\" bgcolor=\"#ea2833\">T MAX C<\/th>\n<th style=\"color: #fff\" bgcolor=\"#ea2833\">T MAX F<\/th>\n<\/tr>\n<tr>\n<td align=\"center !important\">3.064.04.007<\/td>\n<td align=\"center !important\">21<\/td>\n<td align=\"center !important\">5,2<\/td>\n<td align=\"center !important\">250<\/td>\n<td align=\"center !important\">3626<\/td>\n<td align=\"center !important\">24<\/td>\n<td align=\"center !important\">DC<\/td>\n<td align=\"center !important\">93<\/td>\n<td align=\"center !important\">317.000<\/td>\n<td align=\"center !important\">35<\/td>\n<td align=\"center !important\">114<\/td>\n<td align=\"center !important\">2,6<\/td>\n<td align=\"center !important\">0.1 in.<\/td>\n<td align=\"center !important\">2<\/td>\n<td align=\"center !important\">16,5<\/td>\n<td align=\"center !important\">7,55<\/td>\n<td align=\"center !important\">2<\/td>\n<td align=\"center !important\">16 L<\/td>\n<td align=\"center !important\">4,2 gal<\/td>\n<td align=\"center !important\">80.000<\/td>\n<td align=\"center !important\">20<\/td>\n<td align=\"center !important\">290<\/td>\n<td align=\"center !important\">G 1\/2&#8243;<\/td>\n<td align=\"center !important\">G 1\/2&#8243;<\/td>\n<td align=\"center !important\">85<\/td>\n<td align=\"center !important\">150\u00b0C<\/td>\n<td align=\"center !important\">302\u00b0F<\/td>\n<\/tr>\n<tr>\n<td align=\"center !important\">3.064.04.004<\/td>\n<td align=\"center !important\">21<\/td>\n<td align=\"center !important\">5,2<\/td>\n<td align=\"center !important\">250<\/td>\n<td align=\"center !important\">3626<\/td>\n<td align=\"center !important\">230<\/td>\n<td align=\"center !important\">50<\/td>\n<td align=\"center !important\">93<\/td>\n<td align=\"center !important\">317.000<\/td>\n<td align=\"center !important\">35<\/td>\n<td align=\"center !important\">114<\/td>\n<td align=\"center !important\">2,6<\/td>\n<td align=\"center !important\">0.1 in.<\/td>\n<td align=\"center !important\">2<\/td>\n<td align=\"center !important\">2,36<\/td>\n<td align=\"center !important\">7,55<\/td>\n<td align=\"center !important\">2<\/td>\n<td align=\"center !important\">16 L<\/td>\n<td align=\"center !important\">4,2 gal<\/td>\n<td align=\"center !important\">80.000<\/td>\n<td align=\"center !important\">20<\/td>\n<td align=\"center !important\">290<\/td>\n<td align=\"center !important\">G 1\/2&#8243;<\/td>\n<td align=\"center !important\">G 1\/2&#8243;<\/td>\n<td align=\"center !important\">85<\/td>\n<td align=\"center !important\">150\u00b0C<\/td>\n<td align=\"center !important\">302\u00b0F<\/td>\n<\/tr>\n<tr>\n<td align=\"center !important\">3.064.04.010<\/td>\n<td align=\"center !important\">25<\/td>\n<td align=\"center !important\">6,6<\/td>\n<td align=\"center !important\">250<\/td>\n<td align=\"center !important\">3626<\/td>\n<td align=\"center !important\">12<\/td>\n<td align=\"center !important\">DC<\/td>\n<td align=\"center !important\">105<\/td>\n<td align=\"center !important\">357.000<\/td>\n<td align=\"center !important\">35<\/td>\n<td align=\"center !important\">114<\/td>\n<td align=\"center !important\">2,6<\/td>\n<td align=\"center !important\">0.1 in.<\/td>\n<td align=\"center !important\">2,25<\/td>\n<td align=\"center !important\">37<\/td>\n<td align=\"center !important\">8,5<\/td>\n<td align=\"center !important\">2,25<\/td>\n<td align=\"center !important\">16 L<\/td>\n<td align=\"center !important\">4,2 gal<\/td>\n<td align=\"center !important\">90.000<\/td>\n<td align=\"center !important\">20<\/td>\n<td align=\"center !important\">290<\/td>\n<td align=\"center !important\">G 1\/2<\/td>\n<td align=\"center !important\">G 1\/2<\/td>\n<td align=\"center !important\">85<\/td>\n<td align=\"center !important\">150\u00b0C<\/td>\n<td align=\"center !important\">302\u00b0F<\/td>\n<\/tr>\n<tr>\n<td align=\"center !important\">3.064.04.008<\/td>\n<td align=\"center !important\">25<\/td>\n<td align=\"center !important\">6,6<\/td>\n<td align=\"center !important\">250<\/td>\n<td align=\"center !important\">3626<\/td>\n<td align=\"center !important\">24<\/td>\n<td align=\"center !important\">DC<\/td>\n<td align=\"center !important\">105<\/td>\n<td align=\"center !important\">357.000<\/td>\n<td align=\"center !important\">35<\/td>\n<td align=\"center !important\">114<\/td>\n<td align=\"center !important\">2,6<\/td>\n<td align=\"center !important\">0.1 in.<\/td>\n<td align=\"center !important\">2,25<\/td>\n<td align=\"center !important\">16,5<\/td>\n<td align=\"center !important\">8,5<\/td>\n<td align=\"center !important\">2,25<\/td>\n<td align=\"center !important\">16 L<\/td>\n<td align=\"center !important\">4,2 gal<\/td>\n<td align=\"center !important\">90.000<\/td>\n<td align=\"center !important\">20<\/td>\n<td align=\"center !important\">290<\/td>\n<td align=\"center !important\">G 1\/2&#8243;<\/td>\n<td align=\"center !important\">G 1\/2&#8243;<\/td>\n<td align=\"center !important\">85<\/td>\n<td align=\"center !important\">150\u00b0C<\/td>\n<td align=\"center !important\">302\u00b0F<\/td>\n<\/tr>\n<tr>\n<td align=\"center !important\">3.064.04.006<\/td>\n<td align=\"center !important\">25<\/td>\n<td align=\"center !important\">6,6<\/td>\n<td align=\"center !important\">250<\/td>\n<td align=\"center !important\">3625<\/td>\n<td align=\"center !important\">230<\/td>\n<td align=\"center !important\">50<\/td>\n<td align=\"center !important\">105<\/td>\n<td align=\"center !important\">357.000<\/td>\n<td align=\"center !important\">35<\/td>\n<td align=\"center !important\">114<\/td>\n<td align=\"center !important\">2,6<\/td>\n<td align=\"center !important\">0.1 in.<\/td>\n<td align=\"center !important\">2,25<\/td>\n<td align=\"center !important\">2.36<\/td>\n<td align=\"center !important\">8,5<\/td>\n<td align=\"center !important\">2,25<\/td>\n<td align=\"center !important\">16 L<\/td>\n<td align=\"center !important\">4,2 gal<\/td>\n<td align=\"center !important\">90.000<\/td>\n<td align=\"center !important\">20<\/td>\n<td align=\"center !important\">290<\/td>\n<td align=\"center !important\">G 1\/2<\/td>\n<td align=\"center !important\">G 1\/2<\/td>\n<td align=\"center !important\">85<\/td>\n<td align=\"center !important\">150\u00b0C<\/td>\n<td align=\"center !important\">302\u00b0F<\/td>\n<\/tr>\n<tr>\n<td align=\"center !important\">3.064.04.015<\/td>\n<td align=\"center !important\">25<\/td>\n<td align=\"center !important\">6,6<\/td>\n<td align=\"center !important\">350<\/td>\n<td align=\"center !important\">5076<\/td>\n<td align=\"center !important\">230<\/td>\n<td align=\"center !important\">50<\/td>\n<td align=\"center !important\">105<\/td>\n<td align=\"center !important\">357.000<\/td>\n<td align=\"center !important\">35<\/td>\n<td align=\"center !important\">114<\/td>\n<td align=\"center !important\">2,6<\/td>\n<td align=\"center !important\">0.1 in.<\/td>\n<td align=\"center !important\">2,25<\/td>\n<td align=\"center !important\">2,36<\/td>\n<td align=\"center !important\">8,5<\/td>\n<td align=\"center !important\">2,25<\/td>\n<td align=\"center !important\">16 L<\/td>\n<td align=\"center !important\">4,2 gal<\/td>\n<td align=\"center !important\">90.000<\/td>\n<td align=\"center !important\">20<\/td>\n<td align=\"center !important\">290<\/td>\n<td align=\"center !important\">G 1\/2&#8243;<\/td>\n<td align=\"center !important\">G 1\/2&#8243;<\/td>\n<td align=\"center !important\">85<\/td>\n<td align=\"center !important\">150\u00b0C<\/td>\n<td align=\"center !important\">302\u00b0F<\/td>\n<\/tr>\n<tr>\n<td align=\"center !important\">3.064.04.016<\/td>\n<td align=\"center !important\">25<\/td>\n<td align=\"center !important\">6,6<\/td>\n<td align=\"center !important\">500<\/td>\n<td align=\"center !important\">7252<\/td>\n<td align=\"center !important\">230<\/td>\n<td align=\"center !important\">50<\/td>\n<td align=\"center !important\">105<\/td>\n<td align=\"center !important\">357.000<\/td>\n<td align=\"center !important\">35<\/td>\n<td align=\"center !important\">114<\/td>\n<td align=\"center !important\">3<\/td>\n<td align=\"center !important\">0.12 in.<\/td>\n<td align=\"center !important\">2,25<\/td>\n<td align=\"center !important\">2,36<\/td>\n<td align=\"center !important\">8,5<\/td>\n<td align=\"center !important\">2,25<\/td>\n<td align=\"center !important\">16 L<\/td>\n<td align=\"center !important\">4,2 gal<\/td>\n<td align=\"center !important\">90.000<\/td>\n<td align=\"center !important\">20<\/td>\n<td align=\"center !important\">290<\/td>\n<td align=\"center !important\">G 1\/2&#8243;<\/td>\n<td align=\"center !important\">G 1\/2&#8243;<\/td>\n<td align=\"center !important\">85<\/td>\n<td align=\"center !important\">150\u00b0C<\/td>\n<td align=\"center !important\">302\u00b0F<\/td>\n<\/tr>\n<\/tbody>\n<\/table>\n<\/div>\n","protected":false},"excerpt":{"rendered":"<p>A Mazzoni Firebox gera \u00e1gua quente atrav\u00e9s de uma caldeira diesel colocada no interior. Tamb\u00e9m pode ser alimentado por uma bomba simples, o importante \u00e9 que a press\u00e3o seja de pelo menos 15 bar. Para o seu funcionamento, apenas necessita de electricidade e gas\u00f3leo para a caldeira. Aquece \u00e1gua fria at\u00e9 150 o C, essencial onde a \u00e1gua quente \u00e9 necess\u00e1ria para lavagens mais eficazes ou usos especiais na agricultura, pecu\u00e1ria, ind\u00fastria, piscinas, etc. Pode ser fornecido em diferentes tens\u00f5es (12-24-230-400 Volts). A bomba diesel \u00e9 acoplada diretamente ao ventilador atrav\u00e9s de uma junta. As caldeiras produzidas pela Mazzoni s\u00e3o de alto desempenho e baixo consumo. Os valores de emiss\u00e3o de gases s\u00e3o inferiores aos exigidos pela recente regulamenta\u00e7\u00e3o europeia. A estrutura da caldeira \u00e9 feita de a\u00e7o inoxid\u00e1vel e o tubo usado \u00e9 3\/8\\&#8221;. Tampa de a\u00e7o inoxid\u00e1vel e base de a\u00e7o pintado, fornecido com tanque diesel 17L e n\u00edvel inserido na estrutura. Presente de seguran\u00e7a: v\u00e1lvula de seguran\u00e7a, interruptor de fluxo para controle de escassez de \u00e1gua.<\/p>\n","protected":false},"featured_media":67915,"template":"","meta":{"zakra_page_container_layout":"customizer","zakra_page_sidebar_layout":"customizer","zakra_remove_content_margin":false,"zakra_sidebar":"customizer","zakra_transparent_header":"customizer","zakra_logo":0,"zakra_main_header_style":"default","zakra_menu_item_color":"","zakra_menu_item_hover_color":"","zakra_menu_item_active_color":"","zakra_menu_active_style":"","zakra_page_header":true},"product_brand":[],"product_cat":[4046],"product_tag":[4066,4068,4070,4072,4073,4067,4065],"class_list":{"0":"post-54782","1":"product","2":"type-product","3":"status-publish","4":"has-post-thumbnail","6":"product_cat-grupo-de-aquecimento","7":"product_tag-agricultura_pt_br","8":"product_tag-alimenticio","9":"product_tag-construcao","10":"product_tag-industria-naval","11":"product_tag-industria-pesada","12":"product_tag-lavagem_de_carros_pt_br","13":"product_tag-limpeza_pt_br","15":"first","16":"instock","17":"shipping-taxable","18":"product-type-simple"},"yoast_head":"<!-- This site is optimized with the Yoast SEO plugin v27.5 - https:\/\/yoast.com\/product\/yoast-seo-wordpress\/ -->\n<title>GRUPO DE AQUECIMENTO 21 \/ 25 L MEDIUM - Mazzoni<\/title>\n<meta name=\"robots\" content=\"index, follow, max-snippet:-1, max-image-preview:large, max-video-preview:-1\" \/>\n<link rel=\"canonical\" href=\"https:\/\/e-mazzoni.it\/pt-br\/produto\/grupo-de-aquecimento-21-25-l-medium\/\" \/>\n<meta property=\"og:locale\" content=\"pt_BR\" \/>\n<meta property=\"og:type\" content=\"article\" \/>\n<meta property=\"og:title\" content=\"GRUPO DE AQUECIMENTO 21 \/ 25 L MEDIUM - Mazzoni\" \/>\n<meta property=\"og:description\" content=\"A Mazzoni Firebox gera \u00e1gua quente atrav\u00e9s de uma caldeira diesel colocada no interior. Tamb\u00e9m pode ser alimentado por uma bomba simples, o importante \u00e9 que a press\u00e3o seja de pelo menos 15 bar. Para o seu funcionamento, apenas necessita de electricidade e gas\u00f3leo para a caldeira. Aquece \u00e1gua fria at\u00e9 150 o C, essencial onde a \u00e1gua quente \u00e9 necess\u00e1ria para lavagens mais eficazes ou usos especiais na agricultura, pecu\u00e1ria, ind\u00fastria, piscinas, etc. Pode ser fornecido em diferentes tens\u00f5es (12-24-230-400 Volts). A bomba diesel \u00e9 acoplada diretamente ao ventilador atrav\u00e9s de uma junta. As caldeiras produzidas pela Mazzoni s\u00e3o de alto desempenho e baixo consumo. Os valores de emiss\u00e3o de gases s\u00e3o inferiores aos exigidos pela recente regulamenta\u00e7\u00e3o europeia. A estrutura da caldeira \u00e9 feita de a\u00e7o inoxid\u00e1vel e o tubo usado \u00e9 3\/8&quot;. Tampa de a\u00e7o inoxid\u00e1vel e base de a\u00e7o pintado, fornecido com tanque diesel 17L e n\u00edvel inserido na estrutura. Presente de seguran\u00e7a: v\u00e1lvula de seguran\u00e7a, interruptor de fluxo para controle de escassez de \u00e1gua.\" \/>\n<meta property=\"og:url\" content=\"https:\/\/e-mazzoni.it\/pt-br\/produto\/grupo-de-aquecimento-21-25-l-medium\/\" \/>\n<meta property=\"og:site_name\" content=\"Mazzoni\" \/>\n<meta property=\"article:modified_time\" content=\"2026-05-02T02:15:23+00:00\" \/>\n<meta property=\"og:image\" content=\"https:\/\/e-mazzoni.it\/wp-content\/uploads\/2026\/04\/DOC7658892909.jpg\" \/>\n\t<meta property=\"og:image:width\" content=\"800\" \/>\n\t<meta property=\"og:image:height\" content=\"800\" \/>\n\t<meta property=\"og:image:type\" content=\"image\/jpeg\" \/>\n<meta name=\"twitter:card\" content=\"summary_large_image\" \/>\n<meta name=\"twitter:label1\" content=\"Est. tempo de leitura\" \/>\n\t<meta name=\"twitter:data1\" content=\"1 minuto\" \/>\n<!-- \/ Yoast SEO plugin. -->","yoast_head_json":{"title":"GRUPO DE AQUECIMENTO 21 \/ 25 L MEDIUM - Mazzoni","robots":{"index":"index","follow":"follow","max-snippet":"max-snippet:-1","max-image-preview":"max-image-preview:large","max-video-preview":"max-video-preview:-1"},"canonical":"https:\/\/e-mazzoni.it\/pt-br\/produto\/grupo-de-aquecimento-21-25-l-medium\/","og_locale":"pt_BR","og_type":"article","og_title":"GRUPO DE AQUECIMENTO 21 \/ 25 L MEDIUM - Mazzoni","og_description":"A Mazzoni Firebox gera \u00e1gua quente atrav\u00e9s de uma caldeira diesel colocada no interior. Tamb\u00e9m pode ser alimentado por uma bomba simples, o importante \u00e9 que a press\u00e3o seja de pelo menos 15 bar. Para o seu funcionamento, apenas necessita de electricidade e gas\u00f3leo para a caldeira. Aquece \u00e1gua fria at\u00e9 150 o C, essencial onde a \u00e1gua quente \u00e9 necess\u00e1ria para lavagens mais eficazes ou usos especiais na agricultura, pecu\u00e1ria, ind\u00fastria, piscinas, etc. Pode ser fornecido em diferentes tens\u00f5es (12-24-230-400 Volts). A bomba diesel \u00e9 acoplada diretamente ao ventilador atrav\u00e9s de uma junta. As caldeiras produzidas pela Mazzoni s\u00e3o de alto desempenho e baixo consumo. Os valores de emiss\u00e3o de gases s\u00e3o inferiores aos exigidos pela recente regulamenta\u00e7\u00e3o europeia. A estrutura da caldeira \u00e9 feita de a\u00e7o inoxid\u00e1vel e o tubo usado \u00e9 3\/8\". Tampa de a\u00e7o inoxid\u00e1vel e base de a\u00e7o pintado, fornecido com tanque diesel 17L e n\u00edvel inserido na estrutura. Presente de seguran\u00e7a: v\u00e1lvula de seguran\u00e7a, interruptor de fluxo para controle de escassez de \u00e1gua.","og_url":"https:\/\/e-mazzoni.it\/pt-br\/produto\/grupo-de-aquecimento-21-25-l-medium\/","og_site_name":"Mazzoni","article_modified_time":"2026-05-02T02:15:23+00:00","og_image":[{"width":800,"height":800,"url":"https:\/\/e-mazzoni.it\/wp-content\/uploads\/2026\/04\/DOC7658892909.jpg","type":"image\/jpeg"}],"twitter_card":"summary_large_image","twitter_misc":{"Est. tempo de leitura":"1 minuto"},"schema":{"@context":"https:\/\/schema.org","@graph":[{"@type":"WebPage","@id":"https:\/\/e-mazzoni.it\/pt-br\/produto\/grupo-de-aquecimento-21-25-l-medium\/","url":"https:\/\/e-mazzoni.it\/pt-br\/produto\/grupo-de-aquecimento-21-25-l-medium\/","name":"GRUPO DE AQUECIMENTO 21 \/ 25 L MEDIUM - Mazzoni","isPartOf":{"@id":"https:\/\/e-mazzoni.it\/pt-br\/#website"},"primaryImageOfPage":{"@id":"https:\/\/e-mazzoni.it\/pt-br\/produto\/grupo-de-aquecimento-21-25-l-medium\/#primaryimage"},"image":{"@id":"https:\/\/e-mazzoni.it\/pt-br\/produto\/grupo-de-aquecimento-21-25-l-medium\/#primaryimage"},"thumbnailUrl":"https:\/\/e-mazzoni.it\/wp-content\/uploads\/2026\/04\/DOC7658892909.jpg","datePublished":"2024-10-15T06:47:13+00:00","dateModified":"2026-05-02T02:15:23+00:00","breadcrumb":{"@id":"https:\/\/e-mazzoni.it\/pt-br\/produto\/grupo-de-aquecimento-21-25-l-medium\/#breadcrumb"},"inLanguage":"pt-BR","potentialAction":[{"@type":"ReadAction","target":["https:\/\/e-mazzoni.it\/pt-br\/produto\/grupo-de-aquecimento-21-25-l-medium\/"]}]},{"@type":"ImageObject","inLanguage":"pt-BR","@id":"https:\/\/e-mazzoni.it\/pt-br\/produto\/grupo-de-aquecimento-21-25-l-medium\/#primaryimage","url":"https:\/\/e-mazzoni.it\/wp-content\/uploads\/2026\/04\/DOC7658892909.jpg","contentUrl":"https:\/\/e-mazzoni.it\/wp-content\/uploads\/2026\/04\/DOC7658892909.jpg","width":800,"height":800},{"@type":"BreadcrumbList","@id":"https:\/\/e-mazzoni.it\/pt-br\/produto\/grupo-de-aquecimento-21-25-l-medium\/#breadcrumb","itemListElement":[{"@type":"ListItem","position":1,"name":"Home","item":"https:\/\/e-mazzoni.it\/pt-br\/"},{"@type":"ListItem","position":2,"name":"Produtos","item":"https:\/\/e-mazzoni.it\/pt-br\/produtos\/"},{"@type":"ListItem","position":3,"name":"GRUPO DE AQUECIMENTO 21 \/ 25 L MEDIUM"}]},{"@type":"WebSite","@id":"https:\/\/e-mazzoni.it\/pt-br\/#website","url":"https:\/\/e-mazzoni.it\/pt-br\/","name":"Mazzoni","description":"Mazzoni","publisher":{"@id":"https:\/\/e-mazzoni.it\/pt-br\/#organization"},"potentialAction":[{"@type":"SearchAction","target":{"@type":"EntryPoint","urlTemplate":"https:\/\/e-mazzoni.it\/pt-br\/?s={search_term_string}"},"query-input":{"@type":"PropertyValueSpecification","valueRequired":true,"valueName":"search_term_string"}}],"inLanguage":"pt-BR"},{"@type":"Organization","@id":"https:\/\/e-mazzoni.it\/pt-br\/#organization","name":"Mazzoni","url":"https:\/\/e-mazzoni.it\/pt-br\/","logo":{"@type":"ImageObject","inLanguage":"pt-BR","@id":"https:\/\/e-mazzoni.it\/pt-br\/#\/schema\/logo\/image\/","url":"https:\/\/e-mazzoni.it\/wp-content\/uploads\/2023\/07\/logo.png","contentUrl":"https:\/\/e-mazzoni.it\/wp-content\/uploads\/2023\/07\/logo.png","width":250,"height":109,"caption":"Mazzoni"},"image":{"@id":"https:\/\/e-mazzoni.it\/pt-br\/#\/schema\/logo\/image\/"}}]}},"_links":{"self":[{"href":"https:\/\/e-mazzoni.it\/pt-br\/wp-json\/wp\/v2\/product\/54782","targetHints":{"allow":["GET"]}}],"collection":[{"href":"https:\/\/e-mazzoni.it\/pt-br\/wp-json\/wp\/v2\/product"}],"about":[{"href":"https:\/\/e-mazzoni.it\/pt-br\/wp-json\/wp\/v2\/types\/product"}],"wp:featuredmedia":[{"embeddable":true,"href":"https:\/\/e-mazzoni.it\/pt-br\/wp-json\/wp\/v2\/media\/67915"}],"wp:attachment":[{"href":"https:\/\/e-mazzoni.it\/pt-br\/wp-json\/wp\/v2\/media?parent=54782"}],"wp:term":[{"taxonomy":"product_brand","embeddable":true,"href":"https:\/\/e-mazzoni.it\/pt-br\/wp-json\/wp\/v2\/product_brand?post=54782"},{"taxonomy":"product_cat","embeddable":true,"href":"https:\/\/e-mazzoni.it\/pt-br\/wp-json\/wp\/v2\/product_cat?post=54782"},{"taxonomy":"product_tag","embeddable":true,"href":"https:\/\/e-mazzoni.it\/pt-br\/wp-json\/wp\/v2\/product_tag?post=54782"}],"curies":[{"name":"wp","href":"https:\/\/api.w.org\/{rel}","templated":true}]}}