{"id":54781,"date":"2024-10-15T06:46:55","date_gmt":"2024-10-15T06:46:55","guid":{"rendered":"https:\/\/e-mazzoni.it\/prodotto\/tres-resistencias\/"},"modified":"2026-05-02T02:13:51","modified_gmt":"2026-05-02T02:13:51","slug":"tres-resistencias","status":"publish","type":"product","link":"https:\/\/e-mazzoni.it\/pt-br\/produto\/tres-resistencias\/","title":{"rendered":"TR\u00caS RESIST\u00caNCIAS"},"content":{"rendered":"<p>Mazzoni Electric Boiler 12 L\/MIN 400 V Max. temperatura 85\u00b0C Pot\u00eancia 24 Kw<\/p>\n<div>\n<table style=\"width: 100%\" border=\"1\" id=\"table_options\">\n<tbody>\n<tr>\n<th style=\"color: #fff\" bgcolor=\"#ea2833\">CODICE<\/th>\n<th style=\"color: #fff\" bgcolor=\"#ea2833\">PORTATA LT RPM1<\/th>\n<th style=\"color: #fff\" bgcolor=\"#ea2833\">PORTATA GPM RPM1<\/th>\n<th style=\"color: #fff\" bgcolor=\"#ea2833\">PRESSIONE BAR<\/th>\n<th style=\"color: #fff\" bgcolor=\"#ea2833\">PRESSIONE PSI<\/th>\n<th style=\"color: #fff\" bgcolor=\"#ea2833\">VOLT<\/th>\n<th style=\"color: #fff\" bgcolor=\"#ea2833\">Hz<\/th>\n<th style=\"color: #fff\" bgcolor=\"#ea2833\">A<\/th>\n<th style=\"color: #fff\" bgcolor=\"#ea2833\">POTENZA KW<\/th>\n<th style=\"color: #fff\" bgcolor=\"#ea2833\">T MAX C<\/th>\n<th style=\"color: #fff\" bgcolor=\"#ea2833\">T MAX F<\/th>\n<th style=\"color: #fff\" bgcolor=\"#ea2833\">INLET<\/th>\n<th style=\"color: #fff\" bgcolor=\"#ea2833\">OUTLET<\/th>\n<th style=\"color: #fff\" bgcolor=\"#ea2833\">PRESSIONE MIN BAR<\/th>\n<th style=\"color: #fff\" bgcolor=\"#ea2833\">PRESSIONE MIN PSI<\/th>\n<th style=\"color: #fff\" bgcolor=\"#ea2833\">PESO NETTO<\/th>\n<th style=\"color: #fff\" bgcolor=\"#ea2833\">PESO NETTO LBS<\/th>\n<\/tr>\n<tr>\n<td align=\"center !important\">3.026.04.087<\/td>\n<td align=\"center !important\">12<\/td>\n<td align=\"center !important\">3.17<\/td>\n<td align=\"center !important\"><\/td>\n<td align=\"center !important\"><\/td>\n<td align=\"center !important\">400<\/td>\n<td align=\"center !important\">50<\/td>\n<td align=\"center !important\">37<\/td>\n<td align=\"center !important\">25.5<\/td>\n<td align=\"center !important\">85\u00b0C<\/td>\n<td align=\"center !important\">185\u00b0F<\/td>\n<td align=\"center !important\">G 3\/4&#8243;<\/td>\n<td align=\"center !important\">G 1\/2&#8243;<\/td>\n<td align=\"center !important\">1<\/td>\n<td align=\"center !important\">14.5<\/td>\n<td align=\"center !important\">32<\/td>\n<td align=\"center !important\">70.5<\/td>\n<\/tr>\n<\/tbody>\n<\/table>\n<\/div>\n","protected":false},"excerpt":{"rendered":"<p>Aquecimento m\u00e1ximo e n\u00edvel m\u00ednimo de emiss\u00f5es de poluentes de \u00f3xido de azoto no ambiente. As caldeiras Mazzoni s\u00e3o sin\u00f4nimo de seguran\u00e7a e qualidade, garantidas por materiais de primeira escolha e design projetado para obter o m\u00e1ximo rendimento calor\u00edfico, com um olhar cuidadoso sobre a economia de energia e novas regulamenta\u00e7\u00f5es ambientais e de seguran\u00e7a.<\/p>\n","protected":false},"featured_media":67902,"template":"","meta":{"zakra_page_container_layout":"customizer","zakra_page_sidebar_layout":"customizer","zakra_remove_content_margin":false,"zakra_sidebar":"customizer","zakra_transparent_header":"customizer","zakra_logo":0,"zakra_main_header_style":"default","zakra_menu_item_color":"","zakra_menu_item_hover_color":"","zakra_menu_item_active_color":"","zakra_menu_active_style":"","zakra_page_header":true},"product_brand":[],"product_cat":[4049],"product_tag":[4066,4068,4070,4072,4073,4067,4065],"class_list":{"0":"post-54781","1":"product","2":"type-product","3":"status-publish","4":"has-post-thumbnail","6":"product_cat-caldeiras-eletricas","7":"product_tag-agricultura_pt_br","8":"product_tag-alimenticio","9":"product_tag-construcao","10":"product_tag-industria-naval","11":"product_tag-industria-pesada","12":"product_tag-lavagem_de_carros_pt_br","13":"product_tag-limpeza_pt_br","15":"first","16":"instock","17":"shipping-taxable","18":"product-type-simple"},"yoast_head":"<!-- This site is optimized with the Yoast SEO plugin v27.5 - https:\/\/yoast.com\/product\/yoast-seo-wordpress\/ -->\n<title>TR\u00caS RESIST\u00caNCIAS - Mazzoni<\/title>\n<meta name=\"robots\" content=\"index, follow, max-snippet:-1, max-image-preview:large, max-video-preview:-1\" \/>\n<link rel=\"canonical\" href=\"https:\/\/e-mazzoni.it\/pt-br\/produto\/tres-resistencias\/\" \/>\n<meta property=\"og:locale\" content=\"pt_BR\" \/>\n<meta property=\"og:type\" content=\"article\" \/>\n<meta property=\"og:title\" content=\"TR\u00caS RESIST\u00caNCIAS - Mazzoni\" \/>\n<meta property=\"og:description\" content=\"Aquecimento m\u00e1ximo e n\u00edvel m\u00ednimo de emiss\u00f5es de poluentes de \u00f3xido de azoto no ambiente. As caldeiras Mazzoni s\u00e3o sin\u00f4nimo de seguran\u00e7a e qualidade, garantidas por materiais de primeira escolha e design projetado para obter o m\u00e1ximo rendimento calor\u00edfico, com um olhar cuidadoso sobre a economia de energia e novas regulamenta\u00e7\u00f5es ambientais e de seguran\u00e7a.\" \/>\n<meta property=\"og:url\" content=\"https:\/\/e-mazzoni.it\/pt-br\/produto\/tres-resistencias\/\" \/>\n<meta property=\"og:site_name\" content=\"Mazzoni\" \/>\n<meta property=\"article:modified_time\" content=\"2026-05-02T02:13:51+00:00\" \/>\n<meta property=\"og:image\" content=\"https:\/\/e-mazzoni.it\/wp-content\/uploads\/2026\/04\/DOC1363251038.jpg\" \/>\n\t<meta property=\"og:image:width\" content=\"1440\" \/>\n\t<meta property=\"og:image:height\" content=\"1080\" \/>\n\t<meta property=\"og:image:type\" content=\"image\/jpeg\" \/>\n<meta name=\"twitter:card\" content=\"summary_large_image\" \/>\n<!-- \/ Yoast SEO plugin. -->","yoast_head_json":{"title":"TR\u00caS RESIST\u00caNCIAS - Mazzoni","robots":{"index":"index","follow":"follow","max-snippet":"max-snippet:-1","max-image-preview":"max-image-preview:large","max-video-preview":"max-video-preview:-1"},"canonical":"https:\/\/e-mazzoni.it\/pt-br\/produto\/tres-resistencias\/","og_locale":"pt_BR","og_type":"article","og_title":"TR\u00caS RESIST\u00caNCIAS - Mazzoni","og_description":"Aquecimento m\u00e1ximo e n\u00edvel m\u00ednimo de emiss\u00f5es de poluentes de \u00f3xido de azoto no ambiente. As caldeiras Mazzoni s\u00e3o sin\u00f4nimo de seguran\u00e7a e qualidade, garantidas por materiais de primeira escolha e design projetado para obter o m\u00e1ximo rendimento calor\u00edfico, com um olhar cuidadoso sobre a economia de energia e novas regulamenta\u00e7\u00f5es ambientais e de seguran\u00e7a.","og_url":"https:\/\/e-mazzoni.it\/pt-br\/produto\/tres-resistencias\/","og_site_name":"Mazzoni","article_modified_time":"2026-05-02T02:13:51+00:00","og_image":[{"width":1440,"height":1080,"url":"https:\/\/e-mazzoni.it\/wp-content\/uploads\/2026\/04\/DOC1363251038.jpg","type":"image\/jpeg"}],"twitter_card":"summary_large_image","schema":{"@context":"https:\/\/schema.org","@graph":[{"@type":"WebPage","@id":"https:\/\/e-mazzoni.it\/pt-br\/produto\/tres-resistencias\/","url":"https:\/\/e-mazzoni.it\/pt-br\/produto\/tres-resistencias\/","name":"TR\u00caS RESIST\u00caNCIAS - Mazzoni","isPartOf":{"@id":"https:\/\/e-mazzoni.it\/pt-br\/#website"},"primaryImageOfPage":{"@id":"https:\/\/e-mazzoni.it\/pt-br\/produto\/tres-resistencias\/#primaryimage"},"image":{"@id":"https:\/\/e-mazzoni.it\/pt-br\/produto\/tres-resistencias\/#primaryimage"},"thumbnailUrl":"https:\/\/e-mazzoni.it\/wp-content\/uploads\/2026\/04\/DOC1363251038.jpg","datePublished":"2024-10-15T06:46:55+00:00","dateModified":"2026-05-02T02:13:51+00:00","breadcrumb":{"@id":"https:\/\/e-mazzoni.it\/pt-br\/produto\/tres-resistencias\/#breadcrumb"},"inLanguage":"pt-BR","potentialAction":[{"@type":"ReadAction","target":["https:\/\/e-mazzoni.it\/pt-br\/produto\/tres-resistencias\/"]}]},{"@type":"ImageObject","inLanguage":"pt-BR","@id":"https:\/\/e-mazzoni.it\/pt-br\/produto\/tres-resistencias\/#primaryimage","url":"https:\/\/e-mazzoni.it\/wp-content\/uploads\/2026\/04\/DOC1363251038.jpg","contentUrl":"https:\/\/e-mazzoni.it\/wp-content\/uploads\/2026\/04\/DOC1363251038.jpg","width":1440,"height":1080},{"@type":"BreadcrumbList","@id":"https:\/\/e-mazzoni.it\/pt-br\/produto\/tres-resistencias\/#breadcrumb","itemListElement":[{"@type":"ListItem","position":1,"name":"Home","item":"https:\/\/e-mazzoni.it\/pt-br\/"},{"@type":"ListItem","position":2,"name":"Produtos","item":"https:\/\/e-mazzoni.it\/pt-br\/produtos\/"},{"@type":"ListItem","position":3,"name":"TR\u00caS RESIST\u00caNCIAS"}]},{"@type":"WebSite","@id":"https:\/\/e-mazzoni.it\/pt-br\/#website","url":"https:\/\/e-mazzoni.it\/pt-br\/","name":"Mazzoni","description":"Mazzoni","publisher":{"@id":"https:\/\/e-mazzoni.it\/pt-br\/#organization"},"potentialAction":[{"@type":"SearchAction","target":{"@type":"EntryPoint","urlTemplate":"https:\/\/e-mazzoni.it\/pt-br\/?s={search_term_string}"},"query-input":{"@type":"PropertyValueSpecification","valueRequired":true,"valueName":"search_term_string"}}],"inLanguage":"pt-BR"},{"@type":"Organization","@id":"https:\/\/e-mazzoni.it\/pt-br\/#organization","name":"Mazzoni","url":"https:\/\/e-mazzoni.it\/pt-br\/","logo":{"@type":"ImageObject","inLanguage":"pt-BR","@id":"https:\/\/e-mazzoni.it\/pt-br\/#\/schema\/logo\/image\/","url":"https:\/\/e-mazzoni.it\/wp-content\/uploads\/2023\/07\/logo.png","contentUrl":"https:\/\/e-mazzoni.it\/wp-content\/uploads\/2023\/07\/logo.png","width":250,"height":109,"caption":"Mazzoni"},"image":{"@id":"https:\/\/e-mazzoni.it\/pt-br\/#\/schema\/logo\/image\/"}}]}},"_links":{"self":[{"href":"https:\/\/e-mazzoni.it\/pt-br\/wp-json\/wp\/v2\/product\/54781","targetHints":{"allow":["GET"]}}],"collection":[{"href":"https:\/\/e-mazzoni.it\/pt-br\/wp-json\/wp\/v2\/product"}],"about":[{"href":"https:\/\/e-mazzoni.it\/pt-br\/wp-json\/wp\/v2\/types\/product"}],"wp:featuredmedia":[{"embeddable":true,"href":"https:\/\/e-mazzoni.it\/pt-br\/wp-json\/wp\/v2\/media\/67902"}],"wp:attachment":[{"href":"https:\/\/e-mazzoni.it\/pt-br\/wp-json\/wp\/v2\/media?parent=54781"}],"wp:term":[{"taxonomy":"product_brand","embeddable":true,"href":"https:\/\/e-mazzoni.it\/pt-br\/wp-json\/wp\/v2\/product_brand?post=54781"},{"taxonomy":"product_cat","embeddable":true,"href":"https:\/\/e-mazzoni.it\/pt-br\/wp-json\/wp\/v2\/product_cat?post=54781"},{"taxonomy":"product_tag","embeddable":true,"href":"https:\/\/e-mazzoni.it\/pt-br\/wp-json\/wp\/v2\/product_tag?post=54781"}],"curies":[{"name":"wp","href":"https:\/\/api.w.org\/{rel}","templated":true}]}}