{"id":54622,"date":"2024-10-15T06:45:50","date_gmt":"2024-10-15T06:45:50","guid":{"rendered":"https:\/\/e-mazzoni.it\/prodotto\/caldeiras-de-gpl\/"},"modified":"2026-05-02T02:09:04","modified_gmt":"2026-05-02T02:09:04","slug":"caldeiras-de-gpl","status":"publish","type":"product","link":"https:\/\/e-mazzoni.it\/pt-br\/produto\/caldeiras-de-gpl\/","title":{"rendered":"CALDEIRAS DE GPL"},"content":{"rendered":"<p>CARACTER\u00cdSTICAS T\u00c9CNICAS:<\/p>\n<p>Interruptor ON\/OFF<br \/>\nControle de chama<br \/>\nTermostato<br \/>\nBot\u00e3o de reset<br \/>\nControle de \u00e1gua com interruptor de fluxo e pressostato<br \/>\nControle de ventila\u00e7\u00e3o<br \/>\nControle de press\u00e3o de g\u00e1s m\u00e1ximo e m\u00ednimo<\/p>\n<div>\n<table style=\"width: 100%\" border=\"1\" id=\"table_options\">\n<tbody>\n<tr>\n<th style=\"color: #fff\" bgcolor=\"#ea2833\">CODICE<\/th>\n<th style=\"color: #fff\" bgcolor=\"#ea2833\">PORTATA LT RPM1<\/th>\n<th style=\"color: #fff\" bgcolor=\"#ea2833\">PORTATA GPM RPM1<\/th>\n<th style=\"color: #fff\" bgcolor=\"#ea2833\">PRESSIONE BAR<\/th>\n<th style=\"color: #fff\" bgcolor=\"#ea2833\">PRESSIONE PSI<\/th>\n<th style=\"color: #fff\" bgcolor=\"#ea2833\">VOLT<\/th>\n<th style=\"color: #fff\" bgcolor=\"#ea2833\">Hz<\/th>\n<th style=\"color: #fff\" bgcolor=\"#ea2833\">RENDIMENTO KW<\/th>\n<th style=\"color: #fff\" bgcolor=\"#ea2833\">RENDIMENTO BTU<\/th>\n<th style=\"color: #fff\" bgcolor=\"#ea2833\">TUBO M<\/th>\n<th style=\"color: #fff\" bgcolor=\"#ea2833\">TUBO FT<\/th>\n<th style=\"color: #fff\" bgcolor=\"#ea2833\">TUBO SPESSORE<\/th>\n<th style=\"color: #fff\" bgcolor=\"#ea2833\">TUBO SPESSORE INCH<\/th>\n<th style=\"color: #fff\" bgcolor=\"#ea2833\">A<\/th>\n<th style=\"color: #fff\" bgcolor=\"#ea2833\">KCAL H<\/th>\n<th style=\"color: #fff\" bgcolor=\"#ea2833\">CONSUMO NM3 H<\/th>\n<th style=\"color: #fff\" bgcolor=\"#ea2833\">PRESSIONE MIN BAR<\/th>\n<th style=\"color: #fff\" bgcolor=\"#ea2833\">PRESSIONE MIN PSI<\/th>\n<th style=\"color: #fff\" bgcolor=\"#ea2833\">INLET<\/th>\n<th style=\"color: #fff\" bgcolor=\"#ea2833\">OUTLET<\/th>\n<th style=\"color: #fff\" bgcolor=\"#ea2833\">PESO NETTO<\/th>\n<th style=\"color: #fff\" bgcolor=\"#ea2833\">PESO NETTO LBS<\/th>\n<th style=\"color: #fff\" bgcolor=\"#ea2833\">T MAX C<\/th>\n<th style=\"color: #fff\" bgcolor=\"#ea2833\">T MAX F<\/th>\n<\/tr>\n<tr>\n<td align=\"center !important\">3.026.04.043<\/td>\n<td align=\"center !important\">15<\/td>\n<td align=\"center !important\">3,9<\/td>\n<td align=\"center !important\">250<\/td>\n<td align=\"center !important\">3626<\/td>\n<td align=\"center !important\">230<\/td>\n<td align=\"center !important\">50<\/td>\n<td align=\"center !important\">103<\/td>\n<td align=\"center !important\">218.000<\/td>\n<td align=\"center !important\">24<\/td>\n<td align=\"center !important\">82<\/td>\n<td align=\"center !important\">2,3<\/td>\n<td align=\"center !important\">0.09 in.<\/td>\n<td align=\"center !important\">1,1<\/td>\n<td align=\"center !important\">55.000<\/td>\n<td align=\"center !important\">3.5<\/td>\n<td align=\"center !important\">20<\/td>\n<td align=\"center !important\">290<\/td>\n<td align=\"center !important\">M 22&#215;1,5<\/td>\n<td align=\"center !important\">M 22&#215;1,5<\/td>\n<td align=\"center !important\">47<\/td>\n<td align=\"center !important\">103<\/td>\n<td align=\"center !important\">150\u00b0C<\/td>\n<td align=\"center !important\">302\u00b0F<\/td>\n<\/tr>\n<tr>\n<td align=\"center !important\">3.026.04.039<\/td>\n<td align=\"center !important\">21<\/td>\n<td align=\"center !important\">5,5<\/td>\n<td align=\"center !important\">250<\/td>\n<td align=\"center !important\">3626<\/td>\n<td align=\"center !important\">230<\/td>\n<td align=\"center !important\">50<\/td>\n<td align=\"center !important\">112<\/td>\n<td align=\"center !important\">380.000<\/td>\n<td align=\"center !important\">35<\/td>\n<td align=\"center !important\">114<\/td>\n<td align=\"center !important\">2,6<\/td>\n<td align=\"center !important\">0.1 in.<\/td>\n<td align=\"center !important\">1,1<\/td>\n<td align=\"center !important\">96.000<\/td>\n<td align=\"center !important\">3.9<\/td>\n<td align=\"center !important\">20<\/td>\n<td align=\"center !important\">290<\/td>\n<td align=\"center !important\">M 22&#215;1,5<\/td>\n<td align=\"center !important\">M 22&#215;1,5<\/td>\n<td align=\"center !important\">60<\/td>\n<td align=\"center !important\">132<\/td>\n<td align=\"center !important\">150\u00b0C<\/td>\n<td align=\"center !important\">302\u00b0F<\/td>\n<\/tr>\n<tr>\n<td align=\"center !important\">3.026.04.040<\/td>\n<td align=\"center !important\">30<\/td>\n<td align=\"center !important\">7,9<\/td>\n<td align=\"center !important\">250<\/td>\n<td align=\"center !important\">3626<\/td>\n<td align=\"center !important\">230<\/td>\n<td align=\"center !important\">50<\/td>\n<td align=\"center !important\">134<\/td>\n<td align=\"center !important\">464.000<\/td>\n<td align=\"center !important\">38.5<\/td>\n<td align=\"center !important\">126<\/td>\n<td align=\"center !important\">3<\/td>\n<td align=\"center !important\">0.1 in.<\/td>\n<td align=\"center !important\">2,4<\/td>\n<td align=\"center !important\">117.000<\/td>\n<td align=\"center !important\">4,6<\/td>\n<td align=\"center !important\">20<\/td>\n<td align=\"center !important\">290<\/td>\n<td align=\"center !important\">M 22&#215;1,5<\/td>\n<td align=\"center !important\">M 22&#215;1,5<\/td>\n<td align=\"center !important\">85<\/td>\n<td align=\"center !important\">187<\/td>\n<td align=\"center !important\">150\u00b0C<\/td>\n<td align=\"center !important\">302\u00b0F<\/td>\n<\/tr>\n<\/tbody>\n<\/table>\n<\/div>\n","protected":false},"excerpt":{"rendered":"<p>Caldeiras completas com painel el\u00e9trico: interruptor on\/off, controle de chama, termostato, controle de \u00e1gua (interruptor de fluxo e pressostato), controle de g\u00e1s (duplo pressostato) controle de ventila\u00e7\u00e3o (pressostato) e controle remoto. \u00a0 ABASTECIMENTO DE COMBUST\u00cdVEL GPL<\/p>\n","protected":false},"featured_media":67842,"template":"","meta":{"zakra_page_container_layout":"customizer","zakra_page_sidebar_layout":"customizer","zakra_remove_content_margin":false,"zakra_sidebar":"customizer","zakra_transparent_header":"customizer","zakra_logo":0,"zakra_main_header_style":"default","zakra_menu_item_color":"","zakra_menu_item_hover_color":"","zakra_menu_item_active_color":"","zakra_menu_active_style":"","zakra_page_header":true},"product_brand":[],"product_cat":[4047],"product_tag":[4066,4068,4070,4072,4073,4067,4065],"class_list":{"0":"post-54622","1":"product","2":"type-product","3":"status-publish","4":"has-post-thumbnail","6":"product_cat-caldeiras-a-gas","7":"product_tag-agricultura_pt_br","8":"product_tag-alimenticio","9":"product_tag-construcao","10":"product_tag-industria-naval","11":"product_tag-industria-pesada","12":"product_tag-lavagem_de_carros_pt_br","13":"product_tag-limpeza_pt_br","15":"first","16":"instock","17":"shipping-taxable","18":"product-type-simple"},"yoast_head":"<!-- This site is optimized with the Yoast SEO plugin v27.5 - https:\/\/yoast.com\/product\/yoast-seo-wordpress\/ -->\n<title>CALDEIRAS DE GPL - Mazzoni<\/title>\n<meta name=\"robots\" content=\"index, follow, max-snippet:-1, max-image-preview:large, max-video-preview:-1\" \/>\n<link rel=\"canonical\" href=\"https:\/\/e-mazzoni.it\/pt-br\/produto\/caldeiras-de-gpl\/\" \/>\n<meta property=\"og:locale\" content=\"pt_BR\" \/>\n<meta property=\"og:type\" content=\"article\" \/>\n<meta property=\"og:title\" content=\"CALDEIRAS DE GPL - Mazzoni\" \/>\n<meta property=\"og:description\" content=\"Caldeiras completas com painel el\u00e9trico: interruptor on\/off, controle de chama, termostato, controle de \u00e1gua (interruptor de fluxo e pressostato), controle de g\u00e1s (duplo pressostato) controle de ventila\u00e7\u00e3o (pressostato) e controle remoto. \u00a0 ABASTECIMENTO DE COMBUST\u00cdVEL GPL\" \/>\n<meta property=\"og:url\" content=\"https:\/\/e-mazzoni.it\/pt-br\/produto\/caldeiras-de-gpl\/\" \/>\n<meta property=\"og:site_name\" content=\"Mazzoni\" \/>\n<meta property=\"article:modified_time\" content=\"2026-05-02T02:09:04+00:00\" \/>\n<meta property=\"og:image\" content=\"https:\/\/e-mazzoni.it\/wp-content\/uploads\/2026\/04\/DOC8814507969.jpg\" \/>\n\t<meta property=\"og:image:width\" content=\"800\" \/>\n\t<meta property=\"og:image:height\" content=\"800\" \/>\n\t<meta property=\"og:image:type\" content=\"image\/jpeg\" \/>\n<meta name=\"twitter:card\" content=\"summary_large_image\" \/>\n<!-- \/ Yoast SEO plugin. -->","yoast_head_json":{"title":"CALDEIRAS DE GPL - Mazzoni","robots":{"index":"index","follow":"follow","max-snippet":"max-snippet:-1","max-image-preview":"max-image-preview:large","max-video-preview":"max-video-preview:-1"},"canonical":"https:\/\/e-mazzoni.it\/pt-br\/produto\/caldeiras-de-gpl\/","og_locale":"pt_BR","og_type":"article","og_title":"CALDEIRAS DE GPL - Mazzoni","og_description":"Caldeiras completas com painel el\u00e9trico: interruptor on\/off, controle de chama, termostato, controle de \u00e1gua (interruptor de fluxo e pressostato), controle de g\u00e1s (duplo pressostato) controle de ventila\u00e7\u00e3o (pressostato) e controle remoto. \u00a0 ABASTECIMENTO DE COMBUST\u00cdVEL GPL","og_url":"https:\/\/e-mazzoni.it\/pt-br\/produto\/caldeiras-de-gpl\/","og_site_name":"Mazzoni","article_modified_time":"2026-05-02T02:09:04+00:00","og_image":[{"width":800,"height":800,"url":"https:\/\/e-mazzoni.it\/wp-content\/uploads\/2026\/04\/DOC8814507969.jpg","type":"image\/jpeg"}],"twitter_card":"summary_large_image","schema":{"@context":"https:\/\/schema.org","@graph":[{"@type":"WebPage","@id":"https:\/\/e-mazzoni.it\/pt-br\/produto\/caldeiras-de-gpl\/","url":"https:\/\/e-mazzoni.it\/pt-br\/produto\/caldeiras-de-gpl\/","name":"CALDEIRAS DE GPL - Mazzoni","isPartOf":{"@id":"https:\/\/e-mazzoni.it\/pt-br\/#website"},"primaryImageOfPage":{"@id":"https:\/\/e-mazzoni.it\/pt-br\/produto\/caldeiras-de-gpl\/#primaryimage"},"image":{"@id":"https:\/\/e-mazzoni.it\/pt-br\/produto\/caldeiras-de-gpl\/#primaryimage"},"thumbnailUrl":"https:\/\/e-mazzoni.it\/wp-content\/uploads\/2026\/04\/DOC8814507969.jpg","datePublished":"2024-10-15T06:45:50+00:00","dateModified":"2026-05-02T02:09:04+00:00","breadcrumb":{"@id":"https:\/\/e-mazzoni.it\/pt-br\/produto\/caldeiras-de-gpl\/#breadcrumb"},"inLanguage":"pt-BR","potentialAction":[{"@type":"ReadAction","target":["https:\/\/e-mazzoni.it\/pt-br\/produto\/caldeiras-de-gpl\/"]}]},{"@type":"ImageObject","inLanguage":"pt-BR","@id":"https:\/\/e-mazzoni.it\/pt-br\/produto\/caldeiras-de-gpl\/#primaryimage","url":"https:\/\/e-mazzoni.it\/wp-content\/uploads\/2026\/04\/DOC8814507969.jpg","contentUrl":"https:\/\/e-mazzoni.it\/wp-content\/uploads\/2026\/04\/DOC8814507969.jpg","width":800,"height":800},{"@type":"BreadcrumbList","@id":"https:\/\/e-mazzoni.it\/pt-br\/produto\/caldeiras-de-gpl\/#breadcrumb","itemListElement":[{"@type":"ListItem","position":1,"name":"Home","item":"https:\/\/e-mazzoni.it\/pt-br\/"},{"@type":"ListItem","position":2,"name":"Produtos","item":"https:\/\/e-mazzoni.it\/pt-br\/produtos\/"},{"@type":"ListItem","position":3,"name":"CALDEIRAS DE GPL"}]},{"@type":"WebSite","@id":"https:\/\/e-mazzoni.it\/pt-br\/#website","url":"https:\/\/e-mazzoni.it\/pt-br\/","name":"Mazzoni","description":"Mazzoni","publisher":{"@id":"https:\/\/e-mazzoni.it\/pt-br\/#organization"},"potentialAction":[{"@type":"SearchAction","target":{"@type":"EntryPoint","urlTemplate":"https:\/\/e-mazzoni.it\/pt-br\/?s={search_term_string}"},"query-input":{"@type":"PropertyValueSpecification","valueRequired":true,"valueName":"search_term_string"}}],"inLanguage":"pt-BR"},{"@type":"Organization","@id":"https:\/\/e-mazzoni.it\/pt-br\/#organization","name":"Mazzoni","url":"https:\/\/e-mazzoni.it\/pt-br\/","logo":{"@type":"ImageObject","inLanguage":"pt-BR","@id":"https:\/\/e-mazzoni.it\/pt-br\/#\/schema\/logo\/image\/","url":"https:\/\/e-mazzoni.it\/wp-content\/uploads\/2023\/07\/logo.png","contentUrl":"https:\/\/e-mazzoni.it\/wp-content\/uploads\/2023\/07\/logo.png","width":250,"height":109,"caption":"Mazzoni"},"image":{"@id":"https:\/\/e-mazzoni.it\/pt-br\/#\/schema\/logo\/image\/"}}]}},"_links":{"self":[{"href":"https:\/\/e-mazzoni.it\/pt-br\/wp-json\/wp\/v2\/product\/54622","targetHints":{"allow":["GET"]}}],"collection":[{"href":"https:\/\/e-mazzoni.it\/pt-br\/wp-json\/wp\/v2\/product"}],"about":[{"href":"https:\/\/e-mazzoni.it\/pt-br\/wp-json\/wp\/v2\/types\/product"}],"wp:featuredmedia":[{"embeddable":true,"href":"https:\/\/e-mazzoni.it\/pt-br\/wp-json\/wp\/v2\/media\/67842"}],"wp:attachment":[{"href":"https:\/\/e-mazzoni.it\/pt-br\/wp-json\/wp\/v2\/media?parent=54622"}],"wp:term":[{"taxonomy":"product_brand","embeddable":true,"href":"https:\/\/e-mazzoni.it\/pt-br\/wp-json\/wp\/v2\/product_brand?post=54622"},{"taxonomy":"product_cat","embeddable":true,"href":"https:\/\/e-mazzoni.it\/pt-br\/wp-json\/wp\/v2\/product_cat?post=54622"},{"taxonomy":"product_tag","embeddable":true,"href":"https:\/\/e-mazzoni.it\/pt-br\/wp-json\/wp\/v2\/product_tag?post=54622"}],"curies":[{"name":"wp","href":"https:\/\/api.w.org\/{rel}","templated":true}]}}