{"id":54554,"date":"2024-10-15T06:44:31","date_gmt":"2024-10-15T06:44:31","guid":{"rendered":"https:\/\/e-mazzoni.it\/prodotto\/ph-industrial\/"},"modified":"2026-05-02T02:03:58","modified_gmt":"2026-05-02T02:03:58","slug":"ph-industrial","status":"publish","type":"product","link":"https:\/\/e-mazzoni.it\/pt-br\/produto\/ph-industrial\/","title":{"rendered":"PH INDUSTRIAL"},"content":{"rendered":"<p>Aspirador de alta press\u00e3o profissional. Compacto, pr\u00e1tico, ideal para todas as necessidades de limpeza exterior, vers\u00e1til e com alto desempenho. DADOS T\u00c9CNICOS:<\/p>\n<p>Motor el\u00e9trico ass\u00edncrono s\u00e9rie MEC servi\u00e7o cont\u00ednuo, S1 com prote\u00e7\u00e3o t\u00e9rmica integrada nos enrolamentos. Motor com maior efici\u00eancia, portanto, com alto desempenho e menor consumo de corrente. Junta el\u00e1stica.<br \/>\nMazzoni profissional bomba em linha (com bielas) com cabe\u00e7a de lat\u00e3o e tr\u00eas pist\u00f5es cer\u00e2micos<br \/>\nCabo el\u00e9trico 5 mt.<br \/>\nTubo de alta press\u00e3o 10 mt.<br \/>\nV\u00e1lvula bypass autom\u00e1tica com regula\u00e7\u00e3o de press\u00e3o<br \/>\nLan\u00e7a INOX com pistola autom\u00e1tica e fixa\u00e7\u00e3o r\u00e1pida para acess\u00f3rios<br \/>\nCabe\u00e7a com bico de a\u00e7o temperado e aspira\u00e7\u00e3o de limpeza.<br \/>\nEstrutura em a\u00e7o pintado<br \/>\nCaldeira de a\u00e7o inoxid\u00e1vel com bobina em tubo de a\u00e7o queimador de parada em caso de falta de \u00e1gua<br \/>\nTermostato de controle de temperatura da \u00e1gua<br \/>\nBomba de diesel anti-seizing.<br \/>\nN\u00edvel de flutuador diesel<br \/>\nSistema TST<br \/>\nTanque de diesel 20 L<br \/>\nContador interno<\/p>\n<div>\n<table style=\"width: 100%\" border=\"1\" id=\"table_options\">\n<tbody>\n<tr>\n<th style=\"color: #fff\" bgcolor=\"#ea2833\">CODICE<\/th>\n<th style=\"color: #fff\" bgcolor=\"#ea2833\">MODELLO<\/th>\n<th style=\"color: #fff\" bgcolor=\"#ea2833\">PORTATA LT RPM1<\/th>\n<th style=\"color: #fff\" bgcolor=\"#ea2833\">PORTATA GPM RPM1<\/th>\n<th style=\"color: #fff\" bgcolor=\"#ea2833\">PRESSIONE BAR<\/th>\n<th style=\"color: #fff\" bgcolor=\"#ea2833\">PRESSIONE PSI<\/th>\n<th style=\"color: #fff\" bgcolor=\"#ea2833\">GIRI RPM 1<\/th>\n<th style=\"color: #fff\" bgcolor=\"#ea2833\">POTENZA HP<\/th>\n<th style=\"color: #fff\" bgcolor=\"#ea2833\">POTENZA KW<\/th>\n<th style=\"color: #fff\" bgcolor=\"#ea2833\">VOLT<\/th>\n<th style=\"color: #fff\" bgcolor=\"#ea2833\">Hz<\/th>\n<th style=\"color: #fff\" bgcolor=\"#ea2833\">FASE<\/th>\n<th style=\"color: #fff\" bgcolor=\"#ea2833\">A<\/th>\n<th style=\"color: #fff\" bgcolor=\"#ea2833\">UGELLO ACQUA<\/th>\n<th style=\"color: #fff\" bgcolor=\"#ea2833\">KCAL H<\/th>\n<th style=\"color: #fff\" bgcolor=\"#ea2833\">SERBATOIO CAPACITA<\/th>\n<th style=\"color: #fff\" bgcolor=\"#ea2833\">SERBATOIO CAPACITA USG<\/th>\n<th style=\"color: #fff\" bgcolor=\"#ea2833\">SERBATOIO ANTI CALC<\/th>\n<th style=\"color: #fff\" bgcolor=\"#ea2833\">SERBATOIO ANTI CALC USG<\/th>\n<th style=\"color: #fff\" bgcolor=\"#ea2833\">SERBATOIO DETERGENTE<\/th>\n<th style=\"color: #fff\" bgcolor=\"#ea2833\">SERBATOIO DETERGENTE USG<\/th>\n<th style=\"color: #fff\" bgcolor=\"#ea2833\">T ACQUA OUTLET MAX<\/th>\n<th style=\"color: #fff\" bgcolor=\"#ea2833\">T ACQUA OUTLET MAX F<\/th>\n<\/tr>\n<tr>\n<td align=\"center !important\">3.023.24.353<\/td>\n<td align=\"center !important\">PH3025<\/td>\n<td align=\"center !important\">11<\/td>\n<td align=\"center !important\">2,91<\/td>\n<td align=\"center !important\">140<\/td>\n<td align=\"center !important\">2000<\/td>\n<td align=\"center !important\">1450<\/td>\n<td align=\"center !important\">3,2<\/td>\n<td align=\"center !important\">2,4<\/td>\n<td align=\"center !important\">230<\/td>\n<td align=\"center !important\">50<\/td>\n<td align=\"center !important\">1<\/td>\n<td align=\"center !important\">12,5<\/td>\n<td align=\"center !important\">1505<\/td>\n<td align=\"center !important\">50.000<\/td>\n<td align=\"center !important\">45L<\/td>\n<td align=\"center !important\">11.8 gal<\/td>\n<td align=\"center !important\">1L<\/td>\n<td align=\"center !important\">0.26 gal<\/td>\n<td align=\"center !important\">10L<\/td>\n<td align=\"center !important\">2.6 gal<\/td>\n<td align=\"center !important\">150\u00b0C<\/td>\n<td align=\"center !important\">302\u00b0F<\/td>\n<\/tr>\n<tr>\n<td align=\"center !important\">3.023.24.354<\/td>\n<td align=\"center !important\">PH3040<\/td>\n<td align=\"center !important\">13<\/td>\n<td align=\"center !important\">3,5<\/td>\n<td align=\"center !important\">140<\/td>\n<td align=\"center !important\">2030<\/td>\n<td align=\"center !important\">1450<\/td>\n<td align=\"center !important\">4,3<\/td>\n<td align=\"center !important\">3,2<\/td>\n<td align=\"center !important\">230<\/td>\n<td align=\"center !important\">50<\/td>\n<td align=\"center !important\">1<\/td>\n<td align=\"center !important\">17,1<\/td>\n<td align=\"center !important\">15065<\/td>\n<td align=\"center !important\">50.000<\/td>\n<td align=\"center !important\">45L<\/td>\n<td align=\"center !important\">11.9 gal<\/td>\n<td align=\"center !important\">1L<\/td>\n<td align=\"center !important\">0.26 gal<\/td>\n<td align=\"center !important\">10L<\/td>\n<td align=\"center !important\">2.6 gal<\/td>\n<td align=\"center !important\">150\u00b0C<\/td>\n<td align=\"center !important\">302\u00b0F<\/td>\n<\/tr>\n<tr>\n<td align=\"center !important\">3.023.24.329<\/td>\n<td align=\"center !important\">PH4000<\/td>\n<td align=\"center !important\">15<\/td>\n<td align=\"center !important\">3,9<\/td>\n<td align=\"center !important\">200<\/td>\n<td align=\"center !important\">2900<\/td>\n<td align=\"center !important\">1450<\/td>\n<td align=\"center !important\">7,7<\/td>\n<td align=\"center !important\">5,7<\/td>\n<td align=\"center !important\">400<\/td>\n<td align=\"center !important\">50<\/td>\n<td align=\"center !important\">3<\/td>\n<td align=\"center !important\">11,7<\/td>\n<td align=\"center !important\">15045<\/td>\n<td align=\"center !important\">50.000<\/td>\n<td align=\"center !important\">45L<\/td>\n<td align=\"center !important\">11.9 gal<\/td>\n<td align=\"center !important\">1L<\/td>\n<td align=\"center !important\">0.25 gal<\/td>\n<td align=\"center !important\">10L<\/td>\n<td align=\"center !important\">2.6 gal<\/td>\n<td align=\"center !important\">150\u00b0C<\/td>\n<td align=\"center !important\">302\u00b0F<\/td>\n<\/tr>\n<\/tbody>\n<\/table>\n<\/div>\n","protected":false},"excerpt":{"rendered":"<p>As lavadoras de press\u00e3o de \u00e1gua quente Mazzoni da s\u00e9rie MH pertencem \u00e0 alta gama da categoria intermedi\u00e1ria e s\u00e3o projetadas para uso profissional. As caldeiras de alto desempenho e os motores el\u00e9tricos, equipados com uma junta el\u00e1stica e constru\u00eddos diretamente pela Mazzoni, garantem baixos consumos e emiss\u00f5es, garantindo ao mesmo tempo um elevado rendimento. A roda dianteira girat\u00f3ria facilita seu movimento.   Uso recomendado: lavagens de carro, oficinas, agricultura etc.<\/p>\n","protected":false},"featured_media":67765,"template":"","meta":{"zakra_page_container_layout":"customizer","zakra_page_sidebar_layout":"customizer","zakra_remove_content_margin":false,"zakra_sidebar":"customizer","zakra_transparent_header":"customizer","zakra_logo":0,"zakra_main_header_style":"default","zakra_menu_item_color":"","zakra_menu_item_hover_color":"","zakra_menu_item_active_color":"","zakra_menu_active_style":"","zakra_page_header":true},"product_brand":[],"product_cat":[4045],"product_tag":[4065],"class_list":{"0":"post-54554","1":"product","2":"type-product","3":"status-publish","4":"has-post-thumbnail","6":"product_cat-agua-quente-de-pressao-lavadoras","7":"product_tag-limpeza_pt_br","9":"first","10":"instock","11":"shipping-taxable","12":"product-type-simple"},"yoast_head":"<!-- This site is optimized with the Yoast SEO plugin v27.5 - https:\/\/yoast.com\/product\/yoast-seo-wordpress\/ -->\n<title>PH INDUSTRIAL - Mazzoni<\/title>\n<meta name=\"robots\" content=\"index, follow, max-snippet:-1, max-image-preview:large, max-video-preview:-1\" \/>\n<link rel=\"canonical\" href=\"https:\/\/e-mazzoni.it\/pt-br\/produto\/ph-industrial\/\" \/>\n<meta property=\"og:locale\" content=\"pt_BR\" \/>\n<meta property=\"og:type\" content=\"article\" \/>\n<meta property=\"og:title\" content=\"PH INDUSTRIAL - Mazzoni\" \/>\n<meta property=\"og:description\" content=\"As lavadoras de press\u00e3o de \u00e1gua quente Mazzoni da s\u00e9rie MH pertencem \u00e0 alta gama da categoria intermedi\u00e1ria e s\u00e3o projetadas para uso profissional. As caldeiras de alto desempenho e os motores el\u00e9tricos, equipados com uma junta el\u00e1stica e constru\u00eddos diretamente pela Mazzoni, garantem baixos consumos e emiss\u00f5es, garantindo ao mesmo tempo um elevado rendimento. A roda dianteira girat\u00f3ria facilita seu movimento.  Uso recomendado: lavagens de carro, oficinas, agricultura etc.\" \/>\n<meta property=\"og:url\" content=\"https:\/\/e-mazzoni.it\/pt-br\/produto\/ph-industrial\/\" \/>\n<meta property=\"og:site_name\" content=\"Mazzoni\" \/>\n<meta property=\"article:modified_time\" content=\"2026-05-02T02:03:58+00:00\" \/>\n<meta property=\"og:image\" content=\"https:\/\/e-mazzoni.it\/wp-content\/uploads\/2026\/04\/DOC0717132521.jpg\" \/>\n\t<meta property=\"og:image:width\" content=\"800\" \/>\n\t<meta property=\"og:image:height\" content=\"800\" \/>\n\t<meta property=\"og:image:type\" content=\"image\/jpeg\" \/>\n<meta name=\"twitter:card\" content=\"summary_large_image\" \/>\n<meta name=\"twitter:label1\" content=\"Est. tempo de leitura\" \/>\n\t<meta name=\"twitter:data1\" content=\"1 minuto\" \/>\n<!-- \/ Yoast SEO plugin. -->","yoast_head_json":{"title":"PH INDUSTRIAL - Mazzoni","robots":{"index":"index","follow":"follow","max-snippet":"max-snippet:-1","max-image-preview":"max-image-preview:large","max-video-preview":"max-video-preview:-1"},"canonical":"https:\/\/e-mazzoni.it\/pt-br\/produto\/ph-industrial\/","og_locale":"pt_BR","og_type":"article","og_title":"PH INDUSTRIAL - Mazzoni","og_description":"As lavadoras de press\u00e3o de \u00e1gua quente Mazzoni da s\u00e9rie MH pertencem \u00e0 alta gama da categoria intermedi\u00e1ria e s\u00e3o projetadas para uso profissional. As caldeiras de alto desempenho e os motores el\u00e9tricos, equipados com uma junta el\u00e1stica e constru\u00eddos diretamente pela Mazzoni, garantem baixos consumos e emiss\u00f5es, garantindo ao mesmo tempo um elevado rendimento. A roda dianteira girat\u00f3ria facilita seu movimento.  Uso recomendado: lavagens de carro, oficinas, agricultura etc.","og_url":"https:\/\/e-mazzoni.it\/pt-br\/produto\/ph-industrial\/","og_site_name":"Mazzoni","article_modified_time":"2026-05-02T02:03:58+00:00","og_image":[{"width":800,"height":800,"url":"https:\/\/e-mazzoni.it\/wp-content\/uploads\/2026\/04\/DOC0717132521.jpg","type":"image\/jpeg"}],"twitter_card":"summary_large_image","twitter_misc":{"Est. tempo de leitura":"1 minuto"},"schema":{"@context":"https:\/\/schema.org","@graph":[{"@type":"WebPage","@id":"https:\/\/e-mazzoni.it\/pt-br\/produto\/ph-industrial\/","url":"https:\/\/e-mazzoni.it\/pt-br\/produto\/ph-industrial\/","name":"PH INDUSTRIAL - Mazzoni","isPartOf":{"@id":"https:\/\/e-mazzoni.it\/pt-br\/#website"},"primaryImageOfPage":{"@id":"https:\/\/e-mazzoni.it\/pt-br\/produto\/ph-industrial\/#primaryimage"},"image":{"@id":"https:\/\/e-mazzoni.it\/pt-br\/produto\/ph-industrial\/#primaryimage"},"thumbnailUrl":"https:\/\/e-mazzoni.it\/wp-content\/uploads\/2026\/04\/DOC0717132521.jpg","datePublished":"2024-10-15T06:44:31+00:00","dateModified":"2026-05-02T02:03:58+00:00","breadcrumb":{"@id":"https:\/\/e-mazzoni.it\/pt-br\/produto\/ph-industrial\/#breadcrumb"},"inLanguage":"pt-BR","potentialAction":[{"@type":"ReadAction","target":["https:\/\/e-mazzoni.it\/pt-br\/produto\/ph-industrial\/"]}]},{"@type":"ImageObject","inLanguage":"pt-BR","@id":"https:\/\/e-mazzoni.it\/pt-br\/produto\/ph-industrial\/#primaryimage","url":"https:\/\/e-mazzoni.it\/wp-content\/uploads\/2026\/04\/DOC0717132521.jpg","contentUrl":"https:\/\/e-mazzoni.it\/wp-content\/uploads\/2026\/04\/DOC0717132521.jpg","width":800,"height":800},{"@type":"BreadcrumbList","@id":"https:\/\/e-mazzoni.it\/pt-br\/produto\/ph-industrial\/#breadcrumb","itemListElement":[{"@type":"ListItem","position":1,"name":"Home","item":"https:\/\/e-mazzoni.it\/pt-br\/"},{"@type":"ListItem","position":2,"name":"Produtos","item":"https:\/\/e-mazzoni.it\/pt-br\/produtos\/"},{"@type":"ListItem","position":3,"name":"PH INDUSTRIAL"}]},{"@type":"WebSite","@id":"https:\/\/e-mazzoni.it\/pt-br\/#website","url":"https:\/\/e-mazzoni.it\/pt-br\/","name":"Mazzoni","description":"Mazzoni","publisher":{"@id":"https:\/\/e-mazzoni.it\/pt-br\/#organization"},"potentialAction":[{"@type":"SearchAction","target":{"@type":"EntryPoint","urlTemplate":"https:\/\/e-mazzoni.it\/pt-br\/?s={search_term_string}"},"query-input":{"@type":"PropertyValueSpecification","valueRequired":true,"valueName":"search_term_string"}}],"inLanguage":"pt-BR"},{"@type":"Organization","@id":"https:\/\/e-mazzoni.it\/pt-br\/#organization","name":"Mazzoni","url":"https:\/\/e-mazzoni.it\/pt-br\/","logo":{"@type":"ImageObject","inLanguage":"pt-BR","@id":"https:\/\/e-mazzoni.it\/pt-br\/#\/schema\/logo\/image\/","url":"https:\/\/e-mazzoni.it\/wp-content\/uploads\/2023\/07\/logo.png","contentUrl":"https:\/\/e-mazzoni.it\/wp-content\/uploads\/2023\/07\/logo.png","width":250,"height":109,"caption":"Mazzoni"},"image":{"@id":"https:\/\/e-mazzoni.it\/pt-br\/#\/schema\/logo\/image\/"}}]}},"_links":{"self":[{"href":"https:\/\/e-mazzoni.it\/pt-br\/wp-json\/wp\/v2\/product\/54554","targetHints":{"allow":["GET"]}}],"collection":[{"href":"https:\/\/e-mazzoni.it\/pt-br\/wp-json\/wp\/v2\/product"}],"about":[{"href":"https:\/\/e-mazzoni.it\/pt-br\/wp-json\/wp\/v2\/types\/product"}],"wp:featuredmedia":[{"embeddable":true,"href":"https:\/\/e-mazzoni.it\/pt-br\/wp-json\/wp\/v2\/media\/67765"}],"wp:attachment":[{"href":"https:\/\/e-mazzoni.it\/pt-br\/wp-json\/wp\/v2\/media?parent=54554"}],"wp:term":[{"taxonomy":"product_brand","embeddable":true,"href":"https:\/\/e-mazzoni.it\/pt-br\/wp-json\/wp\/v2\/product_brand?post=54554"},{"taxonomy":"product_cat","embeddable":true,"href":"https:\/\/e-mazzoni.it\/pt-br\/wp-json\/wp\/v2\/product_cat?post=54554"},{"taxonomy":"product_tag","embeddable":true,"href":"https:\/\/e-mazzoni.it\/pt-br\/wp-json\/wp\/v2\/product_tag?post=54554"}],"curies":[{"name":"wp","href":"https:\/\/api.w.org\/{rel}","templated":true}]}}