{"id":54551,"date":"2024-10-15T06:44:19","date_gmt":"2024-10-15T06:44:19","guid":{"rendered":"https:\/\/e-mazzoni.it\/prodotto\/ph2000-semiprofessional\/"},"modified":"2026-05-02T02:02:32","modified_gmt":"2026-05-02T02:02:32","slug":"ph2000-semiprofessional","status":"publish","type":"product","link":"https:\/\/e-mazzoni.it\/pt-br\/produto\/ph2000-semiprofessional\/","title":{"rendered":"PH2000 SEMIPROFESSIONAL"},"content":{"rendered":"<p>Limpador de alta press\u00e3o semi-profissional. Compacto, f\u00e1cil de manusear, ideal para todas as necessidades de limpeza ao ar livre, vers\u00e1til e com alto desempenho.<\/p>\n<p>CARACTER\u00cdSTICAS T\u00c9CNICAS<\/p>\n<p>Motor el\u00e9trico livre de manuten\u00e7\u00e3o ass\u00edncrono (sem escova) s\u00e9rie MEC servi\u00e7o cont\u00ednuo, S1 com prote\u00e7\u00e3o t\u00e9rmica integrada nos enrolamentos<br \/>\nBomba axial semi-profissional com cabe\u00e7a de lat\u00e3o e tr\u00eas pist\u00f5es de a\u00e7o com enchimento cer\u00e2mico<br \/>\nCabo el\u00e9trico 5 mt.<br \/>\nV\u00e1lvula de desvio autom\u00e1tica<br \/>\n8 m mangueira de alta press\u00e3o<br \/>\nLan\u00e7a em a\u00e7o inoxid\u00e1vel atermica com pistola autom\u00e1tica e fixa\u00e7\u00e3o r\u00e1pida para acess\u00f3rios<br \/>\nCabe\u00e7a ajust\u00e1vel com bico de a\u00e7o endurecido e suc\u00e7\u00e3o de limpeza de baixa press\u00e3o<br \/>\nTermostato de controle de temperatura da \u00e1gua<br \/>\nCaldeira com bobina em tubo de a\u00e7o e seguran\u00e7a do queimador em caso de falta de \u00e1gua<br \/>\nN\u00edvel de flutuador diesel<br \/>\nBomba diesel anti-convuls\u00e3o<br \/>\nTSD sistema<br \/>\nTanque de limpeza 8 L<br \/>\nDep\u00f3sito de combust\u00edvel 18 L<\/p>\n<div>\n<table style=\"width: 100%\" border=\"1\" id=\"table_options\">\n<tbody>\n<tr>\n<th style=\"color: #fff\" bgcolor=\"#ea2833\">CODICE<\/th>\n<th style=\"color: #fff\" bgcolor=\"#ea2833\">MODELLO<\/th>\n<th style=\"color: #fff\" bgcolor=\"#ea2833\">PORTATA LT RPM1<\/th>\n<th style=\"color: #fff\" bgcolor=\"#ea2833\">PORTATA GPM RPM1<\/th>\n<th style=\"color: #fff\" bgcolor=\"#ea2833\">PRESSIONE BAR<\/th>\n<th style=\"color: #fff\" bgcolor=\"#ea2833\">PRESSIONE PSI<\/th>\n<th style=\"color: #fff\" bgcolor=\"#ea2833\">GIRI RPM 1<\/th>\n<th style=\"color: #fff\" bgcolor=\"#ea2833\">POTENZA HP<\/th>\n<th style=\"color: #fff\" bgcolor=\"#ea2833\">POTENZA KW<\/th>\n<th style=\"color: #fff\" bgcolor=\"#ea2833\">VOLT<\/th>\n<th style=\"color: #fff\" bgcolor=\"#ea2833\">Hz<\/th>\n<th style=\"color: #fff\" bgcolor=\"#ea2833\">FASE<\/th>\n<th style=\"color: #fff\" bgcolor=\"#ea2833\">A<\/th>\n<th style=\"color: #fff\" bgcolor=\"#ea2833\">UGELLO ACQUA<\/th>\n<th style=\"color: #fff\" bgcolor=\"#ea2833\">KCAL H<\/th>\n<th style=\"color: #fff\" bgcolor=\"#ea2833\">SERBATOIO CAPACITA<\/th>\n<th style=\"color: #fff\" bgcolor=\"#ea2833\">SERBATOIO CAPACITA USG<\/th>\n<th style=\"color: #fff\" bgcolor=\"#ea2833\">SERBATOIO ANTI CALC<\/th>\n<th style=\"color: #fff\" bgcolor=\"#ea2833\">SERBATOIO ANTI CALC USG<\/th>\n<th style=\"color: #fff\" bgcolor=\"#ea2833\">SERBATOIO DETERGENTE<\/th>\n<th style=\"color: #fff\" bgcolor=\"#ea2833\">SERBATOIO DETERGENTE USG<\/th>\n<th style=\"color: #fff\" bgcolor=\"#ea2833\">T ACQUA OUTLET MAX<\/th>\n<th style=\"color: #fff\" bgcolor=\"#ea2833\">T ACQUA OUTLET MAX F<\/th>\n<\/tr>\n<tr>\n<td align=\"center !important\">3.023.24.003N<\/td>\n<td align=\"center !important\">PH2000<\/td>\n<td align=\"center !important\">10<\/td>\n<td align=\"center !important\">2.64<\/td>\n<td align=\"center !important\">140<\/td>\n<td align=\"center !important\">2031<\/td>\n<td align=\"center !important\">2800<\/td>\n<td align=\"center !important\">3<\/td>\n<td align=\"center !important\">2,2<\/td>\n<td align=\"center !important\">230<\/td>\n<td align=\"center !important\">50<\/td>\n<td align=\"center !important\">1<\/td>\n<td align=\"center !important\">11,4<\/td>\n<td align=\"center !important\">1504<\/td>\n<td align=\"center !important\">37.000<\/td>\n<td align=\"center !important\">18L<\/td>\n<td align=\"center !important\">4,7 gal<\/td>\n<td align=\"center !important\">&#8212;<\/td>\n<td align=\"center !important\">&#8212;<\/td>\n<td align=\"center !important\">8L<\/td>\n<td align=\"center !important\">2 gal<\/td>\n<td align=\"center !important\">90\u00b0C<\/td>\n<td align=\"center !important\">194\u00b0F<\/td>\n<\/tr>\n<\/tbody>\n<\/table>\n<\/div>\n","protected":false},"excerpt":{"rendered":"<p>\u00c9 o modelo mais potente entre os limpadores de \u00e1gua quente da gama de entrada; projetado para uso di\u00e1rio, mesmo que n\u00e3o intensivo, tem uma bomba semi-profissional, com cabe\u00e7a de lat\u00e3o e tr\u00eas pist\u00f5es de a\u00e7o com revestimento cer\u00e2mico.<\/p>\n<p>Ideais para a limpeza de sujidade crosta e teimosa, com sua press\u00e3o e fluxo, as lavadoras de alta press\u00e3o Mazzoni permitem a lavagem de grandes superf\u00edcies com consumo el\u00e9trico reduzido.<\/p>\n<p>Uso recomendado: Casa, ao ar livre, estabelecimentos de banho, hot\u00e9is, clubes, piscinas, oficinas de repara\u00e7\u00e3o de autom\u00f3veis, oficinas, pintores, instaladores, ind\u00fastria alimentar, empresas de limpeza, pesca, etc.<\/p>\n","protected":false},"featured_media":67752,"template":"","meta":{"zakra_page_container_layout":"customizer","zakra_page_sidebar_layout":"customizer","zakra_remove_content_margin":false,"zakra_sidebar":"customizer","zakra_transparent_header":"customizer","zakra_logo":0,"zakra_main_header_style":"default","zakra_menu_item_color":"","zakra_menu_item_hover_color":"","zakra_menu_item_active_color":"","zakra_menu_active_style":"","zakra_page_header":true},"product_brand":[],"product_cat":[4045],"product_tag":[4065],"class_list":{"0":"post-54551","1":"product","2":"type-product","3":"status-publish","4":"has-post-thumbnail","6":"product_cat-agua-quente-de-pressao-lavadoras","7":"product_tag-limpeza_pt_br","9":"first","10":"instock","11":"shipping-taxable","12":"product-type-simple"},"yoast_head":"<!-- This site is optimized with the Yoast SEO plugin v27.5 - https:\/\/yoast.com\/product\/yoast-seo-wordpress\/ -->\n<title>PH2000 SEMIPROFESSIONAL - Mazzoni<\/title>\n<meta name=\"robots\" content=\"index, follow, max-snippet:-1, max-image-preview:large, max-video-preview:-1\" \/>\n<link rel=\"canonical\" href=\"https:\/\/e-mazzoni.it\/pt-br\/produto\/ph2000-semiprofessional\/\" \/>\n<meta property=\"og:locale\" content=\"pt_BR\" \/>\n<meta property=\"og:type\" content=\"article\" \/>\n<meta property=\"og:title\" content=\"PH2000 SEMIPROFESSIONAL - Mazzoni\" \/>\n<meta property=\"og:description\" content=\"\u00c9 o modelo mais potente entre os limpadores de \u00e1gua quente da gama de entrada; projetado para uso di\u00e1rio, mesmo que n\u00e3o intensivo, tem uma bomba semi-profissional, com cabe\u00e7a de lat\u00e3o e tr\u00eas pist\u00f5es de a\u00e7o com revestimento cer\u00e2mico. Ideais para a limpeza de sujidade crosta e teimosa, com sua press\u00e3o e fluxo, as lavadoras de alta press\u00e3o Mazzoni permitem a lavagem de grandes superf\u00edcies com consumo el\u00e9trico reduzido.   Uso recomendado: Casa, ao ar livre, estabelecimentos de banho, hot\u00e9is, clubes, piscinas, oficinas de repara\u00e7\u00e3o de autom\u00f3veis, oficinas, pintores, instaladores, ind\u00fastria alimentar, empresas de limpeza, pesca, etc.\" \/>\n<meta property=\"og:url\" content=\"https:\/\/e-mazzoni.it\/pt-br\/produto\/ph2000-semiprofessional\/\" \/>\n<meta property=\"og:site_name\" content=\"Mazzoni\" \/>\n<meta property=\"article:modified_time\" content=\"2026-05-02T02:02:32+00:00\" \/>\n<meta property=\"og:image\" content=\"https:\/\/e-mazzoni.it\/wp-content\/uploads\/2026\/04\/DOC4709177894.jpg\" \/>\n\t<meta property=\"og:image:width\" content=\"800\" \/>\n\t<meta property=\"og:image:height\" content=\"800\" \/>\n\t<meta property=\"og:image:type\" content=\"image\/jpeg\" \/>\n<meta name=\"twitter:card\" content=\"summary_large_image\" \/>\n<meta name=\"twitter:label1\" content=\"Est. tempo de leitura\" \/>\n\t<meta name=\"twitter:data1\" content=\"1 minuto\" \/>\n<!-- \/ Yoast SEO plugin. -->","yoast_head_json":{"title":"PH2000 SEMIPROFESSIONAL - Mazzoni","robots":{"index":"index","follow":"follow","max-snippet":"max-snippet:-1","max-image-preview":"max-image-preview:large","max-video-preview":"max-video-preview:-1"},"canonical":"https:\/\/e-mazzoni.it\/pt-br\/produto\/ph2000-semiprofessional\/","og_locale":"pt_BR","og_type":"article","og_title":"PH2000 SEMIPROFESSIONAL - Mazzoni","og_description":"\u00c9 o modelo mais potente entre os limpadores de \u00e1gua quente da gama de entrada; projetado para uso di\u00e1rio, mesmo que n\u00e3o intensivo, tem uma bomba semi-profissional, com cabe\u00e7a de lat\u00e3o e tr\u00eas pist\u00f5es de a\u00e7o com revestimento cer\u00e2mico. Ideais para a limpeza de sujidade crosta e teimosa, com sua press\u00e3o e fluxo, as lavadoras de alta press\u00e3o Mazzoni permitem a lavagem de grandes superf\u00edcies com consumo el\u00e9trico reduzido.   Uso recomendado: Casa, ao ar livre, estabelecimentos de banho, hot\u00e9is, clubes, piscinas, oficinas de repara\u00e7\u00e3o de autom\u00f3veis, oficinas, pintores, instaladores, ind\u00fastria alimentar, empresas de limpeza, pesca, etc.","og_url":"https:\/\/e-mazzoni.it\/pt-br\/produto\/ph2000-semiprofessional\/","og_site_name":"Mazzoni","article_modified_time":"2026-05-02T02:02:32+00:00","og_image":[{"width":800,"height":800,"url":"https:\/\/e-mazzoni.it\/wp-content\/uploads\/2026\/04\/DOC4709177894.jpg","type":"image\/jpeg"}],"twitter_card":"summary_large_image","twitter_misc":{"Est. tempo de leitura":"1 minuto"},"schema":{"@context":"https:\/\/schema.org","@graph":[{"@type":"WebPage","@id":"https:\/\/e-mazzoni.it\/pt-br\/produto\/ph2000-semiprofessional\/","url":"https:\/\/e-mazzoni.it\/pt-br\/produto\/ph2000-semiprofessional\/","name":"PH2000 SEMIPROFESSIONAL - Mazzoni","isPartOf":{"@id":"https:\/\/e-mazzoni.it\/pt-br\/#website"},"primaryImageOfPage":{"@id":"https:\/\/e-mazzoni.it\/pt-br\/produto\/ph2000-semiprofessional\/#primaryimage"},"image":{"@id":"https:\/\/e-mazzoni.it\/pt-br\/produto\/ph2000-semiprofessional\/#primaryimage"},"thumbnailUrl":"https:\/\/e-mazzoni.it\/wp-content\/uploads\/2026\/04\/DOC4709177894.jpg","datePublished":"2024-10-15T06:44:19+00:00","dateModified":"2026-05-02T02:02:32+00:00","breadcrumb":{"@id":"https:\/\/e-mazzoni.it\/pt-br\/produto\/ph2000-semiprofessional\/#breadcrumb"},"inLanguage":"pt-BR","potentialAction":[{"@type":"ReadAction","target":["https:\/\/e-mazzoni.it\/pt-br\/produto\/ph2000-semiprofessional\/"]}]},{"@type":"ImageObject","inLanguage":"pt-BR","@id":"https:\/\/e-mazzoni.it\/pt-br\/produto\/ph2000-semiprofessional\/#primaryimage","url":"https:\/\/e-mazzoni.it\/wp-content\/uploads\/2026\/04\/DOC4709177894.jpg","contentUrl":"https:\/\/e-mazzoni.it\/wp-content\/uploads\/2026\/04\/DOC4709177894.jpg","width":800,"height":800},{"@type":"BreadcrumbList","@id":"https:\/\/e-mazzoni.it\/pt-br\/produto\/ph2000-semiprofessional\/#breadcrumb","itemListElement":[{"@type":"ListItem","position":1,"name":"Home","item":"https:\/\/e-mazzoni.it\/pt-br\/"},{"@type":"ListItem","position":2,"name":"Produtos","item":"https:\/\/e-mazzoni.it\/pt-br\/produtos\/"},{"@type":"ListItem","position":3,"name":"PH2000 SEMIPROFESSIONAL"}]},{"@type":"WebSite","@id":"https:\/\/e-mazzoni.it\/pt-br\/#website","url":"https:\/\/e-mazzoni.it\/pt-br\/","name":"Mazzoni","description":"Mazzoni","publisher":{"@id":"https:\/\/e-mazzoni.it\/pt-br\/#organization"},"potentialAction":[{"@type":"SearchAction","target":{"@type":"EntryPoint","urlTemplate":"https:\/\/e-mazzoni.it\/pt-br\/?s={search_term_string}"},"query-input":{"@type":"PropertyValueSpecification","valueRequired":true,"valueName":"search_term_string"}}],"inLanguage":"pt-BR"},{"@type":"Organization","@id":"https:\/\/e-mazzoni.it\/pt-br\/#organization","name":"Mazzoni","url":"https:\/\/e-mazzoni.it\/pt-br\/","logo":{"@type":"ImageObject","inLanguage":"pt-BR","@id":"https:\/\/e-mazzoni.it\/pt-br\/#\/schema\/logo\/image\/","url":"https:\/\/e-mazzoni.it\/wp-content\/uploads\/2023\/07\/logo.png","contentUrl":"https:\/\/e-mazzoni.it\/wp-content\/uploads\/2023\/07\/logo.png","width":250,"height":109,"caption":"Mazzoni"},"image":{"@id":"https:\/\/e-mazzoni.it\/pt-br\/#\/schema\/logo\/image\/"}}]}},"_links":{"self":[{"href":"https:\/\/e-mazzoni.it\/pt-br\/wp-json\/wp\/v2\/product\/54551","targetHints":{"allow":["GET"]}}],"collection":[{"href":"https:\/\/e-mazzoni.it\/pt-br\/wp-json\/wp\/v2\/product"}],"about":[{"href":"https:\/\/e-mazzoni.it\/pt-br\/wp-json\/wp\/v2\/types\/product"}],"wp:featuredmedia":[{"embeddable":true,"href":"https:\/\/e-mazzoni.it\/pt-br\/wp-json\/wp\/v2\/media\/67752"}],"wp:attachment":[{"href":"https:\/\/e-mazzoni.it\/pt-br\/wp-json\/wp\/v2\/media?parent=54551"}],"wp:term":[{"taxonomy":"product_brand","embeddable":true,"href":"https:\/\/e-mazzoni.it\/pt-br\/wp-json\/wp\/v2\/product_brand?post=54551"},{"taxonomy":"product_cat","embeddable":true,"href":"https:\/\/e-mazzoni.it\/pt-br\/wp-json\/wp\/v2\/product_cat?post=54551"},{"taxonomy":"product_tag","embeddable":true,"href":"https:\/\/e-mazzoni.it\/pt-br\/wp-json\/wp\/v2\/product_tag?post=54551"}],"curies":[{"name":"wp","href":"https:\/\/api.w.org\/{rel}","templated":true}]}}