{"id":54549,"date":"2024-10-15T06:44:06","date_gmt":"2024-10-15T06:44:06","guid":{"rendered":"https:\/\/e-mazzoni.it\/prodotto\/kx-professional\/"},"modified":"2026-05-02T02:01:07","modified_gmt":"2026-05-02T02:01:07","slug":"kx-professional","status":"publish","type":"product","link":"https:\/\/e-mazzoni.it\/pt-br\/produto\/kx-professional\/","title":{"rendered":"KX PROFESSIONAL"},"content":{"rendered":"<p>Profissional de \u00e1gua fria de alta press\u00e3o, com quadro fixado em 2 rodas pneum\u00e1ticas mais 1 girat\u00f3rio. Compacto, f\u00e1cil de manusear, ideal para todas as necessidades de limpeza ao ar livre, vers\u00e1til e de alto desempenho.<\/p>\n<p>Motor el\u00e9trico ass\u00edncrono s\u00e9rie MEC servi\u00e7o cont\u00ednuo, S1 com prote\u00e7\u00e3o t\u00e9rmica integrada nos enrolamentos. Motor com maior efici\u00eancia, portanto, com alto desempenho e menor consumo de corrente. Junta el\u00e1stica.<br \/>\nMazzoni bomba profissional em linha (biela) com cabe\u00e7a de lat\u00e3o e tr\u00eas pist\u00f5es cer\u00e2micos.<br \/>\nCabo el\u00e9trico m.5<br \/>\nV\u00e1lvula bypass autom\u00e1tica com regula\u00e7\u00e3o de press\u00e3o<br \/>\nTubo de alta press\u00e3o 10 metros<br \/>\nLan\u00e7a INOX com pistola autom\u00e1tica e fixa\u00e7\u00e3o r\u00e1pida para acess\u00f3rios<br \/>\nCabe\u00e7a de press\u00e3o profissional com bico de a\u00e7o temperado e suc\u00e7\u00e3o de limpeza<br \/>\nCarrinho em a\u00e7o pintado com al\u00e7a confort\u00e1vel e robusta para transporte e dep\u00f3sito de detergente embutido<br \/>\nSuporte para lan\u00e7a, tubo e cabo de alimenta\u00e7\u00e3o<br \/>\nTST (Time Stop) sistema<br \/>\nContador interno<br \/>\nAspirador de baixa press\u00e3o<br \/>\nFreio de estacionamento<\/p>\n<div>\n<table style=\"width: 100%\" border=\"1\" id=\"table_options\">\n<tbody>\n<tr>\n<th style=\"color: #fff\" bgcolor=\"#ea2833\">CODICE<\/th>\n<th style=\"color: #fff\" bgcolor=\"#ea2833\">MODELLO<\/th>\n<th style=\"color: #fff\" bgcolor=\"#ea2833\">PORTATA LT RPM1<\/th>\n<th style=\"color: #fff\" bgcolor=\"#ea2833\">PORTATA GPM RPM1<\/th>\n<th style=\"color: #fff\" bgcolor=\"#ea2833\">PRESSIONE BAR<\/th>\n<th style=\"color: #fff\" bgcolor=\"#ea2833\">PRESSIONE PSI<\/th>\n<th style=\"color: #fff\" bgcolor=\"#ea2833\">GIRI RPM 1<\/th>\n<th style=\"color: #fff\" bgcolor=\"#ea2833\">POTENZA HP<\/th>\n<th style=\"color: #fff\" bgcolor=\"#ea2833\">POTENZA KW<\/th>\n<th style=\"color: #fff\" bgcolor=\"#ea2833\">VOLT<\/th>\n<th style=\"color: #fff\" bgcolor=\"#ea2833\">Hz<\/th>\n<th style=\"color: #fff\" bgcolor=\"#ea2833\">FASE<\/th>\n<th style=\"color: #fff\" bgcolor=\"#ea2833\">A<\/th>\n<th style=\"color: #fff\" bgcolor=\"#ea2833\">UGELLO ACQUA<\/th>\n<th style=\"color: #fff\" bgcolor=\"#ea2833\">SERBATOIO DETERGENTE<\/th>\n<th style=\"color: #fff\" bgcolor=\"#ea2833\">SERBATOIO DETERGENTE USG<\/th>\n<th style=\"color: #fff\" bgcolor=\"#ea2833\">T ACQUA OUTLET MAX<\/th>\n<th style=\"color: #fff\" bgcolor=\"#ea2833\">T ACQUA OUTLET MAX F<\/th>\n<\/tr>\n<tr>\n<td align=\"center !important\">3.023.14.355<\/td>\n<td align=\"center !important\">KX3005<\/td>\n<td align=\"center !important\">10<\/td>\n<td align=\"center !important\">2,64<\/td>\n<td align=\"center !important\">150<\/td>\n<td align=\"center !important\">2175<\/td>\n<td align=\"center !important\">1450<\/td>\n<td align=\"center !important\">3<\/td>\n<td align=\"center !important\">2,2<\/td>\n<td align=\"center !important\">230<\/td>\n<td align=\"center !important\">50<\/td>\n<td align=\"center !important\">1<\/td>\n<td align=\"center !important\">11,4<\/td>\n<td align=\"center !important\">1504<\/td>\n<td align=\"center !important\">5 L<\/td>\n<td align=\"center !important\">1,3 gal<\/td>\n<td align=\"center !important\">65\u00b0C<\/td>\n<td align=\"center !important\">149\u00b0F<\/td>\n<\/tr>\n<tr>\n<td align=\"center !important\">3.023.14.343<\/td>\n<td align=\"center !important\">KX4005<\/td>\n<td align=\"center !important\">15<\/td>\n<td align=\"center !important\">3,9<\/td>\n<td align=\"center !important\">200<\/td>\n<td align=\"center !important\">2900<\/td>\n<td align=\"center !important\">1450<\/td>\n<td align=\"center !important\">7,5<\/td>\n<td align=\"center !important\">5.5<\/td>\n<td align=\"center !important\">400<\/td>\n<td align=\"center !important\">50<\/td>\n<td align=\"center !important\">3<\/td>\n<td align=\"center !important\">11<\/td>\n<td align=\"center !important\">1505<\/td>\n<td align=\"center !important\">5 L<\/td>\n<td align=\"center !important\">1,3 gal<\/td>\n<td align=\"center !important\">65\u00b0C<\/td>\n<td align=\"center !important\">149\u00b0F<\/td>\n<\/tr>\n<tr>\n<td align=\"center !important\">3.023.14.366<\/td>\n<td align=\"center !important\">KX4055<\/td>\n<td align=\"center !important\">21<\/td>\n<td align=\"center !important\">5,5<\/td>\n<td align=\"center !important\">150<\/td>\n<td align=\"center !important\">2175<\/td>\n<td align=\"center !important\">1450<\/td>\n<td align=\"center !important\">7,5<\/td>\n<td align=\"center !important\">5.5<\/td>\n<td align=\"center !important\">400<\/td>\n<td align=\"center !important\">50<\/td>\n<td align=\"center !important\">3<\/td>\n<td align=\"center !important\">11<\/td>\n<td align=\"center !important\">1508<\/td>\n<td align=\"center !important\">5 L<\/td>\n<td align=\"center !important\">1,3 gal<\/td>\n<td align=\"center !important\">65\u00b0C<\/td>\n<td align=\"center !important\">149\u00b0F<\/td>\n<\/tr>\n<\/tbody>\n<\/table>\n<\/div>\n","protected":false},"excerpt":{"rendered":"<p>Projetado para limpeza di\u00e1ria e intensiva de edif\u00edcios, m\u00e1quinas, ve\u00edculos e aparelhos.<br \/>\nIdeais para a limpeza de sujidade crosta e teimosa, com sua press\u00e3o e fluxo, as lavadoras de alta press\u00e3o Mazzoni permitem a lavagem de grandes superf\u00edcies com consumo el\u00e9trico reduzido.<\/p>\n<p>Uso recomendado: Agricultura, artesanato, ind\u00fastria alimentar, ind\u00fastria metal\u00fargica, hot\u00e9is e centros desportivos, autoridades municipais, transportes, mercados, constru\u00e7\u00e3o naval etc <\/p>\n","protected":false},"featured_media":67725,"template":"","meta":{"zakra_page_container_layout":"customizer","zakra_page_sidebar_layout":"customizer","zakra_remove_content_margin":false,"zakra_sidebar":"customizer","zakra_transparent_header":"customizer","zakra_logo":0,"zakra_main_header_style":"default","zakra_menu_item_color":"","zakra_menu_item_hover_color":"","zakra_menu_item_active_color":"","zakra_menu_active_style":"","zakra_page_header":true},"product_brand":[],"product_cat":[4044],"product_tag":[4067,4065],"class_list":{"0":"post-54549","1":"product","2":"type-product","3":"status-publish","4":"has-post-thumbnail","6":"product_cat-lavadoras-de-pressao-a-frio","7":"product_tag-lavagem_de_carros_pt_br","8":"product_tag-limpeza_pt_br","10":"first","11":"instock","12":"shipping-taxable","13":"product-type-simple"},"yoast_head":"<!-- This site is optimized with the Yoast SEO plugin v27.5 - https:\/\/yoast.com\/product\/yoast-seo-wordpress\/ -->\n<title>KX PROFESSIONAL - Mazzoni<\/title>\n<meta name=\"robots\" content=\"index, follow, max-snippet:-1, max-image-preview:large, max-video-preview:-1\" \/>\n<link rel=\"canonical\" href=\"https:\/\/e-mazzoni.it\/pt-br\/produto\/kx-professional\/\" \/>\n<meta property=\"og:locale\" content=\"pt_BR\" \/>\n<meta property=\"og:type\" content=\"article\" \/>\n<meta property=\"og:title\" content=\"KX PROFESSIONAL - Mazzoni\" \/>\n<meta property=\"og:description\" content=\"Projetado para limpeza di\u00e1ria e intensiva de edif\u00edcios, m\u00e1quinas, ve\u00edculos e aparelhos. Ideais para a limpeza de sujidade crosta e teimosa, com sua press\u00e3o e fluxo, as lavadoras de alta press\u00e3o Mazzoni permitem a lavagem de grandes superf\u00edcies com consumo el\u00e9trico reduzido. Uso recomendado: Agricultura, artesanato, ind\u00fastria alimentar, ind\u00fastria metal\u00fargica, hot\u00e9is e centros desportivos, autoridades municipais, transportes, mercados, constru\u00e7\u00e3o naval etc\" \/>\n<meta property=\"og:url\" content=\"https:\/\/e-mazzoni.it\/pt-br\/produto\/kx-professional\/\" \/>\n<meta property=\"og:site_name\" content=\"Mazzoni\" \/>\n<meta property=\"article:modified_time\" content=\"2026-05-02T02:01:07+00:00\" \/>\n<meta property=\"og:image\" content=\"https:\/\/e-mazzoni.it\/wp-content\/uploads\/2026\/04\/DOC2810972696.jpg\" \/>\n\t<meta property=\"og:image:width\" content=\"800\" \/>\n\t<meta property=\"og:image:height\" content=\"800\" \/>\n\t<meta property=\"og:image:type\" content=\"image\/jpeg\" \/>\n<meta name=\"twitter:card\" content=\"summary_large_image\" \/>\n<meta name=\"twitter:label1\" content=\"Est. tempo de leitura\" \/>\n\t<meta name=\"twitter:data1\" content=\"1 minuto\" \/>\n<!-- \/ Yoast SEO plugin. -->","yoast_head_json":{"title":"KX PROFESSIONAL - Mazzoni","robots":{"index":"index","follow":"follow","max-snippet":"max-snippet:-1","max-image-preview":"max-image-preview:large","max-video-preview":"max-video-preview:-1"},"canonical":"https:\/\/e-mazzoni.it\/pt-br\/produto\/kx-professional\/","og_locale":"pt_BR","og_type":"article","og_title":"KX PROFESSIONAL - Mazzoni","og_description":"Projetado para limpeza di\u00e1ria e intensiva de edif\u00edcios, m\u00e1quinas, ve\u00edculos e aparelhos. Ideais para a limpeza de sujidade crosta e teimosa, com sua press\u00e3o e fluxo, as lavadoras de alta press\u00e3o Mazzoni permitem a lavagem de grandes superf\u00edcies com consumo el\u00e9trico reduzido. Uso recomendado: Agricultura, artesanato, ind\u00fastria alimentar, ind\u00fastria metal\u00fargica, hot\u00e9is e centros desportivos, autoridades municipais, transportes, mercados, constru\u00e7\u00e3o naval etc","og_url":"https:\/\/e-mazzoni.it\/pt-br\/produto\/kx-professional\/","og_site_name":"Mazzoni","article_modified_time":"2026-05-02T02:01:07+00:00","og_image":[{"width":800,"height":800,"url":"https:\/\/e-mazzoni.it\/wp-content\/uploads\/2026\/04\/DOC2810972696.jpg","type":"image\/jpeg"}],"twitter_card":"summary_large_image","twitter_misc":{"Est. tempo de leitura":"1 minuto"},"schema":{"@context":"https:\/\/schema.org","@graph":[{"@type":"WebPage","@id":"https:\/\/e-mazzoni.it\/pt-br\/produto\/kx-professional\/","url":"https:\/\/e-mazzoni.it\/pt-br\/produto\/kx-professional\/","name":"KX PROFESSIONAL - Mazzoni","isPartOf":{"@id":"https:\/\/e-mazzoni.it\/pt-br\/#website"},"primaryImageOfPage":{"@id":"https:\/\/e-mazzoni.it\/pt-br\/produto\/kx-professional\/#primaryimage"},"image":{"@id":"https:\/\/e-mazzoni.it\/pt-br\/produto\/kx-professional\/#primaryimage"},"thumbnailUrl":"https:\/\/e-mazzoni.it\/wp-content\/uploads\/2026\/04\/DOC2810972696.jpg","datePublished":"2024-10-15T06:44:06+00:00","dateModified":"2026-05-02T02:01:07+00:00","breadcrumb":{"@id":"https:\/\/e-mazzoni.it\/pt-br\/produto\/kx-professional\/#breadcrumb"},"inLanguage":"pt-BR","potentialAction":[{"@type":"ReadAction","target":["https:\/\/e-mazzoni.it\/pt-br\/produto\/kx-professional\/"]}]},{"@type":"ImageObject","inLanguage":"pt-BR","@id":"https:\/\/e-mazzoni.it\/pt-br\/produto\/kx-professional\/#primaryimage","url":"https:\/\/e-mazzoni.it\/wp-content\/uploads\/2026\/04\/DOC2810972696.jpg","contentUrl":"https:\/\/e-mazzoni.it\/wp-content\/uploads\/2026\/04\/DOC2810972696.jpg","width":800,"height":800},{"@type":"BreadcrumbList","@id":"https:\/\/e-mazzoni.it\/pt-br\/produto\/kx-professional\/#breadcrumb","itemListElement":[{"@type":"ListItem","position":1,"name":"Home","item":"https:\/\/e-mazzoni.it\/pt-br\/"},{"@type":"ListItem","position":2,"name":"Produtos","item":"https:\/\/e-mazzoni.it\/pt-br\/produtos\/"},{"@type":"ListItem","position":3,"name":"KX PROFESSIONAL"}]},{"@type":"WebSite","@id":"https:\/\/e-mazzoni.it\/pt-br\/#website","url":"https:\/\/e-mazzoni.it\/pt-br\/","name":"Mazzoni","description":"Mazzoni","publisher":{"@id":"https:\/\/e-mazzoni.it\/pt-br\/#organization"},"potentialAction":[{"@type":"SearchAction","target":{"@type":"EntryPoint","urlTemplate":"https:\/\/e-mazzoni.it\/pt-br\/?s={search_term_string}"},"query-input":{"@type":"PropertyValueSpecification","valueRequired":true,"valueName":"search_term_string"}}],"inLanguage":"pt-BR"},{"@type":"Organization","@id":"https:\/\/e-mazzoni.it\/pt-br\/#organization","name":"Mazzoni","url":"https:\/\/e-mazzoni.it\/pt-br\/","logo":{"@type":"ImageObject","inLanguage":"pt-BR","@id":"https:\/\/e-mazzoni.it\/pt-br\/#\/schema\/logo\/image\/","url":"https:\/\/e-mazzoni.it\/wp-content\/uploads\/2023\/07\/logo.png","contentUrl":"https:\/\/e-mazzoni.it\/wp-content\/uploads\/2023\/07\/logo.png","width":250,"height":109,"caption":"Mazzoni"},"image":{"@id":"https:\/\/e-mazzoni.it\/pt-br\/#\/schema\/logo\/image\/"}}]}},"_links":{"self":[{"href":"https:\/\/e-mazzoni.it\/pt-br\/wp-json\/wp\/v2\/product\/54549","targetHints":{"allow":["GET"]}}],"collection":[{"href":"https:\/\/e-mazzoni.it\/pt-br\/wp-json\/wp\/v2\/product"}],"about":[{"href":"https:\/\/e-mazzoni.it\/pt-br\/wp-json\/wp\/v2\/types\/product"}],"wp:featuredmedia":[{"embeddable":true,"href":"https:\/\/e-mazzoni.it\/pt-br\/wp-json\/wp\/v2\/media\/67725"}],"wp:attachment":[{"href":"https:\/\/e-mazzoni.it\/pt-br\/wp-json\/wp\/v2\/media?parent=54549"}],"wp:term":[{"taxonomy":"product_brand","embeddable":true,"href":"https:\/\/e-mazzoni.it\/pt-br\/wp-json\/wp\/v2\/product_brand?post=54549"},{"taxonomy":"product_cat","embeddable":true,"href":"https:\/\/e-mazzoni.it\/pt-br\/wp-json\/wp\/v2\/product_cat?post=54549"},{"taxonomy":"product_tag","embeddable":true,"href":"https:\/\/e-mazzoni.it\/pt-br\/wp-json\/wp\/v2\/product_tag?post=54549"}],"curies":[{"name":"wp","href":"https:\/\/api.w.org\/{rel}","templated":true}]}}