{"id":54546,"date":"2024-10-15T06:45:44","date_gmt":"2024-10-15T06:45:44","guid":{"rendered":"https:\/\/e-mazzoni.it\/prodotto\/lancas\/"},"modified":"2026-05-02T02:08:18","modified_gmt":"2026-05-02T02:08:18","slug":"lancas","status":"publish","type":"product","link":"https:\/\/e-mazzoni.it\/pt-br\/produto\/lancas\/","title":{"rendered":"LAN\u00e7AS"},"content":{"rendered":"<div>\n<table style=\"width: 100%\" border=\"1\" id=\"table_options\">\n<tbody>\n<tr>\n<th style=\"color: #fff\" bgcolor=\"#ea2833\">PART NUMBER<\/th>\n<th style=\"color: #fff\" bgcolor=\"#ea2833\">MODEL<\/th>\n<\/tr>\n<tr>\n<td>3.020.22.040<\/td>\n<td>EXTENS\u00c3O ARCO  L300 +T.R.M22x1,5 1\/4&#8243;NPT<\/td>\n<\/tr>\n<tr>\n<td>3.022.12.036<\/td>\n<td>LANCIA ATERMICA SC10 M22 L=700 INOX TESTINA DOPPIA<\/td>\n<\/tr>\n<tr>\n<td>3.022.12.038<\/td>\n<td>LANZA  L.1200 INOX 500 bar<\/td>\n<\/tr>\n<tr>\n<td>3.022.12.034<\/td>\n<td>LAN\u00c7A AT\u00c9RMICO M22x1.5 L=700 INOX<\/td>\n<\/tr>\n<tr>\n<td>3.022.12.010<\/td>\n<td>LAN\u00c7A AT\u00c9RMICO JET-L1500 1\/4NPT<\/td>\n<\/tr>\n<tr>\n<td>3.022.12.011<\/td>\n<td>LAN\u00c7A AT\u00c9RMICO JET &#8211; 1 CURVA L1700 1\/4 NPT<\/td>\n<\/tr>\n<tr>\n<td>3.022.12.012<\/td>\n<td>LAN\u00c7A AT\u00c9RMICO JET-1 L2000 1\/4 NPT<\/td>\n<\/tr>\n<tr>\n<td>3.020.22.021<\/td>\n<td>EXTENS\u00c3O TR 1\\4NPT M22x1.5&#215;500 INOX P15<\/td>\n<\/tr>\n<tr>\n<td>3.020.22.043<\/td>\n<td>EXTENS\u00c3O ARCO L700 +T.R M22X1 1\/4&#8243;NPT<\/td>\n<\/tr>\n<tr>\n<td>3.020.02.007<\/td>\n<td>LAN\u00c7A M100 SEM BICO<\/td>\n<\/tr>\n<tr>\n<td>3.020.02.018<\/td>\n<td>LAN\u00c7A M100 AR-B CABE\u00c7A 4F UG1,3 GRI.<\/td>\n<\/tr>\n<tr>\n<td>3.020.22.067<\/td>\n<td>EXTENS\u00c3O L.300 + 4F + CABE\u00c7A + BAIONETA<\/td>\n<\/tr>\n<tr>\n<td>3.020.22.034<\/td>\n<td>LAN\u00c7A INOX L500 M22X1,5 CABE\u00c7A 4F<\/td>\n<\/tr>\n<tr>\n<td>3.022.12.019<\/td>\n<td>LAN\u00c7A DUPLA PA M22x1,5 500mm<\/td>\n<\/tr>\n<tr>\n<td>3.022.04.001<\/td>\n<td>LAN\u00c7A DUPLA MV30+PROT+ IMP FUSA 1000mm<\/td>\n<\/tr>\n<tr>\n<td>3.022.04.002<\/td>\n<td>LANCIA DOPPIA MV 30+PROT+IMP.FUSA+CRO.+PIEGA L=800<\/td>\n<\/tr>\n<tr>\n<td>3.020.02.008<\/td>\n<td>LAN\u00c7A M100 M22 ROTOJET 170 UG 035 x H1000\/K1000\/K1020<\/td>\n<\/tr>\n<tr>\n<td>3.020.22.036<\/td>\n<td>LAN\u00c7A INOX L430 M22 ROTOJET 200 030<\/td>\n<\/tr>\n<tr>\n<td>3.020.22.030<\/td>\n<td>LAN\u00c7A INOX L430 M22 ROTOJET  250 040<\/td>\n<\/tr>\n<tr>\n<td>3.020.22.033<\/td>\n<td>LAN\u00c7A INOX L430 M22 ROTOJET *045*<\/td>\n<\/tr>\n<tr>\n<td>3.020.22.032<\/td>\n<td>LAN\u00c7A INOX L430 M22 ROTOJET 250 050<\/td>\n<\/tr>\n<tr>\n<td>3.020.22.061<\/td>\n<td>LAN\u00c7A INJOX L430 M22 ROTOJET *055*<\/td>\n<\/tr>\n<tr>\n<td>3.020.22.037<\/td>\n<td>LAN\u00c7A INOX L430 M22 ROTOJET 200 060<\/td>\n<\/tr>\n<tr>\n<td>3.020.22.055<\/td>\n<td>LAN\u00c7A INOX L430 M22 ROTOJET *065*<\/td>\n<\/tr>\n<tr>\n<td>3.020.22.062<\/td>\n<td>LAN\u00c7A INOX L430 M22 ROTOJET 200 070<\/td>\n<\/tr>\n<tr>\n<td>3.020.22.056<\/td>\n<td>LAN\u00c7A INOX L430 ROTOJET 350 075<\/td>\n<\/tr>\n<tr>\n<td>3.020.22.053<\/td>\n<td>LAN\u00c7A INOX L430 M22 ROTOJET 250 080-25LT<\/td>\n<\/tr>\n<tr>\n<td>3.020.22.060<\/td>\n<td>LAN\u00c7A INOX L430 M22 ROTOJET 400 10 PARA W6000<\/td>\n<\/tr>\n<\/tbody>\n<\/table>\n<\/div>\n","protected":false},"excerpt":{"rendered":"<p>PART NUMBER MODEL 3.020.22.040 EXTENS\u00c3O ARCO L300 +T.R.M22x1,5 1\/4&#8243;NPT 3.022.12.036 LANCIA ATERMICA SC10 M22 L=700 INOX TESTINA DOPPIA 3.022.12.038 LANZA L.1200 INOX 500 bar 3.022.12.034 LAN\u00c7A AT\u00c9RMICO M22x1.5 L=700 INOX 3.022.12.010 LAN\u00c7A AT\u00c9RMICO JET-L1500 1\/4NPT 3.022.12.011 LAN\u00c7A AT\u00c9RMICO JET &#8211; 1 CURVA L1700 1\/4 NPT 3.022.12.012 LAN\u00c7A AT\u00c9RMICO JET-1 L2000 1\/4 NPT 3.020.22.021 EXTENS\u00c3O TR [&hellip;]<\/p>\n","protected":false},"featured_media":67832,"template":"","meta":{"zakra_page_container_layout":"customizer","zakra_page_sidebar_layout":"customizer","zakra_remove_content_margin":false,"zakra_sidebar":"customizer","zakra_transparent_header":"customizer","zakra_logo":0,"zakra_main_header_style":"default","zakra_menu_item_color":"","zakra_menu_item_hover_color":"","zakra_menu_item_active_color":"","zakra_menu_active_style":"","zakra_page_header":true},"product_brand":[],"product_cat":[4040],"product_tag":[],"class_list":{"0":"post-54546","1":"product","2":"type-product","3":"status-publish","4":"has-post-thumbnail","6":"product_cat-armas-lancas-bicos","8":"first","9":"instock","10":"shipping-taxable","11":"product-type-simple"},"yoast_head":"<!-- This site is optimized with the Yoast SEO plugin v27.5 - https:\/\/yoast.com\/product\/yoast-seo-wordpress\/ -->\n<title>LAN\u00e7AS - Mazzoni<\/title>\n<meta name=\"robots\" content=\"index, follow, max-snippet:-1, max-image-preview:large, max-video-preview:-1\" \/>\n<link rel=\"canonical\" href=\"https:\/\/e-mazzoni.it\/pt-br\/produto\/lancas\/\" \/>\n<meta property=\"og:locale\" content=\"pt_BR\" \/>\n<meta property=\"og:type\" content=\"article\" \/>\n<meta property=\"og:title\" content=\"LAN\u00e7AS - Mazzoni\" \/>\n<meta property=\"og:description\" content=\"PART NUMBER MODEL 3.020.22.040 EXTENS\u00c3O ARCO L300 +T.R.M22x1,5 1\/4&#8243;NPT 3.022.12.036 LANCIA ATERMICA SC10 M22 L=700 INOX TESTINA DOPPIA 3.022.12.038 LANZA L.1200 INOX 500 bar 3.022.12.034 LAN\u00c7A AT\u00c9RMICO M22x1.5 L=700 INOX 3.022.12.010 LAN\u00c7A AT\u00c9RMICO JET-L1500 1\/4NPT 3.022.12.011 LAN\u00c7A AT\u00c9RMICO JET &#8211; 1 CURVA L1700 1\/4 NPT 3.022.12.012 LAN\u00c7A AT\u00c9RMICO JET-1 L2000 1\/4 NPT 3.020.22.021 EXTENS\u00c3O TR [&hellip;]\" \/>\n<meta property=\"og:url\" content=\"https:\/\/e-mazzoni.it\/pt-br\/produto\/lancas\/\" \/>\n<meta property=\"og:site_name\" content=\"Mazzoni\" \/>\n<meta property=\"article:modified_time\" content=\"2026-05-02T02:08:18+00:00\" \/>\n<meta property=\"og:image\" content=\"https:\/\/e-mazzoni.it\/wp-content\/uploads\/2026\/04\/DOC8511754483.jpg\" \/>\n\t<meta property=\"og:image:width\" content=\"266\" \/>\n\t<meta property=\"og:image:height\" content=\"231\" \/>\n\t<meta property=\"og:image:type\" content=\"image\/jpeg\" \/>\n<meta name=\"twitter:card\" content=\"summary_large_image\" \/>\n<meta name=\"twitter:label1\" content=\"Est. tempo de leitura\" \/>\n\t<meta name=\"twitter:data1\" content=\"1 minuto\" \/>\n<!-- \/ Yoast SEO plugin. -->","yoast_head_json":{"title":"LAN\u00e7AS - Mazzoni","robots":{"index":"index","follow":"follow","max-snippet":"max-snippet:-1","max-image-preview":"max-image-preview:large","max-video-preview":"max-video-preview:-1"},"canonical":"https:\/\/e-mazzoni.it\/pt-br\/produto\/lancas\/","og_locale":"pt_BR","og_type":"article","og_title":"LAN\u00e7AS - Mazzoni","og_description":"PART NUMBER MODEL 3.020.22.040 EXTENS\u00c3O ARCO L300 +T.R.M22x1,5 1\/4&#8243;NPT 3.022.12.036 LANCIA ATERMICA SC10 M22 L=700 INOX TESTINA DOPPIA 3.022.12.038 LANZA L.1200 INOX 500 bar 3.022.12.034 LAN\u00c7A AT\u00c9RMICO M22x1.5 L=700 INOX 3.022.12.010 LAN\u00c7A AT\u00c9RMICO JET-L1500 1\/4NPT 3.022.12.011 LAN\u00c7A AT\u00c9RMICO JET &#8211; 1 CURVA L1700 1\/4 NPT 3.022.12.012 LAN\u00c7A AT\u00c9RMICO JET-1 L2000 1\/4 NPT 3.020.22.021 EXTENS\u00c3O TR [&hellip;]","og_url":"https:\/\/e-mazzoni.it\/pt-br\/produto\/lancas\/","og_site_name":"Mazzoni","article_modified_time":"2026-05-02T02:08:18+00:00","og_image":[{"width":266,"height":231,"url":"https:\/\/e-mazzoni.it\/wp-content\/uploads\/2026\/04\/DOC8511754483.jpg","type":"image\/jpeg"}],"twitter_card":"summary_large_image","twitter_misc":{"Est. tempo de leitura":"1 minuto"},"schema":{"@context":"https:\/\/schema.org","@graph":[{"@type":"WebPage","@id":"https:\/\/e-mazzoni.it\/pt-br\/produto\/lancas\/","url":"https:\/\/e-mazzoni.it\/pt-br\/produto\/lancas\/","name":"LAN\u00e7AS - Mazzoni","isPartOf":{"@id":"https:\/\/e-mazzoni.it\/pt-br\/#website"},"primaryImageOfPage":{"@id":"https:\/\/e-mazzoni.it\/pt-br\/produto\/lancas\/#primaryimage"},"image":{"@id":"https:\/\/e-mazzoni.it\/pt-br\/produto\/lancas\/#primaryimage"},"thumbnailUrl":"https:\/\/e-mazzoni.it\/wp-content\/uploads\/2026\/04\/DOC8511754483.jpg","datePublished":"2024-10-15T06:45:44+00:00","dateModified":"2026-05-02T02:08:18+00:00","breadcrumb":{"@id":"https:\/\/e-mazzoni.it\/pt-br\/produto\/lancas\/#breadcrumb"},"inLanguage":"pt-BR","potentialAction":[{"@type":"ReadAction","target":["https:\/\/e-mazzoni.it\/pt-br\/produto\/lancas\/"]}]},{"@type":"ImageObject","inLanguage":"pt-BR","@id":"https:\/\/e-mazzoni.it\/pt-br\/produto\/lancas\/#primaryimage","url":"https:\/\/e-mazzoni.it\/wp-content\/uploads\/2026\/04\/DOC8511754483.jpg","contentUrl":"https:\/\/e-mazzoni.it\/wp-content\/uploads\/2026\/04\/DOC8511754483.jpg","width":266,"height":231},{"@type":"BreadcrumbList","@id":"https:\/\/e-mazzoni.it\/pt-br\/produto\/lancas\/#breadcrumb","itemListElement":[{"@type":"ListItem","position":1,"name":"Home","item":"https:\/\/e-mazzoni.it\/pt-br\/"},{"@type":"ListItem","position":2,"name":"Produtos","item":"https:\/\/e-mazzoni.it\/pt-br\/produtos\/"},{"@type":"ListItem","position":3,"name":"LAN\u00e7AS"}]},{"@type":"WebSite","@id":"https:\/\/e-mazzoni.it\/pt-br\/#website","url":"https:\/\/e-mazzoni.it\/pt-br\/","name":"Mazzoni","description":"Mazzoni","publisher":{"@id":"https:\/\/e-mazzoni.it\/pt-br\/#organization"},"potentialAction":[{"@type":"SearchAction","target":{"@type":"EntryPoint","urlTemplate":"https:\/\/e-mazzoni.it\/pt-br\/?s={search_term_string}"},"query-input":{"@type":"PropertyValueSpecification","valueRequired":true,"valueName":"search_term_string"}}],"inLanguage":"pt-BR"},{"@type":"Organization","@id":"https:\/\/e-mazzoni.it\/pt-br\/#organization","name":"Mazzoni","url":"https:\/\/e-mazzoni.it\/pt-br\/","logo":{"@type":"ImageObject","inLanguage":"pt-BR","@id":"https:\/\/e-mazzoni.it\/pt-br\/#\/schema\/logo\/image\/","url":"https:\/\/e-mazzoni.it\/wp-content\/uploads\/2023\/07\/logo.png","contentUrl":"https:\/\/e-mazzoni.it\/wp-content\/uploads\/2023\/07\/logo.png","width":250,"height":109,"caption":"Mazzoni"},"image":{"@id":"https:\/\/e-mazzoni.it\/pt-br\/#\/schema\/logo\/image\/"}}]}},"_links":{"self":[{"href":"https:\/\/e-mazzoni.it\/pt-br\/wp-json\/wp\/v2\/product\/54546","targetHints":{"allow":["GET"]}}],"collection":[{"href":"https:\/\/e-mazzoni.it\/pt-br\/wp-json\/wp\/v2\/product"}],"about":[{"href":"https:\/\/e-mazzoni.it\/pt-br\/wp-json\/wp\/v2\/types\/product"}],"wp:featuredmedia":[{"embeddable":true,"href":"https:\/\/e-mazzoni.it\/pt-br\/wp-json\/wp\/v2\/media\/67832"}],"wp:attachment":[{"href":"https:\/\/e-mazzoni.it\/pt-br\/wp-json\/wp\/v2\/media?parent=54546"}],"wp:term":[{"taxonomy":"product_brand","embeddable":true,"href":"https:\/\/e-mazzoni.it\/pt-br\/wp-json\/wp\/v2\/product_brand?post=54546"},{"taxonomy":"product_cat","embeddable":true,"href":"https:\/\/e-mazzoni.it\/pt-br\/wp-json\/wp\/v2\/product_cat?post=54546"},{"taxonomy":"product_tag","embeddable":true,"href":"https:\/\/e-mazzoni.it\/pt-br\/wp-json\/wp\/v2\/product_tag?post=54546"}],"curies":[{"name":"wp","href":"https:\/\/api.w.org\/{rel}","templated":true}]}}