{"id":55697,"date":"2023-10-03T06:35:25","date_gmt":"2023-10-03T06:35:25","guid":{"rendered":"https:\/\/e-mazzoni.it\/lavadoras-de-alta-pressao\/"},"modified":"2025-03-12T08:20:37","modified_gmt":"2025-03-12T08:20:37","slug":"lavadoras-de-alta-pressao","status":"publish","type":"page","link":"https:\/\/e-mazzoni.it\/pt-br\/lavadoras-de-alta-pressao\/","title":{"rendered":"Lavadoras de alta press\u00e3o"},"content":{"rendered":"\t\t<div data-elementor-type=\"wp-page\" data-elementor-id=\"55697\" class=\"elementor elementor-55697 elementor-2617\">\n\t\t\t\t\t\t<section class=\"elementor-section elementor-top-section elementor-element elementor-element-ac53941 elementor-section-full_width elementor-section-height-min-height elementor-section-stretched elementor-section-height-default elementor-section-items-middle\" data-id=\"ac53941\" data-element_type=\"section\" data-e-type=\"section\" data-settings=\"{&quot;stretch_section&quot;:&quot;section-stretched&quot;,&quot;background_background&quot;:&quot;classic&quot;}\">\n\t\t\t\t\t\t\t<div class=\"elementor-background-overlay\"><\/div>\n\t\t\t\t\t\t\t<div class=\"elementor-container elementor-column-gap-default\">\n\t\t\t\t\t<div class=\"elementor-column elementor-col-100 elementor-top-column elementor-element elementor-element-b1c42d4\" data-id=\"b1c42d4\" data-element_type=\"column\" data-e-type=\"column\">\n\t\t\t<div class=\"elementor-widget-wrap elementor-element-populated\">\n\t\t\t\t\t\t<div class=\"elementor-element elementor-element-1f38860 elementor-widget elementor-widget-heading\" data-id=\"1f38860\" data-element_type=\"widget\" data-e-type=\"widget\" data-widget_type=\"heading.default\">\n\t\t\t\t<div class=\"elementor-widget-container\">\n\t\t\t\t\t<h2 class=\"elementor-heading-title elementor-size-default\">LAVADORAS DE ALTA PRESS\u00c3O<\/h2>\t\t\t\t<\/div>\n\t\t\t\t<\/div>\n\t\t\t\t\t<\/div>\n\t\t<\/div>\n\t\t\t\t\t<\/div>\n\t\t<\/section>\n\t\t\t\t<section class=\"elementor-section elementor-top-section elementor-element elementor-element-08ca4d6 elementor-section-boxed elementor-section-height-default elementor-section-height-default\" data-id=\"08ca4d6\" data-element_type=\"section\" data-e-type=\"section\">\n\t\t\t\t\t\t<div class=\"elementor-container elementor-column-gap-default\">\n\t\t\t\t\t<div class=\"elementor-column elementor-col-100 elementor-top-column elementor-element elementor-element-b775c83\" data-id=\"b775c83\" data-element_type=\"column\" data-e-type=\"column\">\n\t\t\t<div class=\"elementor-widget-wrap elementor-element-populated\">\n\t\t\t\t\t\t<section class=\"elementor-section elementor-inner-section elementor-element elementor-element-cc088ee elementor-section-content-middle elementor-section-boxed elementor-section-height-default elementor-section-height-default\" data-id=\"cc088ee\" data-element_type=\"section\" data-e-type=\"section\">\n\t\t\t\t\t\t<div class=\"elementor-container elementor-column-gap-no\">\n\t\t\t\t\t<div class=\"elementor-column elementor-col-33 elementor-inner-column elementor-element elementor-element-14d8daf\" data-id=\"14d8daf\" data-element_type=\"column\" data-e-type=\"column\">\n\t\t\t<div class=\"elementor-widget-wrap elementor-element-populated\">\n\t\t\t\t\t\t<div class=\"elementor-element elementor-element-307c14e elementor-position-top elementor-widget elementor-widget-image-box\" data-id=\"307c14e\" data-element_type=\"widget\" data-e-type=\"widget\" data-widget_type=\"image-box.default\">\n\t\t\t\t<div class=\"elementor-widget-container\">\n\t\t\t\t\t<div class=\"elementor-image-box-wrapper\"><figure class=\"elementor-image-box-img\"><a href=\"\/pt-br\/categoria-produto\/lavadoras-de-alta-pressao\/lavadoras-de-pressao-a-frio\/\" tabindex=\"-1\"><img fetchpriority=\"high\" decoding=\"async\" width=\"266\" height=\"234\" src=\"https:\/\/e-mazzoni.it\/wp-content\/uploads\/2024\/10\/idro_freddo.jpg\" class=\"elementor-animation-grow attachment-full size-full wp-image-50879\" alt=\"\" \/><\/a><\/figure><div class=\"elementor-image-box-content\"><h3 class=\"elementor-image-box-title\"><a href=\"\/pt-br\/categoria-produto\/lavadoras-de-alta-pressao\/lavadoras-de-pressao-a-frio\/\">LAVADORAS DE PRESS\u00c3O A FRIO<\/a><\/h3><\/div><\/div>\t\t\t\t<\/div>\n\t\t\t\t<\/div>\n\t\t\t\t\t<\/div>\n\t\t<\/div>\n\t\t\t\t<div class=\"elementor-column elementor-col-33 elementor-inner-column elementor-element elementor-element-3dc0108\" data-id=\"3dc0108\" data-element_type=\"column\" data-e-type=\"column\">\n\t\t\t<div class=\"elementor-widget-wrap elementor-element-populated\">\n\t\t\t\t\t\t<div class=\"elementor-element elementor-element-5502fb4 elementor-position-top elementor-widget elementor-widget-image-box\" data-id=\"5502fb4\" data-element_type=\"widget\" data-e-type=\"widget\" data-widget_type=\"image-box.default\">\n\t\t\t\t<div class=\"elementor-widget-container\">\n\t\t\t\t\t<div class=\"elementor-image-box-wrapper\"><figure class=\"elementor-image-box-img\"><a href=\"\/pt-br\/categoria-produto\/lavadoras-de-alta-pressao\/agua-quente-de-pressao-lavadoras\/\" tabindex=\"-1\"><img decoding=\"async\" src=\"https:\/\/e-mazzoni.it\/wp-content\/uploads\/2024\/09\/DOC8008967304-1.jpg\" title=\"\" alt=\"\" class=\"elementor-animation-grow\" loading=\"lazy\" \/><\/a><\/figure><div class=\"elementor-image-box-content\"><h3 class=\"elementor-image-box-title\"><a href=\"\/pt-br\/categoria-produto\/lavadoras-de-alta-pressao\/agua-quente-de-pressao-lavadoras\/\">\u00c1GUA QUENTE DE PRESS\u00c3O LAVADORAS<\/a><\/h3><\/div><\/div>\t\t\t\t<\/div>\n\t\t\t\t<\/div>\n\t\t\t\t\t<\/div>\n\t\t<\/div>\n\t\t\t\t<div class=\"elementor-column elementor-col-33 elementor-inner-column elementor-element elementor-element-9023df6\" data-id=\"9023df6\" data-element_type=\"column\" data-e-type=\"column\" data-settings=\"{&quot;background_background&quot;:&quot;classic&quot;}\">\n\t\t\t<div class=\"elementor-widget-wrap elementor-element-populated\">\n\t\t\t\t\t\t<div class=\"elementor-element elementor-element-c13fd22 elementor-position-top elementor-widget elementor-widget-image-box\" data-id=\"c13fd22\" data-element_type=\"widget\" data-e-type=\"widget\" data-widget_type=\"image-box.default\">\n\t\t\t\t<div class=\"elementor-widget-container\">\n\t\t\t\t\t<div class=\"elementor-image-box-wrapper\"><figure class=\"elementor-image-box-img\"><a href=\"\/pt-br\/categoria-produto\/lavadoras-de-alta-pressao\/agua-quente-cleaner-100-eletrico\/\" tabindex=\"-1\"><img decoding=\"async\" width=\"2000\" height=\"1715\" src=\"https:\/\/e-mazzoni.it\/wp-content\/uploads\/2025\/02\/DOC0803238663.jpg\" class=\"elementor-animation-grow attachment-full size-full wp-image-57187\" alt=\"\" \/><\/a><\/figure><div class=\"elementor-image-box-content\"><h3 class=\"elementor-image-box-title\"><a href=\"\/pt-br\/categoria-produto\/lavadoras-de-alta-pressao\/agua-quente-cleaner-100-eletrico\/\">\u00c1GUA QUENTE CLEANER 100% EL\u00c9TRICO<\/a><\/h3><\/div><\/div>\t\t\t\t<\/div>\n\t\t\t\t<\/div>\n\t\t\t\t\t<\/div>\n\t\t<\/div>\n\t\t\t\t\t<\/div>\n\t\t<\/section>\n\t\t\t\t<section class=\"elementor-section elementor-inner-section elementor-element elementor-element-924b15d elementor-section-content-middle elementor-section-boxed elementor-section-height-default elementor-section-height-default\" data-id=\"924b15d\" data-element_type=\"section\" data-e-type=\"section\">\n\t\t\t\t\t\t<div class=\"elementor-container elementor-column-gap-no\">\n\t\t\t\t\t<div class=\"elementor-column elementor-col-25 elementor-inner-column elementor-element elementor-element-5c367ca\" data-id=\"5c367ca\" data-element_type=\"column\" data-e-type=\"column\" data-settings=\"{&quot;background_background&quot;:&quot;classic&quot;}\">\n\t\t\t<div class=\"elementor-widget-wrap\">\n\t\t\t\t\t\t\t<\/div>\n\t\t<\/div>\n\t\t\t\t<div class=\"elementor-column elementor-col-25 elementor-inner-column elementor-element elementor-element-c7facfa\" data-id=\"c7facfa\" data-element_type=\"column\" data-e-type=\"column\" data-settings=\"{&quot;background_background&quot;:&quot;classic&quot;}\">\n\t\t\t<div class=\"elementor-widget-wrap elementor-element-populated\">\n\t\t\t\t\t\t<div class=\"elementor-element elementor-element-2307770 elementor-position-top elementor-widget elementor-widget-image-box\" data-id=\"2307770\" data-element_type=\"widget\" data-e-type=\"widget\" data-widget_type=\"image-box.default\">\n\t\t\t\t<div class=\"elementor-widget-container\">\n\t\t\t\t\t<div class=\"elementor-image-box-wrapper\"><figure class=\"elementor-image-box-img\"><a href=\"\/pt-br\/categoria-produto\/lavadoras-de-alta-pressao\/placas-eletronicas\/\" tabindex=\"-1\"><img decoding=\"async\" src=\"https:\/\/e-mazzoni.it\/wp-content\/uploads\/2024\/09\/DOC7478652372.jpg\" title=\"\" alt=\"\" class=\"elementor-animation-grow\" loading=\"lazy\" \/><\/a><\/figure><div class=\"elementor-image-box-content\"><h3 class=\"elementor-image-box-title\"><a href=\"\/pt-br\/categoria-produto\/lavadoras-de-alta-pressao\/placas-eletronicas\/\">PLACAS ELETR\u00d4NICAS<\/a><\/h3><\/div><\/div>\t\t\t\t<\/div>\n\t\t\t\t<\/div>\n\t\t\t\t\t<\/div>\n\t\t<\/div>\n\t\t\t\t<div class=\"elementor-column elementor-col-25 elementor-inner-column elementor-element elementor-element-5cf7201\" data-id=\"5cf7201\" data-element_type=\"column\" data-e-type=\"column\" data-settings=\"{&quot;background_background&quot;:&quot;classic&quot;}\">\n\t\t\t<div class=\"elementor-widget-wrap elementor-element-populated\">\n\t\t\t\t\t\t<div class=\"elementor-element elementor-element-73177b9 elementor-position-top elementor-widget elementor-widget-image-box\" data-id=\"73177b9\" data-element_type=\"widget\" data-e-type=\"widget\" data-widget_type=\"image-box.default\">\n\t\t\t\t<div class=\"elementor-widget-container\">\n\t\t\t\t\t<div class=\"elementor-image-box-wrapper\"><figure class=\"elementor-image-box-img\"><a href=\"\/pt-br\/categoria-produto\/lavadoras-de-alta-pressao\/acessorios-para-lavadoras-de-pressao\/\" tabindex=\"-1\"><img decoding=\"async\" src=\"https:\/\/e-mazzoni.it\/wp-content\/uploads\/2024\/09\/DOC3759695433.jpg\" title=\"\" alt=\"\" class=\"elementor-animation-grow\" loading=\"lazy\" \/><\/a><\/figure><div class=\"elementor-image-box-content\"><h3 class=\"elementor-image-box-title\"><a href=\"\/pt-br\/categoria-produto\/lavadoras-de-alta-pressao\/acessorios-para-lavadoras-de-pressao\/\">ACESS\u00d3RIOS PARA LAVADORAS DE PRESS\u00c3O<\/a><\/h3><\/div><\/div>\t\t\t\t<\/div>\n\t\t\t\t<\/div>\n\t\t\t\t\t<\/div>\n\t\t<\/div>\n\t\t\t\t<div class=\"elementor-column elementor-col-25 elementor-inner-column elementor-element elementor-element-5d92b00\" data-id=\"5d92b00\" data-element_type=\"column\" data-e-type=\"column\" data-settings=\"{&quot;background_background&quot;:&quot;classic&quot;}\">\n\t\t\t<div class=\"elementor-widget-wrap\">\n\t\t\t\t\t\t\t<\/div>\n\t\t<\/div>\n\t\t\t\t\t<\/div>\n\t\t<\/section>\n\t\t\t\t\t<\/div>\n\t\t<\/div>\n\t\t\t\t\t<\/div>\n\t\t<\/section>\n\t\t\t\t<\/div>\n\t\t","protected":false},"excerpt":{"rendered":"<p>LAVADORAS DE ALTA PRESS\u00c3O LAVADORAS DE PRESS\u00c3O A FRIO \u00c1GUA QUENTE DE PRESS\u00c3O LAVADORAS \u00c1GUA QUENTE CLEANER 100% EL\u00c9TRICO PLACAS ELETR\u00d4NICAS ACESS\u00d3RIOS PARA LAVADORAS DE PRESS\u00c3O<\/p>\n","protected":false},"author":1,"featured_media":0,"parent":0,"menu_order":0,"comment_status":"closed","ping_status":"closed","template":"elementor_header_footer","meta":{"zakra_page_container_layout":"customizer","zakra_page_sidebar_layout":"customizer","zakra_remove_content_margin":false,"zakra_sidebar":"customizer","zakra_transparent_header":"customizer","zakra_logo":0,"zakra_main_header_style":"default","zakra_menu_item_color":"","zakra_menu_item_hover_color":"","zakra_menu_item_active_color":"","zakra_menu_active_style":"","zakra_page_header":true,"footnotes":""},"class_list":["post-55697","page","type-page","status-publish","hentry"],"yoast_head":"<!-- This site is optimized with the Yoast SEO plugin v27.5 - https:\/\/yoast.com\/product\/yoast-seo-wordpress\/ -->\n<title>Lavadoras de alta press\u00e3o - Mazzoni<\/title>\n<meta name=\"robots\" content=\"index, follow, max-snippet:-1, max-image-preview:large, max-video-preview:-1\" \/>\n<link rel=\"canonical\" href=\"https:\/\/e-mazzoni.it\/pt-br\/lavadoras-de-alta-pressao\/\" \/>\n<meta property=\"og:locale\" content=\"pt_BR\" \/>\n<meta property=\"og:type\" content=\"article\" \/>\n<meta property=\"og:title\" content=\"Lavadoras de alta press\u00e3o - Mazzoni\" \/>\n<meta property=\"og:description\" content=\"LAVADORAS DE ALTA PRESS\u00c3O LAVADORAS DE PRESS\u00c3O A FRIO \u00c1GUA QUENTE DE PRESS\u00c3O LAVADORAS \u00c1GUA QUENTE CLEANER 100% EL\u00c9TRICO PLACAS ELETR\u00d4NICAS ACESS\u00d3RIOS PARA LAVADORAS DE PRESS\u00c3O\" \/>\n<meta property=\"og:url\" content=\"https:\/\/e-mazzoni.it\/pt-br\/lavadoras-de-alta-pressao\/\" \/>\n<meta property=\"og:site_name\" content=\"Mazzoni\" \/>\n<meta property=\"article:modified_time\" content=\"2025-03-12T08:20:37+00:00\" \/>\n<meta property=\"og:image\" content=\"https:\/\/e-mazzoni.it\/wp-content\/uploads\/2024\/10\/idro_freddo.jpg\" \/>\n<meta name=\"twitter:card\" content=\"summary_large_image\" \/>\n<!-- \/ Yoast SEO plugin. -->","yoast_head_json":{"title":"Lavadoras de alta press\u00e3o - Mazzoni","robots":{"index":"index","follow":"follow","max-snippet":"max-snippet:-1","max-image-preview":"max-image-preview:large","max-video-preview":"max-video-preview:-1"},"canonical":"https:\/\/e-mazzoni.it\/pt-br\/lavadoras-de-alta-pressao\/","og_locale":"pt_BR","og_type":"article","og_title":"Lavadoras de alta press\u00e3o - Mazzoni","og_description":"LAVADORAS DE ALTA PRESS\u00c3O LAVADORAS DE PRESS\u00c3O A FRIO \u00c1GUA QUENTE DE PRESS\u00c3O LAVADORAS \u00c1GUA QUENTE CLEANER 100% EL\u00c9TRICO PLACAS ELETR\u00d4NICAS ACESS\u00d3RIOS PARA LAVADORAS DE PRESS\u00c3O","og_url":"https:\/\/e-mazzoni.it\/pt-br\/lavadoras-de-alta-pressao\/","og_site_name":"Mazzoni","article_modified_time":"2025-03-12T08:20:37+00:00","og_image":[{"url":"https:\/\/e-mazzoni.it\/wp-content\/uploads\/2024\/10\/idro_freddo.jpg","type":"","width":"","height":""}],"twitter_card":"summary_large_image","schema":{"@context":"https:\/\/schema.org","@graph":[{"@type":"WebPage","@id":"https:\/\/e-mazzoni.it\/pt-br\/lavadoras-de-alta-pressao\/","url":"https:\/\/e-mazzoni.it\/pt-br\/lavadoras-de-alta-pressao\/","name":"Lavadoras de alta press\u00e3o - Mazzoni","isPartOf":{"@id":"https:\/\/e-mazzoni.it\/pt-br\/#website"},"primaryImageOfPage":{"@id":"https:\/\/e-mazzoni.it\/pt-br\/lavadoras-de-alta-pressao\/#primaryimage"},"image":{"@id":"https:\/\/e-mazzoni.it\/pt-br\/lavadoras-de-alta-pressao\/#primaryimage"},"thumbnailUrl":"https:\/\/e-mazzoni.it\/wp-content\/uploads\/2024\/10\/idro_freddo.jpg","datePublished":"2023-10-03T06:35:25+00:00","dateModified":"2025-03-12T08:20:37+00:00","breadcrumb":{"@id":"https:\/\/e-mazzoni.it\/pt-br\/lavadoras-de-alta-pressao\/#breadcrumb"},"inLanguage":"pt-BR","potentialAction":[{"@type":"ReadAction","target":["https:\/\/e-mazzoni.it\/pt-br\/lavadoras-de-alta-pressao\/"]}]},{"@type":"ImageObject","inLanguage":"pt-BR","@id":"https:\/\/e-mazzoni.it\/pt-br\/lavadoras-de-alta-pressao\/#primaryimage","url":"https:\/\/e-mazzoni.it\/wp-content\/uploads\/2024\/10\/idro_freddo.jpg","contentUrl":"https:\/\/e-mazzoni.it\/wp-content\/uploads\/2024\/10\/idro_freddo.jpg"},{"@type":"BreadcrumbList","@id":"https:\/\/e-mazzoni.it\/pt-br\/lavadoras-de-alta-pressao\/#breadcrumb","itemListElement":[{"@type":"ListItem","position":1,"name":"Home","item":"https:\/\/e-mazzoni.it\/pt-br\/"},{"@type":"ListItem","position":2,"name":"Lavadoras de alta press\u00e3o"}]},{"@type":"WebSite","@id":"https:\/\/e-mazzoni.it\/pt-br\/#website","url":"https:\/\/e-mazzoni.it\/pt-br\/","name":"Mazzoni","description":"Mazzoni","publisher":{"@id":"https:\/\/e-mazzoni.it\/pt-br\/#organization"},"potentialAction":[{"@type":"SearchAction","target":{"@type":"EntryPoint","urlTemplate":"https:\/\/e-mazzoni.it\/pt-br\/?s={search_term_string}"},"query-input":{"@type":"PropertyValueSpecification","valueRequired":true,"valueName":"search_term_string"}}],"inLanguage":"pt-BR"},{"@type":"Organization","@id":"https:\/\/e-mazzoni.it\/pt-br\/#organization","name":"Mazzoni","url":"https:\/\/e-mazzoni.it\/pt-br\/","logo":{"@type":"ImageObject","inLanguage":"pt-BR","@id":"https:\/\/e-mazzoni.it\/pt-br\/#\/schema\/logo\/image\/","url":"https:\/\/e-mazzoni.it\/wp-content\/uploads\/2023\/07\/logo.png","contentUrl":"https:\/\/e-mazzoni.it\/wp-content\/uploads\/2023\/07\/logo.png","width":250,"height":109,"caption":"Mazzoni"},"image":{"@id":"https:\/\/e-mazzoni.it\/pt-br\/#\/schema\/logo\/image\/"}}]}},"_links":{"self":[{"href":"https:\/\/e-mazzoni.it\/pt-br\/wp-json\/wp\/v2\/pages\/55697","targetHints":{"allow":["GET"]}}],"collection":[{"href":"https:\/\/e-mazzoni.it\/pt-br\/wp-json\/wp\/v2\/pages"}],"about":[{"href":"https:\/\/e-mazzoni.it\/pt-br\/wp-json\/wp\/v2\/types\/page"}],"author":[{"embeddable":true,"href":"https:\/\/e-mazzoni.it\/pt-br\/wp-json\/wp\/v2\/users\/1"}],"replies":[{"embeddable":true,"href":"https:\/\/e-mazzoni.it\/pt-br\/wp-json\/wp\/v2\/comments?post=55697"}],"version-history":[{"count":4,"href":"https:\/\/e-mazzoni.it\/pt-br\/wp-json\/wp\/v2\/pages\/55697\/revisions"}],"predecessor-version":[{"id":57384,"href":"https:\/\/e-mazzoni.it\/pt-br\/wp-json\/wp\/v2\/pages\/55697\/revisions\/57384"}],"wp:attachment":[{"href":"https:\/\/e-mazzoni.it\/pt-br\/wp-json\/wp\/v2\/media?parent=55697"}],"curies":[{"name":"wp","href":"https:\/\/api.w.org\/{rel}","templated":true}]}}