{"id":54769,"date":"2023-06-19T06:37:32","date_gmt":"2023-06-19T06:37:32","guid":{"rendered":"https:\/\/e-mazzoni.it\/politica-de-privacidade-e-cookies\/"},"modified":"2025-02-24T10:22:33","modified_gmt":"2025-02-24T10:22:33","slug":"politica-de-privacidade-e-cookies","status":"publish","type":"page","link":"https:\/\/e-mazzoni.it\/pt-br\/politica-de-privacidade-e-cookies\/","title":{"rendered":"Pol\u00edtica de Privacidade e Cookies"},"content":{"rendered":"\t\t<div data-elementor-type=\"wp-page\" data-elementor-id=\"54769\" class=\"elementor elementor-54769 elementor-3\">\n\t\t\t\t\t\t<section class=\"elementor-section elementor-top-section elementor-element elementor-element-4c90591a elementor-section-boxed elementor-section-height-default elementor-section-height-default\" data-id=\"4c90591a\" data-element_type=\"section\" data-e-type=\"section\">\n\t\t\t\t\t\t<div class=\"elementor-container elementor-column-gap-default\">\n\t\t\t\t\t<div class=\"elementor-column elementor-col-100 elementor-top-column elementor-element elementor-element-4a5a4ce4\" data-id=\"4a5a4ce4\" data-element_type=\"column\" data-e-type=\"column\">\n\t\t\t<div class=\"elementor-widget-wrap elementor-element-populated\">\n\t\t\t\t\t\t<div class=\"elementor-element elementor-element-114027b elementor-widget elementor-widget-spacer\" data-id=\"114027b\" data-element_type=\"widget\" data-e-type=\"widget\" data-widget_type=\"spacer.default\">\n\t\t\t\t<div class=\"elementor-widget-container\">\n\t\t\t\t\t\t\t<div class=\"elementor-spacer\">\n\t\t\t<div class=\"elementor-spacer-inner\"><\/div>\n\t\t<\/div>\n\t\t\t\t\t\t<\/div>\n\t\t\t\t<\/div>\n\t\t\t\t<div class=\"elementor-element elementor-element-ecd241c elementor-widget elementor-widget-heading\" data-id=\"ecd241c\" data-element_type=\"widget\" data-e-type=\"widget\" data-widget_type=\"heading.default\">\n\t\t\t\t<div class=\"elementor-widget-container\">\n\t\t\t\t\t<h2 class=\"elementor-heading-title elementor-size-default\">pol\u00edtica de Privacidade<\/h2>\t\t\t\t<\/div>\n\t\t\t\t<\/div>\n\t\t\t\t<div class=\"elementor-element elementor-element-f43b2cb elementor-widget__width-initial elementor-widget elementor-widget-text-editor\" data-id=\"f43b2cb\" data-element_type=\"widget\" data-e-type=\"widget\" data-widget_type=\"text-editor.default\">\n\t\t\t\t<div class=\"elementor-widget-container\">\n\t\t\t\t\t\t\t\t\t<p><strong>INFORMA\u00c7\u00d5ES SOBRE O TRATAMENTO DE DADOS PESSOAIS<\/strong><\/p>\n<p>Querido cliente,<\/p>\n<p><strong>Mazzoni SRL<\/strong> atua em total conformidade com o Regulamento Europeu n\u00ba. 679\/2016 (doravante, por brevidade: RGPD) e, em conformidade com a regulamenta\u00e7\u00e3o nele contida, com esta informa\u00e7\u00e3o fornece toda a informa\u00e7\u00e3o sobre o tratamento dos seus dados pessoais e sobre os direitos a que tem direito.<br \/>Antes de expressar o seu consentimento para o tratamento de dados, convidamo-lo, portanto, a ler atentamente a informa\u00e7\u00e3o. <\/p>\n<ol>\n<li> <strong>Propriet\u00e1rio e Processador de Dados<br \/><\/strong>O propriet\u00e1rio (ou seja, o respons\u00e1vel pelas decis\u00f5es relativas \u00e0 finalidade, m\u00e9todo de tratamento dos dados pessoais, seguran\u00e7a e ferramentas utilizadas) \u00e9 Mazzoni SRL, com sede em Via Prati Vecchi 5 \u2013 42025 Cavriago (RE) \u2013 p. NIF 01560810358 na pessoa de sua representante legal Sra. B\u00e1rbara Mazzoni, domiciliada para a fun\u00e7\u00e3o na sede da Companhia.<\/li>\n<li> <strong> Ffinalidade do processamento e bases legais<\/strong><br \/>Os dados pessoais do interessado (ou seja, os dados fornecidos \u00e0 empresa, tamb\u00e9m atrav\u00e9s do registo no site) s\u00e3o fornecidos \u00e0 Mazzoni SRL, e tratados por esta, tamb\u00e9m atrav\u00e9s de comunica\u00e7\u00e3o a terceiros quando necess\u00e1rio e instrumental, para os seguintes fins:<br \/>a) para fins estritamente ligados e instrumentais ao cumprimento das obriga\u00e7\u00f5es decorrentes das rela\u00e7\u00f5es, inclusive contratuais, estabelecidas com , para permitir e gerenciar o seu cadastro no site, para utilizar os servi\u00e7os oferecidos e para fins administrativos e cont\u00e1beis e para o cumprimento das obriga\u00e7\u00f5es estabelecidas pela legisla\u00e7\u00e3o vigente nos termos do art. 6 b) GDPR<br \/>b) cumprir obriga\u00e7\u00f5es, de qualquer natureza, previstas em leis, regulamentos, regulamentos comunit\u00e1rios ou em qualquer caso relacionadas com obriga\u00e7\u00f5es decorrentes de disposi\u00e7\u00f5es emanadas de autoridades judiciais, funcion\u00e1rios administrativos ou \u00f3rg\u00e3os policiais, autorizados a faz\u00ea-lo por lei ou por \u00f3rg\u00e3os de fiscaliza\u00e7\u00e3o e controle nos termos do art.<br \/>c) para fins relacionados com a afirma\u00e7\u00e3o ou defesa de um direito judicial da Mazzoni SRL nos termos do art. 6 c) RGPD.<br \/>\u00c9 obrigat\u00f3ria a autoriza\u00e7\u00e3o para os efeitos referidos nas al\u00edneas a), b) e c) anteriores; a recusa poder\u00e1 impossibilitar a Mazzoni SRL de prestar os servi\u00e7os e\/ou executar as obriga\u00e7\u00f5es decorrentes das rela\u00e7\u00f5es estabelecidas. O tratamento relacionado encontra a sua base legal no consentimento do interessado expresso ao marcar a caixa durante o registo ou ao enviar um email para info@e-mazzoni.it escrevendo: Expresso o meu consentimento. Al\u00e9m disso, o tratamento satisfaz os interesses leg\u00edtimos do Respons\u00e1vel pelo Tratamento, tais como: a execu\u00e7\u00e3o do contrato, a fatura\u00e7\u00e3o, a cobran\u00e7a de d\u00edvidas.      <br \/>No entanto, consente o tratamento dos seus dados para as seguintes finalidades distintas, funcionais \u00e0 atividade da Mazzoni SRL nos termos do art. 6 a) RGPD.<br \/>O tratamento relevante requer o consentimento das partes interessadas:<br \/>d) para fins de marketing e\/ou promocionais em formato automatizado (sms, mms, email, fax) ou em formato tradicional (correio, contacto telef\u00f3nico);<br \/>e) para comunica\u00e7\u00e3o a empresas terceiras, com consequente tratamento por parte destas, que as poder\u00e3o utilizar para fins de marketing e\/ou promocionais;<br \/>f) para atividades de cria\u00e7\u00e3o de perfil e\/ou an\u00e1lise pr\u00f3pria relacionadas a investiga\u00e7\u00f5es de mercado e\/ou estat\u00edsticas.<br \/>O tratamento relacionado encontra a sua base legal no consentimento do interessado expresso atrav\u00e9s do tick durante a fase de registo<\/li>\n<li> <strong>Dados especiais<\/strong><br \/>S\u00e3o considerados dados especiais, nos termos e para os efeitos do art. 9\u00ba do RGPD, todos os dados \u201c&#8230;adequados para revelar a origem racial e \u00e9tnica, cren\u00e7as religiosas, filos\u00f3ficas ou outras, opini\u00f5es pol\u00edticas, filia\u00e7\u00e3o em partidos, sindicatos, associa\u00e7\u00f5es ou organiza\u00e7\u00f5es de natureza religiosa, filos\u00f3fica, pol\u00edtica ou sindical, bem como dados gen\u00e9ticos, dados biom\u00e9tricos destinados a identificar de forma \u00fanica uma pessoa singular, dados relativos \u00e0 sa\u00fade ou vida sexual ou orienta\u00e7\u00e3o sexual do titular dos dados\u201d. <br \/>Estes dados nunca s\u00e3o recolhidos pela Mazzoni SRL mas, caso isso aconte\u00e7a, a mesma os tratar\u00e1 exclusivamente mediante manifesta\u00e7\u00e3o de consentimento espec\u00edfica e expl\u00edcita do interessado, emitida por escrito, nos termos e para os efeitos do art. 9, co 2a) RGPD. <\/li>\n<li> <strong> M\u00e9todos de tratamento<\/strong><br \/>Os dados pessoais dos interessados \u200b\u200brecolhidos para os fins diretamente ligados \u00e0 presta\u00e7\u00e3o dos servi\u00e7os prestados ser\u00e3o tratados por funcion\u00e1rios e colaboradores, internos e externos, da Mazzoni SRL, formalmente nomeados para o efeito nos termos do art. 4 GDPR como pessoas formalmente autorizadas a processar dados pessoais.<br \/>O tratamento dos mesmos poder\u00e1 ocorrer atrav\u00e9s de sistemas manuais, inform\u00e1ticos e\/ou telem\u00e1ticos, incluindo automatizados, em conformidade com as regras e princ\u00edpios de licitude e correc\u00e7\u00e3o, atrav\u00e9s dos m\u00e9todos mais adequados para garantir a sua seguran\u00e7a e confidencialidade; ser\u00e3o comunicados a terceiros apenas quando estritamente necess\u00e1rio. <\/li>\n<li> <strong>Comunica\u00e7\u00e3o a terceiros<br \/><\/strong>Mazzoni SRL, em conformidade com tudo o j\u00e1 previsto nos pontos anteriores, comunica os dados dos interessados \u200b\u200ba:<br \/>\u2013 aos projectistas para lhes permitir cumprir as obriga\u00e7\u00f5es por eles assumidas para com os interessados\/apoiantes;<br \/>\u2013 aos fornecedores de servi\u00e7os de consultoria externos \u00e0 empresa, tais como, mas n\u00e3o limitados a, jur\u00eddicos, fiscais, fiscais e similares, e\/ou aos fornecedores de servi\u00e7os de TI de cujo apoio a Mazzoni SRL possa recorrer na realiza\u00e7\u00e3o dos seus neg\u00f3cios;<br \/>\u2013 terceiros para efeitos de medi\u00e7\u00e3o da satisfa\u00e7\u00e3o com a qualidade dos servi\u00e7os prestados, e\/ou realiza\u00e7\u00e3o de estudos de mercado, defini\u00e7\u00e3o de perfis de clientes.<br \/>Os seus dados pessoais ser\u00e3o tratados em territ\u00f3rio italiano e n\u00e3o ser\u00e3o transferidos para o estrangeiro. Caso isso aconte\u00e7a, a transfer\u00eancia ocorrer\u00e1 de forma a fornecer garantias adequadas e adequadas nos termos dos artigos. 46 ou 47 ou 49 do Regulamento 679\/2016. <\/li>\n<li> <strong> Per\u00edodo de reten\u00e7\u00e3o de dados pessoais e crit\u00e9rios utilizados<\/strong><br \/>Os dados pessoais por si comunicados e os por n\u00f3s recolhidos ser\u00e3o conservados durante 10 anos a partir do final da \u00faltima utiliza\u00e7\u00e3o, a menos que sejam necess\u00e1rios para o cumprimento de obriga\u00e7\u00f5es legais ou decorrentes do exerc\u00edcio de direitos em cargos judiciais, ou a pedido de autoridades.<br \/>Quaisquer dados tratados, com o seu consentimento espec\u00edfico, para fins de marketing e\/ou cria\u00e7\u00e3o de perfis, ser\u00e3o tratados por um per\u00edodo m\u00e1ximo de 24 meses.<\/li>\n<li> <strong>Direitos do interessado<\/strong><br \/>O Regulamento Europeu 679\/2016 reconhece os direitos listados abaixo, que voc\u00ea pode exercer contra o Controlador de Dados. Abaixo voc\u00ea encontrar\u00e1 um extrato completo dos seguintes artigos da lei.<br \/>Os pedidos relativos a direitos e\/ou quaisquer informa\u00e7\u00f5es e pedidos de explica\u00e7\u00e3o que possa necessitar poder\u00e3o ser encaminhados mediante pedido escrito ao Respons\u00e1vel pelo Tratamento\/Gestor de Dados, por correio normal para o endere\u00e7o <strong>Mazzoni SRL, com sede na Via Prati Vecchi 5 \u2013 42025 Cavriago (RE) <\/strong>, ou por e-mail para o endere\u00e7o de e-mail info@e-mazzoni.it. <\/li>\n<\/ol>\n<p><strong>7.1. DIRITTO DI ACCESSO <\/strong><br \/>O artigo 15 do Regulamento Europeu permite-lhe obter a confirma\u00e7\u00e3o do respons\u00e1vel pelo tratamento de dados sobre se o tratamento dos dados que lhe dizem respeito est\u00e1 ou n\u00e3o em curso e, neste caso, obter acesso a esses dados.<\/p>\n<p><strong>7.2. DIRITTO DI RETTIFICA <\/strong><br \/>A arte. 16 do Regulamento Europeu permite-lhe obter do respons\u00e1vel pelo tratamento a retifica\u00e7\u00e3o dos dados pessoais inexatos que lhe dizem respeito, sem demora injustificada. Tendo em conta as finalidades do tratamento, o interessado tem o direito de obter a integra\u00e7\u00e3o dos dados pessoais incompletos, tamb\u00e9m mediante apresenta\u00e7\u00e3o de declara\u00e7\u00e3o complementar.  <\/p>\n<p><strong>7.3. DIRITTO DI CANCELLAZIONE <\/strong><br \/>A arte. 17 do Regulamento Europeu permite-lhe obter do respons\u00e1vel pelo tratamento a elimina\u00e7\u00e3o dos dados pessoais que lhe dizem respeito sem demora injustificada se existir um dos motivos previstos na lei. <\/p>\n<p><strong>7.4. DIRITTO DI LIMITAZIONE <\/strong><br \/>A arte. 18 do Regulamento Europeu permite obter do respons\u00e1vel pelo tratamento a limita\u00e7\u00e3o do tratamento quando ocorrer uma das hip\u00f3teses previstas na lei. <\/p>\n<p><strong>7.5 DIREITO \u00c0 PORTABILIDADE DE DADOS<\/strong><br \/>A arte. 20 do Regulamento Europeu permite que voc\u00ea receba os dados pessoais que lhe dizem respeito fornecidos a um controlador de dados em um formato estruturado, comumente usado e leg\u00edvel por m\u00e1quina e tem o direito de transmitir esses dados a outro controlador de dados sem impedimentos por parte do controlador de dados a quem voc\u00ea os forneceu.<br \/>Al\u00e9m disso, permite-lhe obter a transmiss\u00e3o direta de dados pessoais de um respons\u00e1vel pelo tratamento para outro, se for tecnicamente vi\u00e1vel <\/p>\n<p><strong>7.6 DIREITO DE OBJETAR<\/strong><br \/>A arte. 21 do Regulamento Europeu permite-lhe opor-se a qualquer momento, por motivos relacionados com a sua situa\u00e7\u00e3o particular, ao tratamento dos dados pessoais que lhe dizem respeito nos termos do artigo 6.\u00ba, n.\u00ba 1, al\u00edneas e) ou f), incluindo a defini\u00e7\u00e3o de perfis com base nestas disposi\u00e7\u00f5es.   <\/p>\n<p><strong>7.7. DIRITTO DI REVOCA DEL CONSENSO <br \/><\/strong>A arte. 7 do Regulamento Europeu permite-lhe revogar o consentimento que deu a qualquer momento. A revoga\u00e7\u00e3o do consentimento n\u00e3o afeta a licitude do tratamento baseado no consentimento antes da revoga\u00e7\u00e3o.  <\/p>\n<p><strong>7.8. DIRITTO DI RECLAMO <\/strong><br \/>A arte. 77 do Regulamento Europeu, se considerar que o tratamento que lhe diz respeito viola o Regulamento, reconhece o direito de apresentar uma reclama\u00e7\u00e3o a uma autoridade de controlo (Garantidor de Privacidade), em particular no Estado-Membro onde reside habitualmente, trabalha ou no local onde ocorreu a alegada viola\u00e7\u00e3o. <\/p><\/p>\n\t\t\t\t\t\t\t\t<\/div>\n\t\t\t\t<\/div>\n\t\t\t\t<div class=\"elementor-element elementor-element-85840b6 elementor-widget elementor-widget-spacer\" data-id=\"85840b6\" data-element_type=\"widget\" data-e-type=\"widget\" data-widget_type=\"spacer.default\">\n\t\t\t\t<div class=\"elementor-widget-container\">\n\t\t\t\t\t\t\t<div class=\"elementor-spacer\">\n\t\t\t<div class=\"elementor-spacer-inner\"><\/div>\n\t\t<\/div>\n\t\t\t\t\t\t<\/div>\n\t\t\t\t<\/div>\n\t\t\t\t<div class=\"elementor-element elementor-element-6d5f6b7 elementor-widget elementor-widget-heading\" data-id=\"6d5f6b7\" data-element_type=\"widget\" data-e-type=\"widget\" data-widget_type=\"heading.default\">\n\t\t\t\t<div class=\"elementor-widget-container\">\n\t\t\t\t\t<h2 class=\"elementor-heading-title elementor-size-default\">Pol\u00edtica de Cookies<\/h2>\t\t\t\t<\/div>\n\t\t\t\t<\/div>\n\t\t\t\t<div class=\"elementor-element elementor-element-bc01054 elementor-widget elementor-widget-html\" data-id=\"bc01054\" data-element_type=\"widget\" data-e-type=\"widget\" data-widget_type=\"html.default\">\n\t\t\t\t<div class=\"elementor-widget-container\">\n\t\t\t\t\t<style>\n    a.cky-banner-element {\n        padding: 8px 30px;\n        background: #F8F9FA;\n        color: #858A8F;\n        border: 1px solid #DEE2E6;\n        box-sizing: border-box;\n        border-radius: 2px;\n        cursor: pointer;\n}\n<\/style>\n<p> \u00daltima atualiza\u00e7\u00e3o: 26-Feb-2024 <\/p>\n\n&nbsp;\n<h5>O que s\u00e3o Cookies?<\/h5>\n<div class=\"cookie-policy-p\"><p>Esta Pol\u00edtica de Cookies explica o que s\u00e3o cookies e como os utilizamos, os tipos de cookies que utilizamos, as informa\u00e7\u00f5es que recolhemos atrav\u00e9s de cookies e como essas informa\u00e7\u00f5es s\u00e3o utilizadas, e como gerir as suas defini\u00e7\u00f5es de cookies.<\/p> <p>Cookies s\u00e3o pequenos arquivos de texto usados \u200b\u200bpara armazenar pequenas informa\u00e7\u00f5es. Eles s\u00e3o armazenados no seu dispositivo quando o site \u00e9 carregado no seu navegador. Estes cookies ajudam-nos a fazer com que o site funcione corretamente, torn\u00e1-lo mais seguro, proporcionar uma melhor experi\u00eancia ao utilizador, compreender como funciona o site e analisar o que funciona e onde precisa de ser melhorado.  <\/p><\/div>\n\n&nbsp;\n<h5>Como usamos cookies?<\/h5>\n<div class=\"cookie-policy-p\"><p>Como a maioria dos servi\u00e7os online, nosso site usa cookies pr\u00f3prios e de terceiros para diversos fins. Os cookies prim\u00e1rios s\u00e3o principalmente necess\u00e1rios para que o site funcione corretamente e n\u00e3o coletam nenhum dos seus dados de identifica\u00e7\u00e3o pessoal. <\/p> <p>Os cookies de terceiros utilizados no nosso website s\u00e3o utilizados principalmente para compreender como funciona o website, como interage com o nosso website, mantendo os nossos servi\u00e7os seguros, fornecendo publicidade relevante para si e, em suma, proporcionando-lhe uma experi\u00eancia de utilizador cada vez melhor e ajudando a acelerar as suas futuras intera\u00e7\u00f5es com o nosso website.<\/p><\/div>\n\n&nbsp;\n    <h5>Tipos de cookies que utilizamos<\/h5>\n\n    <div class=\"cky-audit-table-element\"><\/div>\n\n&nbsp;\n    <h5 style=\"margin-bottom:20px;\">Gerenciar prefer\u00eancias de cookies<\/h5>\n\n    <a class=\"cky-banner-element\">Configura\u00e7\u00f5es de cookies<\/a> <br>\n\n    <div><p>Voc\u00ea pode alterar suas prefer\u00eancias de cookies a qualquer momento clicando no bot\u00e3o acima. Isso permitir\u00e1 que voc\u00ea revisite o banner de consentimento de cookies e altere suas prefer\u00eancias ou retire seu consentimento imediatamente.  <\/p> <p>Al\u00e9m disso, diferentes navegadores oferecem diferentes m\u00e9todos para bloquear e excluir cookies utilizados pelos sites. Voc\u00ea pode alterar as configura\u00e7\u00f5es do seu navegador para bloquear\/excluir cookies. Listados abaixo est\u00e3o links para documentos de suporte sobre como gerenciar e excluir cookies dos principais navegadores da web.  <\/p> <p>: <a href=\"https:\/\/support.google.com\/accounts\/answer\/32050\" target=\"_blank\">https:\/\/support.google.com\/accounts\/answer\/32050<\/a><\/p><p>Safari: <a href=\"https:\/\/support.apple.com\/en-in\/guide\/safari\/sfri11471\/mac\" target=\"_blank\">https:\/\/support.apple.com\/en-in\/guide\/safari\/sfri11471\/mac<\/a><\/p><p>Firefox: <a href=\"https:\/\/support.mozilla.org\/en-US\/kb\/clear-cookies-and-site-data-firefox?redirectslug=delete-cookies-remove-info-websites-stored&amp;redirectlocale=en-US\" target=\"_blank\">https:\/\/support.mozilla.org\/en-US\/kb\/clear-cookies-and-site-data-firefox?redirectslug=delete-cookies-remove-info-websites-stored&amp;redirectlocale=en-US<\/a><\/p><p>Internet Explorer: <a href=\"https:\/\/support.microsoft.com\/en-us\/topic\/how-to-delete-cookie-files-in-internet-explorer-bca9446f-d873-78de-77ba-d42645fa52fc\" target=\"_blank\">https:\/\/support.microsoft.com\/en-us\/topic\/how-to-delete-cookie-files-in-internet-explorer-bca9446f-d873-78de-77ba-d42645fa52fc<\/a><\/p><p>Se voc\u00ea usa outro navegador, visite os documentos de suporte oficiais do seu navegador.<\/p><\/div>\n\n\n&nbsp;\n\t\t\t\t<\/div>\n\t\t\t\t<\/div>\n\t\t\t\t\t<\/div>\n\t\t<\/div>\n\t\t\t\t\t<\/div>\n\t\t<\/section>\n\t\t\t\t<\/div>\n\t\t","protected":false},"excerpt":{"rendered":"<p>pol\u00edtica de Privacidade INFORMA\u00c7\u00d5ES SOBRE O TRATAMENTO DE DADOS PESSOAIS Querido cliente, Mazzoni SRL atua em total conformidade com o Regulamento Europeu n\u00ba. 679\/2016 (doravante, por brevidade: RGPD) e, em conformidade com a regulamenta\u00e7\u00e3o nele contida, com esta informa\u00e7\u00e3o fornece toda a informa\u00e7\u00e3o sobre o tratamento dos seus dados pessoais e sobre os direitos a [&hellip;]<\/p>\n","protected":false},"author":1,"featured_media":0,"parent":0,"menu_order":0,"comment_status":"closed","ping_status":"closed","template":"elementor_header_footer","meta":{"zakra_page_container_layout":"customizer","zakra_page_sidebar_layout":"customizer","zakra_remove_content_margin":false,"zakra_sidebar":"customizer","zakra_transparent_header":"customizer","zakra_logo":0,"zakra_main_header_style":"default","zakra_menu_item_color":"","zakra_menu_item_hover_color":"","zakra_menu_item_active_color":"","zakra_menu_active_style":"","zakra_page_header":true,"footnotes":""},"class_list":["post-54769","page","type-page","status-publish","hentry"],"yoast_head":"<!-- This site is optimized with the Yoast SEO plugin v27.5 - https:\/\/yoast.com\/product\/yoast-seo-wordpress\/ -->\n<title>Pol\u00edtica de Privacidade e Cookies - Mazzoni<\/title>\n<meta name=\"robots\" content=\"index, follow, max-snippet:-1, max-image-preview:large, max-video-preview:-1\" \/>\n<link rel=\"canonical\" href=\"https:\/\/e-mazzoni.it\/pt-br\/politica-de-privacidade-e-cookies\/\" \/>\n<meta property=\"og:locale\" content=\"pt_BR\" \/>\n<meta property=\"og:type\" content=\"article\" \/>\n<meta property=\"og:title\" content=\"Pol\u00edtica de Privacidade e Cookies - Mazzoni\" \/>\n<meta property=\"og:description\" content=\"pol\u00edtica de Privacidade INFORMA\u00c7\u00d5ES SOBRE O TRATAMENTO DE DADOS PESSOAIS Querido cliente, Mazzoni SRL atua em total conformidade com o Regulamento Europeu n\u00ba. 679\/2016 (doravante, por brevidade: RGPD) e, em conformidade com a regulamenta\u00e7\u00e3o nele contida, com esta informa\u00e7\u00e3o fornece toda a informa\u00e7\u00e3o sobre o tratamento dos seus dados pessoais e sobre os direitos a [&hellip;]\" \/>\n<meta property=\"og:url\" content=\"https:\/\/e-mazzoni.it\/pt-br\/politica-de-privacidade-e-cookies\/\" \/>\n<meta property=\"og:site_name\" content=\"Mazzoni\" \/>\n<meta property=\"article:modified_time\" content=\"2025-02-24T10:22:33+00:00\" \/>\n<meta name=\"twitter:card\" content=\"summary_large_image\" \/>\n<meta name=\"twitter:label1\" content=\"Est. tempo de leitura\" \/>\n\t<meta name=\"twitter:data1\" content=\"10 minutos\" \/>\n<!-- \/ Yoast SEO plugin. -->","yoast_head_json":{"title":"Pol\u00edtica de Privacidade e Cookies - Mazzoni","robots":{"index":"index","follow":"follow","max-snippet":"max-snippet:-1","max-image-preview":"max-image-preview:large","max-video-preview":"max-video-preview:-1"},"canonical":"https:\/\/e-mazzoni.it\/pt-br\/politica-de-privacidade-e-cookies\/","og_locale":"pt_BR","og_type":"article","og_title":"Pol\u00edtica de Privacidade e Cookies - Mazzoni","og_description":"pol\u00edtica de Privacidade INFORMA\u00c7\u00d5ES SOBRE O TRATAMENTO DE DADOS PESSOAIS Querido cliente, Mazzoni SRL atua em total conformidade com o Regulamento Europeu n\u00ba. 679\/2016 (doravante, por brevidade: RGPD) e, em conformidade com a regulamenta\u00e7\u00e3o nele contida, com esta informa\u00e7\u00e3o fornece toda a informa\u00e7\u00e3o sobre o tratamento dos seus dados pessoais e sobre os direitos a [&hellip;]","og_url":"https:\/\/e-mazzoni.it\/pt-br\/politica-de-privacidade-e-cookies\/","og_site_name":"Mazzoni","article_modified_time":"2025-02-24T10:22:33+00:00","twitter_card":"summary_large_image","twitter_misc":{"Est. tempo de leitura":"10 minutos"},"schema":{"@context":"https:\/\/schema.org","@graph":[{"@type":"WebPage","@id":"https:\/\/e-mazzoni.it\/pt-br\/politica-de-privacidade-e-cookies\/","url":"https:\/\/e-mazzoni.it\/pt-br\/politica-de-privacidade-e-cookies\/","name":"Pol\u00edtica de Privacidade e Cookies - Mazzoni","isPartOf":{"@id":"https:\/\/e-mazzoni.it\/pt-br\/#website"},"datePublished":"2023-06-19T06:37:32+00:00","dateModified":"2025-02-24T10:22:33+00:00","breadcrumb":{"@id":"https:\/\/e-mazzoni.it\/pt-br\/politica-de-privacidade-e-cookies\/#breadcrumb"},"inLanguage":"pt-BR","potentialAction":[{"@type":"ReadAction","target":["https:\/\/e-mazzoni.it\/pt-br\/politica-de-privacidade-e-cookies\/"]}]},{"@type":"BreadcrumbList","@id":"https:\/\/e-mazzoni.it\/pt-br\/politica-de-privacidade-e-cookies\/#breadcrumb","itemListElement":[{"@type":"ListItem","position":1,"name":"Home","item":"https:\/\/e-mazzoni.it\/pt-br\/"},{"@type":"ListItem","position":2,"name":"Pol\u00edtica de Privacidade e Cookies"}]},{"@type":"WebSite","@id":"https:\/\/e-mazzoni.it\/pt-br\/#website","url":"https:\/\/e-mazzoni.it\/pt-br\/","name":"Mazzoni","description":"Mazzoni","publisher":{"@id":"https:\/\/e-mazzoni.it\/pt-br\/#organization"},"potentialAction":[{"@type":"SearchAction","target":{"@type":"EntryPoint","urlTemplate":"https:\/\/e-mazzoni.it\/pt-br\/?s={search_term_string}"},"query-input":{"@type":"PropertyValueSpecification","valueRequired":true,"valueName":"search_term_string"}}],"inLanguage":"pt-BR"},{"@type":"Organization","@id":"https:\/\/e-mazzoni.it\/pt-br\/#organization","name":"Mazzoni","url":"https:\/\/e-mazzoni.it\/pt-br\/","logo":{"@type":"ImageObject","inLanguage":"pt-BR","@id":"https:\/\/e-mazzoni.it\/pt-br\/#\/schema\/logo\/image\/","url":"https:\/\/e-mazzoni.it\/wp-content\/uploads\/2023\/07\/logo.png","contentUrl":"https:\/\/e-mazzoni.it\/wp-content\/uploads\/2023\/07\/logo.png","width":250,"height":109,"caption":"Mazzoni"},"image":{"@id":"https:\/\/e-mazzoni.it\/pt-br\/#\/schema\/logo\/image\/"}}]}},"_links":{"self":[{"href":"https:\/\/e-mazzoni.it\/pt-br\/wp-json\/wp\/v2\/pages\/54769","targetHints":{"allow":["GET"]}}],"collection":[{"href":"https:\/\/e-mazzoni.it\/pt-br\/wp-json\/wp\/v2\/pages"}],"about":[{"href":"https:\/\/e-mazzoni.it\/pt-br\/wp-json\/wp\/v2\/types\/page"}],"author":[{"embeddable":true,"href":"https:\/\/e-mazzoni.it\/pt-br\/wp-json\/wp\/v2\/users\/1"}],"replies":[{"embeddable":true,"href":"https:\/\/e-mazzoni.it\/pt-br\/wp-json\/wp\/v2\/comments?post=54769"}],"version-history":[{"count":1,"href":"https:\/\/e-mazzoni.it\/pt-br\/wp-json\/wp\/v2\/pages\/54769\/revisions"}],"predecessor-version":[{"id":54770,"href":"https:\/\/e-mazzoni.it\/pt-br\/wp-json\/wp\/v2\/pages\/54769\/revisions\/54770"}],"wp:attachment":[{"href":"https:\/\/e-mazzoni.it\/pt-br\/wp-json\/wp\/v2\/media?parent=54769"}],"curies":[{"name":"wp","href":"https:\/\/api.w.org\/{rel}","templated":true}]}}