{"id":51022,"date":"2024-10-15T06:51:24","date_gmt":"2024-10-15T06:51:24","guid":{"rendered":"https:\/\/e-mazzoni.it\/prodotto\/duze-kotly\/"},"modified":"2026-05-02T02:36:46","modified_gmt":"2026-05-02T02:36:46","slug":"duze-kotly","status":"publish","type":"product","link":"https:\/\/e-mazzoni.it\/pl\/produkt\/duze-kotly\/","title":{"rendered":"DU\u017bE KOT\u0141Y"},"content":{"rendered":"<p>W kot\u0142ach Mazzoni cewka ma grubo\u015b\u0107 i d\u0142ugo\u015b\u0107 zaprojektowan\u0105 tak, aby zapewni\u0107 maksymaln\u0105 wydajno\u015b\u0107 w zakresie podgrzewania wody, minimalizuj\u0105c zu\u017cycie paliwa i maksymalizuj\u0105c odporno\u015b\u0107. Obudowa i palnik s\u0105 wykonane ze stali nierdzewnej, ty\u0142 obudowy doskonale izoluje komor\u0119 spalania od zewn\u0119trznej strony kot\u0142a, czyni\u0105c j\u0105 bezpieczn\u0105 i niezawodn\u0105. RODZICA 30 L<\/p>\n<p>Konstrukcja wykonana ze stali nierdzewnej<br \/>\nDno w\u0142\u00f3kna ceramicznego wypalane i spr\u0119\u017cane pod pr\u00f3\u017cni\u0105<\/p>\n<p>GRUPA FIAMMA<\/p>\n<p>Dysza Diesla<br \/>\nElektrody zap\u0142onowe<br \/>\nRura oleju opa\u0142owego<br \/>\nWsparcie kontroli p\u0142omienia<\/p>\n<p>POMPA DIESLA<\/p>\n<p>Wbudowany elektrozaw\u00f3r<\/p>\n<p>Transformator<\/p>\n<p>2X5000 V w komplecie z kablami po\u0142\u0105czeniowymi (400 V)<br \/>\n\u00a02X14000 V w komplecie z kablami po\u0142\u0105czeniowymi (220 V)<\/p>\n<p>WENTYLATOR<\/p>\n<p>Wykonany z aluminium<\/p>\n<p>WENTYLATOR SILNIKA<\/p>\n<p>\u00a0IP 44, 230\u2013400 V, 50\u201360 Hz, 2800\u20133200 obr.\/min<\/p>\n<div>\n<table style=\"width: 100%\" border=\"1\" id=\"table_options\">\n<tbody>\n<tr>\n<th style=\"color: #fff\" bgcolor=\"#ea2833\">PART NUMBER<\/th>\n<th style=\"color: #fff\" bgcolor=\"#ea2833\">L\/MIN<\/th>\n<th style=\"color: #fff\" bgcolor=\"#ea2833\">GPM<\/th>\n<th style=\"color: #fff\" bgcolor=\"#ea2833\">BAR<\/th>\n<th style=\"color: #fff\" bgcolor=\"#ea2833\">PSI<\/th>\n<th style=\"color: #fff\" bgcolor=\"#ea2833\">VOLTS<\/th>\n<th style=\"color: #fff\" bgcolor=\"#ea2833\">Hz<\/th>\n<th style=\"color: #fff\" bgcolor=\"#ea2833\">PERFORMANCE (KW)<\/th>\n<th style=\"color: #fff\" bgcolor=\"#ea2833\">PERFORMANCE (BTU X 1000)<\/th>\n<th style=\"color: #fff\" bgcolor=\"#ea2833\">COIL LENGHT (MT)<\/th>\n<th style=\"color: #fff\" bgcolor=\"#ea2833\">COIL LENGHT (FT)<\/th>\n<th style=\"color: #fff\" bgcolor=\"#ea2833\">COIL THIKNESS (MM)<\/th>\n<th style=\"color: #fff\" bgcolor=\"#ea2833\">COIL THIKNESS (INCH)<\/th>\n<th style=\"color: #fff\" bgcolor=\"#ea2833\">DIESEL NOZZLE<\/th>\n<th style=\"color: #fff\" bgcolor=\"#ea2833\">A 50 HZ<\/th>\n<th style=\"color: #fff\" bgcolor=\"#ea2833\">DIESEL CONSUMPTION (LT\/H)<\/th>\n<th style=\"color: #fff\" bgcolor=\"#ea2833\">DIESEL CONSUMPTION ( GAL\/H)<\/th>\n<th style=\"color: #fff\" bgcolor=\"#ea2833\">KCAL\/H<\/th>\n<th style=\"color: #fff\" bgcolor=\"#ea2833\">MIN PRESSURE INPUT (BAR)<\/th>\n<th style=\"color: #fff\" bgcolor=\"#ea2833\">MIN  PRESSURE INPUT (PSI)<\/th>\n<th style=\"color: #fff\" bgcolor=\"#ea2833\">INLET<\/th>\n<th style=\"color: #fff\" bgcolor=\"#ea2833\">OUTLET<\/th>\n<th style=\"color: #fff\" bgcolor=\"#ea2833\">NET WEIGHT (KG)<\/th>\n<th style=\"color: #fff\" bgcolor=\"#ea2833\">NET WEIGHT (LBS)<\/th>\n<th style=\"color: #fff\" bgcolor=\"#ea2833\">MAX. TEMPERATURE OUTLET (\u00b0C )<\/th>\n<th style=\"color: #fff\" bgcolor=\"#ea2833\">MAX. TEMPERATURE OUTLET ( F )<\/th>\n<\/tr>\n<tr>\n<td align=\"center !important\">3.026.02.053<\/td>\n<td align=\"center !important\">30<\/td>\n<td align=\"center !important\">7,9<\/td>\n<td align=\"center !important\">500<\/td>\n<td align=\"center !important\">7251<\/td>\n<td align=\"center !important\">400<\/td>\n<td align=\"center !important\">50<\/td>\n<td align=\"center !important\">128<\/td>\n<td align=\"center !important\">436.000<\/td>\n<td align=\"center !important\">38.5<\/td>\n<td align=\"center !important\">126<\/td>\n<td align=\"center !important\">3<\/td>\n<td align=\"center !important\">0.1 in.<\/td>\n<td align=\"center !important\">2,5<\/td>\n<td align=\"center !important\">2,0<\/td>\n<td align=\"center !important\">9,45<\/td>\n<td align=\"center !important\">2,5<\/td>\n<td align=\"center !important\">110.000<\/td>\n<td align=\"center !important\">3<\/td>\n<td align=\"center !important\">43,50<\/td>\n<td align=\"center !important\">G 1\/2&#8243;<\/td>\n<td align=\"center !important\">G 1\/2&#8243;<\/td>\n<td align=\"center !important\">81<\/td>\n<td align=\"center !important\">178<\/td>\n<td align=\"center !important\">150\u00b0C<\/td>\n<td align=\"center !important\">302\u00b0F<\/td>\n<\/tr>\n<tr>\n<td align=\"center !important\">3.026.02.047<\/td>\n<td align=\"center !important\">30<\/td>\n<td align=\"center !important\">7,9<\/td>\n<td align=\"center !important\">500<\/td>\n<td align=\"center !important\">7251<\/td>\n<td align=\"center !important\">12<\/td>\n<td align=\"center !important\">DC<\/td>\n<td align=\"center !important\">128<\/td>\n<td align=\"center !important\">436.000<\/td>\n<td align=\"center !important\">38.5<\/td>\n<td align=\"center !important\">126<\/td>\n<td align=\"center !important\">3<\/td>\n<td align=\"center !important\">0.1 in.<\/td>\n<td align=\"center !important\">2,5<\/td>\n<td align=\"center !important\">61<\/td>\n<td align=\"center !important\">9,45<\/td>\n<td align=\"center !important\">2,5<\/td>\n<td align=\"center !important\">110.000<\/td>\n<td align=\"center !important\">3<\/td>\n<td align=\"center !important\">43,50<\/td>\n<td align=\"center !important\">G 1\/2&#8243;<\/td>\n<td align=\"center !important\">G 1\/2&#8243;<\/td>\n<td align=\"center !important\">82<\/td>\n<td align=\"center !important\">180<\/td>\n<td align=\"center !important\">150\u00b0C<\/td>\n<td align=\"center !important\">302\u00b0F<\/td>\n<\/tr>\n<tr>\n<td align=\"center !important\">3.026.02.051<\/td>\n<td align=\"center !important\">30<\/td>\n<td align=\"center !important\">7,9<\/td>\n<td align=\"center !important\">500<\/td>\n<td align=\"center !important\">7251<\/td>\n<td align=\"center !important\">24<\/td>\n<td align=\"center !important\">DC<\/td>\n<td align=\"center !important\">128<\/td>\n<td align=\"center !important\">436.000<\/td>\n<td align=\"center !important\">38.5<\/td>\n<td align=\"center !important\">126<\/td>\n<td align=\"center !important\">3<\/td>\n<td align=\"center !important\">0.1 in.<\/td>\n<td align=\"center !important\">2,5<\/td>\n<td align=\"center !important\">28,5<\/td>\n<td align=\"center !important\">9,45<\/td>\n<td align=\"center !important\">2,5<\/td>\n<td align=\"center !important\">110.000<\/td>\n<td align=\"center !important\">3<\/td>\n<td align=\"center !important\">43,50<\/td>\n<td align=\"center !important\">G 1\/2&#8243;<\/td>\n<td align=\"center !important\">G 1\/2&#8243;<\/td>\n<td align=\"center !important\">82<\/td>\n<td align=\"center !important\">180<\/td>\n<td align=\"center !important\">150\u00b0C<\/td>\n<td align=\"center !important\">302\u00b0F<\/td>\n<\/tr>\n<\/tbody>\n<\/table>\n<\/div>\n","protected":false},"excerpt":{"rendered":"<p>Maksymalne ogrzewanie i minimalny poziom emisji tlenk\u00f3w azotu do \u015brodowiska. Kot\u0142y Mazzoni s\u0105 synonimem bezpiecze\u0144stwa i jako\u015bci gwarantowanej przez materia\u0142y pierwszego wyboru i konstrukcj\u0119 zaprojektowan\u0105 w celu uzyskania maksymalnej wydajno\u015bci cieplnej, uwa\u017cnie przygl\u0105daj\u0105c si\u0119 oszcz\u0119dzaniu energii oraz nowym przepisom dotycz\u0105cym \u015brodowiska i bezpiecze\u0144stwa. \u00a0 *** Do monta\u017cu kot\u0142\u00f3w w pojazdach podlegaj\u0105cych wibracjom i oscylacjom zalecamy kocio\u0142 z pier\u015bcieniem centruj\u0105cym do blokady cewki \u00a0<\/p>\n","protected":false},"featured_media":68165,"template":"","meta":{"zakra_page_container_layout":"customizer","zakra_page_sidebar_layout":"customizer","zakra_remove_content_margin":false,"zakra_sidebar":"customizer","zakra_transparent_header":"customizer","zakra_logo":0,"zakra_main_header_style":"default","zakra_menu_item_color":"","zakra_menu_item_hover_color":"","zakra_menu_item_active_color":"","zakra_menu_active_style":"","zakra_page_header":true},"product_brand":[],"product_cat":[3808],"product_tag":[3684,3644,3660,3708,3652,3700,3668],"class_list":{"0":"post-51022","1":"product","2":"type-product","3":"status-publish","4":"has-post-thumbnail","6":"product_cat-kotla-diesla","7":"product_tag-budownictwo_pl","8":"product_tag-czyszczenie_pl","9":"product_tag-myjni_samochodowe_pl","10":"product_tag-przemysl-ciezki","11":"product_tag-rolnictwo_pl","12":"product_tag-stoczniowym_pl","13":"product_tag-zywnosci","15":"first","16":"instock","17":"shipping-taxable","18":"product-type-simple"},"yoast_head":"<!-- This site is optimized with the Yoast SEO plugin v27.5 - https:\/\/yoast.com\/product\/yoast-seo-wordpress\/ -->\n<title>DU\u017bE KOT\u0141Y - Mazzoni<\/title>\n<meta name=\"robots\" content=\"index, follow, max-snippet:-1, max-image-preview:large, max-video-preview:-1\" \/>\n<link rel=\"canonical\" href=\"https:\/\/e-mazzoni.it\/pl\/produkt\/duze-kotly\/\" \/>\n<meta property=\"og:locale\" content=\"pl_PL\" \/>\n<meta property=\"og:type\" content=\"article\" \/>\n<meta property=\"og:title\" content=\"DU\u017bE KOT\u0141Y - Mazzoni\" \/>\n<meta property=\"og:description\" content=\"Maksymalne ogrzewanie i minimalny poziom emisji tlenk\u00f3w azotu do \u015brodowiska. Kot\u0142y Mazzoni s\u0105 synonimem bezpiecze\u0144stwa i jako\u015bci gwarantowanej przez materia\u0142y pierwszego wyboru i konstrukcj\u0119 zaprojektowan\u0105 w celu uzyskania maksymalnej wydajno\u015bci cieplnej, uwa\u017cnie przygl\u0105daj\u0105c si\u0119 oszcz\u0119dzaniu energii oraz nowym przepisom dotycz\u0105cym \u015brodowiska i bezpiecze\u0144stwa. \u00a0 *** Do monta\u017cu kot\u0142\u00f3w w pojazdach podlegaj\u0105cych wibracjom i oscylacjom zalecamy kocio\u0142 z pier\u015bcieniem centruj\u0105cym do blokady cewki \u00a0\" \/>\n<meta property=\"og:url\" content=\"https:\/\/e-mazzoni.it\/pl\/produkt\/duze-kotly\/\" \/>\n<meta property=\"og:site_name\" content=\"Mazzoni\" \/>\n<meta property=\"article:modified_time\" content=\"2026-05-02T02:36:46+00:00\" \/>\n<meta property=\"og:image\" content=\"https:\/\/e-mazzoni.it\/wp-content\/uploads\/2026\/04\/DOC8605360661.jpg\" \/>\n\t<meta property=\"og:image:width\" content=\"800\" \/>\n\t<meta property=\"og:image:height\" content=\"800\" \/>\n\t<meta property=\"og:image:type\" content=\"image\/jpeg\" \/>\n<meta name=\"twitter:card\" content=\"summary_large_image\" \/>\n<meta name=\"twitter:label1\" content=\"Szacowany czas czytania\" \/>\n\t<meta name=\"twitter:data1\" content=\"1 minuta\" \/>\n<!-- \/ Yoast SEO plugin. -->","yoast_head_json":{"title":"DU\u017bE KOT\u0141Y - Mazzoni","robots":{"index":"index","follow":"follow","max-snippet":"max-snippet:-1","max-image-preview":"max-image-preview:large","max-video-preview":"max-video-preview:-1"},"canonical":"https:\/\/e-mazzoni.it\/pl\/produkt\/duze-kotly\/","og_locale":"pl_PL","og_type":"article","og_title":"DU\u017bE KOT\u0141Y - Mazzoni","og_description":"Maksymalne ogrzewanie i minimalny poziom emisji tlenk\u00f3w azotu do \u015brodowiska. Kot\u0142y Mazzoni s\u0105 synonimem bezpiecze\u0144stwa i jako\u015bci gwarantowanej przez materia\u0142y pierwszego wyboru i konstrukcj\u0119 zaprojektowan\u0105 w celu uzyskania maksymalnej wydajno\u015bci cieplnej, uwa\u017cnie przygl\u0105daj\u0105c si\u0119 oszcz\u0119dzaniu energii oraz nowym przepisom dotycz\u0105cym \u015brodowiska i bezpiecze\u0144stwa. \u00a0 *** Do monta\u017cu kot\u0142\u00f3w w pojazdach podlegaj\u0105cych wibracjom i oscylacjom zalecamy kocio\u0142 z pier\u015bcieniem centruj\u0105cym do blokady cewki \u00a0","og_url":"https:\/\/e-mazzoni.it\/pl\/produkt\/duze-kotly\/","og_site_name":"Mazzoni","article_modified_time":"2026-05-02T02:36:46+00:00","og_image":[{"width":800,"height":800,"url":"https:\/\/e-mazzoni.it\/wp-content\/uploads\/2026\/04\/DOC8605360661.jpg","type":"image\/jpeg"}],"twitter_card":"summary_large_image","twitter_misc":{"Szacowany czas czytania":"1 minuta"},"schema":{"@context":"https:\/\/schema.org","@graph":[{"@type":"WebPage","@id":"https:\/\/e-mazzoni.it\/pl\/produkt\/duze-kotly\/","url":"https:\/\/e-mazzoni.it\/pl\/produkt\/duze-kotly\/","name":"DU\u017bE KOT\u0141Y - Mazzoni","isPartOf":{"@id":"https:\/\/e-mazzoni.it\/pl\/#website"},"primaryImageOfPage":{"@id":"https:\/\/e-mazzoni.it\/pl\/produkt\/duze-kotly\/#primaryimage"},"image":{"@id":"https:\/\/e-mazzoni.it\/pl\/produkt\/duze-kotly\/#primaryimage"},"thumbnailUrl":"https:\/\/e-mazzoni.it\/wp-content\/uploads\/2026\/04\/DOC8605360661.jpg","datePublished":"2024-10-15T06:51:24+00:00","dateModified":"2026-05-02T02:36:46+00:00","breadcrumb":{"@id":"https:\/\/e-mazzoni.it\/pl\/produkt\/duze-kotly\/#breadcrumb"},"inLanguage":"pl-PL","potentialAction":[{"@type":"ReadAction","target":["https:\/\/e-mazzoni.it\/pl\/produkt\/duze-kotly\/"]}]},{"@type":"ImageObject","inLanguage":"pl-PL","@id":"https:\/\/e-mazzoni.it\/pl\/produkt\/duze-kotly\/#primaryimage","url":"https:\/\/e-mazzoni.it\/wp-content\/uploads\/2026\/04\/DOC8605360661.jpg","contentUrl":"https:\/\/e-mazzoni.it\/wp-content\/uploads\/2026\/04\/DOC8605360661.jpg","width":800,"height":800},{"@type":"BreadcrumbList","@id":"https:\/\/e-mazzoni.it\/pl\/produkt\/duze-kotly\/#breadcrumb","itemListElement":[{"@type":"ListItem","position":1,"name":"Home","item":"https:\/\/e-mazzoni.it\/pl\/"},{"@type":"ListItem","position":2,"name":"Produkty","item":"https:\/\/e-mazzoni.it\/pl\/produkty\/"},{"@type":"ListItem","position":3,"name":"DU\u017bE KOT\u0141Y"}]},{"@type":"WebSite","@id":"https:\/\/e-mazzoni.it\/pl\/#website","url":"https:\/\/e-mazzoni.it\/pl\/","name":"Mazzoni","description":"Mazzoni","publisher":{"@id":"https:\/\/e-mazzoni.it\/pl\/#organization"},"potentialAction":[{"@type":"SearchAction","target":{"@type":"EntryPoint","urlTemplate":"https:\/\/e-mazzoni.it\/pl\/?s={search_term_string}"},"query-input":{"@type":"PropertyValueSpecification","valueRequired":true,"valueName":"search_term_string"}}],"inLanguage":"pl-PL"},{"@type":"Organization","@id":"https:\/\/e-mazzoni.it\/pl\/#organization","name":"Mazzoni","url":"https:\/\/e-mazzoni.it\/pl\/","logo":{"@type":"ImageObject","inLanguage":"pl-PL","@id":"https:\/\/e-mazzoni.it\/pl\/#\/schema\/logo\/image\/","url":"https:\/\/e-mazzoni.it\/wp-content\/uploads\/2023\/07\/logo.png","contentUrl":"https:\/\/e-mazzoni.it\/wp-content\/uploads\/2023\/07\/logo.png","width":250,"height":109,"caption":"Mazzoni"},"image":{"@id":"https:\/\/e-mazzoni.it\/pl\/#\/schema\/logo\/image\/"}}]}},"_links":{"self":[{"href":"https:\/\/e-mazzoni.it\/pl\/wp-json\/wp\/v2\/product\/51022","targetHints":{"allow":["GET"]}}],"collection":[{"href":"https:\/\/e-mazzoni.it\/pl\/wp-json\/wp\/v2\/product"}],"about":[{"href":"https:\/\/e-mazzoni.it\/pl\/wp-json\/wp\/v2\/types\/product"}],"wp:featuredmedia":[{"embeddable":true,"href":"https:\/\/e-mazzoni.it\/pl\/wp-json\/wp\/v2\/media\/68165"}],"wp:attachment":[{"href":"https:\/\/e-mazzoni.it\/pl\/wp-json\/wp\/v2\/media?parent=51022"}],"wp:term":[{"taxonomy":"product_brand","embeddable":true,"href":"https:\/\/e-mazzoni.it\/pl\/wp-json\/wp\/v2\/product_brand?post=51022"},{"taxonomy":"product_cat","embeddable":true,"href":"https:\/\/e-mazzoni.it\/pl\/wp-json\/wp\/v2\/product_cat?post=51022"},{"taxonomy":"product_tag","embeddable":true,"href":"https:\/\/e-mazzoni.it\/pl\/wp-json\/wp\/v2\/product_tag?post=51022"}],"curies":[{"name":"wp","href":"https:\/\/api.w.org\/{rel}","templated":true}]}}