{"id":51020,"date":"2024-10-15T06:51:17","date_gmt":"2024-10-15T06:51:17","guid":{"rendered":"https:\/\/e-mazzoni.it\/prodotto\/wsf-heavy-duty\/"},"modified":"2026-05-02T02:35:58","modified_gmt":"2026-05-02T02:35:58","slug":"wsf-heavy-duty","status":"publish","type":"product","link":"https:\/\/e-mazzoni.it\/pl\/produkt\/wsf-heavy-duty\/","title":{"rendered":"WSF HEAVY DUTY"},"content":{"rendered":"<p>Profesjonalna myjka do gor\u0105cej wody. Do czyszczenia pojazd\u00f3w i maszyn oraz wsz\u0119dzie tam, gdzie wymagane jest regularne mycie, sta\u0142y system LINEA WSF oferuje znacz\u0105ce zalety. CHARAKTERYSTYKA TECHNICZNA:<\/p>\n<p>Asynchroniczny silnik elektryczny, ci\u0105g\u0142a praca serii MEC, S1 z ochron\u0105 termiczn\u0105 zintegrowan\u0105 z uzwojeniami. Silnik o wy\u017cszej wydajno\u015bci, a zatem o wysokiej wydajno\u015bci i ni\u017cszym zu\u017cyciu pr\u0105du. Elastyczny staw.<br \/>\nProfesjonalna pompa Mazzoni w linii (z korbowodami) z mosi\u0119\u017cn\u0105 g\u0142owic\u0105 i trzema t\u0142okami ceramicznymi.<br \/>\nKabel elektryczny 5 mt.<br \/>\nW\u0105\u017c wysokoci\u015bnieniowy 10 m<br \/>\nZbiornik wody 10 litr\u00f3w z kontrol\u0105 poziomu<br \/>\nAutomatyczny zaw\u00f3r obej\u015bciowy z regulacj\u0105 ci\u015bnienia<br \/>\nZaw\u00f3r bezpiecze\u0144stwa do nadci\u015bnienia<br \/>\nWska\u017aniki kontroli napi\u0119cia i rezerwy paliwa<br \/>\nLance INOX z automatycznym pistoletem i szybkim mocowaniem akcesori\u00f3w<br \/>\nG\u0142owica dyszy z hartowanej stali i ssania czyszcz\u0105cego<br \/>\nRama ze stali nierdzewnej<br \/>\nKocio\u0142 ze stali nierdzewnej z cewk\u0105 w rurze stalowej, ogranicznik palnika w przypadku braku wody<br \/>\nWentylator z niezale\u017cnym silnikiem<br \/>\nTermostat do kontroli temperatury wody<br \/>\nAnty-wymiarowa pompa diesla.<br \/>\nOlej nap\u0119dowy z kontrol\u0105 poziomu p\u0142ywaka<br \/>\nSystem TST \/ DSS (lub system TVS na \u017c\u0105danie)<br \/>\nKontrola p\u0142omienia<br \/>\nWy\u015bwietlanie licznika<br \/>\nZdalne sterowanie (opcjonalnie)<\/p>\n<div>\n<table style=\"width: 100%\" border=\"1\" id=\"table_options\">\n<tbody>\n<tr>\n<th style=\"color: #fff\" bgcolor=\"#ea2833\">PART NUMBER<\/th>\n<th style=\"color: #fff\" bgcolor=\"#ea2833\">MODEL<\/th>\n<th style=\"color: #fff\" bgcolor=\"#ea2833\">L\/MIN &#8211; 1450 RPM<\/th>\n<th style=\"color: #fff\" bgcolor=\"#ea2833\">GPM &#8211; 1450 RPM<\/th>\n<th style=\"color: #fff\" bgcolor=\"#ea2833\">BAR<\/th>\n<th style=\"color: #fff\" bgcolor=\"#ea2833\">PSI<\/th>\n<th style=\"color: #fff\" bgcolor=\"#ea2833\">RPM 50 HZ<\/th>\n<th style=\"color: #fff\" bgcolor=\"#ea2833\">HP<\/th>\n<th style=\"color: #fff\" bgcolor=\"#ea2833\">KW<\/th>\n<th style=\"color: #fff\" bgcolor=\"#ea2833\">VOLTS<\/th>\n<th style=\"color: #fff\" bgcolor=\"#ea2833\">Hz<\/th>\n<th style=\"color: #fff\" bgcolor=\"#ea2833\">PHASE<\/th>\n<th style=\"color: #fff\" bgcolor=\"#ea2833\">A 50 HZ<\/th>\n<th style=\"color: #fff\" bgcolor=\"#ea2833\">WATER NOZZLE<\/th>\n<th style=\"color: #fff\" bgcolor=\"#ea2833\">KCAL\/H<\/th>\n<th style=\"color: #fff\" bgcolor=\"#ea2833\">DIESEL TANK<\/th>\n<th style=\"color: #fff\" bgcolor=\"#ea2833\">DIESEL TANK (GAL)<\/th>\n<th style=\"color: #fff\" bgcolor=\"#ea2833\">ANTI-LIMESCALE TANK<\/th>\n<th style=\"color: #fff\" bgcolor=\"#ea2833\">ANTI-LIMESCALE TANK (GAL)<\/th>\n<th style=\"color: #fff\" bgcolor=\"#ea2833\">DETERGENT TANK<\/th>\n<th style=\"color: #fff\" bgcolor=\"#ea2833\">DETERGENT TANK (GAL)<\/th>\n<th style=\"color: #fff\" bgcolor=\"#ea2833\">MAX OUTPUT TEMPERATURE<\/th>\n<th style=\"color: #fff\" bgcolor=\"#ea2833\">MAX OUTPUT TEMPERATURE (F)<\/th>\n<\/tr>\n<tr>\n<td align=\"center !important\">3.023.24.333<\/td>\n<td align=\"center !important\">WSF4000<\/td>\n<td align=\"center !important\">15<\/td>\n<td align=\"center !important\">3,9<\/td>\n<td align=\"center !important\">200<\/td>\n<td align=\"center !important\">2900<\/td>\n<td align=\"center !important\">1450<\/td>\n<td align=\"center !important\">7.5<\/td>\n<td align=\"center !important\">5.5<\/td>\n<td align=\"center !important\">400<\/td>\n<td align=\"center !important\">50<\/td>\n<td align=\"center !important\">3<\/td>\n<td align=\"center !important\">11,7<\/td>\n<td align=\"center !important\">1505<\/td>\n<td align=\"center !important\">50.000<\/td>\n<td align=\"center !important\">&#8212;<\/td>\n<td align=\"center !important\">&#8212;<\/td>\n<td align=\"center !important\">&#8212;<\/td>\n<td align=\"center !important\">&#8212;<\/td>\n<td align=\"center !important\">&#8212;<\/td>\n<td align=\"center !important\">&#8212;<\/td>\n<td align=\"center !important\">150\u00b0C<\/td>\n<td align=\"center !important\">302\u00b0F<\/td>\n<\/tr>\n<tr>\n<td align=\"center !important\">3.023.24.334<\/td>\n<td align=\"center !important\">WSF4050<\/td>\n<td align=\"center !important\">21<\/td>\n<td align=\"center !important\">5,5<\/td>\n<td align=\"center !important\">150<\/td>\n<td align=\"center !important\">2175<\/td>\n<td align=\"center !important\">1450<\/td>\n<td align=\"center !important\">7.5<\/td>\n<td align=\"center !important\">5.5<\/td>\n<td align=\"center !important\">400<\/td>\n<td align=\"center !important\">50<\/td>\n<td align=\"center !important\">3<\/td>\n<td align=\"center !important\">11,7<\/td>\n<td align=\"center !important\">15075<\/td>\n<td align=\"center !important\">80.000<\/td>\n<td align=\"center !important\">&#8212;<\/td>\n<td align=\"center !important\">&#8212;<\/td>\n<td align=\"center !important\">&#8212;<\/td>\n<td align=\"center !important\">&#8212;<\/td>\n<td align=\"center !important\">&#8212;<\/td>\n<td align=\"center !important\">&#8212;<\/td>\n<td align=\"center !important\">150\u00b0C<\/td>\n<td align=\"center !important\">302\u00b0F<\/td>\n<\/tr>\n<tr>\n<td align=\"center !important\">3.023.24.335<\/td>\n<td align=\"center !important\">WSF5000<\/td>\n<td align=\"center !important\">21<\/td>\n<td align=\"center !important\">5,5<\/td>\n<td align=\"center !important\">200<\/td>\n<td align=\"center !important\">2900<\/td>\n<td align=\"center !important\">1450<\/td>\n<td align=\"center !important\">10<\/td>\n<td align=\"center !important\">7,5<\/td>\n<td align=\"center !important\">400<\/td>\n<td align=\"center !important\">50<\/td>\n<td align=\"center !important\">3<\/td>\n<td align=\"center !important\">15,5<\/td>\n<td align=\"center !important\">25065<\/td>\n<td align=\"center !important\">80.000<\/td>\n<td align=\"center !important\">&#8212;<\/td>\n<td align=\"center !important\">&#8212;<\/td>\n<td align=\"center !important\">&#8212;<\/td>\n<td align=\"center !important\">&#8212;<\/td>\n<td align=\"center !important\">&#8212;<\/td>\n<td align=\"center !important\">&#8212;<\/td>\n<td align=\"center !important\">150\u00b0C<\/td>\n<td align=\"center !important\">302\u00b0F<\/td>\n<\/tr>\n<tr>\n<td align=\"center !important\">3.023.24.364<\/td>\n<td align=\"center !important\">WSF6000<\/td>\n<td align=\"center !important\">30<\/td>\n<td align=\"center !important\">7,9<\/td>\n<td align=\"center !important\">200<\/td>\n<td align=\"center !important\">2900<\/td>\n<td align=\"center !important\">1450<\/td>\n<td align=\"center !important\">15<\/td>\n<td align=\"center !important\">11<\/td>\n<td align=\"center !important\">230 V<\/td>\n<td align=\"center !important\">50<\/td>\n<td align=\"center !important\">3<\/td>\n<td align=\"center !important\">22,1<\/td>\n<td align=\"center !important\">1510<\/td>\n<td align=\"center !important\">110.000<\/td>\n<td align=\"center !important\">&#8212;<\/td>\n<td align=\"center !important\">&#8212;<\/td>\n<td align=\"center !important\">&#8212;<\/td>\n<td align=\"center !important\">&#8212;<\/td>\n<td align=\"center !important\">&#8212;<\/td>\n<td align=\"center !important\">&#8212;<\/td>\n<td align=\"center !important\">150\u00b0C<\/td>\n<td align=\"center !important\">302\u00b0F<\/td>\n<\/tr>\n<\/tbody>\n<\/table>\n<\/div>\n","protected":false},"excerpt":{"rendered":"<p>Profesjonalny myjka wysokoci\u015bnieniowa. Idealne do czyszczenia chrupi\u0105cego i upartego brudu, dzi\u0119ki ich ci\u015bnieniu i przep\u0142ywowi, wysokoci\u015bnieniowe \u015brodki czyszcz\u0105ce Mazzoni umo\u017cliwiaj\u0105 mycie du\u017cych powierzchni. przy zmniejszonym zu\u017cyciu energii elektrycznej. \u00a0 Zalecane u\u017cycie: Idealny do myjni samochodowych, warsztat\u00f3w i warsztat\u00f3w og\u00f3lnie, a tak\u017ce dla przemys\u0142u, zw\u0142aszcza sektora spo\u017cywczego itp. \u00a0<\/p>\n","protected":false},"featured_media":68155,"template":"","meta":{"zakra_page_container_layout":"customizer","zakra_page_sidebar_layout":"customizer","zakra_remove_content_margin":false,"zakra_sidebar":"customizer","zakra_transparent_header":"customizer","zakra_logo":0,"zakra_main_header_style":"default","zakra_menu_item_color":"","zakra_menu_item_hover_color":"","zakra_menu_item_active_color":"","zakra_menu_active_style":"","zakra_page_header":true},"product_brand":[],"product_cat":[3798],"product_tag":[3644,3660,3668],"class_list":{"0":"post-51020","1":"product","2":"type-product","3":"status-publish","4":"has-post-thumbnail","6":"product_cat-odpady-cisnienia-goracej-wody","7":"product_tag-czyszczenie_pl","8":"product_tag-myjni_samochodowe_pl","9":"product_tag-zywnosci","11":"first","12":"instock","13":"shipping-taxable","14":"product-type-simple"},"yoast_head":"<!-- This site is optimized with the Yoast SEO plugin v27.5 - https:\/\/yoast.com\/product\/yoast-seo-wordpress\/ -->\n<title>WSF HEAVY DUTY - Mazzoni<\/title>\n<meta name=\"robots\" content=\"index, follow, max-snippet:-1, max-image-preview:large, max-video-preview:-1\" \/>\n<link rel=\"canonical\" href=\"https:\/\/e-mazzoni.it\/pl\/produkt\/wsf-heavy-duty\/\" \/>\n<meta property=\"og:locale\" content=\"pl_PL\" \/>\n<meta property=\"og:type\" content=\"article\" \/>\n<meta property=\"og:title\" content=\"WSF HEAVY DUTY - Mazzoni\" \/>\n<meta property=\"og:description\" content=\"Profesjonalny myjka wysokoci\u015bnieniowa. Idealne do czyszczenia chrupi\u0105cego i upartego brudu, dzi\u0119ki ich ci\u015bnieniu i przep\u0142ywowi, wysokoci\u015bnieniowe \u015brodki czyszcz\u0105ce Mazzoni umo\u017cliwiaj\u0105 mycie du\u017cych powierzchni. przy zmniejszonym zu\u017cyciu energii elektrycznej. \u00a0 Zalecane u\u017cycie: Idealny do myjni samochodowych, warsztat\u00f3w i warsztat\u00f3w og\u00f3lnie, a tak\u017ce dla przemys\u0142u, zw\u0142aszcza sektora spo\u017cywczego itp. \u00a0\" \/>\n<meta property=\"og:url\" content=\"https:\/\/e-mazzoni.it\/pl\/produkt\/wsf-heavy-duty\/\" \/>\n<meta property=\"og:site_name\" content=\"Mazzoni\" \/>\n<meta property=\"article:modified_time\" content=\"2026-05-02T02:35:58+00:00\" \/>\n<meta property=\"og:image\" content=\"https:\/\/e-mazzoni.it\/wp-content\/uploads\/2026\/04\/DOC9870583836.jpg\" \/>\n\t<meta property=\"og:image:width\" content=\"800\" \/>\n\t<meta property=\"og:image:height\" content=\"800\" \/>\n\t<meta property=\"og:image:type\" content=\"image\/jpeg\" \/>\n<meta name=\"twitter:card\" content=\"summary_large_image\" \/>\n<meta name=\"twitter:label1\" content=\"Szacowany czas czytania\" \/>\n\t<meta name=\"twitter:data1\" content=\"1 minuta\" \/>\n<!-- \/ Yoast SEO plugin. -->","yoast_head_json":{"title":"WSF HEAVY DUTY - Mazzoni","robots":{"index":"index","follow":"follow","max-snippet":"max-snippet:-1","max-image-preview":"max-image-preview:large","max-video-preview":"max-video-preview:-1"},"canonical":"https:\/\/e-mazzoni.it\/pl\/produkt\/wsf-heavy-duty\/","og_locale":"pl_PL","og_type":"article","og_title":"WSF HEAVY DUTY - Mazzoni","og_description":"Profesjonalny myjka wysokoci\u015bnieniowa. Idealne do czyszczenia chrupi\u0105cego i upartego brudu, dzi\u0119ki ich ci\u015bnieniu i przep\u0142ywowi, wysokoci\u015bnieniowe \u015brodki czyszcz\u0105ce Mazzoni umo\u017cliwiaj\u0105 mycie du\u017cych powierzchni. przy zmniejszonym zu\u017cyciu energii elektrycznej. \u00a0 Zalecane u\u017cycie: Idealny do myjni samochodowych, warsztat\u00f3w i warsztat\u00f3w og\u00f3lnie, a tak\u017ce dla przemys\u0142u, zw\u0142aszcza sektora spo\u017cywczego itp. \u00a0","og_url":"https:\/\/e-mazzoni.it\/pl\/produkt\/wsf-heavy-duty\/","og_site_name":"Mazzoni","article_modified_time":"2026-05-02T02:35:58+00:00","og_image":[{"width":800,"height":800,"url":"https:\/\/e-mazzoni.it\/wp-content\/uploads\/2026\/04\/DOC9870583836.jpg","type":"image\/jpeg"}],"twitter_card":"summary_large_image","twitter_misc":{"Szacowany czas czytania":"1 minuta"},"schema":{"@context":"https:\/\/schema.org","@graph":[{"@type":"WebPage","@id":"https:\/\/e-mazzoni.it\/pl\/produkt\/wsf-heavy-duty\/","url":"https:\/\/e-mazzoni.it\/pl\/produkt\/wsf-heavy-duty\/","name":"WSF HEAVY DUTY - Mazzoni","isPartOf":{"@id":"https:\/\/e-mazzoni.it\/pl\/#website"},"primaryImageOfPage":{"@id":"https:\/\/e-mazzoni.it\/pl\/produkt\/wsf-heavy-duty\/#primaryimage"},"image":{"@id":"https:\/\/e-mazzoni.it\/pl\/produkt\/wsf-heavy-duty\/#primaryimage"},"thumbnailUrl":"https:\/\/e-mazzoni.it\/wp-content\/uploads\/2026\/04\/DOC9870583836.jpg","datePublished":"2024-10-15T06:51:17+00:00","dateModified":"2026-05-02T02:35:58+00:00","breadcrumb":{"@id":"https:\/\/e-mazzoni.it\/pl\/produkt\/wsf-heavy-duty\/#breadcrumb"},"inLanguage":"pl-PL","potentialAction":[{"@type":"ReadAction","target":["https:\/\/e-mazzoni.it\/pl\/produkt\/wsf-heavy-duty\/"]}]},{"@type":"ImageObject","inLanguage":"pl-PL","@id":"https:\/\/e-mazzoni.it\/pl\/produkt\/wsf-heavy-duty\/#primaryimage","url":"https:\/\/e-mazzoni.it\/wp-content\/uploads\/2026\/04\/DOC9870583836.jpg","contentUrl":"https:\/\/e-mazzoni.it\/wp-content\/uploads\/2026\/04\/DOC9870583836.jpg","width":800,"height":800},{"@type":"BreadcrumbList","@id":"https:\/\/e-mazzoni.it\/pl\/produkt\/wsf-heavy-duty\/#breadcrumb","itemListElement":[{"@type":"ListItem","position":1,"name":"Home","item":"https:\/\/e-mazzoni.it\/pl\/"},{"@type":"ListItem","position":2,"name":"Produkty","item":"https:\/\/e-mazzoni.it\/pl\/produkty\/"},{"@type":"ListItem","position":3,"name":"WSF HEAVY DUTY"}]},{"@type":"WebSite","@id":"https:\/\/e-mazzoni.it\/pl\/#website","url":"https:\/\/e-mazzoni.it\/pl\/","name":"Mazzoni","description":"Mazzoni","publisher":{"@id":"https:\/\/e-mazzoni.it\/pl\/#organization"},"potentialAction":[{"@type":"SearchAction","target":{"@type":"EntryPoint","urlTemplate":"https:\/\/e-mazzoni.it\/pl\/?s={search_term_string}"},"query-input":{"@type":"PropertyValueSpecification","valueRequired":true,"valueName":"search_term_string"}}],"inLanguage":"pl-PL"},{"@type":"Organization","@id":"https:\/\/e-mazzoni.it\/pl\/#organization","name":"Mazzoni","url":"https:\/\/e-mazzoni.it\/pl\/","logo":{"@type":"ImageObject","inLanguage":"pl-PL","@id":"https:\/\/e-mazzoni.it\/pl\/#\/schema\/logo\/image\/","url":"https:\/\/e-mazzoni.it\/wp-content\/uploads\/2023\/07\/logo.png","contentUrl":"https:\/\/e-mazzoni.it\/wp-content\/uploads\/2023\/07\/logo.png","width":250,"height":109,"caption":"Mazzoni"},"image":{"@id":"https:\/\/e-mazzoni.it\/pl\/#\/schema\/logo\/image\/"}}]}},"_links":{"self":[{"href":"https:\/\/e-mazzoni.it\/pl\/wp-json\/wp\/v2\/product\/51020","targetHints":{"allow":["GET"]}}],"collection":[{"href":"https:\/\/e-mazzoni.it\/pl\/wp-json\/wp\/v2\/product"}],"about":[{"href":"https:\/\/e-mazzoni.it\/pl\/wp-json\/wp\/v2\/types\/product"}],"wp:featuredmedia":[{"embeddable":true,"href":"https:\/\/e-mazzoni.it\/pl\/wp-json\/wp\/v2\/media\/68155"}],"wp:attachment":[{"href":"https:\/\/e-mazzoni.it\/pl\/wp-json\/wp\/v2\/media?parent=51020"}],"wp:term":[{"taxonomy":"product_brand","embeddable":true,"href":"https:\/\/e-mazzoni.it\/pl\/wp-json\/wp\/v2\/product_brand?post=51020"},{"taxonomy":"product_cat","embeddable":true,"href":"https:\/\/e-mazzoni.it\/pl\/wp-json\/wp\/v2\/product_cat?post=51020"},{"taxonomy":"product_tag","embeddable":true,"href":"https:\/\/e-mazzoni.it\/pl\/wp-json\/wp\/v2\/product_tag?post=51020"}],"curies":[{"name":"wp","href":"https:\/\/api.w.org\/{rel}","templated":true}]}}