{"id":51018,"date":"2024-10-15T06:51:11","date_gmt":"2024-10-15T06:51:11","guid":{"rendered":"https:\/\/e-mazzoni.it\/prodotto\/wx-heavy-duty\/"},"modified":"2026-05-02T02:35:17","modified_gmt":"2026-05-02T02:35:17","slug":"wx-heavy-duty","status":"publish","type":"product","link":"https:\/\/e-mazzoni.it\/pl\/produkt\/wx-heavy-duty\/","title":{"rendered":"WX HEAVY DUTY"},"content":{"rendered":"<p>Podk\u0142adki wysokoci\u015bnieniowe serii WX, przeznaczone do profesjonalnego i intensywnego u\u017cytkowania, s\u0105 zaprojektowane do: &#8211; odporno\u015bci na wstrz\u0105sy i korozj\u0119 dzi\u0119ki malowanej stalowej ramie; &#8211; zmniejszy\u0107 zu\u017cycie i emisje, gwarantowane przez wysokowydajne silniki i kot\u0142y zbudowane bezpo\u015brednio przez Mazzoni; &#8211; pracuj bezpiecznie: kot\u0142y z blokiem palnika w przypadku braku wody, nadci\u015bnienia zaworu bezpiecze\u0144stwa i kontroli p\u0142omienia. CHARAKTERYSTYKA TECHNICZNA:<\/p>\n<p>Asynchroniczny silnik elektryczny, ci\u0105g\u0142a praca serii MEC, S1 z ochron\u0105 termiczn\u0105 zintegrowan\u0105 z uzwojeniami. Silnik o wy\u017cszej wydajno\u015bci, a zatem o wysokiej wydajno\u015bci i ni\u017cszym zu\u017cyciu pr\u0105du. Elastyczny staw.<br \/>\nProfesjonalna pompa Mazzoni w linii (z korbowodami) z mosi\u0119\u017cn\u0105 g\u0142owic\u0105 i trzema t\u0142okami ceramicznymi.<br \/>\nKabel elektryczny 5 m.<br \/>\nW\u0105\u017c wysokoci\u015bnieniowy 10 m<br \/>\nZbiornik zasilaj\u0105cy o pojemno\u015bci 30 litr\u00f3w z podw\u00f3jnym p\u0142ywakiem<br \/>\nAutomatyczny zaw\u00f3r obej\u015bciowy z regulacj\u0105 ci\u015bnienia<br \/>\nZaw\u00f3r bezpiecze\u0144stwa do nadci\u015bnienia<br \/>\nWska\u017aniki kontroli napi\u0119cia i rezerwy paliwa<br \/>\nUrz\u0105dzenie antyskalowe ze zbiornikiem 1,5 l<br \/>\nLanca ze stali nierdzewnej z automatycznym pistoletem i szybkim mocowaniem akcesori\u00f3w<br \/>\nG\u0142owica dyszowa z hartowanej stali i zasysaj\u0105ca do czyszczenia pod wysokim ci\u015bnieniem<br \/>\nMalowana stalowa rama ze skorup\u0105 ze stali nierdzewnej<br \/>\nKocio\u0142 ze stali nierdzewnej z cewk\u0105 w rurze stalowej, ogranicznik palnika w przypadku braku wody<br \/>\nWentylator z niezale\u017cnym silnikiem<br \/>\nTermostat do kontroli temperatury wody<br \/>\nAnty-wymiarowa pompa diesla.<br \/>\nOlej nap\u0119dowy z kontrol\u0105 poziomu p\u0142ywaka<br \/>\nSystem TST \/ DSS (lub system TVS na \u017c\u0105danie)<br \/>\nZbiornik czyszcz\u0105cy 5 l<br \/>\nZbiornik oleju nap\u0119dowego 25 l<br \/>\nWy\u015bwietlanie licznika<br \/>\nHamulec postojowy<br \/>\nKontrola p\u0142omienia<\/p>\n<div>\n<table style=\"width: 100%\" border=\"1\" id=\"table_options\">\n<tbody>\n<tr>\n<th style=\"color: #fff\" bgcolor=\"#ea2833\">PART NUMBER<\/th>\n<th style=\"color: #fff\" bgcolor=\"#ea2833\">MODEL<\/th>\n<th style=\"color: #fff\" bgcolor=\"#ea2833\">L\/MIN &#8211; 1450 RPM<\/th>\n<th style=\"color: #fff\" bgcolor=\"#ea2833\">GPM &#8211; 1450 RPM<\/th>\n<th style=\"color: #fff\" bgcolor=\"#ea2833\">BAR<\/th>\n<th style=\"color: #fff\" bgcolor=\"#ea2833\">PSI<\/th>\n<th style=\"color: #fff\" bgcolor=\"#ea2833\">RPM 50 HZ<\/th>\n<th style=\"color: #fff\" bgcolor=\"#ea2833\">HP<\/th>\n<th style=\"color: #fff\" bgcolor=\"#ea2833\">KW<\/th>\n<th style=\"color: #fff\" bgcolor=\"#ea2833\">VOLTS<\/th>\n<th style=\"color: #fff\" bgcolor=\"#ea2833\">Hz<\/th>\n<th style=\"color: #fff\" bgcolor=\"#ea2833\">PHASE<\/th>\n<th style=\"color: #fff\" bgcolor=\"#ea2833\">A 50 HZ<\/th>\n<th style=\"color: #fff\" bgcolor=\"#ea2833\">WATER NOZZLE<\/th>\n<th style=\"color: #fff\" bgcolor=\"#ea2833\">KCAL\/H<\/th>\n<th style=\"color: #fff\" bgcolor=\"#ea2833\">DIESEL TANK<\/th>\n<th style=\"color: #fff\" bgcolor=\"#ea2833\">DIESEL TANK (GAL)<\/th>\n<th style=\"color: #fff\" bgcolor=\"#ea2833\">ANTI-LIMESCALE TANK<\/th>\n<th style=\"color: #fff\" bgcolor=\"#ea2833\">ANTI-LIMESCALE TANK (GAL)<\/th>\n<th style=\"color: #fff\" bgcolor=\"#ea2833\">DETERGENT TANK<\/th>\n<th style=\"color: #fff\" bgcolor=\"#ea2833\">DETERGENT TANK (GAL)<\/th>\n<th style=\"color: #fff\" bgcolor=\"#ea2833\">MAX OUTPUT TEMPERATURE<\/th>\n<th style=\"color: #fff\" bgcolor=\"#ea2833\">MAX OUTPUT TEMPERATURE (F)<\/th>\n<\/tr>\n<tr>\n<td align=\"center !important\">3.023.24.331<\/td>\n<td align=\"center !important\">WX4000<\/td>\n<td align=\"center !important\">15<\/td>\n<td align=\"center !important\">3,9<\/td>\n<td align=\"center !important\">200<\/td>\n<td align=\"center !important\">2900<\/td>\n<td align=\"center !important\">1450<\/td>\n<td align=\"center !important\">7,7<\/td>\n<td align=\"center !important\">5.7<\/td>\n<td align=\"center !important\">400<\/td>\n<td align=\"center !important\">50<\/td>\n<td align=\"center !important\">3<\/td>\n<td align=\"center !important\">11,7<\/td>\n<td align=\"center !important\">15045<\/td>\n<td align=\"center !important\">50.000<\/td>\n<td align=\"center !important\">30L<\/td>\n<td align=\"center !important\">8 gal<\/td>\n<td align=\"center !important\">1,5L<\/td>\n<td align=\"center !important\">0,4 gal<\/td>\n<td align=\"center !important\">5 L<\/td>\n<td align=\"center !important\">1,3 gal<\/td>\n<td align=\"center !important\">150\u00b0C<\/td>\n<td align=\"center !important\">302\u00b0F<\/td>\n<\/tr>\n<tr>\n<td align=\"center !important\">3.023.24.327<\/td>\n<td align=\"center !important\">WX5000<\/td>\n<td align=\"center !important\">21<\/td>\n<td align=\"center !important\">5,5<\/td>\n<td align=\"center !important\">200<\/td>\n<td align=\"center !important\">2900<\/td>\n<td align=\"center !important\">1450<\/td>\n<td align=\"center !important\">10,3<\/td>\n<td align=\"center !important\">7,7<\/td>\n<td align=\"center !important\">400<\/td>\n<td align=\"center !important\">50<\/td>\n<td align=\"center !important\">3<\/td>\n<td align=\"center !important\">15,5<\/td>\n<td align=\"center !important\">1507<\/td>\n<td align=\"center !important\">80.000<\/td>\n<td align=\"center !important\">30L<\/td>\n<td align=\"center !important\">8 gal<\/td>\n<td align=\"center !important\">1,5L<\/td>\n<td align=\"center !important\">0,4 gal<\/td>\n<td align=\"center !important\">5 L<\/td>\n<td align=\"center !important\">1,3 gal<\/td>\n<td align=\"center !important\">150\u00b0<\/td>\n<td align=\"center !important\">302\u00b0F<\/td>\n<\/tr>\n<tr>\n<td align=\"center !important\">3.023.24.363<\/td>\n<td align=\"center !important\">WX6000<\/td>\n<td align=\"center !important\">30<\/td>\n<td align=\"center !important\">7,9<\/td>\n<td align=\"center !important\">200<\/td>\n<td align=\"center !important\">2900<\/td>\n<td align=\"center !important\">1450<\/td>\n<td align=\"center !important\">15,5<\/td>\n<td align=\"center !important\">11,3<\/td>\n<td align=\"center !important\">230 V<\/td>\n<td align=\"center !important\">50<\/td>\n<td align=\"center !important\">3<\/td>\n<td align=\"center !important\">22,1<\/td>\n<td align=\"center !important\">1510<\/td>\n<td align=\"center !important\">110.000<\/td>\n<td align=\"center !important\">30L<\/td>\n<td align=\"center !important\">8 gal<\/td>\n<td align=\"center !important\">1,5L<\/td>\n<td align=\"center !important\">0,4 gal<\/td>\n<td align=\"center !important\">16L<\/td>\n<td align=\"center !important\">4,2 gal<\/td>\n<td align=\"center !important\">150\u00b0<\/td>\n<td align=\"center !important\">302\u00b0F<\/td>\n<\/tr>\n<\/tbody>\n<\/table>\n<\/div>\n","protected":false},"excerpt":{"rendered":"<p>Maszyna zosta\u0142a zbudowana do u\u017cytku w wysoce profesjonalnych \u015brodowiskach pracy. Malowana stalowa rama i stalowa pokrywa STAINLESS sprawiaj\u0105, \u017ce jest wyj\u0105tkowo wytrzyma\u0142a i odporna na korozj\u0119. Silnik elektryczny z elastycznym sprz\u0119g\u0142em i ochron\u0105 termiczn\u0105, kocio\u0142 o wysokiej wydajno\u015bci i niskim zu\u017cyciu paliwa z emisj\u0105 spalin znacznie poni\u017cej limit\u00f3w przewidzianych w normach wsp\u00f3lnotowych. \u00a0 Zalecane zastosowanie: rolnictwo, warsztaty mechaniczne, przemys\u0142 metalurgiczny, transport i stocznie itp. \u00a0<\/p>\n","protected":false},"featured_media":68145,"template":"","meta":{"zakra_page_container_layout":"customizer","zakra_page_sidebar_layout":"customizer","zakra_remove_content_margin":false,"zakra_sidebar":"customizer","zakra_transparent_header":"customizer","zakra_logo":0,"zakra_main_header_style":"default","zakra_menu_item_color":"","zakra_menu_item_hover_color":"","zakra_menu_item_active_color":"","zakra_menu_active_style":"","zakra_page_header":true},"product_brand":[],"product_cat":[3798],"product_tag":[3684,3660,3700],"class_list":{"0":"post-51018","1":"product","2":"type-product","3":"status-publish","4":"has-post-thumbnail","6":"product_cat-odpady-cisnienia-goracej-wody","7":"product_tag-budownictwo_pl","8":"product_tag-myjni_samochodowe_pl","9":"product_tag-stoczniowym_pl","11":"first","12":"instock","13":"shipping-taxable","14":"product-type-simple"},"yoast_head":"<!-- This site is optimized with the Yoast SEO plugin v27.5 - https:\/\/yoast.com\/product\/yoast-seo-wordpress\/ -->\n<title>WX HEAVY DUTY - Mazzoni<\/title>\n<meta name=\"robots\" content=\"index, follow, max-snippet:-1, max-image-preview:large, max-video-preview:-1\" \/>\n<link rel=\"canonical\" href=\"https:\/\/e-mazzoni.it\/pl\/produkt\/wx-heavy-duty\/\" \/>\n<meta property=\"og:locale\" content=\"pl_PL\" \/>\n<meta property=\"og:type\" content=\"article\" \/>\n<meta property=\"og:title\" content=\"WX HEAVY DUTY - Mazzoni\" \/>\n<meta property=\"og:description\" content=\"Maszyna zosta\u0142a zbudowana do u\u017cytku w wysoce profesjonalnych \u015brodowiskach pracy. Malowana stalowa rama i stalowa pokrywa STAINLESS sprawiaj\u0105, \u017ce jest wyj\u0105tkowo wytrzyma\u0142a i odporna na korozj\u0119. Silnik elektryczny z elastycznym sprz\u0119g\u0142em i ochron\u0105 termiczn\u0105, kocio\u0142 o wysokiej wydajno\u015bci i niskim zu\u017cyciu paliwa z emisj\u0105 spalin znacznie poni\u017cej limit\u00f3w przewidzianych w normach wsp\u00f3lnotowych. \u00a0 Zalecane zastosowanie: rolnictwo, warsztaty mechaniczne, przemys\u0142 metalurgiczny, transport i stocznie itp. \u00a0\" \/>\n<meta property=\"og:url\" content=\"https:\/\/e-mazzoni.it\/pl\/produkt\/wx-heavy-duty\/\" \/>\n<meta property=\"og:site_name\" content=\"Mazzoni\" \/>\n<meta property=\"article:modified_time\" content=\"2026-05-02T02:35:17+00:00\" \/>\n<meta property=\"og:image\" content=\"https:\/\/e-mazzoni.it\/wp-content\/uploads\/2026\/04\/DOC9440367147.jpg\" \/>\n\t<meta property=\"og:image:width\" content=\"800\" \/>\n\t<meta property=\"og:image:height\" content=\"800\" \/>\n\t<meta property=\"og:image:type\" content=\"image\/jpeg\" \/>\n<meta name=\"twitter:card\" content=\"summary_large_image\" \/>\n<meta name=\"twitter:label1\" content=\"Szacowany czas czytania\" \/>\n\t<meta name=\"twitter:data1\" content=\"2 minuty\" \/>\n<!-- \/ Yoast SEO plugin. -->","yoast_head_json":{"title":"WX HEAVY DUTY - Mazzoni","robots":{"index":"index","follow":"follow","max-snippet":"max-snippet:-1","max-image-preview":"max-image-preview:large","max-video-preview":"max-video-preview:-1"},"canonical":"https:\/\/e-mazzoni.it\/pl\/produkt\/wx-heavy-duty\/","og_locale":"pl_PL","og_type":"article","og_title":"WX HEAVY DUTY - Mazzoni","og_description":"Maszyna zosta\u0142a zbudowana do u\u017cytku w wysoce profesjonalnych \u015brodowiskach pracy. Malowana stalowa rama i stalowa pokrywa STAINLESS sprawiaj\u0105, \u017ce jest wyj\u0105tkowo wytrzyma\u0142a i odporna na korozj\u0119. Silnik elektryczny z elastycznym sprz\u0119g\u0142em i ochron\u0105 termiczn\u0105, kocio\u0142 o wysokiej wydajno\u015bci i niskim zu\u017cyciu paliwa z emisj\u0105 spalin znacznie poni\u017cej limit\u00f3w przewidzianych w normach wsp\u00f3lnotowych. \u00a0 Zalecane zastosowanie: rolnictwo, warsztaty mechaniczne, przemys\u0142 metalurgiczny, transport i stocznie itp. \u00a0","og_url":"https:\/\/e-mazzoni.it\/pl\/produkt\/wx-heavy-duty\/","og_site_name":"Mazzoni","article_modified_time":"2026-05-02T02:35:17+00:00","og_image":[{"width":800,"height":800,"url":"https:\/\/e-mazzoni.it\/wp-content\/uploads\/2026\/04\/DOC9440367147.jpg","type":"image\/jpeg"}],"twitter_card":"summary_large_image","twitter_misc":{"Szacowany czas czytania":"2 minuty"},"schema":{"@context":"https:\/\/schema.org","@graph":[{"@type":"WebPage","@id":"https:\/\/e-mazzoni.it\/pl\/produkt\/wx-heavy-duty\/","url":"https:\/\/e-mazzoni.it\/pl\/produkt\/wx-heavy-duty\/","name":"WX HEAVY DUTY - Mazzoni","isPartOf":{"@id":"https:\/\/e-mazzoni.it\/pl\/#website"},"primaryImageOfPage":{"@id":"https:\/\/e-mazzoni.it\/pl\/produkt\/wx-heavy-duty\/#primaryimage"},"image":{"@id":"https:\/\/e-mazzoni.it\/pl\/produkt\/wx-heavy-duty\/#primaryimage"},"thumbnailUrl":"https:\/\/e-mazzoni.it\/wp-content\/uploads\/2026\/04\/DOC9440367147.jpg","datePublished":"2024-10-15T06:51:11+00:00","dateModified":"2026-05-02T02:35:17+00:00","breadcrumb":{"@id":"https:\/\/e-mazzoni.it\/pl\/produkt\/wx-heavy-duty\/#breadcrumb"},"inLanguage":"pl-PL","potentialAction":[{"@type":"ReadAction","target":["https:\/\/e-mazzoni.it\/pl\/produkt\/wx-heavy-duty\/"]}]},{"@type":"ImageObject","inLanguage":"pl-PL","@id":"https:\/\/e-mazzoni.it\/pl\/produkt\/wx-heavy-duty\/#primaryimage","url":"https:\/\/e-mazzoni.it\/wp-content\/uploads\/2026\/04\/DOC9440367147.jpg","contentUrl":"https:\/\/e-mazzoni.it\/wp-content\/uploads\/2026\/04\/DOC9440367147.jpg","width":800,"height":800},{"@type":"BreadcrumbList","@id":"https:\/\/e-mazzoni.it\/pl\/produkt\/wx-heavy-duty\/#breadcrumb","itemListElement":[{"@type":"ListItem","position":1,"name":"Home","item":"https:\/\/e-mazzoni.it\/pl\/"},{"@type":"ListItem","position":2,"name":"Produkty","item":"https:\/\/e-mazzoni.it\/pl\/produkty\/"},{"@type":"ListItem","position":3,"name":"WX HEAVY DUTY"}]},{"@type":"WebSite","@id":"https:\/\/e-mazzoni.it\/pl\/#website","url":"https:\/\/e-mazzoni.it\/pl\/","name":"Mazzoni","description":"Mazzoni","publisher":{"@id":"https:\/\/e-mazzoni.it\/pl\/#organization"},"potentialAction":[{"@type":"SearchAction","target":{"@type":"EntryPoint","urlTemplate":"https:\/\/e-mazzoni.it\/pl\/?s={search_term_string}"},"query-input":{"@type":"PropertyValueSpecification","valueRequired":true,"valueName":"search_term_string"}}],"inLanguage":"pl-PL"},{"@type":"Organization","@id":"https:\/\/e-mazzoni.it\/pl\/#organization","name":"Mazzoni","url":"https:\/\/e-mazzoni.it\/pl\/","logo":{"@type":"ImageObject","inLanguage":"pl-PL","@id":"https:\/\/e-mazzoni.it\/pl\/#\/schema\/logo\/image\/","url":"https:\/\/e-mazzoni.it\/wp-content\/uploads\/2023\/07\/logo.png","contentUrl":"https:\/\/e-mazzoni.it\/wp-content\/uploads\/2023\/07\/logo.png","width":250,"height":109,"caption":"Mazzoni"},"image":{"@id":"https:\/\/e-mazzoni.it\/pl\/#\/schema\/logo\/image\/"}}]}},"_links":{"self":[{"href":"https:\/\/e-mazzoni.it\/pl\/wp-json\/wp\/v2\/product\/51018","targetHints":{"allow":["GET"]}}],"collection":[{"href":"https:\/\/e-mazzoni.it\/pl\/wp-json\/wp\/v2\/product"}],"about":[{"href":"https:\/\/e-mazzoni.it\/pl\/wp-json\/wp\/v2\/types\/product"}],"wp:featuredmedia":[{"embeddable":true,"href":"https:\/\/e-mazzoni.it\/pl\/wp-json\/wp\/v2\/media\/68145"}],"wp:attachment":[{"href":"https:\/\/e-mazzoni.it\/pl\/wp-json\/wp\/v2\/media?parent=51018"}],"wp:term":[{"taxonomy":"product_brand","embeddable":true,"href":"https:\/\/e-mazzoni.it\/pl\/wp-json\/wp\/v2\/product_brand?post=51018"},{"taxonomy":"product_cat","embeddable":true,"href":"https:\/\/e-mazzoni.it\/pl\/wp-json\/wp\/v2\/product_cat?post=51018"},{"taxonomy":"product_tag","embeddable":true,"href":"https:\/\/e-mazzoni.it\/pl\/wp-json\/wp\/v2\/product_tag?post=51018"}],"curies":[{"name":"wp","href":"https:\/\/api.w.org\/{rel}","templated":true}]}}