{"id":51006,"date":"2024-10-15T06:50:26","date_gmt":"2024-10-15T06:50:26","guid":{"rendered":"https:\/\/e-mazzoni.it\/prodotto\/ks-heavy-duty\/"},"modified":"2026-05-02T02:30:51","modified_gmt":"2026-05-02T02:30:51","slug":"ks-heavy-duty","status":"publish","type":"product","link":"https:\/\/e-mazzoni.it\/pl\/produkt\/ks-heavy-duty\/","title":{"rendered":"KS HEAVY DUTY"},"content":{"rendered":"<p>Oczyszczacz wysokoci\u015bnieniowy KS zimnej wody idealny do usuwania wszelkiego rodzaju brudu. Sta\u0142e jednostki zimnej wody z serii KS zosta\u0142y zaprojektowane w celu zagwarantowania profesjonalnych rezultat\u00f3w, nawet w przypadku zabrudzenia oraz codziennego i ci\u0105g\u0142ego u\u017cytkowania. Jego w\u0142a\u015bciwo\u015bci sprawiaj\u0105, \u017ce nadaje si\u0119 do stosowania w myjniach samochodowych i og\u00f3lnie w przemy\u015ble.<\/p>\n<p>Asynchroniczny silnik elektryczny, ci\u0105g\u0142a praca serii MEC, S1 z ochron\u0105 termiczn\u0105 zintegrowan\u0105 z uzwojeniami. Silnik o wy\u017cszej wydajno\u015bci, a zatem o wysokiej wydajno\u015bci i ni\u017cszym zu\u017cyciu pr\u0105du. Elastyczny staw.<br \/>\nProfesjonalna pompa rz\u0119dowa Mazzoni (pr\u0119t \u0142\u0105cz\u0105cy) z mosi\u0119\u017cn\u0105 g\u0142owic\u0105 i trzema t\u0142okami ceramicznymi.<br \/>\nRama pomalowana<br \/>\nLicznik wewn\u0119trzny<br \/>\nP\u0142uca hydropneumatyczne<br \/>\nAkcesoria na \u017cyczenie \u201d<\/p>\n<div>\n<table style=\"width: 100%\" border=\"1\" id=\"table_options\">\n<tbody>\n<tr>\n<th style=\"color: #fff\" bgcolor=\"#ea2833\">PART NUMBER<\/th>\n<th style=\"color: #fff\" bgcolor=\"#ea2833\">MODEL<\/th>\n<th style=\"color: #fff\" bgcolor=\"#ea2833\">L\/MIN &#8211; 1450 RPM<\/th>\n<th style=\"color: #fff\" bgcolor=\"#ea2833\">GPM &#8211; 1450 RPM<\/th>\n<th style=\"color: #fff\" bgcolor=\"#ea2833\">BAR<\/th>\n<th style=\"color: #fff\" bgcolor=\"#ea2833\">PSI<\/th>\n<th style=\"color: #fff\" bgcolor=\"#ea2833\">RPM 50 HZ<\/th>\n<th style=\"color: #fff\" bgcolor=\"#ea2833\">HP<\/th>\n<th style=\"color: #fff\" bgcolor=\"#ea2833\">KW<\/th>\n<th style=\"color: #fff\" bgcolor=\"#ea2833\">VOLTS<\/th>\n<th style=\"color: #fff\" bgcolor=\"#ea2833\">Hz<\/th>\n<th style=\"color: #fff\" bgcolor=\"#ea2833\">PHASE<\/th>\n<th style=\"color: #fff\" bgcolor=\"#ea2833\">A 50 HZ<\/th>\n<th style=\"color: #fff\" bgcolor=\"#ea2833\">WATER NOZZLE<\/th>\n<th style=\"color: #fff\" bgcolor=\"#ea2833\">DETERGENT TANK<\/th>\n<th style=\"color: #fff\" bgcolor=\"#ea2833\">DETERGENT TANK (GAL)<\/th>\n<th style=\"color: #fff\" bgcolor=\"#ea2833\">MAX OUTPUT TEMPERATURE<\/th>\n<th style=\"color: #fff\" bgcolor=\"#ea2833\">MAX OUTPUT TEMPERATURE (F)<\/th>\n<\/tr>\n<tr>\n<td align=\"center !important\">3.023.14.348<\/td>\n<td align=\"center !important\">KS400<\/td>\n<td align=\"center !important\">15<\/td>\n<td align=\"center !important\">3,9<\/td>\n<td align=\"center !important\">200<\/td>\n<td align=\"center !important\">2900<\/td>\n<td align=\"center !important\">1450<\/td>\n<td align=\"center !important\">7,5<\/td>\n<td align=\"center !important\">5.5<\/td>\n<td align=\"center !important\">400<\/td>\n<td align=\"center !important\">50<\/td>\n<td align=\"center !important\">3<\/td>\n<td align=\"center !important\">11<\/td>\n<td align=\"center !important\">15045<\/td>\n<td align=\"center !important\">&#8212;<\/td>\n<td align=\"center !important\">&#8212;<\/td>\n<td align=\"center !important\">65\u00b0C<\/td>\n<td align=\"center !important\">149\u00b0F<\/td>\n<\/tr>\n<tr>\n<td align=\"center !important\">3.023.14.349<\/td>\n<td align=\"center !important\">KS450<\/td>\n<td align=\"center !important\">21<\/td>\n<td align=\"center !important\">5,5<\/td>\n<td align=\"center !important\">150<\/td>\n<td align=\"center !important\">2175<\/td>\n<td align=\"center !important\">1450<\/td>\n<td align=\"center !important\">7,5<\/td>\n<td align=\"center !important\">5.5<\/td>\n<td align=\"center !important\">400<\/td>\n<td align=\"center !important\">50<\/td>\n<td align=\"center !important\">3<\/td>\n<td align=\"center !important\">11<\/td>\n<td align=\"center !important\">1508<\/td>\n<td align=\"center !important\">&#8212;<\/td>\n<td align=\"center !important\">&#8212;<\/td>\n<td align=\"center !important\">65\u00b0C<\/td>\n<td align=\"center !important\">149\u00b0F<\/td>\n<\/tr>\n<tr>\n<td align=\"center !important\">3.023.14.350<\/td>\n<td align=\"center !important\">KS500<\/td>\n<td align=\"center !important\">21<\/td>\n<td align=\"center !important\">5,5<\/td>\n<td align=\"center !important\">200<\/td>\n<td align=\"center !important\">2900<\/td>\n<td align=\"center !important\">1450<\/td>\n<td align=\"center !important\">10<\/td>\n<td align=\"center !important\">7,5<\/td>\n<td align=\"center !important\">400<\/td>\n<td align=\"center !important\">50<\/td>\n<td align=\"center !important\">3<\/td>\n<td align=\"center !important\">14,7<\/td>\n<td align=\"center !important\">15065<\/td>\n<td align=\"center !important\">&#8212;<\/td>\n<td align=\"center !important\">&#8212;<\/td>\n<td align=\"center !important\">65\u00b0C<\/td>\n<td align=\"center !important\">149\u00b0F<\/td>\n<\/tr>\n<tr>\n<td align=\"center !important\">3.023.14.403<\/td>\n<td align=\"center !important\">KS600<\/td>\n<td align=\"center !important\">30<\/td>\n<td align=\"center !important\">7,9<\/td>\n<td align=\"center !important\">200<\/td>\n<td align=\"center !important\">2900<\/td>\n<td align=\"center !important\">1450<\/td>\n<td align=\"center !important\">15<\/td>\n<td align=\"center !important\">11<\/td>\n<td align=\"center !important\">230 V<\/td>\n<td align=\"center !important\">50<\/td>\n<td align=\"center !important\">3<\/td>\n<td align=\"center !important\">21<\/td>\n<td align=\"center !important\">1510<\/td>\n<td align=\"center !important\">&#8212;<\/td>\n<td align=\"center !important\">&#8212;<\/td>\n<td align=\"center !important\">65\u00b0C<\/td>\n<td align=\"center !important\">149\u00b0F<\/td>\n<\/tr>\n<\/tbody>\n<\/table>\n<\/div>\n","protected":false},"excerpt":{"rendered":"<p>Nowa myjka do zimnej wody KS idealna do usuwania wszelkiego rodzaju brudu. Zalecane u\u017cycie: warsztaty, obszary us\u0142ug, myjnie samochodowe itp.<\/p>\n","protected":false},"featured_media":68095,"template":"","meta":{"zakra_page_container_layout":"customizer","zakra_page_sidebar_layout":"customizer","zakra_remove_content_margin":false,"zakra_sidebar":"customizer","zakra_transparent_header":"customizer","zakra_logo":0,"zakra_main_header_style":"default","zakra_menu_item_color":"","zakra_menu_item_hover_color":"","zakra_menu_item_active_color":"","zakra_menu_active_style":"","zakra_page_header":true},"product_brand":[],"product_cat":[3776],"product_tag":[3644,3660],"class_list":{"0":"post-51006","1":"product","2":"type-product","3":"status-publish","4":"has-post-thumbnail","6":"product_cat-odpady-cisnienia-zimnego","7":"product_tag-czyszczenie_pl","8":"product_tag-myjni_samochodowe_pl","10":"first","11":"instock","12":"shipping-taxable","13":"product-type-simple"},"yoast_head":"<!-- This site is optimized with the Yoast SEO plugin v27.5 - https:\/\/yoast.com\/product\/yoast-seo-wordpress\/ -->\n<title>KS HEAVY DUTY - Mazzoni<\/title>\n<meta name=\"robots\" content=\"index, follow, max-snippet:-1, max-image-preview:large, max-video-preview:-1\" \/>\n<link rel=\"canonical\" href=\"https:\/\/e-mazzoni.it\/pl\/produkt\/ks-heavy-duty\/\" \/>\n<meta property=\"og:locale\" content=\"pl_PL\" \/>\n<meta property=\"og:type\" content=\"article\" \/>\n<meta property=\"og:title\" content=\"KS HEAVY DUTY - Mazzoni\" \/>\n<meta property=\"og:description\" content=\"Nowa myjka do zimnej wody KS idealna do usuwania wszelkiego rodzaju brudu. Zalecane u\u017cycie: warsztaty, obszary us\u0142ug, myjnie samochodowe itp.\" \/>\n<meta property=\"og:url\" content=\"https:\/\/e-mazzoni.it\/pl\/produkt\/ks-heavy-duty\/\" \/>\n<meta property=\"og:site_name\" content=\"Mazzoni\" \/>\n<meta property=\"article:modified_time\" content=\"2026-05-02T02:30:51+00:00\" \/>\n<meta property=\"og:image\" content=\"https:\/\/e-mazzoni.it\/wp-content\/uploads\/2026\/04\/DOC9542826861.jpg\" \/>\n\t<meta property=\"og:image:width\" content=\"800\" \/>\n\t<meta property=\"og:image:height\" content=\"800\" \/>\n\t<meta property=\"og:image:type\" content=\"image\/jpeg\" \/>\n<meta name=\"twitter:card\" content=\"summary_large_image\" \/>\n<meta name=\"twitter:label1\" content=\"Szacowany czas czytania\" \/>\n\t<meta name=\"twitter:data1\" content=\"1 minuta\" \/>\n<!-- \/ Yoast SEO plugin. -->","yoast_head_json":{"title":"KS HEAVY DUTY - Mazzoni","robots":{"index":"index","follow":"follow","max-snippet":"max-snippet:-1","max-image-preview":"max-image-preview:large","max-video-preview":"max-video-preview:-1"},"canonical":"https:\/\/e-mazzoni.it\/pl\/produkt\/ks-heavy-duty\/","og_locale":"pl_PL","og_type":"article","og_title":"KS HEAVY DUTY - Mazzoni","og_description":"Nowa myjka do zimnej wody KS idealna do usuwania wszelkiego rodzaju brudu. Zalecane u\u017cycie: warsztaty, obszary us\u0142ug, myjnie samochodowe itp.","og_url":"https:\/\/e-mazzoni.it\/pl\/produkt\/ks-heavy-duty\/","og_site_name":"Mazzoni","article_modified_time":"2026-05-02T02:30:51+00:00","og_image":[{"width":800,"height":800,"url":"https:\/\/e-mazzoni.it\/wp-content\/uploads\/2026\/04\/DOC9542826861.jpg","type":"image\/jpeg"}],"twitter_card":"summary_large_image","twitter_misc":{"Szacowany czas czytania":"1 minuta"},"schema":{"@context":"https:\/\/schema.org","@graph":[{"@type":"WebPage","@id":"https:\/\/e-mazzoni.it\/pl\/produkt\/ks-heavy-duty\/","url":"https:\/\/e-mazzoni.it\/pl\/produkt\/ks-heavy-duty\/","name":"KS HEAVY DUTY - Mazzoni","isPartOf":{"@id":"https:\/\/e-mazzoni.it\/pl\/#website"},"primaryImageOfPage":{"@id":"https:\/\/e-mazzoni.it\/pl\/produkt\/ks-heavy-duty\/#primaryimage"},"image":{"@id":"https:\/\/e-mazzoni.it\/pl\/produkt\/ks-heavy-duty\/#primaryimage"},"thumbnailUrl":"https:\/\/e-mazzoni.it\/wp-content\/uploads\/2026\/04\/DOC9542826861.jpg","datePublished":"2024-10-15T06:50:26+00:00","dateModified":"2026-05-02T02:30:51+00:00","breadcrumb":{"@id":"https:\/\/e-mazzoni.it\/pl\/produkt\/ks-heavy-duty\/#breadcrumb"},"inLanguage":"pl-PL","potentialAction":[{"@type":"ReadAction","target":["https:\/\/e-mazzoni.it\/pl\/produkt\/ks-heavy-duty\/"]}]},{"@type":"ImageObject","inLanguage":"pl-PL","@id":"https:\/\/e-mazzoni.it\/pl\/produkt\/ks-heavy-duty\/#primaryimage","url":"https:\/\/e-mazzoni.it\/wp-content\/uploads\/2026\/04\/DOC9542826861.jpg","contentUrl":"https:\/\/e-mazzoni.it\/wp-content\/uploads\/2026\/04\/DOC9542826861.jpg","width":800,"height":800},{"@type":"BreadcrumbList","@id":"https:\/\/e-mazzoni.it\/pl\/produkt\/ks-heavy-duty\/#breadcrumb","itemListElement":[{"@type":"ListItem","position":1,"name":"Home","item":"https:\/\/e-mazzoni.it\/pl\/"},{"@type":"ListItem","position":2,"name":"Produkty","item":"https:\/\/e-mazzoni.it\/pl\/produkty\/"},{"@type":"ListItem","position":3,"name":"KS HEAVY DUTY"}]},{"@type":"WebSite","@id":"https:\/\/e-mazzoni.it\/pl\/#website","url":"https:\/\/e-mazzoni.it\/pl\/","name":"Mazzoni","description":"Mazzoni","publisher":{"@id":"https:\/\/e-mazzoni.it\/pl\/#organization"},"potentialAction":[{"@type":"SearchAction","target":{"@type":"EntryPoint","urlTemplate":"https:\/\/e-mazzoni.it\/pl\/?s={search_term_string}"},"query-input":{"@type":"PropertyValueSpecification","valueRequired":true,"valueName":"search_term_string"}}],"inLanguage":"pl-PL"},{"@type":"Organization","@id":"https:\/\/e-mazzoni.it\/pl\/#organization","name":"Mazzoni","url":"https:\/\/e-mazzoni.it\/pl\/","logo":{"@type":"ImageObject","inLanguage":"pl-PL","@id":"https:\/\/e-mazzoni.it\/pl\/#\/schema\/logo\/image\/","url":"https:\/\/e-mazzoni.it\/wp-content\/uploads\/2023\/07\/logo.png","contentUrl":"https:\/\/e-mazzoni.it\/wp-content\/uploads\/2023\/07\/logo.png","width":250,"height":109,"caption":"Mazzoni"},"image":{"@id":"https:\/\/e-mazzoni.it\/pl\/#\/schema\/logo\/image\/"}}]}},"_links":{"self":[{"href":"https:\/\/e-mazzoni.it\/pl\/wp-json\/wp\/v2\/product\/51006","targetHints":{"allow":["GET"]}}],"collection":[{"href":"https:\/\/e-mazzoni.it\/pl\/wp-json\/wp\/v2\/product"}],"about":[{"href":"https:\/\/e-mazzoni.it\/pl\/wp-json\/wp\/v2\/types\/product"}],"wp:featuredmedia":[{"embeddable":true,"href":"https:\/\/e-mazzoni.it\/pl\/wp-json\/wp\/v2\/media\/68095"}],"wp:attachment":[{"href":"https:\/\/e-mazzoni.it\/pl\/wp-json\/wp\/v2\/media?parent=51006"}],"wp:term":[{"taxonomy":"product_brand","embeddable":true,"href":"https:\/\/e-mazzoni.it\/pl\/wp-json\/wp\/v2\/product_brand?post=51006"},{"taxonomy":"product_cat","embeddable":true,"href":"https:\/\/e-mazzoni.it\/pl\/wp-json\/wp\/v2\/product_cat?post=51006"},{"taxonomy":"product_tag","embeddable":true,"href":"https:\/\/e-mazzoni.it\/pl\/wp-json\/wp\/v2\/product_tag?post=51006"}],"curies":[{"name":"wp","href":"https:\/\/api.w.org\/{rel}","templated":true}]}}