{"id":51004,"date":"2024-10-15T06:50:18","date_gmt":"2024-10-15T06:50:18","guid":{"rendered":"https:\/\/e-mazzoni.it\/prodotto\/ksf-heavy-duty\/"},"modified":"2026-05-02T02:30:03","modified_gmt":"2026-05-02T02:30:03","slug":"ksf-heavy-duty","status":"publish","type":"product","link":"https:\/\/e-mazzoni.it\/pl\/produkt\/ksf-heavy-duty\/","title":{"rendered":"KSF HEAVY DUTY"},"content":{"rendered":"<p>Sta\u0142a stacja z ram\u0105 ca\u0142kowicie ze stali nierdzewnej. Profesjonalny myjka wysokoci\u015bnieniowa odpowiednia dla przemys\u0142u spo\u017cywczego, dost\u0119pna w r\u00f3\u017cnych motoryzacjach.<\/p>\n<p>Asynchroniczny silnik elektryczny Seria MEC ci\u0105g\u0142a obs\u0142uga S1 z ochron\u0105 termiczn\u0105 zintegrowan\u0105 z uzwojeniami.\u00a0 Silnik o wy\u017cszej wydajno\u015bci, a zatem o wysokiej wydajno\u015bci i ni\u017cszym zu\u017cyciu pr\u0105du. Elastyczny staw.<br \/>\nProfesjonalna pompa Mazzoni w linii (z korbowodami), z mosi\u0119\u017cn\u0105 g\u0142owic\u0105 i trzema t\u0142okami ceramicznymi<br \/>\nKabel elektryczny mt. 5<br \/>\nAutomatyczny zaw\u00f3r obej\u015bciowy z regulacj\u0105 ci\u015bnienia<br \/>\nRura wysokoci\u015bnieniowa 10 metr\u00f3w<br \/>\nLance INOX z automatycznym pistoletem i szybkim mocowaniem akcesori\u00f3w<br \/>\nProfesjonalna g\u0142owica ci\u015bnieniowa z hartowan\u0105 stalow\u0105 dysz\u0105<br \/>\nRama ze stali nierdzewnej.<br \/>\nSystem DSS, kt\u00f3ry zapobiega ponownemu uruchomieniu silnika w przypadku wycieku<br \/>\nZbiornik wody ze stali nierdzewnej 5 litr\u00f3w<br \/>\nSystem ss\u0105cy do czyszczenia pod wysokim ci\u015bnieniem.<br \/>\nSystem TST (Time Stop)<br \/>\nLicznik wewn\u0119trzny<br \/>\nNa \u017cyczenie mo\u017cliwe jest zainstalowanie systemu bezpiecze\u0144stwa z powodu braku wody i zdalnego sterowania przy niskim napi\u0119ciu 24 V<\/p>\n<div>\n<table style=\"width: 100%\" border=\"1\" id=\"table_options\">\n<tbody>\n<tr>\n<th style=\"color: #fff\" bgcolor=\"#ea2833\">PART NUMBER<\/th>\n<th style=\"color: #fff\" bgcolor=\"#ea2833\">MODEL<\/th>\n<th style=\"color: #fff\" bgcolor=\"#ea2833\">L\/MIN &#8211; 1450 RPM<\/th>\n<th style=\"color: #fff\" bgcolor=\"#ea2833\">GPM &#8211; 1450 RPM<\/th>\n<th style=\"color: #fff\" bgcolor=\"#ea2833\">BAR<\/th>\n<th style=\"color: #fff\" bgcolor=\"#ea2833\">PSI<\/th>\n<th style=\"color: #fff\" bgcolor=\"#ea2833\">RPM 50 HZ<\/th>\n<th style=\"color: #fff\" bgcolor=\"#ea2833\">HP<\/th>\n<th style=\"color: #fff\" bgcolor=\"#ea2833\">KW<\/th>\n<th style=\"color: #fff\" bgcolor=\"#ea2833\">VOLTS<\/th>\n<th style=\"color: #fff\" bgcolor=\"#ea2833\">Hz<\/th>\n<th style=\"color: #fff\" bgcolor=\"#ea2833\">PHASE<\/th>\n<th style=\"color: #fff\" bgcolor=\"#ea2833\">A 50 HZ<\/th>\n<th style=\"color: #fff\" bgcolor=\"#ea2833\">WATER NOZZLE<\/th>\n<th style=\"color: #fff\" bgcolor=\"#ea2833\">DETERGENT TANK<\/th>\n<th style=\"color: #fff\" bgcolor=\"#ea2833\">DETERGENT TANK (GAL)<\/th>\n<th style=\"color: #fff\" bgcolor=\"#ea2833\">MAX OUTPUT TEMPERATURE<\/th>\n<th style=\"color: #fff\" bgcolor=\"#ea2833\">MAX OUTPUT TEMPERATURE (F)<\/th>\n<\/tr>\n<tr>\n<td align=\"center !important\">3.023.14.345<\/td>\n<td align=\"center !important\">KSF400<\/td>\n<td align=\"center !important\">15<\/td>\n<td align=\"center !important\">3,9<\/td>\n<td align=\"center !important\">200<\/td>\n<td align=\"center !important\">2900<\/td>\n<td align=\"center !important\">1450<\/td>\n<td align=\"center !important\">7,5<\/td>\n<td align=\"center !important\">5.5<\/td>\n<td align=\"center !important\">400<\/td>\n<td align=\"center !important\">50<\/td>\n<td align=\"center !important\">3<\/td>\n<td align=\"center !important\">11<\/td>\n<td align=\"center !important\">15045<\/td>\n<td align=\"center !important\">&#8212;<\/td>\n<td align=\"center !important\">&#8212;<\/td>\n<td align=\"center !important\">65\u00b0C<\/td>\n<td align=\"center !important\">149\u00b0F<\/td>\n<\/tr>\n<tr>\n<td align=\"center !important\">3.023.14.347<\/td>\n<td align=\"center !important\">KSF500<\/td>\n<td align=\"center !important\">21<\/td>\n<td align=\"center !important\">5,5<\/td>\n<td align=\"center !important\">200<\/td>\n<td align=\"center !important\">2900<\/td>\n<td align=\"center !important\">1450<\/td>\n<td align=\"center !important\">10<\/td>\n<td align=\"center !important\">7.5<\/td>\n<td align=\"center !important\">400<\/td>\n<td align=\"center !important\">50<\/td>\n<td align=\"center !important\">3<\/td>\n<td align=\"center !important\">14.7<\/td>\n<td align=\"center !important\">15065<\/td>\n<td align=\"center !important\">&#8212;<\/td>\n<td align=\"center !important\">&#8212;<\/td>\n<td align=\"center !important\">65\u00b0C<\/td>\n<td align=\"center !important\">149\u00b0F<\/td>\n<\/tr>\n<tr>\n<td align=\"center !important\">3.023.14.384<\/td>\n<td align=\"center !important\">KSF600<\/td>\n<td align=\"center !important\">30<\/td>\n<td align=\"center !important\">7,9<\/td>\n<td align=\"center !important\">200<\/td>\n<td align=\"center !important\">2900<\/td>\n<td align=\"center !important\">1450<\/td>\n<td align=\"center !important\">15<\/td>\n<td align=\"center !important\">11<\/td>\n<td align=\"center !important\">400<\/td>\n<td align=\"center !important\">50<\/td>\n<td align=\"center !important\">3<\/td>\n<td align=\"center !important\">21<\/td>\n<td align=\"center !important\">1510<\/td>\n<td align=\"center !important\">&#8212;<\/td>\n<td align=\"center !important\">&#8212;<\/td>\n<td align=\"center !important\">65\u00b0C<\/td>\n<td align=\"center !important\">149\u00b0F<\/td>\n<\/tr>\n<\/tbody>\n<\/table>\n<\/div>\n","protected":false},"excerpt":{"rendered":"<p>Minimalna powierzchnia, maksymalna wydajno\u015b\u0107. Podk\u0142adki podci\u015bnieniowe serii KSF s\u0105 w\u0142a\u015bciwym produktem, je\u015bli szukasz profesjonalnego wyniku na wysokim poziomie. Ich stalowa rama sprawia, \u017ce nadaje si\u0119 do ka\u017cdego \u015brodowiska, nawet najbardziej korozyjnego. Komponenty, w ca\u0142o\u015bci wykonane przez Mazzoni, s\u0105 gwarancj\u0105 jako\u015bci i obs\u0142ugi. Na \u017cyczenie dedykowane wsparcie mobilne zapewnia szeroki zakres ruchu maszyny. \u00a0 Zalecane u\u017cycie: sklepy i dzia\u0142alno\u015b\u0107 handlowa, przemys\u0142 spo\u017cywczy, myjnie samochodowe, rze\u017anicy, farmy rybne, baseny, \u0142azienki i organy miejskie itp.<\/p>\n","protected":false},"featured_media":68085,"template":"","meta":{"zakra_page_container_layout":"customizer","zakra_page_sidebar_layout":"customizer","zakra_remove_content_margin":false,"zakra_sidebar":"customizer","zakra_transparent_header":"customizer","zakra_logo":0,"zakra_main_header_style":"default","zakra_menu_item_color":"","zakra_menu_item_hover_color":"","zakra_menu_item_active_color":"","zakra_menu_active_style":"","zakra_page_header":true},"product_brand":[],"product_cat":[3776],"product_tag":[3644,3660],"class_list":{"0":"post-51004","1":"product","2":"type-product","3":"status-publish","4":"has-post-thumbnail","6":"product_cat-odpady-cisnienia-zimnego","7":"product_tag-czyszczenie_pl","8":"product_tag-myjni_samochodowe_pl","10":"first","11":"instock","12":"shipping-taxable","13":"product-type-simple"},"yoast_head":"<!-- This site is optimized with the Yoast SEO plugin v27.5 - https:\/\/yoast.com\/product\/yoast-seo-wordpress\/ -->\n<title>KSF HEAVY DUTY - Mazzoni<\/title>\n<meta name=\"robots\" content=\"index, follow, max-snippet:-1, max-image-preview:large, max-video-preview:-1\" \/>\n<link rel=\"canonical\" href=\"https:\/\/e-mazzoni.it\/pl\/produkt\/ksf-heavy-duty\/\" \/>\n<meta property=\"og:locale\" content=\"pl_PL\" \/>\n<meta property=\"og:type\" content=\"article\" \/>\n<meta property=\"og:title\" content=\"KSF HEAVY DUTY - Mazzoni\" \/>\n<meta property=\"og:description\" content=\"Minimalna powierzchnia, maksymalna wydajno\u015b\u0107. Podk\u0142adki podci\u015bnieniowe serii KSF s\u0105 w\u0142a\u015bciwym produktem, je\u015bli szukasz profesjonalnego wyniku na wysokim poziomie. Ich stalowa rama sprawia, \u017ce nadaje si\u0119 do ka\u017cdego \u015brodowiska, nawet najbardziej korozyjnego. Komponenty, w ca\u0142o\u015bci wykonane przez Mazzoni, s\u0105 gwarancj\u0105 jako\u015bci i obs\u0142ugi. Na \u017cyczenie dedykowane wsparcie mobilne zapewnia szeroki zakres ruchu maszyny. \u00a0 Zalecane u\u017cycie: sklepy i dzia\u0142alno\u015b\u0107 handlowa, przemys\u0142 spo\u017cywczy, myjnie samochodowe, rze\u017anicy, farmy rybne, baseny, \u0142azienki i organy miejskie itp.\" \/>\n<meta property=\"og:url\" content=\"https:\/\/e-mazzoni.it\/pl\/produkt\/ksf-heavy-duty\/\" \/>\n<meta property=\"og:site_name\" content=\"Mazzoni\" \/>\n<meta property=\"article:modified_time\" content=\"2026-05-02T02:30:03+00:00\" \/>\n<meta property=\"og:image\" content=\"https:\/\/e-mazzoni.it\/wp-content\/uploads\/2026\/04\/DOC5451650179.jpg\" \/>\n\t<meta property=\"og:image:width\" content=\"800\" \/>\n\t<meta property=\"og:image:height\" content=\"800\" \/>\n\t<meta property=\"og:image:type\" content=\"image\/jpeg\" \/>\n<meta name=\"twitter:card\" content=\"summary_large_image\" \/>\n<meta name=\"twitter:label1\" content=\"Szacowany czas czytania\" \/>\n\t<meta name=\"twitter:data1\" content=\"1 minuta\" \/>\n<!-- \/ Yoast SEO plugin. -->","yoast_head_json":{"title":"KSF HEAVY DUTY - Mazzoni","robots":{"index":"index","follow":"follow","max-snippet":"max-snippet:-1","max-image-preview":"max-image-preview:large","max-video-preview":"max-video-preview:-1"},"canonical":"https:\/\/e-mazzoni.it\/pl\/produkt\/ksf-heavy-duty\/","og_locale":"pl_PL","og_type":"article","og_title":"KSF HEAVY DUTY - Mazzoni","og_description":"Minimalna powierzchnia, maksymalna wydajno\u015b\u0107. Podk\u0142adki podci\u015bnieniowe serii KSF s\u0105 w\u0142a\u015bciwym produktem, je\u015bli szukasz profesjonalnego wyniku na wysokim poziomie. Ich stalowa rama sprawia, \u017ce nadaje si\u0119 do ka\u017cdego \u015brodowiska, nawet najbardziej korozyjnego. Komponenty, w ca\u0142o\u015bci wykonane przez Mazzoni, s\u0105 gwarancj\u0105 jako\u015bci i obs\u0142ugi. Na \u017cyczenie dedykowane wsparcie mobilne zapewnia szeroki zakres ruchu maszyny. \u00a0 Zalecane u\u017cycie: sklepy i dzia\u0142alno\u015b\u0107 handlowa, przemys\u0142 spo\u017cywczy, myjnie samochodowe, rze\u017anicy, farmy rybne, baseny, \u0142azienki i organy miejskie itp.","og_url":"https:\/\/e-mazzoni.it\/pl\/produkt\/ksf-heavy-duty\/","og_site_name":"Mazzoni","article_modified_time":"2026-05-02T02:30:03+00:00","og_image":[{"width":800,"height":800,"url":"https:\/\/e-mazzoni.it\/wp-content\/uploads\/2026\/04\/DOC5451650179.jpg","type":"image\/jpeg"}],"twitter_card":"summary_large_image","twitter_misc":{"Szacowany czas czytania":"1 minuta"},"schema":{"@context":"https:\/\/schema.org","@graph":[{"@type":"WebPage","@id":"https:\/\/e-mazzoni.it\/pl\/produkt\/ksf-heavy-duty\/","url":"https:\/\/e-mazzoni.it\/pl\/produkt\/ksf-heavy-duty\/","name":"KSF HEAVY DUTY - Mazzoni","isPartOf":{"@id":"https:\/\/e-mazzoni.it\/pl\/#website"},"primaryImageOfPage":{"@id":"https:\/\/e-mazzoni.it\/pl\/produkt\/ksf-heavy-duty\/#primaryimage"},"image":{"@id":"https:\/\/e-mazzoni.it\/pl\/produkt\/ksf-heavy-duty\/#primaryimage"},"thumbnailUrl":"https:\/\/e-mazzoni.it\/wp-content\/uploads\/2026\/04\/DOC5451650179.jpg","datePublished":"2024-10-15T06:50:18+00:00","dateModified":"2026-05-02T02:30:03+00:00","breadcrumb":{"@id":"https:\/\/e-mazzoni.it\/pl\/produkt\/ksf-heavy-duty\/#breadcrumb"},"inLanguage":"pl-PL","potentialAction":[{"@type":"ReadAction","target":["https:\/\/e-mazzoni.it\/pl\/produkt\/ksf-heavy-duty\/"]}]},{"@type":"ImageObject","inLanguage":"pl-PL","@id":"https:\/\/e-mazzoni.it\/pl\/produkt\/ksf-heavy-duty\/#primaryimage","url":"https:\/\/e-mazzoni.it\/wp-content\/uploads\/2026\/04\/DOC5451650179.jpg","contentUrl":"https:\/\/e-mazzoni.it\/wp-content\/uploads\/2026\/04\/DOC5451650179.jpg","width":800,"height":800},{"@type":"BreadcrumbList","@id":"https:\/\/e-mazzoni.it\/pl\/produkt\/ksf-heavy-duty\/#breadcrumb","itemListElement":[{"@type":"ListItem","position":1,"name":"Home","item":"https:\/\/e-mazzoni.it\/pl\/"},{"@type":"ListItem","position":2,"name":"Produkty","item":"https:\/\/e-mazzoni.it\/pl\/produkty\/"},{"@type":"ListItem","position":3,"name":"KSF HEAVY DUTY"}]},{"@type":"WebSite","@id":"https:\/\/e-mazzoni.it\/pl\/#website","url":"https:\/\/e-mazzoni.it\/pl\/","name":"Mazzoni","description":"Mazzoni","publisher":{"@id":"https:\/\/e-mazzoni.it\/pl\/#organization"},"potentialAction":[{"@type":"SearchAction","target":{"@type":"EntryPoint","urlTemplate":"https:\/\/e-mazzoni.it\/pl\/?s={search_term_string}"},"query-input":{"@type":"PropertyValueSpecification","valueRequired":true,"valueName":"search_term_string"}}],"inLanguage":"pl-PL"},{"@type":"Organization","@id":"https:\/\/e-mazzoni.it\/pl\/#organization","name":"Mazzoni","url":"https:\/\/e-mazzoni.it\/pl\/","logo":{"@type":"ImageObject","inLanguage":"pl-PL","@id":"https:\/\/e-mazzoni.it\/pl\/#\/schema\/logo\/image\/","url":"https:\/\/e-mazzoni.it\/wp-content\/uploads\/2023\/07\/logo.png","contentUrl":"https:\/\/e-mazzoni.it\/wp-content\/uploads\/2023\/07\/logo.png","width":250,"height":109,"caption":"Mazzoni"},"image":{"@id":"https:\/\/e-mazzoni.it\/pl\/#\/schema\/logo\/image\/"}}]}},"_links":{"self":[{"href":"https:\/\/e-mazzoni.it\/pl\/wp-json\/wp\/v2\/product\/51004","targetHints":{"allow":["GET"]}}],"collection":[{"href":"https:\/\/e-mazzoni.it\/pl\/wp-json\/wp\/v2\/product"}],"about":[{"href":"https:\/\/e-mazzoni.it\/pl\/wp-json\/wp\/v2\/types\/product"}],"wp:featuredmedia":[{"embeddable":true,"href":"https:\/\/e-mazzoni.it\/pl\/wp-json\/wp\/v2\/media\/68085"}],"wp:attachment":[{"href":"https:\/\/e-mazzoni.it\/pl\/wp-json\/wp\/v2\/media?parent=51004"}],"wp:term":[{"taxonomy":"product_brand","embeddable":true,"href":"https:\/\/e-mazzoni.it\/pl\/wp-json\/wp\/v2\/product_brand?post=51004"},{"taxonomy":"product_cat","embeddable":true,"href":"https:\/\/e-mazzoni.it\/pl\/wp-json\/wp\/v2\/product_cat?post=51004"},{"taxonomy":"product_tag","embeddable":true,"href":"https:\/\/e-mazzoni.it\/pl\/wp-json\/wp\/v2\/product_tag?post=51004"}],"curies":[{"name":"wp","href":"https:\/\/api.w.org\/{rel}","templated":true}]}}