{"id":51000,"date":"2024-10-15T06:49:41","date_gmt":"2024-10-15T06:49:41","guid":{"rendered":"https:\/\/e-mazzoni.it\/prodotto\/fx-heavy-duty\/"},"modified":"2026-05-02T02:28:39","modified_gmt":"2026-05-02T02:28:39","slug":"fx-heavy-duty","status":"publish","type":"product","link":"https:\/\/e-mazzoni.it\/pl\/produkt\/fx-heavy-duty\/","title":{"rendered":"FX HEAVY DUTY"},"content":{"rendered":"<p>Profesjonalny myjka wysokoci\u015bnieniowa na zimn\u0105 wod\u0119 z pomalowan\u0105 stalow\u0105 ram\u0105 i pokryw\u0105 ze stali nierdzewnej.<\/p>\n<div>\n<table style=\"width: 100%\" border=\"1\" id=\"table_options\">\n<tbody>\n<tr>\n<th style=\"color: #fff\" bgcolor=\"#ea2833\">PART NUMBER<\/th>\n<th style=\"color: #fff\" bgcolor=\"#ea2833\">MODEL<\/th>\n<th style=\"color: #fff\" bgcolor=\"#ea2833\">L\/MIN &#8211; 1450 RPM<\/th>\n<th style=\"color: #fff\" bgcolor=\"#ea2833\">GPM &#8211; 1450 RPM<\/th>\n<th style=\"color: #fff\" bgcolor=\"#ea2833\">BAR<\/th>\n<th style=\"color: #fff\" bgcolor=\"#ea2833\">PSI<\/th>\n<th style=\"color: #fff\" bgcolor=\"#ea2833\">RPM 50 HZ<\/th>\n<th style=\"color: #fff\" bgcolor=\"#ea2833\">HP<\/th>\n<th style=\"color: #fff\" bgcolor=\"#ea2833\">KW<\/th>\n<th style=\"color: #fff\" bgcolor=\"#ea2833\">VOLTS<\/th>\n<th style=\"color: #fff\" bgcolor=\"#ea2833\">Hz<\/th>\n<th style=\"color: #fff\" bgcolor=\"#ea2833\">PHASE<\/th>\n<th style=\"color: #fff\" bgcolor=\"#ea2833\">A 50 HZ<\/th>\n<th style=\"color: #fff\" bgcolor=\"#ea2833\">WATER NOZZLE<\/th>\n<th style=\"color: #fff\" bgcolor=\"#ea2833\">DETERGENT TANK<\/th>\n<th style=\"color: #fff\" bgcolor=\"#ea2833\">DETERGENT TANK (GAL)<\/th>\n<th style=\"color: #fff\" bgcolor=\"#ea2833\">MAX OUTPUT TEMPERATURE<\/th>\n<th style=\"color: #fff\" bgcolor=\"#ea2833\">MAX OUTPUT TEMPERATURE (F)<\/th>\n<\/tr>\n<tr>\n<td align=\"center !important\">3.023.14.443<\/td>\n<td align=\"center !important\">FX6000<\/td>\n<td align=\"center !important\">30<\/td>\n<td align=\"center !important\">7,9<\/td>\n<td align=\"center !important\">200<\/td>\n<td align=\"center !important\">2900<\/td>\n<td align=\"center !important\">1450<\/td>\n<td align=\"center !important\">15<\/td>\n<td align=\"center !important\">11<\/td>\n<td align=\"center !important\">400<\/td>\n<td align=\"center !important\">50<\/td>\n<td align=\"center !important\">3<\/td>\n<td align=\"center !important\">21<\/td>\n<td align=\"center !important\">2508<\/td>\n<td align=\"center !important\">5 L<\/td>\n<td align=\"center !important\">1,3 gal<\/td>\n<td align=\"center !important\">65\u00b0C<\/td>\n<td align=\"center !important\">149\u00b0F<\/td>\n<\/tr>\n<\/tbody>\n<\/table>\n<\/div>\n","protected":false},"excerpt":{"rendered":"<p>Nadaje si\u0119 do codziennego czyszczenia budynk\u00f3w, maszyn, pojazd\u00f3w i urz\u0105dze\u0144. Doskona\u0142e do czyszczenia przed zanieczyszczeniem i upartym brudem, dzi\u0119ki ich ci\u015bnieniu i przep\u0142ywowi, wysokoci\u015bnieniowe \u015brodki czyszcz\u0105ce Mazzoni sprzyjaj\u0105 myciu du\u017cych powierzchni przy zmniejszonym zu\u017cyciu energii elektrycznej. Zalecane zastosowanie: rolnictwo, rzemios\u0142o, przemys\u0142 spo\u017cywczy, hutnictwo, w\u0142adze miejskie, transport, rynki, przemys\u0142 stoczniowy itp.<\/p>\n","protected":false},"featured_media":68065,"template":"","meta":{"zakra_page_container_layout":"customizer","zakra_page_sidebar_layout":"customizer","zakra_remove_content_margin":false,"zakra_sidebar":"customizer","zakra_transparent_header":"customizer","zakra_logo":0,"zakra_main_header_style":"default","zakra_menu_item_color":"","zakra_menu_item_hover_color":"","zakra_menu_item_active_color":"","zakra_menu_active_style":"","zakra_page_header":true},"product_brand":[],"product_cat":[3776],"product_tag":[3684,3660,3700],"class_list":{"0":"post-51000","1":"product","2":"type-product","3":"status-publish","4":"has-post-thumbnail","6":"product_cat-odpady-cisnienia-zimnego","7":"product_tag-budownictwo_pl","8":"product_tag-myjni_samochodowe_pl","9":"product_tag-stoczniowym_pl","11":"first","12":"instock","13":"shipping-taxable","14":"product-type-simple"},"yoast_head":"<!-- This site is optimized with the Yoast SEO plugin v27.5 - https:\/\/yoast.com\/product\/yoast-seo-wordpress\/ -->\n<title>FX HEAVY DUTY - Mazzoni<\/title>\n<meta name=\"robots\" content=\"index, follow, max-snippet:-1, max-image-preview:large, max-video-preview:-1\" \/>\n<link rel=\"canonical\" href=\"https:\/\/e-mazzoni.it\/pl\/produkt\/fx-heavy-duty\/\" \/>\n<meta property=\"og:locale\" content=\"pl_PL\" \/>\n<meta property=\"og:type\" content=\"article\" \/>\n<meta property=\"og:title\" content=\"FX HEAVY DUTY - Mazzoni\" \/>\n<meta property=\"og:description\" content=\"Nadaje si\u0119 do codziennego czyszczenia budynk\u00f3w, maszyn, pojazd\u00f3w i urz\u0105dze\u0144. Doskona\u0142e do czyszczenia przed zanieczyszczeniem i upartym brudem, dzi\u0119ki ich ci\u015bnieniu i przep\u0142ywowi, wysokoci\u015bnieniowe \u015brodki czyszcz\u0105ce Mazzoni sprzyjaj\u0105 myciu du\u017cych powierzchni przy zmniejszonym zu\u017cyciu energii elektrycznej. Zalecane zastosowanie: rolnictwo, rzemios\u0142o, przemys\u0142 spo\u017cywczy, hutnictwo, w\u0142adze miejskie, transport, rynki, przemys\u0142 stoczniowy itp.\" \/>\n<meta property=\"og:url\" content=\"https:\/\/e-mazzoni.it\/pl\/produkt\/fx-heavy-duty\/\" \/>\n<meta property=\"og:site_name\" content=\"Mazzoni\" \/>\n<meta property=\"article:modified_time\" content=\"2026-05-02T02:28:39+00:00\" \/>\n<meta property=\"og:image\" content=\"https:\/\/e-mazzoni.it\/wp-content\/uploads\/2026\/04\/DOC3102858722-scaled.jpg\" \/>\n\t<meta property=\"og:image:width\" content=\"1600\" \/>\n\t<meta property=\"og:image:height\" content=\"1600\" \/>\n\t<meta property=\"og:image:type\" content=\"image\/jpeg\" \/>\n<meta name=\"twitter:card\" content=\"summary_large_image\" \/>\n<!-- \/ Yoast SEO plugin. -->","yoast_head_json":{"title":"FX HEAVY DUTY - Mazzoni","robots":{"index":"index","follow":"follow","max-snippet":"max-snippet:-1","max-image-preview":"max-image-preview:large","max-video-preview":"max-video-preview:-1"},"canonical":"https:\/\/e-mazzoni.it\/pl\/produkt\/fx-heavy-duty\/","og_locale":"pl_PL","og_type":"article","og_title":"FX HEAVY DUTY - Mazzoni","og_description":"Nadaje si\u0119 do codziennego czyszczenia budynk\u00f3w, maszyn, pojazd\u00f3w i urz\u0105dze\u0144. Doskona\u0142e do czyszczenia przed zanieczyszczeniem i upartym brudem, dzi\u0119ki ich ci\u015bnieniu i przep\u0142ywowi, wysokoci\u015bnieniowe \u015brodki czyszcz\u0105ce Mazzoni sprzyjaj\u0105 myciu du\u017cych powierzchni przy zmniejszonym zu\u017cyciu energii elektrycznej. Zalecane zastosowanie: rolnictwo, rzemios\u0142o, przemys\u0142 spo\u017cywczy, hutnictwo, w\u0142adze miejskie, transport, rynki, przemys\u0142 stoczniowy itp.","og_url":"https:\/\/e-mazzoni.it\/pl\/produkt\/fx-heavy-duty\/","og_site_name":"Mazzoni","article_modified_time":"2026-05-02T02:28:39+00:00","og_image":[{"width":1600,"height":1600,"url":"https:\/\/e-mazzoni.it\/wp-content\/uploads\/2026\/04\/DOC3102858722-scaled.jpg","type":"image\/jpeg"}],"twitter_card":"summary_large_image","schema":{"@context":"https:\/\/schema.org","@graph":[{"@type":"WebPage","@id":"https:\/\/e-mazzoni.it\/pl\/produkt\/fx-heavy-duty\/","url":"https:\/\/e-mazzoni.it\/pl\/produkt\/fx-heavy-duty\/","name":"FX HEAVY DUTY - Mazzoni","isPartOf":{"@id":"https:\/\/e-mazzoni.it\/pl\/#website"},"primaryImageOfPage":{"@id":"https:\/\/e-mazzoni.it\/pl\/produkt\/fx-heavy-duty\/#primaryimage"},"image":{"@id":"https:\/\/e-mazzoni.it\/pl\/produkt\/fx-heavy-duty\/#primaryimage"},"thumbnailUrl":"https:\/\/e-mazzoni.it\/wp-content\/uploads\/2026\/04\/DOC3102858722-scaled.jpg","datePublished":"2024-10-15T06:49:41+00:00","dateModified":"2026-05-02T02:28:39+00:00","breadcrumb":{"@id":"https:\/\/e-mazzoni.it\/pl\/produkt\/fx-heavy-duty\/#breadcrumb"},"inLanguage":"pl-PL","potentialAction":[{"@type":"ReadAction","target":["https:\/\/e-mazzoni.it\/pl\/produkt\/fx-heavy-duty\/"]}]},{"@type":"ImageObject","inLanguage":"pl-PL","@id":"https:\/\/e-mazzoni.it\/pl\/produkt\/fx-heavy-duty\/#primaryimage","url":"https:\/\/e-mazzoni.it\/wp-content\/uploads\/2026\/04\/DOC3102858722-scaled.jpg","contentUrl":"https:\/\/e-mazzoni.it\/wp-content\/uploads\/2026\/04\/DOC3102858722-scaled.jpg","width":1600,"height":1600},{"@type":"BreadcrumbList","@id":"https:\/\/e-mazzoni.it\/pl\/produkt\/fx-heavy-duty\/#breadcrumb","itemListElement":[{"@type":"ListItem","position":1,"name":"Home","item":"https:\/\/e-mazzoni.it\/pl\/"},{"@type":"ListItem","position":2,"name":"Produkty","item":"https:\/\/e-mazzoni.it\/pl\/produkty\/"},{"@type":"ListItem","position":3,"name":"FX HEAVY DUTY"}]},{"@type":"WebSite","@id":"https:\/\/e-mazzoni.it\/pl\/#website","url":"https:\/\/e-mazzoni.it\/pl\/","name":"Mazzoni","description":"Mazzoni","publisher":{"@id":"https:\/\/e-mazzoni.it\/pl\/#organization"},"potentialAction":[{"@type":"SearchAction","target":{"@type":"EntryPoint","urlTemplate":"https:\/\/e-mazzoni.it\/pl\/?s={search_term_string}"},"query-input":{"@type":"PropertyValueSpecification","valueRequired":true,"valueName":"search_term_string"}}],"inLanguage":"pl-PL"},{"@type":"Organization","@id":"https:\/\/e-mazzoni.it\/pl\/#organization","name":"Mazzoni","url":"https:\/\/e-mazzoni.it\/pl\/","logo":{"@type":"ImageObject","inLanguage":"pl-PL","@id":"https:\/\/e-mazzoni.it\/pl\/#\/schema\/logo\/image\/","url":"https:\/\/e-mazzoni.it\/wp-content\/uploads\/2023\/07\/logo.png","contentUrl":"https:\/\/e-mazzoni.it\/wp-content\/uploads\/2023\/07\/logo.png","width":250,"height":109,"caption":"Mazzoni"},"image":{"@id":"https:\/\/e-mazzoni.it\/pl\/#\/schema\/logo\/image\/"}}]}},"_links":{"self":[{"href":"https:\/\/e-mazzoni.it\/pl\/wp-json\/wp\/v2\/product\/51000","targetHints":{"allow":["GET"]}}],"collection":[{"href":"https:\/\/e-mazzoni.it\/pl\/wp-json\/wp\/v2\/product"}],"about":[{"href":"https:\/\/e-mazzoni.it\/pl\/wp-json\/wp\/v2\/types\/product"}],"wp:featuredmedia":[{"embeddable":true,"href":"https:\/\/e-mazzoni.it\/pl\/wp-json\/wp\/v2\/media\/68065"}],"wp:attachment":[{"href":"https:\/\/e-mazzoni.it\/pl\/wp-json\/wp\/v2\/media?parent=51000"}],"wp:term":[{"taxonomy":"product_brand","embeddable":true,"href":"https:\/\/e-mazzoni.it\/pl\/wp-json\/wp\/v2\/product_brand?post=51000"},{"taxonomy":"product_cat","embeddable":true,"href":"https:\/\/e-mazzoni.it\/pl\/wp-json\/wp\/v2\/product_cat?post=51000"},{"taxonomy":"product_tag","embeddable":true,"href":"https:\/\/e-mazzoni.it\/pl\/wp-json\/wp\/v2\/product_tag?post=51000"}],"curies":[{"name":"wp","href":"https:\/\/api.w.org\/{rel}","templated":true}]}}