{"id":50991,"date":"2024-10-15T06:47:13","date_gmt":"2024-10-15T06:47:13","guid":{"rendered":"https:\/\/e-mazzoni.it\/prodotto\/jednostka-ogrzewania-21-25-l-srednia\/"},"modified":"2026-05-02T02:15:17","modified_gmt":"2026-05-02T02:15:17","slug":"jednostka-ogrzewania-21-25-l-srednia","status":"publish","type":"product","link":"https:\/\/e-mazzoni.it\/pl\/produkt\/jednostka-ogrzewania-21-25-l-srednia\/","title":{"rendered":"JEDNOSTKA OGRZEWANIA 21\/25 L \u015aREDNIA"},"content":{"rendered":"<p>Kontrola p\u0142omienia<br \/>\nPrze\u0142\u0105cznik przep\u0142ywu, prze\u0142\u0105cznik poziomu, prze\u0142\u0105cznik ci\u015bnienia<br \/>\nPompa diesla jest bezpo\u015brednio po\u0142\u0105czona z wentylatorem poprzez z\u0142\u0105cze<br \/>\nKot\u0142y Mazzoni o wysokiej wydajno\u015bci i niskim zu\u017cyciu energii<br \/>\nMinimalne ci\u015bnienie zasilania wod\u0105 15 bar<br \/>\nWy\u015bwietlacz licznika i \u015bwiat\u0142a alarmowe<br \/>\nZaw\u00f3r bezpiecze\u0144stwa<br \/>\nPanel elektryczny z prze\u0142\u0105cznikiem i termostatem kontroli temperatury<br \/>\nPokrycie ze stali nierdzewnej i podstawa ze stali malowanej<\/p>\n<div>\n<table style=\"width: 100%\" border=\"1\" id=\"table_options\">\n<tbody>\n<tr>\n<th style=\"color: #fff\" bgcolor=\"#ea2833\">PART NUMBER<\/th>\n<th style=\"color: #fff\" bgcolor=\"#ea2833\">L\/MIN<\/th>\n<th style=\"color: #fff\" bgcolor=\"#ea2833\">GPM<\/th>\n<th style=\"color: #fff\" bgcolor=\"#ea2833\">BAR<\/th>\n<th style=\"color: #fff\" bgcolor=\"#ea2833\">PSI<\/th>\n<th style=\"color: #fff\" bgcolor=\"#ea2833\">VOLTS<\/th>\n<th style=\"color: #fff\" bgcolor=\"#ea2833\">Hz<\/th>\n<th style=\"color: #fff\" bgcolor=\"#ea2833\">PERFORMANCE (KW)<\/th>\n<th style=\"color: #fff\" bgcolor=\"#ea2833\">PERFORMANCE (BTU X 1000)<\/th>\n<th style=\"color: #fff\" bgcolor=\"#ea2833\">COIL LENGHT (MT)<\/th>\n<th style=\"color: #fff\" bgcolor=\"#ea2833\">COIL LENGHT (FT)<\/th>\n<th style=\"color: #fff\" bgcolor=\"#ea2833\">COIL THIKNESS (MM)<\/th>\n<th style=\"color: #fff\" bgcolor=\"#ea2833\">COIL THIKNESS (INCH)<\/th>\n<th style=\"color: #fff\" bgcolor=\"#ea2833\">DIESEL NOZZLE<\/th>\n<th style=\"color: #fff\" bgcolor=\"#ea2833\">A 50 HZ<\/th>\n<th style=\"color: #fff\" bgcolor=\"#ea2833\">DIESEL CONSUMPTION (LT\/H)<\/th>\n<th style=\"color: #fff\" bgcolor=\"#ea2833\">DIESEL CONSUMPTION ( GAL\/H)<\/th>\n<th style=\"color: #fff\" bgcolor=\"#ea2833\">DIESEL TANK<\/th>\n<th style=\"color: #fff\" bgcolor=\"#ea2833\">DIESEL TANK (GAL)<\/th>\n<th style=\"color: #fff\" bgcolor=\"#ea2833\">KCAL\/H<\/th>\n<th style=\"color: #fff\" bgcolor=\"#ea2833\">MIN PRESSURE INPUT (BAR)<\/th>\n<th style=\"color: #fff\" bgcolor=\"#ea2833\">MIN  PRESSURE INPUT (PSI)<\/th>\n<th style=\"color: #fff\" bgcolor=\"#ea2833\">INLET<\/th>\n<th style=\"color: #fff\" bgcolor=\"#ea2833\">OUTLET<\/th>\n<th style=\"color: #fff\" bgcolor=\"#ea2833\">NET WEIGHT (KG)<\/th>\n<th style=\"color: #fff\" bgcolor=\"#ea2833\">MAX. TEMPERATURE OUTLET (\u00b0C )<\/th>\n<th style=\"color: #fff\" bgcolor=\"#ea2833\">MAX. TEMPERATURE OUTLET ( F )<\/th>\n<\/tr>\n<tr>\n<td align=\"center !important\">3.064.04.007<\/td>\n<td align=\"center !important\">21<\/td>\n<td align=\"center !important\">5,2<\/td>\n<td align=\"center !important\">250<\/td>\n<td align=\"center !important\">3626<\/td>\n<td align=\"center !important\">24<\/td>\n<td align=\"center !important\">DC<\/td>\n<td align=\"center !important\">93<\/td>\n<td align=\"center !important\">317.000<\/td>\n<td align=\"center !important\">35<\/td>\n<td align=\"center !important\">114<\/td>\n<td align=\"center !important\">2,6<\/td>\n<td align=\"center !important\">0.1 in.<\/td>\n<td align=\"center !important\">2<\/td>\n<td align=\"center !important\">16,5<\/td>\n<td align=\"center !important\">7,55<\/td>\n<td align=\"center !important\">2<\/td>\n<td align=\"center !important\">16 L<\/td>\n<td align=\"center !important\">4,2 gal<\/td>\n<td align=\"center !important\">80.000<\/td>\n<td align=\"center !important\">20<\/td>\n<td align=\"center !important\">290<\/td>\n<td align=\"center !important\">G 1\/2&#8243;<\/td>\n<td align=\"center !important\">G 1\/2&#8243;<\/td>\n<td align=\"center !important\">85<\/td>\n<td align=\"center !important\">150\u00b0C<\/td>\n<td align=\"center !important\">302\u00b0F<\/td>\n<\/tr>\n<tr>\n<td align=\"center !important\">3.064.04.004<\/td>\n<td align=\"center !important\">21<\/td>\n<td align=\"center !important\">5,2<\/td>\n<td align=\"center !important\">250<\/td>\n<td align=\"center !important\">3626<\/td>\n<td align=\"center !important\">230<\/td>\n<td align=\"center !important\">50<\/td>\n<td align=\"center !important\">93<\/td>\n<td align=\"center !important\">317.000<\/td>\n<td align=\"center !important\">35<\/td>\n<td align=\"center !important\">114<\/td>\n<td align=\"center !important\">2,6<\/td>\n<td align=\"center !important\">0.1 in.<\/td>\n<td align=\"center !important\">2<\/td>\n<td align=\"center !important\">2,36<\/td>\n<td align=\"center !important\">7,55<\/td>\n<td align=\"center !important\">2<\/td>\n<td align=\"center !important\">16 L<\/td>\n<td align=\"center !important\">4,2 gal<\/td>\n<td align=\"center !important\">80.000<\/td>\n<td align=\"center !important\">20<\/td>\n<td align=\"center !important\">290<\/td>\n<td align=\"center !important\">G 1\/2&#8243;<\/td>\n<td align=\"center !important\">G 1\/2&#8243;<\/td>\n<td align=\"center !important\">85<\/td>\n<td align=\"center !important\">150\u00b0C<\/td>\n<td align=\"center !important\">302\u00b0F<\/td>\n<\/tr>\n<tr>\n<td align=\"center !important\">3.064.04.010<\/td>\n<td align=\"center !important\">25<\/td>\n<td align=\"center !important\">6,6<\/td>\n<td align=\"center !important\">250<\/td>\n<td align=\"center !important\">3626<\/td>\n<td align=\"center !important\">12<\/td>\n<td align=\"center !important\">DC<\/td>\n<td align=\"center !important\">105<\/td>\n<td align=\"center !important\">357.000<\/td>\n<td align=\"center !important\">35<\/td>\n<td align=\"center !important\">114<\/td>\n<td align=\"center !important\">2,6<\/td>\n<td align=\"center !important\">0.1 in.<\/td>\n<td align=\"center !important\">2,25<\/td>\n<td align=\"center !important\">37<\/td>\n<td align=\"center !important\">8,5<\/td>\n<td align=\"center !important\">2,25<\/td>\n<td align=\"center !important\">16 L<\/td>\n<td align=\"center !important\">4,2 gal<\/td>\n<td align=\"center !important\">90.000<\/td>\n<td align=\"center !important\">20<\/td>\n<td align=\"center !important\">290<\/td>\n<td align=\"center !important\">G 1\/2<\/td>\n<td align=\"center !important\">G 1\/2<\/td>\n<td align=\"center !important\">85<\/td>\n<td align=\"center !important\">150\u00b0C<\/td>\n<td align=\"center !important\">302\u00b0F<\/td>\n<\/tr>\n<tr>\n<td align=\"center !important\">3.064.04.008<\/td>\n<td align=\"center !important\">25<\/td>\n<td align=\"center !important\">6,6<\/td>\n<td align=\"center !important\">250<\/td>\n<td align=\"center !important\">3626<\/td>\n<td align=\"center !important\">24<\/td>\n<td align=\"center !important\">DC<\/td>\n<td align=\"center !important\">105<\/td>\n<td align=\"center !important\">357.000<\/td>\n<td align=\"center !important\">35<\/td>\n<td align=\"center !important\">114<\/td>\n<td align=\"center !important\">2,6<\/td>\n<td align=\"center !important\">0.1 in.<\/td>\n<td align=\"center !important\">2,25<\/td>\n<td align=\"center !important\">16,5<\/td>\n<td align=\"center !important\">8,5<\/td>\n<td align=\"center !important\">2,25<\/td>\n<td align=\"center !important\">16 L<\/td>\n<td align=\"center !important\">4,2 gal<\/td>\n<td align=\"center !important\">90.000<\/td>\n<td align=\"center !important\">20<\/td>\n<td align=\"center !important\">290<\/td>\n<td align=\"center !important\">G 1\/2&#8243;<\/td>\n<td align=\"center !important\">G 1\/2&#8243;<\/td>\n<td align=\"center !important\">85<\/td>\n<td align=\"center !important\">150\u00b0C<\/td>\n<td align=\"center !important\">302\u00b0F<\/td>\n<\/tr>\n<tr>\n<td align=\"center !important\">3.064.04.006<\/td>\n<td align=\"center !important\">25<\/td>\n<td align=\"center !important\">6,6<\/td>\n<td align=\"center !important\">250<\/td>\n<td align=\"center !important\">3625<\/td>\n<td align=\"center !important\">230<\/td>\n<td align=\"center !important\">50<\/td>\n<td align=\"center !important\">105<\/td>\n<td align=\"center !important\">357.000<\/td>\n<td align=\"center !important\">35<\/td>\n<td align=\"center !important\">114<\/td>\n<td align=\"center !important\">2,6<\/td>\n<td align=\"center !important\">0.1 in.<\/td>\n<td align=\"center !important\">2,25<\/td>\n<td align=\"center !important\">2.36<\/td>\n<td align=\"center !important\">8,5<\/td>\n<td align=\"center !important\">2,25<\/td>\n<td align=\"center !important\">16 L<\/td>\n<td align=\"center !important\">4,2 gal<\/td>\n<td align=\"center !important\">90.000<\/td>\n<td align=\"center !important\">20<\/td>\n<td align=\"center !important\">290<\/td>\n<td align=\"center !important\">G 1\/2<\/td>\n<td align=\"center !important\">G 1\/2<\/td>\n<td align=\"center !important\">85<\/td>\n<td align=\"center !important\">150\u00b0C<\/td>\n<td align=\"center !important\">302\u00b0F<\/td>\n<\/tr>\n<tr>\n<td align=\"center !important\">3.064.04.015<\/td>\n<td align=\"center !important\">25<\/td>\n<td align=\"center !important\">6,6<\/td>\n<td align=\"center !important\">350<\/td>\n<td align=\"center !important\">5076<\/td>\n<td align=\"center !important\">230<\/td>\n<td align=\"center !important\">50<\/td>\n<td align=\"center !important\">105<\/td>\n<td align=\"center !important\">357.000<\/td>\n<td align=\"center !important\">35<\/td>\n<td align=\"center !important\">114<\/td>\n<td align=\"center !important\">2,6<\/td>\n<td align=\"center !important\">0.1 in.<\/td>\n<td align=\"center !important\">2,25<\/td>\n<td align=\"center !important\">2,36<\/td>\n<td align=\"center !important\">8,5<\/td>\n<td align=\"center !important\">2,25<\/td>\n<td align=\"center !important\">16 L<\/td>\n<td align=\"center !important\">4,2 gal<\/td>\n<td align=\"center !important\">90.000<\/td>\n<td align=\"center !important\">20<\/td>\n<td align=\"center !important\">290<\/td>\n<td align=\"center !important\">G 1\/2&#8243;<\/td>\n<td align=\"center !important\">G 1\/2&#8243;<\/td>\n<td align=\"center !important\">85<\/td>\n<td align=\"center !important\">150\u00b0C<\/td>\n<td align=\"center !important\">302\u00b0F<\/td>\n<\/tr>\n<tr>\n<td align=\"center !important\">3.064.04.016<\/td>\n<td align=\"center !important\">25<\/td>\n<td align=\"center !important\">6,6<\/td>\n<td align=\"center !important\">500<\/td>\n<td align=\"center !important\">7252<\/td>\n<td align=\"center !important\">230<\/td>\n<td align=\"center !important\">50<\/td>\n<td align=\"center !important\">105<\/td>\n<td align=\"center !important\">357.000<\/td>\n<td align=\"center !important\">35<\/td>\n<td align=\"center !important\">114<\/td>\n<td align=\"center !important\">3<\/td>\n<td align=\"center !important\">0.12 in.<\/td>\n<td align=\"center !important\">2,25<\/td>\n<td align=\"center !important\">2,36<\/td>\n<td align=\"center !important\">8,5<\/td>\n<td align=\"center !important\">2,25<\/td>\n<td align=\"center !important\">16 L<\/td>\n<td align=\"center !important\">4,2 gal<\/td>\n<td align=\"center !important\">90.000<\/td>\n<td align=\"center !important\">20<\/td>\n<td align=\"center !important\">290<\/td>\n<td align=\"center !important\">G 1\/2&#8243;<\/td>\n<td align=\"center !important\">G 1\/2&#8243;<\/td>\n<td align=\"center !important\">85<\/td>\n<td align=\"center !important\">150\u00b0C<\/td>\n<td align=\"center !important\">302\u00b0F<\/td>\n<\/tr>\n<\/tbody>\n<\/table>\n<\/div>\n","protected":false},"excerpt":{"rendered":"<p>Mazzoni Firebox wytwarza gor\u0105c\u0105 wod\u0119 przez umieszczony w \u015brodku kocio\u0142 z silnikiem wysokopr\u0119\u017cnym. Mo\u017ce by\u0107 podawany nawet przez prost\u0105 pomp\u0119, wa\u017cne jest to, \u017ce ci\u015bnienie wynosi co najmniej 15 bar\u00f3w. Aby go obs\u0142ugiwa\u0107, kocio\u0142 ma tylko pr\u0105d i olej nap\u0119dowy. Ogrzewa zimn\u0105 wod\u0119 do 150 \u00b0 C, niezb\u0119dne tam, gdzie potrzebna jest gor\u0105ca woda do bardziej skutecznego mycia lub do specjalnych zastosowa\u0144 w rolnictwie, hodowli zwierz\u0105t, przemy\u015ble, basenach itp. Mo\u017ce by\u0107 dostarczany w r\u00f3\u017cnych napi\u0119ciach (12-24-230-400 wolt\u00f3w). Pompa diesla jest sprz\u0119\u017cona bezpo\u015brednio z wentylatorem przez z\u0142\u0105cze. Kot\u0142y produkowane przez Mazzoni s\u0105 wysokowydajne i maj\u0105 niskie zu\u017cycie. Warto\u015bci emisji gaz\u00f3w s\u0105 ni\u017csze ni\u017c te wymagane przez ostatnie przepisy europejskie. Konstrukcja kot\u0142a wykonana jest ze stali nierdzewnej, a zastosowana rura ma wymiary 3\/8\\&#8221;. Pokrycie ze stali nierdzewnej i podstawa ze stali malowanej, dostarczane ze zbiornikiem oleju nap\u0119dowego 17L i poziomem w\u0142o\u017conym do konstrukcji. Funkcje bezpiecze\u0144stwa: zaw\u00f3r bezpiecze\u0144stwa, kontrola przep\u0142ywu wody.<\/p>\n","protected":false},"featured_media":67915,"template":"","meta":{"zakra_page_container_layout":"customizer","zakra_page_sidebar_layout":"customizer","zakra_remove_content_margin":false,"zakra_sidebar":"customizer","zakra_transparent_header":"customizer","zakra_logo":0,"zakra_main_header_style":"default","zakra_menu_item_color":"","zakra_menu_item_hover_color":"","zakra_menu_item_active_color":"","zakra_menu_active_style":"","zakra_page_header":true},"product_brand":[],"product_cat":[3800],"product_tag":[3684,3644,3660,3708,3652,3700,3668],"class_list":{"0":"post-50991","1":"product","2":"type-product","3":"status-publish","4":"has-post-thumbnail","6":"product_cat-grupa-ogrzewania","7":"product_tag-budownictwo_pl","8":"product_tag-czyszczenie_pl","9":"product_tag-myjni_samochodowe_pl","10":"product_tag-przemysl-ciezki","11":"product_tag-rolnictwo_pl","12":"product_tag-stoczniowym_pl","13":"product_tag-zywnosci","15":"first","16":"instock","17":"shipping-taxable","18":"product-type-simple"},"yoast_head":"<!-- This site is optimized with the Yoast SEO plugin v27.5 - https:\/\/yoast.com\/product\/yoast-seo-wordpress\/ -->\n<title>JEDNOSTKA OGRZEWANIA 21\/25 L \u015aREDNIA - Mazzoni<\/title>\n<meta name=\"robots\" content=\"index, follow, max-snippet:-1, max-image-preview:large, max-video-preview:-1\" \/>\n<link rel=\"canonical\" href=\"https:\/\/e-mazzoni.it\/pl\/produkt\/jednostka-ogrzewania-21-25-l-srednia\/\" \/>\n<meta property=\"og:locale\" content=\"pl_PL\" \/>\n<meta property=\"og:type\" content=\"article\" \/>\n<meta property=\"og:title\" content=\"JEDNOSTKA OGRZEWANIA 21\/25 L \u015aREDNIA - Mazzoni\" \/>\n<meta property=\"og:description\" content=\"Mazzoni Firebox wytwarza gor\u0105c\u0105 wod\u0119 przez umieszczony w \u015brodku kocio\u0142 z silnikiem wysokopr\u0119\u017cnym. Mo\u017ce by\u0107 podawany nawet przez prost\u0105 pomp\u0119, wa\u017cne jest to, \u017ce ci\u015bnienie wynosi co najmniej 15 bar\u00f3w. Aby go obs\u0142ugiwa\u0107, kocio\u0142 ma tylko pr\u0105d i olej nap\u0119dowy. Ogrzewa zimn\u0105 wod\u0119 do 150 \u00b0 C, niezb\u0119dne tam, gdzie potrzebna jest gor\u0105ca woda do bardziej skutecznego mycia lub do specjalnych zastosowa\u0144 w rolnictwie, hodowli zwierz\u0105t, przemy\u015ble, basenach itp. Mo\u017ce by\u0107 dostarczany w r\u00f3\u017cnych napi\u0119ciach (12-24-230-400 wolt\u00f3w). Pompa diesla jest sprz\u0119\u017cona bezpo\u015brednio z wentylatorem przez z\u0142\u0105cze. Kot\u0142y produkowane przez Mazzoni s\u0105 wysokowydajne i maj\u0105 niskie zu\u017cycie. Warto\u015bci emisji gaz\u00f3w s\u0105 ni\u017csze ni\u017c te wymagane przez ostatnie przepisy europejskie. Konstrukcja kot\u0142a wykonana jest ze stali nierdzewnej, a zastosowana rura ma wymiary 3\/8&quot;. Pokrycie ze stali nierdzewnej i podstawa ze stali malowanej, dostarczane ze zbiornikiem oleju nap\u0119dowego 17L i poziomem w\u0142o\u017conym do konstrukcji. Funkcje bezpiecze\u0144stwa: zaw\u00f3r bezpiecze\u0144stwa, kontrola przep\u0142ywu wody.\" \/>\n<meta property=\"og:url\" content=\"https:\/\/e-mazzoni.it\/pl\/produkt\/jednostka-ogrzewania-21-25-l-srednia\/\" \/>\n<meta property=\"og:site_name\" content=\"Mazzoni\" \/>\n<meta property=\"article:modified_time\" content=\"2026-05-02T02:15:17+00:00\" \/>\n<meta property=\"og:image\" content=\"https:\/\/e-mazzoni.it\/wp-content\/uploads\/2026\/04\/DOC7658892909.jpg\" \/>\n\t<meta property=\"og:image:width\" content=\"800\" \/>\n\t<meta property=\"og:image:height\" content=\"800\" \/>\n\t<meta property=\"og:image:type\" content=\"image\/jpeg\" \/>\n<meta name=\"twitter:card\" content=\"summary_large_image\" \/>\n<meta name=\"twitter:label1\" content=\"Szacowany czas czytania\" \/>\n\t<meta name=\"twitter:data1\" content=\"1 minuta\" \/>\n<!-- \/ Yoast SEO plugin. -->","yoast_head_json":{"title":"JEDNOSTKA OGRZEWANIA 21\/25 L \u015aREDNIA - Mazzoni","robots":{"index":"index","follow":"follow","max-snippet":"max-snippet:-1","max-image-preview":"max-image-preview:large","max-video-preview":"max-video-preview:-1"},"canonical":"https:\/\/e-mazzoni.it\/pl\/produkt\/jednostka-ogrzewania-21-25-l-srednia\/","og_locale":"pl_PL","og_type":"article","og_title":"JEDNOSTKA OGRZEWANIA 21\/25 L \u015aREDNIA - Mazzoni","og_description":"Mazzoni Firebox wytwarza gor\u0105c\u0105 wod\u0119 przez umieszczony w \u015brodku kocio\u0142 z silnikiem wysokopr\u0119\u017cnym. Mo\u017ce by\u0107 podawany nawet przez prost\u0105 pomp\u0119, wa\u017cne jest to, \u017ce ci\u015bnienie wynosi co najmniej 15 bar\u00f3w. Aby go obs\u0142ugiwa\u0107, kocio\u0142 ma tylko pr\u0105d i olej nap\u0119dowy. Ogrzewa zimn\u0105 wod\u0119 do 150 \u00b0 C, niezb\u0119dne tam, gdzie potrzebna jest gor\u0105ca woda do bardziej skutecznego mycia lub do specjalnych zastosowa\u0144 w rolnictwie, hodowli zwierz\u0105t, przemy\u015ble, basenach itp. Mo\u017ce by\u0107 dostarczany w r\u00f3\u017cnych napi\u0119ciach (12-24-230-400 wolt\u00f3w). Pompa diesla jest sprz\u0119\u017cona bezpo\u015brednio z wentylatorem przez z\u0142\u0105cze. Kot\u0142y produkowane przez Mazzoni s\u0105 wysokowydajne i maj\u0105 niskie zu\u017cycie. Warto\u015bci emisji gaz\u00f3w s\u0105 ni\u017csze ni\u017c te wymagane przez ostatnie przepisy europejskie. Konstrukcja kot\u0142a wykonana jest ze stali nierdzewnej, a zastosowana rura ma wymiary 3\/8\". Pokrycie ze stali nierdzewnej i podstawa ze stali malowanej, dostarczane ze zbiornikiem oleju nap\u0119dowego 17L i poziomem w\u0142o\u017conym do konstrukcji. Funkcje bezpiecze\u0144stwa: zaw\u00f3r bezpiecze\u0144stwa, kontrola przep\u0142ywu wody.","og_url":"https:\/\/e-mazzoni.it\/pl\/produkt\/jednostka-ogrzewania-21-25-l-srednia\/","og_site_name":"Mazzoni","article_modified_time":"2026-05-02T02:15:17+00:00","og_image":[{"width":800,"height":800,"url":"https:\/\/e-mazzoni.it\/wp-content\/uploads\/2026\/04\/DOC7658892909.jpg","type":"image\/jpeg"}],"twitter_card":"summary_large_image","twitter_misc":{"Szacowany czas czytania":"1 minuta"},"schema":{"@context":"https:\/\/schema.org","@graph":[{"@type":"WebPage","@id":"https:\/\/e-mazzoni.it\/pl\/produkt\/jednostka-ogrzewania-21-25-l-srednia\/","url":"https:\/\/e-mazzoni.it\/pl\/produkt\/jednostka-ogrzewania-21-25-l-srednia\/","name":"JEDNOSTKA OGRZEWANIA 21\/25 L \u015aREDNIA - Mazzoni","isPartOf":{"@id":"https:\/\/e-mazzoni.it\/pl\/#website"},"primaryImageOfPage":{"@id":"https:\/\/e-mazzoni.it\/pl\/produkt\/jednostka-ogrzewania-21-25-l-srednia\/#primaryimage"},"image":{"@id":"https:\/\/e-mazzoni.it\/pl\/produkt\/jednostka-ogrzewania-21-25-l-srednia\/#primaryimage"},"thumbnailUrl":"https:\/\/e-mazzoni.it\/wp-content\/uploads\/2026\/04\/DOC7658892909.jpg","datePublished":"2024-10-15T06:47:13+00:00","dateModified":"2026-05-02T02:15:17+00:00","breadcrumb":{"@id":"https:\/\/e-mazzoni.it\/pl\/produkt\/jednostka-ogrzewania-21-25-l-srednia\/#breadcrumb"},"inLanguage":"pl-PL","potentialAction":[{"@type":"ReadAction","target":["https:\/\/e-mazzoni.it\/pl\/produkt\/jednostka-ogrzewania-21-25-l-srednia\/"]}]},{"@type":"ImageObject","inLanguage":"pl-PL","@id":"https:\/\/e-mazzoni.it\/pl\/produkt\/jednostka-ogrzewania-21-25-l-srednia\/#primaryimage","url":"https:\/\/e-mazzoni.it\/wp-content\/uploads\/2026\/04\/DOC7658892909.jpg","contentUrl":"https:\/\/e-mazzoni.it\/wp-content\/uploads\/2026\/04\/DOC7658892909.jpg","width":800,"height":800},{"@type":"BreadcrumbList","@id":"https:\/\/e-mazzoni.it\/pl\/produkt\/jednostka-ogrzewania-21-25-l-srednia\/#breadcrumb","itemListElement":[{"@type":"ListItem","position":1,"name":"Home","item":"https:\/\/e-mazzoni.it\/pl\/"},{"@type":"ListItem","position":2,"name":"Produkty","item":"https:\/\/e-mazzoni.it\/pl\/produkty\/"},{"@type":"ListItem","position":3,"name":"JEDNOSTKA OGRZEWANIA 21\/25 L \u015aREDNIA"}]},{"@type":"WebSite","@id":"https:\/\/e-mazzoni.it\/pl\/#website","url":"https:\/\/e-mazzoni.it\/pl\/","name":"Mazzoni","description":"Mazzoni","publisher":{"@id":"https:\/\/e-mazzoni.it\/pl\/#organization"},"potentialAction":[{"@type":"SearchAction","target":{"@type":"EntryPoint","urlTemplate":"https:\/\/e-mazzoni.it\/pl\/?s={search_term_string}"},"query-input":{"@type":"PropertyValueSpecification","valueRequired":true,"valueName":"search_term_string"}}],"inLanguage":"pl-PL"},{"@type":"Organization","@id":"https:\/\/e-mazzoni.it\/pl\/#organization","name":"Mazzoni","url":"https:\/\/e-mazzoni.it\/pl\/","logo":{"@type":"ImageObject","inLanguage":"pl-PL","@id":"https:\/\/e-mazzoni.it\/pl\/#\/schema\/logo\/image\/","url":"https:\/\/e-mazzoni.it\/wp-content\/uploads\/2023\/07\/logo.png","contentUrl":"https:\/\/e-mazzoni.it\/wp-content\/uploads\/2023\/07\/logo.png","width":250,"height":109,"caption":"Mazzoni"},"image":{"@id":"https:\/\/e-mazzoni.it\/pl\/#\/schema\/logo\/image\/"}}]}},"_links":{"self":[{"href":"https:\/\/e-mazzoni.it\/pl\/wp-json\/wp\/v2\/product\/50991","targetHints":{"allow":["GET"]}}],"collection":[{"href":"https:\/\/e-mazzoni.it\/pl\/wp-json\/wp\/v2\/product"}],"about":[{"href":"https:\/\/e-mazzoni.it\/pl\/wp-json\/wp\/v2\/types\/product"}],"wp:featuredmedia":[{"embeddable":true,"href":"https:\/\/e-mazzoni.it\/pl\/wp-json\/wp\/v2\/media\/67915"}],"wp:attachment":[{"href":"https:\/\/e-mazzoni.it\/pl\/wp-json\/wp\/v2\/media?parent=50991"}],"wp:term":[{"taxonomy":"product_brand","embeddable":true,"href":"https:\/\/e-mazzoni.it\/pl\/wp-json\/wp\/v2\/product_brand?post=50991"},{"taxonomy":"product_cat","embeddable":true,"href":"https:\/\/e-mazzoni.it\/pl\/wp-json\/wp\/v2\/product_cat?post=50991"},{"taxonomy":"product_tag","embeddable":true,"href":"https:\/\/e-mazzoni.it\/pl\/wp-json\/wp\/v2\/product_tag?post=50991"}],"curies":[{"name":"wp","href":"https:\/\/api.w.org\/{rel}","templated":true}]}}