{"id":50989,"date":"2024-10-15T06:47:05","date_gmt":"2024-10-15T06:47:05","guid":{"rendered":"https:\/\/e-mazzoni.it\/prodotto\/cztery-odpornosci\/"},"modified":"2026-05-02T02:14:30","modified_gmt":"2026-05-02T02:14:30","slug":"cztery-odpornosci","status":"publish","type":"product","link":"https:\/\/e-mazzoni.it\/pl\/produkt\/cztery-odpornosci\/","title":{"rendered":"CZTERY ODPORNO\u015aCI"},"content":{"rendered":"<p>Kocio\u0142 elektryczny Mazzoni 12 L \/ MIN 400 V Max. temperatura 85 \u00b0 C Moc 24 kW<\/p>\n<div>\n<table style=\"width: 100%\" border=\"1\" id=\"table_options\">\n<tbody>\n<tr>\n<th style=\"color: #fff\" bgcolor=\"#ea2833\">PART NUMBER<\/th>\n<th style=\"color: #fff\" bgcolor=\"#ea2833\">L\/MIN &#8211; 1450 RPM<\/th>\n<th style=\"color: #fff\" bgcolor=\"#ea2833\">GPM &#8211; 1450 RPM<\/th>\n<th style=\"color: #fff\" bgcolor=\"#ea2833\">BAR<\/th>\n<th style=\"color: #fff\" bgcolor=\"#ea2833\">PSI<\/th>\n<th style=\"color: #fff\" bgcolor=\"#ea2833\">VOLTS<\/th>\n<th style=\"color: #fff\" bgcolor=\"#ea2833\">Hz<\/th>\n<th style=\"color: #fff\" bgcolor=\"#ea2833\">A 50 HZ<\/th>\n<th style=\"color: #fff\" bgcolor=\"#ea2833\">KW<\/th>\n<th style=\"color: #fff\" bgcolor=\"#ea2833\">MAX. TEMPERATURE OUTLET (\u00b0C )<\/th>\n<th style=\"color: #fff\" bgcolor=\"#ea2833\">MAX. TEMPERATURE OUTLET ( F )<\/th>\n<th style=\"color: #fff\" bgcolor=\"#ea2833\">INLET<\/th>\n<th style=\"color: #fff\" bgcolor=\"#ea2833\">OUTLET<\/th>\n<th style=\"color: #fff\" bgcolor=\"#ea2833\">MIN PRESSURE INPUT (BAR)<\/th>\n<th style=\"color: #fff\" bgcolor=\"#ea2833\">MIN  PRESSURE INPUT (PSI)<\/th>\n<th style=\"color: #fff\" bgcolor=\"#ea2833\">NET WEIGHT (KG)<\/th>\n<th style=\"color: #fff\" bgcolor=\"#ea2833\">NET WEIGHT (LBS)<\/th>\n<\/tr>\n<tr>\n<td align=\"center !important\">3.026.04.092<\/td>\n<td align=\"center !important\">13<\/td>\n<td align=\"center !important\">3.38<\/td>\n<td align=\"center !important\"><\/td>\n<td align=\"center !important\"><\/td>\n<td align=\"center !important\">400<\/td>\n<td align=\"center !important\">50<\/td>\n<td align=\"center !important\">48<\/td>\n<td align=\"center !important\">34<\/td>\n<td align=\"center !important\">85\u00b0C<\/td>\n<td align=\"center !important\">185\u00b0F<\/td>\n<td align=\"center !important\">G 3\/4&#8243;<\/td>\n<td align=\"center !important\">G 1\/2&#8243;<\/td>\n<td align=\"center !important\">1<\/td>\n<td align=\"center !important\">14.5<\/td>\n<td align=\"center !important\">37<\/td>\n<td align=\"center !important\">70.5<\/td>\n<\/tr>\n<\/tbody>\n<\/table>\n<\/div>\n","protected":false},"excerpt":{"rendered":"<p>Maksymalne ogrzewanie i minimalny poziom emisji tlenk\u00f3w azotu do \u015brodowiska. Kot\u0142y Mazzoni s\u0105 synonimem bezpiecze\u0144stwa i jako\u015bci, gwarantowanym przez materia\u0142y pierwszego wyboru i konstrukcj\u0119 zaprojektowan\u0105 w celu uzyskania maksymalnej wydajno\u015bci cieplnej, uwa\u017cnie przygl\u0105daj\u0105c si\u0119 oszcz\u0119dzaniu energii oraz nowym przepisom dotycz\u0105cym \u015brodowiska i bezpiecze\u0144stwa.<\/p>\n","protected":false},"featured_media":67911,"template":"","meta":{"zakra_page_container_layout":"customizer","zakra_page_sidebar_layout":"customizer","zakra_remove_content_margin":false,"zakra_sidebar":"customizer","zakra_transparent_header":"customizer","zakra_logo":0,"zakra_main_header_style":"default","zakra_menu_item_color":"","zakra_menu_item_hover_color":"","zakra_menu_item_active_color":"","zakra_menu_active_style":"","zakra_page_header":true},"product_brand":[],"product_cat":[3812],"product_tag":[3684,3644,3660,3708,3652,3700,3668],"class_list":{"0":"post-50989","1":"product","2":"type-product","3":"status-publish","4":"has-post-thumbnail","6":"product_cat-kotlow-elektrycznych","7":"product_tag-budownictwo_pl","8":"product_tag-czyszczenie_pl","9":"product_tag-myjni_samochodowe_pl","10":"product_tag-przemysl-ciezki","11":"product_tag-rolnictwo_pl","12":"product_tag-stoczniowym_pl","13":"product_tag-zywnosci","15":"first","16":"instock","17":"shipping-taxable","18":"product-type-simple"},"yoast_head":"<!-- This site is optimized with the Yoast SEO plugin v27.5 - https:\/\/yoast.com\/product\/yoast-seo-wordpress\/ -->\n<title>CZTERY ODPORNO\u015aCI - Mazzoni<\/title>\n<meta name=\"robots\" content=\"index, follow, max-snippet:-1, max-image-preview:large, max-video-preview:-1\" \/>\n<link rel=\"canonical\" href=\"https:\/\/e-mazzoni.it\/pl\/produkt\/cztery-odpornosci\/\" \/>\n<meta property=\"og:locale\" content=\"pl_PL\" \/>\n<meta property=\"og:type\" content=\"article\" \/>\n<meta property=\"og:title\" content=\"CZTERY ODPORNO\u015aCI - Mazzoni\" \/>\n<meta property=\"og:description\" content=\"Maksymalne ogrzewanie i minimalny poziom emisji tlenk\u00f3w azotu do \u015brodowiska. Kot\u0142y Mazzoni s\u0105 synonimem bezpiecze\u0144stwa i jako\u015bci, gwarantowanym przez materia\u0142y pierwszego wyboru i konstrukcj\u0119 zaprojektowan\u0105 w celu uzyskania maksymalnej wydajno\u015bci cieplnej, uwa\u017cnie przygl\u0105daj\u0105c si\u0119 oszcz\u0119dzaniu energii oraz nowym przepisom dotycz\u0105cym \u015brodowiska i bezpiecze\u0144stwa.\" \/>\n<meta property=\"og:url\" content=\"https:\/\/e-mazzoni.it\/pl\/produkt\/cztery-odpornosci\/\" \/>\n<meta property=\"og:site_name\" content=\"Mazzoni\" \/>\n<meta property=\"article:modified_time\" content=\"2026-05-02T02:14:30+00:00\" \/>\n<meta property=\"og:image\" content=\"https:\/\/e-mazzoni.it\/wp-content\/uploads\/2026\/04\/DOC5066901227.jpg\" \/>\n\t<meta property=\"og:image:width\" content=\"1440\" \/>\n\t<meta property=\"og:image:height\" content=\"1080\" \/>\n\t<meta property=\"og:image:type\" content=\"image\/jpeg\" \/>\n<meta name=\"twitter:card\" content=\"summary_large_image\" \/>\n<!-- \/ Yoast SEO plugin. -->","yoast_head_json":{"title":"CZTERY ODPORNO\u015aCI - Mazzoni","robots":{"index":"index","follow":"follow","max-snippet":"max-snippet:-1","max-image-preview":"max-image-preview:large","max-video-preview":"max-video-preview:-1"},"canonical":"https:\/\/e-mazzoni.it\/pl\/produkt\/cztery-odpornosci\/","og_locale":"pl_PL","og_type":"article","og_title":"CZTERY ODPORNO\u015aCI - Mazzoni","og_description":"Maksymalne ogrzewanie i minimalny poziom emisji tlenk\u00f3w azotu do \u015brodowiska. Kot\u0142y Mazzoni s\u0105 synonimem bezpiecze\u0144stwa i jako\u015bci, gwarantowanym przez materia\u0142y pierwszego wyboru i konstrukcj\u0119 zaprojektowan\u0105 w celu uzyskania maksymalnej wydajno\u015bci cieplnej, uwa\u017cnie przygl\u0105daj\u0105c si\u0119 oszcz\u0119dzaniu energii oraz nowym przepisom dotycz\u0105cym \u015brodowiska i bezpiecze\u0144stwa.","og_url":"https:\/\/e-mazzoni.it\/pl\/produkt\/cztery-odpornosci\/","og_site_name":"Mazzoni","article_modified_time":"2026-05-02T02:14:30+00:00","og_image":[{"width":1440,"height":1080,"url":"https:\/\/e-mazzoni.it\/wp-content\/uploads\/2026\/04\/DOC5066901227.jpg","type":"image\/jpeg"}],"twitter_card":"summary_large_image","schema":{"@context":"https:\/\/schema.org","@graph":[{"@type":"WebPage","@id":"https:\/\/e-mazzoni.it\/pl\/produkt\/cztery-odpornosci\/","url":"https:\/\/e-mazzoni.it\/pl\/produkt\/cztery-odpornosci\/","name":"CZTERY ODPORNO\u015aCI - Mazzoni","isPartOf":{"@id":"https:\/\/e-mazzoni.it\/pl\/#website"},"primaryImageOfPage":{"@id":"https:\/\/e-mazzoni.it\/pl\/produkt\/cztery-odpornosci\/#primaryimage"},"image":{"@id":"https:\/\/e-mazzoni.it\/pl\/produkt\/cztery-odpornosci\/#primaryimage"},"thumbnailUrl":"https:\/\/e-mazzoni.it\/wp-content\/uploads\/2026\/04\/DOC5066901227.jpg","datePublished":"2024-10-15T06:47:05+00:00","dateModified":"2026-05-02T02:14:30+00:00","breadcrumb":{"@id":"https:\/\/e-mazzoni.it\/pl\/produkt\/cztery-odpornosci\/#breadcrumb"},"inLanguage":"pl-PL","potentialAction":[{"@type":"ReadAction","target":["https:\/\/e-mazzoni.it\/pl\/produkt\/cztery-odpornosci\/"]}]},{"@type":"ImageObject","inLanguage":"pl-PL","@id":"https:\/\/e-mazzoni.it\/pl\/produkt\/cztery-odpornosci\/#primaryimage","url":"https:\/\/e-mazzoni.it\/wp-content\/uploads\/2026\/04\/DOC5066901227.jpg","contentUrl":"https:\/\/e-mazzoni.it\/wp-content\/uploads\/2026\/04\/DOC5066901227.jpg","width":1440,"height":1080},{"@type":"BreadcrumbList","@id":"https:\/\/e-mazzoni.it\/pl\/produkt\/cztery-odpornosci\/#breadcrumb","itemListElement":[{"@type":"ListItem","position":1,"name":"Home","item":"https:\/\/e-mazzoni.it\/pl\/"},{"@type":"ListItem","position":2,"name":"Produkty","item":"https:\/\/e-mazzoni.it\/pl\/produkty\/"},{"@type":"ListItem","position":3,"name":"CZTERY ODPORNO\u015aCI"}]},{"@type":"WebSite","@id":"https:\/\/e-mazzoni.it\/pl\/#website","url":"https:\/\/e-mazzoni.it\/pl\/","name":"Mazzoni","description":"Mazzoni","publisher":{"@id":"https:\/\/e-mazzoni.it\/pl\/#organization"},"potentialAction":[{"@type":"SearchAction","target":{"@type":"EntryPoint","urlTemplate":"https:\/\/e-mazzoni.it\/pl\/?s={search_term_string}"},"query-input":{"@type":"PropertyValueSpecification","valueRequired":true,"valueName":"search_term_string"}}],"inLanguage":"pl-PL"},{"@type":"Organization","@id":"https:\/\/e-mazzoni.it\/pl\/#organization","name":"Mazzoni","url":"https:\/\/e-mazzoni.it\/pl\/","logo":{"@type":"ImageObject","inLanguage":"pl-PL","@id":"https:\/\/e-mazzoni.it\/pl\/#\/schema\/logo\/image\/","url":"https:\/\/e-mazzoni.it\/wp-content\/uploads\/2023\/07\/logo.png","contentUrl":"https:\/\/e-mazzoni.it\/wp-content\/uploads\/2023\/07\/logo.png","width":250,"height":109,"caption":"Mazzoni"},"image":{"@id":"https:\/\/e-mazzoni.it\/pl\/#\/schema\/logo\/image\/"}}]}},"_links":{"self":[{"href":"https:\/\/e-mazzoni.it\/pl\/wp-json\/wp\/v2\/product\/50989","targetHints":{"allow":["GET"]}}],"collection":[{"href":"https:\/\/e-mazzoni.it\/pl\/wp-json\/wp\/v2\/product"}],"about":[{"href":"https:\/\/e-mazzoni.it\/pl\/wp-json\/wp\/v2\/types\/product"}],"wp:featuredmedia":[{"embeddable":true,"href":"https:\/\/e-mazzoni.it\/pl\/wp-json\/wp\/v2\/media\/67911"}],"wp:attachment":[{"href":"https:\/\/e-mazzoni.it\/pl\/wp-json\/wp\/v2\/media?parent=50989"}],"wp:term":[{"taxonomy":"product_brand","embeddable":true,"href":"https:\/\/e-mazzoni.it\/pl\/wp-json\/wp\/v2\/product_brand?post=50989"},{"taxonomy":"product_cat","embeddable":true,"href":"https:\/\/e-mazzoni.it\/pl\/wp-json\/wp\/v2\/product_cat?post=50989"},{"taxonomy":"product_tag","embeddable":true,"href":"https:\/\/e-mazzoni.it\/pl\/wp-json\/wp\/v2\/product_tag?post=50989"}],"curies":[{"name":"wp","href":"https:\/\/api.w.org\/{rel}","templated":true}]}}