{"id":50972,"date":"2024-10-15T06:45:57","date_gmt":"2024-10-15T06:45:57","guid":{"rendered":"https:\/\/e-mazzoni.it\/prodotto\/naturalne-kotla-gazowe\/"},"modified":"2026-05-02T02:09:43","modified_gmt":"2026-05-02T02:09:43","slug":"naturalne-kotla-gazowe","status":"publish","type":"product","link":"https:\/\/e-mazzoni.it\/pl\/produkt\/naturalne-kotla-gazowe\/","title":{"rendered":"NATURALNE KOT\u0141A GAZOWE"},"content":{"rendered":"<p>\\&#8221;\u201eCHARAKTERYSTYKA TECHNICZNA:<\/p>\n<p>W\u0142\u0105cznik \/ wy\u0142\u0105cznik<br \/>\nKontrola p\u0142omienia<br \/>\nTermostat<br \/>\nPrzycisk resetowania<br \/>\nKontrola wody za pomoc\u0105 prze\u0142\u0105cznika przep\u0142ywu i prze\u0142\u0105cznika ci\u015bnienia<br \/>\nKontrola wentylacji<br \/>\nKontrola maksymalnego i minimalnego ci\u015bnienia gazu \u201d\\&#8221;<\/p>\n<div>\n<table style=\"width: 100%\" border=\"1\" id=\"table_options\">\n<tbody>\n<tr>\n<th style=\"color: #fff\" bgcolor=\"#ea2833\">PART NUMBER<\/th>\n<th style=\"color: #fff\" bgcolor=\"#ea2833\">L\/MIN<\/th>\n<th style=\"color: #fff\" bgcolor=\"#ea2833\">GPM<\/th>\n<th style=\"color: #fff\" bgcolor=\"#ea2833\">BAR<\/th>\n<th style=\"color: #fff\" bgcolor=\"#ea2833\">PSI<\/th>\n<th style=\"color: #fff\" bgcolor=\"#ea2833\">VOLTS<\/th>\n<th style=\"color: #fff\" bgcolor=\"#ea2833\">Hz<\/th>\n<th style=\"color: #fff\" bgcolor=\"#ea2833\">PERFORMANCE (KW)<\/th>\n<th style=\"color: #fff\" bgcolor=\"#ea2833\">PERFORMANCE (BTU X 1000)<\/th>\n<th style=\"color: #fff\" bgcolor=\"#ea2833\">COIL LENGHT (MT)<\/th>\n<th style=\"color: #fff\" bgcolor=\"#ea2833\">COIL LENGHT (FT)<\/th>\n<th style=\"color: #fff\" bgcolor=\"#ea2833\">COIL THIKNESS (MM)<\/th>\n<th style=\"color: #fff\" bgcolor=\"#ea2833\">COIL THIKNESS (INCH)<\/th>\n<th style=\"color: #fff\" bgcolor=\"#ea2833\">A 50 HZ<\/th>\n<th style=\"color: #fff\" bgcolor=\"#ea2833\">KCAL\/H<\/th>\n<th style=\"color: #fff\" bgcolor=\"#ea2833\">GAS CONSUMPTION (NM3\/H)<\/th>\n<th style=\"color: #fff\" bgcolor=\"#ea2833\">MIN PRESSURE INPUT (BAR)<\/th>\n<th style=\"color: #fff\" bgcolor=\"#ea2833\">MIN  PRESSURE INPUT (PSI)<\/th>\n<th style=\"color: #fff\" bgcolor=\"#ea2833\">INLET<\/th>\n<th style=\"color: #fff\" bgcolor=\"#ea2833\">OUTLET<\/th>\n<th style=\"color: #fff\" bgcolor=\"#ea2833\">NET WEIGHT (KG)<\/th>\n<th style=\"color: #fff\" bgcolor=\"#ea2833\">NET WEIGHT (LBS)<\/th>\n<th style=\"color: #fff\" bgcolor=\"#ea2833\">MAX. TEMPERATURE OUTLET (\u00b0C )<\/th>\n<th style=\"color: #fff\" bgcolor=\"#ea2833\">MAX. TEMPERATURE OUTLET ( F )<\/th>\n<\/tr>\n<tr>\n<td align=\"center !important\">3.026.04.044<\/td>\n<td align=\"center !important\">15<\/td>\n<td align=\"center !important\">3,9<\/td>\n<td align=\"center !important\">250<\/td>\n<td align=\"center !important\">3626<\/td>\n<td align=\"center !important\">230<\/td>\n<td align=\"center !important\">50<\/td>\n<td align=\"center !important\">102<\/td>\n<td align=\"center !important\">198.000<\/td>\n<td align=\"center !important\">24<\/td>\n<td align=\"center !important\">82<\/td>\n<td align=\"center !important\">2,3<\/td>\n<td align=\"center !important\">0.1 in.<\/td>\n<td align=\"center !important\">1,1<\/td>\n<td align=\"center !important\">50.000<\/td>\n<td align=\"center !important\">10,5<\/td>\n<td align=\"center !important\">20<\/td>\n<td align=\"center !important\">290<\/td>\n<td align=\"center !important\">M 22&#215;1,5<\/td>\n<td align=\"center !important\">M 22&#215;1,5<\/td>\n<td align=\"center !important\">47<\/td>\n<td align=\"center !important\">103<\/td>\n<td align=\"center !important\">150\u00b0C<\/td>\n<td align=\"center !important\">302\u00b0F<\/td>\n<\/tr>\n<tr>\n<td align=\"center !important\">3.026.04.045<\/td>\n<td align=\"center !important\">21<\/td>\n<td align=\"center !important\">5,5<\/td>\n<td align=\"center !important\">250<\/td>\n<td align=\"center !important\">3626<\/td>\n<td align=\"center !important\">230<\/td>\n<td align=\"center !important\">50<\/td>\n<td align=\"center !important\">107<\/td>\n<td align=\"center !important\">365.000<\/td>\n<td align=\"center !important\">35<\/td>\n<td align=\"center !important\">114<\/td>\n<td align=\"center !important\">2,6<\/td>\n<td align=\"center !important\">0.1 in.<\/td>\n<td align=\"center !important\">1,1<\/td>\n<td align=\"center !important\">92.000<\/td>\n<td align=\"center !important\">11<\/td>\n<td align=\"center !important\">20<\/td>\n<td align=\"center !important\">290<\/td>\n<td align=\"center !important\">M 22&#215;1,5<\/td>\n<td align=\"center !important\">M 22&#215;1,5<\/td>\n<td align=\"center !important\">60<\/td>\n<td align=\"center !important\">132<\/td>\n<td align=\"center !important\">150\u00b0C<\/td>\n<td align=\"center !important\">302\u00b0F<\/td>\n<\/tr>\n<tr>\n<td align=\"center !important\">3.026.04.046<\/td>\n<td align=\"center !important\">30<\/td>\n<td align=\"center !important\">7,9<\/td>\n<td align=\"center !important\">250<\/td>\n<td align=\"center !important\">3626<\/td>\n<td align=\"center !important\">230<\/td>\n<td align=\"center !important\">50<\/td>\n<td align=\"center !important\">124<\/td>\n<td align=\"center !important\">456.000<\/td>\n<td align=\"center !important\">38.5<\/td>\n<td align=\"center !important\">126<\/td>\n<td align=\"center !important\">3<\/td>\n<td align=\"center !important\">0.1 in.<\/td>\n<td align=\"center !important\">2,4<\/td>\n<td align=\"center !important\">115.000<\/td>\n<td align=\"center !important\">14<\/td>\n<td align=\"center !important\">20<\/td>\n<td align=\"center !important\">290<\/td>\n<td align=\"center !important\">M 22&#215;1,5<\/td>\n<td align=\"center !important\">M 22&#215;1,5<\/td>\n<td align=\"center !important\">85<\/td>\n<td align=\"center !important\">187<\/td>\n<td align=\"center !important\">150\u00b0C<\/td>\n<td align=\"center !important\">302\u00b0F<\/td>\n<\/tr>\n<\/tbody>\n<\/table>\n<\/div>\n","protected":false},"excerpt":{"rendered":"<p>Kot\u0142y w komplecie z panelem elektrycznym: w\u0142\u0105cznik \/ wy\u0142\u0105cznik, kontrola p\u0142omienia, termostat, kontrola wody (prze\u0142\u0105cznik przep\u0142ywu i ci\u015bnienia), kontrola gazu (prze\u0142\u0105cznik podw\u00f3jnego ci\u015bnienia) kontrola wentylacji (prze\u0142\u0105cznik ci\u015bnienia) i zdalny prze\u0142\u0105cznik. \u00a0 DOSTAWA PALIWA LPG \u00a0<\/p>\n","protected":false},"featured_media":67851,"template":"","meta":{"zakra_page_container_layout":"customizer","zakra_page_sidebar_layout":"customizer","zakra_remove_content_margin":false,"zakra_sidebar":"customizer","zakra_transparent_header":"customizer","zakra_logo":0,"zakra_main_header_style":"default","zakra_menu_item_color":"","zakra_menu_item_hover_color":"","zakra_menu_item_active_color":"","zakra_menu_active_style":"","zakra_page_header":true},"product_brand":[],"product_cat":[3806],"product_tag":[3684,3644,3660,3708,3652,3700,3668],"class_list":{"0":"post-50972","1":"product","2":"type-product","3":"status-publish","4":"has-post-thumbnail","6":"product_cat-kotlow-gazowych","7":"product_tag-budownictwo_pl","8":"product_tag-czyszczenie_pl","9":"product_tag-myjni_samochodowe_pl","10":"product_tag-przemysl-ciezki","11":"product_tag-rolnictwo_pl","12":"product_tag-stoczniowym_pl","13":"product_tag-zywnosci","15":"first","16":"instock","17":"shipping-taxable","18":"product-type-simple"},"yoast_head":"<!-- This site is optimized with the Yoast SEO plugin v27.5 - https:\/\/yoast.com\/product\/yoast-seo-wordpress\/ -->\n<title>NATURALNE KOT\u0141A GAZOWE - Mazzoni<\/title>\n<meta name=\"robots\" content=\"index, follow, max-snippet:-1, max-image-preview:large, max-video-preview:-1\" \/>\n<link rel=\"canonical\" href=\"https:\/\/e-mazzoni.it\/pl\/produkt\/naturalne-kotla-gazowe\/\" \/>\n<meta property=\"og:locale\" content=\"pl_PL\" \/>\n<meta property=\"og:type\" content=\"article\" \/>\n<meta property=\"og:title\" content=\"NATURALNE KOT\u0141A GAZOWE - Mazzoni\" \/>\n<meta property=\"og:description\" content=\"Kot\u0142y w komplecie z panelem elektrycznym: w\u0142\u0105cznik \/ wy\u0142\u0105cznik, kontrola p\u0142omienia, termostat, kontrola wody (prze\u0142\u0105cznik przep\u0142ywu i ci\u015bnienia), kontrola gazu (prze\u0142\u0105cznik podw\u00f3jnego ci\u015bnienia) kontrola wentylacji (prze\u0142\u0105cznik ci\u015bnienia) i zdalny prze\u0142\u0105cznik. \u00a0 DOSTAWA PALIWA LPG \u00a0\" \/>\n<meta property=\"og:url\" content=\"https:\/\/e-mazzoni.it\/pl\/produkt\/naturalne-kotla-gazowe\/\" \/>\n<meta property=\"og:site_name\" content=\"Mazzoni\" \/>\n<meta property=\"article:modified_time\" content=\"2026-05-02T02:09:43+00:00\" \/>\n<meta property=\"og:image\" content=\"https:\/\/e-mazzoni.it\/wp-content\/uploads\/2026\/04\/DOC7528978775.jpg\" \/>\n\t<meta property=\"og:image:width\" content=\"800\" \/>\n\t<meta property=\"og:image:height\" content=\"800\" \/>\n\t<meta property=\"og:image:type\" content=\"image\/jpeg\" \/>\n<meta name=\"twitter:card\" content=\"summary_large_image\" \/>\n<meta name=\"twitter:label1\" content=\"Szacowany czas czytania\" \/>\n\t<meta name=\"twitter:data1\" content=\"1 minuta\" \/>\n<!-- \/ Yoast SEO plugin. -->","yoast_head_json":{"title":"NATURALNE KOT\u0141A GAZOWE - Mazzoni","robots":{"index":"index","follow":"follow","max-snippet":"max-snippet:-1","max-image-preview":"max-image-preview:large","max-video-preview":"max-video-preview:-1"},"canonical":"https:\/\/e-mazzoni.it\/pl\/produkt\/naturalne-kotla-gazowe\/","og_locale":"pl_PL","og_type":"article","og_title":"NATURALNE KOT\u0141A GAZOWE - Mazzoni","og_description":"Kot\u0142y w komplecie z panelem elektrycznym: w\u0142\u0105cznik \/ wy\u0142\u0105cznik, kontrola p\u0142omienia, termostat, kontrola wody (prze\u0142\u0105cznik przep\u0142ywu i ci\u015bnienia), kontrola gazu (prze\u0142\u0105cznik podw\u00f3jnego ci\u015bnienia) kontrola wentylacji (prze\u0142\u0105cznik ci\u015bnienia) i zdalny prze\u0142\u0105cznik. \u00a0 DOSTAWA PALIWA LPG \u00a0","og_url":"https:\/\/e-mazzoni.it\/pl\/produkt\/naturalne-kotla-gazowe\/","og_site_name":"Mazzoni","article_modified_time":"2026-05-02T02:09:43+00:00","og_image":[{"width":800,"height":800,"url":"https:\/\/e-mazzoni.it\/wp-content\/uploads\/2026\/04\/DOC7528978775.jpg","type":"image\/jpeg"}],"twitter_card":"summary_large_image","twitter_misc":{"Szacowany czas czytania":"1 minuta"},"schema":{"@context":"https:\/\/schema.org","@graph":[{"@type":"WebPage","@id":"https:\/\/e-mazzoni.it\/pl\/produkt\/naturalne-kotla-gazowe\/","url":"https:\/\/e-mazzoni.it\/pl\/produkt\/naturalne-kotla-gazowe\/","name":"NATURALNE KOT\u0141A GAZOWE - Mazzoni","isPartOf":{"@id":"https:\/\/e-mazzoni.it\/pl\/#website"},"primaryImageOfPage":{"@id":"https:\/\/e-mazzoni.it\/pl\/produkt\/naturalne-kotla-gazowe\/#primaryimage"},"image":{"@id":"https:\/\/e-mazzoni.it\/pl\/produkt\/naturalne-kotla-gazowe\/#primaryimage"},"thumbnailUrl":"https:\/\/e-mazzoni.it\/wp-content\/uploads\/2026\/04\/DOC7528978775.jpg","datePublished":"2024-10-15T06:45:57+00:00","dateModified":"2026-05-02T02:09:43+00:00","breadcrumb":{"@id":"https:\/\/e-mazzoni.it\/pl\/produkt\/naturalne-kotla-gazowe\/#breadcrumb"},"inLanguage":"pl-PL","potentialAction":[{"@type":"ReadAction","target":["https:\/\/e-mazzoni.it\/pl\/produkt\/naturalne-kotla-gazowe\/"]}]},{"@type":"ImageObject","inLanguage":"pl-PL","@id":"https:\/\/e-mazzoni.it\/pl\/produkt\/naturalne-kotla-gazowe\/#primaryimage","url":"https:\/\/e-mazzoni.it\/wp-content\/uploads\/2026\/04\/DOC7528978775.jpg","contentUrl":"https:\/\/e-mazzoni.it\/wp-content\/uploads\/2026\/04\/DOC7528978775.jpg","width":800,"height":800},{"@type":"BreadcrumbList","@id":"https:\/\/e-mazzoni.it\/pl\/produkt\/naturalne-kotla-gazowe\/#breadcrumb","itemListElement":[{"@type":"ListItem","position":1,"name":"Home","item":"https:\/\/e-mazzoni.it\/pl\/"},{"@type":"ListItem","position":2,"name":"Produkty","item":"https:\/\/e-mazzoni.it\/pl\/produkty\/"},{"@type":"ListItem","position":3,"name":"NATURALNE KOT\u0141A GAZOWE"}]},{"@type":"WebSite","@id":"https:\/\/e-mazzoni.it\/pl\/#website","url":"https:\/\/e-mazzoni.it\/pl\/","name":"Mazzoni","description":"Mazzoni","publisher":{"@id":"https:\/\/e-mazzoni.it\/pl\/#organization"},"potentialAction":[{"@type":"SearchAction","target":{"@type":"EntryPoint","urlTemplate":"https:\/\/e-mazzoni.it\/pl\/?s={search_term_string}"},"query-input":{"@type":"PropertyValueSpecification","valueRequired":true,"valueName":"search_term_string"}}],"inLanguage":"pl-PL"},{"@type":"Organization","@id":"https:\/\/e-mazzoni.it\/pl\/#organization","name":"Mazzoni","url":"https:\/\/e-mazzoni.it\/pl\/","logo":{"@type":"ImageObject","inLanguage":"pl-PL","@id":"https:\/\/e-mazzoni.it\/pl\/#\/schema\/logo\/image\/","url":"https:\/\/e-mazzoni.it\/wp-content\/uploads\/2023\/07\/logo.png","contentUrl":"https:\/\/e-mazzoni.it\/wp-content\/uploads\/2023\/07\/logo.png","width":250,"height":109,"caption":"Mazzoni"},"image":{"@id":"https:\/\/e-mazzoni.it\/pl\/#\/schema\/logo\/image\/"}}]}},"_links":{"self":[{"href":"https:\/\/e-mazzoni.it\/pl\/wp-json\/wp\/v2\/product\/50972","targetHints":{"allow":["GET"]}}],"collection":[{"href":"https:\/\/e-mazzoni.it\/pl\/wp-json\/wp\/v2\/product"}],"about":[{"href":"https:\/\/e-mazzoni.it\/pl\/wp-json\/wp\/v2\/types\/product"}],"wp:featuredmedia":[{"embeddable":true,"href":"https:\/\/e-mazzoni.it\/pl\/wp-json\/wp\/v2\/media\/67851"}],"wp:attachment":[{"href":"https:\/\/e-mazzoni.it\/pl\/wp-json\/wp\/v2\/media?parent=50972"}],"wp:term":[{"taxonomy":"product_brand","embeddable":true,"href":"https:\/\/e-mazzoni.it\/pl\/wp-json\/wp\/v2\/product_brand?post=50972"},{"taxonomy":"product_cat","embeddable":true,"href":"https:\/\/e-mazzoni.it\/pl\/wp-json\/wp\/v2\/product_cat?post=50972"},{"taxonomy":"product_tag","embeddable":true,"href":"https:\/\/e-mazzoni.it\/pl\/wp-json\/wp\/v2\/product_tag?post=50972"}],"curies":[{"name":"wp","href":"https:\/\/api.w.org\/{rel}","templated":true}]}}