{"id":50955,"date":"2024-10-15T06:44:31","date_gmt":"2024-10-15T06:44:31","guid":{"rendered":"https:\/\/e-mazzoni.it\/prodotto\/ph-industrial\/"},"modified":"2026-05-02T02:03:51","modified_gmt":"2026-05-02T02:03:51","slug":"ph-industrial","status":"publish","type":"product","link":"https:\/\/e-mazzoni.it\/pl\/produkt\/ph-industrial\/","title":{"rendered":"PH INDUSTRIAL"},"content":{"rendered":"<p>Praktyczny, solidny i profesjonalny. Myjka wysokoci\u015bnieniowa idealna dla wszystkich profesjonalist\u00f3w i firm, w kt\u00f3rych jako\u015b\u0107 czyszczenia jest wa\u017cnym czynnikiem. S\u0105 zaprojektowane do:<br \/>\n\u2022 zmniejszenie zu\u017cycia i emisji, gwarantowane przez wysokowydajne silniki i kot\u0142y zbudowane bezpo\u015brednio przez Mazzoni;<br \/>\n\u2022 Utrzymuj sta\u0142\u0105 moc i przep\u0142yw wody nawet w sytuacjach i zadaniach wymagaj\u0105cych ci\u0105g\u0142ego i d\u0142ugotrwa\u0142ego u\u017cytkowania<\/p>\n<p>CHARAKTERYSTYKA TECHNICZNA:<\/p>\n<p>Ci\u0105g\u0142a obs\u0142uga asynchronicznego silnika elektrycznego serii MEC, S1 z ochron\u0105 termiczn\u0105 zintegrowan\u0105 z uzwojeniami. Elastyczny staw.<br \/>\nProfesjonalna pompa Mazzoni w linii (pr\u0119ty \u0142\u0105cz\u0105ce) z mosi\u0119\u017cn\u0105 g\u0142owic\u0105 i trzema t\u0142okami ceramicznymi<br \/>\nKabel elektryczny 5 m<br \/>\nW\u0105\u017c wysokoci\u015bnieniowy 10 m<br \/>\nZbiornik na wod\u0119 3 litry z p\u0142ywakiem<br \/>\nAutomatyczny zaw\u00f3r obej\u015bciowy z regulacj\u0105 ci\u015bnienia<br \/>\nZaw\u00f3r bezpiecze\u0144stwa do nadci\u015bnienia<br \/>\nWska\u017aniki kontroli napi\u0119cia i rezerwy paliwa<br \/>\nUrz\u0105dzenie antyskalowe ze zbiornikiem o pojemno\u015bci 1 l.<br \/>\nZbiornik czyszcz\u0105cy 10 L<br \/>\nZbiornik oleju nap\u0119dowego 45 l<br \/>\nLance INOX z automatycznym pistoletem i szybkim mocowaniem akcesori\u00f3w<br \/>\nG\u0142owica dyszowa z hartowanej stali i zasysaj\u0105ca do czyszczenia pod wysokim ci\u015bnieniem<br \/>\nRama ze stali malowanej<br \/>\nKocio\u0142 ze stali nierdzewnej z cewk\u0105 w rurze stalowej, ogranicznik palnika w przypadku braku wody<br \/>\nWentylator z niezale\u017cnym silnikiem<br \/>\nTermostat do kontroli temperatury wody<br \/>\nAnty-wymiarowa pompa diesla.<br \/>\nOlej nap\u0119dowy z kontrol\u0105 poziomu p\u0142ywaka<br \/>\nSystem TST \/ DSS<br \/>\nKontrola p\u0142omienia<br \/>\nLampka kontrolna do pomocy po 500 godzinach pracy.<br \/>\nHamulec postojowy<br \/>\nWy\u015bwietlanie licznika<\/p>\n<div>\n<table style=\"width: 100%\" border=\"1\" id=\"table_options\">\n<tbody>\n<tr>\n<th style=\"color: #fff\" bgcolor=\"#ea2833\">PART NUMBER<\/th>\n<th style=\"color: #fff\" bgcolor=\"#ea2833\">MODEL<\/th>\n<th style=\"color: #fff\" bgcolor=\"#ea2833\">L\/MIN &#8211; 1450 RPM<\/th>\n<th style=\"color: #fff\" bgcolor=\"#ea2833\">GPM &#8211; 1450 RPM<\/th>\n<th style=\"color: #fff\" bgcolor=\"#ea2833\">BAR<\/th>\n<th style=\"color: #fff\" bgcolor=\"#ea2833\">PSI<\/th>\n<th style=\"color: #fff\" bgcolor=\"#ea2833\">RPM 50 HZ<\/th>\n<th style=\"color: #fff\" bgcolor=\"#ea2833\">HP<\/th>\n<th style=\"color: #fff\" bgcolor=\"#ea2833\">KW<\/th>\n<th style=\"color: #fff\" bgcolor=\"#ea2833\">VOLTS<\/th>\n<th style=\"color: #fff\" bgcolor=\"#ea2833\">Hz<\/th>\n<th style=\"color: #fff\" bgcolor=\"#ea2833\">PHASE<\/th>\n<th style=\"color: #fff\" bgcolor=\"#ea2833\">A 50 HZ<\/th>\n<th style=\"color: #fff\" bgcolor=\"#ea2833\">WATER NOZZLE<\/th>\n<th style=\"color: #fff\" bgcolor=\"#ea2833\">KCAL\/H<\/th>\n<th style=\"color: #fff\" bgcolor=\"#ea2833\">DIESEL TANK<\/th>\n<th style=\"color: #fff\" bgcolor=\"#ea2833\">DIESEL TANK (GAL)<\/th>\n<th style=\"color: #fff\" bgcolor=\"#ea2833\">ANTI-LIMESCALE TANK<\/th>\n<th style=\"color: #fff\" bgcolor=\"#ea2833\">ANTI-LIMESCALE TANK (GAL)<\/th>\n<th style=\"color: #fff\" bgcolor=\"#ea2833\">DETERGENT TANK<\/th>\n<th style=\"color: #fff\" bgcolor=\"#ea2833\">DETERGENT TANK (GAL)<\/th>\n<th style=\"color: #fff\" bgcolor=\"#ea2833\">MAX OUTPUT TEMPERATURE<\/th>\n<th style=\"color: #fff\" bgcolor=\"#ea2833\">MAX OUTPUT TEMPERATURE (F)<\/th>\n<\/tr>\n<tr>\n<td align=\"center !important\">3.023.24.353<\/td>\n<td align=\"center !important\">PH3025<\/td>\n<td align=\"center !important\">11<\/td>\n<td align=\"center !important\">2,91<\/td>\n<td align=\"center !important\">140<\/td>\n<td align=\"center !important\">2000<\/td>\n<td align=\"center !important\">1450<\/td>\n<td align=\"center !important\">3,2<\/td>\n<td align=\"center !important\">2,4<\/td>\n<td align=\"center !important\">230<\/td>\n<td align=\"center !important\">50<\/td>\n<td align=\"center !important\">1<\/td>\n<td align=\"center !important\">12,5<\/td>\n<td align=\"center !important\">1505<\/td>\n<td align=\"center !important\">50.000<\/td>\n<td align=\"center !important\">45L<\/td>\n<td align=\"center !important\">11.8 gal<\/td>\n<td align=\"center !important\">1L<\/td>\n<td align=\"center !important\">0.26 gal<\/td>\n<td align=\"center !important\">10L<\/td>\n<td align=\"center !important\">2.6 gal<\/td>\n<td align=\"center !important\">150\u00b0C<\/td>\n<td align=\"center !important\">302\u00b0F<\/td>\n<\/tr>\n<tr>\n<td align=\"center !important\">3.023.24.354<\/td>\n<td align=\"center !important\">PH3040<\/td>\n<td align=\"center !important\">13<\/td>\n<td align=\"center !important\">3,5<\/td>\n<td align=\"center !important\">140<\/td>\n<td align=\"center !important\">2030<\/td>\n<td align=\"center !important\">1450<\/td>\n<td align=\"center !important\">4,3<\/td>\n<td align=\"center !important\">3,2<\/td>\n<td align=\"center !important\">230<\/td>\n<td align=\"center !important\">50<\/td>\n<td align=\"center !important\">1<\/td>\n<td align=\"center !important\">17,1<\/td>\n<td align=\"center !important\">15065<\/td>\n<td align=\"center !important\">50.000<\/td>\n<td align=\"center !important\">45L<\/td>\n<td align=\"center !important\">11.9 gal<\/td>\n<td align=\"center !important\">1L<\/td>\n<td align=\"center !important\">0.26 gal<\/td>\n<td align=\"center !important\">10L<\/td>\n<td align=\"center !important\">2.6 gal<\/td>\n<td align=\"center !important\">150\u00b0C<\/td>\n<td align=\"center !important\">302\u00b0F<\/td>\n<\/tr>\n<tr>\n<td align=\"center !important\">3.023.24.329<\/td>\n<td align=\"center !important\">PH4000<\/td>\n<td align=\"center !important\">15<\/td>\n<td align=\"center !important\">3,9<\/td>\n<td align=\"center !important\">200<\/td>\n<td align=\"center !important\">2900<\/td>\n<td align=\"center !important\">1450<\/td>\n<td align=\"center !important\">7,7<\/td>\n<td align=\"center !important\">5,7<\/td>\n<td align=\"center !important\">400<\/td>\n<td align=\"center !important\">50<\/td>\n<td align=\"center !important\">3<\/td>\n<td align=\"center !important\">11,7<\/td>\n<td align=\"center !important\">15045<\/td>\n<td align=\"center !important\">50.000<\/td>\n<td align=\"center !important\">45L<\/td>\n<td align=\"center !important\">11.9 gal<\/td>\n<td align=\"center !important\">1L<\/td>\n<td align=\"center !important\">0.25 gal<\/td>\n<td align=\"center !important\">10L<\/td>\n<td align=\"center !important\">2.6 gal<\/td>\n<td align=\"center !important\">150\u00b0C<\/td>\n<td align=\"center !important\">302\u00b0F<\/td>\n<\/tr>\n<\/tbody>\n<\/table>\n<\/div>\n","protected":false},"excerpt":{"rendered":"<p>Profesjonalny myjka wysokoci\u015bnieniowa. Kompaktowy, por\u0119czny, idealny na ka\u017cd\u0105 potrzeb\u0119 czyszczenia na zewn\u0105trz, wszechstronny i o wysokiej wydajno\u015bci.<\/p>\n<p>Zalecane u\u017cycie: myjnie samochodowe, warsztaty, obszary us\u0142ug, salony samochodowe, rolnictwo, transport, ryby itp.<\/p>\n","protected":false},"featured_media":67765,"template":"","meta":{"zakra_page_container_layout":"customizer","zakra_page_sidebar_layout":"customizer","zakra_remove_content_margin":false,"zakra_sidebar":"customizer","zakra_transparent_header":"customizer","zakra_logo":0,"zakra_main_header_style":"default","zakra_menu_item_color":"","zakra_menu_item_hover_color":"","zakra_menu_item_active_color":"","zakra_menu_active_style":"","zakra_page_header":true},"product_brand":[],"product_cat":[3798],"product_tag":[3644],"class_list":{"0":"post-50955","1":"product","2":"type-product","3":"status-publish","4":"has-post-thumbnail","6":"product_cat-odpady-cisnienia-goracej-wody","7":"product_tag-czyszczenie_pl","9":"first","10":"instock","11":"shipping-taxable","12":"product-type-simple"},"yoast_head":"<!-- This site is optimized with the Yoast SEO plugin v27.5 - https:\/\/yoast.com\/product\/yoast-seo-wordpress\/ -->\n<title>PH INDUSTRIAL - Mazzoni<\/title>\n<meta name=\"robots\" content=\"index, follow, max-snippet:-1, max-image-preview:large, max-video-preview:-1\" \/>\n<link rel=\"canonical\" href=\"https:\/\/e-mazzoni.it\/pl\/produkt\/ph-industrial\/\" \/>\n<meta property=\"og:locale\" content=\"pl_PL\" \/>\n<meta property=\"og:type\" content=\"article\" \/>\n<meta property=\"og:title\" content=\"PH INDUSTRIAL - Mazzoni\" \/>\n<meta property=\"og:description\" content=\"Profesjonalny myjka wysokoci\u015bnieniowa. Kompaktowy, por\u0119czny, idealny na ka\u017cd\u0105 potrzeb\u0119 czyszczenia na zewn\u0105trz, wszechstronny i o wysokiej wydajno\u015bci.   Zalecane u\u017cycie: myjnie samochodowe, warsztaty, obszary us\u0142ug, salony samochodowe, rolnictwo, transport, ryby itp.\" \/>\n<meta property=\"og:url\" content=\"https:\/\/e-mazzoni.it\/pl\/produkt\/ph-industrial\/\" \/>\n<meta property=\"og:site_name\" content=\"Mazzoni\" \/>\n<meta property=\"article:modified_time\" content=\"2026-05-02T02:03:51+00:00\" \/>\n<meta property=\"og:image\" content=\"https:\/\/e-mazzoni.it\/wp-content\/uploads\/2026\/04\/DOC0717132521.jpg\" \/>\n\t<meta property=\"og:image:width\" content=\"800\" \/>\n\t<meta property=\"og:image:height\" content=\"800\" \/>\n\t<meta property=\"og:image:type\" content=\"image\/jpeg\" \/>\n<meta name=\"twitter:card\" content=\"summary_large_image\" \/>\n<meta name=\"twitter:label1\" content=\"Szacowany czas czytania\" \/>\n\t<meta name=\"twitter:data1\" content=\"2 minuty\" \/>\n<!-- \/ Yoast SEO plugin. -->","yoast_head_json":{"title":"PH INDUSTRIAL - Mazzoni","robots":{"index":"index","follow":"follow","max-snippet":"max-snippet:-1","max-image-preview":"max-image-preview:large","max-video-preview":"max-video-preview:-1"},"canonical":"https:\/\/e-mazzoni.it\/pl\/produkt\/ph-industrial\/","og_locale":"pl_PL","og_type":"article","og_title":"PH INDUSTRIAL - Mazzoni","og_description":"Profesjonalny myjka wysokoci\u015bnieniowa. Kompaktowy, por\u0119czny, idealny na ka\u017cd\u0105 potrzeb\u0119 czyszczenia na zewn\u0105trz, wszechstronny i o wysokiej wydajno\u015bci.   Zalecane u\u017cycie: myjnie samochodowe, warsztaty, obszary us\u0142ug, salony samochodowe, rolnictwo, transport, ryby itp.","og_url":"https:\/\/e-mazzoni.it\/pl\/produkt\/ph-industrial\/","og_site_name":"Mazzoni","article_modified_time":"2026-05-02T02:03:51+00:00","og_image":[{"width":800,"height":800,"url":"https:\/\/e-mazzoni.it\/wp-content\/uploads\/2026\/04\/DOC0717132521.jpg","type":"image\/jpeg"}],"twitter_card":"summary_large_image","twitter_misc":{"Szacowany czas czytania":"2 minuty"},"schema":{"@context":"https:\/\/schema.org","@graph":[{"@type":"WebPage","@id":"https:\/\/e-mazzoni.it\/pl\/produkt\/ph-industrial\/","url":"https:\/\/e-mazzoni.it\/pl\/produkt\/ph-industrial\/","name":"PH INDUSTRIAL - Mazzoni","isPartOf":{"@id":"https:\/\/e-mazzoni.it\/pl\/#website"},"primaryImageOfPage":{"@id":"https:\/\/e-mazzoni.it\/pl\/produkt\/ph-industrial\/#primaryimage"},"image":{"@id":"https:\/\/e-mazzoni.it\/pl\/produkt\/ph-industrial\/#primaryimage"},"thumbnailUrl":"https:\/\/e-mazzoni.it\/wp-content\/uploads\/2026\/04\/DOC0717132521.jpg","datePublished":"2024-10-15T06:44:31+00:00","dateModified":"2026-05-02T02:03:51+00:00","breadcrumb":{"@id":"https:\/\/e-mazzoni.it\/pl\/produkt\/ph-industrial\/#breadcrumb"},"inLanguage":"pl-PL","potentialAction":[{"@type":"ReadAction","target":["https:\/\/e-mazzoni.it\/pl\/produkt\/ph-industrial\/"]}]},{"@type":"ImageObject","inLanguage":"pl-PL","@id":"https:\/\/e-mazzoni.it\/pl\/produkt\/ph-industrial\/#primaryimage","url":"https:\/\/e-mazzoni.it\/wp-content\/uploads\/2026\/04\/DOC0717132521.jpg","contentUrl":"https:\/\/e-mazzoni.it\/wp-content\/uploads\/2026\/04\/DOC0717132521.jpg","width":800,"height":800},{"@type":"BreadcrumbList","@id":"https:\/\/e-mazzoni.it\/pl\/produkt\/ph-industrial\/#breadcrumb","itemListElement":[{"@type":"ListItem","position":1,"name":"Home","item":"https:\/\/e-mazzoni.it\/pl\/"},{"@type":"ListItem","position":2,"name":"Produkty","item":"https:\/\/e-mazzoni.it\/pl\/produkty\/"},{"@type":"ListItem","position":3,"name":"PH INDUSTRIAL"}]},{"@type":"WebSite","@id":"https:\/\/e-mazzoni.it\/pl\/#website","url":"https:\/\/e-mazzoni.it\/pl\/","name":"Mazzoni","description":"Mazzoni","publisher":{"@id":"https:\/\/e-mazzoni.it\/pl\/#organization"},"potentialAction":[{"@type":"SearchAction","target":{"@type":"EntryPoint","urlTemplate":"https:\/\/e-mazzoni.it\/pl\/?s={search_term_string}"},"query-input":{"@type":"PropertyValueSpecification","valueRequired":true,"valueName":"search_term_string"}}],"inLanguage":"pl-PL"},{"@type":"Organization","@id":"https:\/\/e-mazzoni.it\/pl\/#organization","name":"Mazzoni","url":"https:\/\/e-mazzoni.it\/pl\/","logo":{"@type":"ImageObject","inLanguage":"pl-PL","@id":"https:\/\/e-mazzoni.it\/pl\/#\/schema\/logo\/image\/","url":"https:\/\/e-mazzoni.it\/wp-content\/uploads\/2023\/07\/logo.png","contentUrl":"https:\/\/e-mazzoni.it\/wp-content\/uploads\/2023\/07\/logo.png","width":250,"height":109,"caption":"Mazzoni"},"image":{"@id":"https:\/\/e-mazzoni.it\/pl\/#\/schema\/logo\/image\/"}}]}},"_links":{"self":[{"href":"https:\/\/e-mazzoni.it\/pl\/wp-json\/wp\/v2\/product\/50955","targetHints":{"allow":["GET"]}}],"collection":[{"href":"https:\/\/e-mazzoni.it\/pl\/wp-json\/wp\/v2\/product"}],"about":[{"href":"https:\/\/e-mazzoni.it\/pl\/wp-json\/wp\/v2\/types\/product"}],"wp:featuredmedia":[{"embeddable":true,"href":"https:\/\/e-mazzoni.it\/pl\/wp-json\/wp\/v2\/media\/67765"}],"wp:attachment":[{"href":"https:\/\/e-mazzoni.it\/pl\/wp-json\/wp\/v2\/media?parent=50955"}],"wp:term":[{"taxonomy":"product_brand","embeddable":true,"href":"https:\/\/e-mazzoni.it\/pl\/wp-json\/wp\/v2\/product_brand?post=50955"},{"taxonomy":"product_cat","embeddable":true,"href":"https:\/\/e-mazzoni.it\/pl\/wp-json\/wp\/v2\/product_cat?post=50955"},{"taxonomy":"product_tag","embeddable":true,"href":"https:\/\/e-mazzoni.it\/pl\/wp-json\/wp\/v2\/product_tag?post=50955"}],"curies":[{"name":"wp","href":"https:\/\/api.w.org\/{rel}","templated":true}]}}