{"id":50953,"date":"2024-10-15T06:44:26","date_gmt":"2024-10-15T06:44:26","guid":{"rendered":"https:\/\/e-mazzoni.it\/prodotto\/mh-professional\/"},"modified":"2026-05-02T02:03:09","modified_gmt":"2026-05-02T02:03:09","slug":"mh-professional","status":"publish","type":"product","link":"https:\/\/e-mazzoni.it\/pl\/produkt\/mh-professional\/","title":{"rendered":"MH PROFESSIONAL"},"content":{"rendered":"<p>Profesjonalny myjka wysokoci\u015bnieniowa. Kompaktowy, por\u0119czny, idealny na ka\u017cd\u0105 potrzeb\u0119 czyszczenia na zewn\u0105trz, wszechstronny i o wysokiej wydajno\u015bci. DANE TECHNICZNE:<\/p>\n<p>Asynchroniczny silnik elektryczny, ci\u0105g\u0142a praca serii MEC, S1 z ochron\u0105 termiczn\u0105 zintegrowan\u0105 z uzwojeniami. Silnik o wy\u017cszej wydajno\u015bci, a zatem o wysokiej wydajno\u015bci i ni\u017cszym zu\u017cyciu pr\u0105du. Elastyczny staw.<br \/>\nProfesjonalna pompa Mazzoni w linii (z korbowodami) z mosi\u0119\u017cn\u0105 g\u0142owic\u0105 i trzema t\u0142okami ceramicznymi<br \/>\nKabel elektryczny 5 mt.<br \/>\nRura wysokoci\u015bnieniowa 10 mt.<br \/>\nAutomatyczny zaw\u00f3r obej\u015bciowy z regulacj\u0105 ci\u015bnienia<br \/>\nLance INOX z automatycznym pistoletem i szybkim mocowaniem akcesori\u00f3w<br \/>\nG\u0142owica z hartowan\u0105 dysz\u0105 stalow\u0105 i ssaniem czyszcz\u0105cym.<br \/>\nRama ze stali malowanej<br \/>\nKocio\u0142 ze stali nierdzewnej z cewk\u0105 w rurze stalowej, ogranicznik palnika w przypadku braku wody<br \/>\nTermostat do kontroli temperatury wody<br \/>\nAnty-wymiarowa pompa diesla.<br \/>\nOlej nap\u0119dowy z kontrol\u0105 poziomu p\u0142ywaka<br \/>\nSystem TST<br \/>\nZbiornik oleju nap\u0119dowego 20 l<br \/>\nLicznik wewn\u0119trzny\\&#8221;<\/p>\n<div>\n<table style=\"width: 100%\" border=\"1\" id=\"table_options\">\n<tbody>\n<tr>\n<th style=\"color: #fff\" bgcolor=\"#ea2833\">PART NUMBER<\/th>\n<th style=\"color: #fff\" bgcolor=\"#ea2833\">MODEL<\/th>\n<th style=\"color: #fff\" bgcolor=\"#ea2833\">L\/MIN &#8211; 1450 RPM<\/th>\n<th style=\"color: #fff\" bgcolor=\"#ea2833\">GPM &#8211; 1450 RPM<\/th>\n<th style=\"color: #fff\" bgcolor=\"#ea2833\">BAR<\/th>\n<th style=\"color: #fff\" bgcolor=\"#ea2833\">PSI<\/th>\n<th style=\"color: #fff\" bgcolor=\"#ea2833\">RPM 50 HZ<\/th>\n<th style=\"color: #fff\" bgcolor=\"#ea2833\">HP<\/th>\n<th style=\"color: #fff\" bgcolor=\"#ea2833\">KW<\/th>\n<th style=\"color: #fff\" bgcolor=\"#ea2833\">VOLTS<\/th>\n<th style=\"color: #fff\" bgcolor=\"#ea2833\">Hz<\/th>\n<th style=\"color: #fff\" bgcolor=\"#ea2833\">PHASE<\/th>\n<th style=\"color: #fff\" bgcolor=\"#ea2833\">A 50 HZ<\/th>\n<th style=\"color: #fff\" bgcolor=\"#ea2833\">WATER NOZZLE<\/th>\n<th style=\"color: #fff\" bgcolor=\"#ea2833\">KCAL\/H<\/th>\n<th style=\"color: #fff\" bgcolor=\"#ea2833\">DIESEL TANK<\/th>\n<th style=\"color: #fff\" bgcolor=\"#ea2833\">DIESEL TANK (GAL)<\/th>\n<th style=\"color: #fff\" bgcolor=\"#ea2833\">ANTI-LIMESCALE TANK<\/th>\n<th style=\"color: #fff\" bgcolor=\"#ea2833\">ANTI-LIMESCALE TANK (GAL)<\/th>\n<th style=\"color: #fff\" bgcolor=\"#ea2833\">DETERGENT TANK<\/th>\n<th style=\"color: #fff\" bgcolor=\"#ea2833\">DETERGENT TANK (GAL)<\/th>\n<th style=\"color: #fff\" bgcolor=\"#ea2833\">MAX OUTPUT TEMPERATURE<\/th>\n<th style=\"color: #fff\" bgcolor=\"#ea2833\">MAX OUTPUT TEMPERATURE (F)<\/th>\n<\/tr>\n<tr>\n<td align=\"center !important\">3.023.24.343<\/td>\n<td align=\"center !important\">MH3001<\/td>\n<td align=\"center !important\">11<\/td>\n<td align=\"center !important\">2,9<\/td>\n<td align=\"center !important\">140<\/td>\n<td align=\"center !important\">2030<\/td>\n<td align=\"center !important\">1450<\/td>\n<td align=\"center !important\">3<\/td>\n<td align=\"center !important\">2,2<\/td>\n<td align=\"center !important\">230<\/td>\n<td align=\"center !important\">50<\/td>\n<td align=\"center !important\">1<\/td>\n<td align=\"center !important\">13.5<\/td>\n<td align=\"center !important\">15045<\/td>\n<td align=\"center !important\">50.000<\/td>\n<td align=\"center !important\">20L<\/td>\n<td align=\"center !important\">5 gal<\/td>\n<td align=\"center !important\">&#8212;<\/td>\n<td align=\"center !important\">&#8212;<\/td>\n<td align=\"center !important\">&#8212;<\/td>\n<td align=\"center !important\">&#8212;<\/td>\n<td align=\"center !important\">150\u00b0C<\/td>\n<td align=\"center !important\">302\u00b0F<\/td>\n<\/tr>\n<tr>\n<td align=\"center !important\">3.023.24.344<\/td>\n<td align=\"center !important\">MH3061<\/td>\n<td align=\"center !important\">13<\/td>\n<td align=\"center !important\">3,43<\/td>\n<td align=\"center !important\">170<\/td>\n<td align=\"center !important\">2465<\/td>\n<td align=\"center !important\">1450<\/td>\n<td align=\"center !important\">5.5<\/td>\n<td align=\"center !important\">4<\/td>\n<td align=\"center !important\">400<\/td>\n<td align=\"center !important\">50<\/td>\n<td align=\"center !important\">3<\/td>\n<td align=\"center !important\">9.2<\/td>\n<td align=\"center !important\">15045<\/td>\n<td align=\"center !important\">50.000<\/td>\n<td align=\"center !important\">20L<\/td>\n<td align=\"center !important\">5 gal<\/td>\n<td align=\"center !important\">&#8212;<\/td>\n<td align=\"center !important\">&#8212;<\/td>\n<td align=\"center !important\">&#8212;<\/td>\n<td align=\"center !important\">&#8212;<\/td>\n<td align=\"center !important\">150\u00b0C<\/td>\n<td align=\"center !important\">302\u00b0F<\/td>\n<\/tr>\n<tr>\n<td align=\"center !important\">3.023.24.328<\/td>\n<td align=\"center !important\">MH4000<\/td>\n<td align=\"center !important\">15<\/td>\n<td align=\"center !important\">3,9<\/td>\n<td align=\"center !important\">200<\/td>\n<td align=\"center !important\">2900<\/td>\n<td align=\"center !important\">1450<\/td>\n<td align=\"center !important\">7,5<\/td>\n<td align=\"center !important\">5,5<\/td>\n<td align=\"center !important\">400<\/td>\n<td align=\"center !important\">50<\/td>\n<td align=\"center !important\">3<\/td>\n<td align=\"center !important\">11<\/td>\n<td align=\"center !important\">15045<\/td>\n<td align=\"center !important\">50.000<\/td>\n<td align=\"center !important\">20L<\/td>\n<td align=\"center !important\">5 gal<\/td>\n<td align=\"center !important\">&#8212;<\/td>\n<td align=\"center !important\">&#8212;<\/td>\n<td align=\"center !important\">&#8212;<\/td>\n<td align=\"center !important\">&#8212;<\/td>\n<td align=\"center !important\">150\u00b0C<\/td>\n<td align=\"center !important\">302\u00b0F<\/td>\n<\/tr>\n<\/tbody>\n<\/table>\n<\/div>\n","protected":false},"excerpt":{"rendered":"<p>Podk\u0142adki ci\u015bnieniowe Mazzoni MH s\u0105 wysokiej klasy \u015bredniej klasy i s\u0105 przeznaczone do u\u017cytku profesjonalnego. Wysokowydajne kot\u0142y i silniki elektryczne, wyposa\u017cone w elastyczne po\u0142\u0105czenia i zbudowane bezpo\u015brednio przez Mazzoni, gwarantuj\u0105 niskie zu\u017cycie i emisj\u0119, gwarantuj\u0105c jednocze\u015bnie wysok\u0105 wydajno\u015b\u0107. Przednie ko\u0142o obrotowe u\u0142atwia jego ruch.   Zalecane u\u017cycie: myjnie samochodowe, warsztaty, rolnictwo itp.<\/p>\n","protected":false},"featured_media":67755,"template":"","meta":{"zakra_page_container_layout":"customizer","zakra_page_sidebar_layout":"customizer","zakra_remove_content_margin":false,"zakra_sidebar":"customizer","zakra_transparent_header":"customizer","zakra_logo":0,"zakra_main_header_style":"default","zakra_menu_item_color":"","zakra_menu_item_hover_color":"","zakra_menu_item_active_color":"","zakra_menu_active_style":"","zakra_page_header":true},"product_brand":[],"product_cat":[3798],"product_tag":[3644,3660],"class_list":{"0":"post-50953","1":"product","2":"type-product","3":"status-publish","4":"has-post-thumbnail","6":"product_cat-odpady-cisnienia-goracej-wody","7":"product_tag-czyszczenie_pl","8":"product_tag-myjni_samochodowe_pl","10":"first","11":"instock","12":"shipping-taxable","13":"product-type-simple"},"yoast_head":"<!-- This site is optimized with the Yoast SEO plugin v27.5 - https:\/\/yoast.com\/product\/yoast-seo-wordpress\/ -->\n<title>MH PROFESSIONAL - Mazzoni<\/title>\n<meta name=\"robots\" content=\"index, follow, max-snippet:-1, max-image-preview:large, max-video-preview:-1\" \/>\n<link rel=\"canonical\" href=\"https:\/\/e-mazzoni.it\/pl\/produkt\/mh-professional\/\" \/>\n<meta property=\"og:locale\" content=\"pl_PL\" \/>\n<meta property=\"og:type\" content=\"article\" \/>\n<meta property=\"og:title\" content=\"MH PROFESSIONAL - Mazzoni\" \/>\n<meta property=\"og:description\" content=\"Podk\u0142adki ci\u015bnieniowe Mazzoni MH s\u0105 wysokiej klasy \u015bredniej klasy i s\u0105 przeznaczone do u\u017cytku profesjonalnego. Wysokowydajne kot\u0142y i silniki elektryczne, wyposa\u017cone w elastyczne po\u0142\u0105czenia i zbudowane bezpo\u015brednio przez Mazzoni, gwarantuj\u0105 niskie zu\u017cycie i emisj\u0119, gwarantuj\u0105c jednocze\u015bnie wysok\u0105 wydajno\u015b\u0107. Przednie ko\u0142o obrotowe u\u0142atwia jego ruch.  Zalecane u\u017cycie: myjnie samochodowe, warsztaty, rolnictwo itp.\" \/>\n<meta property=\"og:url\" content=\"https:\/\/e-mazzoni.it\/pl\/produkt\/mh-professional\/\" \/>\n<meta property=\"og:site_name\" content=\"Mazzoni\" \/>\n<meta property=\"article:modified_time\" content=\"2026-05-02T02:03:09+00:00\" \/>\n<meta property=\"og:image\" content=\"https:\/\/e-mazzoni.it\/wp-content\/uploads\/2026\/04\/DOC5817730484.jpg\" \/>\n\t<meta property=\"og:image:width\" content=\"800\" \/>\n\t<meta property=\"og:image:height\" content=\"800\" \/>\n\t<meta property=\"og:image:type\" content=\"image\/jpeg\" \/>\n<meta name=\"twitter:card\" content=\"summary_large_image\" \/>\n<meta name=\"twitter:label1\" content=\"Szacowany czas czytania\" \/>\n\t<meta name=\"twitter:data1\" content=\"1 minuta\" \/>\n<!-- \/ Yoast SEO plugin. -->","yoast_head_json":{"title":"MH PROFESSIONAL - Mazzoni","robots":{"index":"index","follow":"follow","max-snippet":"max-snippet:-1","max-image-preview":"max-image-preview:large","max-video-preview":"max-video-preview:-1"},"canonical":"https:\/\/e-mazzoni.it\/pl\/produkt\/mh-professional\/","og_locale":"pl_PL","og_type":"article","og_title":"MH PROFESSIONAL - Mazzoni","og_description":"Podk\u0142adki ci\u015bnieniowe Mazzoni MH s\u0105 wysokiej klasy \u015bredniej klasy i s\u0105 przeznaczone do u\u017cytku profesjonalnego. Wysokowydajne kot\u0142y i silniki elektryczne, wyposa\u017cone w elastyczne po\u0142\u0105czenia i zbudowane bezpo\u015brednio przez Mazzoni, gwarantuj\u0105 niskie zu\u017cycie i emisj\u0119, gwarantuj\u0105c jednocze\u015bnie wysok\u0105 wydajno\u015b\u0107. Przednie ko\u0142o obrotowe u\u0142atwia jego ruch.  Zalecane u\u017cycie: myjnie samochodowe, warsztaty, rolnictwo itp.","og_url":"https:\/\/e-mazzoni.it\/pl\/produkt\/mh-professional\/","og_site_name":"Mazzoni","article_modified_time":"2026-05-02T02:03:09+00:00","og_image":[{"width":800,"height":800,"url":"https:\/\/e-mazzoni.it\/wp-content\/uploads\/2026\/04\/DOC5817730484.jpg","type":"image\/jpeg"}],"twitter_card":"summary_large_image","twitter_misc":{"Szacowany czas czytania":"1 minuta"},"schema":{"@context":"https:\/\/schema.org","@graph":[{"@type":"WebPage","@id":"https:\/\/e-mazzoni.it\/pl\/produkt\/mh-professional\/","url":"https:\/\/e-mazzoni.it\/pl\/produkt\/mh-professional\/","name":"MH PROFESSIONAL - Mazzoni","isPartOf":{"@id":"https:\/\/e-mazzoni.it\/pl\/#website"},"primaryImageOfPage":{"@id":"https:\/\/e-mazzoni.it\/pl\/produkt\/mh-professional\/#primaryimage"},"image":{"@id":"https:\/\/e-mazzoni.it\/pl\/produkt\/mh-professional\/#primaryimage"},"thumbnailUrl":"https:\/\/e-mazzoni.it\/wp-content\/uploads\/2026\/04\/DOC5817730484.jpg","datePublished":"2024-10-15T06:44:26+00:00","dateModified":"2026-05-02T02:03:09+00:00","breadcrumb":{"@id":"https:\/\/e-mazzoni.it\/pl\/produkt\/mh-professional\/#breadcrumb"},"inLanguage":"pl-PL","potentialAction":[{"@type":"ReadAction","target":["https:\/\/e-mazzoni.it\/pl\/produkt\/mh-professional\/"]}]},{"@type":"ImageObject","inLanguage":"pl-PL","@id":"https:\/\/e-mazzoni.it\/pl\/produkt\/mh-professional\/#primaryimage","url":"https:\/\/e-mazzoni.it\/wp-content\/uploads\/2026\/04\/DOC5817730484.jpg","contentUrl":"https:\/\/e-mazzoni.it\/wp-content\/uploads\/2026\/04\/DOC5817730484.jpg","width":800,"height":800},{"@type":"BreadcrumbList","@id":"https:\/\/e-mazzoni.it\/pl\/produkt\/mh-professional\/#breadcrumb","itemListElement":[{"@type":"ListItem","position":1,"name":"Home","item":"https:\/\/e-mazzoni.it\/pl\/"},{"@type":"ListItem","position":2,"name":"Produkty","item":"https:\/\/e-mazzoni.it\/pl\/produkty\/"},{"@type":"ListItem","position":3,"name":"MH PROFESSIONAL"}]},{"@type":"WebSite","@id":"https:\/\/e-mazzoni.it\/pl\/#website","url":"https:\/\/e-mazzoni.it\/pl\/","name":"Mazzoni","description":"Mazzoni","publisher":{"@id":"https:\/\/e-mazzoni.it\/pl\/#organization"},"potentialAction":[{"@type":"SearchAction","target":{"@type":"EntryPoint","urlTemplate":"https:\/\/e-mazzoni.it\/pl\/?s={search_term_string}"},"query-input":{"@type":"PropertyValueSpecification","valueRequired":true,"valueName":"search_term_string"}}],"inLanguage":"pl-PL"},{"@type":"Organization","@id":"https:\/\/e-mazzoni.it\/pl\/#organization","name":"Mazzoni","url":"https:\/\/e-mazzoni.it\/pl\/","logo":{"@type":"ImageObject","inLanguage":"pl-PL","@id":"https:\/\/e-mazzoni.it\/pl\/#\/schema\/logo\/image\/","url":"https:\/\/e-mazzoni.it\/wp-content\/uploads\/2023\/07\/logo.png","contentUrl":"https:\/\/e-mazzoni.it\/wp-content\/uploads\/2023\/07\/logo.png","width":250,"height":109,"caption":"Mazzoni"},"image":{"@id":"https:\/\/e-mazzoni.it\/pl\/#\/schema\/logo\/image\/"}}]}},"_links":{"self":[{"href":"https:\/\/e-mazzoni.it\/pl\/wp-json\/wp\/v2\/product\/50953","targetHints":{"allow":["GET"]}}],"collection":[{"href":"https:\/\/e-mazzoni.it\/pl\/wp-json\/wp\/v2\/product"}],"about":[{"href":"https:\/\/e-mazzoni.it\/pl\/wp-json\/wp\/v2\/types\/product"}],"wp:featuredmedia":[{"embeddable":true,"href":"https:\/\/e-mazzoni.it\/pl\/wp-json\/wp\/v2\/media\/67755"}],"wp:attachment":[{"href":"https:\/\/e-mazzoni.it\/pl\/wp-json\/wp\/v2\/media?parent=50953"}],"wp:term":[{"taxonomy":"product_brand","embeddable":true,"href":"https:\/\/e-mazzoni.it\/pl\/wp-json\/wp\/v2\/product_brand?post=50953"},{"taxonomy":"product_cat","embeddable":true,"href":"https:\/\/e-mazzoni.it\/pl\/wp-json\/wp\/v2\/product_cat?post=50953"},{"taxonomy":"product_tag","embeddable":true,"href":"https:\/\/e-mazzoni.it\/pl\/wp-json\/wp\/v2\/product_tag?post=50953"}],"curies":[{"name":"wp","href":"https:\/\/api.w.org\/{rel}","templated":true}]}}