{"id":50947,"date":"2024-10-15T06:44:06","date_gmt":"2024-10-15T06:44:06","guid":{"rendered":"https:\/\/e-mazzoni.it\/prodotto\/kx-professional\/"},"modified":"2026-05-02T02:01:00","modified_gmt":"2026-05-02T02:01:00","slug":"kx-professional","status":"publish","type":"product","link":"https:\/\/e-mazzoni.it\/pl\/produkt\/kx-professional\/","title":{"rendered":"KX PROFESSIONAL"},"content":{"rendered":"<p>\u201eZaprojektowany do ci\u0119\u017ckiej pracy.<\/p>\n<p>Zaprojektowany do codziennego u\u017cytku w \u015brodowisku pracy, kt\u00f3ry mo\u017ce przetestowa\u0107 wszystkie elementy myjki wysokoci\u015bnieniowej.<\/p>\n<p>Idealne do czyszczenia chrupi\u0105cego i upartego brudu, dzi\u0119ki ich ci\u015bnieniu i przep\u0142ywowi, wysokoci\u015bnieniowe \u015brodki czyszcz\u0105ce Mazzoni umo\u017cliwiaj\u0105 mycie du\u017cych powierzchni przy zmniejszonym zu\u017cyciu energii elektrycznej.<\/p>\n<p>Rama ze stali nierdzewnej, kt\u00f3ra charakteryzuje wersje KX, sprawia, \u017ce ta maszyna nadaje si\u0119 do \u015brodowisk pracy wymagaj\u0105cych mocnej i odpornej na uderzenia konstrukcji.<\/p>\n<p>Lekka konstrukcja i trzecie przednie ko\u0142o zapewniaj\u0105 \u0142atwo\u015b\u0107 u\u017cytkowania, \u0142atw\u0105 obs\u0142ug\u0119 i zmniejszaj\u0105 zm\u0119czenie.<\/p>\n<p>Zalecane zastosowanie: budownictwo i budownictwo, przemys\u0142 spo\u017cywczy, centra handlowe, supermarkety i sprzedawcy ryb itp. \u201d.<\/p>\n<div>\n<table style=\"width: 100%\" border=\"1\" id=\"table_options\">\n<tbody>\n<tr>\n<th style=\"color: #fff\" bgcolor=\"#ea2833\">PART NUMBER<\/th>\n<th style=\"color: #fff\" bgcolor=\"#ea2833\">MODEL<\/th>\n<th style=\"color: #fff\" bgcolor=\"#ea2833\">L\/MIN &#8211; 1450 RPM<\/th>\n<th style=\"color: #fff\" bgcolor=\"#ea2833\">GPM &#8211; 1450 RPM<\/th>\n<th style=\"color: #fff\" bgcolor=\"#ea2833\">BAR<\/th>\n<th style=\"color: #fff\" bgcolor=\"#ea2833\">PSI<\/th>\n<th style=\"color: #fff\" bgcolor=\"#ea2833\">RPM 50 HZ<\/th>\n<th style=\"color: #fff\" bgcolor=\"#ea2833\">HP<\/th>\n<th style=\"color: #fff\" bgcolor=\"#ea2833\">KW<\/th>\n<th style=\"color: #fff\" bgcolor=\"#ea2833\">VOLTS<\/th>\n<th style=\"color: #fff\" bgcolor=\"#ea2833\">Hz<\/th>\n<th style=\"color: #fff\" bgcolor=\"#ea2833\">PHASE<\/th>\n<th style=\"color: #fff\" bgcolor=\"#ea2833\">A 50 HZ<\/th>\n<th style=\"color: #fff\" bgcolor=\"#ea2833\">WATER NOZZLE<\/th>\n<th style=\"color: #fff\" bgcolor=\"#ea2833\">DETERGENT TANK<\/th>\n<th style=\"color: #fff\" bgcolor=\"#ea2833\">DETERGENT TANK (GAL)<\/th>\n<th style=\"color: #fff\" bgcolor=\"#ea2833\">MAX OUTPUT TEMPERATURE<\/th>\n<th style=\"color: #fff\" bgcolor=\"#ea2833\">MAX OUTPUT TEMPERATURE (F)<\/th>\n<\/tr>\n<tr>\n<td align=\"center !important\">3.023.14.355<\/td>\n<td align=\"center !important\">KX3005<\/td>\n<td align=\"center !important\">10<\/td>\n<td align=\"center !important\">2,64<\/td>\n<td align=\"center !important\">150<\/td>\n<td align=\"center !important\">2175<\/td>\n<td align=\"center !important\">1450<\/td>\n<td align=\"center !important\">3<\/td>\n<td align=\"center !important\">2,2<\/td>\n<td align=\"center !important\">230<\/td>\n<td align=\"center !important\">50<\/td>\n<td align=\"center !important\">1<\/td>\n<td align=\"center !important\">11,4<\/td>\n<td align=\"center !important\">1504<\/td>\n<td align=\"center !important\">5 L<\/td>\n<td align=\"center !important\">1,3 gal<\/td>\n<td align=\"center !important\">65\u00b0C<\/td>\n<td align=\"center !important\">149\u00b0F<\/td>\n<\/tr>\n<tr>\n<td align=\"center !important\">3.023.14.343<\/td>\n<td align=\"center !important\">KX4005<\/td>\n<td align=\"center !important\">15<\/td>\n<td align=\"center !important\">3,9<\/td>\n<td align=\"center !important\">200<\/td>\n<td align=\"center !important\">2900<\/td>\n<td align=\"center !important\">1450<\/td>\n<td align=\"center !important\">7,5<\/td>\n<td align=\"center !important\">5.5<\/td>\n<td align=\"center !important\">400<\/td>\n<td align=\"center !important\">50<\/td>\n<td align=\"center !important\">3<\/td>\n<td align=\"center !important\">11<\/td>\n<td align=\"center !important\">1505<\/td>\n<td align=\"center !important\">5 L<\/td>\n<td align=\"center !important\">1,3 gal<\/td>\n<td align=\"center !important\">65\u00b0C<\/td>\n<td align=\"center !important\">149\u00b0F<\/td>\n<\/tr>\n<tr>\n<td align=\"center !important\">3.023.14.366<\/td>\n<td align=\"center !important\">KX4055<\/td>\n<td align=\"center !important\">21<\/td>\n<td align=\"center !important\">5,5<\/td>\n<td align=\"center !important\">150<\/td>\n<td align=\"center !important\">2175<\/td>\n<td align=\"center !important\">1450<\/td>\n<td align=\"center !important\">7,5<\/td>\n<td align=\"center !important\">5.5<\/td>\n<td align=\"center !important\">400<\/td>\n<td align=\"center !important\">50<\/td>\n<td align=\"center !important\">3<\/td>\n<td align=\"center !important\">11<\/td>\n<td align=\"center !important\">1508<\/td>\n<td align=\"center !important\">5 L<\/td>\n<td align=\"center !important\">1,3 gal<\/td>\n<td align=\"center !important\">65\u00b0C<\/td>\n<td align=\"center !important\">149\u00b0F<\/td>\n<\/tr>\n<\/tbody>\n<\/table>\n<\/div>\n","protected":false},"excerpt":{"rendered":"<p>\u201ePralka ci\u015bnieniowa zimnej wody, z ram\u0105 ca\u0142kowicie ze stali nierdzewnej przymocowan\u0105 do 2 k\u00f3\u0142 pneumatycznych i 1 obrotowego.<\/p>\n<p>Asynchroniczny silnik elektryczny, ci\u0105g\u0142a praca serii MEC, S1 z ochron\u0105 termiczn\u0105 zintegrowan\u0105 z uzwojeniami. Silnik o wy\u017cszej wydajno\u015bci, a zatem o wysokiej wydajno\u015bci i ni\u017cszym zu\u017cyciu pr\u0105du. Elastyczny staw.<\/p>\n<p>Profesjonalna pompa rz\u0119dowa (pr\u0119t) z mosi\u0119\u017cn\u0105 g\u0142owic\u0105 i trzema t\u0142okami ceramicznymi<\/p>\n<p>Kabel elektryczny mt. 5<\/p>\n<p>Automatyczny zaw\u00f3r obej\u015bciowy z regulacj\u0105 ci\u015bnienia<\/p>\n<p>Rura wysokoci\u015bnieniowa 10 metr\u00f3w<\/p>\n<p>Lance INOX z automatycznym pistoletem i szybkim mocowaniem akcesori\u00f3w<\/p>\n<p>Profesjonalna g\u0142owica kontroli ci\u015bnienia z hartowan\u0105 dysz\u0105 stalow\u0105 i zasysaniem do czyszczenia pod niskim ci\u015bnieniem<\/p>\n<p>System TST (Time Stop)<\/p>\n<p>Hamulec postojowy<\/p>\n<p>Licznik wewn\u0119trzny<\/p>\n","protected":false},"featured_media":67725,"template":"","meta":{"zakra_page_container_layout":"customizer","zakra_page_sidebar_layout":"customizer","zakra_remove_content_margin":false,"zakra_sidebar":"customizer","zakra_transparent_header":"customizer","zakra_logo":0,"zakra_main_header_style":"default","zakra_menu_item_color":"","zakra_menu_item_hover_color":"","zakra_menu_item_active_color":"","zakra_menu_active_style":"","zakra_page_header":true},"product_brand":[],"product_cat":[3776],"product_tag":[3644,3660],"class_list":{"0":"post-50947","1":"product","2":"type-product","3":"status-publish","4":"has-post-thumbnail","6":"product_cat-odpady-cisnienia-zimnego","7":"product_tag-czyszczenie_pl","8":"product_tag-myjni_samochodowe_pl","10":"first","11":"instock","12":"shipping-taxable","13":"product-type-simple"},"yoast_head":"<!-- This site is optimized with the Yoast SEO plugin v27.5 - https:\/\/yoast.com\/product\/yoast-seo-wordpress\/ -->\n<title>KX PROFESSIONAL - Mazzoni<\/title>\n<meta name=\"robots\" content=\"index, follow, max-snippet:-1, max-image-preview:large, max-video-preview:-1\" \/>\n<link rel=\"canonical\" href=\"https:\/\/e-mazzoni.it\/pl\/produkt\/kx-professional\/\" \/>\n<meta property=\"og:locale\" content=\"pl_PL\" \/>\n<meta property=\"og:type\" content=\"article\" \/>\n<meta property=\"og:title\" content=\"KX PROFESSIONAL - Mazzoni\" \/>\n<meta property=\"og:description\" content=\"\u201ePralka ci\u015bnieniowa zimnej wody, z ram\u0105 ca\u0142kowicie ze stali nierdzewnej przymocowan\u0105 do 2 k\u00f3\u0142 pneumatycznych i 1 obrotowego.   Asynchroniczny silnik elektryczny, ci\u0105g\u0142a praca serii MEC, S1 z ochron\u0105 termiczn\u0105 zintegrowan\u0105 z uzwojeniami. Silnik o wy\u017cszej wydajno\u015bci, a zatem o wysokiej wydajno\u015bci i ni\u017cszym zu\u017cyciu pr\u0105du. Elastyczny staw.  Profesjonalna pompa rz\u0119dowa (pr\u0119t) z mosi\u0119\u017cn\u0105 g\u0142owic\u0105 i trzema t\u0142okami ceramicznymi  Kabel elektryczny mt. 5  Automatyczny zaw\u00f3r obej\u015bciowy z regulacj\u0105 ci\u015bnienia  Rura wysokoci\u015bnieniowa 10 metr\u00f3w  Lance INOX z automatycznym pistoletem i szybkim mocowaniem akcesori\u00f3w  Profesjonalna g\u0142owica kontroli ci\u015bnienia z hartowan\u0105 dysz\u0105 stalow\u0105 i zasysaniem do czyszczenia pod niskim ci\u015bnieniem  System TST (Time Stop)  Hamulec postojowy  Licznik wewn\u0119trzny\" \/>\n<meta property=\"og:url\" content=\"https:\/\/e-mazzoni.it\/pl\/produkt\/kx-professional\/\" \/>\n<meta property=\"og:site_name\" content=\"Mazzoni\" \/>\n<meta property=\"article:modified_time\" content=\"2026-05-02T02:01:00+00:00\" \/>\n<meta property=\"og:image\" content=\"https:\/\/e-mazzoni.it\/wp-content\/uploads\/2026\/04\/DOC2810972696.jpg\" \/>\n\t<meta property=\"og:image:width\" content=\"800\" \/>\n\t<meta property=\"og:image:height\" content=\"800\" \/>\n\t<meta property=\"og:image:type\" content=\"image\/jpeg\" \/>\n<meta name=\"twitter:card\" content=\"summary_large_image\" \/>\n<meta name=\"twitter:label1\" content=\"Szacowany czas czytania\" \/>\n\t<meta name=\"twitter:data1\" content=\"1 minuta\" \/>\n<!-- \/ Yoast SEO plugin. -->","yoast_head_json":{"title":"KX PROFESSIONAL - Mazzoni","robots":{"index":"index","follow":"follow","max-snippet":"max-snippet:-1","max-image-preview":"max-image-preview:large","max-video-preview":"max-video-preview:-1"},"canonical":"https:\/\/e-mazzoni.it\/pl\/produkt\/kx-professional\/","og_locale":"pl_PL","og_type":"article","og_title":"KX PROFESSIONAL - Mazzoni","og_description":"\u201ePralka ci\u015bnieniowa zimnej wody, z ram\u0105 ca\u0142kowicie ze stali nierdzewnej przymocowan\u0105 do 2 k\u00f3\u0142 pneumatycznych i 1 obrotowego.   Asynchroniczny silnik elektryczny, ci\u0105g\u0142a praca serii MEC, S1 z ochron\u0105 termiczn\u0105 zintegrowan\u0105 z uzwojeniami. Silnik o wy\u017cszej wydajno\u015bci, a zatem o wysokiej wydajno\u015bci i ni\u017cszym zu\u017cyciu pr\u0105du. Elastyczny staw.  Profesjonalna pompa rz\u0119dowa (pr\u0119t) z mosi\u0119\u017cn\u0105 g\u0142owic\u0105 i trzema t\u0142okami ceramicznymi  Kabel elektryczny mt. 5  Automatyczny zaw\u00f3r obej\u015bciowy z regulacj\u0105 ci\u015bnienia  Rura wysokoci\u015bnieniowa 10 metr\u00f3w  Lance INOX z automatycznym pistoletem i szybkim mocowaniem akcesori\u00f3w  Profesjonalna g\u0142owica kontroli ci\u015bnienia z hartowan\u0105 dysz\u0105 stalow\u0105 i zasysaniem do czyszczenia pod niskim ci\u015bnieniem  System TST (Time Stop)  Hamulec postojowy  Licznik wewn\u0119trzny","og_url":"https:\/\/e-mazzoni.it\/pl\/produkt\/kx-professional\/","og_site_name":"Mazzoni","article_modified_time":"2026-05-02T02:01:00+00:00","og_image":[{"width":800,"height":800,"url":"https:\/\/e-mazzoni.it\/wp-content\/uploads\/2026\/04\/DOC2810972696.jpg","type":"image\/jpeg"}],"twitter_card":"summary_large_image","twitter_misc":{"Szacowany czas czytania":"1 minuta"},"schema":{"@context":"https:\/\/schema.org","@graph":[{"@type":"WebPage","@id":"https:\/\/e-mazzoni.it\/pl\/produkt\/kx-professional\/","url":"https:\/\/e-mazzoni.it\/pl\/produkt\/kx-professional\/","name":"KX PROFESSIONAL - Mazzoni","isPartOf":{"@id":"https:\/\/e-mazzoni.it\/pl\/#website"},"primaryImageOfPage":{"@id":"https:\/\/e-mazzoni.it\/pl\/produkt\/kx-professional\/#primaryimage"},"image":{"@id":"https:\/\/e-mazzoni.it\/pl\/produkt\/kx-professional\/#primaryimage"},"thumbnailUrl":"https:\/\/e-mazzoni.it\/wp-content\/uploads\/2026\/04\/DOC2810972696.jpg","datePublished":"2024-10-15T06:44:06+00:00","dateModified":"2026-05-02T02:01:00+00:00","breadcrumb":{"@id":"https:\/\/e-mazzoni.it\/pl\/produkt\/kx-professional\/#breadcrumb"},"inLanguage":"pl-PL","potentialAction":[{"@type":"ReadAction","target":["https:\/\/e-mazzoni.it\/pl\/produkt\/kx-professional\/"]}]},{"@type":"ImageObject","inLanguage":"pl-PL","@id":"https:\/\/e-mazzoni.it\/pl\/produkt\/kx-professional\/#primaryimage","url":"https:\/\/e-mazzoni.it\/wp-content\/uploads\/2026\/04\/DOC2810972696.jpg","contentUrl":"https:\/\/e-mazzoni.it\/wp-content\/uploads\/2026\/04\/DOC2810972696.jpg","width":800,"height":800},{"@type":"BreadcrumbList","@id":"https:\/\/e-mazzoni.it\/pl\/produkt\/kx-professional\/#breadcrumb","itemListElement":[{"@type":"ListItem","position":1,"name":"Home","item":"https:\/\/e-mazzoni.it\/pl\/"},{"@type":"ListItem","position":2,"name":"Produkty","item":"https:\/\/e-mazzoni.it\/pl\/produkty\/"},{"@type":"ListItem","position":3,"name":"KX PROFESSIONAL"}]},{"@type":"WebSite","@id":"https:\/\/e-mazzoni.it\/pl\/#website","url":"https:\/\/e-mazzoni.it\/pl\/","name":"Mazzoni","description":"Mazzoni","publisher":{"@id":"https:\/\/e-mazzoni.it\/pl\/#organization"},"potentialAction":[{"@type":"SearchAction","target":{"@type":"EntryPoint","urlTemplate":"https:\/\/e-mazzoni.it\/pl\/?s={search_term_string}"},"query-input":{"@type":"PropertyValueSpecification","valueRequired":true,"valueName":"search_term_string"}}],"inLanguage":"pl-PL"},{"@type":"Organization","@id":"https:\/\/e-mazzoni.it\/pl\/#organization","name":"Mazzoni","url":"https:\/\/e-mazzoni.it\/pl\/","logo":{"@type":"ImageObject","inLanguage":"pl-PL","@id":"https:\/\/e-mazzoni.it\/pl\/#\/schema\/logo\/image\/","url":"https:\/\/e-mazzoni.it\/wp-content\/uploads\/2023\/07\/logo.png","contentUrl":"https:\/\/e-mazzoni.it\/wp-content\/uploads\/2023\/07\/logo.png","width":250,"height":109,"caption":"Mazzoni"},"image":{"@id":"https:\/\/e-mazzoni.it\/pl\/#\/schema\/logo\/image\/"}}]}},"_links":{"self":[{"href":"https:\/\/e-mazzoni.it\/pl\/wp-json\/wp\/v2\/product\/50947","targetHints":{"allow":["GET"]}}],"collection":[{"href":"https:\/\/e-mazzoni.it\/pl\/wp-json\/wp\/v2\/product"}],"about":[{"href":"https:\/\/e-mazzoni.it\/pl\/wp-json\/wp\/v2\/types\/product"}],"wp:featuredmedia":[{"embeddable":true,"href":"https:\/\/e-mazzoni.it\/pl\/wp-json\/wp\/v2\/media\/67725"}],"wp:attachment":[{"href":"https:\/\/e-mazzoni.it\/pl\/wp-json\/wp\/v2\/media?parent=50947"}],"wp:term":[{"taxonomy":"product_brand","embeddable":true,"href":"https:\/\/e-mazzoni.it\/pl\/wp-json\/wp\/v2\/product_brand?post=50947"},{"taxonomy":"product_cat","embeddable":true,"href":"https:\/\/e-mazzoni.it\/pl\/wp-json\/wp\/v2\/product_cat?post=50947"},{"taxonomy":"product_tag","embeddable":true,"href":"https:\/\/e-mazzoni.it\/pl\/wp-json\/wp\/v2\/product_tag?post=50947"}],"curies":[{"name":"wp","href":"https:\/\/api.w.org\/{rel}","templated":true}]}}