{"id":50908,"date":"2024-10-15T06:54:16","date_gmt":"2024-10-15T06:54:16","guid":{"rendered":"https:\/\/e-mazzoni.it\/prodotto\/xm\/"},"modified":"2026-05-02T02:52:56","modified_gmt":"2026-05-02T02:52:56","slug":"xm","status":"publish","type":"product","link":"https:\/\/e-mazzoni.it\/pl\/produkt\/xm\/","title":{"rendered":"XM"},"content":{"rendered":"<p>XM SERIES: przemys\u0142owe t\u0142okowe 3 t\u0142okowe pompy wysokoci\u015bnieniowe z systemem pr\u0119t\u00f3w \/ korb. Maksymalne ci\u015bnienie 500BAR (7251psi)<br \/>\nWysoka wydajno\u015b\u0107, minimalna konserwacja i niezawodno\u015b\u0107 s\u0105 gwarantowane przez wysokiej jako\u015bci materia\u0142y, kt\u00f3re zapewniaj\u0105 d\u0142ug\u0105 \u017cywotno\u015b\u0107. 100% w\u0142oska produkcja w naszych fabrykach w Reggio Emilia.<\/p>\n<div>\n<table style=\"width: 100%\" border=\"1\" id=\"table_options\">\n<tbody>\n<tr>\n<th style=\"color: #fff\" bgcolor=\"#ea2833\">PART NUMBER<\/th>\n<th style=\"color: #fff\" bgcolor=\"#ea2833\">MODEL<\/th>\n<th style=\"color: #fff\" bgcolor=\"#ea2833\">BAR<\/th>\n<th style=\"color: #fff\" bgcolor=\"#ea2833\">PSI<\/th>\n<th style=\"color: #fff\" bgcolor=\"#ea2833\">L\/MIN -1450 RPM<\/th>\n<th style=\"color: #fff\" bgcolor=\"#ea2833\">GPM &#8211;  1450 RPM<\/th>\n<th style=\"color: #fff\" bgcolor=\"#ea2833\">RPM 50 HZ<\/th>\n<th style=\"color: #fff\" bgcolor=\"#ea2833\">HP -1450 RPM<\/th>\n<th style=\"color: #fff\" bgcolor=\"#ea2833\">KW &#8211; 1450 RPM<\/th>\n<th style=\"color: #fff\" bgcolor=\"#ea2833\">L\/MIN -1740 RPM<\/th>\n<th style=\"color: #fff\" bgcolor=\"#ea2833\">GPM &#8211; 1740 RPM<\/th>\n<th style=\"color: #fff\" bgcolor=\"#ea2833\">RPM 60 HZ<\/th>\n<th style=\"color: #fff\" bgcolor=\"#ea2833\">HP &#8211; 1740 RPM<\/th>\n<th style=\"color: #fff\" bgcolor=\"#ea2833\">KW &#8211; 1740 RPM<\/th>\n<th style=\"color: #fff\" bgcolor=\"#ea2833\">\u00f8 SHAFT<\/th>\n<th style=\"color: #fff\" bgcolor=\"#ea2833\">\u00f8 SHAFT<\/th>\n<th style=\"color: #fff\" bgcolor=\"#ea2833\">SHAFT LEIGHT<\/th>\n<th style=\"color: #fff\" bgcolor=\"#ea2833\">SHAFT LEIGHT (INCH)<\/th>\n<th style=\"color: #fff\" bgcolor=\"#ea2833\">SHAFT  <\/th>\n<th style=\"color: #fff\" bgcolor=\"#ea2833\">PLUNGER \u00f8<\/th>\n<th style=\"color: #fff\" bgcolor=\"#ea2833\">PISTONE De INCH<\/th>\n<th style=\"color: #fff\" bgcolor=\"#ea2833\">MAX INPUT  TEMPERATURE<\/th>\n<th style=\"color: #fff\" bgcolor=\"#ea2833\">MIN INPUT PRESSURE (BAR)<\/th>\n<th style=\"color: #fff\" bgcolor=\"#ea2833\">MIN INPUT PRESSURE (PSI )<\/th>\n<th style=\"color: #fff\" bgcolor=\"#ea2833\">OIL CAPACITY ( LT)<\/th>\n<th style=\"color: #fff\" bgcolor=\"#ea2833\">OIL CAPACITY ( GAL)<\/th>\n<th style=\"color: #fff\" bgcolor=\"#ea2833\">INLET<\/th>\n<th style=\"color: #fff\" bgcolor=\"#ea2833\">OUTLET<\/th>\n<th style=\"color: #fff\" bgcolor=\"#ea2833\">NET WEIGHT (KG)<\/th>\n<th style=\"color: #fff\" bgcolor=\"#ea2833\">NET WEIGHT (LBS)<\/th>\n<\/tr>\n<tr>\n<td align=\"center !important\">P3.031.005-1<\/td>\n<td align=\"center !important\">XM11500R<\/td>\n<td align=\"center !important\">500<\/td>\n<td align=\"center !important\">7252<\/td>\n<td align=\"center !important\">11<\/td>\n<td align=\"center !important\">2,91<\/td>\n<td align=\"center !important\">1450<\/td>\n<td align=\"center !important\">14,29<\/td>\n<td align=\"center !important\">10,58<\/td>\n<td align=\"center !important\">13,2<\/td>\n<td align=\"center !important\">3,49<\/td>\n<td align=\"center !important\">1740<\/td>\n<td align=\"center !important\">17,14<\/td>\n<td align=\"center !important\">12,70<\/td>\n<td align=\"center !important\">24mm<\/td>\n<td align=\"center !important\">1 in.<\/td>\n<td align=\"center !important\">45mm<\/td>\n<td align=\"center !important\">1.8 in.<\/td>\n<td align=\"center !important\">Destro\/Right<\/td>\n<td align=\"center !important\">16mm<\/td>\n<td align=\"center !important\">0.6 in.<\/td>\n<td align=\"center !important\">65\u00b0C-149\u00b0F<\/td>\n<td align=\"center !important\">0,2<\/td>\n<td align=\"center !important\">2,9<\/td>\n<td align=\"center !important\">1,2<\/td>\n<td align=\"center !important\">0,31<\/td>\n<td align=\"center !important\">G 1\/2<\/td>\n<td align=\"center !important\">G 3\/8<\/td>\n<td align=\"center !important\">20<\/td>\n<td align=\"center !important\">44<\/td>\n<\/tr>\n<tr>\n<td align=\"center !important\">P3.031.006-1<\/td>\n<td align=\"center !important\">XM15500R<\/td>\n<td align=\"center !important\">500<\/td>\n<td align=\"center !important\">7251<\/td>\n<td align=\"center !important\">15<\/td>\n<td align=\"center !important\">3,96<\/td>\n<td align=\"center !important\">1450<\/td>\n<td align=\"center !important\">19,48<\/td>\n<td align=\"center !important\">14,43<\/td>\n<td align=\"center !important\">18<\/td>\n<td align=\"center !important\">4,76<\/td>\n<td align=\"center !important\">1740<\/td>\n<td align=\"center !important\">23,38<\/td>\n<td align=\"center !important\">17,32<\/td>\n<td align=\"center !important\">24mm<\/td>\n<td align=\"center !important\">1 in.<\/td>\n<td align=\"center !important\">45mm<\/td>\n<td align=\"center !important\">1.8 in.<\/td>\n<td align=\"center !important\">Destro\/Right<\/td>\n<td align=\"center !important\">16mm<\/td>\n<td align=\"center !important\">0.6 in.<\/td>\n<td align=\"center !important\">65\u00b0C-149\u00b0F<\/td>\n<td align=\"center !important\">0,2<\/td>\n<td align=\"center !important\">2,9<\/td>\n<td align=\"center !important\">1,2<\/td>\n<td align=\"center !important\">0,31<\/td>\n<td align=\"center !important\">G 1\/2<\/td>\n<td align=\"center !important\">G 3\/8<\/td>\n<td align=\"center !important\">20<\/td>\n<td align=\"center !important\">44<\/td>\n<\/tr>\n<tr>\n<td align=\"center !important\">P3.031.007-1<\/td>\n<td align=\"center !important\">XM17500R<\/td>\n<td align=\"center !important\">500<\/td>\n<td align=\"center !important\">7252<\/td>\n<td align=\"center !important\">17<\/td>\n<td align=\"center !important\">4,49<\/td>\n<td align=\"center !important\">1450<\/td>\n<td align=\"center !important\">22,08<\/td>\n<td align=\"center !important\">16,35<\/td>\n<td align=\"center !important\">20,40<\/td>\n<td align=\"center !important\">5,39<\/td>\n<td align=\"center !important\">1740<\/td>\n<td align=\"center !important\">26,49<\/td>\n<td align=\"center !important\">19,62<\/td>\n<td align=\"center !important\">24mm<\/td>\n<td align=\"center !important\">1 in.<\/td>\n<td align=\"center !important\">55mm<\/td>\n<td align=\"center !important\">2.2 in.<\/td>\n<td align=\"center !important\">Destro\/Right<\/td>\n<td align=\"center !important\">16mm<\/td>\n<td align=\"center !important\">0.6 in<\/td>\n<td align=\"center !important\">65\u00b0C-149\u00b0F<\/td>\n<td align=\"center !important\">0,2<\/td>\n<td align=\"center !important\">2,9<\/td>\n<td align=\"center !important\">1,2<\/td>\n<td align=\"center !important\">0,31<\/td>\n<td align=\"center !important\">G 1\/2<\/td>\n<td align=\"center !important\">G 3\/8<\/td>\n<td align=\"center !important\">20<\/td>\n<td align=\"center !important\">44<\/td>\n<\/tr>\n<tr>\n<td align=\"center !important\">P3.031.008-1<\/td>\n<td align=\"center !important\">XM21500R<\/td>\n<td align=\"center !important\">500<\/td>\n<td align=\"center !important\">7252<\/td>\n<td align=\"center !important\">21<\/td>\n<td align=\"center !important\">5,55<\/td>\n<td align=\"center !important\">1450<\/td>\n<td align=\"center !important\">27,27<\/td>\n<td align=\"center !important\">20,20<\/td>\n<td align=\"center !important\">25,20<\/td>\n<td align=\"center !important\">6,66<\/td>\n<td align=\"center !important\">1740<\/td>\n<td align=\"center !important\">32,73<\/td>\n<td align=\"center !important\">24,24<\/td>\n<td align=\"center !important\">24mm<\/td>\n<td align=\"center !important\">1 in.<\/td>\n<td align=\"center !important\">55mm<\/td>\n<td align=\"center !important\">2.2 in.<\/td>\n<td align=\"center !important\">Destro\/Right<\/td>\n<td align=\"center !important\">16mm<\/td>\n<td align=\"center !important\">0.6 in.<\/td>\n<td align=\"center !important\">65\u00b0C-149\u00b0F<\/td>\n<td align=\"center !important\">0,2<\/td>\n<td align=\"center !important\">2,9<\/td>\n<td align=\"center !important\">1,2<\/td>\n<td align=\"center !important\">0,31<\/td>\n<td align=\"center !important\">G 1\/2<\/td>\n<td align=\"center !important\">G 3\/8<\/td>\n<td align=\"center !important\">20<\/td>\n<td align=\"center !important\">44<\/td>\n<\/tr>\n<tr>\n<td align=\"center !important\">P3.031.013-1<\/td>\n<td align=\"center !important\">XM11500L<\/td>\n<td align=\"center !important\">500<\/td>\n<td align=\"center !important\">7251<\/td>\n<td align=\"center !important\">11<\/td>\n<td align=\"center !important\">2,91<\/td>\n<td align=\"center !important\">1450<\/td>\n<td align=\"center !important\">14,29<\/td>\n<td align=\"center !important\">10,58<\/td>\n<td align=\"center !important\">13,2<\/td>\n<td align=\"center !important\">3,49<\/td>\n<td align=\"center !important\">1740<\/td>\n<td align=\"center !important\">17,14<\/td>\n<td align=\"center !important\">12,70<\/td>\n<td align=\"center !important\">24mm<\/td>\n<td align=\"center !important\">1 in.<\/td>\n<td align=\"center !important\">45mm<\/td>\n<td align=\"center !important\">1.8 in.<\/td>\n<td align=\"center !important\">Sinistro\/Left<\/td>\n<td align=\"center !important\">16mm<\/td>\n<td align=\"center !important\">0.6 in.<\/td>\n<td align=\"center !important\">65\u00b0C-149\u00b0F<\/td>\n<td align=\"center !important\">0,2<\/td>\n<td align=\"center !important\">2,9<\/td>\n<td align=\"center !important\">1,2<\/td>\n<td align=\"center !important\">3,31<\/td>\n<td align=\"center !important\">G 1\/2<\/td>\n<td align=\"center !important\">G 3\/8<\/td>\n<td align=\"center !important\">20<\/td>\n<td align=\"center !important\">44<\/td>\n<\/tr>\n<tr>\n<td align=\"center !important\">P3.031.014-1<\/td>\n<td align=\"center !important\">XM15500L<\/td>\n<td align=\"center !important\">500<\/td>\n<td align=\"center !important\">7251<\/td>\n<td align=\"center !important\">15<\/td>\n<td align=\"center !important\">3,96<\/td>\n<td align=\"center !important\">1450<\/td>\n<td align=\"center !important\">19,48<\/td>\n<td align=\"center !important\">14,43<\/td>\n<td align=\"center !important\">18<\/td>\n<td align=\"center !important\">4,76<\/td>\n<td align=\"center !important\">1740<\/td>\n<td align=\"center !important\">23,38<\/td>\n<td align=\"center !important\">17,32<\/td>\n<td align=\"center !important\">24mm<\/td>\n<td align=\"center !important\">1 in.<\/td>\n<td align=\"center !important\">45mm<\/td>\n<td align=\"center !important\">1.8 in.<\/td>\n<td align=\"center !important\">Sinistro\/Left<\/td>\n<td align=\"center !important\">16mm<\/td>\n<td align=\"center !important\">0.6 in.<\/td>\n<td align=\"center !important\">65\u00b0C-149\u00b0F<\/td>\n<td align=\"center !important\">0,2<\/td>\n<td align=\"center !important\">2,9<\/td>\n<td align=\"center !important\">1,2<\/td>\n<td align=\"center !important\">0,31<\/td>\n<td align=\"center !important\">G 1\/2<\/td>\n<td align=\"center !important\">G 3\/8<\/td>\n<td align=\"center !important\">20<\/td>\n<td align=\"center !important\">44<\/td>\n<\/tr>\n<tr>\n<td align=\"center !important\">P3.031.015-1<\/td>\n<td align=\"center !important\">XM17500L<\/td>\n<td align=\"center !important\">500<\/td>\n<td align=\"center !important\">7251<\/td>\n<td align=\"center !important\">17<\/td>\n<td align=\"center !important\">4,49<\/td>\n<td align=\"center !important\">1450<\/td>\n<td align=\"center !important\">22,08<\/td>\n<td align=\"center !important\">16,35<\/td>\n<td align=\"center !important\">20,4<\/td>\n<td align=\"center !important\">5,39<\/td>\n<td align=\"center !important\">1740<\/td>\n<td align=\"center !important\">26,49<\/td>\n<td align=\"center !important\">19,62<\/td>\n<td align=\"center !important\">24mm<\/td>\n<td align=\"center !important\">1 in.<\/td>\n<td align=\"center !important\">55mm<\/td>\n<td align=\"center !important\">2.2 in.<\/td>\n<td align=\"center !important\">Sinistro\/Left<\/td>\n<td align=\"center !important\">16mm<\/td>\n<td align=\"center !important\">0.6 in.<\/td>\n<td align=\"center !important\">65\u00b0C-149\u00b0F<\/td>\n<td align=\"center !important\">0,2<\/td>\n<td align=\"center !important\">2,9<\/td>\n<td align=\"center !important\">1,2<\/td>\n<td align=\"center !important\">0,31<\/td>\n<td align=\"center !important\">G 1\/2<\/td>\n<td align=\"center !important\">G 3\/8<\/td>\n<td align=\"center !important\">20<\/td>\n<td align=\"center !important\">40<\/td>\n<\/tr>\n<tr>\n<td align=\"center !important\">P3.031.016-1<\/td>\n<td align=\"center !important\">XM21500L<\/td>\n<td align=\"center !important\">500<\/td>\n<td align=\"center !important\">7251<\/td>\n<td align=\"center !important\">21<\/td>\n<td align=\"center !important\">5,55<\/td>\n<td align=\"center !important\">1450<\/td>\n<td align=\"center !important\">27,27<\/td>\n<td align=\"center !important\">20,20<\/td>\n<td align=\"center !important\">25,2<\/td>\n<td align=\"center !important\">6,66<\/td>\n<td align=\"center !important\">1740<\/td>\n<td align=\"center !important\">32,73<\/td>\n<td align=\"center !important\">24,24<\/td>\n<td align=\"center !important\">24mm<\/td>\n<td align=\"center !important\">1 in.<\/td>\n<td align=\"center !important\">55mm<\/td>\n<td align=\"center !important\">2.2 in.<\/td>\n<td align=\"center !important\">Sinistro\/Left<\/td>\n<td align=\"center !important\">16mm<\/td>\n<td align=\"center !important\">0.6 in.<\/td>\n<td align=\"center !important\">65\u00b0C-149\u00b0F<\/td>\n<td align=\"center !important\">0,2<\/td>\n<td align=\"center !important\">2,9<\/td>\n<td align=\"center !important\">1,2<\/td>\n<td align=\"center !important\">0,31<\/td>\n<td align=\"center !important\">G 1\/2<\/td>\n<td align=\"center !important\">G 3\/8<\/td>\n<td align=\"center !important\">20<\/td>\n<td align=\"center !important\">40<\/td>\n<\/tr>\n<\/tbody>\n<\/table>\n<\/div>\n","protected":false},"excerpt":{"rendered":"<p>POMPY WYSOKIEJ CI\u015aNIENIA MAZZONI<\/p>\n<p>Ponadwymiarowe i rektyfikowane t\u0142oczyska prowadz\u0105ce dla zmniejszenia tarcia podczas przep\u0142ywu i poprawy uszczelnienia oleju.<br \/>\nWa\u0142 ponadgabarytowy z zaciskiem dla lepszego przenoszenia momentu obrotowego.<br \/>\nGrube t\u0142oki ceramiczne dla d\u0142u\u017cszej \u017cywotno\u015bci.<br \/>\nZawory wlotowe i t\u0142oczne ze zwi\u0119kszonymi kana\u0142ami wodnymi.<br \/>\nPonadgabarytowe pr\u0119ty \u0142\u0105cz\u0105ce wykonane ze specjalnego stopu anty-tarcia.<br \/>\nKuta mosi\u0119\u017cna g\u0142owica pompy o konstrukcji zapewniaj\u0105cej wysok\u0105 wytrzyma\u0142o\u015b\u0107.<br \/>\nSystem uszczelniania z podw\u00f3jnym uszczelnieniem.<br \/>\n\u0141o\u017cyska sto\u017ckowe o wysokiej wytrzyma\u0142o\u015bci<br \/>\nSolidny korpus pompy zaprojektowany do pracy w czasie.<br \/>\nUszczelki z \u201eU\u201d<\/p>\n","protected":false},"featured_media":68365,"template":"","meta":{"zakra_page_container_layout":"customizer","zakra_page_sidebar_layout":"customizer","zakra_remove_content_margin":false,"zakra_sidebar":"customizer","zakra_transparent_header":"customizer","zakra_logo":0,"zakra_main_header_style":"default","zakra_menu_item_color":"","zakra_menu_item_hover_color":"","zakra_menu_item_active_color":"","zakra_menu_active_style":"","zakra_page_header":true},"product_brand":[],"product_cat":[3784],"product_tag":[3700],"class_list":{"0":"post-50908","1":"product","2":"type-product","3":"status-publish","4":"has-post-thumbnail","6":"product_cat-pomp-mazzoni","7":"product_tag-stoczniowym_pl","9":"first","10":"instock","11":"shipping-taxable","12":"product-type-simple"},"yoast_head":"<!-- This site is optimized with the Yoast SEO plugin v27.5 - https:\/\/yoast.com\/product\/yoast-seo-wordpress\/ -->\n<title>XM - Mazzoni<\/title>\n<meta name=\"robots\" content=\"index, follow, max-snippet:-1, max-image-preview:large, max-video-preview:-1\" \/>\n<link rel=\"canonical\" href=\"https:\/\/e-mazzoni.it\/pl\/produkt\/xm\/\" \/>\n<meta property=\"og:locale\" content=\"pl_PL\" \/>\n<meta property=\"og:type\" content=\"article\" \/>\n<meta property=\"og:title\" content=\"XM - Mazzoni\" \/>\n<meta property=\"og:description\" content=\"POMPY WYSOKIEJ CI\u015aNIENIA MAZZONI Ponadwymiarowe i rektyfikowane t\u0142oczyska prowadz\u0105ce dla zmniejszenia tarcia podczas przep\u0142ywu i poprawy uszczelnienia oleju. Wa\u0142 ponadgabarytowy z zaciskiem dla lepszego przenoszenia momentu obrotowego. Grube t\u0142oki ceramiczne dla d\u0142u\u017cszej \u017cywotno\u015bci. Zawory wlotowe i t\u0142oczne ze zwi\u0119kszonymi kana\u0142ami wodnymi. Ponadgabarytowe pr\u0119ty \u0142\u0105cz\u0105ce wykonane ze specjalnego stopu anty-tarcia. Kuta mosi\u0119\u017cna g\u0142owica pompy o konstrukcji zapewniaj\u0105cej wysok\u0105 wytrzyma\u0142o\u015b\u0107. System uszczelniania z podw\u00f3jnym uszczelnieniem. \u0141o\u017cyska sto\u017ckowe o wysokiej wytrzyma\u0142o\u015bci Solidny korpus pompy zaprojektowany do pracy w czasie. Uszczelki z \u201eU\u201d\" \/>\n<meta property=\"og:url\" content=\"https:\/\/e-mazzoni.it\/pl\/produkt\/xm\/\" \/>\n<meta property=\"og:site_name\" content=\"Mazzoni\" \/>\n<meta property=\"article:modified_time\" content=\"2026-05-02T02:52:56+00:00\" \/>\n<meta property=\"og:image\" content=\"https:\/\/e-mazzoni.it\/wp-content\/uploads\/2026\/04\/DOC3201851071.jpg\" \/>\n\t<meta property=\"og:image:width\" content=\"800\" \/>\n\t<meta property=\"og:image:height\" content=\"800\" \/>\n\t<meta property=\"og:image:type\" content=\"image\/jpeg\" \/>\n<meta name=\"twitter:card\" content=\"summary_large_image\" \/>\n<meta name=\"twitter:label1\" content=\"Szacowany czas czytania\" \/>\n\t<meta name=\"twitter:data1\" content=\"1 minuta\" \/>\n<!-- \/ Yoast SEO plugin. -->","yoast_head_json":{"title":"XM - Mazzoni","robots":{"index":"index","follow":"follow","max-snippet":"max-snippet:-1","max-image-preview":"max-image-preview:large","max-video-preview":"max-video-preview:-1"},"canonical":"https:\/\/e-mazzoni.it\/pl\/produkt\/xm\/","og_locale":"pl_PL","og_type":"article","og_title":"XM - Mazzoni","og_description":"POMPY WYSOKIEJ CI\u015aNIENIA MAZZONI Ponadwymiarowe i rektyfikowane t\u0142oczyska prowadz\u0105ce dla zmniejszenia tarcia podczas przep\u0142ywu i poprawy uszczelnienia oleju. Wa\u0142 ponadgabarytowy z zaciskiem dla lepszego przenoszenia momentu obrotowego. Grube t\u0142oki ceramiczne dla d\u0142u\u017cszej \u017cywotno\u015bci. Zawory wlotowe i t\u0142oczne ze zwi\u0119kszonymi kana\u0142ami wodnymi. Ponadgabarytowe pr\u0119ty \u0142\u0105cz\u0105ce wykonane ze specjalnego stopu anty-tarcia. Kuta mosi\u0119\u017cna g\u0142owica pompy o konstrukcji zapewniaj\u0105cej wysok\u0105 wytrzyma\u0142o\u015b\u0107. System uszczelniania z podw\u00f3jnym uszczelnieniem. \u0141o\u017cyska sto\u017ckowe o wysokiej wytrzyma\u0142o\u015bci Solidny korpus pompy zaprojektowany do pracy w czasie. Uszczelki z \u201eU\u201d","og_url":"https:\/\/e-mazzoni.it\/pl\/produkt\/xm\/","og_site_name":"Mazzoni","article_modified_time":"2026-05-02T02:52:56+00:00","og_image":[{"width":800,"height":800,"url":"https:\/\/e-mazzoni.it\/wp-content\/uploads\/2026\/04\/DOC3201851071.jpg","type":"image\/jpeg"}],"twitter_card":"summary_large_image","twitter_misc":{"Szacowany czas czytania":"1 minuta"},"schema":{"@context":"https:\/\/schema.org","@graph":[{"@type":"WebPage","@id":"https:\/\/e-mazzoni.it\/pl\/produkt\/xm\/","url":"https:\/\/e-mazzoni.it\/pl\/produkt\/xm\/","name":"XM - Mazzoni","isPartOf":{"@id":"https:\/\/e-mazzoni.it\/pl\/#website"},"primaryImageOfPage":{"@id":"https:\/\/e-mazzoni.it\/pl\/produkt\/xm\/#primaryimage"},"image":{"@id":"https:\/\/e-mazzoni.it\/pl\/produkt\/xm\/#primaryimage"},"thumbnailUrl":"https:\/\/e-mazzoni.it\/wp-content\/uploads\/2026\/04\/DOC3201851071.jpg","datePublished":"2024-10-15T06:54:16+00:00","dateModified":"2026-05-02T02:52:56+00:00","breadcrumb":{"@id":"https:\/\/e-mazzoni.it\/pl\/produkt\/xm\/#breadcrumb"},"inLanguage":"pl-PL","potentialAction":[{"@type":"ReadAction","target":["https:\/\/e-mazzoni.it\/pl\/produkt\/xm\/"]}]},{"@type":"ImageObject","inLanguage":"pl-PL","@id":"https:\/\/e-mazzoni.it\/pl\/produkt\/xm\/#primaryimage","url":"https:\/\/e-mazzoni.it\/wp-content\/uploads\/2026\/04\/DOC3201851071.jpg","contentUrl":"https:\/\/e-mazzoni.it\/wp-content\/uploads\/2026\/04\/DOC3201851071.jpg","width":800,"height":800},{"@type":"BreadcrumbList","@id":"https:\/\/e-mazzoni.it\/pl\/produkt\/xm\/#breadcrumb","itemListElement":[{"@type":"ListItem","position":1,"name":"Home","item":"https:\/\/e-mazzoni.it\/pl\/"},{"@type":"ListItem","position":2,"name":"Produkty","item":"https:\/\/e-mazzoni.it\/pl\/produkty\/"},{"@type":"ListItem","position":3,"name":"XM"}]},{"@type":"WebSite","@id":"https:\/\/e-mazzoni.it\/pl\/#website","url":"https:\/\/e-mazzoni.it\/pl\/","name":"Mazzoni","description":"Mazzoni","publisher":{"@id":"https:\/\/e-mazzoni.it\/pl\/#organization"},"potentialAction":[{"@type":"SearchAction","target":{"@type":"EntryPoint","urlTemplate":"https:\/\/e-mazzoni.it\/pl\/?s={search_term_string}"},"query-input":{"@type":"PropertyValueSpecification","valueRequired":true,"valueName":"search_term_string"}}],"inLanguage":"pl-PL"},{"@type":"Organization","@id":"https:\/\/e-mazzoni.it\/pl\/#organization","name":"Mazzoni","url":"https:\/\/e-mazzoni.it\/pl\/","logo":{"@type":"ImageObject","inLanguage":"pl-PL","@id":"https:\/\/e-mazzoni.it\/pl\/#\/schema\/logo\/image\/","url":"https:\/\/e-mazzoni.it\/wp-content\/uploads\/2023\/07\/logo.png","contentUrl":"https:\/\/e-mazzoni.it\/wp-content\/uploads\/2023\/07\/logo.png","width":250,"height":109,"caption":"Mazzoni"},"image":{"@id":"https:\/\/e-mazzoni.it\/pl\/#\/schema\/logo\/image\/"}}]}},"_links":{"self":[{"href":"https:\/\/e-mazzoni.it\/pl\/wp-json\/wp\/v2\/product\/50908","targetHints":{"allow":["GET"]}}],"collection":[{"href":"https:\/\/e-mazzoni.it\/pl\/wp-json\/wp\/v2\/product"}],"about":[{"href":"https:\/\/e-mazzoni.it\/pl\/wp-json\/wp\/v2\/types\/product"}],"wp:featuredmedia":[{"embeddable":true,"href":"https:\/\/e-mazzoni.it\/pl\/wp-json\/wp\/v2\/media\/68365"}],"wp:attachment":[{"href":"https:\/\/e-mazzoni.it\/pl\/wp-json\/wp\/v2\/media?parent=50908"}],"wp:term":[{"taxonomy":"product_brand","embeddable":true,"href":"https:\/\/e-mazzoni.it\/pl\/wp-json\/wp\/v2\/product_brand?post=50908"},{"taxonomy":"product_cat","embeddable":true,"href":"https:\/\/e-mazzoni.it\/pl\/wp-json\/wp\/v2\/product_cat?post=50908"},{"taxonomy":"product_tag","embeddable":true,"href":"https:\/\/e-mazzoni.it\/pl\/wp-json\/wp\/v2\/product_tag?post=50908"}],"curies":[{"name":"wp","href":"https:\/\/api.w.org\/{rel}","templated":true}]}}