{"id":50852,"date":"2024-10-15T06:52:41","date_gmt":"2024-10-15T06:52:41","guid":{"rendered":"https:\/\/e-mazzoni.it\/prodotto\/mmd-car-wash\/"},"modified":"2026-05-02T02:43:15","modified_gmt":"2026-05-02T02:43:15","slug":"mmd-car-wash","status":"publish","type":"product","link":"https:\/\/e-mazzoni.it\/pl\/produkt\/mmd-car-wash\/","title":{"rendered":"MMD-CAR WASH"},"content":{"rendered":"<p>MMD-CAR WASH SERIES: przemys\u0142owe pompy rz\u0119dowe z 3 t\u0142okowymi uk\u0142adami wysokoci\u015bnieniowymi z korb\u0105 \/ korb\u0105. Maksymalne ci\u015bnienie 250BAR (3625,95psi).<br \/>\nWysoka wydajno\u015b\u0107, minimalna konserwacja i niezawodno\u015b\u0107 s\u0105 gwarantowane przez wysokiej jako\u015bci materia\u0142y, kt\u00f3re zapewniaj\u0105 d\u0142ug\u0105 \u017cywotno\u015b\u0107. 100% w\u0142oska produkcja w naszych fabrykach w Reggio Emilia.<\/p>\n<div>\n<table style=\"width: 100%\" border=\"1\" id=\"table_options\">\n<tbody>\n<tr>\n<th style=\"color: #fff\" bgcolor=\"#ea2833\">PART NUMBER<\/th>\n<th style=\"color: #fff\" bgcolor=\"#ea2833\">MODEL<\/th>\n<th style=\"color: #fff\" bgcolor=\"#ea2833\">BAR<\/th>\n<th style=\"color: #fff\" bgcolor=\"#ea2833\">PSI<\/th>\n<th style=\"color: #fff\" bgcolor=\"#ea2833\">L\/MIN -1450 RPM<\/th>\n<th style=\"color: #fff\" bgcolor=\"#ea2833\">GPM &#8211;  1450 RPM<\/th>\n<th style=\"color: #fff\" bgcolor=\"#ea2833\">RPM 50 HZ<\/th>\n<th style=\"color: #fff\" bgcolor=\"#ea2833\">HP -1450 RPM<\/th>\n<th style=\"color: #fff\" bgcolor=\"#ea2833\">KW &#8211; 1450 RPM<\/th>\n<th style=\"color: #fff\" bgcolor=\"#ea2833\">L\/MIN -1740 RPM<\/th>\n<th style=\"color: #fff\" bgcolor=\"#ea2833\">GPM &#8211; 1740 RPM<\/th>\n<th style=\"color: #fff\" bgcolor=\"#ea2833\">RPM 60 HZ<\/th>\n<th style=\"color: #fff\" bgcolor=\"#ea2833\">HP &#8211; 1740 RPM<\/th>\n<th style=\"color: #fff\" bgcolor=\"#ea2833\">KW &#8211; 1740 RPM<\/th>\n<th style=\"color: #fff\" bgcolor=\"#ea2833\">\u00f8 SHAFT<\/th>\n<th style=\"color: #fff\" bgcolor=\"#ea2833\">\u00f8 SHAFT<\/th>\n<th style=\"color: #fff\" bgcolor=\"#ea2833\">SHAFT LEIGHT<\/th>\n<th style=\"color: #fff\" bgcolor=\"#ea2833\">SHAFT LEIGHT (INCH)<\/th>\n<th style=\"color: #fff\" bgcolor=\"#ea2833\">SHAFT  <\/th>\n<th style=\"color: #fff\" bgcolor=\"#ea2833\">PLUNGER \u00f8<\/th>\n<th style=\"color: #fff\" bgcolor=\"#ea2833\">PISTONE De INCH<\/th>\n<th style=\"color: #fff\" bgcolor=\"#ea2833\">MAX INPUT  TEMPERATURE<\/th>\n<th style=\"color: #fff\" bgcolor=\"#ea2833\">MIN INPUT PRESSURE (BAR)<\/th>\n<th style=\"color: #fff\" bgcolor=\"#ea2833\">MIN INPUT PRESSURE (PSI )<\/th>\n<th style=\"color: #fff\" bgcolor=\"#ea2833\">OIL CAPACITY ( LT)<\/th>\n<th style=\"color: #fff\" bgcolor=\"#ea2833\">OIL CAPACITY ( GAL)<\/th>\n<th style=\"color: #fff\" bgcolor=\"#ea2833\">INLET<\/th>\n<th style=\"color: #fff\" bgcolor=\"#ea2833\">OUTLET<\/th>\n<th style=\"color: #fff\" bgcolor=\"#ea2833\">NET WEIGHT (KG)<\/th>\n<th style=\"color: #fff\" bgcolor=\"#ea2833\">NET WEIGHT (LBS)<\/th>\n<\/tr>\n<tr>\n<td align=\"center !important\">P3.022.001-2<\/td>\n<td align=\"center !important\">MMD CW 12250R<\/td>\n<td align=\"center !important\">250<\/td>\n<td align=\"center !important\">3625<\/td>\n<td align=\"center !important\">12<\/td>\n<td align=\"center !important\">3,17<\/td>\n<td align=\"center !important\">1450<\/td>\n<td align=\"center !important\">7,79<\/td>\n<td align=\"center !important\">5,82<\/td>\n<td align=\"center !important\">14,40<\/td>\n<td align=\"center !important\">3,80<\/td>\n<td align=\"center !important\">1740<\/td>\n<td align=\"center !important\">9,35<\/td>\n<td align=\"center !important\">6,98<\/td>\n<td align=\"center !important\">24mm<\/td>\n<td align=\"center !important\">0.9 in.<\/td>\n<td align=\"center !important\">40mm<\/td>\n<td align=\"center !important\">1.6 in.<\/td>\n<td align=\"center !important\">Destro\/Right<\/td>\n<td align=\"center !important\">20mm<\/td>\n<td align=\"center !important\">0.8 in.<\/td>\n<td align=\"center !important\">65\u00b0C &#8211; 149\u00b0F<\/td>\n<td align=\"center !important\">0,2<\/td>\n<td align=\"center !important\">2,9<\/td>\n<td align=\"center !important\">0,7<\/td>\n<td align=\"center !important\">0,18<\/td>\n<td align=\"center !important\">G 1\/2&#8243;<\/td>\n<td align=\"center !important\">G 3\/8&#8243;<\/td>\n<td align=\"center !important\">10,4<\/td>\n<td align=\"center !important\">23<\/td>\n<\/tr>\n<tr>\n<td align=\"center !important\">P3.022.002-2<\/td>\n<td align=\"center !important\">MMD CW 15250R<\/td>\n<td align=\"center !important\">250<\/td>\n<td align=\"center !important\">3625<\/td>\n<td align=\"center !important\">15<\/td>\n<td align=\"center !important\">3,96<\/td>\n<td align=\"center !important\">1450<\/td>\n<td align=\"center !important\">9,74<\/td>\n<td align=\"center !important\">7,27<\/td>\n<td align=\"center !important\">18<\/td>\n<td align=\"center !important\">4,76<\/td>\n<td align=\"center !important\">1740<\/td>\n<td align=\"center !important\">11,69<\/td>\n<td align=\"center !important\">8,72<\/td>\n<td align=\"center !important\">24mm<\/td>\n<td align=\"center !important\">0.9 in.<\/td>\n<td align=\"center !important\">40mm<\/td>\n<td align=\"center !important\">1.6 in.<\/td>\n<td align=\"center !important\">Destro\/Right<\/td>\n<td align=\"center !important\">20mm<\/td>\n<td align=\"center !important\">0.8 in.<\/td>\n<td align=\"center !important\">65\u00b0C &#8211; 149\u00b0F<\/td>\n<td align=\"center !important\">0,2<\/td>\n<td align=\"center !important\">2,9<\/td>\n<td align=\"center !important\">0,7<\/td>\n<td align=\"center !important\">0,18<\/td>\n<td align=\"center !important\">G 1\/2&#8243;<\/td>\n<td align=\"center !important\">G 3\/8&#8243;<\/td>\n<td align=\"center !important\">10,4<\/td>\n<td align=\"center !important\">23<\/td>\n<\/tr>\n<tr>\n<td align=\"center !important\">P3.022.003-2<\/td>\n<td align=\"center !important\">MMD CW 18250R<\/td>\n<td align=\"center !important\">250<\/td>\n<td align=\"center !important\">3625<\/td>\n<td align=\"center !important\">18<\/td>\n<td align=\"center !important\">4,75<\/td>\n<td align=\"center !important\">1450<\/td>\n<td align=\"center !important\">11,60<\/td>\n<td align=\"center !important\">8,72<\/td>\n<td align=\"center !important\">21,6<\/td>\n<td align=\"center !important\">5,71<\/td>\n<td align=\"center !important\">1740<\/td>\n<td align=\"center !important\">14,03<\/td>\n<td align=\"center !important\">10,47<\/td>\n<td align=\"center !important\">24mm<\/td>\n<td align=\"center !important\">0.9 in.<\/td>\n<td align=\"center !important\">40mm<\/td>\n<td align=\"center !important\">1.6 in.<\/td>\n<td align=\"center !important\">Destro\/Right<\/td>\n<td align=\"center !important\">20mm<\/td>\n<td align=\"center !important\">0.8 in.<\/td>\n<td align=\"center !important\">65\u00b0C &#8211; 149\u00b0F<\/td>\n<td align=\"center !important\">0,2<\/td>\n<td align=\"center !important\">2,9<\/td>\n<td align=\"center !important\">0,7<\/td>\n<td align=\"center !important\">0,18<\/td>\n<td align=\"center !important\">G 1\/2&#8243;<\/td>\n<td align=\"center !important\">G 3\/8&#8243;<\/td>\n<td align=\"center !important\">10,4<\/td>\n<td align=\"center !important\">23<\/td>\n<\/tr>\n<tr>\n<td align=\"center !important\">P3.022.004-2<\/td>\n<td align=\"center !important\">MMD CW 21250R<\/td>\n<td align=\"center !important\">250<\/td>\n<td align=\"center !important\">3625<\/td>\n<td align=\"center !important\">21<\/td>\n<td align=\"center !important\">5,55<\/td>\n<td align=\"center !important\">1450<\/td>\n<td align=\"center !important\">13,64<\/td>\n<td align=\"center !important\">10,18<\/td>\n<td align=\"center !important\">25,20<\/td>\n<td align=\"center !important\">6,66<\/td>\n<td align=\"center !important\">1740<\/td>\n<td align=\"center !important\">16,36<\/td>\n<td align=\"center !important\">12,21<\/td>\n<td align=\"center !important\">24mm<\/td>\n<td align=\"center !important\">0.9 in.<\/td>\n<td align=\"center !important\">40mm<\/td>\n<td align=\"center !important\">1.6 in.<\/td>\n<td align=\"center !important\">Destro\/Right<\/td>\n<td align=\"center !important\">20mm<\/td>\n<td align=\"center !important\">0.8 in.<\/td>\n<td align=\"center !important\">65\u00b0C &#8211; 149\u00b0F<\/td>\n<td align=\"center !important\">0,2<\/td>\n<td align=\"center !important\">2,9<\/td>\n<td align=\"center !important\">0,7<\/td>\n<td align=\"center !important\">0,18<\/td>\n<td align=\"center !important\">G 1\/2&#8243;<\/td>\n<td align=\"center !important\">G 3\/8&#8243;<\/td>\n<td align=\"center !important\">10,4<\/td>\n<td align=\"center !important\">23<\/td>\n<\/tr>\n<tr>\n<td align=\"center !important\">P3.022.005-2<\/td>\n<td align=\"center !important\">MMD CW 12250L<\/td>\n<td align=\"center !important\">250<\/td>\n<td align=\"center !important\">3625<\/td>\n<td align=\"center !important\">12<\/td>\n<td align=\"center !important\">3,17<\/td>\n<td align=\"center !important\">1450<\/td>\n<td align=\"center !important\">7,79<\/td>\n<td align=\"center !important\">5,82<\/td>\n<td align=\"center !important\">14,40<\/td>\n<td align=\"center !important\">3,80<\/td>\n<td align=\"center !important\">1740<\/td>\n<td align=\"center !important\">9,35<\/td>\n<td align=\"center !important\">6,98<\/td>\n<td align=\"center !important\">24mm<\/td>\n<td align=\"center !important\">0.9 in.<\/td>\n<td align=\"center !important\">40mm<\/td>\n<td align=\"center !important\">1.6 in.<\/td>\n<td align=\"center !important\">Sinistro\/Left<\/td>\n<td align=\"center !important\">20mm<\/td>\n<td align=\"center !important\">0.8 in.<\/td>\n<td align=\"center !important\">65\u00b0C &#8211; 149\u00b0F<\/td>\n<td align=\"center !important\">0,2<\/td>\n<td align=\"center !important\">2,9<\/td>\n<td align=\"center !important\">0,7<\/td>\n<td align=\"center !important\">0,18<\/td>\n<td align=\"center !important\">G 1\/2&#8243;<\/td>\n<td align=\"center !important\">G 3\/8&#8243;<\/td>\n<td align=\"center !important\">10,4<\/td>\n<td align=\"center !important\">23<\/td>\n<\/tr>\n<tr>\n<td align=\"center !important\">P3.022.006-2<\/td>\n<td align=\"center !important\">MMD CW 15250L<\/td>\n<td align=\"center !important\">250<\/td>\n<td align=\"center !important\">3625<\/td>\n<td align=\"center !important\">15<\/td>\n<td align=\"center !important\">3,96<\/td>\n<td align=\"center !important\">1450<\/td>\n<td align=\"center !important\">9,74<\/td>\n<td align=\"center !important\">7,27<\/td>\n<td align=\"center !important\">18<\/td>\n<td align=\"center !important\">4,76<\/td>\n<td align=\"center !important\">1740<\/td>\n<td align=\"center !important\">11,69<\/td>\n<td align=\"center !important\">8,72<\/td>\n<td align=\"center !important\">24mm<\/td>\n<td align=\"center !important\">0.9 in.<\/td>\n<td align=\"center !important\">40mm<\/td>\n<td align=\"center !important\">1.6 in.<\/td>\n<td align=\"center !important\">Sinistro\/Left<\/td>\n<td align=\"center !important\">20mm<\/td>\n<td align=\"center !important\">0.8 in.<\/td>\n<td align=\"center !important\">65\u00b0C &#8211; 149\u00b0F<\/td>\n<td align=\"center !important\">0,2<\/td>\n<td align=\"center !important\">2,9<\/td>\n<td align=\"center !important\">0,7<\/td>\n<td align=\"center !important\">0,18<\/td>\n<td align=\"center !important\">G 1\/2&#8243;<\/td>\n<td align=\"center !important\">G 3\/8&#8243;<\/td>\n<td align=\"center !important\">10,4<\/td>\n<td align=\"center !important\">23<\/td>\n<\/tr>\n<tr>\n<td align=\"center !important\">P3.022.007-2<\/td>\n<td align=\"center !important\">MMD CW 18250L<\/td>\n<td align=\"center !important\">250<\/td>\n<td align=\"center !important\">3625<\/td>\n<td align=\"center !important\">18<\/td>\n<td align=\"center !important\">4,75<\/td>\n<td align=\"center !important\">1450<\/td>\n<td align=\"center !important\">11,60<\/td>\n<td align=\"center !important\">8,72<\/td>\n<td align=\"center !important\">21,6<\/td>\n<td align=\"center !important\">5,71<\/td>\n<td align=\"center !important\">1740<\/td>\n<td align=\"center !important\">14,03<\/td>\n<td align=\"center !important\">10,47<\/td>\n<td align=\"center !important\">24mm<\/td>\n<td align=\"center !important\">0.9 in.<\/td>\n<td align=\"center !important\">40mm<\/td>\n<td align=\"center !important\">1.6 in.<\/td>\n<td align=\"center !important\">Sinistro\/Left<\/td>\n<td align=\"center !important\">20mm<\/td>\n<td align=\"center !important\">0.8 in.<\/td>\n<td align=\"center !important\">65\u00b0C &#8211; 149\u00b0F<\/td>\n<td align=\"center !important\">0,2<\/td>\n<td align=\"center !important\">2,9<\/td>\n<td align=\"center !important\">0,7<\/td>\n<td align=\"center !important\">0,18<\/td>\n<td align=\"center !important\">G 1\/2&#8243;<\/td>\n<td align=\"center !important\">G 3\/8&#8243;<\/td>\n<td align=\"center !important\">10,4<\/td>\n<td align=\"center !important\">23<\/td>\n<\/tr>\n<tr>\n<td align=\"center !important\">P3.022.008-2<\/td>\n<td align=\"center !important\">MMD CW 21250L<\/td>\n<td align=\"center !important\">250<\/td>\n<td align=\"center !important\">3625<\/td>\n<td align=\"center !important\">21<\/td>\n<td align=\"center !important\">5,55<\/td>\n<td align=\"center !important\">1450<\/td>\n<td align=\"center !important\">13,64<\/td>\n<td align=\"center !important\">10,18<\/td>\n<td align=\"center !important\">25,20<\/td>\n<td align=\"center !important\">6,66<\/td>\n<td align=\"center !important\">1740<\/td>\n<td align=\"center !important\">16,36<\/td>\n<td align=\"center !important\">12,21<\/td>\n<td align=\"center !important\">24mm<\/td>\n<td align=\"center !important\">0.9 in.<\/td>\n<td align=\"center !important\">40mm<\/td>\n<td align=\"center !important\">1.6 in.<\/td>\n<td align=\"center !important\">Sinistro\/Left<\/td>\n<td align=\"center !important\">20mm<\/td>\n<td align=\"center !important\">0.8 in.<\/td>\n<td align=\"center !important\">65\u00b0C &#8211; 149\u00b0F<\/td>\n<td align=\"center !important\">0,2<\/td>\n<td align=\"center !important\">2,9<\/td>\n<td align=\"center !important\">0,7<\/td>\n<td align=\"center !important\">0,18<\/td>\n<td align=\"center !important\">G 1\/2&#8243;<\/td>\n<td align=\"center !important\">G 3\/8&#8243;<\/td>\n<td align=\"center !important\">10,4<\/td>\n<td align=\"center !important\">23<\/td>\n<\/tr>\n<\/tbody>\n<\/table>\n<\/div>\n","protected":false},"excerpt":{"rendered":"<p>POMPY WYSOKIEJ CI\u015aNIENIA MAZZONI<\/p>\n<p>Ponadwymiarowe i rektyfikowane t\u0142oczyska prowadz\u0105ce dla zmniejszenia tarcia podczas przep\u0142ywu i poprawy uszczelnienia oleju.<br \/>\nWa\u0142 ponadgabarytowy z zaciskiem dla lepszego przenoszenia momentu obrotowego.<br \/>\nGrube t\u0142oki ceramiczne dla d\u0142u\u017cszej \u017cywotno\u015bci.<br \/>\nZawory wlotowe i t\u0142oczne ze zwi\u0119kszonymi kana\u0142ami wodnymi.<br \/>\nPonadgabarytowe pr\u0119ty \u0142\u0105cz\u0105ce wykonane ze specjalnego stopu anty-tarcia.<br \/>\nKuta mosi\u0119\u017cna g\u0142owica pompy NICKEL o konstrukcji zapewniaj\u0105cej wysok\u0105 wytrzyma\u0142o\u015b\u0107.<br \/>\nSystem uszczelniania z podw\u00f3jnym uszczelnieniem.<br \/>\n\u0141o\u017cyska sto\u017ckowe o wysokiej wytrzyma\u0142o\u015bci.<br \/>\nKorpus pompy o solidnej konstrukcji zaprojektowanej tak, aby przetrwa\u0142a z czasem.<br \/>\nUszczelki z \u201eU\u201d<\/p>\n","protected":false},"featured_media":68245,"template":"","meta":{"zakra_page_container_layout":"customizer","zakra_page_sidebar_layout":"customizer","zakra_remove_content_margin":false,"zakra_sidebar":"customizer","zakra_transparent_header":"customizer","zakra_logo":0,"zakra_main_header_style":"default","zakra_menu_item_color":"","zakra_menu_item_hover_color":"","zakra_menu_item_active_color":"","zakra_menu_active_style":"","zakra_page_header":true},"product_brand":[],"product_cat":[3784],"product_tag":[3644,3660,3652],"class_list":{"0":"post-50852","1":"product","2":"type-product","3":"status-publish","4":"has-post-thumbnail","6":"product_cat-pomp-mazzoni","7":"product_tag-czyszczenie_pl","8":"product_tag-myjni_samochodowe_pl","9":"product_tag-rolnictwo_pl","11":"first","12":"instock","13":"shipping-taxable","14":"product-type-simple"},"yoast_head":"<!-- This site is optimized with the Yoast SEO plugin v27.5 - https:\/\/yoast.com\/product\/yoast-seo-wordpress\/ -->\n<title>MMD-CAR WASH - Mazzoni<\/title>\n<meta name=\"robots\" content=\"index, follow, max-snippet:-1, max-image-preview:large, max-video-preview:-1\" \/>\n<link rel=\"canonical\" href=\"https:\/\/e-mazzoni.it\/pl\/produkt\/mmd-car-wash\/\" \/>\n<meta property=\"og:locale\" content=\"pl_PL\" \/>\n<meta property=\"og:type\" content=\"article\" \/>\n<meta property=\"og:title\" content=\"MMD-CAR WASH - Mazzoni\" \/>\n<meta property=\"og:description\" content=\"POMPY WYSOKIEJ CI\u015aNIENIA MAZZONI Ponadwymiarowe i rektyfikowane t\u0142oczyska prowadz\u0105ce dla zmniejszenia tarcia podczas przep\u0142ywu i poprawy uszczelnienia oleju. Wa\u0142 ponadgabarytowy z zaciskiem dla lepszego przenoszenia momentu obrotowego. Grube t\u0142oki ceramiczne dla d\u0142u\u017cszej \u017cywotno\u015bci. Zawory wlotowe i t\u0142oczne ze zwi\u0119kszonymi kana\u0142ami wodnymi. Ponadgabarytowe pr\u0119ty \u0142\u0105cz\u0105ce wykonane ze specjalnego stopu anty-tarcia. Kuta mosi\u0119\u017cna g\u0142owica pompy NICKEL o konstrukcji zapewniaj\u0105cej wysok\u0105 wytrzyma\u0142o\u015b\u0107. System uszczelniania z podw\u00f3jnym uszczelnieniem. \u0141o\u017cyska sto\u017ckowe o wysokiej wytrzyma\u0142o\u015bci. Korpus pompy o solidnej konstrukcji zaprojektowanej tak, aby przetrwa\u0142a z czasem. Uszczelki z \u201eU\u201d\" \/>\n<meta property=\"og:url\" content=\"https:\/\/e-mazzoni.it\/pl\/produkt\/mmd-car-wash\/\" \/>\n<meta property=\"og:site_name\" content=\"Mazzoni\" \/>\n<meta property=\"article:modified_time\" content=\"2026-05-02T02:43:15+00:00\" \/>\n<meta property=\"og:image\" content=\"https:\/\/e-mazzoni.it\/wp-content\/uploads\/2026\/04\/DOC2036820643.jpg\" \/>\n\t<meta property=\"og:image:width\" content=\"800\" \/>\n\t<meta property=\"og:image:height\" content=\"800\" \/>\n\t<meta property=\"og:image:type\" content=\"image\/jpeg\" \/>\n<meta name=\"twitter:card\" content=\"summary_large_image\" \/>\n<meta name=\"twitter:label1\" content=\"Szacowany czas czytania\" \/>\n\t<meta name=\"twitter:data1\" content=\"1 minuta\" \/>\n<!-- \/ Yoast SEO plugin. -->","yoast_head_json":{"title":"MMD-CAR WASH - Mazzoni","robots":{"index":"index","follow":"follow","max-snippet":"max-snippet:-1","max-image-preview":"max-image-preview:large","max-video-preview":"max-video-preview:-1"},"canonical":"https:\/\/e-mazzoni.it\/pl\/produkt\/mmd-car-wash\/","og_locale":"pl_PL","og_type":"article","og_title":"MMD-CAR WASH - Mazzoni","og_description":"POMPY WYSOKIEJ CI\u015aNIENIA MAZZONI Ponadwymiarowe i rektyfikowane t\u0142oczyska prowadz\u0105ce dla zmniejszenia tarcia podczas przep\u0142ywu i poprawy uszczelnienia oleju. Wa\u0142 ponadgabarytowy z zaciskiem dla lepszego przenoszenia momentu obrotowego. Grube t\u0142oki ceramiczne dla d\u0142u\u017cszej \u017cywotno\u015bci. Zawory wlotowe i t\u0142oczne ze zwi\u0119kszonymi kana\u0142ami wodnymi. Ponadgabarytowe pr\u0119ty \u0142\u0105cz\u0105ce wykonane ze specjalnego stopu anty-tarcia. Kuta mosi\u0119\u017cna g\u0142owica pompy NICKEL o konstrukcji zapewniaj\u0105cej wysok\u0105 wytrzyma\u0142o\u015b\u0107. System uszczelniania z podw\u00f3jnym uszczelnieniem. \u0141o\u017cyska sto\u017ckowe o wysokiej wytrzyma\u0142o\u015bci. Korpus pompy o solidnej konstrukcji zaprojektowanej tak, aby przetrwa\u0142a z czasem. Uszczelki z \u201eU\u201d","og_url":"https:\/\/e-mazzoni.it\/pl\/produkt\/mmd-car-wash\/","og_site_name":"Mazzoni","article_modified_time":"2026-05-02T02:43:15+00:00","og_image":[{"width":800,"height":800,"url":"https:\/\/e-mazzoni.it\/wp-content\/uploads\/2026\/04\/DOC2036820643.jpg","type":"image\/jpeg"}],"twitter_card":"summary_large_image","twitter_misc":{"Szacowany czas czytania":"1 minuta"},"schema":{"@context":"https:\/\/schema.org","@graph":[{"@type":"WebPage","@id":"https:\/\/e-mazzoni.it\/pl\/produkt\/mmd-car-wash\/","url":"https:\/\/e-mazzoni.it\/pl\/produkt\/mmd-car-wash\/","name":"MMD-CAR WASH - Mazzoni","isPartOf":{"@id":"https:\/\/e-mazzoni.it\/pl\/#website"},"primaryImageOfPage":{"@id":"https:\/\/e-mazzoni.it\/pl\/produkt\/mmd-car-wash\/#primaryimage"},"image":{"@id":"https:\/\/e-mazzoni.it\/pl\/produkt\/mmd-car-wash\/#primaryimage"},"thumbnailUrl":"https:\/\/e-mazzoni.it\/wp-content\/uploads\/2026\/04\/DOC2036820643.jpg","datePublished":"2024-10-15T06:52:41+00:00","dateModified":"2026-05-02T02:43:15+00:00","breadcrumb":{"@id":"https:\/\/e-mazzoni.it\/pl\/produkt\/mmd-car-wash\/#breadcrumb"},"inLanguage":"pl-PL","potentialAction":[{"@type":"ReadAction","target":["https:\/\/e-mazzoni.it\/pl\/produkt\/mmd-car-wash\/"]}]},{"@type":"ImageObject","inLanguage":"pl-PL","@id":"https:\/\/e-mazzoni.it\/pl\/produkt\/mmd-car-wash\/#primaryimage","url":"https:\/\/e-mazzoni.it\/wp-content\/uploads\/2026\/04\/DOC2036820643.jpg","contentUrl":"https:\/\/e-mazzoni.it\/wp-content\/uploads\/2026\/04\/DOC2036820643.jpg","width":800,"height":800},{"@type":"BreadcrumbList","@id":"https:\/\/e-mazzoni.it\/pl\/produkt\/mmd-car-wash\/#breadcrumb","itemListElement":[{"@type":"ListItem","position":1,"name":"Home","item":"https:\/\/e-mazzoni.it\/pl\/"},{"@type":"ListItem","position":2,"name":"Produkty","item":"https:\/\/e-mazzoni.it\/pl\/produkty\/"},{"@type":"ListItem","position":3,"name":"MMD-CAR WASH"}]},{"@type":"WebSite","@id":"https:\/\/e-mazzoni.it\/pl\/#website","url":"https:\/\/e-mazzoni.it\/pl\/","name":"Mazzoni","description":"Mazzoni","publisher":{"@id":"https:\/\/e-mazzoni.it\/pl\/#organization"},"potentialAction":[{"@type":"SearchAction","target":{"@type":"EntryPoint","urlTemplate":"https:\/\/e-mazzoni.it\/pl\/?s={search_term_string}"},"query-input":{"@type":"PropertyValueSpecification","valueRequired":true,"valueName":"search_term_string"}}],"inLanguage":"pl-PL"},{"@type":"Organization","@id":"https:\/\/e-mazzoni.it\/pl\/#organization","name":"Mazzoni","url":"https:\/\/e-mazzoni.it\/pl\/","logo":{"@type":"ImageObject","inLanguage":"pl-PL","@id":"https:\/\/e-mazzoni.it\/pl\/#\/schema\/logo\/image\/","url":"https:\/\/e-mazzoni.it\/wp-content\/uploads\/2023\/07\/logo.png","contentUrl":"https:\/\/e-mazzoni.it\/wp-content\/uploads\/2023\/07\/logo.png","width":250,"height":109,"caption":"Mazzoni"},"image":{"@id":"https:\/\/e-mazzoni.it\/pl\/#\/schema\/logo\/image\/"}}]}},"_links":{"self":[{"href":"https:\/\/e-mazzoni.it\/pl\/wp-json\/wp\/v2\/product\/50852","targetHints":{"allow":["GET"]}}],"collection":[{"href":"https:\/\/e-mazzoni.it\/pl\/wp-json\/wp\/v2\/product"}],"about":[{"href":"https:\/\/e-mazzoni.it\/pl\/wp-json\/wp\/v2\/types\/product"}],"wp:featuredmedia":[{"embeddable":true,"href":"https:\/\/e-mazzoni.it\/pl\/wp-json\/wp\/v2\/media\/68245"}],"wp:attachment":[{"href":"https:\/\/e-mazzoni.it\/pl\/wp-json\/wp\/v2\/media?parent=50852"}],"wp:term":[{"taxonomy":"product_brand","embeddable":true,"href":"https:\/\/e-mazzoni.it\/pl\/wp-json\/wp\/v2\/product_brand?post=50852"},{"taxonomy":"product_cat","embeddable":true,"href":"https:\/\/e-mazzoni.it\/pl\/wp-json\/wp\/v2\/product_cat?post=50852"},{"taxonomy":"product_tag","embeddable":true,"href":"https:\/\/e-mazzoni.it\/pl\/wp-json\/wp\/v2\/product_tag?post=50852"}],"curies":[{"name":"wp","href":"https:\/\/api.w.org\/{rel}","templated":true}]}}