{"id":50789,"date":"2024-10-15T06:48:16","date_gmt":"2024-10-15T06:48:16","guid":{"rendered":"https:\/\/e-mazzoni.it\/prodotto\/sprzet-ze-wspolpraca-elastyczna\/"},"modified":"2026-05-02T02:21:40","modified_gmt":"2026-05-02T02:21:40","slug":"sprzet-ze-wspolpraca-elastyczna","status":"publish","type":"product","link":"https:\/\/e-mazzoni.it\/pl\/produkt\/sprzet-ze-wspolpraca-elastyczna\/","title":{"rendered":"SPRZ\u0118T ZE WSP\u00d3\u0141PRAC\u0104 ELASTYCZN\u0104"},"content":{"rendered":"<p>Dwustronna pompa hydrauliczna z bezpo\u015brednim sprz\u0119g\u0142em<\/p>\n<div>\n<table style=\"width: 100%\" border=\"1\" id=\"table_options\">\n<tbody>\n<tr>\n<th style=\"color: #fff\" bgcolor=\"#ea2833\">PART NUMBER<\/th>\n<th style=\"color: #fff\" bgcolor=\"#ea2833\">MODEL<\/th>\n<th style=\"color: #fff\" bgcolor=\"#ea2833\">BAR<\/th>\n<th style=\"color: #fff\" bgcolor=\"#ea2833\">PSI<\/th>\n<th style=\"color: #fff\" bgcolor=\"#ea2833\">L\/MIN<\/th>\n<th style=\"color: #fff\" bgcolor=\"#ea2833\">GPM<\/th>\n<th style=\"color: #fff\" bgcolor=\"#ea2833\">RPM<\/th>\n<th style=\"color: #fff\" bgcolor=\"#ea2833\">OIL PRESSURE ( BAR)<\/th>\n<th style=\"color: #fff\" bgcolor=\"#ea2833\">OIL FLOW (L\/MIN)<\/th>\n<th style=\"color: #fff\" bgcolor=\"#ea2833\">INLET<\/th>\n<th style=\"color: #fff\" bgcolor=\"#ea2833\">OUTLET<\/th>\n<th style=\"color: #fff\" bgcolor=\"#ea2833\">NET WEIGHT (KG)<\/th>\n<th style=\"color: #fff\" bgcolor=\"#ea2833\">NET WEIGHT (LBS)<\/th>\n<\/tr>\n<tr>\n<td align=\"center !important\">3.006.42.008<\/td>\n<td align=\"center !important\">MP 15250 24CC SEA-A<\/td>\n<td align=\"center !important\">250<\/td>\n<td align=\"center !important\">3625<\/td>\n<td align=\"center !important\">15<\/td>\n<td align=\"center !important\">4<\/td>\n<td align=\"center !important\">1450<\/td>\n<td align=\"center !important\">160<\/td>\n<td align=\"center !important\">36<\/td>\n<td align=\"center !important\">G 1\/2<\/td>\n<td align=\"center !important\">G 3\/8<\/td>\n<td align=\"center !important\">22<\/td>\n<td align=\"center !important\">48,5<\/td>\n<\/tr>\n<tr>\n<td align=\"center !important\">3.006.42.007<\/td>\n<td align=\"center !important\">MP 21250 24CC SAE-A<\/td>\n<td align=\"center !important\">200<\/td>\n<td align=\"center !important\">2900<\/td>\n<td align=\"center !important\">21<\/td>\n<td align=\"center !important\">5,5<\/td>\n<td align=\"center !important\">1450<\/td>\n<td align=\"center !important\">170<\/td>\n<td align=\"center !important\">36<\/td>\n<td align=\"center !important\">G 1\/2<\/td>\n<td align=\"center !important\">G 3\/8<\/td>\n<td align=\"center !important\">22<\/td>\n<td align=\"center !important\">48,5<\/td>\n<\/tr>\n<tr>\n<td align=\"center !important\">3.006.42.004<\/td>\n<td align=\"center !important\">MP 25300 46CC SAE-B<\/td>\n<td align=\"center !important\">300<\/td>\n<td align=\"center !important\">4351<\/td>\n<td align=\"center !important\">25<\/td>\n<td align=\"center !important\">6,6<\/td>\n<td align=\"center !important\">1450<\/td>\n<td align=\"center !important\">150<\/td>\n<td align=\"center !important\">70<\/td>\n<td align=\"center !important\">G 3\/4<\/td>\n<td align=\"center !important\">G 1\/2<\/td>\n<td align=\"center !important\">22<\/td>\n<td align=\"center !important\">48,5<\/td>\n<\/tr>\n<\/tbody>\n<\/table>\n<\/div>\n","protected":false},"excerpt":{"rendered":"<p>Dwustronna pompa hydrauliczna z bezpo\u015brednim sprz\u0119g\u0142em PART NUMBER MODEL BAR PSI L\/MIN GPM RPM OIL PRESSURE ( BAR) OIL FLOW (L\/MIN) INLET OUTLET NET WEIGHT (KG) NET WEIGHT (LBS) 3.006.42.008 MP 15250 24CC SEA-A 250 3625 15 4 1450 160 36 G 1\/2 G 3\/8 22 48,5 3.006.42.007 MP 21250 24CC SAE-A 200 2900 21 [&hellip;]<\/p>\n","protected":false},"featured_media":67975,"template":"","meta":{"zakra_page_container_layout":"customizer","zakra_page_sidebar_layout":"customizer","zakra_remove_content_margin":false,"zakra_sidebar":"customizer","zakra_transparent_header":"customizer","zakra_logo":0,"zakra_main_header_style":"default","zakra_menu_item_color":"","zakra_menu_item_hover_color":"","zakra_menu_item_active_color":"","zakra_menu_active_style":"","zakra_page_header":true},"product_brand":[],"product_cat":[3782],"product_tag":[3684,3644,3676,3652,3700],"class_list":{"0":"post-50789","1":"product","2":"type-product","3":"status-publish","4":"has-post-thumbnail","6":"product_cat-hydrauliczne-pompy-silnika","7":"product_tag-budownictwo_pl","8":"product_tag-czyszczenie_pl","9":"product_tag-oleodynamika_pl","10":"product_tag-rolnictwo_pl","11":"product_tag-stoczniowym_pl","13":"first","14":"instock","15":"shipping-taxable","16":"product-type-simple"},"yoast_head":"<!-- This site is optimized with the Yoast SEO plugin v27.5 - https:\/\/yoast.com\/product\/yoast-seo-wordpress\/ -->\n<title>SPRZ\u0118T ZE WSP\u00d3\u0141PRAC\u0104 ELASTYCZN\u0104 - Mazzoni<\/title>\n<meta name=\"robots\" content=\"index, follow, max-snippet:-1, max-image-preview:large, max-video-preview:-1\" \/>\n<link rel=\"canonical\" href=\"https:\/\/e-mazzoni.it\/pl\/produkt\/sprzet-ze-wspolpraca-elastyczna\/\" \/>\n<meta property=\"og:locale\" content=\"pl_PL\" \/>\n<meta property=\"og:type\" content=\"article\" \/>\n<meta property=\"og:title\" content=\"SPRZ\u0118T ZE WSP\u00d3\u0141PRAC\u0104 ELASTYCZN\u0104 - Mazzoni\" \/>\n<meta property=\"og:description\" content=\"Dwustronna pompa hydrauliczna z bezpo\u015brednim sprz\u0119g\u0142em PART NUMBER MODEL BAR PSI L\/MIN GPM RPM OIL PRESSURE ( BAR) OIL FLOW (L\/MIN) INLET OUTLET NET WEIGHT (KG) NET WEIGHT (LBS) 3.006.42.008 MP 15250 24CC SEA-A 250 3625 15 4 1450 160 36 G 1\/2 G 3\/8 22 48,5 3.006.42.007 MP 21250 24CC SAE-A 200 2900 21 [&hellip;]\" \/>\n<meta property=\"og:url\" content=\"https:\/\/e-mazzoni.it\/pl\/produkt\/sprzet-ze-wspolpraca-elastyczna\/\" \/>\n<meta property=\"og:site_name\" content=\"Mazzoni\" \/>\n<meta property=\"article:modified_time\" content=\"2026-05-02T02:21:40+00:00\" \/>\n<meta property=\"og:image\" content=\"https:\/\/e-mazzoni.it\/wp-content\/uploads\/2026\/04\/DOC1396156414.jpg\" \/>\n\t<meta property=\"og:image:width\" content=\"800\" \/>\n\t<meta property=\"og:image:height\" content=\"800\" \/>\n\t<meta property=\"og:image:type\" content=\"image\/jpeg\" \/>\n<meta name=\"twitter:card\" content=\"summary_large_image\" \/>\n<!-- \/ Yoast SEO plugin. -->","yoast_head_json":{"title":"SPRZ\u0118T ZE WSP\u00d3\u0141PRAC\u0104 ELASTYCZN\u0104 - Mazzoni","robots":{"index":"index","follow":"follow","max-snippet":"max-snippet:-1","max-image-preview":"max-image-preview:large","max-video-preview":"max-video-preview:-1"},"canonical":"https:\/\/e-mazzoni.it\/pl\/produkt\/sprzet-ze-wspolpraca-elastyczna\/","og_locale":"pl_PL","og_type":"article","og_title":"SPRZ\u0118T ZE WSP\u00d3\u0141PRAC\u0104 ELASTYCZN\u0104 - Mazzoni","og_description":"Dwustronna pompa hydrauliczna z bezpo\u015brednim sprz\u0119g\u0142em PART NUMBER MODEL BAR PSI L\/MIN GPM RPM OIL PRESSURE ( BAR) OIL FLOW (L\/MIN) INLET OUTLET NET WEIGHT (KG) NET WEIGHT (LBS) 3.006.42.008 MP 15250 24CC SEA-A 250 3625 15 4 1450 160 36 G 1\/2 G 3\/8 22 48,5 3.006.42.007 MP 21250 24CC SAE-A 200 2900 21 [&hellip;]","og_url":"https:\/\/e-mazzoni.it\/pl\/produkt\/sprzet-ze-wspolpraca-elastyczna\/","og_site_name":"Mazzoni","article_modified_time":"2026-05-02T02:21:40+00:00","og_image":[{"width":800,"height":800,"url":"https:\/\/e-mazzoni.it\/wp-content\/uploads\/2026\/04\/DOC1396156414.jpg","type":"image\/jpeg"}],"twitter_card":"summary_large_image","schema":{"@context":"https:\/\/schema.org","@graph":[{"@type":"WebPage","@id":"https:\/\/e-mazzoni.it\/pl\/produkt\/sprzet-ze-wspolpraca-elastyczna\/","url":"https:\/\/e-mazzoni.it\/pl\/produkt\/sprzet-ze-wspolpraca-elastyczna\/","name":"SPRZ\u0118T ZE WSP\u00d3\u0141PRAC\u0104 ELASTYCZN\u0104 - Mazzoni","isPartOf":{"@id":"https:\/\/e-mazzoni.it\/pl\/#website"},"primaryImageOfPage":{"@id":"https:\/\/e-mazzoni.it\/pl\/produkt\/sprzet-ze-wspolpraca-elastyczna\/#primaryimage"},"image":{"@id":"https:\/\/e-mazzoni.it\/pl\/produkt\/sprzet-ze-wspolpraca-elastyczna\/#primaryimage"},"thumbnailUrl":"https:\/\/e-mazzoni.it\/wp-content\/uploads\/2026\/04\/DOC1396156414.jpg","datePublished":"2024-10-15T06:48:16+00:00","dateModified":"2026-05-02T02:21:40+00:00","breadcrumb":{"@id":"https:\/\/e-mazzoni.it\/pl\/produkt\/sprzet-ze-wspolpraca-elastyczna\/#breadcrumb"},"inLanguage":"pl-PL","potentialAction":[{"@type":"ReadAction","target":["https:\/\/e-mazzoni.it\/pl\/produkt\/sprzet-ze-wspolpraca-elastyczna\/"]}]},{"@type":"ImageObject","inLanguage":"pl-PL","@id":"https:\/\/e-mazzoni.it\/pl\/produkt\/sprzet-ze-wspolpraca-elastyczna\/#primaryimage","url":"https:\/\/e-mazzoni.it\/wp-content\/uploads\/2026\/04\/DOC1396156414.jpg","contentUrl":"https:\/\/e-mazzoni.it\/wp-content\/uploads\/2026\/04\/DOC1396156414.jpg","width":800,"height":800},{"@type":"BreadcrumbList","@id":"https:\/\/e-mazzoni.it\/pl\/produkt\/sprzet-ze-wspolpraca-elastyczna\/#breadcrumb","itemListElement":[{"@type":"ListItem","position":1,"name":"Home","item":"https:\/\/e-mazzoni.it\/pl\/"},{"@type":"ListItem","position":2,"name":"Produkty","item":"https:\/\/e-mazzoni.it\/pl\/produkty\/"},{"@type":"ListItem","position":3,"name":"SPRZ\u0118T ZE WSP\u00d3\u0141PRAC\u0104 ELASTYCZN\u0104"}]},{"@type":"WebSite","@id":"https:\/\/e-mazzoni.it\/pl\/#website","url":"https:\/\/e-mazzoni.it\/pl\/","name":"Mazzoni","description":"Mazzoni","publisher":{"@id":"https:\/\/e-mazzoni.it\/pl\/#organization"},"potentialAction":[{"@type":"SearchAction","target":{"@type":"EntryPoint","urlTemplate":"https:\/\/e-mazzoni.it\/pl\/?s={search_term_string}"},"query-input":{"@type":"PropertyValueSpecification","valueRequired":true,"valueName":"search_term_string"}}],"inLanguage":"pl-PL"},{"@type":"Organization","@id":"https:\/\/e-mazzoni.it\/pl\/#organization","name":"Mazzoni","url":"https:\/\/e-mazzoni.it\/pl\/","logo":{"@type":"ImageObject","inLanguage":"pl-PL","@id":"https:\/\/e-mazzoni.it\/pl\/#\/schema\/logo\/image\/","url":"https:\/\/e-mazzoni.it\/wp-content\/uploads\/2023\/07\/logo.png","contentUrl":"https:\/\/e-mazzoni.it\/wp-content\/uploads\/2023\/07\/logo.png","width":250,"height":109,"caption":"Mazzoni"},"image":{"@id":"https:\/\/e-mazzoni.it\/pl\/#\/schema\/logo\/image\/"}}]}},"_links":{"self":[{"href":"https:\/\/e-mazzoni.it\/pl\/wp-json\/wp\/v2\/product\/50789","targetHints":{"allow":["GET"]}}],"collection":[{"href":"https:\/\/e-mazzoni.it\/pl\/wp-json\/wp\/v2\/product"}],"about":[{"href":"https:\/\/e-mazzoni.it\/pl\/wp-json\/wp\/v2\/types\/product"}],"wp:featuredmedia":[{"embeddable":true,"href":"https:\/\/e-mazzoni.it\/pl\/wp-json\/wp\/v2\/media\/67975"}],"wp:attachment":[{"href":"https:\/\/e-mazzoni.it\/pl\/wp-json\/wp\/v2\/media?parent=50789"}],"wp:term":[{"taxonomy":"product_brand","embeddable":true,"href":"https:\/\/e-mazzoni.it\/pl\/wp-json\/wp\/v2\/product_brand?post=50789"},{"taxonomy":"product_cat","embeddable":true,"href":"https:\/\/e-mazzoni.it\/pl\/wp-json\/wp\/v2\/product_cat?post=50789"},{"taxonomy":"product_tag","embeddable":true,"href":"https:\/\/e-mazzoni.it\/pl\/wp-json\/wp\/v2\/product_tag?post=50789"}],"curies":[{"name":"wp","href":"https:\/\/api.w.org\/{rel}","templated":true}]}}