{"id":50785,"date":"2024-10-15T06:47:58","date_gmt":"2024-10-15T06:47:58","guid":{"rendered":"https:\/\/e-mazzoni.it\/prodotto\/pompe-electro\/"},"modified":"2026-05-02T02:20:03","modified_gmt":"2026-05-02T02:20:03","slug":"pompe-electro","status":"publish","type":"product","link":"https:\/\/e-mazzoni.it\/pl\/produkt\/pompe-electro\/","title":{"rendered":"POMPE ELECTRO"},"content":{"rendered":"<p>Silniki elektryczne, pompy elektryczne i wysoce profesjonalne pompy s\u0105 cz\u0119\u015bci\u0105 szerokiej gamy produkt\u00f3w Mazzoni s.r.l. Wykonane z solidnych materia\u0142\u00f3w i wysokiej jako\u015bci silniki elektryczne klasy IE2 maj\u0105 modele o du\u017cej mocy i wydajno\u015bci. Pompy elektryczne i silniki do profesjonalnych myjek wysokoci\u015bnieniowych, kt\u00f3re spe\u0142niaj\u0105 r\u00f3\u017cne potrzeby klienta i s\u0105 przeznaczone do stosowania z pompami wysokoci\u015bnieniowymi.<\/p>\n<div>\n<table style=\"width: 100%\" border=\"1\" id=\"table_options\">\n<tbody>\n<tr>\n<th style=\"color: #fff\" bgcolor=\"#ea2833\">PART NUMBER<\/th>\n<th style=\"color: #fff\" bgcolor=\"#ea2833\">L\/MIN &#8211; 1450 RPM<\/th>\n<th style=\"color: #fff\" bgcolor=\"#ea2833\">GPM &#8211; 1450 RPM<\/th>\n<th style=\"color: #fff\" bgcolor=\"#ea2833\">BAR<\/th>\n<th style=\"color: #fff\" bgcolor=\"#ea2833\">PSI<\/th>\n<th style=\"color: #fff\" bgcolor=\"#ea2833\">VOLTS<\/th>\n<th style=\"color: #fff\" bgcolor=\"#ea2833\">PHASE<\/th>\n<th style=\"color: #fff\" bgcolor=\"#ea2833\">KW<\/th>\n<th style=\"color: #fff\" bgcolor=\"#ea2833\">Hz<\/th>\n<th style=\"color: #fff\" bgcolor=\"#ea2833\">RPM 50 HZ<\/th>\n<th style=\"color: #fff\" bgcolor=\"#ea2833\">NET WEIGHT (KG)<\/th>\n<th style=\"color: #fff\" bgcolor=\"#ea2833\">NET WEIGHT (LBS)<\/th>\n<\/tr>\n<tr>\n<td align=\"center !important\">3.071.02.014<\/td>\n<td align=\"center !important\">10<\/td>\n<td align=\"center !important\">2,6<\/td>\n<td align=\"center !important\">125<\/td>\n<td align=\"center !important\">1810<\/td>\n<td align=\"center !important\">230<\/td>\n<td align=\"center !important\">1<\/td>\n<td align=\"center !important\">2,2<\/td>\n<td align=\"center !important\">50<\/td>\n<td align=\"center !important\">1450<\/td>\n<td align=\"center !important\">25<\/td>\n<td align=\"center !important\">55<\/td>\n<\/tr>\n<tr>\n<td align=\"center !important\">3.071.02.015<\/td>\n<td align=\"center !important\">13<\/td>\n<td align=\"center !important\">3.4<\/td>\n<td align=\"center !important\">160<\/td>\n<td align=\"center !important\">2300<\/td>\n<td align=\"center !important\">230\/400<\/td>\n<td align=\"center !important\">3<\/td>\n<td align=\"center !important\">4<\/td>\n<td align=\"center !important\">50<\/td>\n<td align=\"center !important\">1450<\/td>\n<td align=\"center !important\">25<\/td>\n<td align=\"center !important\">55<\/td>\n<\/tr>\n<tr>\n<td align=\"center !important\">3.071.02.010<\/td>\n<td align=\"center !important\">15<\/td>\n<td align=\"center !important\">3,9<\/td>\n<td align=\"center !important\">190<\/td>\n<td align=\"center !important\">2740<\/td>\n<td align=\"center !important\">230\/400V<\/td>\n<td align=\"center !important\">3<\/td>\n<td align=\"center !important\">5.5<\/td>\n<td align=\"center !important\">50<\/td>\n<td align=\"center !important\">1450<\/td>\n<td align=\"center !important\">32<\/td>\n<td align=\"center !important\">70<\/td>\n<\/tr>\n<tr>\n<td align=\"center !important\">3.071.02.009<\/td>\n<td align=\"center !important\">21<\/td>\n<td align=\"center !important\">5,5<\/td>\n<td align=\"center !important\">135<\/td>\n<td align=\"center !important\">1960<\/td>\n<td align=\"center !important\">230\/400V<\/td>\n<td align=\"center !important\">3<\/td>\n<td align=\"center !important\">5.5<\/td>\n<td align=\"center !important\">50<\/td>\n<td align=\"center !important\">1450<\/td>\n<td align=\"center !important\">32<\/td>\n<td align=\"center !important\">70<\/td>\n<\/tr>\n<tr>\n<td align=\"center !important\">3.071.02.011<\/td>\n<td align=\"center !important\">21<\/td>\n<td align=\"center !important\">5,5<\/td>\n<td align=\"center !important\">185<\/td>\n<td align=\"center !important\">2670<\/td>\n<td align=\"center !important\">230\/400V<\/td>\n<td align=\"center !important\">3<\/td>\n<td align=\"center !important\">7.5<\/td>\n<td align=\"center !important\">50<\/td>\n<td align=\"center !important\">1450<\/td>\n<td align=\"center !important\">54<\/td>\n<td align=\"center !important\">119<\/td>\n<\/tr>\n<tr>\n<td align=\"center !important\">3.071.02.012<\/td>\n<td align=\"center !important\">25<\/td>\n<td align=\"center !important\">6,6<\/td>\n<td align=\"center !important\">225<\/td>\n<td align=\"center !important\">3300<\/td>\n<td align=\"center !important\">400<\/td>\n<td align=\"center !important\">3<\/td>\n<td align=\"center !important\">11<\/td>\n<td align=\"center !important\">50<\/td>\n<td align=\"center !important\">1450<\/td>\n<td align=\"center !important\">65<\/td>\n<td align=\"center !important\">143<\/td>\n<\/tr>\n<tr>\n<td align=\"center !important\">3.071.02.013<\/td>\n<td align=\"center !important\">30<\/td>\n<td align=\"center !important\">7,9<\/td>\n<td align=\"center !important\">190<\/td>\n<td align=\"center !important\">2750<\/td>\n<td align=\"center !important\">230\/400V<\/td>\n<td align=\"center !important\">3<\/td>\n<td align=\"center !important\">11<\/td>\n<td align=\"center !important\">50<\/td>\n<td align=\"center !important\">1450<\/td>\n<td align=\"center !important\">65<\/td>\n<td align=\"center !important\">143<\/td>\n<\/tr>\n<tr>\n<td align=\"center !important\">3.071.02.149<\/td>\n<td align=\"center !important\">15<\/td>\n<td align=\"center !important\">3,9<\/td>\n<td align=\"center !important\">500<\/td>\n<td align=\"center !important\">7500<\/td>\n<td align=\"center !important\">400\/700<\/td>\n<td align=\"center !important\">3<\/td>\n<td align=\"center !important\">15<\/td>\n<td align=\"center !important\">50<\/td>\n<td align=\"center !important\">1450<\/td>\n<td align=\"center !important\">132<\/td>\n<td align=\"center !important\">291<\/td>\n<\/tr>\n<tr>\n<td align=\"center !important\">3.071.02.150<\/td>\n<td align=\"center !important\">21<\/td>\n<td align=\"center !important\">5,5<\/td>\n<td align=\"center !important\">500<\/td>\n<td align=\"center !important\">7250<\/td>\n<td align=\"center !important\">400\/700<\/td>\n<td align=\"center !important\">3<\/td>\n<td align=\"center !important\">22<\/td>\n<td align=\"center !important\">50<\/td>\n<td align=\"center !important\">1450<\/td>\n<td align=\"center !important\">172<\/td>\n<td align=\"center !important\">380<\/td>\n<\/tr>\n<tr>\n<td align=\"center !important\">3.071.02.151<\/td>\n<td align=\"center !important\">43<\/td>\n<td align=\"center !important\">11,2<\/td>\n<td align=\"center !important\">170<\/td>\n<td align=\"center !important\">2465<\/td>\n<td align=\"center !important\">400\/700<\/td>\n<td align=\"center !important\">3<\/td>\n<td align=\"center !important\">15<\/td>\n<td align=\"center !important\">50<\/td>\n<td align=\"center !important\">1450<\/td>\n<td align=\"center !important\">134<\/td>\n<td align=\"center !important\">295<\/td>\n<\/tr>\n<tr>\n<td align=\"center !important\">3.071.02.153<\/td>\n<td align=\"center !important\">90<\/td>\n<td align=\"center !important\">23,8<\/td>\n<td align=\"center !important\">125<\/td>\n<td align=\"center !important\">1830<\/td>\n<td align=\"center !important\">400<\/td>\n<td align=\"center !important\">3<\/td>\n<td align=\"center !important\">22<\/td>\n<td align=\"center !important\">50<\/td>\n<td align=\"center !important\">1450<\/td>\n<td align=\"center !important\">172<\/td>\n<td align=\"center !important\">380<\/td>\n<\/tr>\n<\/tbody>\n<\/table>\n<\/div>\n","protected":false},"excerpt":{"rendered":"<p>Pompa elektryczna Mazzoni z elastycznym z\u0142\u0105czem.<\/p>\n","protected":false},"featured_media":67965,"template":"","meta":{"zakra_page_container_layout":"customizer","zakra_page_sidebar_layout":"customizer","zakra_remove_content_margin":false,"zakra_sidebar":"customizer","zakra_transparent_header":"customizer","zakra_logo":0,"zakra_main_header_style":"default","zakra_menu_item_color":"","zakra_menu_item_hover_color":"","zakra_menu_item_active_color":"","zakra_menu_active_style":"","zakra_page_header":true},"product_brand":[],"product_cat":[3780],"product_tag":[3644,3652],"class_list":{"0":"post-50785","1":"product","2":"type-product","3":"status-publish","4":"has-post-thumbnail","6":"product_cat-pompa-elektro","7":"product_tag-czyszczenie_pl","8":"product_tag-rolnictwo_pl","10":"first","11":"instock","12":"shipping-taxable","13":"product-type-simple"},"yoast_head":"<!-- This site is optimized with the Yoast SEO plugin v27.5 - https:\/\/yoast.com\/product\/yoast-seo-wordpress\/ -->\n<title>POMPE ELECTRO - Mazzoni<\/title>\n<meta name=\"robots\" content=\"index, follow, max-snippet:-1, max-image-preview:large, max-video-preview:-1\" \/>\n<link rel=\"canonical\" href=\"https:\/\/e-mazzoni.it\/pl\/produkt\/pompe-electro\/\" \/>\n<meta property=\"og:locale\" content=\"pl_PL\" \/>\n<meta property=\"og:type\" content=\"article\" \/>\n<meta property=\"og:title\" content=\"POMPE ELECTRO - Mazzoni\" \/>\n<meta property=\"og:description\" content=\"Pompa elektryczna Mazzoni z elastycznym z\u0142\u0105czem.\" \/>\n<meta property=\"og:url\" content=\"https:\/\/e-mazzoni.it\/pl\/produkt\/pompe-electro\/\" \/>\n<meta property=\"og:site_name\" content=\"Mazzoni\" \/>\n<meta property=\"article:modified_time\" content=\"2026-05-02T02:20:03+00:00\" \/>\n<meta property=\"og:image\" content=\"https:\/\/e-mazzoni.it\/wp-content\/uploads\/2026\/04\/DOC1496172943.jpg\" \/>\n\t<meta property=\"og:image:width\" content=\"800\" \/>\n\t<meta property=\"og:image:height\" content=\"800\" \/>\n\t<meta property=\"og:image:type\" content=\"image\/jpeg\" \/>\n<meta name=\"twitter:card\" content=\"summary_large_image\" \/>\n<!-- \/ Yoast SEO plugin. -->","yoast_head_json":{"title":"POMPE ELECTRO - Mazzoni","robots":{"index":"index","follow":"follow","max-snippet":"max-snippet:-1","max-image-preview":"max-image-preview:large","max-video-preview":"max-video-preview:-1"},"canonical":"https:\/\/e-mazzoni.it\/pl\/produkt\/pompe-electro\/","og_locale":"pl_PL","og_type":"article","og_title":"POMPE ELECTRO - Mazzoni","og_description":"Pompa elektryczna Mazzoni z elastycznym z\u0142\u0105czem.","og_url":"https:\/\/e-mazzoni.it\/pl\/produkt\/pompe-electro\/","og_site_name":"Mazzoni","article_modified_time":"2026-05-02T02:20:03+00:00","og_image":[{"width":800,"height":800,"url":"https:\/\/e-mazzoni.it\/wp-content\/uploads\/2026\/04\/DOC1496172943.jpg","type":"image\/jpeg"}],"twitter_card":"summary_large_image","schema":{"@context":"https:\/\/schema.org","@graph":[{"@type":"WebPage","@id":"https:\/\/e-mazzoni.it\/pl\/produkt\/pompe-electro\/","url":"https:\/\/e-mazzoni.it\/pl\/produkt\/pompe-electro\/","name":"POMPE ELECTRO - Mazzoni","isPartOf":{"@id":"https:\/\/e-mazzoni.it\/pl\/#website"},"primaryImageOfPage":{"@id":"https:\/\/e-mazzoni.it\/pl\/produkt\/pompe-electro\/#primaryimage"},"image":{"@id":"https:\/\/e-mazzoni.it\/pl\/produkt\/pompe-electro\/#primaryimage"},"thumbnailUrl":"https:\/\/e-mazzoni.it\/wp-content\/uploads\/2026\/04\/DOC1496172943.jpg","datePublished":"2024-10-15T06:47:58+00:00","dateModified":"2026-05-02T02:20:03+00:00","breadcrumb":{"@id":"https:\/\/e-mazzoni.it\/pl\/produkt\/pompe-electro\/#breadcrumb"},"inLanguage":"pl-PL","potentialAction":[{"@type":"ReadAction","target":["https:\/\/e-mazzoni.it\/pl\/produkt\/pompe-electro\/"]}]},{"@type":"ImageObject","inLanguage":"pl-PL","@id":"https:\/\/e-mazzoni.it\/pl\/produkt\/pompe-electro\/#primaryimage","url":"https:\/\/e-mazzoni.it\/wp-content\/uploads\/2026\/04\/DOC1496172943.jpg","contentUrl":"https:\/\/e-mazzoni.it\/wp-content\/uploads\/2026\/04\/DOC1496172943.jpg","width":800,"height":800},{"@type":"BreadcrumbList","@id":"https:\/\/e-mazzoni.it\/pl\/produkt\/pompe-electro\/#breadcrumb","itemListElement":[{"@type":"ListItem","position":1,"name":"Home","item":"https:\/\/e-mazzoni.it\/pl\/"},{"@type":"ListItem","position":2,"name":"Produkty","item":"https:\/\/e-mazzoni.it\/pl\/produkty\/"},{"@type":"ListItem","position":3,"name":"POMPE ELECTRO"}]},{"@type":"WebSite","@id":"https:\/\/e-mazzoni.it\/pl\/#website","url":"https:\/\/e-mazzoni.it\/pl\/","name":"Mazzoni","description":"Mazzoni","publisher":{"@id":"https:\/\/e-mazzoni.it\/pl\/#organization"},"potentialAction":[{"@type":"SearchAction","target":{"@type":"EntryPoint","urlTemplate":"https:\/\/e-mazzoni.it\/pl\/?s={search_term_string}"},"query-input":{"@type":"PropertyValueSpecification","valueRequired":true,"valueName":"search_term_string"}}],"inLanguage":"pl-PL"},{"@type":"Organization","@id":"https:\/\/e-mazzoni.it\/pl\/#organization","name":"Mazzoni","url":"https:\/\/e-mazzoni.it\/pl\/","logo":{"@type":"ImageObject","inLanguage":"pl-PL","@id":"https:\/\/e-mazzoni.it\/pl\/#\/schema\/logo\/image\/","url":"https:\/\/e-mazzoni.it\/wp-content\/uploads\/2023\/07\/logo.png","contentUrl":"https:\/\/e-mazzoni.it\/wp-content\/uploads\/2023\/07\/logo.png","width":250,"height":109,"caption":"Mazzoni"},"image":{"@id":"https:\/\/e-mazzoni.it\/pl\/#\/schema\/logo\/image\/"}}]}},"_links":{"self":[{"href":"https:\/\/e-mazzoni.it\/pl\/wp-json\/wp\/v2\/product\/50785","targetHints":{"allow":["GET"]}}],"collection":[{"href":"https:\/\/e-mazzoni.it\/pl\/wp-json\/wp\/v2\/product"}],"about":[{"href":"https:\/\/e-mazzoni.it\/pl\/wp-json\/wp\/v2\/types\/product"}],"wp:featuredmedia":[{"embeddable":true,"href":"https:\/\/e-mazzoni.it\/pl\/wp-json\/wp\/v2\/media\/67965"}],"wp:attachment":[{"href":"https:\/\/e-mazzoni.it\/pl\/wp-json\/wp\/v2\/media?parent=50785"}],"wp:term":[{"taxonomy":"product_brand","embeddable":true,"href":"https:\/\/e-mazzoni.it\/pl\/wp-json\/wp\/v2\/product_brand?post=50785"},{"taxonomy":"product_cat","embeddable":true,"href":"https:\/\/e-mazzoni.it\/pl\/wp-json\/wp\/v2\/product_cat?post=50785"},{"taxonomy":"product_tag","embeddable":true,"href":"https:\/\/e-mazzoni.it\/pl\/wp-json\/wp\/v2\/product_tag?post=50785"}],"curies":[{"name":"wp","href":"https:\/\/api.w.org\/{rel}","templated":true}]}}