{"id":50765,"date":"2024-10-15T06:47:20","date_gmt":"2024-10-15T06:47:20","guid":{"rendered":"https:\/\/e-mazzoni.it\/prodotto\/mec100\/"},"modified":"2026-05-02T02:16:04","modified_gmt":"2026-05-02T02:16:04","slug":"mec100","status":"publish","type":"product","link":"https:\/\/e-mazzoni.it\/pl\/produkt\/mec100\/","title":{"rendered":"MEC100"},"content":{"rendered":"<p>GWARANCJA 24 MIESI\u0104CE &#8211; Ka\u017cdy szczeg\u00f3\u0142 nowych silnik\u00f3w Mazzoni zosta\u0142 zaprojektowany, aby zagwarantowa\u0107 doskona\u0142\u0105 wydajno\u015b\u0107 i zaspokoi\u0107 coraz bardziej wymagaj\u0105cy rynek. Pozwala nam to, w przeciwie\u0144stwie do wszystkich innych producent\u00f3w, zagwarantowa\u0107 2 lata naszych silnik\u00f3w, je\u015bli s\u0105 odpowiednio zainstalowane z uzwojeniami termicznymi pod\u0142\u0105czonymi w obwodzie elektrycznym.<\/p>\n<p>\u0141ADOWANIE Typ pi\u0142ki z pojedyncz\u0105 koron\u0105.\u00a0 \u0141o\u017cyska s\u0105 uszczelnione i wst\u0119pnie nasmarowane smarem na bazie litu, o temperaturze roboczej od -25 \u00b0 do + 150 \u00b0 C.<br \/>\nOCHRONA TERMICZNA W WIATRACH &#8211; Zabezpieczenie elektryczne wyst\u0119puj\u0105ce na linii elektroenergetycznej silnika mo\u017ce by\u0107 niewystarczaj\u0105ce, aby zapewni\u0107 ochron\u0119 przed przeci\u0105\u017ceniem.\u00a0 W rzeczywisto\u015bci, je\u015bli warunki wentylacji si\u0119 pogorsz\u0105, silnik si\u0119 przegrzeje, ale warunki elektryczne si\u0119 nie zmieniaj\u0105, co hamuje zabezpieczenia na linii. Niedogodno\u015bci tej mo\u017cna unikn\u0105\u0107, instaluj\u0105c ochronne<\/p>\n<div>\n<table style=\"width: 100%\" border=\"1\" id=\"table_options\">\n<tbody>\n<tr>\n<th style=\"color: #fff\" bgcolor=\"#ea2833\">PART NUMBER<\/th>\n<th style=\"color: #fff\" bgcolor=\"#ea2833\">VOLTS<\/th>\n<th style=\"color: #fff\" bgcolor=\"#ea2833\">PHASE<\/th>\n<th style=\"color: #fff\" bgcolor=\"#ea2833\">Hz<\/th>\n<th style=\"color: #fff\" bgcolor=\"#ea2833\">Hz 60<\/th>\n<th style=\"color: #fff\" bgcolor=\"#ea2833\">RPM 50 HZ<\/th>\n<th style=\"color: #fff\" bgcolor=\"#ea2833\">GIRI RPM 2<\/th>\n<th style=\"color: #fff\" bgcolor=\"#ea2833\">KW<\/th>\n<th style=\"color: #fff\" bgcolor=\"#ea2833\">A 50 HZ<\/th>\n<th style=\"color: #fff\" bgcolor=\"#ea2833\">A 60Hz<\/th>\n<th style=\"color: #fff\" bgcolor=\"#ea2833\">MAZZONI PUMP<\/th>\n<th style=\"color: #fff\" bgcolor=\"#ea2833\">IP<\/th>\n<th style=\"color: #fff\" bgcolor=\"#ea2833\">POLY<\/th>\n<\/tr>\n<tr>\n<td align=\"center !important\">2.081.12.016<\/td>\n<td align=\"center !important\">230<\/td>\n<td align=\"center !important\">1<\/td>\n<td align=\"center !important\">50<\/td>\n<td align=\"center !important\">60<\/td>\n<td align=\"center !important\">1450<\/td>\n<td align=\"center !important\">1740<\/td>\n<td align=\"center !important\">2,2<\/td>\n<td align=\"center !important\">12,5<\/td>\n<td align=\"center !important\">14,1<\/td>\n<td align=\"center !important\">PMD<\/td>\n<td align=\"center !important\">44<\/td>\n<td align=\"center !important\">4<\/td>\n<\/tr>\n<tr>\n<td align=\"center !important\">2.081.12.018<\/td>\n<td align=\"center !important\">230<\/td>\n<td align=\"center !important\">1<\/td>\n<td align=\"center !important\">50<\/td>\n<td align=\"center !important\">60<\/td>\n<td align=\"center !important\">1450<\/td>\n<td align=\"center !important\">1740<\/td>\n<td align=\"center !important\">2.2<\/td>\n<td align=\"center !important\">&#8212;<\/td>\n<td align=\"center !important\">14,6<\/td>\n<td align=\"center !important\">PMD<\/td>\n<td align=\"center !important\">44<\/td>\n<td align=\"center !important\">4<\/td>\n<\/tr>\n<tr>\n<td align=\"center !important\">2.081.12.019<\/td>\n<td align=\"center !important\">230\/400<\/td>\n<td align=\"center !important\">3<\/td>\n<td align=\"center !important\">50<\/td>\n<td align=\"center !important\">60<\/td>\n<td align=\"center !important\">1450<\/td>\n<td align=\"center !important\">1740<\/td>\n<td align=\"center !important\">4<\/td>\n<td align=\"center !important\">9,2<\/td>\n<td align=\"center !important\">15,9<\/td>\n<td align=\"center !important\">PMD<\/td>\n<td align=\"center !important\">44<\/td>\n<td align=\"center !important\">4<\/td>\n<\/tr>\n<tr>\n<td align=\"center !important\">2.081.12.004<\/td>\n<td align=\"center !important\">230\/400<\/td>\n<td align=\"center !important\">3<\/td>\n<td align=\"center !important\">50<\/td>\n<td align=\"center !important\">60<\/td>\n<td align=\"center !important\">1450<\/td>\n<td align=\"center !important\">1740<\/td>\n<td align=\"center !important\">4<\/td>\n<td align=\"center !important\">9.2<\/td>\n<td align=\"center !important\">16<\/td>\n<td align=\"center !important\">MMD \/ GM &#8211; 45<\/td>\n<td align=\"center !important\">44<\/td>\n<td align=\"center !important\">4<\/td>\n<\/tr>\n<\/tbody>\n<\/table>\n<\/div>\n","protected":false},"excerpt":{"rendered":"<p>Nasze silniki elektryczne, dostosowane strukturalnie i elektrycznie, zosta\u0142y zaprojektowane zgodnie z dyrektywami UE ECODESIGN i mi\u0119dzynarodowymi standardami referencyjnymi.\u00a0 Konstruktywnie dost\u0119pny w wersji ze stopami (B3) i wyposa\u017cony w ko\u0142nierze . Ochrona termiczna, odpowiednio zaprojektowana, gwarantuje dzia\u0142anie w ka\u017cdym rodzaju us\u0142ugi oraz przed niew\u0142a\u015bciwym u\u017cytkowaniem lub przypadkowymi przypadkami. \u00a0<\/p>\n","protected":false},"featured_media":67925,"template":"","meta":{"zakra_page_container_layout":"customizer","zakra_page_sidebar_layout":"customizer","zakra_remove_content_margin":false,"zakra_sidebar":"customizer","zakra_transparent_header":"customizer","zakra_logo":0,"zakra_main_header_style":"default","zakra_menu_item_color":"","zakra_menu_item_hover_color":"","zakra_menu_item_active_color":"","zakra_menu_active_style":"","zakra_page_header":true},"product_brand":[],"product_cat":[3778],"product_tag":[3692,3644,3660,3652,3668],"class_list":{"0":"post-50765","1":"product","2":"type-product","3":"status-publish","4":"has-post-thumbnail","6":"product_cat-silniki-elektryczne-ie2-ie3-4-pole","7":"product_tag-chemicznej_pl","8":"product_tag-czyszczenie_pl","9":"product_tag-myjni_samochodowe_pl","10":"product_tag-rolnictwo_pl","11":"product_tag-zywnosci","13":"first","14":"instock","15":"shipping-taxable","16":"product-type-simple"},"yoast_head":"<!-- This site is optimized with the Yoast SEO plugin v27.5 - https:\/\/yoast.com\/product\/yoast-seo-wordpress\/ -->\n<title>MEC100 - Mazzoni<\/title>\n<meta name=\"robots\" content=\"index, follow, max-snippet:-1, max-image-preview:large, max-video-preview:-1\" \/>\n<link rel=\"canonical\" href=\"https:\/\/e-mazzoni.it\/pl\/produkt\/mec100\/\" \/>\n<meta property=\"og:locale\" content=\"pl_PL\" \/>\n<meta property=\"og:type\" content=\"article\" \/>\n<meta property=\"og:title\" content=\"MEC100 - Mazzoni\" \/>\n<meta property=\"og:description\" content=\"Nasze silniki elektryczne, dostosowane strukturalnie i elektrycznie, zosta\u0142y zaprojektowane zgodnie z dyrektywami UE ECODESIGN i mi\u0119dzynarodowymi standardami referencyjnymi.\u00a0 Konstruktywnie dost\u0119pny w wersji ze stopami (B3) i wyposa\u017cony w ko\u0142nierze . Ochrona termiczna, odpowiednio zaprojektowana, gwarantuje dzia\u0142anie w ka\u017cdym rodzaju us\u0142ugi oraz przed niew\u0142a\u015bciwym u\u017cytkowaniem lub przypadkowymi przypadkami. \u00a0\" \/>\n<meta property=\"og:url\" content=\"https:\/\/e-mazzoni.it\/pl\/produkt\/mec100\/\" \/>\n<meta property=\"og:site_name\" content=\"Mazzoni\" \/>\n<meta property=\"article:modified_time\" content=\"2026-05-02T02:16:04+00:00\" \/>\n<meta property=\"og:image\" content=\"https:\/\/e-mazzoni.it\/wp-content\/uploads\/2026\/04\/DOC8066152754.jpg\" \/>\n\t<meta property=\"og:image:width\" content=\"800\" \/>\n\t<meta property=\"og:image:height\" content=\"800\" \/>\n\t<meta property=\"og:image:type\" content=\"image\/jpeg\" \/>\n<meta name=\"twitter:card\" content=\"summary_large_image\" \/>\n<meta name=\"twitter:label1\" content=\"Szacowany czas czytania\" \/>\n\t<meta name=\"twitter:data1\" content=\"1 minuta\" \/>\n<!-- \/ Yoast SEO plugin. -->","yoast_head_json":{"title":"MEC100 - Mazzoni","robots":{"index":"index","follow":"follow","max-snippet":"max-snippet:-1","max-image-preview":"max-image-preview:large","max-video-preview":"max-video-preview:-1"},"canonical":"https:\/\/e-mazzoni.it\/pl\/produkt\/mec100\/","og_locale":"pl_PL","og_type":"article","og_title":"MEC100 - Mazzoni","og_description":"Nasze silniki elektryczne, dostosowane strukturalnie i elektrycznie, zosta\u0142y zaprojektowane zgodnie z dyrektywami UE ECODESIGN i mi\u0119dzynarodowymi standardami referencyjnymi.\u00a0 Konstruktywnie dost\u0119pny w wersji ze stopami (B3) i wyposa\u017cony w ko\u0142nierze . Ochrona termiczna, odpowiednio zaprojektowana, gwarantuje dzia\u0142anie w ka\u017cdym rodzaju us\u0142ugi oraz przed niew\u0142a\u015bciwym u\u017cytkowaniem lub przypadkowymi przypadkami. \u00a0","og_url":"https:\/\/e-mazzoni.it\/pl\/produkt\/mec100\/","og_site_name":"Mazzoni","article_modified_time":"2026-05-02T02:16:04+00:00","og_image":[{"width":800,"height":800,"url":"https:\/\/e-mazzoni.it\/wp-content\/uploads\/2026\/04\/DOC8066152754.jpg","type":"image\/jpeg"}],"twitter_card":"summary_large_image","twitter_misc":{"Szacowany czas czytania":"1 minuta"},"schema":{"@context":"https:\/\/schema.org","@graph":[{"@type":"WebPage","@id":"https:\/\/e-mazzoni.it\/pl\/produkt\/mec100\/","url":"https:\/\/e-mazzoni.it\/pl\/produkt\/mec100\/","name":"MEC100 - Mazzoni","isPartOf":{"@id":"https:\/\/e-mazzoni.it\/pl\/#website"},"primaryImageOfPage":{"@id":"https:\/\/e-mazzoni.it\/pl\/produkt\/mec100\/#primaryimage"},"image":{"@id":"https:\/\/e-mazzoni.it\/pl\/produkt\/mec100\/#primaryimage"},"thumbnailUrl":"https:\/\/e-mazzoni.it\/wp-content\/uploads\/2026\/04\/DOC8066152754.jpg","datePublished":"2024-10-15T06:47:20+00:00","dateModified":"2026-05-02T02:16:04+00:00","breadcrumb":{"@id":"https:\/\/e-mazzoni.it\/pl\/produkt\/mec100\/#breadcrumb"},"inLanguage":"pl-PL","potentialAction":[{"@type":"ReadAction","target":["https:\/\/e-mazzoni.it\/pl\/produkt\/mec100\/"]}]},{"@type":"ImageObject","inLanguage":"pl-PL","@id":"https:\/\/e-mazzoni.it\/pl\/produkt\/mec100\/#primaryimage","url":"https:\/\/e-mazzoni.it\/wp-content\/uploads\/2026\/04\/DOC8066152754.jpg","contentUrl":"https:\/\/e-mazzoni.it\/wp-content\/uploads\/2026\/04\/DOC8066152754.jpg","width":800,"height":800},{"@type":"BreadcrumbList","@id":"https:\/\/e-mazzoni.it\/pl\/produkt\/mec100\/#breadcrumb","itemListElement":[{"@type":"ListItem","position":1,"name":"Home","item":"https:\/\/e-mazzoni.it\/pl\/"},{"@type":"ListItem","position":2,"name":"Produkty","item":"https:\/\/e-mazzoni.it\/pl\/produkty\/"},{"@type":"ListItem","position":3,"name":"MEC100"}]},{"@type":"WebSite","@id":"https:\/\/e-mazzoni.it\/pl\/#website","url":"https:\/\/e-mazzoni.it\/pl\/","name":"Mazzoni","description":"Mazzoni","publisher":{"@id":"https:\/\/e-mazzoni.it\/pl\/#organization"},"potentialAction":[{"@type":"SearchAction","target":{"@type":"EntryPoint","urlTemplate":"https:\/\/e-mazzoni.it\/pl\/?s={search_term_string}"},"query-input":{"@type":"PropertyValueSpecification","valueRequired":true,"valueName":"search_term_string"}}],"inLanguage":"pl-PL"},{"@type":"Organization","@id":"https:\/\/e-mazzoni.it\/pl\/#organization","name":"Mazzoni","url":"https:\/\/e-mazzoni.it\/pl\/","logo":{"@type":"ImageObject","inLanguage":"pl-PL","@id":"https:\/\/e-mazzoni.it\/pl\/#\/schema\/logo\/image\/","url":"https:\/\/e-mazzoni.it\/wp-content\/uploads\/2023\/07\/logo.png","contentUrl":"https:\/\/e-mazzoni.it\/wp-content\/uploads\/2023\/07\/logo.png","width":250,"height":109,"caption":"Mazzoni"},"image":{"@id":"https:\/\/e-mazzoni.it\/pl\/#\/schema\/logo\/image\/"}}]}},"_links":{"self":[{"href":"https:\/\/e-mazzoni.it\/pl\/wp-json\/wp\/v2\/product\/50765","targetHints":{"allow":["GET"]}}],"collection":[{"href":"https:\/\/e-mazzoni.it\/pl\/wp-json\/wp\/v2\/product"}],"about":[{"href":"https:\/\/e-mazzoni.it\/pl\/wp-json\/wp\/v2\/types\/product"}],"wp:featuredmedia":[{"embeddable":true,"href":"https:\/\/e-mazzoni.it\/pl\/wp-json\/wp\/v2\/media\/67925"}],"wp:attachment":[{"href":"https:\/\/e-mazzoni.it\/pl\/wp-json\/wp\/v2\/media?parent=50765"}],"wp:term":[{"taxonomy":"product_brand","embeddable":true,"href":"https:\/\/e-mazzoni.it\/pl\/wp-json\/wp\/v2\/product_brand?post=50765"},{"taxonomy":"product_cat","embeddable":true,"href":"https:\/\/e-mazzoni.it\/pl\/wp-json\/wp\/v2\/product_cat?post=50765"},{"taxonomy":"product_tag","embeddable":true,"href":"https:\/\/e-mazzoni.it\/pl\/wp-json\/wp\/v2\/product_tag?post=50765"}],"curies":[{"name":"wp","href":"https:\/\/api.w.org\/{rel}","templated":true}]}}