{"id":57197,"date":"2025-02-26T01:07:01","date_gmt":"2025-02-26T01:07:01","guid":{"rendered":"https:\/\/e-mazzoni.it\/prodotto\/ph3075el\/"},"modified":"2026-04-27T03:19:43","modified_gmt":"2026-04-27T03:19:43","slug":"ph3075el","status":"publish","type":"product","link":"https:\/\/e-mazzoni.it\/fr\/produit\/ph3075el\/","title":{"rendered":"PH3075EL"},"content":{"rendered":"<p>Pratique, robuste et professionnel. Nettoyeur haute pression id\u00e9al pour tous les professionnels et entreprises o\u00f9 la qualit\u00e9 du nettoyage est un facteur important. Elles sont con\u00e7ues pour : \u2022 r\u00e9duire les consommations et \u00e9viter les \u00e9missions de fum\u00e9es, garanties par des moteurs et chaudi\u00e8res \u00e9lectriques \u00e0 haut rendement construits directement par Mazzoni; \u2022 maintenir sa puissance constante m\u00eame dans des situations et des travaux qui n\u00e9cessitent une utilisation continue et prolong\u00e9e CARACT\u00c9RISTIQUES TECHNIQUES : Moteur \u00e9lectrique asynchrone s\u00e9rie MEC service continu, S1 avec protection thermique int\u00e9gr\u00e9e sur les enroulements. Joint \u00e9lastique. Pompe professionnelle Mazzoni en ligne (\u00e0 bielles) avec t\u00eate en laiton et trois pistons en c\u00e9ramique. C\u00e2ble \u00e9lectrique 5 m Tuyau haute pression 10 m R\u00e9servoir d\u2019alimentation en eau 3 litres avec flotteur Valve by-pass automatique avec r\u00e9gulation de la pression Soupape de s\u00e9curit\u00e9 pour les surpressions Contr\u00f4le de tension. Dispositif anti-calcaire avec r\u00e9servoir de 1 L. R\u00e9servoir nettoyant 10 L Lance INOX avec pistolet automatique et raccord rapide pour les accessoires T\u00eate avec buse en acier tremp\u00e9 et aspiration d\u00e9tergente \u00e0 haute pression Cadre en acier peint Chaudi\u00e8re \u00e9lectrique avec 4 r\u00e9sistances d\u2019arr\u00eat de chaudi\u00e8re en cas de manque d\u2019eau Thermostat Num\u00e9rique de r\u00e9gulation de la temp\u00e9rature de l\u2019eau. Syst\u00e8me TST\/DSS T\u00e9moin lumineux pour l\u2019assistance apr\u00e8s 500 heures de travail. Frein de stationnement.<\/p>\n<div>\n<table style=\"width: 100%\" border=\"1\" id=\"table_options\">\n<tbody>\n<tr>\n<th style=\"color: #fff\" bgcolor=\"#ea2833\">CODE<\/th>\n<th style=\"color: #fff\" bgcolor=\"#ea2833\">MODELE<\/th>\n<th style=\"color: #fff\" bgcolor=\"#ea2833\">L\/MIN &#8211; 1450 RPM<\/th>\n<th style=\"color: #fff\" bgcolor=\"#ea2833\">GPM &#8211; 1450 RPM<\/th>\n<th style=\"color: #fff\" bgcolor=\"#ea2833\">BAR<\/th>\n<th style=\"color: #fff\" bgcolor=\"#ea2833\">PSI<\/th>\n<th style=\"color: #fff\" bgcolor=\"#ea2833\">RPM 50 HZ<\/th>\n<th style=\"color: #fff\" bgcolor=\"#ea2833\">HP<\/th>\n<th style=\"color: #fff\" bgcolor=\"#ea2833\">KW<\/th>\n<th style=\"color: #fff\" bgcolor=\"#ea2833\">VOLT<\/th>\n<th style=\"color: #fff\" bgcolor=\"#ea2833\">Hz<\/th>\n<th style=\"color: #fff\" bgcolor=\"#ea2833\">PHASE<\/th>\n<th style=\"color: #fff\" bgcolor=\"#ea2833\">BUSE \u00c0 EAU<\/th>\n<th style=\"color: #fff\" bgcolor=\"#ea2833\">R\u00c9SERVOIR ANTICALCAIRE<\/th>\n<th style=\"color: #fff\" bgcolor=\"#ea2833\">R\u00c9SERVOIR DE NETTOYAGE<\/th>\n<th style=\"color: #fff\" bgcolor=\"#ea2833\">MAX TEMP\u00c9RATURE DE SORTIE<\/th>\n<\/tr>\n<tr>\n<td align=\"center !important\">3.023.24.474<\/td>\n<td align=\"center !important\">PH3075EL<\/td>\n<td align=\"center !important\">12<\/td>\n<td align=\"center !important\">3.17<\/td>\n<td align=\"center !important\">150<\/td>\n<td align=\"center !important\">2175,5<\/td>\n<td align=\"center !important\">1450<\/td>\n<td align=\"center !important\">51<\/td>\n<td align=\"center !important\">38<\/td>\n<td align=\"center !important\">400<\/td>\n<td align=\"center !important\">50<\/td>\n<td align=\"center !important\">3<\/td>\n<td align=\"center !important\">15045<\/td>\n<td align=\"center !important\">1L<\/td>\n<td align=\"center !important\">10L<\/td>\n<td align=\"center !important\">85\u00b0C<\/td>\n<\/tr>\n<\/tbody>\n<\/table>\n<\/div>\n","protected":false},"excerpt":{"rendered":"<p>Nettoyeur haute pression professionnel. Enti\u00e8rement \u00e9lectrique, id\u00e9al pour tous les besoins de nettoyage ext\u00e9rieur, polyvalent et performant. Utilisation recommand\u00e9e : Lavage de voitures, ateliers, aires de service, salons automobiles, agriculture, transport, p\u00eache, etc.<\/p>\n","protected":false},"featured_media":68769,"template":"","meta":{"zakra_page_container_layout":"customizer","zakra_page_sidebar_layout":"customizer","zakra_remove_content_margin":false,"zakra_sidebar":"customizer","zakra_transparent_header":"customizer","zakra_logo":0,"zakra_main_header_style":"default","zakra_menu_item_color":"","zakra_menu_item_hover_color":"","zakra_menu_item_active_color":"","zakra_menu_active_style":"","zakra_page_header":true},"product_brand":[],"product_cat":[4081],"product_tag":[],"class_list":{"0":"post-57197","1":"product","2":"type-product","3":"status-publish","4":"has-post-thumbnail","6":"product_cat-nettoyeur-haute-pression-100-electrique","8":"first","9":"instock","10":"shipping-taxable","11":"product-type-simple"},"yoast_head":"<!-- This site is optimized with the Yoast SEO plugin v27.5 - https:\/\/yoast.com\/product\/yoast-seo-wordpress\/ -->\n<title>PH3075EL - Mazzoni<\/title>\n<meta name=\"robots\" content=\"index, follow, max-snippet:-1, max-image-preview:large, max-video-preview:-1\" \/>\n<link rel=\"canonical\" href=\"https:\/\/e-mazzoni.it\/fr\/produit\/ph3075el\/\" \/>\n<meta property=\"og:locale\" content=\"fr_FR\" \/>\n<meta property=\"og:type\" content=\"article\" \/>\n<meta property=\"og:title\" content=\"PH3075EL - Mazzoni\" \/>\n<meta property=\"og:description\" content=\"Nettoyeur haute pression professionnel. Enti\u00e8rement \u00e9lectrique, id\u00e9al pour tous les besoins de nettoyage ext\u00e9rieur, polyvalent et performant. Utilisation recommand\u00e9e : Lavage de voitures, ateliers, aires de service, salons automobiles, agriculture, transport, p\u00eache, etc.\" \/>\n<meta property=\"og:url\" content=\"https:\/\/e-mazzoni.it\/fr\/produit\/ph3075el\/\" \/>\n<meta property=\"og:site_name\" content=\"Mazzoni\" \/>\n<meta property=\"article:modified_time\" content=\"2026-04-27T03:19:43+00:00\" \/>\n<meta property=\"og:image\" content=\"https:\/\/e-mazzoni.it\/wp-content\/uploads\/2026\/04\/DOC4082128326.jpg\" \/>\n\t<meta property=\"og:image:width\" content=\"1600\" \/>\n\t<meta property=\"og:image:height\" content=\"1372\" \/>\n\t<meta property=\"og:image:type\" content=\"image\/jpeg\" \/>\n<meta name=\"twitter:card\" content=\"summary_large_image\" \/>\n<meta name=\"twitter:label1\" content=\"Dur\u00e9e de lecture estim\u00e9e\" \/>\n\t<meta name=\"twitter:data1\" content=\"1 minute\" \/>\n<!-- \/ Yoast SEO plugin. -->","yoast_head_json":{"title":"PH3075EL - Mazzoni","robots":{"index":"index","follow":"follow","max-snippet":"max-snippet:-1","max-image-preview":"max-image-preview:large","max-video-preview":"max-video-preview:-1"},"canonical":"https:\/\/e-mazzoni.it\/fr\/produit\/ph3075el\/","og_locale":"fr_FR","og_type":"article","og_title":"PH3075EL - Mazzoni","og_description":"Nettoyeur haute pression professionnel. Enti\u00e8rement \u00e9lectrique, id\u00e9al pour tous les besoins de nettoyage ext\u00e9rieur, polyvalent et performant. Utilisation recommand\u00e9e : Lavage de voitures, ateliers, aires de service, salons automobiles, agriculture, transport, p\u00eache, etc.","og_url":"https:\/\/e-mazzoni.it\/fr\/produit\/ph3075el\/","og_site_name":"Mazzoni","article_modified_time":"2026-04-27T03:19:43+00:00","og_image":[{"width":1600,"height":1372,"url":"https:\/\/e-mazzoni.it\/wp-content\/uploads\/2026\/04\/DOC4082128326.jpg","type":"image\/jpeg"}],"twitter_card":"summary_large_image","twitter_misc":{"Dur\u00e9e de lecture estim\u00e9e":"1 minute"},"schema":{"@context":"https:\/\/schema.org","@graph":[{"@type":"WebPage","@id":"https:\/\/e-mazzoni.it\/fr\/produit\/ph3075el\/","url":"https:\/\/e-mazzoni.it\/fr\/produit\/ph3075el\/","name":"PH3075EL - Mazzoni","isPartOf":{"@id":"https:\/\/e-mazzoni.it\/fr\/#website"},"primaryImageOfPage":{"@id":"https:\/\/e-mazzoni.it\/fr\/produit\/ph3075el\/#primaryimage"},"image":{"@id":"https:\/\/e-mazzoni.it\/fr\/produit\/ph3075el\/#primaryimage"},"thumbnailUrl":"https:\/\/e-mazzoni.it\/wp-content\/uploads\/2026\/04\/DOC4082128326.jpg","datePublished":"2025-02-26T01:07:01+00:00","dateModified":"2026-04-27T03:19:43+00:00","breadcrumb":{"@id":"https:\/\/e-mazzoni.it\/fr\/produit\/ph3075el\/#breadcrumb"},"inLanguage":"fr-FR","potentialAction":[{"@type":"ReadAction","target":["https:\/\/e-mazzoni.it\/fr\/produit\/ph3075el\/"]}]},{"@type":"ImageObject","inLanguage":"fr-FR","@id":"https:\/\/e-mazzoni.it\/fr\/produit\/ph3075el\/#primaryimage","url":"https:\/\/e-mazzoni.it\/wp-content\/uploads\/2026\/04\/DOC4082128326.jpg","contentUrl":"https:\/\/e-mazzoni.it\/wp-content\/uploads\/2026\/04\/DOC4082128326.jpg","width":1600,"height":1372},{"@type":"BreadcrumbList","@id":"https:\/\/e-mazzoni.it\/fr\/produit\/ph3075el\/#breadcrumb","itemListElement":[{"@type":"ListItem","position":1,"name":"Home","item":"https:\/\/e-mazzoni.it\/fr\/"},{"@type":"ListItem","position":2,"name":"Produits","item":"https:\/\/e-mazzoni.it\/fr\/produits\/"},{"@type":"ListItem","position":3,"name":"PH3075EL"}]},{"@type":"WebSite","@id":"https:\/\/e-mazzoni.it\/fr\/#website","url":"https:\/\/e-mazzoni.it\/fr\/","name":"Mazzoni","description":"Mazzoni","publisher":{"@id":"https:\/\/e-mazzoni.it\/fr\/#organization"},"potentialAction":[{"@type":"SearchAction","target":{"@type":"EntryPoint","urlTemplate":"https:\/\/e-mazzoni.it\/fr\/?s={search_term_string}"},"query-input":{"@type":"PropertyValueSpecification","valueRequired":true,"valueName":"search_term_string"}}],"inLanguage":"fr-FR"},{"@type":"Organization","@id":"https:\/\/e-mazzoni.it\/fr\/#organization","name":"Mazzoni","url":"https:\/\/e-mazzoni.it\/fr\/","logo":{"@type":"ImageObject","inLanguage":"fr-FR","@id":"https:\/\/e-mazzoni.it\/fr\/#\/schema\/logo\/image\/","url":"https:\/\/e-mazzoni.it\/wp-content\/uploads\/2023\/07\/logo.png","contentUrl":"https:\/\/e-mazzoni.it\/wp-content\/uploads\/2023\/07\/logo.png","width":250,"height":109,"caption":"Mazzoni"},"image":{"@id":"https:\/\/e-mazzoni.it\/fr\/#\/schema\/logo\/image\/"}}]}},"_links":{"self":[{"href":"https:\/\/e-mazzoni.it\/fr\/wp-json\/wp\/v2\/product\/57197","targetHints":{"allow":["GET"]}}],"collection":[{"href":"https:\/\/e-mazzoni.it\/fr\/wp-json\/wp\/v2\/product"}],"about":[{"href":"https:\/\/e-mazzoni.it\/fr\/wp-json\/wp\/v2\/types\/product"}],"wp:featuredmedia":[{"embeddable":true,"href":"https:\/\/e-mazzoni.it\/fr\/wp-json\/wp\/v2\/media\/68769"}],"wp:attachment":[{"href":"https:\/\/e-mazzoni.it\/fr\/wp-json\/wp\/v2\/media?parent=57197"}],"wp:term":[{"taxonomy":"product_brand","embeddable":true,"href":"https:\/\/e-mazzoni.it\/fr\/wp-json\/wp\/v2\/product_brand?post=57197"},{"taxonomy":"product_cat","embeddable":true,"href":"https:\/\/e-mazzoni.it\/fr\/wp-json\/wp\/v2\/product_cat?post=57197"},{"taxonomy":"product_tag","embeddable":true,"href":"https:\/\/e-mazzoni.it\/fr\/wp-json\/wp\/v2\/product_tag?post=57197"}],"curies":[{"name":"wp","href":"https:\/\/api.w.org\/{rel}","templated":true}]}}