{"id":54468,"date":"2025-02-12T01:08:23","date_gmt":"2025-02-12T01:08:23","guid":{"rendered":"https:\/\/e-mazzoni.it\/prodotto\/kx-version-haute-temperature\/"},"modified":"2026-03-27T04:59:26","modified_gmt":"2026-03-27T04:59:26","slug":"kx-version-haute-temperature","status":"publish","type":"product","link":"https:\/\/e-mazzoni.it\/fr\/produit\/kx-version-haute-temperature\/","title":{"rendered":"KX -VERSION HAUTE TEMP\u00c9RATURE"},"content":{"rendered":"<p>Nettoyeur haute pression professionnel \u00e0 eau froide avec cadre en acier peint et la couverture en inox.<\/p>\n<div>\n<table style=\"width: 100%\" border=\"1\" id=\"table_options\">\n<tbody>\n<tr>\n<th style=\"color: #fff\" bgcolor=\"#ea2833\">CODE<\/th>\n<th style=\"color: #fff\" bgcolor=\"#ea2833\">MODELE<\/th>\n<th style=\"color: #fff\" bgcolor=\"#ea2833\">L\/MIN &#8211; 1450 RPM<\/th>\n<th style=\"color: #fff\" bgcolor=\"#ea2833\">GPM &#8211; 1450 RPM<\/th>\n<th style=\"color: #fff\" bgcolor=\"#ea2833\">BAR<\/th>\n<th style=\"color: #fff\" bgcolor=\"#ea2833\">PSI<\/th>\n<th style=\"color: #fff\" bgcolor=\"#ea2833\">RPM 50 HZ<\/th>\n<th style=\"color: #fff\" bgcolor=\"#ea2833\">HP<\/th>\n<th style=\"color: #fff\" bgcolor=\"#ea2833\">KW<\/th>\n<th style=\"color: #fff\" bgcolor=\"#ea2833\">VOLT<\/th>\n<th style=\"color: #fff\" bgcolor=\"#ea2833\">Hz<\/th>\n<th style=\"color: #fff\" bgcolor=\"#ea2833\">PHASE<\/th>\n<th style=\"color: #fff\" bgcolor=\"#ea2833\">\u00c0 50 HZ<\/th>\n<th style=\"color: #fff\" bgcolor=\"#ea2833\">BUSE \u00c0 EAU<\/th>\n<th style=\"color: #fff\" bgcolor=\"#ea2833\">R\u00c9SERVOIR DE NETTOYAGE<\/th>\n<th style=\"color: #fff\" bgcolor=\"#ea2833\">R\u00c9SERVOIR DE NETTOYAGE (GAL)<\/th>\n<th style=\"color: #fff\" bgcolor=\"#ea2833\">MAX TEMP\u00c9RATURE DE SORTIE<\/th>\n<th style=\"color: #fff\" bgcolor=\"#ea2833\">MAX TEMP\u00c9RATURE DE SORTIE (F)<\/th>\n<\/tr>\n<tr>\n<td align=\"center !important\">3.023.14.493<\/td>\n<td align=\"center !important\">KX3005<\/td>\n<td align=\"center !important\">10<\/td>\n<td align=\"center !important\">2,64<\/td>\n<td align=\"center !important\">150<\/td>\n<td align=\"center !important\">2175<\/td>\n<td align=\"center !important\">1450<\/td>\n<td align=\"center !important\">3<\/td>\n<td align=\"center !important\">2,2<\/td>\n<td align=\"center !important\">230<\/td>\n<td align=\"center !important\">50<\/td>\n<td align=\"center !important\">1<\/td>\n<td align=\"center !important\">11,4<\/td>\n<td align=\"center !important\">1505<\/td>\n<td align=\"center !important\">5 L<\/td>\n<td align=\"center !important\">1,3 gal<\/td>\n<td align=\"center !important\">85\u00b0C<\/td>\n<td align=\"center !important\">185\u00b0F<\/td>\n<\/tr>\n<tr>\n<td align=\"center !important\">3.023.14.467<\/td>\n<td align=\"center !important\">KX4005<\/td>\n<td align=\"center !important\">15<\/td>\n<td align=\"center !important\">3,96<\/td>\n<td align=\"center !important\">200<\/td>\n<td align=\"center !important\">2901<\/td>\n<td align=\"center !important\">1450<\/td>\n<td align=\"center !important\">7,5<\/td>\n<td align=\"center !important\">5,5<\/td>\n<td align=\"center !important\">400<\/td>\n<td align=\"center !important\">50<\/td>\n<td align=\"center !important\">3<\/td>\n<td align=\"center !important\">11<\/td>\n<td align=\"center !important\">1505<\/td>\n<td align=\"center !important\">5 L<\/td>\n<td align=\"center !important\">1,3 gal<\/td>\n<td align=\"center !important\">85\u00b0C<\/td>\n<td align=\"center !important\">185\u00b0F<\/td>\n<\/tr>\n<tr>\n<td align=\"center !important\">3.023.14.419<\/td>\n<td align=\"center !important\">KX4055 HT TST<\/td>\n<td align=\"center !important\">21<\/td>\n<td align=\"center !important\">5,5<\/td>\n<td align=\"center !important\">150<\/td>\n<td align=\"center !important\">2900<\/td>\n<td align=\"center !important\">1450<\/td>\n<td align=\"center !important\">7,5<\/td>\n<td align=\"center !important\">5.5<\/td>\n<td align=\"center !important\">400<\/td>\n<td align=\"center !important\">50<\/td>\n<td align=\"center !important\">3<\/td>\n<td align=\"center !important\">11<\/td>\n<td align=\"center !important\">1508<\/td>\n<td align=\"center !important\">5 L<\/td>\n<td align=\"center !important\">1,3 gal<\/td>\n<td align=\"center !important\">85\u00b0C<\/td>\n<td align=\"center !important\">185\u00b0F<\/td>\n<\/tr>\n<\/tbody>\n<\/table>\n<\/div>\n","protected":false},"excerpt":{"rendered":"<p>Pour l\u2019utilisation quotidienne dans le nettoyage de b\u00e2timents, machines, v\u00e9hicules et appareils. Excellentes pour nettoyer la salet\u00e9 encrass\u00e9e et tenace, avec leur pression et leur d\u00e9bit, les nettoyeurs haute pression Mazzoni favorisent le lavage de grandes surfaces avec une consommation \u00e9lectrique r\u00e9duite. Utilisation recommand\u00e9e : Agriculture, artisans, industrie alimentaire, industrie m\u00e9tallurgique, organismes municipaux, transports, march\u00e9s, construction navale etc.<\/p>\n","protected":false},"featured_media":68779,"template":"","meta":{"zakra_page_container_layout":"customizer","zakra_page_sidebar_layout":"customizer","zakra_remove_content_margin":false,"zakra_sidebar":"customizer","zakra_transparent_header":"customizer","zakra_logo":0,"zakra_main_header_style":"default","zakra_menu_item_color":"","zakra_menu_item_hover_color":"","zakra_menu_item_active_color":"","zakra_menu_active_style":"","zakra_page_header":true},"product_brand":[],"product_cat":[3602],"product_tag":[3642,3658],"class_list":{"0":"post-54468","1":"product","2":"type-product","3":"status-publish","4":"has-post-thumbnail","6":"product_cat-nettoyeurs-haute-pression-a-froid","7":"product_tag-lavage_fr","8":"product_tag-station_de_lavage_fr","10":"first","11":"instock","12":"shipping-taxable","13":"product-type-simple"},"yoast_head":"<!-- This site is optimized with the Yoast SEO plugin v27.5 - https:\/\/yoast.com\/product\/yoast-seo-wordpress\/ -->\n<title>KX -VERSION HAUTE TEMP\u00c9RATURE - Mazzoni<\/title>\n<meta name=\"robots\" content=\"index, follow, max-snippet:-1, max-image-preview:large, max-video-preview:-1\" \/>\n<link rel=\"canonical\" href=\"https:\/\/e-mazzoni.it\/fr\/produit\/kx-version-haute-temperature\/\" \/>\n<meta property=\"og:locale\" content=\"fr_FR\" \/>\n<meta property=\"og:type\" content=\"article\" \/>\n<meta property=\"og:title\" content=\"KX -VERSION HAUTE TEMP\u00c9RATURE - Mazzoni\" \/>\n<meta property=\"og:description\" content=\"Pour l\u2019utilisation quotidienne dans le nettoyage de b\u00e2timents, machines, v\u00e9hicules et appareils. Excellentes pour nettoyer la salet\u00e9 encrass\u00e9e et tenace, avec leur pression et leur d\u00e9bit, les nettoyeurs haute pression Mazzoni favorisent le lavage de grandes surfaces avec une consommation \u00e9lectrique r\u00e9duite. Utilisation recommand\u00e9e : Agriculture, artisans, industrie alimentaire, industrie m\u00e9tallurgique, organismes municipaux, transports, march\u00e9s, construction navale etc.\" \/>\n<meta property=\"og:url\" content=\"https:\/\/e-mazzoni.it\/fr\/produit\/kx-version-haute-temperature\/\" \/>\n<meta property=\"og:site_name\" content=\"Mazzoni\" \/>\n<meta property=\"article:modified_time\" content=\"2026-03-27T04:59:26+00:00\" \/>\n<meta property=\"og:image\" content=\"https:\/\/e-mazzoni.it\/wp-content\/uploads\/2025\/11\/DOC4833734228.jpg\" \/>\n\t<meta property=\"og:image:width\" content=\"800\" \/>\n\t<meta property=\"og:image:height\" content=\"800\" \/>\n\t<meta property=\"og:image:type\" content=\"image\/jpeg\" \/>\n<meta name=\"twitter:card\" content=\"summary_large_image\" \/>\n<!-- \/ Yoast SEO plugin. -->","yoast_head_json":{"title":"KX -VERSION HAUTE TEMP\u00c9RATURE - Mazzoni","robots":{"index":"index","follow":"follow","max-snippet":"max-snippet:-1","max-image-preview":"max-image-preview:large","max-video-preview":"max-video-preview:-1"},"canonical":"https:\/\/e-mazzoni.it\/fr\/produit\/kx-version-haute-temperature\/","og_locale":"fr_FR","og_type":"article","og_title":"KX -VERSION HAUTE TEMP\u00c9RATURE - Mazzoni","og_description":"Pour l\u2019utilisation quotidienne dans le nettoyage de b\u00e2timents, machines, v\u00e9hicules et appareils. Excellentes pour nettoyer la salet\u00e9 encrass\u00e9e et tenace, avec leur pression et leur d\u00e9bit, les nettoyeurs haute pression Mazzoni favorisent le lavage de grandes surfaces avec une consommation \u00e9lectrique r\u00e9duite. Utilisation recommand\u00e9e : Agriculture, artisans, industrie alimentaire, industrie m\u00e9tallurgique, organismes municipaux, transports, march\u00e9s, construction navale etc.","og_url":"https:\/\/e-mazzoni.it\/fr\/produit\/kx-version-haute-temperature\/","og_site_name":"Mazzoni","article_modified_time":"2026-03-27T04:59:26+00:00","og_image":[{"width":800,"height":800,"url":"https:\/\/e-mazzoni.it\/wp-content\/uploads\/2025\/11\/DOC4833734228.jpg","type":"image\/jpeg"}],"twitter_card":"summary_large_image","schema":{"@context":"https:\/\/schema.org","@graph":[{"@type":"WebPage","@id":"https:\/\/e-mazzoni.it\/fr\/produit\/kx-version-haute-temperature\/","url":"https:\/\/e-mazzoni.it\/fr\/produit\/kx-version-haute-temperature\/","name":"KX -VERSION HAUTE TEMP\u00c9RATURE - Mazzoni","isPartOf":{"@id":"https:\/\/e-mazzoni.it\/fr\/#website"},"primaryImageOfPage":{"@id":"https:\/\/e-mazzoni.it\/fr\/produit\/kx-version-haute-temperature\/#primaryimage"},"image":{"@id":"https:\/\/e-mazzoni.it\/fr\/produit\/kx-version-haute-temperature\/#primaryimage"},"thumbnailUrl":"https:\/\/e-mazzoni.it\/wp-content\/uploads\/2026\/04\/DOC6847960122.jpg","datePublished":"2025-02-12T01:08:23+00:00","dateModified":"2026-03-27T04:59:26+00:00","breadcrumb":{"@id":"https:\/\/e-mazzoni.it\/fr\/produit\/kx-version-haute-temperature\/#breadcrumb"},"inLanguage":"fr-FR","potentialAction":[{"@type":"ReadAction","target":["https:\/\/e-mazzoni.it\/fr\/produit\/kx-version-haute-temperature\/"]}]},{"@type":"ImageObject","inLanguage":"fr-FR","@id":"https:\/\/e-mazzoni.it\/fr\/produit\/kx-version-haute-temperature\/#primaryimage","url":"https:\/\/e-mazzoni.it\/wp-content\/uploads\/2026\/04\/DOC6847960122.jpg","contentUrl":"https:\/\/e-mazzoni.it\/wp-content\/uploads\/2026\/04\/DOC6847960122.jpg","width":800,"height":800},{"@type":"BreadcrumbList","@id":"https:\/\/e-mazzoni.it\/fr\/produit\/kx-version-haute-temperature\/#breadcrumb","itemListElement":[{"@type":"ListItem","position":1,"name":"Home","item":"https:\/\/e-mazzoni.it\/fr\/"},{"@type":"ListItem","position":2,"name":"Produits","item":"https:\/\/e-mazzoni.it\/fr\/produits\/"},{"@type":"ListItem","position":3,"name":"KX -VERSION HAUTE TEMP\u00c9RATURE"}]},{"@type":"WebSite","@id":"https:\/\/e-mazzoni.it\/fr\/#website","url":"https:\/\/e-mazzoni.it\/fr\/","name":"Mazzoni","description":"Mazzoni","publisher":{"@id":"https:\/\/e-mazzoni.it\/fr\/#organization"},"potentialAction":[{"@type":"SearchAction","target":{"@type":"EntryPoint","urlTemplate":"https:\/\/e-mazzoni.it\/fr\/?s={search_term_string}"},"query-input":{"@type":"PropertyValueSpecification","valueRequired":true,"valueName":"search_term_string"}}],"inLanguage":"fr-FR"},{"@type":"Organization","@id":"https:\/\/e-mazzoni.it\/fr\/#organization","name":"Mazzoni","url":"https:\/\/e-mazzoni.it\/fr\/","logo":{"@type":"ImageObject","inLanguage":"fr-FR","@id":"https:\/\/e-mazzoni.it\/fr\/#\/schema\/logo\/image\/","url":"https:\/\/e-mazzoni.it\/wp-content\/uploads\/2023\/07\/logo.png","contentUrl":"https:\/\/e-mazzoni.it\/wp-content\/uploads\/2023\/07\/logo.png","width":250,"height":109,"caption":"Mazzoni"},"image":{"@id":"https:\/\/e-mazzoni.it\/fr\/#\/schema\/logo\/image\/"}}]}},"_links":{"self":[{"href":"https:\/\/e-mazzoni.it\/fr\/wp-json\/wp\/v2\/product\/54468","targetHints":{"allow":["GET"]}}],"collection":[{"href":"https:\/\/e-mazzoni.it\/fr\/wp-json\/wp\/v2\/product"}],"about":[{"href":"https:\/\/e-mazzoni.it\/fr\/wp-json\/wp\/v2\/types\/product"}],"wp:featuredmedia":[{"embeddable":true,"href":"https:\/\/e-mazzoni.it\/fr\/wp-json\/wp\/v2\/media\/68779"}],"wp:attachment":[{"href":"https:\/\/e-mazzoni.it\/fr\/wp-json\/wp\/v2\/media?parent=54468"}],"wp:term":[{"taxonomy":"product_brand","embeddable":true,"href":"https:\/\/e-mazzoni.it\/fr\/wp-json\/wp\/v2\/product_brand?post=54468"},{"taxonomy":"product_cat","embeddable":true,"href":"https:\/\/e-mazzoni.it\/fr\/wp-json\/wp\/v2\/product_cat?post=54468"},{"taxonomy":"product_tag","embeddable":true,"href":"https:\/\/e-mazzoni.it\/fr\/wp-json\/wp\/v2\/product_tag?post=54468"}],"curies":[{"name":"wp","href":"https:\/\/api.w.org\/{rel}","templated":true}]}}