{"id":50984,"date":"2024-10-15T06:46:55","date_gmt":"2024-10-15T06:46:55","guid":{"rendered":"https:\/\/e-mazzoni.it\/prodotto\/trois-resistances\/"},"modified":"2026-05-02T02:13:31","modified_gmt":"2026-05-02T02:13:31","slug":"trois-resistances","status":"publish","type":"product","link":"https:\/\/e-mazzoni.it\/fr\/produit\/trois-resistances\/","title":{"rendered":"TROIS R\u00c9SISTANCES"},"content":{"rendered":"<p>Chaudi\u00e8re \u00e9lectrique Mazzoni 12 L\/MIN 400 V Temp\u00e9rature Max. 85\u00b0C Puissance 24 kW<\/p>\n<div>\n<table style=\"width: 100%\" border=\"1\" id=\"table_options\">\n<tbody>\n<tr>\n<th style=\"color: #fff\" bgcolor=\"#ea2833\">CODE<\/th>\n<th style=\"color: #fff\" bgcolor=\"#ea2833\">L\/MIN &#8211; 1450 RPM<\/th>\n<th style=\"color: #fff\" bgcolor=\"#ea2833\">GPM &#8211; 1450 RPM<\/th>\n<th style=\"color: #fff\" bgcolor=\"#ea2833\">BAR<\/th>\n<th style=\"color: #fff\" bgcolor=\"#ea2833\">PSI<\/th>\n<th style=\"color: #fff\" bgcolor=\"#ea2833\">VOLT<\/th>\n<th style=\"color: #fff\" bgcolor=\"#ea2833\">Hz<\/th>\n<th style=\"color: #fff\" bgcolor=\"#ea2833\">\u00c0 50 HZ<\/th>\n<th style=\"color: #fff\" bgcolor=\"#ea2833\">KW<\/th>\n<th style=\"color: #fff\" bgcolor=\"#ea2833\">MAX TEMP\u00c9RATURE DE SORTIE<\/th>\n<th style=\"color: #fff\" bgcolor=\"#ea2833\">MAX TEMP\u00c9RATURE DE SORTIE (F)<\/th>\n<th style=\"color: #fff\" bgcolor=\"#ea2833\">INLET<\/th>\n<th style=\"color: #fff\" bgcolor=\"#ea2833\">OUTLET<\/th>\n<th style=\"color: #fff\" bgcolor=\"#ea2833\">MIN PRESSION ENTR\u00c9E (BAR)<\/th>\n<th style=\"color: #fff\" bgcolor=\"#ea2833\">MIN PRESSION ENTR\u00c9E (PSI)<\/th>\n<th style=\"color: #fff\" bgcolor=\"#ea2833\">POIDS NET (KG)<\/th>\n<th style=\"color: #fff\" bgcolor=\"#ea2833\">POIDS NET (LBS)<\/th>\n<\/tr>\n<tr>\n<td align=\"center !important\">3.026.04.087<\/td>\n<td align=\"center !important\">12<\/td>\n<td align=\"center !important\">3.17<\/td>\n<td align=\"center !important\"><\/td>\n<td align=\"center !important\"><\/td>\n<td align=\"center !important\">400<\/td>\n<td align=\"center !important\">50<\/td>\n<td align=\"center !important\">37<\/td>\n<td align=\"center !important\">25.5<\/td>\n<td align=\"center !important\">85\u00b0C<\/td>\n<td align=\"center !important\">185\u00b0F<\/td>\n<td align=\"center !important\">G 3\/4&#8243;<\/td>\n<td align=\"center !important\">G 1\/2&#8243;<\/td>\n<td align=\"center !important\">1<\/td>\n<td align=\"center !important\">14.5<\/td>\n<td align=\"center !important\">32<\/td>\n<td align=\"center !important\">70.5<\/td>\n<\/tr>\n<\/tbody>\n<\/table>\n<\/div>\n","protected":false},"excerpt":{"rendered":"<p>Chauffage maximal et niveau minimal d\u2019\u00e9missions de polluants d\u2019oxyde d\u2019azote dans l\u2019environnement. Les chaudi\u00e8res Mazzoni sont synonymes de s\u00e9curit\u00e9 et de qualit\u00e9, garanties par des mat\u00e9riaux de premier choix et un dimensionnement con\u00e7u pour obtenir le rendement calorifique maximal, avec un \u0153il attentif aux \u00e9conomies d\u2019\u00e9nergie et aux nouvelles r\u00e9glementations environnementales et de s\u00e9curit\u00e9. \u00a0<\/p>\n","protected":false},"featured_media":67899,"template":"","meta":{"zakra_page_container_layout":"customizer","zakra_page_sidebar_layout":"customizer","zakra_remove_content_margin":false,"zakra_sidebar":"customizer","zakra_transparent_header":"customizer","zakra_logo":0,"zakra_main_header_style":"default","zakra_menu_item_color":"","zakra_menu_item_hover_color":"","zakra_menu_item_active_color":"","zakra_menu_active_style":"","zakra_page_header":true},"product_brand":[],"product_cat":[3714],"product_tag":[3650,3666,3698,3682,3706,3642,3658],"class_list":{"0":"post-50984","1":"product","2":"type-product","3":"status-publish","4":"has-post-thumbnail","6":"product_cat-chaudieres-electriques","7":"product_tag-agriculture_fr","8":"product_tag-alimentaire_fr","9":"product_tag-chantier_fr","10":"product_tag-construction_fr","11":"product_tag-industrie_lourde_fr","12":"product_tag-lavage_fr","13":"product_tag-station_de_lavage_fr","15":"first","16":"instock","17":"shipping-taxable","18":"product-type-simple"},"yoast_head":"<!-- This site is optimized with the Yoast SEO plugin v27.5 - https:\/\/yoast.com\/product\/yoast-seo-wordpress\/ -->\n<title>TROIS R\u00c9SISTANCES - Mazzoni<\/title>\n<meta name=\"robots\" content=\"index, follow, max-snippet:-1, max-image-preview:large, max-video-preview:-1\" \/>\n<link rel=\"canonical\" href=\"https:\/\/e-mazzoni.it\/fr\/produit\/trois-resistances\/\" \/>\n<meta property=\"og:locale\" content=\"fr_FR\" \/>\n<meta property=\"og:type\" content=\"article\" \/>\n<meta property=\"og:title\" content=\"TROIS R\u00c9SISTANCES - Mazzoni\" \/>\n<meta property=\"og:description\" content=\"Chauffage maximal et niveau minimal d\u2019\u00e9missions de polluants d\u2019oxyde d\u2019azote dans l\u2019environnement. Les chaudi\u00e8res Mazzoni sont synonymes de s\u00e9curit\u00e9 et de qualit\u00e9, garanties par des mat\u00e9riaux de premier choix et un dimensionnement con\u00e7u pour obtenir le rendement calorifique maximal, avec un \u0153il attentif aux \u00e9conomies d\u2019\u00e9nergie et aux nouvelles r\u00e9glementations environnementales et de s\u00e9curit\u00e9. \u00a0\" \/>\n<meta property=\"og:url\" content=\"https:\/\/e-mazzoni.it\/fr\/produit\/trois-resistances\/\" \/>\n<meta property=\"og:site_name\" content=\"Mazzoni\" \/>\n<meta property=\"article:modified_time\" content=\"2026-05-02T02:13:31+00:00\" \/>\n<meta property=\"og:image\" content=\"https:\/\/e-mazzoni.it\/wp-content\/uploads\/2026\/04\/DOC1363251038.jpg\" \/>\n\t<meta property=\"og:image:width\" content=\"1440\" \/>\n\t<meta property=\"og:image:height\" content=\"1080\" \/>\n\t<meta property=\"og:image:type\" content=\"image\/jpeg\" \/>\n<meta name=\"twitter:card\" content=\"summary_large_image\" \/>\n<!-- \/ Yoast SEO plugin. -->","yoast_head_json":{"title":"TROIS R\u00c9SISTANCES - Mazzoni","robots":{"index":"index","follow":"follow","max-snippet":"max-snippet:-1","max-image-preview":"max-image-preview:large","max-video-preview":"max-video-preview:-1"},"canonical":"https:\/\/e-mazzoni.it\/fr\/produit\/trois-resistances\/","og_locale":"fr_FR","og_type":"article","og_title":"TROIS R\u00c9SISTANCES - Mazzoni","og_description":"Chauffage maximal et niveau minimal d\u2019\u00e9missions de polluants d\u2019oxyde d\u2019azote dans l\u2019environnement. Les chaudi\u00e8res Mazzoni sont synonymes de s\u00e9curit\u00e9 et de qualit\u00e9, garanties par des mat\u00e9riaux de premier choix et un dimensionnement con\u00e7u pour obtenir le rendement calorifique maximal, avec un \u0153il attentif aux \u00e9conomies d\u2019\u00e9nergie et aux nouvelles r\u00e9glementations environnementales et de s\u00e9curit\u00e9. \u00a0","og_url":"https:\/\/e-mazzoni.it\/fr\/produit\/trois-resistances\/","og_site_name":"Mazzoni","article_modified_time":"2026-05-02T02:13:31+00:00","og_image":[{"width":1440,"height":1080,"url":"https:\/\/e-mazzoni.it\/wp-content\/uploads\/2026\/04\/DOC1363251038.jpg","type":"image\/jpeg"}],"twitter_card":"summary_large_image","schema":{"@context":"https:\/\/schema.org","@graph":[{"@type":"WebPage","@id":"https:\/\/e-mazzoni.it\/fr\/produit\/trois-resistances\/","url":"https:\/\/e-mazzoni.it\/fr\/produit\/trois-resistances\/","name":"TROIS R\u00c9SISTANCES - Mazzoni","isPartOf":{"@id":"https:\/\/e-mazzoni.it\/fr\/#website"},"primaryImageOfPage":{"@id":"https:\/\/e-mazzoni.it\/fr\/produit\/trois-resistances\/#primaryimage"},"image":{"@id":"https:\/\/e-mazzoni.it\/fr\/produit\/trois-resistances\/#primaryimage"},"thumbnailUrl":"https:\/\/e-mazzoni.it\/wp-content\/uploads\/2026\/04\/DOC1363251038.jpg","datePublished":"2024-10-15T06:46:55+00:00","dateModified":"2026-05-02T02:13:31+00:00","breadcrumb":{"@id":"https:\/\/e-mazzoni.it\/fr\/produit\/trois-resistances\/#breadcrumb"},"inLanguage":"fr-FR","potentialAction":[{"@type":"ReadAction","target":["https:\/\/e-mazzoni.it\/fr\/produit\/trois-resistances\/"]}]},{"@type":"ImageObject","inLanguage":"fr-FR","@id":"https:\/\/e-mazzoni.it\/fr\/produit\/trois-resistances\/#primaryimage","url":"https:\/\/e-mazzoni.it\/wp-content\/uploads\/2026\/04\/DOC1363251038.jpg","contentUrl":"https:\/\/e-mazzoni.it\/wp-content\/uploads\/2026\/04\/DOC1363251038.jpg","width":1440,"height":1080},{"@type":"BreadcrumbList","@id":"https:\/\/e-mazzoni.it\/fr\/produit\/trois-resistances\/#breadcrumb","itemListElement":[{"@type":"ListItem","position":1,"name":"Home","item":"https:\/\/e-mazzoni.it\/fr\/"},{"@type":"ListItem","position":2,"name":"Produits","item":"https:\/\/e-mazzoni.it\/fr\/produits\/"},{"@type":"ListItem","position":3,"name":"TROIS R\u00c9SISTANCES"}]},{"@type":"WebSite","@id":"https:\/\/e-mazzoni.it\/fr\/#website","url":"https:\/\/e-mazzoni.it\/fr\/","name":"Mazzoni","description":"Mazzoni","publisher":{"@id":"https:\/\/e-mazzoni.it\/fr\/#organization"},"potentialAction":[{"@type":"SearchAction","target":{"@type":"EntryPoint","urlTemplate":"https:\/\/e-mazzoni.it\/fr\/?s={search_term_string}"},"query-input":{"@type":"PropertyValueSpecification","valueRequired":true,"valueName":"search_term_string"}}],"inLanguage":"fr-FR"},{"@type":"Organization","@id":"https:\/\/e-mazzoni.it\/fr\/#organization","name":"Mazzoni","url":"https:\/\/e-mazzoni.it\/fr\/","logo":{"@type":"ImageObject","inLanguage":"fr-FR","@id":"https:\/\/e-mazzoni.it\/fr\/#\/schema\/logo\/image\/","url":"https:\/\/e-mazzoni.it\/wp-content\/uploads\/2023\/07\/logo.png","contentUrl":"https:\/\/e-mazzoni.it\/wp-content\/uploads\/2023\/07\/logo.png","width":250,"height":109,"caption":"Mazzoni"},"image":{"@id":"https:\/\/e-mazzoni.it\/fr\/#\/schema\/logo\/image\/"}}]}},"_links":{"self":[{"href":"https:\/\/e-mazzoni.it\/fr\/wp-json\/wp\/v2\/product\/50984","targetHints":{"allow":["GET"]}}],"collection":[{"href":"https:\/\/e-mazzoni.it\/fr\/wp-json\/wp\/v2\/product"}],"about":[{"href":"https:\/\/e-mazzoni.it\/fr\/wp-json\/wp\/v2\/types\/product"}],"wp:featuredmedia":[{"embeddable":true,"href":"https:\/\/e-mazzoni.it\/fr\/wp-json\/wp\/v2\/media\/67899"}],"wp:attachment":[{"href":"https:\/\/e-mazzoni.it\/fr\/wp-json\/wp\/v2\/media?parent=50984"}],"wp:term":[{"taxonomy":"product_brand","embeddable":true,"href":"https:\/\/e-mazzoni.it\/fr\/wp-json\/wp\/v2\/product_brand?post=50984"},{"taxonomy":"product_cat","embeddable":true,"href":"https:\/\/e-mazzoni.it\/fr\/wp-json\/wp\/v2\/product_cat?post=50984"},{"taxonomy":"product_tag","embeddable":true,"href":"https:\/\/e-mazzoni.it\/fr\/wp-json\/wp\/v2\/product_tag?post=50984"}],"curies":[{"name":"wp","href":"https:\/\/api.w.org\/{rel}","templated":true}]}}