{"id":32864,"date":"2024-10-15T06:58:52","date_gmt":"2024-10-15T06:58:52","guid":{"rendered":"https:\/\/e-mazzoni.it\/prodotto\/outils-de-maintenance-des-pompes\/"},"modified":"2026-04-27T03:16:49","modified_gmt":"2026-04-27T03:16:49","slug":"outils-de-maintenance-des-pompes","status":"publish","type":"product","link":"https:\/\/e-mazzoni.it\/fr\/produit\/outils-de-maintenance-des-pompes\/","title":{"rendered":"OUTILS DE MAINTENANCE DES POMPES"},"content":{"rendered":"<div>\n<table style=\"width: 100%\" border=\"1\" id=\"table_options\">\n<tbody>\n<tr>\n<th style=\"color: #fff\" bgcolor=\"#ea2833\">CODE<\/th>\n<th style=\"color: #fff\" bgcolor=\"#ea2833\">MODELE<\/th>\n<\/tr>\n<tr>\n<td>P3.200.001<\/td>\n<td>TAMPON DE JOINT PISTON \u00f818 POMPE PM-PMD<\/td>\n<\/tr>\n<tr>\n<td>P3.200.003<\/td>\n<td>TAMPON JOINT PISTON D.20-22 POMPE GM<\/td>\n<\/tr>\n<tr>\n<td>P3.200.004<\/td>\n<td>TAMPON DE JOINT PISTON \u00f825- 28  POMPE GM<\/td>\n<\/tr>\n<tr>\n<td>P3.200.005<\/td>\n<td>TAMPON DE JOINT PISTON \u00f816 PUMPE XM<\/td>\n<\/tr>\n<tr>\n<td>1.061.02.001<\/td>\n<td>MARTEAU \u00e0 INERTIE POUR LES JOINTS D&#8217;EAU<\/td>\n<\/tr>\n<tr>\n<td>1.038.02.002<\/td>\n<td>20-30 PINCES POMPE DE PRESSION D&#8217;EXTRATION JOINT D&#8217;EAU (MMD\/GM\/LM)<\/td>\n<\/tr>\n<tr>\n<td>1.038.02.001<\/td>\n<td>14-20 PINCES POMPE DE PRESSION D&#8217;EXTRATION JOINTS D&#8217;EAU (PMD\/MMD\/XM\/LMX)<\/td>\n<\/tr>\n<tr>\n<td>P3.201.001<\/td>\n<td>EXTRACTEUR ANNEAU D\u2019\u00c9TANCH\u00c9IT\u00c9 CORTECO POMPE PM-MM<\/td>\n<\/tr>\n<tr>\n<td>P3.201.002<\/td>\n<td>Extracteur d\u2019anneau d\u2019\u00e9tanch\u00e9it\u00e9 Corteco pour pompe GM-XM<\/td>\n<\/tr>\n<tr>\n<td>P3.200.008<\/td>\n<td>TAMPON POUR L\u2019INSERTION DE LA BAGUE D\u2019\u00c9TANCH\u00c9IT\u00c9 D\u2019HUILE D.20 PM PMD MMD<\/td>\n<\/tr>\n<tr>\n<td>P3.200.009<\/td>\n<td>\nTAMPON D\u2019INSERTION DE BAGUE D\u2019\u00c9TANCH\u00c9IT\u00c9 \u00c0 L\u2019HUILE GM &#8211; XM<\/td>\n<\/tr>\n<tr>\n<td>P3.201.003<\/td>\n<td>EXTRACTEUR VAM XM-1<\/td>\n<\/tr>\n<tr>\n<td>9.034.02.001<\/td>\n<td>LUBRIFICANTE OLIO MOBIL DTE HY MED CONF.DA LITRO<\/td>\n<\/tr>\n<tr>\n<td>9.034.02.002<\/td>\n<td>HUILE POMPE SAE 15 W 40 *1 L*<\/td>\n<\/tr>\n<tr>\n<td>9.034.02.003<\/td>\n<td>OLIO RIDUTTORE PA *1LT*<\/td>\n<\/tr>\n<\/tbody>\n<\/table>\n<\/div>\n","protected":false},"excerpt":{"rendered":"<p>CODE MODELE P3.200.001 TAMPON DE JOINT PISTON \u00f818 POMPE PM-PMD P3.200.003 TAMPON JOINT PISTON D.20-22 POMPE GM P3.200.004 TAMPON DE JOINT PISTON \u00f825- 28 POMPE GM P3.200.005 TAMPON DE JOINT PISTON \u00f816 PUMPE XM 1.061.02.001 MARTEAU \u00e0 INERTIE POUR LES JOINTS D&#8217;EAU 1.038.02.002 20-30 PINCES POMPE DE PRESSION D&#8217;EXTRATION JOINT D&#8217;EAU (MMD\/GM\/LM) 1.038.02.001 14-20 PINCES [&hellip;]<\/p>\n","protected":false},"featured_media":68729,"template":"","meta":{"zakra_page_container_layout":"customizer","zakra_page_sidebar_layout":"customizer","zakra_remove_content_margin":false,"zakra_sidebar":"customizer","zakra_transparent_header":"customizer","zakra_logo":0,"zakra_main_header_style":"default","zakra_menu_item_color":"","zakra_menu_item_hover_color":"","zakra_menu_item_active_color":"","zakra_menu_active_style":"","zakra_page_header":true},"product_brand":[],"product_cat":[3754],"product_tag":[],"class_list":{"0":"post-32864","1":"product","2":"type-product","3":"status-publish","4":"has-post-thumbnail","6":"product_cat-pieces-de-rechange-pompes","8":"first","9":"instock","10":"shipping-taxable","11":"product-type-simple"},"yoast_head":"<!-- This site is optimized with the Yoast SEO plugin v27.5 - https:\/\/yoast.com\/product\/yoast-seo-wordpress\/ -->\n<title>OUTILS DE MAINTENANCE DES POMPES - Mazzoni<\/title>\n<meta name=\"robots\" content=\"index, follow, max-snippet:-1, max-image-preview:large, max-video-preview:-1\" \/>\n<link rel=\"canonical\" href=\"https:\/\/e-mazzoni.it\/fr\/produit\/outils-de-maintenance-des-pompes\/\" \/>\n<meta property=\"og:locale\" content=\"fr_FR\" \/>\n<meta property=\"og:type\" content=\"article\" \/>\n<meta property=\"og:title\" content=\"OUTILS DE MAINTENANCE DES POMPES - Mazzoni\" \/>\n<meta property=\"og:description\" content=\"CODE MODELE P3.200.001 TAMPON DE JOINT PISTON \u00f818 POMPE PM-PMD P3.200.003 TAMPON JOINT PISTON D.20-22 POMPE GM P3.200.004 TAMPON DE JOINT PISTON \u00f825- 28 POMPE GM P3.200.005 TAMPON DE JOINT PISTON \u00f816 PUMPE XM 1.061.02.001 MARTEAU \u00e0 INERTIE POUR LES JOINTS D&#8217;EAU 1.038.02.002 20-30 PINCES POMPE DE PRESSION D&#8217;EXTRATION JOINT D&#8217;EAU (MMD\/GM\/LM) 1.038.02.001 14-20 PINCES [&hellip;]\" \/>\n<meta property=\"og:url\" content=\"https:\/\/e-mazzoni.it\/fr\/produit\/outils-de-maintenance-des-pompes\/\" \/>\n<meta property=\"og:site_name\" content=\"Mazzoni\" \/>\n<meta property=\"article:modified_time\" content=\"2026-04-27T03:16:49+00:00\" \/>\n<meta property=\"og:image\" content=\"https:\/\/e-mazzoni.it\/wp-content\/uploads\/2026\/04\/DOC6641664328.jpg\" \/>\n\t<meta property=\"og:image:width\" content=\"492\" \/>\n\t<meta property=\"og:image:height\" content=\"188\" \/>\n\t<meta property=\"og:image:type\" content=\"image\/jpeg\" \/>\n<meta name=\"twitter:card\" content=\"summary_large_image\" \/>\n<meta name=\"twitter:label1\" content=\"Dur\u00e9e de lecture estim\u00e9e\" \/>\n\t<meta name=\"twitter:data1\" content=\"1 minute\" \/>\n<!-- \/ Yoast SEO plugin. -->","yoast_head_json":{"title":"OUTILS DE MAINTENANCE DES POMPES - Mazzoni","robots":{"index":"index","follow":"follow","max-snippet":"max-snippet:-1","max-image-preview":"max-image-preview:large","max-video-preview":"max-video-preview:-1"},"canonical":"https:\/\/e-mazzoni.it\/fr\/produit\/outils-de-maintenance-des-pompes\/","og_locale":"fr_FR","og_type":"article","og_title":"OUTILS DE MAINTENANCE DES POMPES - Mazzoni","og_description":"CODE MODELE P3.200.001 TAMPON DE JOINT PISTON \u00f818 POMPE PM-PMD P3.200.003 TAMPON JOINT PISTON D.20-22 POMPE GM P3.200.004 TAMPON DE JOINT PISTON \u00f825- 28 POMPE GM P3.200.005 TAMPON DE JOINT PISTON \u00f816 PUMPE XM 1.061.02.001 MARTEAU \u00e0 INERTIE POUR LES JOINTS D&#8217;EAU 1.038.02.002 20-30 PINCES POMPE DE PRESSION D&#8217;EXTRATION JOINT D&#8217;EAU (MMD\/GM\/LM) 1.038.02.001 14-20 PINCES [&hellip;]","og_url":"https:\/\/e-mazzoni.it\/fr\/produit\/outils-de-maintenance-des-pompes\/","og_site_name":"Mazzoni","article_modified_time":"2026-04-27T03:16:49+00:00","og_image":[{"width":492,"height":188,"url":"https:\/\/e-mazzoni.it\/wp-content\/uploads\/2026\/04\/DOC6641664328.jpg","type":"image\/jpeg"}],"twitter_card":"summary_large_image","twitter_misc":{"Dur\u00e9e de lecture estim\u00e9e":"1 minute"},"schema":{"@context":"https:\/\/schema.org","@graph":[{"@type":"WebPage","@id":"https:\/\/e-mazzoni.it\/fr\/produit\/outils-de-maintenance-des-pompes\/","url":"https:\/\/e-mazzoni.it\/fr\/produit\/outils-de-maintenance-des-pompes\/","name":"OUTILS DE MAINTENANCE DES POMPES - Mazzoni","isPartOf":{"@id":"https:\/\/e-mazzoni.it\/fr\/#website"},"primaryImageOfPage":{"@id":"https:\/\/e-mazzoni.it\/fr\/produit\/outils-de-maintenance-des-pompes\/#primaryimage"},"image":{"@id":"https:\/\/e-mazzoni.it\/fr\/produit\/outils-de-maintenance-des-pompes\/#primaryimage"},"thumbnailUrl":"https:\/\/e-mazzoni.it\/wp-content\/uploads\/2026\/04\/DOC6641664328.jpg","datePublished":"2024-10-15T06:58:52+00:00","dateModified":"2026-04-27T03:16:49+00:00","breadcrumb":{"@id":"https:\/\/e-mazzoni.it\/fr\/produit\/outils-de-maintenance-des-pompes\/#breadcrumb"},"inLanguage":"fr-FR","potentialAction":[{"@type":"ReadAction","target":["https:\/\/e-mazzoni.it\/fr\/produit\/outils-de-maintenance-des-pompes\/"]}]},{"@type":"ImageObject","inLanguage":"fr-FR","@id":"https:\/\/e-mazzoni.it\/fr\/produit\/outils-de-maintenance-des-pompes\/#primaryimage","url":"https:\/\/e-mazzoni.it\/wp-content\/uploads\/2026\/04\/DOC6641664328.jpg","contentUrl":"https:\/\/e-mazzoni.it\/wp-content\/uploads\/2026\/04\/DOC6641664328.jpg","width":492,"height":188},{"@type":"BreadcrumbList","@id":"https:\/\/e-mazzoni.it\/fr\/produit\/outils-de-maintenance-des-pompes\/#breadcrumb","itemListElement":[{"@type":"ListItem","position":1,"name":"Home","item":"https:\/\/e-mazzoni.it\/fr\/"},{"@type":"ListItem","position":2,"name":"Produits","item":"https:\/\/e-mazzoni.it\/fr\/produits\/"},{"@type":"ListItem","position":3,"name":"OUTILS DE MAINTENANCE DES POMPES"}]},{"@type":"WebSite","@id":"https:\/\/e-mazzoni.it\/fr\/#website","url":"https:\/\/e-mazzoni.it\/fr\/","name":"Mazzoni","description":"Mazzoni","publisher":{"@id":"https:\/\/e-mazzoni.it\/fr\/#organization"},"potentialAction":[{"@type":"SearchAction","target":{"@type":"EntryPoint","urlTemplate":"https:\/\/e-mazzoni.it\/fr\/?s={search_term_string}"},"query-input":{"@type":"PropertyValueSpecification","valueRequired":true,"valueName":"search_term_string"}}],"inLanguage":"fr-FR"},{"@type":"Organization","@id":"https:\/\/e-mazzoni.it\/fr\/#organization","name":"Mazzoni","url":"https:\/\/e-mazzoni.it\/fr\/","logo":{"@type":"ImageObject","inLanguage":"fr-FR","@id":"https:\/\/e-mazzoni.it\/fr\/#\/schema\/logo\/image\/","url":"https:\/\/e-mazzoni.it\/wp-content\/uploads\/2023\/07\/logo.png","contentUrl":"https:\/\/e-mazzoni.it\/wp-content\/uploads\/2023\/07\/logo.png","width":250,"height":109,"caption":"Mazzoni"},"image":{"@id":"https:\/\/e-mazzoni.it\/fr\/#\/schema\/logo\/image\/"}}]}},"_links":{"self":[{"href":"https:\/\/e-mazzoni.it\/fr\/wp-json\/wp\/v2\/product\/32864","targetHints":{"allow":["GET"]}}],"collection":[{"href":"https:\/\/e-mazzoni.it\/fr\/wp-json\/wp\/v2\/product"}],"about":[{"href":"https:\/\/e-mazzoni.it\/fr\/wp-json\/wp\/v2\/types\/product"}],"wp:featuredmedia":[{"embeddable":true,"href":"https:\/\/e-mazzoni.it\/fr\/wp-json\/wp\/v2\/media\/68729"}],"wp:attachment":[{"href":"https:\/\/e-mazzoni.it\/fr\/wp-json\/wp\/v2\/media?parent=32864"}],"wp:term":[{"taxonomy":"product_brand","embeddable":true,"href":"https:\/\/e-mazzoni.it\/fr\/wp-json\/wp\/v2\/product_brand?post=32864"},{"taxonomy":"product_cat","embeddable":true,"href":"https:\/\/e-mazzoni.it\/fr\/wp-json\/wp\/v2\/product_cat?post=32864"},{"taxonomy":"product_tag","embeddable":true,"href":"https:\/\/e-mazzoni.it\/fr\/wp-json\/wp\/v2\/product_tag?post=32864"}],"curies":[{"name":"wp","href":"https:\/\/api.w.org\/{rel}","templated":true}]}}