{"id":32776,"date":"2024-10-15T06:58:39","date_gmt":"2024-10-15T06:58:39","guid":{"rendered":"https:\/\/e-mazzoni.it\/prodotto\/kit-de-tete-complete\/"},"modified":"2026-04-27T03:15:21","modified_gmt":"2026-04-27T03:15:21","slug":"kit-de-tete-complete","status":"publish","type":"product","link":"https:\/\/e-mazzoni.it\/fr\/produit\/kit-de-tete-complete\/","title":{"rendered":"KIT DE T\u00caTE COMPL\u00c8TE"},"content":{"rendered":"<div>\n<table style=\"width: 100%\" border=\"1\" id=\"table_options\">\n<tbody>\n<tr>\n<th style=\"color: #fff\" bgcolor=\"#ea2833\">CODE<\/th>\n<th style=\"color: #fff\" bgcolor=\"#ea2833\">MODELE<\/th>\n<\/tr>\n<tr>\n<td>P9.040.002<\/td>\n<td>T\u00eate pleine PISTON POMPE \u00f818 PM<\/td>\n<\/tr>\n<tr>\n<td>P9.040.013<\/td>\n<td>KIT TETE COMPL\u00e8TE  D.18  POMPE PM CARWASH D.18<\/td>\n<\/tr>\n<tr>\n<td>P9.040.034<\/td>\n<td>TESTATA COMPLETA PISTONE \u00f814 POMPA PM &#8211; EDM<\/td>\n<\/tr>\n<tr>\n<td>P9.040.015<\/td>\n<td>KIT TETE COMPL\u00e8TE  D.18 POMPE TPM HT<\/td>\n<\/tr>\n<tr>\n<td>P9.040.017<\/td>\n<td>KIT TETE COMPLETE POUR POMPE D.20  MM-1\/MM-11\/MMD<\/td>\n<\/tr>\n<tr>\n<td>P9.040.018<\/td>\n<td>KIT TETE COMPLETE D.20 POMPE MM-2 LAVAGE AUTO<\/td>\n<\/tr>\n<tr>\n<td>P9.040.019<\/td>\n<td>KIT TESTATA COMPLETA PISTONE \u00f820 POMPA MMD HT<\/td>\n<\/tr>\n<tr>\n<td>P9.040.033<\/td>\n<td>KIT TETE COMPLETE PISTON \u00f815 POMPE MMD &#8211; EDM<\/td>\n<\/tr>\n<tr>\n<td>P9.040.009<\/td>\n<td>T\u00caTE COMPL\u00c8TE DE LA POMPE GM-1 D.20<\/td>\n<\/tr>\n<tr>\n<td>P9.040.010<\/td>\n<td>T\u00caTE COMPLETE DE LA POMPE GM-1 D.22<\/td>\n<\/tr>\n<tr>\n<td>P9.040.011<\/td>\n<td>T\u00caTE COMPL\u00c8TE DE LA POMPE GM-1 D.25<\/td>\n<\/tr>\n<tr>\n<td>P9.040.012<\/td>\n<td>TESTATA COMPLETA PISTONE \u00f828 POMPA GM-1<\/td>\n<\/tr>\n<tr>\n<td>P9.040.024<\/td>\n<td>TESTATA COMPLETA PISTONE \u00f820 POMPA GM-1 CW<\/td>\n<\/tr>\n<tr>\n<td>P9.040.025<\/td>\n<td>TESTATA COMPLETA PISTONE \u00f822 POMPA GM-1 CW<\/td>\n<\/tr>\n<tr>\n<td>P9.040.026<\/td>\n<td>TESTATA COMPLETA PISTONE \u00f825 POMPA GM-1 CW<\/td>\n<\/tr>\n<tr>\n<td>P9.040.027<\/td>\n<td>TESTATA COMPLETA PISTONE \u00f828 POMPA GM-1 CW<\/td>\n<\/tr>\n<tr>\n<td>P9.040.028<\/td>\n<td>TESTATA COMPLETA PISTONE \u00f820 POMPA GMX<\/td>\n<\/tr>\n<tr>\n<td>P9.040.029<\/td>\n<td>TETE COMPLETE POMPE GMX  \u00f822 PISTON<\/td>\n<\/tr>\n<tr>\n<td>P9.040.030<\/td>\n<td>TESTATA COMPLETA PISTONE \u00f825 POMPA GMX<\/td>\n<\/tr>\n<tr>\n<td>P9.040.020<\/td>\n<td>TESTATA COMPLETA PISTONE \u00f820 POMPA GM-1 HT<\/td>\n<\/tr>\n<tr>\n<td>P9.040.031<\/td>\n<td>TESTATA COMPLETA PISTONE \u00f828 POMPA GMX<\/td>\n<\/tr>\n<tr>\n<td>P9.040.021<\/td>\n<td>TESTATA COMPLETA PISTONE \u00f822 POMPA GM-1 HT<\/td>\n<\/tr>\n<tr>\n<td>P9.040.022<\/td>\n<td>TESTATA COMPLETA PISTONE \u00f825 POMPA GM-1 HT<\/td>\n<\/tr>\n<tr>\n<td>P9.040.023<\/td>\n<td>TESTATA COMPLETA PISTONE \u00f828 POMPA GM-1 HT<\/td>\n<\/tr>\n<tr>\n<td>P9.040.007<\/td>\n<td>KIT TETE COMPL\u00e8TE  D.16  POMPE XM<\/td>\n<\/tr>\n<tr>\n<td>P9.040.037<\/td>\n<td>RICAMBIO TESTATA COMPLETA  LM D.20<\/td>\n<\/tr>\n<tr>\n<td>P9.040.038<\/td>\n<td>RICAMBIO TESTATA COMPLETA  LM D.30<\/td>\n<\/tr>\n<tr>\n<td>P9.040.039<\/td>\n<td>RICAMBIO TESTATA COMPLETA  LM D.40<\/td>\n<\/tr>\n<\/tbody>\n<\/table>\n<\/div>\n","protected":false},"excerpt":{"rendered":"<p>CODE MODELE P9.040.002 T\u00eate pleine PISTON POMPE \u00f818 PM P9.040.013 KIT TETE COMPL\u00e8TE D.18 POMPE PM CARWASH D.18 P9.040.034 TESTATA COMPLETA PISTONE \u00f814 POMPA PM &#8211; EDM P9.040.015 KIT TETE COMPL\u00e8TE D.18 POMPE TPM HT P9.040.017 KIT TETE COMPLETE POUR POMPE D.20 MM-1\/MM-11\/MMD P9.040.018 KIT TETE COMPLETE D.20 POMPE MM-2 LAVAGE AUTO P9.040.019 KIT TESTATA [&hellip;]<\/p>\n","protected":false},"featured_media":68709,"template":"","meta":{"zakra_page_container_layout":"customizer","zakra_page_sidebar_layout":"customizer","zakra_remove_content_margin":false,"zakra_sidebar":"customizer","zakra_transparent_header":"customizer","zakra_logo":0,"zakra_main_header_style":"default","zakra_menu_item_color":"","zakra_menu_item_hover_color":"","zakra_menu_item_active_color":"","zakra_menu_active_style":"","zakra_page_header":true},"product_brand":[],"product_cat":[3754],"product_tag":[],"class_list":{"0":"post-32776","1":"product","2":"type-product","3":"status-publish","4":"has-post-thumbnail","6":"product_cat-pieces-de-rechange-pompes","8":"first","9":"instock","10":"shipping-taxable","11":"product-type-simple"},"yoast_head":"<!-- This site is optimized with the Yoast SEO plugin v27.5 - https:\/\/yoast.com\/product\/yoast-seo-wordpress\/ -->\n<title>KIT DE T\u00caTE COMPL\u00c8TE - Mazzoni<\/title>\n<meta name=\"robots\" content=\"index, follow, max-snippet:-1, max-image-preview:large, max-video-preview:-1\" \/>\n<link rel=\"canonical\" href=\"https:\/\/e-mazzoni.it\/fr\/produit\/kit-de-tete-complete\/\" \/>\n<meta property=\"og:locale\" content=\"fr_FR\" \/>\n<meta property=\"og:type\" content=\"article\" \/>\n<meta property=\"og:title\" content=\"KIT DE T\u00caTE COMPL\u00c8TE - Mazzoni\" \/>\n<meta property=\"og:description\" content=\"CODE MODELE P9.040.002 T\u00eate pleine PISTON POMPE \u00f818 PM P9.040.013 KIT TETE COMPL\u00e8TE D.18 POMPE PM CARWASH D.18 P9.040.034 TESTATA COMPLETA PISTONE \u00f814 POMPA PM &#8211; EDM P9.040.015 KIT TETE COMPL\u00e8TE D.18 POMPE TPM HT P9.040.017 KIT TETE COMPLETE POUR POMPE D.20 MM-1\/MM-11\/MMD P9.040.018 KIT TETE COMPLETE D.20 POMPE MM-2 LAVAGE AUTO P9.040.019 KIT TESTATA [&hellip;]\" \/>\n<meta property=\"og:url\" content=\"https:\/\/e-mazzoni.it\/fr\/produit\/kit-de-tete-complete\/\" \/>\n<meta property=\"og:site_name\" content=\"Mazzoni\" \/>\n<meta property=\"article:modified_time\" content=\"2026-04-27T03:15:21+00:00\" \/>\n<meta property=\"og:image\" content=\"https:\/\/e-mazzoni.it\/wp-content\/uploads\/2026\/04\/DOC0173435537.jpg\" \/>\n\t<meta property=\"og:image:width\" content=\"416\" \/>\n\t<meta property=\"og:image:height\" content=\"396\" \/>\n\t<meta property=\"og:image:type\" content=\"image\/jpeg\" \/>\n<meta name=\"twitter:card\" content=\"summary_large_image\" \/>\n<meta name=\"twitter:label1\" content=\"Dur\u00e9e de lecture estim\u00e9e\" \/>\n\t<meta name=\"twitter:data1\" content=\"1 minute\" \/>\n<!-- \/ Yoast SEO plugin. -->","yoast_head_json":{"title":"KIT DE T\u00caTE COMPL\u00c8TE - Mazzoni","robots":{"index":"index","follow":"follow","max-snippet":"max-snippet:-1","max-image-preview":"max-image-preview:large","max-video-preview":"max-video-preview:-1"},"canonical":"https:\/\/e-mazzoni.it\/fr\/produit\/kit-de-tete-complete\/","og_locale":"fr_FR","og_type":"article","og_title":"KIT DE T\u00caTE COMPL\u00c8TE - Mazzoni","og_description":"CODE MODELE P9.040.002 T\u00eate pleine PISTON POMPE \u00f818 PM P9.040.013 KIT TETE COMPL\u00e8TE D.18 POMPE PM CARWASH D.18 P9.040.034 TESTATA COMPLETA PISTONE \u00f814 POMPA PM &#8211; EDM P9.040.015 KIT TETE COMPL\u00e8TE D.18 POMPE TPM HT P9.040.017 KIT TETE COMPLETE POUR POMPE D.20 MM-1\/MM-11\/MMD P9.040.018 KIT TETE COMPLETE D.20 POMPE MM-2 LAVAGE AUTO P9.040.019 KIT TESTATA [&hellip;]","og_url":"https:\/\/e-mazzoni.it\/fr\/produit\/kit-de-tete-complete\/","og_site_name":"Mazzoni","article_modified_time":"2026-04-27T03:15:21+00:00","og_image":[{"width":416,"height":396,"url":"https:\/\/e-mazzoni.it\/wp-content\/uploads\/2026\/04\/DOC0173435537.jpg","type":"image\/jpeg"}],"twitter_card":"summary_large_image","twitter_misc":{"Dur\u00e9e de lecture estim\u00e9e":"1 minute"},"schema":{"@context":"https:\/\/schema.org","@graph":[{"@type":"WebPage","@id":"https:\/\/e-mazzoni.it\/fr\/produit\/kit-de-tete-complete\/","url":"https:\/\/e-mazzoni.it\/fr\/produit\/kit-de-tete-complete\/","name":"KIT DE T\u00caTE COMPL\u00c8TE - Mazzoni","isPartOf":{"@id":"https:\/\/e-mazzoni.it\/fr\/#website"},"primaryImageOfPage":{"@id":"https:\/\/e-mazzoni.it\/fr\/produit\/kit-de-tete-complete\/#primaryimage"},"image":{"@id":"https:\/\/e-mazzoni.it\/fr\/produit\/kit-de-tete-complete\/#primaryimage"},"thumbnailUrl":"https:\/\/e-mazzoni.it\/wp-content\/uploads\/2026\/04\/DOC0173435537.jpg","datePublished":"2024-10-15T06:58:39+00:00","dateModified":"2026-04-27T03:15:21+00:00","breadcrumb":{"@id":"https:\/\/e-mazzoni.it\/fr\/produit\/kit-de-tete-complete\/#breadcrumb"},"inLanguage":"fr-FR","potentialAction":[{"@type":"ReadAction","target":["https:\/\/e-mazzoni.it\/fr\/produit\/kit-de-tete-complete\/"]}]},{"@type":"ImageObject","inLanguage":"fr-FR","@id":"https:\/\/e-mazzoni.it\/fr\/produit\/kit-de-tete-complete\/#primaryimage","url":"https:\/\/e-mazzoni.it\/wp-content\/uploads\/2026\/04\/DOC0173435537.jpg","contentUrl":"https:\/\/e-mazzoni.it\/wp-content\/uploads\/2026\/04\/DOC0173435537.jpg","width":416,"height":396},{"@type":"BreadcrumbList","@id":"https:\/\/e-mazzoni.it\/fr\/produit\/kit-de-tete-complete\/#breadcrumb","itemListElement":[{"@type":"ListItem","position":1,"name":"Home","item":"https:\/\/e-mazzoni.it\/fr\/"},{"@type":"ListItem","position":2,"name":"Produits","item":"https:\/\/e-mazzoni.it\/fr\/produits\/"},{"@type":"ListItem","position":3,"name":"KIT DE T\u00caTE COMPL\u00c8TE"}]},{"@type":"WebSite","@id":"https:\/\/e-mazzoni.it\/fr\/#website","url":"https:\/\/e-mazzoni.it\/fr\/","name":"Mazzoni","description":"Mazzoni","publisher":{"@id":"https:\/\/e-mazzoni.it\/fr\/#organization"},"potentialAction":[{"@type":"SearchAction","target":{"@type":"EntryPoint","urlTemplate":"https:\/\/e-mazzoni.it\/fr\/?s={search_term_string}"},"query-input":{"@type":"PropertyValueSpecification","valueRequired":true,"valueName":"search_term_string"}}],"inLanguage":"fr-FR"},{"@type":"Organization","@id":"https:\/\/e-mazzoni.it\/fr\/#organization","name":"Mazzoni","url":"https:\/\/e-mazzoni.it\/fr\/","logo":{"@type":"ImageObject","inLanguage":"fr-FR","@id":"https:\/\/e-mazzoni.it\/fr\/#\/schema\/logo\/image\/","url":"https:\/\/e-mazzoni.it\/wp-content\/uploads\/2023\/07\/logo.png","contentUrl":"https:\/\/e-mazzoni.it\/wp-content\/uploads\/2023\/07\/logo.png","width":250,"height":109,"caption":"Mazzoni"},"image":{"@id":"https:\/\/e-mazzoni.it\/fr\/#\/schema\/logo\/image\/"}}]}},"_links":{"self":[{"href":"https:\/\/e-mazzoni.it\/fr\/wp-json\/wp\/v2\/product\/32776","targetHints":{"allow":["GET"]}}],"collection":[{"href":"https:\/\/e-mazzoni.it\/fr\/wp-json\/wp\/v2\/product"}],"about":[{"href":"https:\/\/e-mazzoni.it\/fr\/wp-json\/wp\/v2\/types\/product"}],"wp:featuredmedia":[{"embeddable":true,"href":"https:\/\/e-mazzoni.it\/fr\/wp-json\/wp\/v2\/media\/68709"}],"wp:attachment":[{"href":"https:\/\/e-mazzoni.it\/fr\/wp-json\/wp\/v2\/media?parent=32776"}],"wp:term":[{"taxonomy":"product_brand","embeddable":true,"href":"https:\/\/e-mazzoni.it\/fr\/wp-json\/wp\/v2\/product_brand?post=32776"},{"taxonomy":"product_cat","embeddable":true,"href":"https:\/\/e-mazzoni.it\/fr\/wp-json\/wp\/v2\/product_cat?post=32776"},{"taxonomy":"product_tag","embeddable":true,"href":"https:\/\/e-mazzoni.it\/fr\/wp-json\/wp\/v2\/product_tag?post=32776"}],"curies":[{"name":"wp","href":"https:\/\/api.w.org\/{rel}","templated":true}]}}