{"id":31544,"date":"2024-10-15T06:55:58","date_gmt":"2024-10-15T06:55:58","guid":{"rendered":"https:\/\/e-mazzoni.it\/prodotto\/kcm3005-4005-professional\/"},"modified":"2026-05-02T03:01:58","modified_gmt":"2026-05-02T03:01:58","slug":"kcm3005-4005-professional","status":"publish","type":"product","link":"https:\/\/e-mazzoni.it\/fr\/produit\/kcm3005-4005-professional\/","title":{"rendered":"KCM PROFESSIONAL"},"content":{"rendered":"<p>Nettoyeur haute pression professionnel \u00e0 eau froide, avec cadre fix\u00e9 sur 2 roues pneumatiques plus 1 pivotant. Compact, maniable, id\u00e9al pour tous les besoins de nettoyage en ext\u00e9rieur, polyvalent et performant.<\/p>\n<p>Moteur \u00e9lectrique asynchrone s\u00e9rie MEC, service continu, S1 avec protection thermique int\u00e9gr\u00e9e sur les enroulements. Moteur avec un rendement sup\u00e9rieur, donc avec des performances \u00e9lev\u00e9es et une consommation de courant r\u00e9duite. Joint \u00e9lastique.<\/p>\n<p>Pompe professionnelle en ligne (\u00e0 bielles) avec t\u00eate en laiton et trois pistons en c\u00e9ramique.<\/p>\n<p>C\u00e2ble \u00e9lectrique mt.5<\/p>\n<p>Valve by-pass automatique avec r\u00e9gulation de la pression<\/p>\n<p>Tuyau haute pression 10 m\u00e8tres<\/p>\n<p>Lance INOX avec pistolet automatique et raccord rapide pour les accessoires<\/p>\n<p>T\u00eate de pression professionnelle avec buse en acier tremp\u00e9 et aspiration nettoyante<\/p>\n<p>Chariot en acier peint avec poign\u00e9e de transport confortable et robuste et r\u00e9servoir de d\u00e9tergent int\u00e9gr\u00e9<\/p>\n<p>Support pour lance, tube et c\u00e2ble \u00e9lectrique<\/p>\n<p>Syst\u00e8me TST (Time Stop)<\/p>\n<p>Compteur de vitesse interne<\/p>\n<p>Aspiration de d\u00e9tergent \u00e0 basse pression<\/p>\n<p>Frein de stationnement<\/p>\n<div>\n<table style=\"width: 100%\" border=\"1\" id=\"table_options\">\n<tbody>\n<tr>\n<th style=\"color: #fff\" bgcolor=\"#ea2833\">CODE<\/th>\n<th style=\"color: #fff\" bgcolor=\"#ea2833\">MODELE<\/th>\n<th style=\"color: #fff\" bgcolor=\"#ea2833\">L\/MIN &#8211; 1450 RPM<\/th>\n<th style=\"color: #fff\" bgcolor=\"#ea2833\">GPM &#8211; 1450 RPM<\/th>\n<th style=\"color: #fff\" bgcolor=\"#ea2833\">BAR<\/th>\n<th style=\"color: #fff\" bgcolor=\"#ea2833\">PSI<\/th>\n<th style=\"color: #fff\" bgcolor=\"#ea2833\">RPM 50 HZ<\/th>\n<th style=\"color: #fff\" bgcolor=\"#ea2833\">HP<\/th>\n<th style=\"color: #fff\" bgcolor=\"#ea2833\">KW<\/th>\n<th style=\"color: #fff\" bgcolor=\"#ea2833\">VOLT<\/th>\n<th style=\"color: #fff\" bgcolor=\"#ea2833\">Hz<\/th>\n<th style=\"color: #fff\" bgcolor=\"#ea2833\">PHASE<\/th>\n<th style=\"color: #fff\" bgcolor=\"#ea2833\">\u00c0 50 HZ<\/th>\n<th style=\"color: #fff\" bgcolor=\"#ea2833\">BUSE \u00c0 EAU<\/th>\n<th style=\"color: #fff\" bgcolor=\"#ea2833\">R\u00c9SERVOIR DE NETTOYAGE<\/th>\n<th style=\"color: #fff\" bgcolor=\"#ea2833\">R\u00c9SERVOIR DE NETTOYAGE (GAL)<\/th>\n<th style=\"color: #fff\" bgcolor=\"#ea2833\">MAX TEMP\u00c9RATURE DE SORTIE<\/th>\n<th style=\"color: #fff\" bgcolor=\"#ea2833\">MAX TEMP\u00c9RATURE DE SORTIE (F)<\/th>\n<\/tr>\n<tr>\n<td align=\"center !important\">3.023.14.534<\/td>\n<td align=\"center !important\">KCM3005<\/td>\n<td align=\"center !important\">10<\/td>\n<td align=\"center !important\">2.64<\/td>\n<td align=\"center !important\">150<\/td>\n<td align=\"center !important\">2175<\/td>\n<td align=\"center !important\">1450<\/td>\n<td align=\"center !important\">3<\/td>\n<td align=\"center !important\">2,2<\/td>\n<td align=\"center !important\">230<\/td>\n<td align=\"center !important\">50<\/td>\n<td align=\"center !important\">1<\/td>\n<td align=\"center !important\">13,5<\/td>\n<td align=\"center !important\">1504<\/td>\n<td align=\"center !important\">2L<\/td>\n<td align=\"center !important\">0.5 gal<\/td>\n<td align=\"center !important\">65\u00b0C<\/td>\n<td align=\"center !important\">149\u00b0F<\/td>\n<\/tr>\n<tr>\n<td align=\"center !important\">3.023.14.535<\/td>\n<td align=\"center !important\">KCM4005<\/td>\n<td align=\"center !important\">15<\/td>\n<td align=\"center !important\">3.96<\/td>\n<td align=\"center !important\">200<\/td>\n<td align=\"center !important\">2900<\/td>\n<td align=\"center !important\">1450<\/td>\n<td align=\"center !important\">7,5<\/td>\n<td align=\"center !important\">5.5<\/td>\n<td align=\"center !important\">400<\/td>\n<td align=\"center !important\">50<\/td>\n<td align=\"center !important\">3<\/td>\n<td align=\"center !important\">11<\/td>\n<td align=\"center !important\">1505<\/td>\n<td align=\"center !important\">2L<\/td>\n<td align=\"center !important\">0.5 gal<\/td>\n<td align=\"center !important\">65\u00b0C<\/td>\n<td align=\"center !important\">149\u00b0F<\/td>\n<\/tr>\n<\/tbody>\n<\/table>\n<\/div>\n","protected":false},"excerpt":{"rendered":"<p>Con\u00e7ues pour un usage quotidien et intensif de nettoyage des b\u00e2timents, machines, v\u00e9hicules et appareils.<\/p>\n<p>Id\u00e9ales pour le nettoyage de la salet\u00e9 incrust\u00e9e et tenace, avec leur pression et leur d\u00e9bit, les nettoyeurs haute pression Mazzoni permettent le lavage de grandes surfaces avec une consommation \u00e9lectrique r\u00e9duite.<\/p>\n<p>Utilisation recommand\u00e9e\u00a0: Agriculture, artisans, industrie alimentaire, industrie m\u00e9tallurgique , h\u00f4tels et centres sportifs, collectivit\u00e9s municipales, transports, march\u00e9s, chantiers navals etc<\/p>\n","protected":false},"featured_media":68465,"template":"","meta":{"zakra_page_container_layout":"customizer","zakra_page_sidebar_layout":"customizer","zakra_remove_content_margin":false,"zakra_sidebar":"customizer","zakra_transparent_header":"customizer","zakra_logo":0,"zakra_main_header_style":"default","zakra_menu_item_color":"","zakra_menu_item_hover_color":"","zakra_menu_item_active_color":"","zakra_menu_active_style":"","zakra_page_header":true},"product_brand":[],"product_cat":[3602],"product_tag":[],"class_list":{"0":"post-31544","1":"product","2":"type-product","3":"status-publish","4":"has-post-thumbnail","6":"product_cat-nettoyeurs-haute-pression-a-froid","8":"first","9":"instock","10":"shipping-taxable","11":"product-type-simple"},"yoast_head":"<!-- This site is optimized with the Yoast SEO plugin v27.5 - https:\/\/yoast.com\/product\/yoast-seo-wordpress\/ -->\n<title>KCM PROFESSIONAL - Mazzoni<\/title>\n<meta name=\"robots\" content=\"index, follow, max-snippet:-1, max-image-preview:large, max-video-preview:-1\" \/>\n<link rel=\"canonical\" href=\"https:\/\/e-mazzoni.it\/fr\/produit\/kcm3005-4005-professional\/\" \/>\n<meta property=\"og:locale\" content=\"fr_FR\" \/>\n<meta property=\"og:type\" content=\"article\" \/>\n<meta property=\"og:title\" content=\"KCM PROFESSIONAL - Mazzoni\" \/>\n<meta property=\"og:description\" content=\"Con\u00e7ues pour un usage quotidien et intensif de nettoyage des b\u00e2timents, machines, v\u00e9hicules et appareils.  Id\u00e9ales pour le nettoyage de la salet\u00e9 incrust\u00e9e et tenace, avec leur pression et leur d\u00e9bit, les nettoyeurs haute pression Mazzoni permettent le lavage de grandes surfaces avec une consommation \u00e9lectrique r\u00e9duite.   Utilisation recommand\u00e9e\u00a0: Agriculture, artisans, industrie alimentaire, industrie m\u00e9tallurgique , h\u00f4tels et centres sportifs, collectivit\u00e9s municipales, transports, march\u00e9s, chantiers navals etc\" \/>\n<meta property=\"og:url\" content=\"https:\/\/e-mazzoni.it\/fr\/produit\/kcm3005-4005-professional\/\" \/>\n<meta property=\"og:site_name\" content=\"Mazzoni\" \/>\n<meta property=\"article:modified_time\" content=\"2026-05-02T03:01:58+00:00\" \/>\n<meta property=\"og:image\" content=\"https:\/\/e-mazzoni.it\/wp-content\/uploads\/2026\/04\/DOC0808395553.jpg\" \/>\n\t<meta property=\"og:image:width\" content=\"266\" \/>\n\t<meta property=\"og:image:height\" content=\"234\" \/>\n\t<meta property=\"og:image:type\" content=\"image\/jpeg\" \/>\n<meta name=\"twitter:card\" content=\"summary_large_image\" \/>\n<meta name=\"twitter:label1\" content=\"Dur\u00e9e de lecture estim\u00e9e\" \/>\n\t<meta name=\"twitter:data1\" content=\"1 minute\" \/>\n<!-- \/ Yoast SEO plugin. -->","yoast_head_json":{"title":"KCM PROFESSIONAL - Mazzoni","robots":{"index":"index","follow":"follow","max-snippet":"max-snippet:-1","max-image-preview":"max-image-preview:large","max-video-preview":"max-video-preview:-1"},"canonical":"https:\/\/e-mazzoni.it\/fr\/produit\/kcm3005-4005-professional\/","og_locale":"fr_FR","og_type":"article","og_title":"KCM PROFESSIONAL - Mazzoni","og_description":"Con\u00e7ues pour un usage quotidien et intensif de nettoyage des b\u00e2timents, machines, v\u00e9hicules et appareils.  Id\u00e9ales pour le nettoyage de la salet\u00e9 incrust\u00e9e et tenace, avec leur pression et leur d\u00e9bit, les nettoyeurs haute pression Mazzoni permettent le lavage de grandes surfaces avec une consommation \u00e9lectrique r\u00e9duite.   Utilisation recommand\u00e9e\u00a0: Agriculture, artisans, industrie alimentaire, industrie m\u00e9tallurgique , h\u00f4tels et centres sportifs, collectivit\u00e9s municipales, transports, march\u00e9s, chantiers navals etc","og_url":"https:\/\/e-mazzoni.it\/fr\/produit\/kcm3005-4005-professional\/","og_site_name":"Mazzoni","article_modified_time":"2026-05-02T03:01:58+00:00","og_image":[{"width":266,"height":234,"url":"https:\/\/e-mazzoni.it\/wp-content\/uploads\/2026\/04\/DOC0808395553.jpg","type":"image\/jpeg"}],"twitter_card":"summary_large_image","twitter_misc":{"Dur\u00e9e de lecture estim\u00e9e":"1 minute"},"schema":{"@context":"https:\/\/schema.org","@graph":[{"@type":"WebPage","@id":"https:\/\/e-mazzoni.it\/fr\/produit\/kcm3005-4005-professional\/","url":"https:\/\/e-mazzoni.it\/fr\/produit\/kcm3005-4005-professional\/","name":"KCM PROFESSIONAL - Mazzoni","isPartOf":{"@id":"https:\/\/e-mazzoni.it\/fr\/#website"},"primaryImageOfPage":{"@id":"https:\/\/e-mazzoni.it\/fr\/produit\/kcm3005-4005-professional\/#primaryimage"},"image":{"@id":"https:\/\/e-mazzoni.it\/fr\/produit\/kcm3005-4005-professional\/#primaryimage"},"thumbnailUrl":"https:\/\/e-mazzoni.it\/wp-content\/uploads\/2026\/04\/DOC0808395553.jpg","datePublished":"2024-10-15T06:55:58+00:00","dateModified":"2026-05-02T03:01:58+00:00","breadcrumb":{"@id":"https:\/\/e-mazzoni.it\/fr\/produit\/kcm3005-4005-professional\/#breadcrumb"},"inLanguage":"fr-FR","potentialAction":[{"@type":"ReadAction","target":["https:\/\/e-mazzoni.it\/fr\/produit\/kcm3005-4005-professional\/"]}]},{"@type":"ImageObject","inLanguage":"fr-FR","@id":"https:\/\/e-mazzoni.it\/fr\/produit\/kcm3005-4005-professional\/#primaryimage","url":"https:\/\/e-mazzoni.it\/wp-content\/uploads\/2026\/04\/DOC0808395553.jpg","contentUrl":"https:\/\/e-mazzoni.it\/wp-content\/uploads\/2026\/04\/DOC0808395553.jpg","width":266,"height":234},{"@type":"BreadcrumbList","@id":"https:\/\/e-mazzoni.it\/fr\/produit\/kcm3005-4005-professional\/#breadcrumb","itemListElement":[{"@type":"ListItem","position":1,"name":"Home","item":"https:\/\/e-mazzoni.it\/fr\/"},{"@type":"ListItem","position":2,"name":"Produits","item":"https:\/\/e-mazzoni.it\/fr\/produits\/"},{"@type":"ListItem","position":3,"name":"KCM PROFESSIONAL"}]},{"@type":"WebSite","@id":"https:\/\/e-mazzoni.it\/fr\/#website","url":"https:\/\/e-mazzoni.it\/fr\/","name":"Mazzoni","description":"Mazzoni","publisher":{"@id":"https:\/\/e-mazzoni.it\/fr\/#organization"},"potentialAction":[{"@type":"SearchAction","target":{"@type":"EntryPoint","urlTemplate":"https:\/\/e-mazzoni.it\/fr\/?s={search_term_string}"},"query-input":{"@type":"PropertyValueSpecification","valueRequired":true,"valueName":"search_term_string"}}],"inLanguage":"fr-FR"},{"@type":"Organization","@id":"https:\/\/e-mazzoni.it\/fr\/#organization","name":"Mazzoni","url":"https:\/\/e-mazzoni.it\/fr\/","logo":{"@type":"ImageObject","inLanguage":"fr-FR","@id":"https:\/\/e-mazzoni.it\/fr\/#\/schema\/logo\/image\/","url":"https:\/\/e-mazzoni.it\/wp-content\/uploads\/2023\/07\/logo.png","contentUrl":"https:\/\/e-mazzoni.it\/wp-content\/uploads\/2023\/07\/logo.png","width":250,"height":109,"caption":"Mazzoni"},"image":{"@id":"https:\/\/e-mazzoni.it\/fr\/#\/schema\/logo\/image\/"}}]}},"_links":{"self":[{"href":"https:\/\/e-mazzoni.it\/fr\/wp-json\/wp\/v2\/product\/31544","targetHints":{"allow":["GET"]}}],"collection":[{"href":"https:\/\/e-mazzoni.it\/fr\/wp-json\/wp\/v2\/product"}],"about":[{"href":"https:\/\/e-mazzoni.it\/fr\/wp-json\/wp\/v2\/types\/product"}],"wp:featuredmedia":[{"embeddable":true,"href":"https:\/\/e-mazzoni.it\/fr\/wp-json\/wp\/v2\/media\/68465"}],"wp:attachment":[{"href":"https:\/\/e-mazzoni.it\/fr\/wp-json\/wp\/v2\/media?parent=31544"}],"wp:term":[{"taxonomy":"product_brand","embeddable":true,"href":"https:\/\/e-mazzoni.it\/fr\/wp-json\/wp\/v2\/product_brand?post=31544"},{"taxonomy":"product_cat","embeddable":true,"href":"https:\/\/e-mazzoni.it\/fr\/wp-json\/wp\/v2\/product_cat?post=31544"},{"taxonomy":"product_tag","embeddable":true,"href":"https:\/\/e-mazzoni.it\/fr\/wp-json\/wp\/v2\/product_tag?post=31544"}],"curies":[{"name":"wp","href":"https:\/\/api.w.org\/{rel}","templated":true}]}}