{"id":31016,"date":"2024-10-15T06:54:16","date_gmt":"2024-10-15T06:54:16","guid":{"rendered":"https:\/\/e-mazzoni.it\/prodotto\/xm\/"},"modified":"2026-05-02T02:52:43","modified_gmt":"2026-05-02T02:52:43","slug":"xm","status":"publish","type":"product","link":"https:\/\/e-mazzoni.it\/fr\/produit\/xm\/","title":{"rendered":"XM"},"content":{"rendered":"<p>S\u00c9RIE XM\u00a0: pompes industrielles en ligne \u00e0 3 pistons haute pression avec syst\u00e8me bielle\/manivelle. Pression maximale 500BAR (7251psi)<br \/>\nDes performances \u00e9lev\u00e9es, un entretien minimal et une fiabilit\u00e9 sont garantis par des mat\u00e9riaux de qualit\u00e9 qui assurent une longue dur\u00e9e de vie. 100% de production italienne dans nos usines de Reggio Emilia.<\/p>\n<div>\n<table style=\"width: 100%\" border=\"1\" id=\"table_options\">\n<tbody>\n<tr>\n<th style=\"color: #fff\" bgcolor=\"#ea2833\">CODE<\/th>\n<th style=\"color: #fff\" bgcolor=\"#ea2833\">MODELE<\/th>\n<th style=\"color: #fff\" bgcolor=\"#ea2833\">BAR<\/th>\n<th style=\"color: #fff\" bgcolor=\"#ea2833\">PSI<\/th>\n<th style=\"color: #fff\" bgcolor=\"#ea2833\">L\/MIN -1450 RPM<\/th>\n<th style=\"color: #fff\" bgcolor=\"#ea2833\">GPM &#8211;  1450 RPM<\/th>\n<th style=\"color: #fff\" bgcolor=\"#ea2833\">RPM 50 HZ<\/th>\n<th style=\"color: #fff\" bgcolor=\"#ea2833\">HP -1450 RPM<\/th>\n<th style=\"color: #fff\" bgcolor=\"#ea2833\">KW &#8211; 1450 RPM<\/th>\n<th style=\"color: #fff\" bgcolor=\"#ea2833\">L\/MIN -1740 RPM<\/th>\n<th style=\"color: #fff\" bgcolor=\"#ea2833\">GPM &#8211; 1740 RPM<\/th>\n<th style=\"color: #fff\" bgcolor=\"#ea2833\">RPM 60 HZ<\/th>\n<th style=\"color: #fff\" bgcolor=\"#ea2833\">HP &#8211; 1740 RPM<\/th>\n<th style=\"color: #fff\" bgcolor=\"#ea2833\">KW &#8211; 1740 RPM<\/th>\n<th style=\"color: #fff\" bgcolor=\"#ea2833\">\u00f8 ARBRE<\/th>\n<th style=\"color: #fff\" bgcolor=\"#ea2833\">\u00f8 ARBRE<\/th>\n<th style=\"color: #fff\" bgcolor=\"#ea2833\">LONGUEUR DE L\u2019ARBRE<\/th>\n<th style=\"color: #fff\" bgcolor=\"#ea2833\">LONGUEUR DE L\u2019ARBRE (INCH)<\/th>\n<th style=\"color: #fff\" bgcolor=\"#ea2833\">ARBRE<\/th>\n<th style=\"color: #fff\" bgcolor=\"#ea2833\">\u00f8 PISTON<\/th>\n<th style=\"color: #fff\" bgcolor=\"#ea2833\">PISTONE De INCH<\/th>\n<th style=\"color: #fff\" bgcolor=\"#ea2833\">MAX TEMP\u00c9RATURE ENTR\u00c9E<\/th>\n<th style=\"color: #fff\" bgcolor=\"#ea2833\">MIN PRESSION ENTR\u00c9E (BAR)<\/th>\n<th style=\"color: #fff\" bgcolor=\"#ea2833\">MIN PRESSION ENTR\u00c9E (PSI)<\/th>\n<th style=\"color: #fff\" bgcolor=\"#ea2833\">CAPACIT\u00c9 D\u2019HUILE (LT)<\/th>\n<th style=\"color: #fff\" bgcolor=\"#ea2833\">CAPACIT\u00c9 D\u2019HUILE (GAL)<\/th>\n<th style=\"color: #fff\" bgcolor=\"#ea2833\">INLET<\/th>\n<th style=\"color: #fff\" bgcolor=\"#ea2833\">OUTLET<\/th>\n<th style=\"color: #fff\" bgcolor=\"#ea2833\">POIDS NET (KG)<\/th>\n<th style=\"color: #fff\" bgcolor=\"#ea2833\">POIDS NET (LBS)<\/th>\n<\/tr>\n<tr>\n<td align=\"center !important\">P3.031.005-1<\/td>\n<td align=\"center !important\">XM11500R<\/td>\n<td align=\"center !important\">500<\/td>\n<td align=\"center !important\">7252<\/td>\n<td align=\"center !important\">11<\/td>\n<td align=\"center !important\">2,91<\/td>\n<td align=\"center !important\">1450<\/td>\n<td align=\"center !important\">14,29<\/td>\n<td align=\"center !important\">10,58<\/td>\n<td align=\"center !important\">13,2<\/td>\n<td align=\"center !important\">3,49<\/td>\n<td align=\"center !important\">1740<\/td>\n<td align=\"center !important\">17,14<\/td>\n<td align=\"center !important\">12,70<\/td>\n<td align=\"center !important\">24mm<\/td>\n<td align=\"center !important\">1 in.<\/td>\n<td align=\"center !important\">45mm<\/td>\n<td align=\"center !important\">1.8 in.<\/td>\n<td align=\"center !important\">Destro\/Right<\/td>\n<td align=\"center !important\">16mm<\/td>\n<td align=\"center !important\">0.6 in.<\/td>\n<td align=\"center !important\">65\u00b0C-149\u00b0F<\/td>\n<td align=\"center !important\">0,2<\/td>\n<td align=\"center !important\">2,9<\/td>\n<td align=\"center !important\">1,2<\/td>\n<td align=\"center !important\">0,31<\/td>\n<td align=\"center !important\">G 1\/2<\/td>\n<td align=\"center !important\">G 3\/8<\/td>\n<td align=\"center !important\">20<\/td>\n<td align=\"center !important\">44<\/td>\n<\/tr>\n<tr>\n<td align=\"center !important\">P3.031.006-1<\/td>\n<td align=\"center !important\">XM15500R<\/td>\n<td align=\"center !important\">500<\/td>\n<td align=\"center !important\">7251<\/td>\n<td align=\"center !important\">15<\/td>\n<td align=\"center !important\">3,96<\/td>\n<td align=\"center !important\">1450<\/td>\n<td align=\"center !important\">19,48<\/td>\n<td align=\"center !important\">14,43<\/td>\n<td align=\"center !important\">18<\/td>\n<td align=\"center !important\">4,76<\/td>\n<td align=\"center !important\">1740<\/td>\n<td align=\"center !important\">23,38<\/td>\n<td align=\"center !important\">17,32<\/td>\n<td align=\"center !important\">24mm<\/td>\n<td align=\"center !important\">1 in.<\/td>\n<td align=\"center !important\">45mm<\/td>\n<td align=\"center !important\">1.8 in.<\/td>\n<td align=\"center !important\">Destro\/Right<\/td>\n<td align=\"center !important\">16mm<\/td>\n<td align=\"center !important\">0.6 in.<\/td>\n<td align=\"center !important\">65\u00b0C-149\u00b0F<\/td>\n<td align=\"center !important\">0,2<\/td>\n<td align=\"center !important\">2,9<\/td>\n<td align=\"center !important\">1,2<\/td>\n<td align=\"center !important\">0,31<\/td>\n<td align=\"center !important\">G 1\/2<\/td>\n<td align=\"center !important\">G 3\/8<\/td>\n<td align=\"center !important\">20<\/td>\n<td align=\"center !important\">44<\/td>\n<\/tr>\n<tr>\n<td align=\"center !important\">P3.031.007-1<\/td>\n<td align=\"center !important\">XM17500R<\/td>\n<td align=\"center !important\">500<\/td>\n<td align=\"center !important\">7252<\/td>\n<td align=\"center !important\">17<\/td>\n<td align=\"center !important\">4,49<\/td>\n<td align=\"center !important\">1450<\/td>\n<td align=\"center !important\">22,08<\/td>\n<td align=\"center !important\">16,35<\/td>\n<td align=\"center !important\">20,40<\/td>\n<td align=\"center !important\">5,39<\/td>\n<td align=\"center !important\">1740<\/td>\n<td align=\"center !important\">26,49<\/td>\n<td align=\"center !important\">19,62<\/td>\n<td align=\"center !important\">24mm<\/td>\n<td align=\"center !important\">1 in.<\/td>\n<td align=\"center !important\">55mm<\/td>\n<td align=\"center !important\">2.2 in.<\/td>\n<td align=\"center !important\">Destro\/Right<\/td>\n<td align=\"center !important\">16mm<\/td>\n<td align=\"center !important\">0.6 in<\/td>\n<td align=\"center !important\">65\u00b0C-149\u00b0F<\/td>\n<td align=\"center !important\">0,2<\/td>\n<td align=\"center !important\">2,9<\/td>\n<td align=\"center !important\">1,2<\/td>\n<td align=\"center !important\">0,31<\/td>\n<td align=\"center !important\">G 1\/2<\/td>\n<td align=\"center !important\">G 3\/8<\/td>\n<td align=\"center !important\">20<\/td>\n<td align=\"center !important\">44<\/td>\n<\/tr>\n<tr>\n<td align=\"center !important\">P3.031.008-1<\/td>\n<td align=\"center !important\">XM21500R<\/td>\n<td align=\"center !important\">500<\/td>\n<td align=\"center !important\">7252<\/td>\n<td align=\"center !important\">21<\/td>\n<td align=\"center !important\">5,55<\/td>\n<td align=\"center !important\">1450<\/td>\n<td align=\"center !important\">27,27<\/td>\n<td align=\"center !important\">20,20<\/td>\n<td align=\"center !important\">25,20<\/td>\n<td align=\"center !important\">6,66<\/td>\n<td align=\"center !important\">1740<\/td>\n<td align=\"center !important\">32,73<\/td>\n<td align=\"center !important\">24,24<\/td>\n<td align=\"center !important\">24mm<\/td>\n<td align=\"center !important\">1 in.<\/td>\n<td align=\"center !important\">55mm<\/td>\n<td align=\"center !important\">2.2 in.<\/td>\n<td align=\"center !important\">Destro\/Right<\/td>\n<td align=\"center !important\">16mm<\/td>\n<td align=\"center !important\">0.6 in.<\/td>\n<td align=\"center !important\">65\u00b0C-149\u00b0F<\/td>\n<td align=\"center !important\">0,2<\/td>\n<td align=\"center !important\">2,9<\/td>\n<td align=\"center !important\">1,2<\/td>\n<td align=\"center !important\">0,31<\/td>\n<td align=\"center !important\">G 1\/2<\/td>\n<td align=\"center !important\">G 3\/8<\/td>\n<td align=\"center !important\">20<\/td>\n<td align=\"center !important\">44<\/td>\n<\/tr>\n<tr>\n<td align=\"center !important\">P3.031.013-1<\/td>\n<td align=\"center !important\">XM11500L<\/td>\n<td align=\"center !important\">500<\/td>\n<td align=\"center !important\">7251<\/td>\n<td align=\"center !important\">11<\/td>\n<td align=\"center !important\">2,91<\/td>\n<td align=\"center !important\">1450<\/td>\n<td align=\"center !important\">14,29<\/td>\n<td align=\"center !important\">10,58<\/td>\n<td align=\"center !important\">13,2<\/td>\n<td align=\"center !important\">3,49<\/td>\n<td align=\"center !important\">1740<\/td>\n<td align=\"center !important\">17,14<\/td>\n<td align=\"center !important\">12,70<\/td>\n<td align=\"center !important\">24mm<\/td>\n<td align=\"center !important\">1 in.<\/td>\n<td align=\"center !important\">45mm<\/td>\n<td align=\"center !important\">1.8 in.<\/td>\n<td align=\"center !important\">Sinistro\/Left<\/td>\n<td align=\"center !important\">16mm<\/td>\n<td align=\"center !important\">0.6 in.<\/td>\n<td align=\"center !important\">65\u00b0C-149\u00b0F<\/td>\n<td align=\"center !important\">0,2<\/td>\n<td align=\"center !important\">2,9<\/td>\n<td align=\"center !important\">1,2<\/td>\n<td align=\"center !important\">3,31<\/td>\n<td align=\"center !important\">G 1\/2<\/td>\n<td align=\"center !important\">G 3\/8<\/td>\n<td align=\"center !important\">20<\/td>\n<td align=\"center !important\">44<\/td>\n<\/tr>\n<tr>\n<td align=\"center !important\">P3.031.014-1<\/td>\n<td align=\"center !important\">XM15500L<\/td>\n<td align=\"center !important\">500<\/td>\n<td align=\"center !important\">7251<\/td>\n<td align=\"center !important\">15<\/td>\n<td align=\"center !important\">3,96<\/td>\n<td align=\"center !important\">1450<\/td>\n<td align=\"center !important\">19,48<\/td>\n<td align=\"center !important\">14,43<\/td>\n<td align=\"center !important\">18<\/td>\n<td align=\"center !important\">4,76<\/td>\n<td align=\"center !important\">1740<\/td>\n<td align=\"center !important\">23,38<\/td>\n<td align=\"center !important\">17,32<\/td>\n<td align=\"center !important\">24mm<\/td>\n<td align=\"center !important\">1 in.<\/td>\n<td align=\"center !important\">45mm<\/td>\n<td align=\"center !important\">1.8 in.<\/td>\n<td align=\"center !important\">Sinistro\/Left<\/td>\n<td align=\"center !important\">16mm<\/td>\n<td align=\"center !important\">0.6 in.<\/td>\n<td align=\"center !important\">65\u00b0C-149\u00b0F<\/td>\n<td align=\"center !important\">0,2<\/td>\n<td align=\"center !important\">2,9<\/td>\n<td align=\"center !important\">1,2<\/td>\n<td align=\"center !important\">0,31<\/td>\n<td align=\"center !important\">G 1\/2<\/td>\n<td align=\"center !important\">G 3\/8<\/td>\n<td align=\"center !important\">20<\/td>\n<td align=\"center !important\">44<\/td>\n<\/tr>\n<tr>\n<td align=\"center !important\">P3.031.015-1<\/td>\n<td align=\"center !important\">XM17500L<\/td>\n<td align=\"center !important\">500<\/td>\n<td align=\"center !important\">7251<\/td>\n<td align=\"center !important\">17<\/td>\n<td align=\"center !important\">4,49<\/td>\n<td align=\"center !important\">1450<\/td>\n<td align=\"center !important\">22,08<\/td>\n<td align=\"center !important\">16,35<\/td>\n<td align=\"center !important\">20,4<\/td>\n<td align=\"center !important\">5,39<\/td>\n<td align=\"center !important\">1740<\/td>\n<td align=\"center !important\">26,49<\/td>\n<td align=\"center !important\">19,62<\/td>\n<td align=\"center !important\">24mm<\/td>\n<td align=\"center !important\">1 in.<\/td>\n<td align=\"center !important\">55mm<\/td>\n<td align=\"center !important\">2.2 in.<\/td>\n<td align=\"center !important\">Sinistro\/Left<\/td>\n<td align=\"center !important\">16mm<\/td>\n<td align=\"center !important\">0.6 in.<\/td>\n<td align=\"center !important\">65\u00b0C-149\u00b0F<\/td>\n<td align=\"center !important\">0,2<\/td>\n<td align=\"center !important\">2,9<\/td>\n<td align=\"center !important\">1,2<\/td>\n<td align=\"center !important\">0,31<\/td>\n<td align=\"center !important\">G 1\/2<\/td>\n<td align=\"center !important\">G 3\/8<\/td>\n<td align=\"center !important\">20<\/td>\n<td align=\"center !important\">40<\/td>\n<\/tr>\n<tr>\n<td align=\"center !important\">P3.031.016-1<\/td>\n<td align=\"center !important\">XM21500L<\/td>\n<td align=\"center !important\">500<\/td>\n<td align=\"center !important\">7251<\/td>\n<td align=\"center !important\">21<\/td>\n<td align=\"center !important\">5,55<\/td>\n<td align=\"center !important\">1450<\/td>\n<td align=\"center !important\">27,27<\/td>\n<td align=\"center !important\">20,20<\/td>\n<td align=\"center !important\">25,2<\/td>\n<td align=\"center !important\">6,66<\/td>\n<td align=\"center !important\">1740<\/td>\n<td align=\"center !important\">32,73<\/td>\n<td align=\"center !important\">24,24<\/td>\n<td align=\"center !important\">24mm<\/td>\n<td align=\"center !important\">1 in.<\/td>\n<td align=\"center !important\">55mm<\/td>\n<td align=\"center !important\">2.2 in.<\/td>\n<td align=\"center !important\">Sinistro\/Left<\/td>\n<td align=\"center !important\">16mm<\/td>\n<td align=\"center !important\">0.6 in.<\/td>\n<td align=\"center !important\">65\u00b0C-149\u00b0F<\/td>\n<td align=\"center !important\">0,2<\/td>\n<td align=\"center !important\">2,9<\/td>\n<td align=\"center !important\">1,2<\/td>\n<td align=\"center !important\">0,31<\/td>\n<td align=\"center !important\">G 1\/2<\/td>\n<td align=\"center !important\">G 3\/8<\/td>\n<td align=\"center !important\">20<\/td>\n<td align=\"center !important\">40<\/td>\n<\/tr>\n<\/tbody>\n<\/table>\n<\/div>\n","protected":false},"excerpt":{"rendered":"<p>POMPES MAZZONI HAUTE PRESSION<\/p>\n<p>Tiges de guidage surdimensionn\u00e9es et rectifi\u00e9es pour une r\u00e9duction du frottement pendant le glissement et une meilleure \u00e9tanch\u00e9it\u00e9 \u00e0 l\u2019huile.<br \/>\nArbre surdimensionn\u00e9 avec terminal pour une meilleure transmission du couple.<br \/>\nPistons en c\u00e9ramique \u00e9pais pour une plus grande durabilit\u00e9.<br \/>\nSoupapes d\u2019aspiration et de refoulement avec passages d\u2019eau plus grands.<br \/>\nBielles surdimensionn\u00e9es r\u00e9alis\u00e9es avec un alliage sp\u00e9cial antifriction.<br \/>\nT\u00eate de pompe en laiton forg\u00e9 avec conception pour une r\u00e9sistance \u00e9lev\u00e9e.<br \/>\nSyst\u00e8me de joint \u00e0 double joint.<br \/>\nRoulements \u00e0 rouleaux coniques de haute r\u00e9sistance<br \/>\nCorps de pompe robuste con\u00e7u pour r\u00e9sister au temps.<br \/>\nJoints en \\&#8221;U\\&#8221;<\/p>\n","protected":false},"featured_media":68365,"template":"","meta":{"zakra_page_container_layout":"customizer","zakra_page_sidebar_layout":"customizer","zakra_remove_content_margin":false,"zakra_sidebar":"customizer","zakra_transparent_header":"customizer","zakra_logo":0,"zakra_main_header_style":"default","zakra_menu_item_color":"","zakra_menu_item_hover_color":"","zakra_menu_item_active_color":"","zakra_menu_active_style":"","zakra_page_header":true},"product_brand":[],"product_cat":[3734],"product_tag":[3698],"class_list":{"0":"post-31016","1":"product","2":"type-product","3":"status-publish","4":"has-post-thumbnail","6":"product_cat-pompes-mazzoni","7":"product_tag-chantier_fr","9":"first","10":"instock","11":"shipping-taxable","12":"product-type-simple"},"yoast_head":"<!-- This site is optimized with the Yoast SEO plugin v27.5 - https:\/\/yoast.com\/product\/yoast-seo-wordpress\/ -->\n<title>XM - Mazzoni<\/title>\n<meta name=\"robots\" content=\"index, follow, max-snippet:-1, max-image-preview:large, max-video-preview:-1\" \/>\n<link rel=\"canonical\" href=\"https:\/\/e-mazzoni.it\/fr\/produit\/xm\/\" \/>\n<meta property=\"og:locale\" content=\"fr_FR\" \/>\n<meta property=\"og:type\" content=\"article\" \/>\n<meta property=\"og:title\" content=\"XM - Mazzoni\" \/>\n<meta property=\"og:description\" content=\"POMPES MAZZONI HAUTE PRESSION Tiges de guidage surdimensionn\u00e9es et rectifi\u00e9es pour une r\u00e9duction du frottement pendant le glissement et une meilleure \u00e9tanch\u00e9it\u00e9 \u00e0 l\u2019huile. Arbre surdimensionn\u00e9 avec terminal pour une meilleure transmission du couple. Pistons en c\u00e9ramique \u00e9pais pour une plus grande durabilit\u00e9. Soupapes d\u2019aspiration et de refoulement avec passages d\u2019eau plus grands. Bielles surdimensionn\u00e9es r\u00e9alis\u00e9es avec un alliage sp\u00e9cial antifriction. T\u00eate de pompe en laiton forg\u00e9 avec conception pour une r\u00e9sistance \u00e9lev\u00e9e. Syst\u00e8me de joint \u00e0 double joint. Roulements \u00e0 rouleaux coniques de haute r\u00e9sistance Corps de pompe robuste con\u00e7u pour r\u00e9sister au temps. Joints en &quot;U&quot;\" \/>\n<meta property=\"og:url\" content=\"https:\/\/e-mazzoni.it\/fr\/produit\/xm\/\" \/>\n<meta property=\"og:site_name\" content=\"Mazzoni\" \/>\n<meta property=\"article:modified_time\" content=\"2026-05-02T02:52:43+00:00\" \/>\n<meta property=\"og:image\" content=\"https:\/\/e-mazzoni.it\/wp-content\/uploads\/2026\/04\/DOC3201851071.jpg\" \/>\n\t<meta property=\"og:image:width\" content=\"800\" \/>\n\t<meta property=\"og:image:height\" content=\"800\" \/>\n\t<meta property=\"og:image:type\" content=\"image\/jpeg\" \/>\n<meta name=\"twitter:card\" content=\"summary_large_image\" \/>\n<meta name=\"twitter:label1\" content=\"Dur\u00e9e de lecture estim\u00e9e\" \/>\n\t<meta name=\"twitter:data1\" content=\"1 minute\" \/>\n<!-- \/ Yoast SEO plugin. -->","yoast_head_json":{"title":"XM - Mazzoni","robots":{"index":"index","follow":"follow","max-snippet":"max-snippet:-1","max-image-preview":"max-image-preview:large","max-video-preview":"max-video-preview:-1"},"canonical":"https:\/\/e-mazzoni.it\/fr\/produit\/xm\/","og_locale":"fr_FR","og_type":"article","og_title":"XM - Mazzoni","og_description":"POMPES MAZZONI HAUTE PRESSION Tiges de guidage surdimensionn\u00e9es et rectifi\u00e9es pour une r\u00e9duction du frottement pendant le glissement et une meilleure \u00e9tanch\u00e9it\u00e9 \u00e0 l\u2019huile. Arbre surdimensionn\u00e9 avec terminal pour une meilleure transmission du couple. Pistons en c\u00e9ramique \u00e9pais pour une plus grande durabilit\u00e9. Soupapes d\u2019aspiration et de refoulement avec passages d\u2019eau plus grands. Bielles surdimensionn\u00e9es r\u00e9alis\u00e9es avec un alliage sp\u00e9cial antifriction. T\u00eate de pompe en laiton forg\u00e9 avec conception pour une r\u00e9sistance \u00e9lev\u00e9e. Syst\u00e8me de joint \u00e0 double joint. Roulements \u00e0 rouleaux coniques de haute r\u00e9sistance Corps de pompe robuste con\u00e7u pour r\u00e9sister au temps. Joints en \"U\"","og_url":"https:\/\/e-mazzoni.it\/fr\/produit\/xm\/","og_site_name":"Mazzoni","article_modified_time":"2026-05-02T02:52:43+00:00","og_image":[{"width":800,"height":800,"url":"https:\/\/e-mazzoni.it\/wp-content\/uploads\/2026\/04\/DOC3201851071.jpg","type":"image\/jpeg"}],"twitter_card":"summary_large_image","twitter_misc":{"Dur\u00e9e de lecture estim\u00e9e":"1 minute"},"schema":{"@context":"https:\/\/schema.org","@graph":[{"@type":"WebPage","@id":"https:\/\/e-mazzoni.it\/fr\/produit\/xm\/","url":"https:\/\/e-mazzoni.it\/fr\/produit\/xm\/","name":"XM - Mazzoni","isPartOf":{"@id":"https:\/\/e-mazzoni.it\/fr\/#website"},"primaryImageOfPage":{"@id":"https:\/\/e-mazzoni.it\/fr\/produit\/xm\/#primaryimage"},"image":{"@id":"https:\/\/e-mazzoni.it\/fr\/produit\/xm\/#primaryimage"},"thumbnailUrl":"https:\/\/e-mazzoni.it\/wp-content\/uploads\/2026\/04\/DOC3201851071.jpg","datePublished":"2024-10-15T06:54:16+00:00","dateModified":"2026-05-02T02:52:43+00:00","breadcrumb":{"@id":"https:\/\/e-mazzoni.it\/fr\/produit\/xm\/#breadcrumb"},"inLanguage":"fr-FR","potentialAction":[{"@type":"ReadAction","target":["https:\/\/e-mazzoni.it\/fr\/produit\/xm\/"]}]},{"@type":"ImageObject","inLanguage":"fr-FR","@id":"https:\/\/e-mazzoni.it\/fr\/produit\/xm\/#primaryimage","url":"https:\/\/e-mazzoni.it\/wp-content\/uploads\/2026\/04\/DOC3201851071.jpg","contentUrl":"https:\/\/e-mazzoni.it\/wp-content\/uploads\/2026\/04\/DOC3201851071.jpg","width":800,"height":800},{"@type":"BreadcrumbList","@id":"https:\/\/e-mazzoni.it\/fr\/produit\/xm\/#breadcrumb","itemListElement":[{"@type":"ListItem","position":1,"name":"Home","item":"https:\/\/e-mazzoni.it\/fr\/"},{"@type":"ListItem","position":2,"name":"Produits","item":"https:\/\/e-mazzoni.it\/fr\/produits\/"},{"@type":"ListItem","position":3,"name":"XM"}]},{"@type":"WebSite","@id":"https:\/\/e-mazzoni.it\/fr\/#website","url":"https:\/\/e-mazzoni.it\/fr\/","name":"Mazzoni","description":"Mazzoni","publisher":{"@id":"https:\/\/e-mazzoni.it\/fr\/#organization"},"potentialAction":[{"@type":"SearchAction","target":{"@type":"EntryPoint","urlTemplate":"https:\/\/e-mazzoni.it\/fr\/?s={search_term_string}"},"query-input":{"@type":"PropertyValueSpecification","valueRequired":true,"valueName":"search_term_string"}}],"inLanguage":"fr-FR"},{"@type":"Organization","@id":"https:\/\/e-mazzoni.it\/fr\/#organization","name":"Mazzoni","url":"https:\/\/e-mazzoni.it\/fr\/","logo":{"@type":"ImageObject","inLanguage":"fr-FR","@id":"https:\/\/e-mazzoni.it\/fr\/#\/schema\/logo\/image\/","url":"https:\/\/e-mazzoni.it\/wp-content\/uploads\/2023\/07\/logo.png","contentUrl":"https:\/\/e-mazzoni.it\/wp-content\/uploads\/2023\/07\/logo.png","width":250,"height":109,"caption":"Mazzoni"},"image":{"@id":"https:\/\/e-mazzoni.it\/fr\/#\/schema\/logo\/image\/"}}]}},"_links":{"self":[{"href":"https:\/\/e-mazzoni.it\/fr\/wp-json\/wp\/v2\/product\/31016","targetHints":{"allow":["GET"]}}],"collection":[{"href":"https:\/\/e-mazzoni.it\/fr\/wp-json\/wp\/v2\/product"}],"about":[{"href":"https:\/\/e-mazzoni.it\/fr\/wp-json\/wp\/v2\/types\/product"}],"wp:featuredmedia":[{"embeddable":true,"href":"https:\/\/e-mazzoni.it\/fr\/wp-json\/wp\/v2\/media\/68365"}],"wp:attachment":[{"href":"https:\/\/e-mazzoni.it\/fr\/wp-json\/wp\/v2\/media?parent=31016"}],"wp:term":[{"taxonomy":"product_brand","embeddable":true,"href":"https:\/\/e-mazzoni.it\/fr\/wp-json\/wp\/v2\/product_brand?post=31016"},{"taxonomy":"product_cat","embeddable":true,"href":"https:\/\/e-mazzoni.it\/fr\/wp-json\/wp\/v2\/product_cat?post=31016"},{"taxonomy":"product_tag","embeddable":true,"href":"https:\/\/e-mazzoni.it\/fr\/wp-json\/wp\/v2\/product_tag?post=31016"}],"curies":[{"name":"wp","href":"https:\/\/api.w.org\/{rel}","templated":true}]}}