{"id":30180,"date":"2024-10-15T06:51:31","date_gmt":"2024-10-15T06:51:31","guid":{"rendered":"https:\/\/e-mazzoni.it\/prodotto\/chaudieres-maxi\/"},"modified":"2026-05-02T02:37:23","modified_gmt":"2026-05-02T02:37:23","slug":"chaudieres-maxi","status":"publish","type":"product","link":"https:\/\/e-mazzoni.it\/fr\/produit\/chaudieres-maxi\/","title":{"rendered":"CHAUDI\u00c8RES MAXI"},"content":{"rendered":"<p>Dans les chaudi\u00e8res Mazzoni, la serpentine a une \u00e9paisseur et une longueur \u00e9tudi\u00e9es pour permettre le rendement maximum en termes de chauffage de l\u2019eau, minimisant la consommation de combustible et maximisant la r\u00e9sistance. L\u2019enveloppe et le groupe br\u00fbleur sont en acier inoxydable, un fond isole parfaitement la chambre de combustion de l\u2019ext\u00e9rieur de la chaudi\u00e8re, la rendant s\u00fbre et fiable. CHAUDI\u00c8RE 40 L Structure en acier inoxydable Fond de chaudi\u00e8re en fibre c\u00e9ramique cuite et compress\u00e9e sous vide GROUPE FIAMMA Buse de carburant \u00c9lectrodes d\u2019allumage Tuyau de carburant en cuivre Support pr\u00e9vu pour le contr\u00f4le de la flamme POMPE DIESEL \u00c9lectrovanne int\u00e9gr\u00e9e Transformateur 2X5000V complet avec c\u00e2bles de connexion (400V) 2X14000V complet avec c\u00e2bles de connexion (220V) VENTILATEUR En aluminium MOTEUR DE VENTILATEUR IP 44, 230-400V, 50-60Hz, 2800-3200 tours par minute<\/p>\n<div>\n<table style=\"width: 100%\" border=\"1\" id=\"table_options\">\n<tbody>\n<tr>\n<th style=\"color: #fff\" bgcolor=\"#ea2833\">CODE<\/th>\n<th style=\"color: #fff\" bgcolor=\"#ea2833\">L\/MIN<\/th>\n<th style=\"color: #fff\" bgcolor=\"#ea2833\">GPM<\/th>\n<th style=\"color: #fff\" bgcolor=\"#ea2833\">BAR<\/th>\n<th style=\"color: #fff\" bgcolor=\"#ea2833\">PSI<\/th>\n<th style=\"color: #fff\" bgcolor=\"#ea2833\">VOLT<\/th>\n<th style=\"color: #fff\" bgcolor=\"#ea2833\">Hz<\/th>\n<th style=\"color: #fff\" bgcolor=\"#ea2833\">RENDEMENT (KW)<\/th>\n<th style=\"color: #fff\" bgcolor=\"#ea2833\">RENDEMENT (BTU)<\/th>\n<th style=\"color: #fff\" bgcolor=\"#ea2833\">LONGUEUR SERPENTINE (MT)<\/th>\n<th style=\"color: #fff\" bgcolor=\"#ea2833\">LONGUEUR SERPENTINE (FT)<\/th>\n<th style=\"color: #fff\" bgcolor=\"#ea2833\">\u00c9PAISSEUR SERPENTIN (MM)<\/th>\n<th style=\"color: #fff\" bgcolor=\"#ea2833\">\u00c9PAISSEUR SERPENTIN (INCH)<\/th>\n<th style=\"color: #fff\" bgcolor=\"#ea2833\">BUSE DIESEL<\/th>\n<th style=\"color: #fff\" bgcolor=\"#ea2833\">\u00c0 50 HZ<\/th>\n<th style=\"color: #fff\" bgcolor=\"#ea2833\">CONSOMMATION DE DIESEL (LT\/H)<\/th>\n<th style=\"color: #fff\" bgcolor=\"#ea2833\">CONSOMMATION DE DIESEL (GAL\/H)<\/th>\n<th style=\"color: #fff\" bgcolor=\"#ea2833\">KCAL\/H<\/th>\n<th style=\"color: #fff\" bgcolor=\"#ea2833\">MIN PRESSION ENTR\u00c9E (BAR)<\/th>\n<th style=\"color: #fff\" bgcolor=\"#ea2833\">MIN PRESSION ENTR\u00c9E (PSI)<\/th>\n<th style=\"color: #fff\" bgcolor=\"#ea2833\">INLET<\/th>\n<th style=\"color: #fff\" bgcolor=\"#ea2833\">OUTLET<\/th>\n<th style=\"color: #fff\" bgcolor=\"#ea2833\">POIDS NET (KG)<\/th>\n<th style=\"color: #fff\" bgcolor=\"#ea2833\">POIDS NET (LBS)<\/th>\n<th style=\"color: #fff\" bgcolor=\"#ea2833\">MAX TEMP\u00c9RATURE DE SORTIE<\/th>\n<th style=\"color: #fff\" bgcolor=\"#ea2833\">MAX TEMP\u00c9RATURE DE SORTIE (F)<\/th>\n<\/tr>\n<tr>\n<td align=\"center !important\">3.026.02.116<\/td>\n<td align=\"center !important\">40<\/td>\n<td align=\"center !important\">10,50<\/td>\n<td align=\"center !important\">500<\/td>\n<td align=\"center !important\">7251<\/td>\n<td align=\"center !important\">230<\/td>\n<td align=\"center !important\">50<\/td>\n<td align=\"center !important\">128<\/td>\n<td align=\"center !important\">536.000<\/td>\n<td align=\"center !important\">48<\/td>\n<td align=\"center !important\">157<\/td>\n<td align=\"center !important\">3<\/td>\n<td align=\"center !important\">0.1 in.<\/td>\n<td align=\"center !important\">3,5<\/td>\n<td align=\"center !important\">2,8<\/td>\n<td align=\"center !important\">13,23<\/td>\n<td align=\"center !important\">3,5<\/td>\n<td align=\"center !important\">135.000<\/td>\n<td align=\"center !important\">3<\/td>\n<td align=\"center !important\">43,50<\/td>\n<td align=\"center !important\">G 1\/2&#8243;<\/td>\n<td align=\"center !important\">G 1\/2&#8243;<\/td>\n<td align=\"center !important\">105<\/td>\n<td align=\"center !important\">231<\/td>\n<td align=\"center !important\">150\u00b0C<\/td>\n<td align=\"center !important\">302\u00b0F<\/td>\n<\/tr>\n<tr>\n<td align=\"center !important\">3.026.02.117<\/td>\n<td align=\"center !important\">40<\/td>\n<td align=\"center !important\">10,50<\/td>\n<td align=\"center !important\">500<\/td>\n<td align=\"center !important\">7251<\/td>\n<td align=\"center !important\">12<\/td>\n<td align=\"center !important\">DC<\/td>\n<td align=\"center !important\">128<\/td>\n<td align=\"center !important\">536.000<\/td>\n<td align=\"center !important\">48<\/td>\n<td align=\"center !important\">157<\/td>\n<td align=\"center !important\">3<\/td>\n<td align=\"center !important\">0.1 in.<\/td>\n<td align=\"center !important\">3,5<\/td>\n<td align=\"center !important\">61<\/td>\n<td align=\"center !important\">13,23<\/td>\n<td align=\"center !important\">3,5<\/td>\n<td align=\"center !important\">135.000<\/td>\n<td align=\"center !important\">20<\/td>\n<td align=\"center !important\">290<\/td>\n<td align=\"center !important\">G 1\/2&#8243;<\/td>\n<td align=\"center !important\">G 1\/2&#8243;<\/td>\n<td align=\"center !important\">105<\/td>\n<td align=\"center !important\">231<\/td>\n<td align=\"center !important\">150\u00b0C<\/td>\n<td align=\"center !important\">302\u00b0F<\/td>\n<\/tr>\n<tr>\n<td align=\"center !important\">3.026.02.118<\/td>\n<td align=\"center !important\">40<\/td>\n<td align=\"center !important\">10,50<\/td>\n<td align=\"center !important\">500<\/td>\n<td align=\"center !important\">7251<\/td>\n<td align=\"center !important\">24<\/td>\n<td align=\"center !important\">DC<\/td>\n<td align=\"center !important\">128<\/td>\n<td align=\"center !important\">536.000<\/td>\n<td align=\"center !important\">48<\/td>\n<td align=\"center !important\">157<\/td>\n<td align=\"center !important\">3<\/td>\n<td align=\"center !important\">0.1 in.<\/td>\n<td align=\"center !important\">3,5<\/td>\n<td align=\"center !important\">28,5<\/td>\n<td align=\"center !important\">13,23<\/td>\n<td align=\"center !important\">3,5<\/td>\n<td align=\"center !important\">135.000<\/td>\n<td align=\"center !important\">20<\/td>\n<td align=\"center !important\">43,50<\/td>\n<td align=\"center !important\">G 1\/2&#8243;<\/td>\n<td align=\"center !important\">G 1\/2&#8243;<\/td>\n<td align=\"center !important\">105<\/td>\n<td align=\"center !important\">231<\/td>\n<td align=\"center !important\">150\u00b0C<\/td>\n<td align=\"center !important\">302\u00b0F<\/td>\n<\/tr>\n<\/tbody>\n<\/table>\n<\/div>\n","protected":false},"excerpt":{"rendered":"<p>Chauffage maximal et niveau minimal d\u2019\u00e9missions de polluants d\u2019oxyde d\u2019azote dans l\u2019environnement. Les chaudi\u00e8res Mazzoni sont synonymes de s\u00e9curit\u00e9 et de qualit\u00e9 garantie par des mat\u00e9riaux de premier choix et un dimensionnement \u00e9tudi\u00e9 pour obtenir le rendement calorifique maximal, avec un \u0153il attentif aux \u00e9conomies d\u2019\u00e9nergie et aux nouvelles normes environnementales et de s\u00e9curit\u00e9. *** Pour le montage de chaudi\u00e8res sur des v\u00e9hicules soumis \u00e0 des vibrations et oscillations, nous recommandons la chaudi\u00e8re avec l\u2019anneau de centrage pour le blocage du serpentin<\/p>\n","protected":false},"featured_media":68175,"template":"","meta":{"zakra_page_container_layout":"customizer","zakra_page_sidebar_layout":"customizer","zakra_remove_content_margin":false,"zakra_sidebar":"customizer","zakra_transparent_header":"customizer","zakra_logo":0,"zakra_main_header_style":"default","zakra_menu_item_color":"","zakra_menu_item_hover_color":"","zakra_menu_item_active_color":"","zakra_menu_active_style":"","zakra_page_header":true},"product_brand":[],"product_cat":[3632],"product_tag":[3650,3666,3698,3682,3706,3642,3658],"class_list":{"0":"post-30180","1":"product","2":"type-product","3":"status-publish","4":"has-post-thumbnail","6":"product_cat-chaudieres-diesel","7":"product_tag-agriculture_fr","8":"product_tag-alimentaire_fr","9":"product_tag-chantier_fr","10":"product_tag-construction_fr","11":"product_tag-industrie_lourde_fr","12":"product_tag-lavage_fr","13":"product_tag-station_de_lavage_fr","15":"first","16":"instock","17":"shipping-taxable","18":"product-type-simple"},"yoast_head":"<!-- This site is optimized with the Yoast SEO plugin v27.5 - https:\/\/yoast.com\/product\/yoast-seo-wordpress\/ -->\n<title>CHAUDI\u00c8RES MAXI - Mazzoni<\/title>\n<meta name=\"robots\" content=\"index, follow, max-snippet:-1, max-image-preview:large, max-video-preview:-1\" \/>\n<link rel=\"canonical\" href=\"https:\/\/e-mazzoni.it\/fr\/produit\/chaudieres-maxi\/\" \/>\n<meta property=\"og:locale\" content=\"fr_FR\" \/>\n<meta property=\"og:type\" content=\"article\" \/>\n<meta property=\"og:title\" content=\"CHAUDI\u00c8RES MAXI - Mazzoni\" \/>\n<meta property=\"og:description\" content=\"Chauffage maximal et niveau minimal d\u2019\u00e9missions de polluants d\u2019oxyde d\u2019azote dans l\u2019environnement. Les chaudi\u00e8res Mazzoni sont synonymes de s\u00e9curit\u00e9 et de qualit\u00e9 garantie par des mat\u00e9riaux de premier choix et un dimensionnement \u00e9tudi\u00e9 pour obtenir le rendement calorifique maximal, avec un \u0153il attentif aux \u00e9conomies d\u2019\u00e9nergie et aux nouvelles normes environnementales et de s\u00e9curit\u00e9. *** Pour le montage de chaudi\u00e8res sur des v\u00e9hicules soumis \u00e0 des vibrations et oscillations, nous recommandons la chaudi\u00e8re avec l\u2019anneau de centrage pour le blocage du serpentin\" \/>\n<meta property=\"og:url\" content=\"https:\/\/e-mazzoni.it\/fr\/produit\/chaudieres-maxi\/\" \/>\n<meta property=\"og:site_name\" content=\"Mazzoni\" \/>\n<meta property=\"article:modified_time\" content=\"2026-05-02T02:37:23+00:00\" \/>\n<meta property=\"og:image\" content=\"https:\/\/e-mazzoni.it\/wp-content\/uploads\/2026\/04\/DOC3314752979.jpg\" \/>\n\t<meta property=\"og:image:width\" content=\"800\" \/>\n\t<meta property=\"og:image:height\" content=\"800\" \/>\n\t<meta property=\"og:image:type\" content=\"image\/jpeg\" \/>\n<meta name=\"twitter:card\" content=\"summary_large_image\" \/>\n<meta name=\"twitter:label1\" content=\"Dur\u00e9e de lecture estim\u00e9e\" \/>\n\t<meta name=\"twitter:data1\" content=\"1 minute\" \/>\n<!-- \/ Yoast SEO plugin. -->","yoast_head_json":{"title":"CHAUDI\u00c8RES MAXI - Mazzoni","robots":{"index":"index","follow":"follow","max-snippet":"max-snippet:-1","max-image-preview":"max-image-preview:large","max-video-preview":"max-video-preview:-1"},"canonical":"https:\/\/e-mazzoni.it\/fr\/produit\/chaudieres-maxi\/","og_locale":"fr_FR","og_type":"article","og_title":"CHAUDI\u00c8RES MAXI - Mazzoni","og_description":"Chauffage maximal et niveau minimal d\u2019\u00e9missions de polluants d\u2019oxyde d\u2019azote dans l\u2019environnement. Les chaudi\u00e8res Mazzoni sont synonymes de s\u00e9curit\u00e9 et de qualit\u00e9 garantie par des mat\u00e9riaux de premier choix et un dimensionnement \u00e9tudi\u00e9 pour obtenir le rendement calorifique maximal, avec un \u0153il attentif aux \u00e9conomies d\u2019\u00e9nergie et aux nouvelles normes environnementales et de s\u00e9curit\u00e9. *** Pour le montage de chaudi\u00e8res sur des v\u00e9hicules soumis \u00e0 des vibrations et oscillations, nous recommandons la chaudi\u00e8re avec l\u2019anneau de centrage pour le blocage du serpentin","og_url":"https:\/\/e-mazzoni.it\/fr\/produit\/chaudieres-maxi\/","og_site_name":"Mazzoni","article_modified_time":"2026-05-02T02:37:23+00:00","og_image":[{"width":800,"height":800,"url":"https:\/\/e-mazzoni.it\/wp-content\/uploads\/2026\/04\/DOC3314752979.jpg","type":"image\/jpeg"}],"twitter_card":"summary_large_image","twitter_misc":{"Dur\u00e9e de lecture estim\u00e9e":"1 minute"},"schema":{"@context":"https:\/\/schema.org","@graph":[{"@type":"WebPage","@id":"https:\/\/e-mazzoni.it\/fr\/produit\/chaudieres-maxi\/","url":"https:\/\/e-mazzoni.it\/fr\/produit\/chaudieres-maxi\/","name":"CHAUDI\u00c8RES MAXI - Mazzoni","isPartOf":{"@id":"https:\/\/e-mazzoni.it\/fr\/#website"},"primaryImageOfPage":{"@id":"https:\/\/e-mazzoni.it\/fr\/produit\/chaudieres-maxi\/#primaryimage"},"image":{"@id":"https:\/\/e-mazzoni.it\/fr\/produit\/chaudieres-maxi\/#primaryimage"},"thumbnailUrl":"https:\/\/e-mazzoni.it\/wp-content\/uploads\/2026\/04\/DOC3314752979.jpg","datePublished":"2024-10-15T06:51:31+00:00","dateModified":"2026-05-02T02:37:23+00:00","breadcrumb":{"@id":"https:\/\/e-mazzoni.it\/fr\/produit\/chaudieres-maxi\/#breadcrumb"},"inLanguage":"fr-FR","potentialAction":[{"@type":"ReadAction","target":["https:\/\/e-mazzoni.it\/fr\/produit\/chaudieres-maxi\/"]}]},{"@type":"ImageObject","inLanguage":"fr-FR","@id":"https:\/\/e-mazzoni.it\/fr\/produit\/chaudieres-maxi\/#primaryimage","url":"https:\/\/e-mazzoni.it\/wp-content\/uploads\/2026\/04\/DOC3314752979.jpg","contentUrl":"https:\/\/e-mazzoni.it\/wp-content\/uploads\/2026\/04\/DOC3314752979.jpg","width":800,"height":800},{"@type":"BreadcrumbList","@id":"https:\/\/e-mazzoni.it\/fr\/produit\/chaudieres-maxi\/#breadcrumb","itemListElement":[{"@type":"ListItem","position":1,"name":"Home","item":"https:\/\/e-mazzoni.it\/fr\/"},{"@type":"ListItem","position":2,"name":"Produits","item":"https:\/\/e-mazzoni.it\/fr\/produits\/"},{"@type":"ListItem","position":3,"name":"CHAUDI\u00c8RES MAXI"}]},{"@type":"WebSite","@id":"https:\/\/e-mazzoni.it\/fr\/#website","url":"https:\/\/e-mazzoni.it\/fr\/","name":"Mazzoni","description":"Mazzoni","publisher":{"@id":"https:\/\/e-mazzoni.it\/fr\/#organization"},"potentialAction":[{"@type":"SearchAction","target":{"@type":"EntryPoint","urlTemplate":"https:\/\/e-mazzoni.it\/fr\/?s={search_term_string}"},"query-input":{"@type":"PropertyValueSpecification","valueRequired":true,"valueName":"search_term_string"}}],"inLanguage":"fr-FR"},{"@type":"Organization","@id":"https:\/\/e-mazzoni.it\/fr\/#organization","name":"Mazzoni","url":"https:\/\/e-mazzoni.it\/fr\/","logo":{"@type":"ImageObject","inLanguage":"fr-FR","@id":"https:\/\/e-mazzoni.it\/fr\/#\/schema\/logo\/image\/","url":"https:\/\/e-mazzoni.it\/wp-content\/uploads\/2023\/07\/logo.png","contentUrl":"https:\/\/e-mazzoni.it\/wp-content\/uploads\/2023\/07\/logo.png","width":250,"height":109,"caption":"Mazzoni"},"image":{"@id":"https:\/\/e-mazzoni.it\/fr\/#\/schema\/logo\/image\/"}}]}},"_links":{"self":[{"href":"https:\/\/e-mazzoni.it\/fr\/wp-json\/wp\/v2\/product\/30180","targetHints":{"allow":["GET"]}}],"collection":[{"href":"https:\/\/e-mazzoni.it\/fr\/wp-json\/wp\/v2\/product"}],"about":[{"href":"https:\/\/e-mazzoni.it\/fr\/wp-json\/wp\/v2\/types\/product"}],"wp:featuredmedia":[{"embeddable":true,"href":"https:\/\/e-mazzoni.it\/fr\/wp-json\/wp\/v2\/media\/68175"}],"wp:attachment":[{"href":"https:\/\/e-mazzoni.it\/fr\/wp-json\/wp\/v2\/media?parent=30180"}],"wp:term":[{"taxonomy":"product_brand","embeddable":true,"href":"https:\/\/e-mazzoni.it\/fr\/wp-json\/wp\/v2\/product_brand?post=30180"},{"taxonomy":"product_cat","embeddable":true,"href":"https:\/\/e-mazzoni.it\/fr\/wp-json\/wp\/v2\/product_cat?post=30180"},{"taxonomy":"product_tag","embeddable":true,"href":"https:\/\/e-mazzoni.it\/fr\/wp-json\/wp\/v2\/product_tag?post=30180"}],"curies":[{"name":"wp","href":"https:\/\/api.w.org\/{rel}","templated":true}]}}